{"id":3133,"date":"2018-04-06T09:28:40","date_gmt":"2018-04-06T08:28:40","guid":{"rendered":"https:\/\/www.brokk.com\/GreatBritain\/about-brokk_global_template\/history_global_template\/"},"modified":"2020-10-21T11:38:45","modified_gmt":"2020-10-21T00:38:45","slug":"history","status":"publish","type":"page","link":"https:\/\/www.brokk.com\/au\/about-brokk\/history\/","title":{"rendered":"History"},"content":{"rendered":"<p>It all started at a metal processing plant outside Skellefte\u00e5 called R\u00f6nnsk\u00e4rsverken that needed one of their lead furnaces cleaned out. In the 70s, this was heavy and dangerous manual work. Protected by blocks of wood under their feet and masks on their faces, workers were required to crawl into the still hot furnace and chip out slag and brick using handheld tools. In those days, the demolition industry was underdeveloped, until two entrepreneurial brothers, Lars and Per-Martin Holmgren, saw an opportunity to improve upon the safety and efficiency of demolition.<\/p>\n<h4>FROM PROTOTYPE TO PRODUCT<\/h4>\n<p>The Holmgren brothers saw a need and envisioned a machine that had the potential to eliminate the risks faced by demolition workers. Their original prototype was pieced together from parts of other machines and became the first in the industry to utilize a remote-controlled system. The ability to control a machine from a distance protected workers from hazardous environments and cut the time needed to complete a job in half.<\/p>\n<p>Over the years our product has been and continues to be upgraded and refined, but many of the original ideas remain constant. These ideas form the foundation of today\u2019s Brokk machine.<\/p>\n<h4>HOW BROKK GOT ITS NAME<\/h4>\n<p>The company was further strengthened when B\u00f6rje Hedlund joined the company as a business partner. By this time the Brokk 250 was in production and the company had a commercially viable product to take to the market, but they struggled to come up with a brand name that was as unique and powerful as their machine. Inspired by Nordic mythology, the founders eventually decided to call their new company \u201cBrokk,\u201d named after a dwarf who was thought to have forged the hammer of Thor. The dwarf known as Brokk was small, powerful, and unbeatable, making him the perfect namesake for our machines.<\/p>\n<p>To this day, Brokk machines continue to be utilized at the very same smelter as in 1976. However, the scope of Brokk no longer ends there. Today, there are Brokk robots making workplaces safer and more efficient all around the world.<\/p>\n<p><img loading=\"lazy\" decoding=\"async\" class=\"alignnone size-medium wp-image-532\" src=\"https:\/\/www.brokk.com\/uploads\/2018\/03\/1981_first-serial-produced-brokk-250-720x480.jpg\" alt=\"Brokk 250, 1981\" width=\"720\" height=\"480\" srcset=\"https:\/\/www.brokk.com\/au\/uploads\/2018\/03\/1981_first-serial-produced-brokk-250-720x480.jpg 720w, https:\/\/www.brokk.com\/au\/uploads\/2018\/03\/1981_first-serial-produced-brokk-250-420x280.jpg 420w, https:\/\/www.brokk.com\/au\/uploads\/2018\/03\/1981_first-serial-produced-brokk-250-768x512.jpg 768w, https:\/\/www.brokk.com\/au\/uploads\/2018\/03\/1981_first-serial-produced-brokk-250-1280x853.jpg 1280w, https:\/\/www.brokk.com\/au\/uploads\/2018\/03\/1981_first-serial-produced-brokk-250-480x320.jpg 480w, https:\/\/www.brokk.com\/au\/uploads\/2018\/03\/1981_first-serial-produced-brokk-250-48x32.jpg 48w, https:\/\/www.brokk.com\/au\/uploads\/2018\/03\/1981_first-serial-produced-brokk-250.jpg 1440w\" sizes=\"auto, (max-width: 720px) 100vw, 720px\" \/><\/p>\n<p>Brokk 250, the first serial produced Brokk robot.<\/p>\n<p>&nbsp;<\/p>\n<h3>BROKK MILESTONES<\/h3>\n<ul>\n<li><strong>1976:<\/strong>\u00a0The companies, PE Holmgren &amp; Rivteknik develop the world\u2019s first demolition robot in Skellefte\u00e5, Sweden.<\/li>\n<li><strong>1981:<\/strong>\u00a0The first mass produced remote controlled demolition machine, the Brokk 250, hits the market.<\/li>\n<li><strong>1987:<\/strong>\u00a0Another legendary remote controlled machines is released, the first Brokk 100.<\/li>\n<li><strong>1994:<\/strong>\u00a0The first Brokk 110 and Brokk 150 are released. 1,000 Brokk machines delivered.<\/li>\n<li><strong>2000:<\/strong>\u00a0The first international subsidiaries established in the USA and UK.<\/li>\n<li><strong>2005:<\/strong>\u00a0Brokk opens office in China.<\/li>\n<li><strong>2006:<\/strong>\u00a0Brokk acquires Darda in Germany, the world\u2019s leading manufacturer of compact crusher attachments, splitters and other tools.<\/li>\n<li><strong>2007-2010:<\/strong>\u00a0Intense product development, with the introduction of Brokk 50, Brokk 400, Brokk 260 and Brokk 160.<\/li>\n<li><strong>2011:<\/strong>\u00a0The biggest Brokk-robot ever, Brokk 800, sees the light of day.<\/li>\n<li><strong>2012:<\/strong>\u00a0Brokk acquires Ahlberg Cameras, the world\u2019s leading supplier of camera equipment for the nuclear industry.<\/li>\n<li><strong>2014:<\/strong>\u00a0Brokk\u2019s owner, Lifco, is listed on the Nasdaq OMX stock exchange.<\/li>\n<li><strong>2016:<\/strong>\u00a0Brokk celebrates 40 years of relentless innovation.<\/li>\n<li><strong>2016:<\/strong>\u00a0Brokk acquires Aquajet Systems, the world\u2019s leading manufacturer of hydrodemolition robots and equipment.<\/li>\n<li><strong>2010-2017:\u00a0<\/strong>High-pace international expansion sees the establishment of Brokk Australia, Brokk France, Brokk Italia, Brokk China, Brokk Norway, Brokk Switzerland, Brokk Benelux and Brokk Middle East.<\/li>\n<li><strong>2011-2017:<\/strong>\u00a0Industry-leading product development pace generates Brokk 100, Brokk 60, Brokk 120D, Brokk 110, Brokk 280 and Brokk 500.<\/li>\n<li><strong>2017:<\/strong>\u00a0Brokk introduces SmartPower\u2122, the world\u2019s most intelligent power system, purpose-built for heavy duty demolition robots.<\/li>\n<li><strong>2018:<\/strong>\u00a0Brokk unveils four new machines \u2013 Brokk 170, Brokk 200, Brokk 300 and Brokk 520D.<\/li>\n<li><strong>2018:<\/strong>\u00a0Brokk introduces Brokk SmartConcept, consisting of the next generation of SmartPower\u2122, SmartDesign\u2122 and SmartRemote\u2122.<\/li>\n<li><strong>2018:<\/strong>\u00a0A new service and support concept reaches the market, called Brokk UpTime\u2122.<\/li>\n<\/ul>\n","protected":false},"excerpt":{"rendered":"<p>It all started at a metal processing plant outside Skellefte\u00e5 called R\u00f6nnsk\u00e4rsverken that needed one of their lead furnaces cleaned out. In the 70s, this was heavy and dangerous manual work. Protected by blocks of wood under their feet and\u2026<\/p>\n","protected":false},"author":41,"featured_media":0,"parent":3125,"menu_order":70,"comment_status":"closed","ping_status":"closed","template":"page-templates\/common.php","meta":{"_acf_changed":false,"_relevanssi_hide_post":"","_relevanssi_hide_content":"","_relevanssi_pin_for_all":"","_relevanssi_pin_keywords":"","_relevanssi_unpin_keywords":"","_relevanssi_related_keywords":"","_relevanssi_related_include_ids":"","_relevanssi_related_exclude_ids":"","_relevanssi_related_no_append":"","_relevanssi_related_not_related":"","_relevanssi_related_posts":"","_relevanssi_noindex_reason":"","footnotes":""},"class_list":["post-3133","page","type-page","status-publish","hentry"],"acf":[],"yoast_head":"<!-- This site is optimized with the Yoast SEO plugin v27.3 - https:\/\/yoast.com\/product\/yoast-seo-wordpress\/ -->\n<title>History - Brokk Australia<\/title>\n<meta name=\"robots\" content=\"index, follow, max-snippet:-1, max-image-preview:large, max-video-preview:-1\" \/>\n<link rel=\"canonical\" href=\"https:\/\/www.brokk.com\/au\/about-brokk\/history\/\" \/>\n<meta property=\"og:locale\" content=\"en_US\" \/>\n<meta property=\"og:type\" content=\"article\" \/>\n<meta property=\"og:title\" content=\"History - Brokk Australia\" \/>\n<meta property=\"og:description\" content=\"It all started at a metal processing plant outside Skellefte\u00e5 called R\u00f6nnsk\u00e4rsverken that needed one of their lead furnaces cleaned out. In the 70s, this was heavy and dangerous manual work. Protected by blocks of wood under their feet and\u2026\" \/>\n<meta property=\"og:url\" content=\"https:\/\/www.brokk.com\/au\/about-brokk\/history\/\" \/>\n<meta property=\"og:site_name\" content=\"Brokk Australia\" \/>\n<meta property=\"article:publisher\" content=\"https:\/\/www.facebook.com\/brokkaustralia1\/\" \/>\n<meta property=\"article:modified_time\" content=\"2020-10-21T00:38:45+00:00\" \/>\n<meta property=\"og:image\" content=\"https:\/\/www.brokk.com\/au\/uploads\/sites\/5\/2018\/03\/history-brokk250_hero.jpg\" \/>\n\t<meta property=\"og:image:width\" content=\"2560\" \/>\n\t<meta property=\"og:image:height\" content=\"1096\" \/>\n\t<meta property=\"og:image:type\" content=\"image\/jpeg\" \/>\n<meta name=\"twitter:card\" content=\"summary_large_image\" \/>\n<meta name=\"twitter:label1\" content=\"Est. reading time\" \/>\n\t<meta name=\"twitter:data1\" content=\"3 minutes\" \/>\n<script type=\"application\/ld+json\" class=\"yoast-schema-graph\">{\"@context\":\"https:\\\/\\\/schema.org\",\"@graph\":[{\"@type\":\"WebPage\",\"@id\":\"https:\\\/\\\/www.brokk.com\\\/au\\\/about-brokk\\\/history\\\/\",\"url\":\"https:\\\/\\\/www.brokk.com\\\/au\\\/about-brokk\\\/history\\\/\",\"name\":\"History - Brokk Australia\",\"isPartOf\":{\"@id\":\"https:\\\/\\\/www.brokk.com\\\/au\\\/#website\"},\"primaryImageOfPage\":{\"@id\":\"https:\\\/\\\/www.brokk.com\\\/au\\\/about-brokk\\\/history\\\/#primaryimage\"},\"image\":{\"@id\":\"https:\\\/\\\/www.brokk.com\\\/au\\\/about-brokk\\\/history\\\/#primaryimage\"},\"thumbnailUrl\":\"https:\\\/\\\/www.brokk.com\\\/uploads\\\/2018\\\/03\\\/1981_first-serial-produced-brokk-250-720x480.jpg\",\"datePublished\":\"2018-04-06T08:28:40+00:00\",\"dateModified\":\"2020-10-21T00:38:45+00:00\",\"breadcrumb\":{\"@id\":\"https:\\\/\\\/www.brokk.com\\\/au\\\/about-brokk\\\/history\\\/#breadcrumb\"},\"inLanguage\":\"en-AU\",\"potentialAction\":[{\"@type\":\"ReadAction\",\"target\":[\"https:\\\/\\\/www.brokk.com\\\/au\\\/about-brokk\\\/history\\\/\"]}]},{\"@type\":\"ImageObject\",\"inLanguage\":\"en-AU\",\"@id\":\"https:\\\/\\\/www.brokk.com\\\/au\\\/about-brokk\\\/history\\\/#primaryimage\",\"url\":\"https:\\\/\\\/www.brokk.com\\\/uploads\\\/2018\\\/03\\\/1981_first-serial-produced-brokk-250-720x480.jpg\",\"contentUrl\":\"https:\\\/\\\/www.brokk.com\\\/uploads\\\/2018\\\/03\\\/1981_first-serial-produced-brokk-250-720x480.jpg\"},{\"@type\":\"BreadcrumbList\",\"@id\":\"https:\\\/\\\/www.brokk.com\\\/au\\\/about-brokk\\\/history\\\/#breadcrumb\",\"itemListElement\":[{\"@type\":\"ListItem\",\"position\":1,\"name\":\"Home\",\"item\":\"https:\\\/\\\/www.brokk.com\\\/au\\\/\"},{\"@type\":\"ListItem\",\"position\":2,\"name\":\"About Brokk\",\"item\":\"https:\\\/\\\/www.brokk.com\\\/au\\\/about-brokk\\\/\"},{\"@type\":\"ListItem\",\"position\":3,\"name\":\"History\"}]},{\"@type\":\"WebSite\",\"@id\":\"https:\\\/\\\/www.brokk.com\\\/au\\\/#website\",\"url\":\"https:\\\/\\\/www.brokk.com\\\/au\\\/\",\"name\":\"Brokk Australia\",\"description\":\"High performance demolition robots in Australia, with wide range of machine models\",\"publisher\":{\"@id\":\"https:\\\/\\\/www.brokk.com\\\/au\\\/#organization\"},\"potentialAction\":[{\"@type\":\"SearchAction\",\"target\":{\"@type\":\"EntryPoint\",\"urlTemplate\":\"https:\\\/\\\/www.brokk.com\\\/au\\\/?s={search_term_string}\"},\"query-input\":{\"@type\":\"PropertyValueSpecification\",\"valueRequired\":true,\"valueName\":\"search_term_string\"}}],\"inLanguage\":\"en-AU\"},{\"@type\":\"Organization\",\"@id\":\"https:\\\/\\\/www.brokk.com\\\/au\\\/#organization\",\"name\":\"Brokk Australia\",\"url\":\"https:\\\/\\\/www.brokk.com\\\/au\\\/\",\"logo\":{\"@type\":\"ImageObject\",\"inLanguage\":\"en-AU\",\"@id\":\"https:\\\/\\\/www.brokk.com\\\/au\\\/#\\\/schema\\\/logo\\\/image\\\/\",\"url\":\"https:\\\/\\\/www.brokk.com\\\/au\\\/uploads\\\/sites\\\/2\\\/2020\\\/10\\\/brokk_australia_bw-transparent.png\",\"contentUrl\":\"https:\\\/\\\/www.brokk.com\\\/au\\\/uploads\\\/sites\\\/2\\\/2020\\\/10\\\/brokk_australia_bw-transparent.png\",\"width\":600,\"height\":202,\"caption\":\"Brokk Australia\"},\"image\":{\"@id\":\"https:\\\/\\\/www.brokk.com\\\/au\\\/#\\\/schema\\\/logo\\\/image\\\/\"},\"sameAs\":[\"https:\\\/\\\/www.facebook.com\\\/brokkaustralia1\\\/\",\"https:\\\/\\\/www.instagram.com\\\/brokkaustralia\\\/\",\"https:\\\/\\\/www.linkedin.com\\\/company\\\/brokk-australia-pty-ltd\\\/\"]}]}<\/script>\n<!-- \/ Yoast SEO plugin. -->","yoast_head_json":{"title":"History - Brokk Australia","robots":{"index":"index","follow":"follow","max-snippet":"max-snippet:-1","max-image-preview":"max-image-preview:large","max-video-preview":"max-video-preview:-1"},"canonical":"https:\/\/www.brokk.com\/au\/about-brokk\/history\/","og_locale":"en_US","og_type":"article","og_title":"History - Brokk Australia","og_description":"It all started at a metal processing plant outside Skellefte\u00e5 called R\u00f6nnsk\u00e4rsverken that needed one of their lead furnaces cleaned out. In the 70s, this was heavy and dangerous manual work. Protected by blocks of wood under their feet and\u2026","og_url":"https:\/\/www.brokk.com\/au\/about-brokk\/history\/","og_site_name":"Brokk Australia","article_publisher":"https:\/\/www.facebook.com\/brokkaustralia1\/","article_modified_time":"2020-10-21T00:38:45+00:00","og_image":[{"width":2560,"height":1096,"url":"https:\/\/www.brokk.com\/au\/uploads\/sites\/5\/2018\/03\/history-brokk250_hero.jpg","type":"image\/jpeg"}],"twitter_card":"summary_large_image","twitter_misc":{"Est. reading time":"3 minutes"},"schema":{"@context":"https:\/\/schema.org","@graph":[{"@type":"WebPage","@id":"https:\/\/www.brokk.com\/au\/about-brokk\/history\/","url":"https:\/\/www.brokk.com\/au\/about-brokk\/history\/","name":"History - Brokk Australia","isPartOf":{"@id":"https:\/\/www.brokk.com\/au\/#website"},"primaryImageOfPage":{"@id":"https:\/\/www.brokk.com\/au\/about-brokk\/history\/#primaryimage"},"image":{"@id":"https:\/\/www.brokk.com\/au\/about-brokk\/history\/#primaryimage"},"thumbnailUrl":"https:\/\/www.brokk.com\/uploads\/2018\/03\/1981_first-serial-produced-brokk-250-720x480.jpg","datePublished":"2018-04-06T08:28:40+00:00","dateModified":"2020-10-21T00:38:45+00:00","breadcrumb":{"@id":"https:\/\/www.brokk.com\/au\/about-brokk\/history\/#breadcrumb"},"inLanguage":"en-AU","potentialAction":[{"@type":"ReadAction","target":["https:\/\/www.brokk.com\/au\/about-brokk\/history\/"]}]},{"@type":"ImageObject","inLanguage":"en-AU","@id":"https:\/\/www.brokk.com\/au\/about-brokk\/history\/#primaryimage","url":"https:\/\/www.brokk.com\/uploads\/2018\/03\/1981_first-serial-produced-brokk-250-720x480.jpg","contentUrl":"https:\/\/www.brokk.com\/uploads\/2018\/03\/1981_first-serial-produced-brokk-250-720x480.jpg"},{"@type":"BreadcrumbList","@id":"https:\/\/www.brokk.com\/au\/about-brokk\/history\/#breadcrumb","itemListElement":[{"@type":"ListItem","position":1,"name":"Home","item":"https:\/\/www.brokk.com\/au\/"},{"@type":"ListItem","position":2,"name":"About Brokk","item":"https:\/\/www.brokk.com\/au\/about-brokk\/"},{"@type":"ListItem","position":3,"name":"History"}]},{"@type":"WebSite","@id":"https:\/\/www.brokk.com\/au\/#website","url":"https:\/\/www.brokk.com\/au\/","name":"Brokk Australia","description":"High performance demolition robots in Australia, with wide range of machine models","publisher":{"@id":"https:\/\/www.brokk.com\/au\/#organization"},"potentialAction":[{"@type":"SearchAction","target":{"@type":"EntryPoint","urlTemplate":"https:\/\/www.brokk.com\/au\/?s={search_term_string}"},"query-input":{"@type":"PropertyValueSpecification","valueRequired":true,"valueName":"search_term_string"}}],"inLanguage":"en-AU"},{"@type":"Organization","@id":"https:\/\/www.brokk.com\/au\/#organization","name":"Brokk Australia","url":"https:\/\/www.brokk.com\/au\/","logo":{"@type":"ImageObject","inLanguage":"en-AU","@id":"https:\/\/www.brokk.com\/au\/#\/schema\/logo\/image\/","url":"https:\/\/www.brokk.com\/au\/uploads\/sites\/2\/2020\/10\/brokk_australia_bw-transparent.png","contentUrl":"https:\/\/www.brokk.com\/au\/uploads\/sites\/2\/2020\/10\/brokk_australia_bw-transparent.png","width":600,"height":202,"caption":"Brokk Australia"},"image":{"@id":"https:\/\/www.brokk.com\/au\/#\/schema\/logo\/image\/"},"sameAs":["https:\/\/www.facebook.com\/brokkaustralia1\/","https:\/\/www.instagram.com\/brokkaustralia\/","https:\/\/www.linkedin.com\/company\/brokk-australia-pty-ltd\/"]}]}},"_links":{"self":[{"href":"https:\/\/www.brokk.com\/au\/wp-json\/wp\/v2\/pages\/3133","targetHints":{"allow":["GET"]}}],"collection":[{"href":"https:\/\/www.brokk.com\/au\/wp-json\/wp\/v2\/pages"}],"about":[{"href":"https:\/\/www.brokk.com\/au\/wp-json\/wp\/v2\/types\/page"}],"author":[{"embeddable":true,"href":"https:\/\/www.brokk.com\/au\/wp-json\/wp\/v2\/users\/41"}],"replies":[{"embeddable":true,"href":"https:\/\/www.brokk.com\/au\/wp-json\/wp\/v2\/comments?post=3133"}],"version-history":[{"count":4,"href":"https:\/\/www.brokk.com\/au\/wp-json\/wp\/v2\/pages\/3133\/revisions"}],"predecessor-version":[{"id":3689,"href":"https:\/\/www.brokk.com\/au\/wp-json\/wp\/v2\/pages\/3133\/revisions\/3689"}],"up":[{"embeddable":true,"href":"https:\/\/www.brokk.com\/au\/wp-json\/wp\/v2\/pages\/3125"}],"wp:attachment":[{"href":"https:\/\/www.brokk.com\/au\/wp-json\/wp\/v2\/media?parent=3133"}],"curies":[{"name":"wp","href":"https:\/\/api.w.org\/{rel}","templated":true}]}}