{"id":4472,"date":"2018-06-29T09:17:26","date_gmt":"2018-06-29T08:17:26","guid":{"rendered":"https:\/\/www.brokk.com\/ch\/catalogue\/"},"modified":"2025-04-11T17:07:01","modified_gmt":"2025-04-11T16:07:01","slug":"catalogue","status":"publish","type":"page","link":"https:\/\/www.brokk.com\/ch\/catalogue\/","title":{"rendered":"Der Brokk Katalog"},"content":{"rendered":"<p>In unserem aktuellen Katalog finden Sie das komplette Angebot an Brokk-Robotern und Anbauger\u00e4ten. Au\u00dferdem k\u00f6nnen Sie sich \u00fcber die Geschichte und Innovationen von Brokk informieren. F\u00fcllen Sie das Formular aus und wir senden Ihnen einen Link zum kostenlosen Download des Katalogs.<\/p>\n\n<div class=\"wpcf7 no-js\" id=\"wpcf7-f972-o1\" lang=\"en-US\" dir=\"ltr\" data-wpcf7-id=\"972\">\n<div class=\"screen-reader-response\"><p role=\"status\" aria-live=\"polite\" aria-atomic=\"true\"><\/p> <ul><\/ul><\/div>\n<form action=\"\/ch\/wp-json\/wp\/v2\/pages\/4472#wpcf7-f972-o1\" method=\"post\" class=\"wpcf7-form init\" aria-label=\"Contact form\" novalidate=\"novalidate\" data-status=\"init\">\n<fieldset class=\"hidden-fields-container\"><input type=\"hidden\" name=\"_wpcf7\" value=\"972\" \/><input type=\"hidden\" name=\"_wpcf7_version\" value=\"6.1.5\" \/><input type=\"hidden\" name=\"_wpcf7_locale\" value=\"en_US\" \/><input type=\"hidden\" name=\"_wpcf7_unit_tag\" value=\"wpcf7-f972-o1\" \/><input type=\"hidden\" name=\"_wpcf7_container_post\" value=\"0\" \/><input type=\"hidden\" name=\"_wpcf7_posted_data_hash\" value=\"\" \/><input type=\"hidden\" name=\"_wpcf7_recaptcha_response\" value=\"\" \/>\n<\/fieldset>\n<div class=\"f\">\n\t<div class=\"f-col f-col-12\">\n\t\t<div class=\"f-field required\">\n\t\t\t<p><label>Name <span class=\"wpcf7-form-control-wrap\" data-name=\"the-name\"><input size=\"40\" maxlength=\"400\" class=\"wpcf7-form-control wpcf7-text wpcf7-validates-as-required\" aria-required=\"true\" aria-invalid=\"false\" value=\"\" type=\"text\" name=\"the-name\" \/><\/span><\/label>\n\t\t\t<\/p>\n\t\t<\/div>\n\t<\/div>\n<\/div>\n<div class=\"f\">\n\t<div class=\"f-col f-col-12\">\n\t\t<div class=\"f-field required\">\n\t\t\t<p><label>Email address <span class=\"wpcf7-form-control-wrap\" data-name=\"email\"><input size=\"40\" maxlength=\"400\" class=\"wpcf7-form-control wpcf7-email wpcf7-validates-as-required wpcf7-text wpcf7-validates-as-email\" aria-required=\"true\" aria-invalid=\"false\" value=\"\" type=\"email\" name=\"email\" \/><\/span><\/label>\n\t\t\t<\/p>\n\t\t<\/div>\n\t<\/div>\n<\/div>\n<div class=\"f\">\n\t<div class=\"f-col f-col-12\">\n\t\t<div class=\"f-field required\">\n\t\t\t<p><label>Company <span class=\"wpcf7-form-control-wrap\" data-name=\"company\"><input size=\"40\" maxlength=\"400\" class=\"wpcf7-form-control wpcf7-text wpcf7-validates-as-required\" aria-required=\"true\" aria-invalid=\"false\" value=\"\" type=\"text\" name=\"company\" \/><\/span><\/label>\n\t\t\t<\/p>\n\t\t<\/div>\n\t<\/div>\n<\/div>\n<div class=\"f\">\n\t<div class=\"f-col f-col-12\">\n\t\t<div class=\"f-field\">\n\t\t\t<p><label>Address <span class=\"wpcf7-form-control-wrap\" data-name=\"address\"><input size=\"40\" maxlength=\"400\" class=\"wpcf7-form-control wpcf7-text\" aria-invalid=\"false\" value=\"\" type=\"text\" name=\"address\" \/><\/span><\/label>\n\t\t\t<\/p>\n\t\t<\/div>\n\t<\/div>\n<\/div>\n<div class=\"f\">\n\t<div class=\"f-col f-col-12\">\n\t\t<div class=\"f-field required\">\n\t\t\t<p><label>Country <span class=\"wpcf7-form-control-wrap\" data-name=\"country\"><input size=\"40\" maxlength=\"400\" class=\"wpcf7-form-control wpcf7-text wpcf7-validates-as-required\" aria-required=\"true\" aria-invalid=\"false\" value=\"\" type=\"text\" name=\"country\" \/><\/span><\/label>\n\t\t\t<\/p>\n\t\t<\/div>\n\t<\/div>\n<\/div>\n<div class=\"f\">\n\t<div class=\"f-col f-col-12\">\n\t\t<div class=\"f-field\">\n\t\t\t<p><label>Phone number <span class=\"wpcf7-form-control-wrap\" data-name=\"phone\"><input size=\"40\" maxlength=\"400\" class=\"wpcf7-form-control wpcf7-tel wpcf7-text wpcf7-validates-as-tel\" aria-invalid=\"false\" value=\"\" type=\"tel\" name=\"phone\" \/><\/span><\/label>\n\t\t\t<\/p>\n\t\t<\/div>\n\t<\/div>\n<\/div>\n<div class=\"f\">\n\t<div class=\"f-col f-col-12\">\n\t\t<div class=\"f-field\">\n\t\t\t<p><label>Website <span class=\"wpcf7-form-control-wrap\" data-name=\"website\"><input size=\"40\" maxlength=\"400\" class=\"wpcf7-form-control wpcf7-text\" aria-invalid=\"false\" value=\"\" type=\"text\" name=\"website\" \/><\/span><\/label>\n\t\t\t<\/p>\n\t\t<\/div>\n\t<\/div>\n<\/div>\n<div class=\"\">\n\t<div class=\"f-col f-col-12\">\n\t\t<div class=\"f-field\">\n\t\t\t<p><label>Industry\/Application <span class=\"wpcf7-form-control-wrap\" data-name=\"industry\"><select class=\"wpcf7-form-control wpcf7-select\" aria-invalid=\"false\" name=\"industry\"><option value=\"\">&#8212;Please choose an option&#8212;<\/option><option value=\"Construction\">Construction<\/option><option value=\"Tunnelling\">Tunnelling<\/option><option value=\"Metal processing\">Metal processing<\/option><option value=\"Mining\">Mining<\/option><option value=\"Cement\">Cement<\/option><option value=\"Nuclear\">Nuclear<\/option><option value=\"Security &amp; Rescue\">Security &amp; Rescue<\/option><option value=\"Other\">Other<\/option><\/select><\/span><\/label>\n\t\t\t<\/p>\n\t\t<\/div>\n\t<\/div>\n<\/div>\n<div class=\"f\">\n\t<div class=\"f-col f-col-12\">\n\t\t<div class=\"f-field\">\n\t\t\t<p><label>Message <span class=\"wpcf7-form-control-wrap\" data-name=\"message\"><textarea cols=\"40\" rows=\"10\" maxlength=\"2000\" class=\"wpcf7-form-control wpcf7-textarea\" aria-invalid=\"false\" name=\"message\"><\/textarea><\/span><\/label>\n\t\t\t<\/p>\n\t\t<\/div>\n\t<\/div>\n<\/div>\n<div class=\"f\">\n\t<div class=\"f-col f-col-12\">\n\t\t<div class=\"f-field acceptance\">\n\t\t\t<p><label>Please note that we take your privacy very seriously, and will never share your contact information with any third party (unless required to do so by law). Read our complete privacy policy and information on data collection and processing <a href=\"https:\/\/www.brokk.com\/privacy-policy\/\" target=\"_blank\" rel=\"noopener\">here<\/a>.<br \/>\n<span class=\"wpcf7-form-control-wrap\" data-name=\"acceptance-terms\"><span class=\"wpcf7-form-control wpcf7-acceptance\"><span class=\"wpcf7-list-item\"><label><input type=\"checkbox\" name=\"acceptance-terms\" value=\"1\" aria-invalid=\"false\" \/><span class=\"wpcf7-list-item-label\">I agree to terms above<\/span><\/label><\/span><\/span><\/span><br \/>\n<\/label>\n\t\t\t<\/p>\n\t\t<\/div>\n\t<\/div>\n<\/div>\n<div class=\"f\">\n\t<div class=\"f-col f-col-12\">\n\t\t<div class=\"f-submit\">\n\t\t\t<p><input class=\"wpcf7-form-control wpcf7-submit has-spinner\" type=\"submit\" value=\"Send Order\" \/>\n\t\t\t<\/p>\n\t\t<\/div>\n\t<\/div>\n<\/div><div class=\"wpcf7-response-output\" aria-hidden=\"true\"><\/div>\n<\/form>\n<\/div>\n\n","protected":false},"excerpt":{"rendered":"<p>Bestellen Sie unseren Katalog hier<\/p>\n","protected":false},"author":46,"featured_media":8498,"parent":0,"menu_order":41,"comment_status":"closed","ping_status":"closed","template":"page-templates\/common.php","meta":{"_acf_changed":false,"_relevanssi_hide_post":"","_relevanssi_hide_content":"","_relevanssi_pin_for_all":"","_relevanssi_pin_keywords":"","_relevanssi_unpin_keywords":"","_relevanssi_related_keywords":"","_relevanssi_related_include_ids":"","_relevanssi_related_exclude_ids":"","_relevanssi_related_no_append":"","_relevanssi_related_not_related":"","_relevanssi_related_posts":"","_relevanssi_noindex_reason":"","footnotes":""},"class_list":["post-4472","page","type-page","status-publish","has-post-thumbnail","hentry"],"acf":[],"yoast_head":"<!-- This site is optimized with the Yoast SEO plugin v27.0 - https:\/\/yoast.com\/product\/yoast-seo-wordpress\/ -->\n<title>Der Brokk Katalog - Brokk Schweiz<\/title>\n<meta name=\"robots\" content=\"index, follow, max-snippet:-1, max-image-preview:large, max-video-preview:-1\" \/>\n<link rel=\"canonical\" href=\"https:\/\/www.brokk.com\/ch\/catalogue\/\" \/>\n<meta property=\"og:locale\" content=\"de_DE\" \/>\n<meta property=\"og:type\" content=\"article\" \/>\n<meta property=\"og:title\" content=\"Der Brokk Katalog - Brokk Schweiz\" \/>\n<meta property=\"og:description\" content=\"Bestellen Sie unseren Katalog hier\" \/>\n<meta property=\"og:url\" content=\"https:\/\/www.brokk.com\/ch\/catalogue\/\" \/>\n<meta property=\"og:site_name\" content=\"Brokk Schweiz\" \/>\n<meta property=\"article:modified_time\" content=\"2025-04-11T16:07:01+00:00\" \/>\n<meta property=\"og:image\" content=\"https:\/\/www.brokk.com\/ch\/uploads\/sites\/12\/2025\/04\/brokk_catalog_2025_web-1.jpg\" \/>\n\t<meta property=\"og:image:width\" content=\"1440\" \/>\n\t<meta property=\"og:image:height\" content=\"960\" \/>\n\t<meta property=\"og:image:type\" content=\"image\/jpeg\" \/>\n<meta name=\"twitter:card\" content=\"summary_large_image\" \/>\n<meta name=\"twitter:label1\" content=\"Gesch\u00e4tzte Lesezeit\" \/>\n\t<meta name=\"twitter:data1\" content=\"1\u00a0Minute\" \/>\n<script type=\"application\/ld+json\" class=\"yoast-schema-graph\">{\"@context\":\"https:\/\/schema.org\",\"@graph\":[{\"@type\":\"WebPage\",\"@id\":\"https:\/\/www.brokk.com\/ch\/catalogue\/\",\"url\":\"https:\/\/www.brokk.com\/ch\/catalogue\/\",\"name\":\"Der Brokk Katalog - Brokk Schweiz\",\"isPartOf\":{\"@id\":\"https:\/\/www.brokk.com\/ch\/#website\"},\"primaryImageOfPage\":{\"@id\":\"https:\/\/www.brokk.com\/ch\/catalogue\/#primaryimage\"},\"image\":{\"@id\":\"https:\/\/www.brokk.com\/ch\/catalogue\/#primaryimage\"},\"thumbnailUrl\":\"https:\/\/www.brokk.com\/ch\/uploads\/sites\/12\/2025\/04\/brokk_catalog_2025_web-1.jpg\",\"datePublished\":\"2018-06-29T08:17:26+00:00\",\"dateModified\":\"2025-04-11T16:07:01+00:00\",\"breadcrumb\":{\"@id\":\"https:\/\/www.brokk.com\/ch\/catalogue\/#breadcrumb\"},\"inLanguage\":\"de\",\"potentialAction\":[{\"@type\":\"ReadAction\",\"target\":[\"https:\/\/www.brokk.com\/ch\/catalogue\/\"]}]},{\"@type\":\"ImageObject\",\"inLanguage\":\"de\",\"@id\":\"https:\/\/www.brokk.com\/ch\/catalogue\/#primaryimage\",\"url\":\"https:\/\/www.brokk.com\/ch\/uploads\/sites\/12\/2025\/04\/brokk_catalog_2025_web-1.jpg\",\"contentUrl\":\"https:\/\/www.brokk.com\/ch\/uploads\/sites\/12\/2025\/04\/brokk_catalog_2025_web-1.jpg\",\"width\":1440,\"height\":960},{\"@type\":\"BreadcrumbList\",\"@id\":\"https:\/\/www.brokk.com\/ch\/catalogue\/#breadcrumb\",\"itemListElement\":[{\"@type\":\"ListItem\",\"position\":1,\"name\":\"Home\",\"item\":\"https:\/\/www.brokk.com\/ch\/\"},{\"@type\":\"ListItem\",\"position\":2,\"name\":\"Der Brokk Katalog\"}]},{\"@type\":\"WebSite\",\"@id\":\"https:\/\/www.brokk.com\/ch\/#website\",\"url\":\"https:\/\/www.brokk.com\/ch\/\",\"name\":\"Brokk Schweiz\",\"description\":\"\",\"potentialAction\":[{\"@type\":\"SearchAction\",\"target\":{\"@type\":\"EntryPoint\",\"urlTemplate\":\"https:\/\/www.brokk.com\/ch\/?s={search_term_string}\"},\"query-input\":{\"@type\":\"PropertyValueSpecification\",\"valueRequired\":true,\"valueName\":\"search_term_string\"}}],\"inLanguage\":\"de\"}]}<\/script>\n<!-- \/ Yoast SEO plugin. -->","yoast_head_json":{"title":"Der Brokk Katalog - Brokk Schweiz","robots":{"index":"index","follow":"follow","max-snippet":"max-snippet:-1","max-image-preview":"max-image-preview:large","max-video-preview":"max-video-preview:-1"},"canonical":"https:\/\/www.brokk.com\/ch\/catalogue\/","og_locale":"de_DE","og_type":"article","og_title":"Der Brokk Katalog - Brokk Schweiz","og_description":"Bestellen Sie unseren Katalog hier","og_url":"https:\/\/www.brokk.com\/ch\/catalogue\/","og_site_name":"Brokk Schweiz","article_modified_time":"2025-04-11T16:07:01+00:00","og_image":[{"width":1440,"height":960,"url":"https:\/\/www.brokk.com\/ch\/uploads\/sites\/12\/2025\/04\/brokk_catalog_2025_web-1.jpg","type":"image\/jpeg"}],"twitter_card":"summary_large_image","twitter_misc":{"Gesch\u00e4tzte Lesezeit":"1\u00a0Minute"},"schema":{"@context":"https:\/\/schema.org","@graph":[{"@type":"WebPage","@id":"https:\/\/www.brokk.com\/ch\/catalogue\/","url":"https:\/\/www.brokk.com\/ch\/catalogue\/","name":"Der Brokk Katalog - Brokk Schweiz","isPartOf":{"@id":"https:\/\/www.brokk.com\/ch\/#website"},"primaryImageOfPage":{"@id":"https:\/\/www.brokk.com\/ch\/catalogue\/#primaryimage"},"image":{"@id":"https:\/\/www.brokk.com\/ch\/catalogue\/#primaryimage"},"thumbnailUrl":"https:\/\/www.brokk.com\/ch\/uploads\/sites\/12\/2025\/04\/brokk_catalog_2025_web-1.jpg","datePublished":"2018-06-29T08:17:26+00:00","dateModified":"2025-04-11T16:07:01+00:00","breadcrumb":{"@id":"https:\/\/www.brokk.com\/ch\/catalogue\/#breadcrumb"},"inLanguage":"de","potentialAction":[{"@type":"ReadAction","target":["https:\/\/www.brokk.com\/ch\/catalogue\/"]}]},{"@type":"ImageObject","inLanguage":"de","@id":"https:\/\/www.brokk.com\/ch\/catalogue\/#primaryimage","url":"https:\/\/www.brokk.com\/ch\/uploads\/sites\/12\/2025\/04\/brokk_catalog_2025_web-1.jpg","contentUrl":"https:\/\/www.brokk.com\/ch\/uploads\/sites\/12\/2025\/04\/brokk_catalog_2025_web-1.jpg","width":1440,"height":960},{"@type":"BreadcrumbList","@id":"https:\/\/www.brokk.com\/ch\/catalogue\/#breadcrumb","itemListElement":[{"@type":"ListItem","position":1,"name":"Home","item":"https:\/\/www.brokk.com\/ch\/"},{"@type":"ListItem","position":2,"name":"Der Brokk Katalog"}]},{"@type":"WebSite","@id":"https:\/\/www.brokk.com\/ch\/#website","url":"https:\/\/www.brokk.com\/ch\/","name":"Brokk Schweiz","description":"","potentialAction":[{"@type":"SearchAction","target":{"@type":"EntryPoint","urlTemplate":"https:\/\/www.brokk.com\/ch\/?s={search_term_string}"},"query-input":{"@type":"PropertyValueSpecification","valueRequired":true,"valueName":"search_term_string"}}],"inLanguage":"de"}]}},"_links":{"self":[{"href":"https:\/\/www.brokk.com\/ch\/wp-json\/wp\/v2\/pages\/4472","targetHints":{"allow":["GET"]}}],"collection":[{"href":"https:\/\/www.brokk.com\/ch\/wp-json\/wp\/v2\/pages"}],"about":[{"href":"https:\/\/www.brokk.com\/ch\/wp-json\/wp\/v2\/types\/page"}],"author":[{"embeddable":true,"href":"https:\/\/www.brokk.com\/ch\/wp-json\/wp\/v2\/users\/46"}],"replies":[{"embeddable":true,"href":"https:\/\/www.brokk.com\/ch\/wp-json\/wp\/v2\/comments?post=4472"}],"version-history":[{"count":4,"href":"https:\/\/www.brokk.com\/ch\/wp-json\/wp\/v2\/pages\/4472\/revisions"}],"predecessor-version":[{"id":8548,"href":"https:\/\/www.brokk.com\/ch\/wp-json\/wp\/v2\/pages\/4472\/revisions\/8548"}],"wp:featuredmedia":[{"embeddable":true,"href":"https:\/\/www.brokk.com\/ch\/wp-json\/wp\/v2\/media\/8498"}],"wp:attachment":[{"href":"https:\/\/www.brokk.com\/ch\/wp-json\/wp\/v2\/media?parent=4472"}],"curies":[{"name":"wp","href":"https:\/\/api.w.org\/{rel}","templated":true}]}}