{"id":4504,"date":"2018-05-18T09:46:41","date_gmt":"2018-05-18T08:46:41","guid":{"rendered":"https:\/\/www.brokk.com\/ch\/our-concept\/"},"modified":"2019-02-07T10:29:43","modified_gmt":"2019-02-07T09:29:43","slug":"our-concept","status":"publish","type":"page","link":"https:\/\/www.brokk.com\/ch\/our-concept\/","title":{"rendered":"Unser Konzept"},"content":{"rendered":"<h3>ein neues gewichts-\/Leistungsverh\u00e4ltnis<\/h3>\n<h4>kompakte kraft<\/h4>\n<p>Brokk liefert mehr Leistung in einem kleineren Paket. Ob im Baugewerbe, in der Metall- und Prozessindustrie,<br \/>\nim Nuklearbereich oder unter Tage, die au\u00dfergew\u00f6hnliche St\u00e4rke einer Brokk-Maschine macht sie zur idealen L\u00f6sung f\u00fcr effiziente, vielseitige und rentable Abbruch- oder Wartungsarbeiten. Eine Brokk-Maschine hat die gleiche Abbruchkraft wie ein Bagger, der vier- bis f\u00fcnfmal so gro\u00df ist. Somit leistet eine f\u00fcnf Tonnen schwere Brokk-Maschine mehr als ein 20 Tonnen schwerer Bagger. Folglich erledigt selbst der kleinste Brokk-Roboter mit 500 kg Gewicht eine Arbeit 5-10 mal schneller als es Handwerkzeuge k\u00f6nnen. Diese Leistungsf\u00e4higkeit in einem unglaublich kompakten, leichten und einfach zu transportierenden Paket gilt f\u00fcr alle Brokk-Modelle.<\/p>\n<h4>sicher &amp; Effizient<\/h4>\n<p>Die Fernsteuerung erlaubt dem Brokk-Bediener ein effizientes Man\u00f6vrieren der Maschine mit bestm\u00f6glicher und sicherster Sicht auf die Arbeit. Ausreichend Sicherheitsabstand kann so eingehalten werden und die Aus-Wirkung von gef\u00e4hrliche Vibrationen und D\u00e4mpfe lassen sich vermeiden. Der Elektrikmotor mit\u00a0Brokk Smart- Power ist f\u00fcr schwere Abbruchprojekte ausgelegt und bietet Ihnen die n\u00f6tige Leistung, Zuverl\u00e4ssigkeit und Langlebigkeit.<\/p>\n<h4>FLEXIBel &amp; Vielseitig<\/h4>\n<p>Das Markenzeichen eines jeden Brokk-Roboters ist die Vielseitigkeit. Dank des einzigartigen 3-Arm-Systems und der Fernsteuerung bieten Brokk-Maschinen ihren Bedienern eine unvergleichliche Reichweite, Pr\u00e4zision und Best\u00e4ndigkeit. Das breite und st\u00e4ndig wachsende Angebot an Anbauger\u00e4ten macht ihn zum idealen Arbeitsger\u00e4t f\u00fcr die gro\u00dfe Anzahl an Anwendungen auf den heutigen Baustellen. Ganz gleich, welche<br \/>\nAnforderungen Sie haben, es gibt eine Maschinengr\u00f6\u00dfe und ein Anbauger\u00e4t, die f\u00fcr das Projekt und die Situation geeignet sind. Und wenn Sie etwas au\u00dferhalb der Reihe brauchen, k\u00f6nnen wir mit unserer \u00fcber 40-j\u00e4hrigen Erfahrung und unseren Best Practices Ihren eigenen, einmaligen Brokk ma\u00dfschneidern.<\/p>\n<h4>erfahren &amp; zuverl\u00e4ssig<\/h4>\n<p>Mit \u00fcber vier Jahrzehnten Abbrucherfahrung ist Brokk lange genug auf Baustellen unterwegs, um bei der Suche nach der sichersten, produktivsten und profitabelsten L\u00f6sung f\u00fcr Ihre Anforderungen helfen zu k\u00f6nnen. Unsere Experten bieten Ihnen den Schl\u00fcssel zum Erfolg, nicht nur eine Maschine. Durch unser weltweites Service-und Supportnetzwerk und der Brokk Uptime\u2122 \u2013 Ersatzteilgarantie, liegen eine fachm\u00e4nnische Beratung und unvergleichliche Branchenkenntnisse nur einen Anruf entfernt.<\/p>\n<p>&nbsp;<\/p>\n<h3>BROKK bietet ihnen<\/h3>\n<h4>dreiteilges armsystem<\/h4>\n<p>Eine starke und flexible L\u00f6sung f\u00fcr \u00fcberdurchschnittliche Reichweite und Leistung in alle Richtungen mit h\u00f6chstm\u00f6glicher Genauigkeit.<\/p>\n<h4>FERNGESTEUERTER BETRIEB<\/h4>\n<p>Maximiert die Leistungsf\u00e4higkeit, w\u00e4hrend der Bediener sicher ist vor sch\u00e4dlichen Vibrationen und sich nicht in den Gefahrenbereich einer Baustelle begeben muss.<\/p>\n<h4>ABBRUCHKRAFT<\/h4>\n<p>Trotz ihrer kompakten Bauweise hat eine Brokk-Maschine die gleiche Abbruchkraft wie ein Bagger, der vier- bis f\u00fcnfmal so gro\u00df ist.<\/p>\n<h4>keine abgase<\/h4>\n<p>Der Elektroantrieb verursacht weniger L\u00e4rm, weniger Luftverschmutzung und weniger<br \/>\nWartungskosten.<\/p>\n<h4>KOMPAKT UND WENDIG<\/h4>\n<p>Leicht zu man\u00f6vrieren und leicht zu transportieren. Kann sich durch enge R\u00e4ume bewegen und sogar Treppen steigen.<\/p>\n<h4>ST\u00dcTZBEINE F\u00dcR STABILIT\u00c4T<\/h4>\n<p>Erm\u00f6glicht das Arbeiten mit Anbauwerkzeugen, f\u00fcr die normalerweise viel gr\u00f6\u00dfere Maschinen notwendig sind.<\/p>\n<h4>HITZEBEST\u00c4NDIG<\/h4>\n<p>S\u00e4mtliche Komponenten sind Hitze und schlaggesch\u00fctzt.<\/p>\n<h4>GROSSE REIHE AN ANBAUGER\u00c4TEN<\/h4>\n<p>Ein breites Werkzeugsortiment, von dem ein Gro\u00dfteil speziell f\u00fcr Brokk entwickelt wurde. Patentierte Schnellverschlusskupplungen f\u00fcr schnellen und einfachen Werkzeugwechsel.<\/p>\n<h4>PATENTIERTE SCHNELLVERSCHLUSSKUPPLUNGEN<\/h4>\n<p>Macht den Roboter leichter und erlaubt einen schnellen und sicheren Werkzeugwechsel.<\/p>\n","protected":false},"excerpt":{"rendered":"<p>ein neues gewichts-\/Leistungsverh\u00e4ltnis kompakte kraft Brokk liefert mehr Leistung in einem kleineren Paket. Ob im Baugewerbe, in der Metall- und Prozessindustrie, im Nuklearbereich oder unter Tage, die au\u00dfergew\u00f6hnliche St\u00e4rke einer Brokk-Maschine macht sie zur idealen L\u00f6sung f\u00fcr effiziente, vielseitige und\u2026<\/p>\n","protected":false},"author":10,"featured_media":0,"parent":0,"menu_order":98,"comment_status":"closed","ping_status":"closed","template":"page-templates\/common.php","meta":{"_acf_changed":false,"_relevanssi_hide_post":"","_relevanssi_hide_content":"","_relevanssi_pin_for_all":"","_relevanssi_pin_keywords":"","_relevanssi_unpin_keywords":"","_relevanssi_related_keywords":"","_relevanssi_related_include_ids":"","_relevanssi_related_exclude_ids":"","_relevanssi_related_no_append":"","_relevanssi_related_not_related":"","_relevanssi_related_posts":"","_relevanssi_noindex_reason":"","footnotes":""},"class_list":["post-4504","page","type-page","status-publish","hentry"],"acf":[],"yoast_head":"<!-- This site is optimized with the Yoast SEO plugin v27.0 - https:\/\/yoast.com\/product\/yoast-seo-wordpress\/ -->\n<title>Unser Konzept - Brokk Schweiz<\/title>\n<meta name=\"robots\" content=\"index, follow, max-snippet:-1, max-image-preview:large, max-video-preview:-1\" \/>\n<link rel=\"canonical\" href=\"https:\/\/www.brokk.com\/ch\/our-concept\/\" \/>\n<meta property=\"og:locale\" content=\"de_DE\" \/>\n<meta property=\"og:type\" content=\"article\" \/>\n<meta property=\"og:title\" content=\"Unser Konzept - Brokk Schweiz\" \/>\n<meta property=\"og:description\" content=\"ein neues gewichts-\/Leistungsverh\u00e4ltnis kompakte kraft Brokk liefert mehr Leistung in einem kleineren Paket. Ob im Baugewerbe, in der Metall- und Prozessindustrie, im Nuklearbereich oder unter Tage, die au\u00dfergew\u00f6hnliche St\u00e4rke einer Brokk-Maschine macht sie zur idealen L\u00f6sung f\u00fcr effiziente, vielseitige und\u2026\" \/>\n<meta property=\"og:url\" content=\"https:\/\/www.brokk.com\/ch\/our-concept\/\" \/>\n<meta property=\"og:site_name\" content=\"Brokk Schweiz\" \/>\n<meta property=\"article:modified_time\" content=\"2019-02-07T09:29:43+00:00\" \/>\n<meta property=\"og:image\" content=\"https:\/\/www.brokk.com\/ch\/uploads\/sites\/12\/2018\/03\/our-concept_hero.jpg\" \/>\n\t<meta property=\"og:image:width\" content=\"2560\" \/>\n\t<meta property=\"og:image:height\" content=\"1096\" \/>\n\t<meta property=\"og:image:type\" content=\"image\/jpeg\" \/>\n<meta name=\"twitter:card\" content=\"summary_large_image\" \/>\n<meta name=\"twitter:label1\" content=\"Gesch\u00e4tzte Lesezeit\" \/>\n\t<meta name=\"twitter:data1\" content=\"3\u00a0Minuten\" \/>\n<script type=\"application\/ld+json\" class=\"yoast-schema-graph\">{\"@context\":\"https:\/\/schema.org\",\"@graph\":[{\"@type\":\"WebPage\",\"@id\":\"https:\/\/www.brokk.com\/ch\/our-concept\/\",\"url\":\"https:\/\/www.brokk.com\/ch\/our-concept\/\",\"name\":\"Unser Konzept - Brokk Schweiz\",\"isPartOf\":{\"@id\":\"https:\/\/www.brokk.com\/ch\/#website\"},\"datePublished\":\"2018-05-18T08:46:41+00:00\",\"dateModified\":\"2019-02-07T09:29:43+00:00\",\"breadcrumb\":{\"@id\":\"https:\/\/www.brokk.com\/ch\/our-concept\/#breadcrumb\"},\"inLanguage\":\"de\",\"potentialAction\":[{\"@type\":\"ReadAction\",\"target\":[\"https:\/\/www.brokk.com\/ch\/our-concept\/\"]}]},{\"@type\":\"BreadcrumbList\",\"@id\":\"https:\/\/www.brokk.com\/ch\/our-concept\/#breadcrumb\",\"itemListElement\":[{\"@type\":\"ListItem\",\"position\":1,\"name\":\"Home\",\"item\":\"https:\/\/www.brokk.com\/ch\/\"},{\"@type\":\"ListItem\",\"position\":2,\"name\":\"Unser Konzept\"}]},{\"@type\":\"WebSite\",\"@id\":\"https:\/\/www.brokk.com\/ch\/#website\",\"url\":\"https:\/\/www.brokk.com\/ch\/\",\"name\":\"Brokk Schweiz\",\"description\":\"\",\"potentialAction\":[{\"@type\":\"SearchAction\",\"target\":{\"@type\":\"EntryPoint\",\"urlTemplate\":\"https:\/\/www.brokk.com\/ch\/?s={search_term_string}\"},\"query-input\":{\"@type\":\"PropertyValueSpecification\",\"valueRequired\":true,\"valueName\":\"search_term_string\"}}],\"inLanguage\":\"de\"}]}<\/script>\n<!-- \/ Yoast SEO plugin. -->","yoast_head_json":{"title":"Unser Konzept - Brokk Schweiz","robots":{"index":"index","follow":"follow","max-snippet":"max-snippet:-1","max-image-preview":"max-image-preview:large","max-video-preview":"max-video-preview:-1"},"canonical":"https:\/\/www.brokk.com\/ch\/our-concept\/","og_locale":"de_DE","og_type":"article","og_title":"Unser Konzept - Brokk Schweiz","og_description":"ein neues gewichts-\/Leistungsverh\u00e4ltnis kompakte kraft Brokk liefert mehr Leistung in einem kleineren Paket. Ob im Baugewerbe, in der Metall- und Prozessindustrie, im Nuklearbereich oder unter Tage, die au\u00dfergew\u00f6hnliche St\u00e4rke einer Brokk-Maschine macht sie zur idealen L\u00f6sung f\u00fcr effiziente, vielseitige und\u2026","og_url":"https:\/\/www.brokk.com\/ch\/our-concept\/","og_site_name":"Brokk Schweiz","article_modified_time":"2019-02-07T09:29:43+00:00","og_image":[{"width":2560,"height":1096,"url":"https:\/\/www.brokk.com\/ch\/uploads\/sites\/12\/2018\/03\/our-concept_hero.jpg","type":"image\/jpeg"}],"twitter_card":"summary_large_image","twitter_misc":{"Gesch\u00e4tzte Lesezeit":"3\u00a0Minuten"},"schema":{"@context":"https:\/\/schema.org","@graph":[{"@type":"WebPage","@id":"https:\/\/www.brokk.com\/ch\/our-concept\/","url":"https:\/\/www.brokk.com\/ch\/our-concept\/","name":"Unser Konzept - Brokk Schweiz","isPartOf":{"@id":"https:\/\/www.brokk.com\/ch\/#website"},"datePublished":"2018-05-18T08:46:41+00:00","dateModified":"2019-02-07T09:29:43+00:00","breadcrumb":{"@id":"https:\/\/www.brokk.com\/ch\/our-concept\/#breadcrumb"},"inLanguage":"de","potentialAction":[{"@type":"ReadAction","target":["https:\/\/www.brokk.com\/ch\/our-concept\/"]}]},{"@type":"BreadcrumbList","@id":"https:\/\/www.brokk.com\/ch\/our-concept\/#breadcrumb","itemListElement":[{"@type":"ListItem","position":1,"name":"Home","item":"https:\/\/www.brokk.com\/ch\/"},{"@type":"ListItem","position":2,"name":"Unser Konzept"}]},{"@type":"WebSite","@id":"https:\/\/www.brokk.com\/ch\/#website","url":"https:\/\/www.brokk.com\/ch\/","name":"Brokk Schweiz","description":"","potentialAction":[{"@type":"SearchAction","target":{"@type":"EntryPoint","urlTemplate":"https:\/\/www.brokk.com\/ch\/?s={search_term_string}"},"query-input":{"@type":"PropertyValueSpecification","valueRequired":true,"valueName":"search_term_string"}}],"inLanguage":"de"}]}},"_links":{"self":[{"href":"https:\/\/www.brokk.com\/ch\/wp-json\/wp\/v2\/pages\/4504","targetHints":{"allow":["GET"]}}],"collection":[{"href":"https:\/\/www.brokk.com\/ch\/wp-json\/wp\/v2\/pages"}],"about":[{"href":"https:\/\/www.brokk.com\/ch\/wp-json\/wp\/v2\/types\/page"}],"author":[{"embeddable":true,"href":"https:\/\/www.brokk.com\/ch\/wp-json\/wp\/v2\/users\/10"}],"replies":[{"embeddable":true,"href":"https:\/\/www.brokk.com\/ch\/wp-json\/wp\/v2\/comments?post=4504"}],"version-history":[{"count":4,"href":"https:\/\/www.brokk.com\/ch\/wp-json\/wp\/v2\/pages\/4504\/revisions"}],"predecessor-version":[{"id":4506,"href":"https:\/\/www.brokk.com\/ch\/wp-json\/wp\/v2\/pages\/4504\/revisions\/4506"}],"wp:attachment":[{"href":"https:\/\/www.brokk.com\/ch\/wp-json\/wp\/v2\/media?parent=4504"}],"curies":[{"name":"wp","href":"https:\/\/api.w.org\/{rel}","templated":true}]}}