{"id":4557,"date":"2018-04-06T14:37:11","date_gmt":"2018-04-06T13:37:11","guid":{"rendered":"https:\/\/www.brokk.com\/ch\/privacy-policy\/"},"modified":"2019-02-07T09:02:03","modified_gmt":"2019-02-07T08:02:03","slug":"privacy-policy","status":"publish","type":"page","link":"https:\/\/www.brokk.com\/ch\/privacy-policy\/","title":{"rendered":"Datenschutzerkl\u00e4rung"},"content":{"rendered":"<h2>\u00dcber Brokk AB und diese Datenschutzerkl\u00e4rung<\/h2>\n<h4>Verarbeitung Ihrer personenbezogenen Daten<\/h4>\n<p>Brokk AB, Reg. Nr. 556115-6224, Box 730, 931 27 Skellefte\u00e5 (das &#8222;Unternehmen&#8220; oder &#8222;wir&#8220;) trifft alle notwen-digen Ma\u00dfnahmen, um sicherzustellen, dass personenbezogene Daten unserer Kunden, Lieferanten, Partner und anderer Gesch\u00e4ftspartner von uns rechtm\u00e4\u00dfig, fair und transparent verarbeitet werden.<\/p>\n<p>Wenn Sie unsere verschiedenen Dienste nutzen, erfassen wir Ihre personenbezogenen Daten. Das Unter-nehmen ist somit f\u00fcr die Verarbeitung Ihrer personenbezogenen Daten verantwortlich und verarbeitet diese in \u00dcbereinstimmung mit dieser Datenschutzerkl\u00e4rung. Diese Datenschutzerkl\u00e4rung erl\u00e4utert und verdeutlicht Ihre Rechte gegen\u00fcber dem Unternehmen in Bezug auf die Verarbeitung Ihrer personenbezogenen Daten und wie Sie diese Rechte aus\u00fcben k\u00f6nnen.<\/p>\n<p>Das Unternehmen verpflichtet sich zum Schutz Ihrer personenbezogenen Daten und es ist dem Unternehm-en wichtig, sicherzustellen, dass Ihre personenbezogenen Daten auf sichere Weise verarbeitet werden. Wir halten alle anwendbaren Gesetze und Regeln ein, die zum Schutz der Privatsph\u00e4re von Einzelpersonen be-stehen, einschlie\u00dflich des schwedischen Gesetzes \u00fcber pers\u00f6nliche Daten (1998: 204), des schwedischen Gesetzes \u00fcber elektronische Kommunikation (2003: 389) und anderer Gesetze oder Vorschriften, die die EU umsetzen Datenschutzrichtlinie 95\/46 \/ EG, Richtlinie \u00fcber elektronische Kommunikation 2002\/58 \/ EG und EU-Datenschutzverordnung 2016\/679 (DSGVO) sowie alle \u00c4nderungen, Erg\u00e4nzungen oder Regelungen, die diese Gesetze und Vorschriften ersetzen. Wir setzen angemessene technische und organisatorische Ma\u00df-nahmen ein, die den Umfang und die Vertraulichkeit der personenbezogenen Daten ber\u00fccksichtigen.<\/p>\n<p>Es ist wichtig, dass Sie diese Datenschutzerkl\u00e4rung lesen und verstehen, bevor Sie einen der Dienste des Unternehmens nutzen. Sie sollten keinen unserer Dienste nutzen, wenn Sie dieser Datenschutzerkl\u00e4rung nicht zustimmen.<\/p>\n<p>Einige Seiten auf unserer Website enthalten Links zu Internetseiten Dritter. Diese Internetseiten haben ihre eigenen Datenschutzrichtlinien und das Unternehmen ist nicht verantwortlich f\u00fcr ihren Betrieb oder ihre Informationsrichtlinien. Jeder Benutzer, der Informationen an oder \u00fcber diese Internetseiten Dritter sendet, sollte daher die auf diesen Internetseiten ver\u00f6ffentlichten Datenschutzrichtlinien \u00fcberpr\u00fcfen, bevor per-sonenbezogene Daten an diese \u00fcbermittelt werden.<\/p>\n<p>Informationen \u00fcber die Erfassung, Verarbeitung und Speicherung von Informationen, die durch Cookies ge-wonnen werden, finden Sie im Abschnitt &#8222;Cookies&#8220; weiter unten.<\/p>\n<h4>Welche personenbezogenen Daten erheben wir und woher?<\/h4>\n<p>Wenn Sie Produkte des Unternehmens verwenden, mit seinen Mitarbeitern interagieren, Angebote erhalten oder Waren oder Dienstleistungen bestellen, sich f\u00fcr Newsletter anmelden, unsere Websites besuchen, unser Extranet nutzen oder unsere Dienstleistungen anderweitig nutzen, stellen Sie uns m\u00f6glicherweise Informatio-nen zur Verf\u00fcgung, die nach den geltenden Datenschutzgesetzen als pers\u00f6nliche Daten gelten.<\/p>\n<p>Zu den Arten von personenbezogenen Daten, die wir erfassen, k\u00f6nnen je nach Kontext geh\u00f6ren:<\/p>\n<ul>\n<li>Name und Kontaktinformationen einschlie\u00dflich Adresse, Handynummer, E-Mail-Adresse und Bild;<\/li>\n<li>pers\u00f6nliche Identifikationsnummer;<\/li>\n<li>Liefer- und Rechnungsinformationen, Zahlungsinformationen und andere Informationen, die Sie im Zusammenhang mit dem Kauf oder der Lieferung eines Produkts oder einer Dienstleistung angeben;<\/li>\n<li>verschiedene Arten von demographischen Informationen;<\/li>\n<li>Informationen \u00fcber Pr\u00e4ferenzen und Interessen, die sich aus der Nutzung der Websites des Unter-nehmens ergeben;<\/li>\n<li>Benutzername und Passwort f\u00fcr unsere Dienste;<\/li>\n<li>andere Informationen, die f\u00fcr Kundenbefragungen, Werbung \/ Marketing oder Angebote relevant sind; und\/oder<\/li>\n<li>andere benutzergenerierte Informationen, die Sie aktiv \u00fcber unsere Websites weitergeben.<\/li>\n<\/ul>\n<p>Dar\u00fcber erfassen wir m\u00f6glicherweise Ihre personenbezogenen Daten aus den folgenden Quellen erheben:<\/p>\n<ul>\n<li>eine der Websites oder Social Media-Seiten von Brokk AB, z.B. wenn Sie Kontakt anfordern, ein Angebot anfordern, ein Produkt bestellen, einen unserer Newsletter abonnieren oder an einer unserer Kampagnen und Wettbewerbe teilnehmen;<\/li>\n<li>von Dritten in Form von Konzerngesellschaften oder Unternehmen, die die Gesellschaft zur Anreicher-ung ihrer Kundendatenbank engagiert, z.B. Bisnode Sverige AB oder verschiedene Wirtschaftsverb\u00e4nde.<\/li>\n<\/ul>\n<h4>Warum verarbeiten wir Ihre personenbezogenen Daten?<\/h4>\n<p>Wenn Sie ein Produkt oder eine Dienstleistung bestellt haben, haben Sie eine Vereinbarung mit dem Unter-nehmen getroffen. Infolgedessen verarbeiten wir Ihre personenbezogenen Daten zum Zwecke der Durch-f\u00fchrung Ihrer Bestellung oder Auftrages und zur Erbringung der von Ihnen bestellten Dienstleistung oder des bestellten Produkts.<\/p>\n<p>Zus\u00e4tzlich zur Verarbeitung Ihrer personenbezogenen Daten, um Ihren Kauf von Produkten oder Dienst-leistungen abzuschlie\u00dfen, kann das Unternehmen Ihre personenbezogenen Daten f\u00fcr andere Zwecke aus anderen Rechtsgr\u00fcnden verwenden, wie unten beschrieben.<\/p>\n<ul>\n<li><strong>Vertragserf\u00fcllung:<\/strong> F\u00fcr die Abwicklung und Verwaltung von Eink\u00e4ufen, Produktlieferungen, Zahlungen sowie den Zugang zu den Webseiten des Unternehmens und den dort angebotenen Dienstleistungen (u.a. Kundenbetreuung).<\/li>\n<li><strong>Einwilligung:<\/strong> Direktmarketing (per Post und E-Mail), Kundenbefragungen, Kundenbetreuung und Newsletter.<\/li>\n<li><strong>Einhaltung einer gesetzlichen Verpflichtung:<\/strong> Wir speichern die Rechnungsdokumentation in \u00dcbereinstimmung mit den geltenden Rechnungslegungsgesetzen und -Vorschriften.<\/li>\n<li><strong>Rechtm\u00e4\u00dfiges Interesse:<\/strong> Um unsere Verpflichtungen, Produkte und Dienstleistungen erbringen, aus-f\u00fchren und verbessern zu k\u00f6nnen, ist es notwendig, dass wir personenbezogene Daten auch in einigen anderen F\u00e4llen verarbeiten, z.B. durch Analyse des Kaufverhaltens unserer Kunden, um ihnen relevante Informationen und Marketinginformationen zur Verf\u00fcgung zu stellen, sowie f\u00fcr statistische Zwecke.<\/li>\n<li><strong>Profilerstellung<\/strong><\/li>\n<\/ul>\n<p>F\u00fcr den Fall, dass eine von uns erbrachte Dienstleistung Ihre Zustimmung erfordert, werden wir Sie in einem solchen Fall immer ausdr\u00fccklich um Ihre Zustimmung zu einer solchen Dienstleistung und zur Verarbeitung Ihrer personenbezogenen Daten bitten. So werden wir beispielsweise um Ihre Zustimmung bitten, wenn Sie einen der Newsletter des Unternehmens abonnieren m\u00f6chten oder wenn Sie ein Konto auf einer der Web-sites des Unternehmens erstellen m\u00f6chten.<\/p>\n<p>Im Zusammenhang mit Ihrer Einwilligung m\u00fcssen Sie best\u00e4tigen, dass Sie diese Datenschutzerkl\u00e4rung gele-sen haben und dass Sie der Verarbeitung Ihrer personenbezogenen Daten wie hierin beschrieben zustimmen.<\/p>\n<h4>Speicherung personenbezogener Daten<\/h4>\n<p>Das Unternehmen unternimmt alle angemessenen Schritte, um sicherzustellen, dass Ihre personenbezogenen Daten sicher verarbeitet und gespeichert werden. Ihre personenbezogenen Daten werden niemals l\u00e4nger als gesetzlich zul\u00e4ssig oder l\u00e4nger als zur Erf\u00fcllung der oben genannten Zwecke erforderlich gespeichert. Ihre personenbezogenen Daten werden von uns in den folgenden Zeitr\u00e4umen verarbeitet.<\/p>\n<ul>\n<li><strong>Mitglied oder Kunde:<\/strong> Wenn Sie Mitglied im Kundenclub des Unternehmens sind oder sich f\u00fcr einen der digitalen Dienste des Unternehmens registriert haben, werden Ihre personenbezogenen Daten gespeichert, bis Sie Ihre Mitgliedschaft beenden oder sich von unseren Diensten abmelden, sp\u00e4testens jedoch drei Jahre nach Ihrem letzten Kauf. Dies gilt nicht, wenn wir Ihre personenbezogenen Daten aus einem der unten genannten Gr\u00fcnde f\u00fcr eine l\u00e4ngere Zeit speichern m\u00fcssen.<\/li>\n<li><strong>Vertragserf\u00fcllung:<\/strong> Pers\u00f6nliche Daten (Name, pers\u00f6nliche Kennnummer, Adresse, Telefonnummer, E-Mail-Adresse, Rechnungs- und Lieferinformationen), die der Gesellschaft im Zusammenhang mit der Bestellung von Produkten oder Dienstleistungen \u00fcbermittelt werden, werden so lange gespeichert, wie dies f\u00fcr die Firma erforderlich ist Erf\u00fcllung der Vereinbarung mit Ihnen. Dies umfasst unter anderem die Erf\u00fcllung von Lieferungs- oder Garantieverpflichtungen.<\/li>\n<li><strong>Rechtliche Verpflichtung:<\/strong> Das Unternehmen speichert alle Unterlagen, die Rechnungslegungsinformationen darstellen, gem\u00e4\u00df den geltenden Rechnungslegungsvorschriften.<\/li>\n<li><strong>Einwilligung:<\/strong> In F\u00e4llen, in denen wir Ihre personenbezogenen Daten aufgrund Ihrer Einwilligung verarbeiten, speichern wir Ihre personenbezogenen Daten nur so lange, wie wir noch Ihre Einwilligung haben.<\/li>\n<li><strong>Direktmarketing:<\/strong> Nach Beendigung der Kundenbeziehung werden Ihre personenbezogenen Daten m\u00f6glicherweise f\u00fcr Direktmarketingzwecke verarbeitet, es sei denn, Sie widersprechen der Verwendung Ihrer personenbezogenen Daten f\u00fcr Direktmarketingzwecke.<\/li>\n<\/ul>\n<h4>wEITERGABE personenbezogener Daten<\/h4>\n<p>Personenbezogene Daten unserer Kunden sind ein wichtiger Bestandteil der Gesch\u00e4ftst\u00e4tigkeit des Unternehmens, und wir verkaufen die personenbezogenen Daten nicht an Dritte. Wir geben personen-bezogene Daten nur weiter wie unten beschrieben. Bei der Weitergabe Ihrer personenbezogenen Daten gehen wir stets mit Bedacht und gro\u00dfer Sorgfalt vor und Ihre personenbezogenen Daten werden nur in \u00dcbereinstimmung mit dieser Datenschutzerkl\u00e4rung und nach entsprechenden Sicherheitsma\u00dfnahmen weitergegeben.<\/p>\n<ul>\n<li><strong>Partner au\u00dferhalb der Unternehmensgruppe, zu der das Unternehmen geh\u00f6rt: <\/strong>Unsere Partner, d.h. Unternehmen au\u00dferhalb der Unternehmensgruppe, zu der das Unternehmen geh\u00f6rt und die von dem Unternehmen autorisiert sind, k\u00f6nnen Zugang zu Ihren personenbezogenen Daten erhalten, um Ihnen Zugang zu gezielten Informationen und Angeboten \u00fcber Produkte und Dienstleistungen zu geben.<\/li>\n<li><strong>Abgleich mit privaten und \u00f6ffentlichen Datens\u00e4tzen:<\/strong> Das Unternehmen kann Ihre personenbezoge-nen Daten durch die Sammlung von Informationen aus anderen privaten und \u00f6ffentlichen Aufzeichnun-gen, wie z.B. Statens personadressregister (SPAR), Bisnode Sverige AB, um weitere Informationen er-weitern. Auf diese Weise k\u00f6nnen Ihre personenbezogenen Daten erg\u00e4nzt und aktualisiert werden.<\/li>\n<li><strong>Gesch\u00e4ftsvorg\u00e4nge: <\/strong>Wenn der gesamte oder ein Teil des Betriebs des Unternehmens verkauft oder mit einem anderen Gesch\u00e4ft, Betrieb oder Unternehmen integriert wird, k\u00f6nnen Ihre pers\u00f6nlichen Daten an unsere Berater, potenziellen K\u00e4ufer und deren Berater weitergegeben und an die neuen Eigent\u00fcmer des Betriebs weitergegeben werden.<\/li>\n<li><strong>Rechtliche Verpflichtungen: <\/strong>Ihre personenbezogenen Daten k\u00f6nnen auch zum Zwecke der Erf\u00fcllung bestimmter gesetzlicher Verpflichtungen durch das Unternehmen weitergegeben werden und an die Polizei und andere zust\u00e4ndige Beh\u00f6rden \u00fcbermittelt werden, wenn dies gesetzlich zul\u00e4ssig und erforderlich ist.<\/li>\n<\/ul>\n<p>Die oben genannte Art der Weitergabe darf nur an Unternehmen innerhalb der EU oder des EWR (d.h. alle EU-Mitgliedstaaten und Island, Norwegen und Liechtenstein) durchgef\u00fchrt werden.<\/p>\n<h4>Widerruf der Einwilligung<\/h4>\n<p>Sollten wir Ihre personenbezogenen Daten aufgrund Ihrer Einwilligung verarbeiten, z.B. im Rahmen des Abonnements von Newslettern, k\u00f6nnen Sie diese Einwilligung jederzeit widerrufen, indem Sie sich an den Kundenservice wie unten beschrieben wenden. Der Widerruf kann ganz oder teilweise erfolgen.<\/p>\n<p>Wenn Sie Ihre Einwilligung zur Nutzung oder Weitergabe Ihrer personenbezogenen Daten f\u00fcr andere in dieser Datenschutzerkl\u00e4rung genannte Zwecke widerrufen, sind wir m\u00f6glicherweise nicht mehr in der Lage, Ihnen weiterhin Zugang zu unseren Websites zu gew\u00e4hren oder Kundendienst oder andere Dienstleistungen zu erbringen, die unseren Nutzern angeboten und gem\u00e4\u00df dieser Datenschutzerkl\u00e4rung gestattet werden.<\/p>\n<h4>Ihre Rechte<\/h4>\n<p>Sie haben das Recht, Auskunft dar\u00fcber zu verlangen, welche personenbezogenen Daten wir \u00fcber Sie verarbeiten und wie sie verwendet werden, indem Sie uns schriftlich kontaktieren (siehe Kontaktdaten unten). Sie k\u00f6nnen Ihre personenbezogenen Daten jederzeit in Ihren Kontoeinstellungen online \u00e4ndern, wenn Sie ein Konto auf einer unserer Websites haben, oder indem Sie den Kundendienst kontaktieren (Kontaktdaten siehe unten). Sie haben auch das Recht, die Berichtigung unrichtiger, unvollst\u00e4ndiger oder mehrdeutiger personenbezogener Daten \u00fcber Sie zu verlangen, indem Sie sich an den Kundendienst wenden. Zum Schutz Ihrer Privatsph\u00e4re und Ihrer personenbezogenen Daten k\u00f6nnen wir verlangen, dass Sie sich im Zusammenhang mit unserer Unterst\u00fctzung identifizieren.<\/p>\n<p>In \u00dcbereinstimmung mit den geltenden Datenschutzgesetzen haben Sie auch das Recht zu verlangen, dass Ihre personenbezogenen Daten gel\u00f6scht oder die Verarbeitung Ihrer personenbezogenen Daten eingeschr\u00e4nkt wird. In bestimmten Situationen haben Sie auch das Recht, der Verarbeitung Ihrer personenbezogenen Daten zu widersprechen und die \u00dcbermittlung Ihrer personenbezogenen Daten in elektronischer Form zu verlangen.<\/p>\n<p>Sie haben die M\u00f6glichkeit, eine Beschwerde bei der schwedischen Datenschutzbeh\u00f6rde (Sw. <strong><em>Datainspekionen<\/em><\/strong>) einzureichen, wenn Sie glauben, dass die Verarbeitung Ihrer personenbezogenen Daten durch das Unternehmen nicht in \u00dcbereinstimmung mit den geltenden Gesetzen erfolgt.<\/p>\n<h4>Cookies<\/h4>\n<p>Auf unseren Webseiten verwendet das Unternehmen so genannte Cookies. Ein Cookie ist eine kleine Textdatei, die von einer Website an Ihren Webbrowser gesendet wird. Der Cookie kann Sie nicht pers\u00f6nlich identifizieren, sondern nur den Webbrowser, der auf Ihrem Computer installiert ist und den Webbrowser, den Sie beim Besuch der Webseite verwenden. Daher werden auf verschiedenen Computern unterschiedliche Cookies gespeichert, falls Sie beim Besuch unserer Websites unterschiedliche Computer verwenden. Cookies sind virenfrei und k\u00f6nnen keine anderen auf Ihrem Computer gespeicherten Informationen zerst\u00f6ren.<\/p>\n<p>Cookies werden in der Regel nach ihrer Herkunft kategorisiert und danach, ob sie in Ihrem Webbrowser gespeichert sind oder nicht. Cookies k\u00f6nnen Ihnen entweder von der von Ihnen besuchten Website (z.B. First-Party-Cookie) oder von einer anderen Organisation, die Dienstleistungen f\u00fcr die aktuelle Website erbringt, wie z.B. Analysten und Statistikunternehmen (z.B. Drittanbieter-Cookies), zugesandt werden. Cookies k\u00f6nnen auch in Session-Cookies und permanente Cookies unterteilt werden. Ein Sitzungscookie wird an Ihren Computer gesendet, damit die Webseiten w\u00e4hrend Ihres Besuchs ordnungsgem\u00e4\u00df funktionieren und nicht auf Ihrem Computer gespeichert werden, sondern gel\u00f6scht werden, wenn Sie Ihren Webbrowser schlie\u00dfen. Die Funktion eines Sitzungscookies besteht beispielsweise darin, dass es bei der R\u00fcckkehr zu einem zuvor besuchten Teil der Website aktiviert wird und Ihnen so die Navigation auf der Website erleichtert. Ein permanenter Cookie hingegen wird in Ihrem Webbrowser gespeichert und erm\u00f6glicht es einer Webseite, die IP-Adresse Ihres Computers zu erkennen, auch wenn Sie Ihren Computer ausschalten oder sich zwischen den Besuchen ausloggen. Der Cookie wird f\u00fcr sechs Monate gespeichert und anschlie\u00dfend gel\u00f6scht.<\/p>\n<p>Das Unternehmen verwendet sowohl Sitzungscookies als auch dauerhafte Cookies auf unserer Website. Beide Arten von Cookies werden in erster Linie f\u00fcr die Funktionalit\u00e4t unserer Dienste ben\u00f6tigt, um die Bereitstellung von Produkten und Dienstleistungen zu verbessern, um Ihnen zus\u00e4tzliche Funktionen zur Verf\u00fcgung zu stellen oder um Ihnen relevante und ma\u00dfgeschneiderte Werbe-\/Marketingangebote zu machen. Dar\u00fcber hinaus verwendet das Unternehmen Drittanbieter-Cookies von Google Analytics, um zu untersuchen, wie die Informationen auf der Website des Unternehmens bestm\u00f6glich angepasst und entwickelt werden k\u00f6nnen.<\/p>\n<p>Die meisten Webbrowser haben eine Standardeinstellung, die die Verwendung von Cookies akzeptiert. Sie k\u00f6nnen auf die Speicherung von Cookies auf Ihrem Computer durch die Websites des Unternehmens mit einer Einstellung in Ihrem Webbrowser verzichten, einschlie\u00dflich der Blockierung von Cookies oder dem L\u00f6schen von auf Ihrem Computer gespeicherten Cookies. Bitte beachten Sie, dass, wenn Sie keine Cookies zulassen, einige Funktionen auf unseren Websites nicht mehr sicher und ordnungsgem\u00e4\u00df funktionieren und einige Dienste m\u00f6glicherweise nicht mehr bereitgestellt werden. Wie Sie die Einstellungen f\u00fcr Cookies \u00e4ndern oder l\u00f6schen, erfahren Sie in der Anleitung Ihres Webbrowsers oder in der Utility-Funktion, die normalerweise im Webbrowser verf\u00fcgbar ist.<\/p>\n<p>Siehe <a href=\"https:\/\/www.brokk.com\/about-cookies\/\">cookie-richtlinie<\/a> f\u00fcr weitere Details.<\/p>\n<h4>\u00c4nderungen der Datenschutzerkl\u00e4rung<\/h4>\n<p>Bitte beachten Sie, dass die Bedingungen der Datenschutzerkl\u00e4rung ge\u00e4ndert oder erg\u00e4nzt werden k\u00f6nnen. Jede neue Version wird auf der Website des Unternehmens ver\u00f6ffentlicht. Daher sollten Sie diese Bedingungen regelm\u00e4\u00dfig \u00fcberpr\u00fcfen, um sicherzustellen, dass Sie mit den \u00c4nderungen einverstanden sind.<\/p>\n<p>Im Falle bedeutender \u00c4nderungen werden wir Ihnen jedoch eine E-Mail senden, wenn Sie uns Ihre E-Mail-Adresse mitgeteilt haben, um Sie \u00fcber die vorgenommenen \u00c4nderungen zu informieren.<\/p>\n<h4>Kontaktieren Sie uns<\/h4>\n<p>Wenn Sie Fragen zu dieser Datenschutzerkl\u00e4rung haben, wenn Sie vermuten, dass eine Verletzung dieser Datenschutzerkl\u00e4rung vorliegt, oder wenn Sie uns aus irgendeinem der in dieser Datenschutzerkl\u00e4rung genannten Gr\u00fcnde kontaktieren m\u00f6chten, wenden Sie sich bitte an unseren Kundendienst unter den unten angegebenen Kontaktdaten.<\/p>\n<p>&nbsp;<\/p>\n<p><b>Brokk Aktiebolag<br \/>\nBox 730<br \/>\n931 27 Skellefte\u00e5<br \/>\n<a href=\"mailto:info@brokk.com\">info@brokk.com<\/a><\/b><\/p>\n","protected":false},"excerpt":{"rendered":"<p>\u00dcber Brokk AB und diese Datenschutzerkl\u00e4rung Verarbeitung Ihrer personenbezogenen Daten Brokk AB, Reg. Nr. 556115-6224, Box 730, 931 27 Skellefte\u00e5 (das &#8222;Unternehmen&#8220; oder &#8222;wir&#8220;) trifft alle notwen-digen Ma\u00dfnahmen, um sicherzustellen, dass personenbezogene Daten unserer Kunden, Lieferanten, Partner und anderer Gesch\u00e4ftspartner\u2026<\/p>\n","protected":false},"author":8,"featured_media":0,"parent":0,"menu_order":183,"comment_status":"closed","ping_status":"closed","template":"","meta":{"_acf_changed":false,"_relevanssi_hide_post":"","_relevanssi_hide_content":"","_relevanssi_pin_for_all":"","_relevanssi_pin_keywords":"","_relevanssi_unpin_keywords":"","_relevanssi_related_keywords":"","_relevanssi_related_include_ids":"","_relevanssi_related_exclude_ids":"","_relevanssi_related_no_append":"","_relevanssi_related_not_related":"","_relevanssi_related_posts":"","_relevanssi_noindex_reason":"","footnotes":""},"class_list":["post-4557","page","type-page","status-publish","hentry"],"acf":[],"yoast_head":"<!-- This site is optimized with the Yoast SEO plugin v27.0 - https:\/\/yoast.com\/product\/yoast-seo-wordpress\/ -->\n<title>Datenschutzerkl\u00e4rung - Brokk Schweiz<\/title>\n<meta name=\"robots\" content=\"index, follow, max-snippet:-1, max-image-preview:large, max-video-preview:-1\" \/>\n<link rel=\"canonical\" href=\"https:\/\/www.brokk.com\/ch\/privacy-policy\/\" \/>\n<meta property=\"og:locale\" content=\"de_DE\" \/>\n<meta property=\"og:type\" content=\"article\" \/>\n<meta property=\"og:title\" content=\"Datenschutzerkl\u00e4rung - Brokk Schweiz\" \/>\n<meta property=\"og:description\" content=\"\u00dcber Brokk AB und diese Datenschutzerkl\u00e4rung Verarbeitung Ihrer personenbezogenen Daten Brokk AB, Reg. Nr. 556115-6224, Box 730, 931 27 Skellefte\u00e5 (das &#8222;Unternehmen&#8220; oder &#8222;wir&#8220;) trifft alle notwen-digen Ma\u00dfnahmen, um sicherzustellen, dass personenbezogene Daten unserer Kunden, Lieferanten, Partner und anderer Gesch\u00e4ftspartner\u2026\" \/>\n<meta property=\"og:url\" content=\"https:\/\/www.brokk.com\/ch\/privacy-policy\/\" \/>\n<meta property=\"og:site_name\" content=\"Brokk Schweiz\" \/>\n<meta property=\"article:modified_time\" content=\"2019-02-07T08:02:03+00:00\" \/>\n<meta name=\"twitter:card\" content=\"summary_large_image\" \/>\n<meta name=\"twitter:label1\" content=\"Gesch\u00e4tzte Lesezeit\" \/>\n\t<meta name=\"twitter:data1\" content=\"12\u00a0Minuten\" \/>\n<script type=\"application\/ld+json\" class=\"yoast-schema-graph\">{\"@context\":\"https:\/\/schema.org\",\"@graph\":[{\"@type\":\"WebPage\",\"@id\":\"https:\/\/www.brokk.com\/ch\/privacy-policy\/\",\"url\":\"https:\/\/www.brokk.com\/ch\/privacy-policy\/\",\"name\":\"Datenschutzerkl\u00e4rung - Brokk Schweiz\",\"isPartOf\":{\"@id\":\"https:\/\/www.brokk.com\/ch\/#website\"},\"datePublished\":\"2018-04-06T13:37:11+00:00\",\"dateModified\":\"2019-02-07T08:02:03+00:00\",\"breadcrumb\":{\"@id\":\"https:\/\/www.brokk.com\/ch\/privacy-policy\/#breadcrumb\"},\"inLanguage\":\"de\",\"potentialAction\":[{\"@type\":\"ReadAction\",\"target\":[\"https:\/\/www.brokk.com\/ch\/privacy-policy\/\"]}]},{\"@type\":\"BreadcrumbList\",\"@id\":\"https:\/\/www.brokk.com\/ch\/privacy-policy\/#breadcrumb\",\"itemListElement\":[{\"@type\":\"ListItem\",\"position\":1,\"name\":\"Home\",\"item\":\"https:\/\/www.brokk.com\/ch\/\"},{\"@type\":\"ListItem\",\"position\":2,\"name\":\"Datenschutzerkl\u00e4rung\"}]},{\"@type\":\"WebSite\",\"@id\":\"https:\/\/www.brokk.com\/ch\/#website\",\"url\":\"https:\/\/www.brokk.com\/ch\/\",\"name\":\"Brokk Schweiz\",\"description\":\"\",\"potentialAction\":[{\"@type\":\"SearchAction\",\"target\":{\"@type\":\"EntryPoint\",\"urlTemplate\":\"https:\/\/www.brokk.com\/ch\/?s={search_term_string}\"},\"query-input\":{\"@type\":\"PropertyValueSpecification\",\"valueRequired\":true,\"valueName\":\"search_term_string\"}}],\"inLanguage\":\"de\"}]}<\/script>\n<!-- \/ Yoast SEO plugin. -->","yoast_head_json":{"title":"Datenschutzerkl\u00e4rung - Brokk Schweiz","robots":{"index":"index","follow":"follow","max-snippet":"max-snippet:-1","max-image-preview":"max-image-preview:large","max-video-preview":"max-video-preview:-1"},"canonical":"https:\/\/www.brokk.com\/ch\/privacy-policy\/","og_locale":"de_DE","og_type":"article","og_title":"Datenschutzerkl\u00e4rung - Brokk Schweiz","og_description":"\u00dcber Brokk AB und diese Datenschutzerkl\u00e4rung Verarbeitung Ihrer personenbezogenen Daten Brokk AB, Reg. Nr. 556115-6224, Box 730, 931 27 Skellefte\u00e5 (das &#8222;Unternehmen&#8220; oder &#8222;wir&#8220;) trifft alle notwen-digen Ma\u00dfnahmen, um sicherzustellen, dass personenbezogene Daten unserer Kunden, Lieferanten, Partner und anderer Gesch\u00e4ftspartner\u2026","og_url":"https:\/\/www.brokk.com\/ch\/privacy-policy\/","og_site_name":"Brokk Schweiz","article_modified_time":"2019-02-07T08:02:03+00:00","twitter_card":"summary_large_image","twitter_misc":{"Gesch\u00e4tzte Lesezeit":"12\u00a0Minuten"},"schema":{"@context":"https:\/\/schema.org","@graph":[{"@type":"WebPage","@id":"https:\/\/www.brokk.com\/ch\/privacy-policy\/","url":"https:\/\/www.brokk.com\/ch\/privacy-policy\/","name":"Datenschutzerkl\u00e4rung - Brokk Schweiz","isPartOf":{"@id":"https:\/\/www.brokk.com\/ch\/#website"},"datePublished":"2018-04-06T13:37:11+00:00","dateModified":"2019-02-07T08:02:03+00:00","breadcrumb":{"@id":"https:\/\/www.brokk.com\/ch\/privacy-policy\/#breadcrumb"},"inLanguage":"de","potentialAction":[{"@type":"ReadAction","target":["https:\/\/www.brokk.com\/ch\/privacy-policy\/"]}]},{"@type":"BreadcrumbList","@id":"https:\/\/www.brokk.com\/ch\/privacy-policy\/#breadcrumb","itemListElement":[{"@type":"ListItem","position":1,"name":"Home","item":"https:\/\/www.brokk.com\/ch\/"},{"@type":"ListItem","position":2,"name":"Datenschutzerkl\u00e4rung"}]},{"@type":"WebSite","@id":"https:\/\/www.brokk.com\/ch\/#website","url":"https:\/\/www.brokk.com\/ch\/","name":"Brokk Schweiz","description":"","potentialAction":[{"@type":"SearchAction","target":{"@type":"EntryPoint","urlTemplate":"https:\/\/www.brokk.com\/ch\/?s={search_term_string}"},"query-input":{"@type":"PropertyValueSpecification","valueRequired":true,"valueName":"search_term_string"}}],"inLanguage":"de"}]}},"_links":{"self":[{"href":"https:\/\/www.brokk.com\/ch\/wp-json\/wp\/v2\/pages\/4557","targetHints":{"allow":["GET"]}}],"collection":[{"href":"https:\/\/www.brokk.com\/ch\/wp-json\/wp\/v2\/pages"}],"about":[{"href":"https:\/\/www.brokk.com\/ch\/wp-json\/wp\/v2\/types\/page"}],"author":[{"embeddable":true,"href":"https:\/\/www.brokk.com\/ch\/wp-json\/wp\/v2\/users\/8"}],"replies":[{"embeddable":true,"href":"https:\/\/www.brokk.com\/ch\/wp-json\/wp\/v2\/comments?post=4557"}],"version-history":[{"count":5,"href":"https:\/\/www.brokk.com\/ch\/wp-json\/wp\/v2\/pages\/4557\/revisions"}],"predecessor-version":[{"id":4558,"href":"https:\/\/www.brokk.com\/ch\/wp-json\/wp\/v2\/pages\/4557\/revisions\/4558"}],"wp:attachment":[{"href":"https:\/\/www.brokk.com\/ch\/wp-json\/wp\/v2\/media?parent=4557"}],"curies":[{"name":"wp","href":"https:\/\/api.w.org\/{rel}","templated":true}]}}