{"id":4574,"date":"2018-04-06T13:56:51","date_gmt":"2018-04-06T12:56:51","guid":{"rendered":"https:\/\/www.brokk.com\/ch\/about-cookies\/"},"modified":"2024-03-22T17:17:50","modified_gmt":"2024-03-22T16:17:50","slug":"about-cookies","status":"publish","type":"page","link":"https:\/\/www.brokk.com\/ch\/about-cookies\/","title":{"rendered":"Cookies"},"content":{"rendered":"<p>Wenn Sie sich daf\u00fcr entscheiden, keine Cookies zu akzeptieren, k\u00f6nnen Sie m\u00f6glicherweise nicht alle Teile der Website nutzen und einige Teile der Website funktionieren m\u00f6glicherweise nicht ordnungsgem\u00e4\u00df.<\/p>\n<h4>was sind cookies?<\/h4>\n<p>Cookies sind kleine Textdateien mit Informationen, die auf Ihrem Computer (oder einem anderen Ger\u00e4t, mit dem Sie auf die Website zugreifen) gespeichert sind, wenn Sie eine Website besuchen. Ein Cookie enth\u00e4lt typischerweise den Namen der Website, von der das Cookie stammt, wie lange der Cookie gespeichert wird und eine Nummer (normalerweise eine zuf\u00e4llig generierte eindeutige Nummer). Cookies werden verwendet, um die Funktionsf\u00e4higkeit von Websites zu verbessern, aber auch, um dem Inhaber einer Website bestimmte Informationen zur Verf\u00fcgung zu stellen. Cookies erm\u00f6glichen es, verschiedene Benutzer voneinander zu unterscheiden, was jedem Benutzer eine pers\u00f6nlichere und positivere Erfahrung mit der Website erm\u00f6glichen kann.<\/p>\n<h4>Wof\u00fcr verwendet Brokk Cookies?<\/h4>\n<p>Brokk verwendet Cookies, die f\u00fcr das korrekte Funktionieren der Website erforderlich sind, und die f\u00fcr Sie notwendig sind, um auf der Website zu navigieren und ihre Funktionen zu nutzen.<\/p>\n<p>Die Website verwendet auch Cookies, die es erm\u00f6glichen, die Funktionen der Website zu optimieren, um Ihr Benutzererlebnis zu verbessern und zuk\u00fcnftige Besuche zu individualisieren, indem Sie sich an Ihre Benutzereinstellungen wie z.B. Ihre bevorzugte Sprache erinnern.<\/p>\n<p>&nbsp;<\/p>\n<h4>Cookies, die auf der\/den Brokk-Webseite(n) verwendet werden.<\/h4>\n<p>Es gibt drei Arten von Cookies auf der Website:<\/p>\n<p><strong>Langzeit-Cookies<\/strong>, z.B. Cookies, die eine Datei \u00fcber einen l\u00e4ngeren Zeitraum auf Ihrem Ger\u00e4t speichern. Langfristige Cookies werden beispielsweise mit Funktionen verwendet, die beschreiben, welche Informationen seit Ihrem letzten Besuch auf der Website neu sind. Wie lange das Cookie auf Ihrem Ger\u00e4t verbleibt, h\u00e4ngt von der Lebensdauer des jeweiligen Cookies und Ihren Browsereinstellungen ab.<\/p>\n<p><strong>Sitzungs-Cookies<\/strong>, d.h. Cookies, die tempor\u00e4r im Speicher Ihres Ger\u00e4ts gespeichert werden, w\u00e4hrend Sie eine Website besuchen und wenn Sie auf einer Seite navigieren. Session-Cookies werden beispielsweise verwendet, um festzustellen, welche Sprache Sie gew\u00e4hlt haben. Wenn Sie eine Website verlassen, werden die verwendeten Session-Cookies gel\u00f6scht.<\/p>\n<p><strong>Drittanbieter-Cookies<\/strong>, d.h. Cookies, die zu anderen als den in der Adressleiste angezeigten Dom\u00e4nen geh\u00f6ren. Cookies von Drittanbietern erm\u00f6glichen die Verfolgung des Browserverlaufs des Benutzers.<\/p>\n<p>Die folgende Tabelle listet die einzelnen auf unserer Website verwendeten Cookies auf, ihren Zweck, welche Informationen das Cookie speichert, ob es sich um ein Langzeit-Cookie, ein Session-Cookie (oder ein Cookie eines Drittanbieters) handelt, die Aufbewahrungsdauer jedes auf der Festplatte gespeicherten Cookie und ob die Informationen von Dritten stammen oder an Dritte weitergegeben werden.<\/p>\n<table>\n<tbody>\n<tr>\n<th>Cookie<\/th>\n<th>Zweck<\/th>\n<th>Gespeicherte Information<\/th>\n<th>Speicher-Zeitraum<\/th>\n<th>Weiterleiten<\/th>\n<\/tr>\n<\/tbody>\n<\/table>\n<h4>wie man cookies blockiert und\/oder l\u00f6scht<\/h4>\n<p>Die meisten Browser haben eine Standardeinstellung, die die Verwendung von Cookies akzeptiert. Sie k\u00f6nnen diese Einstellungen so \u00e4ndern, dass Sie benachrichtigt werden, wenn ein Cookie an Ihr Ger\u00e4t gesendet wird, oder eine Hauptregel erstellen, was bedeutet, dass Cookies blockiert werden. Sie k\u00f6nnen auch alle Cookies l\u00f6schen, die auf Ihrem Ger\u00e4t gespeichert sind.<\/p>\n<p>Wie Sie gespeicherte Cookies l\u00f6schen oder Ihre Cookie-Einstellungen \u00e4ndern k\u00f6nnen, erfahren Sie in der Hilfefunktion des Browsers. Wenn Sie verschiedene Ger\u00e4te verwenden, um die Website anzuzeigen und darauf zuzugreifen, m\u00fcssen Sie sicherstellen, dass der Browser auf jedem Ger\u00e4t an Ihre Pr\u00e4ferenzen bez\u00fcglich Cookies angepasst ist.<\/p>\n<h4>\u00c4nderung dieser Richtlinien und eventuelle fragen<\/h4>\n<p>Wenn Sie Fragen zur Verwendung von Cookies haben, kontaktieren Sie uns bitte unter folgender Adresse\u00a0<a href=\"mailto:xxxxxx@brokk.com\">XXXXXX@brokk.com<\/a><br \/>\nBrokk kann diese Informationen von Zeit zu Zeit aktualisieren, also besuchen Sie diese Website erneut, wenn die Verwendung von Cookies auf dieser Website Sie interessiert.<\/p>\n<style>.CookieDeclaration{font-size:16px;}<\/style><script id=\"CookieDeclaration\" data-culture=\"de\" src=\"https:\/\/consent.cookiebot.com\/f4cced5d-6ce6-4529-9ccd-4327437c4e65\/cd.js\" type=\"text\/javascript\" async><\/script>\n","protected":false},"excerpt":{"rendered":"<p>Wenn Sie sich daf\u00fcr entscheiden, keine Cookies zu akzeptieren, k\u00f6nnen Sie m\u00f6glicherweise nicht alle Teile der Website nutzen und einige Teile der Website funktionieren m\u00f6glicherweise nicht ordnungsgem\u00e4\u00df. was sind cookies? Cookies sind kleine Textdateien mit Informationen, die auf Ihrem Computer\u2026<\/p>\n","protected":false},"author":46,"featured_media":0,"parent":0,"menu_order":177,"comment_status":"closed","ping_status":"closed","template":"","meta":{"_acf_changed":false,"_relevanssi_hide_post":"","_relevanssi_hide_content":"","_relevanssi_pin_for_all":"","_relevanssi_pin_keywords":"","_relevanssi_unpin_keywords":"","_relevanssi_related_keywords":"","_relevanssi_related_include_ids":"","_relevanssi_related_exclude_ids":"","_relevanssi_related_no_append":"","_relevanssi_related_not_related":"","_relevanssi_related_posts":"","_relevanssi_noindex_reason":"","footnotes":""},"class_list":["post-4574","page","type-page","status-publish","hentry"],"acf":[],"yoast_head":"<!-- This site is optimized with the Yoast SEO plugin v27.0 - https:\/\/yoast.com\/product\/yoast-seo-wordpress\/ -->\n<title>Cookies - Brokk Schweiz<\/title>\n<meta name=\"robots\" content=\"index, follow, max-snippet:-1, max-image-preview:large, max-video-preview:-1\" \/>\n<link rel=\"canonical\" href=\"https:\/\/www.brokk.com\/ch\/about-cookies\/\" \/>\n<meta property=\"og:locale\" content=\"de_DE\" \/>\n<meta property=\"og:type\" content=\"article\" \/>\n<meta property=\"og:title\" content=\"Cookies - Brokk Schweiz\" \/>\n<meta property=\"og:description\" content=\"Wenn Sie sich daf\u00fcr entscheiden, keine Cookies zu akzeptieren, k\u00f6nnen Sie m\u00f6glicherweise nicht alle Teile der Website nutzen und einige Teile der Website funktionieren m\u00f6glicherweise nicht ordnungsgem\u00e4\u00df. was sind cookies? Cookies sind kleine Textdateien mit Informationen, die auf Ihrem Computer\u2026\" \/>\n<meta property=\"og:url\" content=\"https:\/\/www.brokk.com\/ch\/about-cookies\/\" \/>\n<meta property=\"og:site_name\" content=\"Brokk Schweiz\" \/>\n<meta property=\"article:modified_time\" content=\"2024-03-22T16:17:50+00:00\" \/>\n<meta name=\"twitter:card\" content=\"summary_large_image\" \/>\n<meta name=\"twitter:label1\" content=\"Gesch\u00e4tzte Lesezeit\" \/>\n\t<meta name=\"twitter:data1\" content=\"3\u00a0Minuten\" \/>\n<script type=\"application\/ld+json\" class=\"yoast-schema-graph\">{\"@context\":\"https:\/\/schema.org\",\"@graph\":[{\"@type\":\"WebPage\",\"@id\":\"https:\/\/www.brokk.com\/ch\/about-cookies\/\",\"url\":\"https:\/\/www.brokk.com\/ch\/about-cookies\/\",\"name\":\"Cookies - Brokk Schweiz\",\"isPartOf\":{\"@id\":\"https:\/\/www.brokk.com\/ch\/#website\"},\"datePublished\":\"2018-04-06T12:56:51+00:00\",\"dateModified\":\"2024-03-22T16:17:50+00:00\",\"breadcrumb\":{\"@id\":\"https:\/\/www.brokk.com\/ch\/about-cookies\/#breadcrumb\"},\"inLanguage\":\"de\",\"potentialAction\":[{\"@type\":\"ReadAction\",\"target\":[\"https:\/\/www.brokk.com\/ch\/about-cookies\/\"]}]},{\"@type\":\"BreadcrumbList\",\"@id\":\"https:\/\/www.brokk.com\/ch\/about-cookies\/#breadcrumb\",\"itemListElement\":[{\"@type\":\"ListItem\",\"position\":1,\"name\":\"Home\",\"item\":\"https:\/\/www.brokk.com\/ch\/\"},{\"@type\":\"ListItem\",\"position\":2,\"name\":\"Cookies\"}]},{\"@type\":\"WebSite\",\"@id\":\"https:\/\/www.brokk.com\/ch\/#website\",\"url\":\"https:\/\/www.brokk.com\/ch\/\",\"name\":\"Brokk Schweiz\",\"description\":\"\",\"potentialAction\":[{\"@type\":\"SearchAction\",\"target\":{\"@type\":\"EntryPoint\",\"urlTemplate\":\"https:\/\/www.brokk.com\/ch\/?s={search_term_string}\"},\"query-input\":{\"@type\":\"PropertyValueSpecification\",\"valueRequired\":true,\"valueName\":\"search_term_string\"}}],\"inLanguage\":\"de\"}]}<\/script>\n<!-- \/ Yoast SEO plugin. -->","yoast_head_json":{"title":"Cookies - Brokk Schweiz","robots":{"index":"index","follow":"follow","max-snippet":"max-snippet:-1","max-image-preview":"max-image-preview:large","max-video-preview":"max-video-preview:-1"},"canonical":"https:\/\/www.brokk.com\/ch\/about-cookies\/","og_locale":"de_DE","og_type":"article","og_title":"Cookies - Brokk Schweiz","og_description":"Wenn Sie sich daf\u00fcr entscheiden, keine Cookies zu akzeptieren, k\u00f6nnen Sie m\u00f6glicherweise nicht alle Teile der Website nutzen und einige Teile der Website funktionieren m\u00f6glicherweise nicht ordnungsgem\u00e4\u00df. was sind cookies? Cookies sind kleine Textdateien mit Informationen, die auf Ihrem Computer\u2026","og_url":"https:\/\/www.brokk.com\/ch\/about-cookies\/","og_site_name":"Brokk Schweiz","article_modified_time":"2024-03-22T16:17:50+00:00","twitter_card":"summary_large_image","twitter_misc":{"Gesch\u00e4tzte Lesezeit":"3\u00a0Minuten"},"schema":{"@context":"https:\/\/schema.org","@graph":[{"@type":"WebPage","@id":"https:\/\/www.brokk.com\/ch\/about-cookies\/","url":"https:\/\/www.brokk.com\/ch\/about-cookies\/","name":"Cookies - Brokk Schweiz","isPartOf":{"@id":"https:\/\/www.brokk.com\/ch\/#website"},"datePublished":"2018-04-06T12:56:51+00:00","dateModified":"2024-03-22T16:17:50+00:00","breadcrumb":{"@id":"https:\/\/www.brokk.com\/ch\/about-cookies\/#breadcrumb"},"inLanguage":"de","potentialAction":[{"@type":"ReadAction","target":["https:\/\/www.brokk.com\/ch\/about-cookies\/"]}]},{"@type":"BreadcrumbList","@id":"https:\/\/www.brokk.com\/ch\/about-cookies\/#breadcrumb","itemListElement":[{"@type":"ListItem","position":1,"name":"Home","item":"https:\/\/www.brokk.com\/ch\/"},{"@type":"ListItem","position":2,"name":"Cookies"}]},{"@type":"WebSite","@id":"https:\/\/www.brokk.com\/ch\/#website","url":"https:\/\/www.brokk.com\/ch\/","name":"Brokk Schweiz","description":"","potentialAction":[{"@type":"SearchAction","target":{"@type":"EntryPoint","urlTemplate":"https:\/\/www.brokk.com\/ch\/?s={search_term_string}"},"query-input":{"@type":"PropertyValueSpecification","valueRequired":true,"valueName":"search_term_string"}}],"inLanguage":"de"}]}},"_links":{"self":[{"href":"https:\/\/www.brokk.com\/ch\/wp-json\/wp\/v2\/pages\/4574","targetHints":{"allow":["GET"]}}],"collection":[{"href":"https:\/\/www.brokk.com\/ch\/wp-json\/wp\/v2\/pages"}],"about":[{"href":"https:\/\/www.brokk.com\/ch\/wp-json\/wp\/v2\/types\/page"}],"author":[{"embeddable":true,"href":"https:\/\/www.brokk.com\/ch\/wp-json\/wp\/v2\/users\/46"}],"replies":[{"embeddable":true,"href":"https:\/\/www.brokk.com\/ch\/wp-json\/wp\/v2\/comments?post=4574"}],"version-history":[{"count":5,"href":"https:\/\/www.brokk.com\/ch\/wp-json\/wp\/v2\/pages\/4574\/revisions"}],"predecessor-version":[{"id":7924,"href":"https:\/\/www.brokk.com\/ch\/wp-json\/wp\/v2\/pages\/4574\/revisions\/7924"}],"wp:attachment":[{"href":"https:\/\/www.brokk.com\/ch\/wp-json\/wp\/v2\/media?parent=4574"}],"curies":[{"name":"wp","href":"https:\/\/api.w.org\/{rel}","templated":true}]}}