{"id":4583,"date":"2018-04-06T08:00:17","date_gmt":"2018-04-06T07:00:17","guid":{"rendered":"https:\/\/www.brokk.com\/ch\/our-edge\/"},"modified":"2019-02-05T16:09:50","modified_gmt":"2019-02-05T15:09:50","slug":"our-edge","status":"publish","type":"page","link":"https:\/\/www.brokk.com\/ch\/our-edge\/","title":{"rendered":"Unser Vorsprung"},"content":{"rendered":"<h2>technische Vorteile<\/h2>\n<h4>grosses modellangebot<\/h4>\n<p>Die gr\u00f6\u00dfte Modellreihe mit einmaligen Eigenschaften und unz\u00e4hligen Optionen.<\/p>\n<h4>MAXIMALE Leistungsabgabe \u2013 MINIMALE leistungsaufnahme<\/h4>\n<p>Maximale Leistung bei minimalem Energieeinsatz. Betrieb mit kleinstm\u00f6glicher Sicherung. Gebaut, um die Werkzeugleistung zu optimieren..<\/p>\n<h4>ERGONOMISCHe bedienung<\/h4>\n<p>Tragegurt und Handst\u00fctze f\u00fcr Bedienhebel f\u00fcr optimale Ergonomie in der Praxis.<\/p>\n<h4>Robustes Elektriksystem<\/h4>\n<p>Ausgestattet mit besonders widerstandsf\u00e4higen Bauteilen f\u00fcr raue Umgebungen.<\/p>\n<h4>HERVORRAGENDE STABILIT\u00c4T<\/h4>\n<p>Raupenantrieb und lastausgleichende St\u00fctzausleger f\u00fcr maximale Standfestigkeit und Sicherheit.<\/p>\n<h4>einmaliges Steuersystem<\/h4>\n<p>Spitzen-Funktechnologie \/ Modernste Funktechnologie mit gut ablesbarem Display. Bew\u00e4hrte Zuverl\u00e4ssigkeit mit bis zu 300 m Reichweite ohne Verz\u00f6gerung.<\/p>\n<h4>Zuverl\u00e4ssigkeit<\/h4>\n<p>Konstruiert f\u00fcr harte Bedingungen mit sehr hei\u00dfen Temperaturen, basierend auf 40 Jahren Erfahrung.<\/p>\n<h4>beispiellose K\u00fchlleistung<\/h4>\n<p>Konzipiert f\u00fcr schwere Arbeit unter hei\u00dfen Bedingungen.<\/p>\n<h4>SERVICEFREUNDLICHKEIT<\/h4>\n<p>Alles ist f\u00fcr einen schnellen und einfachen Service ausgelegt, auch auf der Baustelle.<\/p>\n<h4>RICHTIGE KONFIGURATION F\u00dcR DIE ANWENDUNG<\/h4>\n<p>Gro\u00dfe Auswahl an Zubeh\u00f6r f\u00fcr Ihre spezifische Anwendung.<\/p>\n","protected":false},"excerpt":{"rendered":"<p>technische Vorteile grosses modellangebot Die gr\u00f6\u00dfte Modellreihe mit einmaligen Eigenschaften und unz\u00e4hligen Optionen. MAXIMALE Leistungsabgabe \u2013 MINIMALE leistungsaufnahme Maximale Leistung bei minimalem Energieeinsatz. Betrieb mit kleinstm\u00f6glicher Sicherung. Gebaut, um die Werkzeugleistung zu optimieren.. ERGONOMISCHe bedienung Tragegurt und Handst\u00fctze f\u00fcr Bedienhebel\u2026<\/p>\n","protected":false},"author":8,"featured_media":0,"parent":0,"menu_order":104,"comment_status":"closed","ping_status":"closed","template":"page-templates\/common.php","meta":{"_acf_changed":false,"_relevanssi_hide_post":"","_relevanssi_hide_content":"","_relevanssi_pin_for_all":"","_relevanssi_pin_keywords":"","_relevanssi_unpin_keywords":"","_relevanssi_related_keywords":"","_relevanssi_related_include_ids":"","_relevanssi_related_exclude_ids":"","_relevanssi_related_no_append":"","_relevanssi_related_not_related":"","_relevanssi_related_posts":"","_relevanssi_noindex_reason":"","footnotes":""},"class_list":["post-4583","page","type-page","status-publish","hentry"],"acf":[],"yoast_head":"<!-- This site is optimized with the Yoast SEO plugin v27.0 - https:\/\/yoast.com\/product\/yoast-seo-wordpress\/ -->\n<title>Unser Vorsprung - Brokk Schweiz<\/title>\n<meta name=\"robots\" content=\"index, follow, max-snippet:-1, max-image-preview:large, max-video-preview:-1\" \/>\n<link rel=\"canonical\" href=\"https:\/\/www.brokk.com\/ch\/our-edge\/\" \/>\n<meta property=\"og:locale\" content=\"de_DE\" \/>\n<meta property=\"og:type\" content=\"article\" \/>\n<meta property=\"og:title\" content=\"Unser Vorsprung - Brokk Schweiz\" \/>\n<meta property=\"og:description\" content=\"technische Vorteile grosses modellangebot Die gr\u00f6\u00dfte Modellreihe mit einmaligen Eigenschaften und unz\u00e4hligen Optionen. MAXIMALE Leistungsabgabe \u2013 MINIMALE leistungsaufnahme Maximale Leistung bei minimalem Energieeinsatz. Betrieb mit kleinstm\u00f6glicher Sicherung. Gebaut, um die Werkzeugleistung zu optimieren.. ERGONOMISCHe bedienung Tragegurt und Handst\u00fctze f\u00fcr Bedienhebel\u2026\" \/>\n<meta property=\"og:url\" content=\"https:\/\/www.brokk.com\/ch\/our-edge\/\" \/>\n<meta property=\"og:site_name\" content=\"Brokk Schweiz\" \/>\n<meta property=\"article:modified_time\" content=\"2019-02-05T15:09:50+00:00\" \/>\n<meta property=\"og:image\" content=\"https:\/\/www.brokk.com\/ch\/uploads\/sites\/12\/2018\/03\/our-edge-brokk300_hero.jpg\" \/>\n\t<meta property=\"og:image:width\" content=\"2560\" \/>\n\t<meta property=\"og:image:height\" content=\"1096\" \/>\n\t<meta property=\"og:image:type\" content=\"image\/jpeg\" \/>\n<meta name=\"twitter:card\" content=\"summary_large_image\" \/>\n<meta name=\"twitter:label1\" content=\"Gesch\u00e4tzte Lesezeit\" \/>\n\t<meta name=\"twitter:data1\" content=\"1\u00a0Minute\" \/>\n<script type=\"application\/ld+json\" class=\"yoast-schema-graph\">{\"@context\":\"https:\/\/schema.org\",\"@graph\":[{\"@type\":\"WebPage\",\"@id\":\"https:\/\/www.brokk.com\/ch\/our-edge\/\",\"url\":\"https:\/\/www.brokk.com\/ch\/our-edge\/\",\"name\":\"Unser Vorsprung - Brokk Schweiz\",\"isPartOf\":{\"@id\":\"https:\/\/www.brokk.com\/ch\/#website\"},\"datePublished\":\"2018-04-06T07:00:17+00:00\",\"dateModified\":\"2019-02-05T15:09:50+00:00\",\"breadcrumb\":{\"@id\":\"https:\/\/www.brokk.com\/ch\/our-edge\/#breadcrumb\"},\"inLanguage\":\"de\",\"potentialAction\":[{\"@type\":\"ReadAction\",\"target\":[\"https:\/\/www.brokk.com\/ch\/our-edge\/\"]}]},{\"@type\":\"BreadcrumbList\",\"@id\":\"https:\/\/www.brokk.com\/ch\/our-edge\/#breadcrumb\",\"itemListElement\":[{\"@type\":\"ListItem\",\"position\":1,\"name\":\"Home\",\"item\":\"https:\/\/www.brokk.com\/ch\/\"},{\"@type\":\"ListItem\",\"position\":2,\"name\":\"Unser Vorsprung\"}]},{\"@type\":\"WebSite\",\"@id\":\"https:\/\/www.brokk.com\/ch\/#website\",\"url\":\"https:\/\/www.brokk.com\/ch\/\",\"name\":\"Brokk Schweiz\",\"description\":\"\",\"potentialAction\":[{\"@type\":\"SearchAction\",\"target\":{\"@type\":\"EntryPoint\",\"urlTemplate\":\"https:\/\/www.brokk.com\/ch\/?s={search_term_string}\"},\"query-input\":{\"@type\":\"PropertyValueSpecification\",\"valueRequired\":true,\"valueName\":\"search_term_string\"}}],\"inLanguage\":\"de\"}]}<\/script>\n<!-- \/ Yoast SEO plugin. -->","yoast_head_json":{"title":"Unser Vorsprung - Brokk Schweiz","robots":{"index":"index","follow":"follow","max-snippet":"max-snippet:-1","max-image-preview":"max-image-preview:large","max-video-preview":"max-video-preview:-1"},"canonical":"https:\/\/www.brokk.com\/ch\/our-edge\/","og_locale":"de_DE","og_type":"article","og_title":"Unser Vorsprung - Brokk Schweiz","og_description":"technische Vorteile grosses modellangebot Die gr\u00f6\u00dfte Modellreihe mit einmaligen Eigenschaften und unz\u00e4hligen Optionen. MAXIMALE Leistungsabgabe \u2013 MINIMALE leistungsaufnahme Maximale Leistung bei minimalem Energieeinsatz. Betrieb mit kleinstm\u00f6glicher Sicherung. Gebaut, um die Werkzeugleistung zu optimieren.. ERGONOMISCHe bedienung Tragegurt und Handst\u00fctze f\u00fcr Bedienhebel\u2026","og_url":"https:\/\/www.brokk.com\/ch\/our-edge\/","og_site_name":"Brokk Schweiz","article_modified_time":"2019-02-05T15:09:50+00:00","og_image":[{"width":2560,"height":1096,"url":"https:\/\/www.brokk.com\/ch\/uploads\/sites\/12\/2018\/03\/our-edge-brokk300_hero.jpg","type":"image\/jpeg"}],"twitter_card":"summary_large_image","twitter_misc":{"Gesch\u00e4tzte Lesezeit":"1\u00a0Minute"},"schema":{"@context":"https:\/\/schema.org","@graph":[{"@type":"WebPage","@id":"https:\/\/www.brokk.com\/ch\/our-edge\/","url":"https:\/\/www.brokk.com\/ch\/our-edge\/","name":"Unser Vorsprung - Brokk Schweiz","isPartOf":{"@id":"https:\/\/www.brokk.com\/ch\/#website"},"datePublished":"2018-04-06T07:00:17+00:00","dateModified":"2019-02-05T15:09:50+00:00","breadcrumb":{"@id":"https:\/\/www.brokk.com\/ch\/our-edge\/#breadcrumb"},"inLanguage":"de","potentialAction":[{"@type":"ReadAction","target":["https:\/\/www.brokk.com\/ch\/our-edge\/"]}]},{"@type":"BreadcrumbList","@id":"https:\/\/www.brokk.com\/ch\/our-edge\/#breadcrumb","itemListElement":[{"@type":"ListItem","position":1,"name":"Home","item":"https:\/\/www.brokk.com\/ch\/"},{"@type":"ListItem","position":2,"name":"Unser Vorsprung"}]},{"@type":"WebSite","@id":"https:\/\/www.brokk.com\/ch\/#website","url":"https:\/\/www.brokk.com\/ch\/","name":"Brokk Schweiz","description":"","potentialAction":[{"@type":"SearchAction","target":{"@type":"EntryPoint","urlTemplate":"https:\/\/www.brokk.com\/ch\/?s={search_term_string}"},"query-input":{"@type":"PropertyValueSpecification","valueRequired":true,"valueName":"search_term_string"}}],"inLanguage":"de"}]}},"_links":{"self":[{"href":"https:\/\/www.brokk.com\/ch\/wp-json\/wp\/v2\/pages\/4583","targetHints":{"allow":["GET"]}}],"collection":[{"href":"https:\/\/www.brokk.com\/ch\/wp-json\/wp\/v2\/pages"}],"about":[{"href":"https:\/\/www.brokk.com\/ch\/wp-json\/wp\/v2\/types\/page"}],"author":[{"embeddable":true,"href":"https:\/\/www.brokk.com\/ch\/wp-json\/wp\/v2\/users\/8"}],"replies":[{"embeddable":true,"href":"https:\/\/www.brokk.com\/ch\/wp-json\/wp\/v2\/comments?post=4583"}],"version-history":[{"count":2,"href":"https:\/\/www.brokk.com\/ch\/wp-json\/wp\/v2\/pages\/4583\/revisions"}],"predecessor-version":[{"id":4587,"href":"https:\/\/www.brokk.com\/ch\/wp-json\/wp\/v2\/pages\/4583\/revisions\/4587"}],"wp:attachment":[{"href":"https:\/\/www.brokk.com\/ch\/wp-json\/wp\/v2\/media?parent=4583"}],"curies":[{"name":"wp","href":"https:\/\/api.w.org\/{rel}","templated":true}]}}