{"id":4870,"date":"2018-12-13T11:48:10","date_gmt":"2018-12-13T10:48:10","guid":{"rendered":"https:\/\/www.brokk.com\/ch\/?page_id=4870"},"modified":"2019-02-07T08:53:44","modified_gmt":"2019-02-07T07:53:44","slug":"die-brokk-gruppe","status":"publish","type":"page","link":"https:\/\/www.brokk.com\/ch\/about-brokk\/die-brokk-gruppe\/","title":{"rendered":"Die Brokk Gruppe"},"content":{"rendered":"<p>Die Brokk-Gruppe ist weltweit f\u00fchrend bei spezialisierten und technisch fortschrittlichen Abbruchger\u00e4ten, strahlungssicheren Elektroger\u00e4ten und Ger\u00e4ten f\u00fcr die Wartung von Industrie\u00f6fen. Die Gruppe besteht aus einer Reihe von marktf\u00fchrenden Produktgesellschaften sowie einer Reihe von Vertriebsgesellschaften auf der ganzen Welt.<\/p>\n<ul>\n<li>Brokk &#8211; Der weltweit f\u00fchrende Hersteller von modernen ferngesteuerten Abbruchmaschinen, allgemein &#8222;Abbruchroboter&#8220; genannt.<\/li>\n<li>Brokk Bricking Solutions \u2013 Ein f\u00fchrender Hersteller von spezialisierten Instandhaltungsger\u00e4ten f\u00fcr Industrie\u00f6fen.<\/li>\n<li>Darda \u2013 Der weltweit f\u00fchrende Hersteller von kompakten Betonzangen- und Stahlscheren sowie hydraulischen Spaltger\u00e4ten.<\/li>\n<li>Ahlberg Camera Systems \u2013 Ein weltweit f\u00fchrender Hersteller von speziellen strahlungssicheren Kamerasystemen und Beleuchtungssystemen.<\/li>\n<li>Aquajet Systems \u2013 Der weltweit f\u00fchrende Hersteller von Abbruchrobotern und \u2013anlagen mit H\u00f6chstdruckwasserstrahltechnik.<\/li>\n<\/ul>\n<p>Dar\u00fcber hinaus besteht die Brokk-Gruppe aus 12 Vertriebs- und Servicegesellschaften weltweit. Im Jahr 2017 besch\u00e4ftigte die Brokk-Gruppe weltweit mehr als 300 Mitarbeiter und erzielte einen Nettoumsatz von ca. 1,0 Mrd. SEK.<\/p>\n<p>&nbsp;<\/p>\n<p><img decoding=\"async\" src=\"https:\/\/www.brokk.com\/ch\/uploads\/sites\/12\/2018\/05\/brokk_world_map-720x480.jpg\" alt=\"\" \/>Die Brokk-Gruppe ist Teil der Investmentgesellschaft Lifco. Das Unternehmenskonzept von Lifco beruht auf dem Erwerb und der Entwicklung von marktf\u00fchrenden Nischenunternehmen mit dem Potential f\u00fcr ein nachhaltiges Ertragswachstum und robusten Cashflow. Ende 2017 bestand die Lifco aus 138 operativen Gesellschaften in 29 L\u00e4ndern mit rund 4.800 Mitarbeitern. Im Jahr 2017 erzielte Lifco einen Nettoumsatz von 10,0 Milliarden SEK und ein EBITA von 1,7 Milliarden SEK.<\/p>\n","protected":false},"excerpt":{"rendered":"<p>Die Brokk-Gruppe ist weltweit f\u00fchrend bei spezialisierten und technisch fortschrittlichen Abbruchger\u00e4ten, strahlungssicheren Elektroger\u00e4ten und Ger\u00e4ten f\u00fcr die Wartung von Industrie\u00f6fen. Die Gruppe besteht aus einer Reihe von marktf\u00fchrenden Produktgesellschaften sowie einer Reihe von Vertriebsgesellschaften auf der ganzen Welt. Brokk &#8211;\u2026<\/p>\n","protected":false},"author":8,"featured_media":0,"parent":4859,"menu_order":131,"comment_status":"closed","ping_status":"closed","template":"page-templates\/common.php","meta":{"_acf_changed":false,"_relevanssi_hide_post":"","_relevanssi_hide_content":"","_relevanssi_pin_for_all":"","_relevanssi_pin_keywords":"","_relevanssi_unpin_keywords":"","_relevanssi_related_keywords":"","_relevanssi_related_include_ids":"","_relevanssi_related_exclude_ids":"","_relevanssi_related_no_append":"","_relevanssi_related_not_related":"","_relevanssi_related_posts":"","_relevanssi_noindex_reason":"","footnotes":""},"class_list":["post-4870","page","type-page","status-publish","hentry"],"acf":[],"yoast_head":"<!-- This site is optimized with the Yoast SEO plugin v27.0 - https:\/\/yoast.com\/product\/yoast-seo-wordpress\/ -->\n<title>Die Brokk Gruppe - Brokk Schweiz<\/title>\n<meta name=\"robots\" content=\"index, follow, max-snippet:-1, max-image-preview:large, max-video-preview:-1\" \/>\n<link rel=\"canonical\" href=\"https:\/\/www.brokk.com\/ch\/about-brokk\/die-brokk-gruppe\/\" \/>\n<meta property=\"og:locale\" content=\"de_DE\" \/>\n<meta property=\"og:type\" content=\"article\" \/>\n<meta property=\"og:title\" content=\"Die Brokk Gruppe - Brokk Schweiz\" \/>\n<meta property=\"og:description\" content=\"Die Brokk-Gruppe ist weltweit f\u00fchrend bei spezialisierten und technisch fortschrittlichen Abbruchger\u00e4ten, strahlungssicheren Elektroger\u00e4ten und Ger\u00e4ten f\u00fcr die Wartung von Industrie\u00f6fen. Die Gruppe besteht aus einer Reihe von marktf\u00fchrenden Produktgesellschaften sowie einer Reihe von Vertriebsgesellschaften auf der ganzen Welt. Brokk &#8211;\u2026\" \/>\n<meta property=\"og:url\" content=\"https:\/\/www.brokk.com\/ch\/about-brokk\/die-brokk-gruppe\/\" \/>\n<meta property=\"og:site_name\" content=\"Brokk Schweiz\" \/>\n<meta property=\"article:modified_time\" content=\"2019-02-07T07:53:44+00:00\" \/>\n<meta property=\"og:image\" content=\"https:\/\/www.brokk.com\/ch\/uploads\/sites\/12\/2018\/03\/brokk_group_hero.jpg\" \/>\n\t<meta property=\"og:image:width\" content=\"2560\" \/>\n\t<meta property=\"og:image:height\" content=\"1096\" \/>\n\t<meta property=\"og:image:type\" content=\"image\/jpeg\" \/>\n<meta name=\"twitter:card\" content=\"summary_large_image\" \/>\n<meta name=\"twitter:label1\" content=\"Gesch\u00e4tzte Lesezeit\" \/>\n\t<meta name=\"twitter:data1\" content=\"1\u00a0Minute\" \/>\n<script type=\"application\/ld+json\" class=\"yoast-schema-graph\">{\"@context\":\"https:\/\/schema.org\",\"@graph\":[{\"@type\":\"WebPage\",\"@id\":\"https:\/\/www.brokk.com\/ch\/about-brokk\/die-brokk-gruppe\/\",\"url\":\"https:\/\/www.brokk.com\/ch\/about-brokk\/die-brokk-gruppe\/\",\"name\":\"Die Brokk Gruppe - Brokk Schweiz\",\"isPartOf\":{\"@id\":\"https:\/\/www.brokk.com\/ch\/#website\"},\"primaryImageOfPage\":{\"@id\":\"https:\/\/www.brokk.com\/ch\/about-brokk\/die-brokk-gruppe\/#primaryimage\"},\"image\":{\"@id\":\"https:\/\/www.brokk.com\/ch\/about-brokk\/die-brokk-gruppe\/#primaryimage\"},\"thumbnailUrl\":\"https:\/\/www.brokk.com\/ch\/uploads\/sites\/12\/2018\/05\/brokk_world_map-720x480.jpg\",\"datePublished\":\"2018-12-13T10:48:10+00:00\",\"dateModified\":\"2019-02-07T07:53:44+00:00\",\"breadcrumb\":{\"@id\":\"https:\/\/www.brokk.com\/ch\/about-brokk\/die-brokk-gruppe\/#breadcrumb\"},\"inLanguage\":\"de\",\"potentialAction\":[{\"@type\":\"ReadAction\",\"target\":[\"https:\/\/www.brokk.com\/ch\/about-brokk\/die-brokk-gruppe\/\"]}]},{\"@type\":\"ImageObject\",\"inLanguage\":\"de\",\"@id\":\"https:\/\/www.brokk.com\/ch\/about-brokk\/die-brokk-gruppe\/#primaryimage\",\"url\":\"https:\/\/www.brokk.com\/ch\/uploads\/sites\/12\/2018\/05\/brokk_world_map.jpg\",\"contentUrl\":\"https:\/\/www.brokk.com\/ch\/uploads\/sites\/12\/2018\/05\/brokk_world_map.jpg\",\"width\":1440,\"height\":960,\"caption\":\"Brokk sales and service companies across the world\"},{\"@type\":\"BreadcrumbList\",\"@id\":\"https:\/\/www.brokk.com\/ch\/about-brokk\/die-brokk-gruppe\/#breadcrumb\",\"itemListElement\":[{\"@type\":\"ListItem\",\"position\":1,\"name\":\"Home\",\"item\":\"https:\/\/www.brokk.com\/ch\/\"},{\"@type\":\"ListItem\",\"position\":2,\"name\":\"Unternehmen\",\"item\":\"https:\/\/www.brokk.com\/ch\/about-brokk\/\"},{\"@type\":\"ListItem\",\"position\":3,\"name\":\"Die Brokk Gruppe\"}]},{\"@type\":\"WebSite\",\"@id\":\"https:\/\/www.brokk.com\/ch\/#website\",\"url\":\"https:\/\/www.brokk.com\/ch\/\",\"name\":\"Brokk Schweiz\",\"description\":\"\",\"potentialAction\":[{\"@type\":\"SearchAction\",\"target\":{\"@type\":\"EntryPoint\",\"urlTemplate\":\"https:\/\/www.brokk.com\/ch\/?s={search_term_string}\"},\"query-input\":{\"@type\":\"PropertyValueSpecification\",\"valueRequired\":true,\"valueName\":\"search_term_string\"}}],\"inLanguage\":\"de\"}]}<\/script>\n<!-- \/ Yoast SEO plugin. -->","yoast_head_json":{"title":"Die Brokk Gruppe - Brokk Schweiz","robots":{"index":"index","follow":"follow","max-snippet":"max-snippet:-1","max-image-preview":"max-image-preview:large","max-video-preview":"max-video-preview:-1"},"canonical":"https:\/\/www.brokk.com\/ch\/about-brokk\/die-brokk-gruppe\/","og_locale":"de_DE","og_type":"article","og_title":"Die Brokk Gruppe - Brokk Schweiz","og_description":"Die Brokk-Gruppe ist weltweit f\u00fchrend bei spezialisierten und technisch fortschrittlichen Abbruchger\u00e4ten, strahlungssicheren Elektroger\u00e4ten und Ger\u00e4ten f\u00fcr die Wartung von Industrie\u00f6fen. Die Gruppe besteht aus einer Reihe von marktf\u00fchrenden Produktgesellschaften sowie einer Reihe von Vertriebsgesellschaften auf der ganzen Welt. Brokk &#8211;\u2026","og_url":"https:\/\/www.brokk.com\/ch\/about-brokk\/die-brokk-gruppe\/","og_site_name":"Brokk Schweiz","article_modified_time":"2019-02-07T07:53:44+00:00","og_image":[{"width":2560,"height":1096,"url":"https:\/\/www.brokk.com\/ch\/uploads\/sites\/12\/2018\/03\/brokk_group_hero.jpg","type":"image\/jpeg"}],"twitter_card":"summary_large_image","twitter_misc":{"Gesch\u00e4tzte Lesezeit":"1\u00a0Minute"},"schema":{"@context":"https:\/\/schema.org","@graph":[{"@type":"WebPage","@id":"https:\/\/www.brokk.com\/ch\/about-brokk\/die-brokk-gruppe\/","url":"https:\/\/www.brokk.com\/ch\/about-brokk\/die-brokk-gruppe\/","name":"Die Brokk Gruppe - Brokk Schweiz","isPartOf":{"@id":"https:\/\/www.brokk.com\/ch\/#website"},"primaryImageOfPage":{"@id":"https:\/\/www.brokk.com\/ch\/about-brokk\/die-brokk-gruppe\/#primaryimage"},"image":{"@id":"https:\/\/www.brokk.com\/ch\/about-brokk\/die-brokk-gruppe\/#primaryimage"},"thumbnailUrl":"https:\/\/www.brokk.com\/ch\/uploads\/sites\/12\/2018\/05\/brokk_world_map-720x480.jpg","datePublished":"2018-12-13T10:48:10+00:00","dateModified":"2019-02-07T07:53:44+00:00","breadcrumb":{"@id":"https:\/\/www.brokk.com\/ch\/about-brokk\/die-brokk-gruppe\/#breadcrumb"},"inLanguage":"de","potentialAction":[{"@type":"ReadAction","target":["https:\/\/www.brokk.com\/ch\/about-brokk\/die-brokk-gruppe\/"]}]},{"@type":"ImageObject","inLanguage":"de","@id":"https:\/\/www.brokk.com\/ch\/about-brokk\/die-brokk-gruppe\/#primaryimage","url":"https:\/\/www.brokk.com\/ch\/uploads\/sites\/12\/2018\/05\/brokk_world_map.jpg","contentUrl":"https:\/\/www.brokk.com\/ch\/uploads\/sites\/12\/2018\/05\/brokk_world_map.jpg","width":1440,"height":960,"caption":"Brokk sales and service companies across the world"},{"@type":"BreadcrumbList","@id":"https:\/\/www.brokk.com\/ch\/about-brokk\/die-brokk-gruppe\/#breadcrumb","itemListElement":[{"@type":"ListItem","position":1,"name":"Home","item":"https:\/\/www.brokk.com\/ch\/"},{"@type":"ListItem","position":2,"name":"Unternehmen","item":"https:\/\/www.brokk.com\/ch\/about-brokk\/"},{"@type":"ListItem","position":3,"name":"Die Brokk Gruppe"}]},{"@type":"WebSite","@id":"https:\/\/www.brokk.com\/ch\/#website","url":"https:\/\/www.brokk.com\/ch\/","name":"Brokk Schweiz","description":"","potentialAction":[{"@type":"SearchAction","target":{"@type":"EntryPoint","urlTemplate":"https:\/\/www.brokk.com\/ch\/?s={search_term_string}"},"query-input":{"@type":"PropertyValueSpecification","valueRequired":true,"valueName":"search_term_string"}}],"inLanguage":"de"}]}},"_links":{"self":[{"href":"https:\/\/www.brokk.com\/ch\/wp-json\/wp\/v2\/pages\/4870","targetHints":{"allow":["GET"]}}],"collection":[{"href":"https:\/\/www.brokk.com\/ch\/wp-json\/wp\/v2\/pages"}],"about":[{"href":"https:\/\/www.brokk.com\/ch\/wp-json\/wp\/v2\/types\/page"}],"author":[{"embeddable":true,"href":"https:\/\/www.brokk.com\/ch\/wp-json\/wp\/v2\/users\/8"}],"replies":[{"embeddable":true,"href":"https:\/\/www.brokk.com\/ch\/wp-json\/wp\/v2\/comments?post=4870"}],"version-history":[{"count":4,"href":"https:\/\/www.brokk.com\/ch\/wp-json\/wp\/v2\/pages\/4870\/revisions"}],"predecessor-version":[{"id":5127,"href":"https:\/\/www.brokk.com\/ch\/wp-json\/wp\/v2\/pages\/4870\/revisions\/5127"}],"up":[{"embeddable":true,"href":"https:\/\/www.brokk.com\/ch\/wp-json\/wp\/v2\/pages\/4859"}],"wp:attachment":[{"href":"https:\/\/www.brokk.com\/ch\/wp-json\/wp\/v2\/media?parent=4870"}],"curies":[{"name":"wp","href":"https:\/\/api.w.org\/{rel}","templated":true}]}}