{"id":4914,"date":"2018-03-09T15:32:23","date_gmt":"2018-03-09T15:32:23","guid":{"rendered":"https:\/\/www.brokk.com\/ch\/the-definitive-demolition-solution\/"},"modified":"2019-02-05T16:10:45","modified_gmt":"2019-02-05T15:10:45","slug":"the-definitive-demolition-solution","status":"publish","type":"page","link":"https:\/\/www.brokk.com\/ch\/the-definitive-demolition-solution\/","title":{"rendered":"Die kompromisslose Abbruchl\u00f6sung"},"content":{"rendered":"<h3><strong>Die kompromisslose abbruchl\u00f6sung<\/strong><\/h3>\n<p><strong>Jetzt macht Brokk den n\u00e4chsten Schritt im intelligenten Abbruch. Vier bereichserg\u00e4nzende Spitzenmodelle mit branchenf\u00fchrender Technologie und Funktionen: SmartPower erm\u00f6glicht rekordverd\u00e4chtige Leistung und Zuverl\u00e4ssigkeit, SmartRemote bietet ein neues Ma\u00df an Ergonomie und Produktivit\u00e4t und SmartDesign kombiniert Robustheit und Wartungsfreundlichkeit.<\/strong><\/p>\n<h4>BROKK 170: herz &amp; kopf<\/h4>\n<p>Der Brokk 170 ist die perfekte Weiterentwicklung des Brokk 160. Der Brokk 170 bietet mehr Leistung und Intelligenz in der gleichen ferngesteuerten Ausf\u00fchrung.<\/p>\n<h4>BROKK 200: Gr\u00f6sse, Kraft &amp; Reichweite<\/h4>\n<p>Der neue Brokk 200 \u2013 eine bahnbrechende Maschine, die Kraft und kompakte Gr\u00f6\u00dfe in einem 2.1 Tonnen Meisterwerk mit au\u00dfergew\u00f6hnlich kleiner Standfl\u00e4che vereint.<\/p>\n<h4>BROKK 520D:<\/h4>\n<p>Der weltweit umweltfreundlichste Abbruchroboter, der es in sich hat. Mit 40 Prozent mehr Schlagkraft und der F\u00e4higkeit gr\u00f6\u00dfere Anbauwerkzeuge zu nutzen.<\/p>\n<h4>BROKK 300: Eine neue legende<\/h4>\n<p>Wir haben das Wort &#8222;mittel&#8220; aus der mittelgro\u00dfen Maschine genommen. Mit dem Brokk 300 erhalten Sie 40 Prozent mehr Schlagkraft und k\u00f6nnen schwerere und leistungsf\u00e4higere Werkzeuge einsetzen.<\/p>\n<h4>verfolgen sie die Pr\u00e4sentation<\/h4>\n<p>Im Zusammenhang mit der offiziellen Markteinf\u00fchrung der neuen Maschinen haben wir eine exklusive Vorschau f\u00fcr unsere Partner in der Brokk-Zentrale in Skellefte\u00e5 organisiert. Hier sehen Sie einige Bilder dieser viel beachteten Veranstaltung.<\/p>\n<div class=\"video-container\"><iframe loading=\"lazy\" width=\"1024\" height=\"576\" src=\"https:\/\/www.youtube.com\/embed\/ZFgugHyQaBk?feature=oembed\" frameborder=\"0\" allow=\"accelerometer; autoplay; encrypted-media; gyroscope; picture-in-picture\" allowfullscreen><\/iframe><\/div>\n<p>&nbsp;<\/p>\n","protected":false},"excerpt":{"rendered":"<p>Die kompromisslose abbruchl\u00f6sung Jetzt macht Brokk den n\u00e4chsten Schritt im intelligenten Abbruch. Vier bereichserg\u00e4nzende Spitzenmodelle mit branchenf\u00fchrender Technologie und Funktionen: SmartPower erm\u00f6glicht rekordverd\u00e4chtige Leistung und Zuverl\u00e4ssigkeit, SmartRemote bietet ein neues Ma\u00df an Ergonomie und Produktivit\u00e4t und SmartDesign kombiniert Robustheit und\u2026<\/p>\n","protected":false},"author":2,"featured_media":4915,"parent":0,"menu_order":198,"comment_status":"closed","ping_status":"closed","template":"page-templates\/campaign.php","meta":{"_acf_changed":false,"_relevanssi_hide_post":"","_relevanssi_hide_content":"","_relevanssi_pin_for_all":"","_relevanssi_pin_keywords":"","_relevanssi_unpin_keywords":"","_relevanssi_related_keywords":"","_relevanssi_related_include_ids":"","_relevanssi_related_exclude_ids":"","_relevanssi_related_no_append":"","_relevanssi_related_not_related":"","_relevanssi_related_posts":"","_relevanssi_noindex_reason":"","footnotes":""},"class_list":["post-4914","page","type-page","status-publish","has-post-thumbnail","hentry"],"acf":[],"yoast_head":"<!-- This site is optimized with the Yoast SEO plugin v27.3 - https:\/\/yoast.com\/product\/yoast-seo-wordpress\/ -->\n<title>Die kompromisslose Abbruchl\u00f6sung - Brokk Schweiz<\/title>\n<meta name=\"robots\" content=\"index, follow, max-snippet:-1, max-image-preview:large, max-video-preview:-1\" \/>\n<link rel=\"canonical\" href=\"https:\/\/www.brokk.com\/ch\/the-definitive-demolition-solution\/\" \/>\n<meta property=\"og:locale\" content=\"de_DE\" \/>\n<meta property=\"og:type\" content=\"article\" \/>\n<meta property=\"og:title\" content=\"Die kompromisslose Abbruchl\u00f6sung - Brokk Schweiz\" \/>\n<meta property=\"og:description\" content=\"Die kompromisslose abbruchl\u00f6sung Jetzt macht Brokk den n\u00e4chsten Schritt im intelligenten Abbruch. Vier bereichserg\u00e4nzende Spitzenmodelle mit branchenf\u00fchrender Technologie und Funktionen: SmartPower erm\u00f6glicht rekordverd\u00e4chtige Leistung und Zuverl\u00e4ssigkeit, SmartRemote bietet ein neues Ma\u00df an Ergonomie und Produktivit\u00e4t und SmartDesign kombiniert Robustheit und\u2026\" \/>\n<meta property=\"og:url\" content=\"https:\/\/www.brokk.com\/ch\/the-definitive-demolition-solution\/\" \/>\n<meta property=\"og:site_name\" content=\"Brokk Schweiz\" \/>\n<meta property=\"article:modified_time\" content=\"2019-02-05T15:10:45+00:00\" \/>\n<meta property=\"og:image\" content=\"https:\/\/www.brokk.com\/ch\/uploads\/sites\/12\/2018\/05\/4_new_machines-1.jpg\" \/>\n\t<meta property=\"og:image:width\" content=\"1280\" \/>\n\t<meta property=\"og:image:height\" content=\"800\" \/>\n\t<meta property=\"og:image:type\" content=\"image\/jpeg\" \/>\n<meta name=\"twitter:card\" content=\"summary_large_image\" \/>\n<meta name=\"twitter:label1\" content=\"Gesch\u00e4tzte Lesezeit\" \/>\n\t<meta name=\"twitter:data1\" content=\"1\u00a0Minute\" \/>\n<script type=\"application\/ld+json\" class=\"yoast-schema-graph\">{\"@context\":\"https:\\\/\\\/schema.org\",\"@graph\":[{\"@type\":\"WebPage\",\"@id\":\"https:\\\/\\\/www.brokk.com\\\/ch\\\/the-definitive-demolition-solution\\\/\",\"url\":\"https:\\\/\\\/www.brokk.com\\\/ch\\\/the-definitive-demolition-solution\\\/\",\"name\":\"Die kompromisslose Abbruchl\u00f6sung - Brokk Schweiz\",\"isPartOf\":{\"@id\":\"https:\\\/\\\/www.brokk.com\\\/ch\\\/#website\"},\"primaryImageOfPage\":{\"@id\":\"https:\\\/\\\/www.brokk.com\\\/ch\\\/the-definitive-demolition-solution\\\/#primaryimage\"},\"image\":{\"@id\":\"https:\\\/\\\/www.brokk.com\\\/ch\\\/the-definitive-demolition-solution\\\/#primaryimage\"},\"thumbnailUrl\":\"https:\\\/\\\/www.brokk.com\\\/ch\\\/uploads\\\/sites\\\/12\\\/2018\\\/05\\\/4_new_machines-1.jpg\",\"datePublished\":\"2018-03-09T15:32:23+00:00\",\"dateModified\":\"2019-02-05T15:10:45+00:00\",\"breadcrumb\":{\"@id\":\"https:\\\/\\\/www.brokk.com\\\/ch\\\/the-definitive-demolition-solution\\\/#breadcrumb\"},\"inLanguage\":\"de\",\"potentialAction\":[{\"@type\":\"ReadAction\",\"target\":[\"https:\\\/\\\/www.brokk.com\\\/ch\\\/the-definitive-demolition-solution\\\/\"]}]},{\"@type\":\"ImageObject\",\"inLanguage\":\"de\",\"@id\":\"https:\\\/\\\/www.brokk.com\\\/ch\\\/the-definitive-demolition-solution\\\/#primaryimage\",\"url\":\"https:\\\/\\\/www.brokk.com\\\/ch\\\/uploads\\\/sites\\\/12\\\/2018\\\/05\\\/4_new_machines-1.jpg\",\"contentUrl\":\"https:\\\/\\\/www.brokk.com\\\/ch\\\/uploads\\\/sites\\\/12\\\/2018\\\/05\\\/4_new_machines-1.jpg\",\"width\":1280,\"height\":800},{\"@type\":\"BreadcrumbList\",\"@id\":\"https:\\\/\\\/www.brokk.com\\\/ch\\\/the-definitive-demolition-solution\\\/#breadcrumb\",\"itemListElement\":[{\"@type\":\"ListItem\",\"position\":1,\"name\":\"Home\",\"item\":\"https:\\\/\\\/www.brokk.com\\\/ch\\\/\"},{\"@type\":\"ListItem\",\"position\":2,\"name\":\"Die kompromisslose Abbruchl\u00f6sung\"}]},{\"@type\":\"WebSite\",\"@id\":\"https:\\\/\\\/www.brokk.com\\\/ch\\\/#website\",\"url\":\"https:\\\/\\\/www.brokk.com\\\/ch\\\/\",\"name\":\"Brokk Schweiz\",\"description\":\"\",\"potentialAction\":[{\"@type\":\"SearchAction\",\"target\":{\"@type\":\"EntryPoint\",\"urlTemplate\":\"https:\\\/\\\/www.brokk.com\\\/ch\\\/?s={search_term_string}\"},\"query-input\":{\"@type\":\"PropertyValueSpecification\",\"valueRequired\":true,\"valueName\":\"search_term_string\"}}],\"inLanguage\":\"de\"}]}<\/script>\n<!-- \/ Yoast SEO plugin. -->","yoast_head_json":{"title":"Die kompromisslose Abbruchl\u00f6sung - Brokk Schweiz","robots":{"index":"index","follow":"follow","max-snippet":"max-snippet:-1","max-image-preview":"max-image-preview:large","max-video-preview":"max-video-preview:-1"},"canonical":"https:\/\/www.brokk.com\/ch\/the-definitive-demolition-solution\/","og_locale":"de_DE","og_type":"article","og_title":"Die kompromisslose Abbruchl\u00f6sung - Brokk Schweiz","og_description":"Die kompromisslose abbruchl\u00f6sung Jetzt macht Brokk den n\u00e4chsten Schritt im intelligenten Abbruch. Vier bereichserg\u00e4nzende Spitzenmodelle mit branchenf\u00fchrender Technologie und Funktionen: SmartPower erm\u00f6glicht rekordverd\u00e4chtige Leistung und Zuverl\u00e4ssigkeit, SmartRemote bietet ein neues Ma\u00df an Ergonomie und Produktivit\u00e4t und SmartDesign kombiniert Robustheit und\u2026","og_url":"https:\/\/www.brokk.com\/ch\/the-definitive-demolition-solution\/","og_site_name":"Brokk Schweiz","article_modified_time":"2019-02-05T15:10:45+00:00","og_image":[{"width":1280,"height":800,"url":"https:\/\/www.brokk.com\/ch\/uploads\/sites\/12\/2018\/05\/4_new_machines-1.jpg","type":"image\/jpeg"}],"twitter_card":"summary_large_image","twitter_misc":{"Gesch\u00e4tzte Lesezeit":"1\u00a0Minute"},"schema":{"@context":"https:\/\/schema.org","@graph":[{"@type":"WebPage","@id":"https:\/\/www.brokk.com\/ch\/the-definitive-demolition-solution\/","url":"https:\/\/www.brokk.com\/ch\/the-definitive-demolition-solution\/","name":"Die kompromisslose Abbruchl\u00f6sung - Brokk Schweiz","isPartOf":{"@id":"https:\/\/www.brokk.com\/ch\/#website"},"primaryImageOfPage":{"@id":"https:\/\/www.brokk.com\/ch\/the-definitive-demolition-solution\/#primaryimage"},"image":{"@id":"https:\/\/www.brokk.com\/ch\/the-definitive-demolition-solution\/#primaryimage"},"thumbnailUrl":"https:\/\/www.brokk.com\/ch\/uploads\/sites\/12\/2018\/05\/4_new_machines-1.jpg","datePublished":"2018-03-09T15:32:23+00:00","dateModified":"2019-02-05T15:10:45+00:00","breadcrumb":{"@id":"https:\/\/www.brokk.com\/ch\/the-definitive-demolition-solution\/#breadcrumb"},"inLanguage":"de","potentialAction":[{"@type":"ReadAction","target":["https:\/\/www.brokk.com\/ch\/the-definitive-demolition-solution\/"]}]},{"@type":"ImageObject","inLanguage":"de","@id":"https:\/\/www.brokk.com\/ch\/the-definitive-demolition-solution\/#primaryimage","url":"https:\/\/www.brokk.com\/ch\/uploads\/sites\/12\/2018\/05\/4_new_machines-1.jpg","contentUrl":"https:\/\/www.brokk.com\/ch\/uploads\/sites\/12\/2018\/05\/4_new_machines-1.jpg","width":1280,"height":800},{"@type":"BreadcrumbList","@id":"https:\/\/www.brokk.com\/ch\/the-definitive-demolition-solution\/#breadcrumb","itemListElement":[{"@type":"ListItem","position":1,"name":"Home","item":"https:\/\/www.brokk.com\/ch\/"},{"@type":"ListItem","position":2,"name":"Die kompromisslose Abbruchl\u00f6sung"}]},{"@type":"WebSite","@id":"https:\/\/www.brokk.com\/ch\/#website","url":"https:\/\/www.brokk.com\/ch\/","name":"Brokk Schweiz","description":"","potentialAction":[{"@type":"SearchAction","target":{"@type":"EntryPoint","urlTemplate":"https:\/\/www.brokk.com\/ch\/?s={search_term_string}"},"query-input":{"@type":"PropertyValueSpecification","valueRequired":true,"valueName":"search_term_string"}}],"inLanguage":"de"}]}},"_links":{"self":[{"href":"https:\/\/www.brokk.com\/ch\/wp-json\/wp\/v2\/pages\/4914","targetHints":{"allow":["GET"]}}],"collection":[{"href":"https:\/\/www.brokk.com\/ch\/wp-json\/wp\/v2\/pages"}],"about":[{"href":"https:\/\/www.brokk.com\/ch\/wp-json\/wp\/v2\/types\/page"}],"author":[{"embeddable":true,"href":"https:\/\/www.brokk.com\/ch\/wp-json\/wp\/v2\/users\/2"}],"replies":[{"embeddable":true,"href":"https:\/\/www.brokk.com\/ch\/wp-json\/wp\/v2\/comments?post=4914"}],"version-history":[{"count":2,"href":"https:\/\/www.brokk.com\/ch\/wp-json\/wp\/v2\/pages\/4914\/revisions"}],"predecessor-version":[{"id":5498,"href":"https:\/\/www.brokk.com\/ch\/wp-json\/wp\/v2\/pages\/4914\/revisions\/5498"}],"wp:featuredmedia":[{"embeddable":true,"href":"https:\/\/www.brokk.com\/ch\/wp-json\/wp\/v2\/media\/4915"}],"wp:attachment":[{"href":"https:\/\/www.brokk.com\/ch\/wp-json\/wp\/v2\/media?parent=4914"}],"curies":[{"name":"wp","href":"https:\/\/api.w.org\/{rel}","templated":true}]}}