{"id":4979,"date":"2018-12-12T09:17:45","date_gmt":"2018-12-12T08:17:45","guid":{"rendered":"https:\/\/www.brokk.com\/ch\/?page_id=4979"},"modified":"2019-02-07T10:24:16","modified_gmt":"2019-02-07T09:24:16","slug":"fe","status":"publish","type":"page","link":"https:\/\/www.brokk.com\/ch\/about-brokk\/fe\/","title":{"rendered":"F&amp;E"},"content":{"rendered":"<p>Seit mehr als 40 Jahren f\u00fchrt Brokk die Innovation f\u00fcr Abbruchroboter an und tut dies auch heute noch. Der Ursprung von Brokk und das Konzept der ferngesteuerten Abbruchmaschinen gehen auf zwei Unternehmer zur\u00fcck, die auf der Suche nach L\u00f6sungen f\u00fcr die realen Herausforderungen auf ihren Baustellen waren. Diese Einstellung steht auch heute noch im Mittelpunkt aller F&amp;E- und Entwicklungsarbeiten bei Brokk. Neue Konzepte, Funktionen, Designvorschl\u00e4ge oder Verbesserungen an Maschinen sollten immer die Verbesserung der Arbeit mit den Maschinen auf der Baustelle in der Praxis zum Ziel haben. Und das sind meist sehr harte und raue Bedingungen f\u00fcr eine Abbruchmaschine. Deshalb \u00fcberpr\u00fcfen wir alle neuen Funktionen und Modifikationen, die wir an unseren Ger\u00e4ten vornehmen, auf der Grundlage der Kriterien, die sie in Bezug auf Produktivit\u00e4t, Sicherheit, Ergonomie usw. erf\u00fcllen m\u00fcssen. Gleichzeitig sollen Weiterentwicklungen aber auch die Zuverl\u00e4ssigkeit und Verf\u00fcgbarkeit der Maschine im Feld verbessern. Kurzum, bei Brokk entwickeln und bauen wir Maschinen f\u00fcr den harten Alltag.<\/p>\n<h4>f\u00fchrende technologien<\/h4>\n<p>Unsere L\u00f6sungsans\u00e4tze f\u00fcr den harten Alltag hindern uns nicht daran, Spitzentechnologien in unseren Maschinen zu entwickeln und umzusetzen. Und unsere \u00fcber 40-j\u00e4hrige Erfahrung flie\u00dft in die Werkzeuge ein, die wir zur Optimierungen und Anpassungen \u00a0an den Maschinen nutzen, zum Beispiel unsere erfahrungsbasierten, fortschrittlichen Datenmodellierungswerkzeuge, die einzigartig f\u00fcr Abbruchroboter sind. Dar\u00fcber hinaus haben wir f\u00fcr unsere Forschungs- und Entwicklungsarbeit zahlreiche Patente f\u00fcr unsere besonderen Innovationen erhalten, unabh\u00e4ngig davon, ob sie sich auf Ergonomie, hydraulische Effizienz, Elektronik oder mehr beziehen. Eine der zukunftsweisenden Technologien, die Brokk entwickelt hat, ist SmartPower<sup>TM<\/sup>-Konzept, ein einzigartiger elektrischer Antriebsstrang, der die Abbruchleistung von Brokk-Maschinen in den letzten 10 Jahren praktisch verdoppelt hat, und die Einstellung &#8222;niedrige Sicherung&#8220;, die wir bei einigen Maschinen haben, damit sie auf Baustellen mit weniger Leistung betrieben werden k\u00f6nnen, wenn diese begrenzt ist. Das nennen wir Engineering f\u00fcr den echten Alltag.<\/p>\n","protected":false},"excerpt":{"rendered":"<p>WEGWEISEND BEI PRAXISNAHEN L\u00d6SUNGEN<br \/>\nBrokk ist nicht nur Weltmarktf\u00fchrer im Verkauf von Abbruchrobotern, sondern auch klarer Marktf\u00fchrer in Forschung, Entwicklung und Innovation. Kein anderes Unternehmen \u00fcberzeugt mit so vielen Innovationen. <\/p>\n","protected":false},"author":8,"featured_media":0,"parent":4859,"menu_order":85,"comment_status":"closed","ping_status":"closed","template":"page-templates\/common.php","meta":{"_acf_changed":false,"_relevanssi_hide_post":"","_relevanssi_hide_content":"","_relevanssi_pin_for_all":"","_relevanssi_pin_keywords":"","_relevanssi_unpin_keywords":"","_relevanssi_related_keywords":"","_relevanssi_related_include_ids":"","_relevanssi_related_exclude_ids":"","_relevanssi_related_no_append":"","_relevanssi_related_not_related":"","_relevanssi_related_posts":"","_relevanssi_noindex_reason":"","footnotes":""},"class_list":["post-4979","page","type-page","status-publish","hentry"],"acf":[],"yoast_head":"<!-- This site is optimized with the Yoast SEO plugin v27.0 - https:\/\/yoast.com\/product\/yoast-seo-wordpress\/ -->\n<title>F&amp;E - Brokk Schweiz<\/title>\n<meta name=\"robots\" content=\"index, follow, max-snippet:-1, max-image-preview:large, max-video-preview:-1\" \/>\n<link rel=\"canonical\" href=\"https:\/\/www.brokk.com\/ch\/about-brokk\/fe\/\" \/>\n<meta property=\"og:locale\" content=\"de_DE\" \/>\n<meta property=\"og:type\" content=\"article\" \/>\n<meta property=\"og:title\" content=\"F&amp;E - Brokk Schweiz\" \/>\n<meta property=\"og:description\" content=\"WEGWEISEND BEI PRAXISNAHEN L\u00d6SUNGEN Brokk ist nicht nur Weltmarktf\u00fchrer im Verkauf von Abbruchrobotern, sondern auch klarer Marktf\u00fchrer in Forschung, Entwicklung und Innovation. Kein anderes Unternehmen \u00fcberzeugt mit so vielen Innovationen.\" \/>\n<meta property=\"og:url\" content=\"https:\/\/www.brokk.com\/ch\/about-brokk\/fe\/\" \/>\n<meta property=\"og:site_name\" content=\"Brokk Schweiz\" \/>\n<meta property=\"article:modified_time\" content=\"2019-02-07T09:24:16+00:00\" \/>\n<meta property=\"og:image\" content=\"https:\/\/www.brokk.com\/ch\/uploads\/sites\/12\/2018\/03\/r-and-d_hero.jpg\" \/>\n\t<meta property=\"og:image:width\" content=\"2560\" \/>\n\t<meta property=\"og:image:height\" content=\"1096\" \/>\n\t<meta property=\"og:image:type\" content=\"image\/jpeg\" \/>\n<meta name=\"twitter:card\" content=\"summary_large_image\" \/>\n<meta name=\"twitter:label1\" content=\"Gesch\u00e4tzte Lesezeit\" \/>\n\t<meta name=\"twitter:data1\" content=\"2\u00a0Minuten\" \/>\n<script type=\"application\/ld+json\" class=\"yoast-schema-graph\">{\"@context\":\"https:\/\/schema.org\",\"@graph\":[{\"@type\":\"WebPage\",\"@id\":\"https:\/\/www.brokk.com\/ch\/about-brokk\/fe\/\",\"url\":\"https:\/\/www.brokk.com\/ch\/about-brokk\/fe\/\",\"name\":\"F&amp;E - Brokk Schweiz\",\"isPartOf\":{\"@id\":\"https:\/\/www.brokk.com\/ch\/#website\"},\"datePublished\":\"2018-12-12T08:17:45+00:00\",\"dateModified\":\"2019-02-07T09:24:16+00:00\",\"breadcrumb\":{\"@id\":\"https:\/\/www.brokk.com\/ch\/about-brokk\/fe\/#breadcrumb\"},\"inLanguage\":\"de\",\"potentialAction\":[{\"@type\":\"ReadAction\",\"target\":[\"https:\/\/www.brokk.com\/ch\/about-brokk\/fe\/\"]}]},{\"@type\":\"BreadcrumbList\",\"@id\":\"https:\/\/www.brokk.com\/ch\/about-brokk\/fe\/#breadcrumb\",\"itemListElement\":[{\"@type\":\"ListItem\",\"position\":1,\"name\":\"Home\",\"item\":\"https:\/\/www.brokk.com\/ch\/\"},{\"@type\":\"ListItem\",\"position\":2,\"name\":\"Unternehmen\",\"item\":\"https:\/\/www.brokk.com\/ch\/about-brokk\/\"},{\"@type\":\"ListItem\",\"position\":3,\"name\":\"F&amp;E\"}]},{\"@type\":\"WebSite\",\"@id\":\"https:\/\/www.brokk.com\/ch\/#website\",\"url\":\"https:\/\/www.brokk.com\/ch\/\",\"name\":\"Brokk Schweiz\",\"description\":\"\",\"potentialAction\":[{\"@type\":\"SearchAction\",\"target\":{\"@type\":\"EntryPoint\",\"urlTemplate\":\"https:\/\/www.brokk.com\/ch\/?s={search_term_string}\"},\"query-input\":{\"@type\":\"PropertyValueSpecification\",\"valueRequired\":true,\"valueName\":\"search_term_string\"}}],\"inLanguage\":\"de\"}]}<\/script>\n<!-- \/ Yoast SEO plugin. -->","yoast_head_json":{"title":"F&amp;E - Brokk Schweiz","robots":{"index":"index","follow":"follow","max-snippet":"max-snippet:-1","max-image-preview":"max-image-preview:large","max-video-preview":"max-video-preview:-1"},"canonical":"https:\/\/www.brokk.com\/ch\/about-brokk\/fe\/","og_locale":"de_DE","og_type":"article","og_title":"F&amp;E - Brokk Schweiz","og_description":"WEGWEISEND BEI PRAXISNAHEN L\u00d6SUNGEN Brokk ist nicht nur Weltmarktf\u00fchrer im Verkauf von Abbruchrobotern, sondern auch klarer Marktf\u00fchrer in Forschung, Entwicklung und Innovation. Kein anderes Unternehmen \u00fcberzeugt mit so vielen Innovationen.","og_url":"https:\/\/www.brokk.com\/ch\/about-brokk\/fe\/","og_site_name":"Brokk Schweiz","article_modified_time":"2019-02-07T09:24:16+00:00","og_image":[{"width":2560,"height":1096,"url":"https:\/\/www.brokk.com\/ch\/uploads\/sites\/12\/2018\/03\/r-and-d_hero.jpg","type":"image\/jpeg"}],"twitter_card":"summary_large_image","twitter_misc":{"Gesch\u00e4tzte Lesezeit":"2\u00a0Minuten"},"schema":{"@context":"https:\/\/schema.org","@graph":[{"@type":"WebPage","@id":"https:\/\/www.brokk.com\/ch\/about-brokk\/fe\/","url":"https:\/\/www.brokk.com\/ch\/about-brokk\/fe\/","name":"F&amp;E - Brokk Schweiz","isPartOf":{"@id":"https:\/\/www.brokk.com\/ch\/#website"},"datePublished":"2018-12-12T08:17:45+00:00","dateModified":"2019-02-07T09:24:16+00:00","breadcrumb":{"@id":"https:\/\/www.brokk.com\/ch\/about-brokk\/fe\/#breadcrumb"},"inLanguage":"de","potentialAction":[{"@type":"ReadAction","target":["https:\/\/www.brokk.com\/ch\/about-brokk\/fe\/"]}]},{"@type":"BreadcrumbList","@id":"https:\/\/www.brokk.com\/ch\/about-brokk\/fe\/#breadcrumb","itemListElement":[{"@type":"ListItem","position":1,"name":"Home","item":"https:\/\/www.brokk.com\/ch\/"},{"@type":"ListItem","position":2,"name":"Unternehmen","item":"https:\/\/www.brokk.com\/ch\/about-brokk\/"},{"@type":"ListItem","position":3,"name":"F&amp;E"}]},{"@type":"WebSite","@id":"https:\/\/www.brokk.com\/ch\/#website","url":"https:\/\/www.brokk.com\/ch\/","name":"Brokk Schweiz","description":"","potentialAction":[{"@type":"SearchAction","target":{"@type":"EntryPoint","urlTemplate":"https:\/\/www.brokk.com\/ch\/?s={search_term_string}"},"query-input":{"@type":"PropertyValueSpecification","valueRequired":true,"valueName":"search_term_string"}}],"inLanguage":"de"}]}},"_links":{"self":[{"href":"https:\/\/www.brokk.com\/ch\/wp-json\/wp\/v2\/pages\/4979","targetHints":{"allow":["GET"]}}],"collection":[{"href":"https:\/\/www.brokk.com\/ch\/wp-json\/wp\/v2\/pages"}],"about":[{"href":"https:\/\/www.brokk.com\/ch\/wp-json\/wp\/v2\/types\/page"}],"author":[{"embeddable":true,"href":"https:\/\/www.brokk.com\/ch\/wp-json\/wp\/v2\/users\/8"}],"replies":[{"embeddable":true,"href":"https:\/\/www.brokk.com\/ch\/wp-json\/wp\/v2\/comments?post=4979"}],"version-history":[{"count":4,"href":"https:\/\/www.brokk.com\/ch\/wp-json\/wp\/v2\/pages\/4979\/revisions"}],"predecessor-version":[{"id":5457,"href":"https:\/\/www.brokk.com\/ch\/wp-json\/wp\/v2\/pages\/4979\/revisions\/5457"}],"up":[{"embeddable":true,"href":"https:\/\/www.brokk.com\/ch\/wp-json\/wp\/v2\/pages\/4859"}],"wp:attachment":[{"href":"https:\/\/www.brokk.com\/ch\/wp-json\/wp\/v2\/media?parent=4979"}],"curies":[{"name":"wp","href":"https:\/\/api.w.org\/{rel}","templated":true}]}}