{"id":4988,"date":"2018-12-12T09:34:27","date_gmt":"2018-12-12T08:34:27","guid":{"rendered":"https:\/\/www.brokk.com\/ch\/?page_id=4988"},"modified":"2019-02-07T10:18:58","modified_gmt":"2019-02-07T09:18:58","slug":"ersatzteile","status":"publish","type":"page","link":"https:\/\/www.brokk.com\/ch\/kundendienst\/ersatzteile\/","title":{"rendered":"Ersatzteile"},"content":{"rendered":"<p>Alle unsere Original-Ersatzteile wurden an unserer Modellserie getestet, um sicherzustellen, dass Sie Ihre Brokk-Vorteile auch nach Service und Wartung behalten. Um die Fehlersuche zu vereinfachen, stellen wir zu jeder Brokk-Maschine ein ausf\u00fchrliches, benutzerfreundliches Handbuch zur Verf\u00fcgung, und unser umfangreiches Servicewissen ist nur einen Anruf entfernt. Auf Wunsch stellen wir auch ma\u00dfgeschneiderte Ersatzteilpakete f\u00fcr Ihre neue Maschine zusammen. Dar\u00fcber hinaus nehmen alle unsere Vertriebspartner an kontinuierlichen, umfassenden Schulungsprogrammen teil, die weltweit den gleichen hochwertigen Brokk-Service garantieren. Unser leistungsf\u00e4higes Distributionszentrum in Verbindung mit einem gut ausgestatteten Servicenetz sorgt f\u00fcr eine effektive Fehlersuche und schnelle Ersatzteillieferung &#8211; zwei wesentliche Faktoren, um schwierige Abbrucharbeiten sicher und termingerecht durchzuf\u00fchren. F\u00fcr ein Ersatzteilh\u00e4ndler in Ihrer N\u00e4he, klicken Sie <a href=\"https:\/\/www.brokk.com\/contact\/find-service\/\">hIER<\/a><\/p>\n","protected":false},"excerpt":{"rendered":"<p>Alle unsere Original-Ersatzteile wurden an unserer Modellserie getestet, um sicherzustellen, dass Sie Ihre Brokk-Vorteile auch nach Service und Wartung behalten. Um die Fehlersuche zu vereinfachen, stellen wir zu jeder Brokk-Maschine ein ausf\u00fchrliches, benutzerfreundliches Handbuch zur Verf\u00fcgung, und unser umfangreiches Servicewissen\u2026<\/p>\n","protected":false},"author":8,"featured_media":4953,"parent":4948,"menu_order":52,"comment_status":"closed","ping_status":"closed","template":"page-templates\/common.php","meta":{"_acf_changed":false,"_relevanssi_hide_post":"","_relevanssi_hide_content":"","_relevanssi_pin_for_all":"","_relevanssi_pin_keywords":"","_relevanssi_unpin_keywords":"","_relevanssi_related_keywords":"","_relevanssi_related_include_ids":"","_relevanssi_related_exclude_ids":"","_relevanssi_related_no_append":"","_relevanssi_related_not_related":"","_relevanssi_related_posts":"","_relevanssi_noindex_reason":"","footnotes":""},"class_list":["post-4988","page","type-page","status-publish","has-post-thumbnail","hentry"],"acf":[],"yoast_head":"<!-- This site is optimized with the Yoast SEO plugin v27.3 - https:\/\/yoast.com\/product\/yoast-seo-wordpress\/ -->\n<title>Ersatzteile - Brokk Schweiz<\/title>\n<meta name=\"robots\" content=\"index, follow, max-snippet:-1, max-image-preview:large, max-video-preview:-1\" \/>\n<link rel=\"canonical\" href=\"https:\/\/www.brokk.com\/ch\/kundendienst\/ersatzteile\/\" \/>\n<meta property=\"og:locale\" content=\"de_DE\" \/>\n<meta property=\"og:type\" content=\"article\" \/>\n<meta property=\"og:title\" content=\"Ersatzteile - Brokk Schweiz\" \/>\n<meta property=\"og:description\" content=\"Alle unsere Original-Ersatzteile wurden an unserer Modellserie getestet, um sicherzustellen, dass Sie Ihre Brokk-Vorteile auch nach Service und Wartung behalten. Um die Fehlersuche zu vereinfachen, stellen wir zu jeder Brokk-Maschine ein ausf\u00fchrliches, benutzerfreundliches Handbuch zur Verf\u00fcgung, und unser umfangreiches Servicewissen\u2026\" \/>\n<meta property=\"og:url\" content=\"https:\/\/www.brokk.com\/ch\/kundendienst\/ersatzteile\/\" \/>\n<meta property=\"og:site_name\" content=\"Brokk Schweiz\" \/>\n<meta property=\"article:modified_time\" content=\"2019-02-07T09:18:58+00:00\" \/>\n<meta property=\"og:image\" content=\"https:\/\/www.brokk.com\/ch\/uploads\/sites\/12\/2018\/03\/spare-parts_1_hero.jpg\" \/>\n\t<meta property=\"og:image:width\" content=\"2560\" \/>\n\t<meta property=\"og:image:height\" content=\"1096\" \/>\n\t<meta property=\"og:image:type\" content=\"image\/jpeg\" \/>\n<meta name=\"twitter:card\" content=\"summary_large_image\" \/>\n<meta name=\"twitter:label1\" content=\"Gesch\u00e4tzte Lesezeit\" \/>\n\t<meta name=\"twitter:data1\" content=\"1\u00a0Minute\" \/>\n<script type=\"application\/ld+json\" class=\"yoast-schema-graph\">{\"@context\":\"https:\\\/\\\/schema.org\",\"@graph\":[{\"@type\":\"WebPage\",\"@id\":\"https:\\\/\\\/www.brokk.com\\\/ch\\\/kundendienst\\\/ersatzteile\\\/\",\"url\":\"https:\\\/\\\/www.brokk.com\\\/ch\\\/kundendienst\\\/ersatzteile\\\/\",\"name\":\"Ersatzteile - Brokk Schweiz\",\"isPartOf\":{\"@id\":\"https:\\\/\\\/www.brokk.com\\\/ch\\\/#website\"},\"primaryImageOfPage\":{\"@id\":\"https:\\\/\\\/www.brokk.com\\\/ch\\\/kundendienst\\\/ersatzteile\\\/#primaryimage\"},\"image\":{\"@id\":\"https:\\\/\\\/www.brokk.com\\\/ch\\\/kundendienst\\\/ersatzteile\\\/#primaryimage\"},\"thumbnailUrl\":\"https:\\\/\\\/www.brokk.com\\\/ch\\\/uploads\\\/sites\\\/12\\\/2018\\\/03\\\/spare-parts_1_hero.jpg\",\"datePublished\":\"2018-12-12T08:34:27+00:00\",\"dateModified\":\"2019-02-07T09:18:58+00:00\",\"breadcrumb\":{\"@id\":\"https:\\\/\\\/www.brokk.com\\\/ch\\\/kundendienst\\\/ersatzteile\\\/#breadcrumb\"},\"inLanguage\":\"de\",\"potentialAction\":[{\"@type\":\"ReadAction\",\"target\":[\"https:\\\/\\\/www.brokk.com\\\/ch\\\/kundendienst\\\/ersatzteile\\\/\"]}]},{\"@type\":\"ImageObject\",\"inLanguage\":\"de\",\"@id\":\"https:\\\/\\\/www.brokk.com\\\/ch\\\/kundendienst\\\/ersatzteile\\\/#primaryimage\",\"url\":\"https:\\\/\\\/www.brokk.com\\\/ch\\\/uploads\\\/sites\\\/12\\\/2018\\\/03\\\/spare-parts_1_hero.jpg\",\"contentUrl\":\"https:\\\/\\\/www.brokk.com\\\/ch\\\/uploads\\\/sites\\\/12\\\/2018\\\/03\\\/spare-parts_1_hero.jpg\",\"width\":2560,\"height\":1096},{\"@type\":\"BreadcrumbList\",\"@id\":\"https:\\\/\\\/www.brokk.com\\\/ch\\\/kundendienst\\\/ersatzteile\\\/#breadcrumb\",\"itemListElement\":[{\"@type\":\"ListItem\",\"position\":1,\"name\":\"Home\",\"item\":\"https:\\\/\\\/www.brokk.com\\\/ch\\\/\"},{\"@type\":\"ListItem\",\"position\":2,\"name\":\"Kundendienst\",\"item\":\"https:\\\/\\\/www.brokk.com\\\/ch\\\/kundendienst\\\/\"},{\"@type\":\"ListItem\",\"position\":3,\"name\":\"Ersatzteile\"}]},{\"@type\":\"WebSite\",\"@id\":\"https:\\\/\\\/www.brokk.com\\\/ch\\\/#website\",\"url\":\"https:\\\/\\\/www.brokk.com\\\/ch\\\/\",\"name\":\"Brokk Schweiz\",\"description\":\"\",\"potentialAction\":[{\"@type\":\"SearchAction\",\"target\":{\"@type\":\"EntryPoint\",\"urlTemplate\":\"https:\\\/\\\/www.brokk.com\\\/ch\\\/?s={search_term_string}\"},\"query-input\":{\"@type\":\"PropertyValueSpecification\",\"valueRequired\":true,\"valueName\":\"search_term_string\"}}],\"inLanguage\":\"de\"}]}<\/script>\n<!-- \/ Yoast SEO plugin. -->","yoast_head_json":{"title":"Ersatzteile - Brokk Schweiz","robots":{"index":"index","follow":"follow","max-snippet":"max-snippet:-1","max-image-preview":"max-image-preview:large","max-video-preview":"max-video-preview:-1"},"canonical":"https:\/\/www.brokk.com\/ch\/kundendienst\/ersatzteile\/","og_locale":"de_DE","og_type":"article","og_title":"Ersatzteile - Brokk Schweiz","og_description":"Alle unsere Original-Ersatzteile wurden an unserer Modellserie getestet, um sicherzustellen, dass Sie Ihre Brokk-Vorteile auch nach Service und Wartung behalten. Um die Fehlersuche zu vereinfachen, stellen wir zu jeder Brokk-Maschine ein ausf\u00fchrliches, benutzerfreundliches Handbuch zur Verf\u00fcgung, und unser umfangreiches Servicewissen\u2026","og_url":"https:\/\/www.brokk.com\/ch\/kundendienst\/ersatzteile\/","og_site_name":"Brokk Schweiz","article_modified_time":"2019-02-07T09:18:58+00:00","og_image":[{"width":2560,"height":1096,"url":"https:\/\/www.brokk.com\/ch\/uploads\/sites\/12\/2018\/03\/spare-parts_1_hero.jpg","type":"image\/jpeg"}],"twitter_card":"summary_large_image","twitter_misc":{"Gesch\u00e4tzte Lesezeit":"1\u00a0Minute"},"schema":{"@context":"https:\/\/schema.org","@graph":[{"@type":"WebPage","@id":"https:\/\/www.brokk.com\/ch\/kundendienst\/ersatzteile\/","url":"https:\/\/www.brokk.com\/ch\/kundendienst\/ersatzteile\/","name":"Ersatzteile - Brokk Schweiz","isPartOf":{"@id":"https:\/\/www.brokk.com\/ch\/#website"},"primaryImageOfPage":{"@id":"https:\/\/www.brokk.com\/ch\/kundendienst\/ersatzteile\/#primaryimage"},"image":{"@id":"https:\/\/www.brokk.com\/ch\/kundendienst\/ersatzteile\/#primaryimage"},"thumbnailUrl":"https:\/\/www.brokk.com\/ch\/uploads\/sites\/12\/2018\/03\/spare-parts_1_hero.jpg","datePublished":"2018-12-12T08:34:27+00:00","dateModified":"2019-02-07T09:18:58+00:00","breadcrumb":{"@id":"https:\/\/www.brokk.com\/ch\/kundendienst\/ersatzteile\/#breadcrumb"},"inLanguage":"de","potentialAction":[{"@type":"ReadAction","target":["https:\/\/www.brokk.com\/ch\/kundendienst\/ersatzteile\/"]}]},{"@type":"ImageObject","inLanguage":"de","@id":"https:\/\/www.brokk.com\/ch\/kundendienst\/ersatzteile\/#primaryimage","url":"https:\/\/www.brokk.com\/ch\/uploads\/sites\/12\/2018\/03\/spare-parts_1_hero.jpg","contentUrl":"https:\/\/www.brokk.com\/ch\/uploads\/sites\/12\/2018\/03\/spare-parts_1_hero.jpg","width":2560,"height":1096},{"@type":"BreadcrumbList","@id":"https:\/\/www.brokk.com\/ch\/kundendienst\/ersatzteile\/#breadcrumb","itemListElement":[{"@type":"ListItem","position":1,"name":"Home","item":"https:\/\/www.brokk.com\/ch\/"},{"@type":"ListItem","position":2,"name":"Kundendienst","item":"https:\/\/www.brokk.com\/ch\/kundendienst\/"},{"@type":"ListItem","position":3,"name":"Ersatzteile"}]},{"@type":"WebSite","@id":"https:\/\/www.brokk.com\/ch\/#website","url":"https:\/\/www.brokk.com\/ch\/","name":"Brokk Schweiz","description":"","potentialAction":[{"@type":"SearchAction","target":{"@type":"EntryPoint","urlTemplate":"https:\/\/www.brokk.com\/ch\/?s={search_term_string}"},"query-input":{"@type":"PropertyValueSpecification","valueRequired":true,"valueName":"search_term_string"}}],"inLanguage":"de"}]}},"_links":{"self":[{"href":"https:\/\/www.brokk.com\/ch\/wp-json\/wp\/v2\/pages\/4988","targetHints":{"allow":["GET"]}}],"collection":[{"href":"https:\/\/www.brokk.com\/ch\/wp-json\/wp\/v2\/pages"}],"about":[{"href":"https:\/\/www.brokk.com\/ch\/wp-json\/wp\/v2\/types\/page"}],"author":[{"embeddable":true,"href":"https:\/\/www.brokk.com\/ch\/wp-json\/wp\/v2\/users\/8"}],"replies":[{"embeddable":true,"href":"https:\/\/www.brokk.com\/ch\/wp-json\/wp\/v2\/comments?post=4988"}],"version-history":[{"count":6,"href":"https:\/\/www.brokk.com\/ch\/wp-json\/wp\/v2\/pages\/4988\/revisions"}],"predecessor-version":[{"id":5514,"href":"https:\/\/www.brokk.com\/ch\/wp-json\/wp\/v2\/pages\/4988\/revisions\/5514"}],"up":[{"embeddable":true,"href":"https:\/\/www.brokk.com\/ch\/wp-json\/wp\/v2\/pages\/4948"}],"wp:featuredmedia":[{"embeddable":true,"href":"https:\/\/www.brokk.com\/ch\/wp-json\/wp\/v2\/media\/4953"}],"wp:attachment":[{"href":"https:\/\/www.brokk.com\/ch\/wp-json\/wp\/v2\/media?parent=4988"}],"curies":[{"name":"wp","href":"https:\/\/api.w.org\/{rel}","templated":true}]}}