{"id":4992,"date":"2018-12-12T09:50:00","date_gmt":"2018-12-12T08:50:00","guid":{"rendered":"https:\/\/www.brokk.com\/ch\/?page_id=4992"},"modified":"2019-02-07T10:14:02","modified_gmt":"2019-02-07T09:14:02","slug":"brokk-academy","status":"publish","type":"page","link":"https:\/\/www.brokk.com\/ch\/kundendienst\/brokk-academy\/","title":{"rendered":"Brokk Academy"},"content":{"rendered":"<p>Damit Sie Ihre Produktivit\u00e4t maximieren k\u00f6nnen, bieten wir Ihnen Schulungen f\u00fcr Brokk-Bediener und Servicepersonal an. Die sichere und intelligente Art, mit Ihrer Maschine zu arbeiten, macht jeden Auftrag profitabler und maximiert Ihre Rendite auf Ihre Brokk-Investition. Durch unser Trainingsprogramm, Brokk Academy, erhalten Sie das Fachwissen, welches f\u00fcr einen sicheren und profitablen Einsatz Ihres Brokk-Roboters notwendig sind. Dar\u00fcber hinaus soll die Teilnahme an unseren Schulungen Ihnen auch neue Einsatzbereiche f\u00fcr ihren Brokk-Roboter aufzeigen. Obwohl der Abbruch die Hauptaufgabe eines jeden Brokk ist, k\u00f6nnen die Maschinen durch einfaches Hinzuf\u00fcgen eines neuen Anbauger\u00e4tes und die richtige Ausbildung f\u00fcr eine Vielzahl von Aufgaben eingesetzt werden. Finden Sie heraus, wie Sie das Beste aus Ihrer Maschine herausholen, wie Sie die Arbeit so schnell wie m\u00f6glich erledigen und wie Sie Ihre Investition verwalten und instand halten k\u00f6nnen! Kontaktieren Sie Ihren n\u00e4chsten Brokk-H\u00e4ndler oder uns direkt f\u00fcr weitere Informationen <a href=\"https:\/\/www.brokk.com\/contact\/find-dealer\/\">hier<\/a> (oder senden Sie uns eine E-Mail an <a>info@brokk.com<\/a>)<\/p>\n","protected":false},"excerpt":{"rendered":"<p>Damit Sie Ihre Produktivit\u00e4t maximieren k\u00f6nnen, bieten wir Ihnen Schulungen f\u00fcr Brokk-Bediener und Servicepersonal an. Die sichere und intelligente Art, mit Ihrer Maschine zu arbeiten, macht jeden Auftrag profitabler und maximiert Ihre Rendite auf Ihre Brokk-Investition. Durch unser Trainingsprogramm, Brokk\u2026<\/p>\n","protected":false},"author":8,"featured_media":0,"parent":4948,"menu_order":33,"comment_status":"closed","ping_status":"closed","template":"page-templates\/common.php","meta":{"_acf_changed":false,"_relevanssi_hide_post":"","_relevanssi_hide_content":"","_relevanssi_pin_for_all":"","_relevanssi_pin_keywords":"","_relevanssi_unpin_keywords":"","_relevanssi_related_keywords":"","_relevanssi_related_include_ids":"","_relevanssi_related_exclude_ids":"","_relevanssi_related_no_append":"","_relevanssi_related_not_related":"","_relevanssi_related_posts":"","_relevanssi_noindex_reason":"","footnotes":""},"class_list":["post-4992","page","type-page","status-publish","hentry"],"acf":[],"yoast_head":"<!-- This site is optimized with the Yoast SEO plugin v27.3 - https:\/\/yoast.com\/product\/yoast-seo-wordpress\/ -->\n<title>Brokk Academy - Brokk Schweiz<\/title>\n<meta name=\"robots\" content=\"index, follow, max-snippet:-1, max-image-preview:large, max-video-preview:-1\" \/>\n<link rel=\"canonical\" href=\"https:\/\/www.brokk.com\/ch\/kundendienst\/brokk-academy\/\" \/>\n<meta property=\"og:locale\" content=\"de_DE\" \/>\n<meta property=\"og:type\" content=\"article\" \/>\n<meta property=\"og:title\" content=\"Brokk Academy - Brokk Schweiz\" \/>\n<meta property=\"og:description\" content=\"Damit Sie Ihre Produktivit\u00e4t maximieren k\u00f6nnen, bieten wir Ihnen Schulungen f\u00fcr Brokk-Bediener und Servicepersonal an. Die sichere und intelligente Art, mit Ihrer Maschine zu arbeiten, macht jeden Auftrag profitabler und maximiert Ihre Rendite auf Ihre Brokk-Investition. Durch unser Trainingsprogramm, Brokk\u2026\" \/>\n<meta property=\"og:url\" content=\"https:\/\/www.brokk.com\/ch\/kundendienst\/brokk-academy\/\" \/>\n<meta property=\"og:site_name\" content=\"Brokk Schweiz\" \/>\n<meta property=\"article:modified_time\" content=\"2019-02-07T09:14:02+00:00\" \/>\n<meta property=\"og:image\" content=\"https:\/\/www.brokk.com\/ch\/uploads\/sites\/12\/2018\/03\/brokk-academy_hero.jpg\" \/>\n\t<meta property=\"og:image:width\" content=\"2560\" \/>\n\t<meta property=\"og:image:height\" content=\"1096\" \/>\n\t<meta property=\"og:image:type\" content=\"image\/jpeg\" \/>\n<meta name=\"twitter:card\" content=\"summary_large_image\" \/>\n<meta name=\"twitter:label1\" content=\"Gesch\u00e4tzte Lesezeit\" \/>\n\t<meta name=\"twitter:data1\" content=\"1\u00a0Minute\" \/>\n<script type=\"application\/ld+json\" class=\"yoast-schema-graph\">{\"@context\":\"https:\\\/\\\/schema.org\",\"@graph\":[{\"@type\":\"WebPage\",\"@id\":\"https:\\\/\\\/www.brokk.com\\\/ch\\\/kundendienst\\\/brokk-academy\\\/\",\"url\":\"https:\\\/\\\/www.brokk.com\\\/ch\\\/kundendienst\\\/brokk-academy\\\/\",\"name\":\"Brokk Academy - Brokk Schweiz\",\"isPartOf\":{\"@id\":\"https:\\\/\\\/www.brokk.com\\\/ch\\\/#website\"},\"datePublished\":\"2018-12-12T08:50:00+00:00\",\"dateModified\":\"2019-02-07T09:14:02+00:00\",\"breadcrumb\":{\"@id\":\"https:\\\/\\\/www.brokk.com\\\/ch\\\/kundendienst\\\/brokk-academy\\\/#breadcrumb\"},\"inLanguage\":\"de\",\"potentialAction\":[{\"@type\":\"ReadAction\",\"target\":[\"https:\\\/\\\/www.brokk.com\\\/ch\\\/kundendienst\\\/brokk-academy\\\/\"]}]},{\"@type\":\"BreadcrumbList\",\"@id\":\"https:\\\/\\\/www.brokk.com\\\/ch\\\/kundendienst\\\/brokk-academy\\\/#breadcrumb\",\"itemListElement\":[{\"@type\":\"ListItem\",\"position\":1,\"name\":\"Home\",\"item\":\"https:\\\/\\\/www.brokk.com\\\/ch\\\/\"},{\"@type\":\"ListItem\",\"position\":2,\"name\":\"Kundendienst\",\"item\":\"https:\\\/\\\/www.brokk.com\\\/ch\\\/kundendienst\\\/\"},{\"@type\":\"ListItem\",\"position\":3,\"name\":\"Brokk Academy\"}]},{\"@type\":\"WebSite\",\"@id\":\"https:\\\/\\\/www.brokk.com\\\/ch\\\/#website\",\"url\":\"https:\\\/\\\/www.brokk.com\\\/ch\\\/\",\"name\":\"Brokk Schweiz\",\"description\":\"\",\"potentialAction\":[{\"@type\":\"SearchAction\",\"target\":{\"@type\":\"EntryPoint\",\"urlTemplate\":\"https:\\\/\\\/www.brokk.com\\\/ch\\\/?s={search_term_string}\"},\"query-input\":{\"@type\":\"PropertyValueSpecification\",\"valueRequired\":true,\"valueName\":\"search_term_string\"}}],\"inLanguage\":\"de\"}]}<\/script>\n<!-- \/ Yoast SEO plugin. -->","yoast_head_json":{"title":"Brokk Academy - Brokk Schweiz","robots":{"index":"index","follow":"follow","max-snippet":"max-snippet:-1","max-image-preview":"max-image-preview:large","max-video-preview":"max-video-preview:-1"},"canonical":"https:\/\/www.brokk.com\/ch\/kundendienst\/brokk-academy\/","og_locale":"de_DE","og_type":"article","og_title":"Brokk Academy - Brokk Schweiz","og_description":"Damit Sie Ihre Produktivit\u00e4t maximieren k\u00f6nnen, bieten wir Ihnen Schulungen f\u00fcr Brokk-Bediener und Servicepersonal an. Die sichere und intelligente Art, mit Ihrer Maschine zu arbeiten, macht jeden Auftrag profitabler und maximiert Ihre Rendite auf Ihre Brokk-Investition. Durch unser Trainingsprogramm, Brokk\u2026","og_url":"https:\/\/www.brokk.com\/ch\/kundendienst\/brokk-academy\/","og_site_name":"Brokk Schweiz","article_modified_time":"2019-02-07T09:14:02+00:00","og_image":[{"width":2560,"height":1096,"url":"https:\/\/www.brokk.com\/ch\/uploads\/sites\/12\/2018\/03\/brokk-academy_hero.jpg","type":"image\/jpeg"}],"twitter_card":"summary_large_image","twitter_misc":{"Gesch\u00e4tzte Lesezeit":"1\u00a0Minute"},"schema":{"@context":"https:\/\/schema.org","@graph":[{"@type":"WebPage","@id":"https:\/\/www.brokk.com\/ch\/kundendienst\/brokk-academy\/","url":"https:\/\/www.brokk.com\/ch\/kundendienst\/brokk-academy\/","name":"Brokk Academy - Brokk Schweiz","isPartOf":{"@id":"https:\/\/www.brokk.com\/ch\/#website"},"datePublished":"2018-12-12T08:50:00+00:00","dateModified":"2019-02-07T09:14:02+00:00","breadcrumb":{"@id":"https:\/\/www.brokk.com\/ch\/kundendienst\/brokk-academy\/#breadcrumb"},"inLanguage":"de","potentialAction":[{"@type":"ReadAction","target":["https:\/\/www.brokk.com\/ch\/kundendienst\/brokk-academy\/"]}]},{"@type":"BreadcrumbList","@id":"https:\/\/www.brokk.com\/ch\/kundendienst\/brokk-academy\/#breadcrumb","itemListElement":[{"@type":"ListItem","position":1,"name":"Home","item":"https:\/\/www.brokk.com\/ch\/"},{"@type":"ListItem","position":2,"name":"Kundendienst","item":"https:\/\/www.brokk.com\/ch\/kundendienst\/"},{"@type":"ListItem","position":3,"name":"Brokk Academy"}]},{"@type":"WebSite","@id":"https:\/\/www.brokk.com\/ch\/#website","url":"https:\/\/www.brokk.com\/ch\/","name":"Brokk Schweiz","description":"","potentialAction":[{"@type":"SearchAction","target":{"@type":"EntryPoint","urlTemplate":"https:\/\/www.brokk.com\/ch\/?s={search_term_string}"},"query-input":{"@type":"PropertyValueSpecification","valueRequired":true,"valueName":"search_term_string"}}],"inLanguage":"de"}]}},"_links":{"self":[{"href":"https:\/\/www.brokk.com\/ch\/wp-json\/wp\/v2\/pages\/4992","targetHints":{"allow":["GET"]}}],"collection":[{"href":"https:\/\/www.brokk.com\/ch\/wp-json\/wp\/v2\/pages"}],"about":[{"href":"https:\/\/www.brokk.com\/ch\/wp-json\/wp\/v2\/types\/page"}],"author":[{"embeddable":true,"href":"https:\/\/www.brokk.com\/ch\/wp-json\/wp\/v2\/users\/8"}],"replies":[{"embeddable":true,"href":"https:\/\/www.brokk.com\/ch\/wp-json\/wp\/v2\/comments?post=4992"}],"version-history":[{"count":6,"href":"https:\/\/www.brokk.com\/ch\/wp-json\/wp\/v2\/pages\/4992\/revisions"}],"predecessor-version":[{"id":5517,"href":"https:\/\/www.brokk.com\/ch\/wp-json\/wp\/v2\/pages\/4992\/revisions\/5517"}],"up":[{"embeddable":true,"href":"https:\/\/www.brokk.com\/ch\/wp-json\/wp\/v2\/pages\/4948"}],"wp:attachment":[{"href":"https:\/\/www.brokk.com\/ch\/wp-json\/wp\/v2\/media?parent=4992"}],"curies":[{"name":"wp","href":"https:\/\/api.w.org\/{rel}","templated":true}]}}