{"id":5012,"date":"2018-12-12T11:23:45","date_gmt":"2018-12-12T10:23:45","guid":{"rendered":"https:\/\/www.brokk.com\/ch\/?page_id=5012"},"modified":"2019-02-07T09:59:29","modified_gmt":"2019-02-07T08:59:29","slug":"brokk-smartconcept","status":"publish","type":"page","link":"https:\/\/www.brokk.com\/ch\/brokk-smartconcept\/","title":{"rendered":"Brokk SmartConcept"},"content":{"rendered":"<h2>BROKK SMARTPOWER<\/h2>\n<p>Mit Brokk SmartPower\u2122 erhalten Sie das intelligenteste Antriebssystem der Welt f\u00fcr schwere Abbruchmaschinen. Das Geheimnis liegt in einem System, das durch eine intelligente Steuerung und ein zus\u00e4tzlich verst\u00e4rktes elektrisches Design mehr Leistung bietet &#8211; f\u00fcr maximale Produktivit\u00e4t bei minimaler Ausfallzeit. Es ist die Antwort auf die scheinbar unm\u00f6gliche Gleichung, Maschinen leistungsf\u00e4higer denn je zu machen aber auch so kompakt und leicht, dass sie auf engstem Raum arbeiten k\u00f6nnen und dennoch robust genug sind, um auch in einem gef\u00e4hrlichen Umfeld h\u00e4rtesten Belastungen standzuhalten. Brokk SmartPower\u2122 \u00fcberwindet diese Leistungsbeschr\u00e4nkungen. Das v\u00f6llig neue, intelligente Leistungs\u00fcberwachungssystem umfasst einen einzigartigen Elektroantrieb, der die Leistung des Hydrauliksystems um 50% oder mehr erh\u00f6ht. Durch die intelligente \u00dcberwachung eignet sich die Brokk-Maschine auch f\u00fcr den Einsatz in Bereichen mit Generatoren oder potenziell unzuverl\u00e4ssiger Stromversorgung. Das clevere System erkennt, ob die Stromversorgung schlecht oder fehlerhaft ist, gleicht sie so weit wie m\u00f6glich aus und sch\u00fctzt die Komponenten vor Sch\u00e4den. Brokk SmartPower\u2122 bietet Ihnen au\u00dferdem eine beispiellose Zuverl\u00e4ssigkeit durch sein einzigartiges Design und der intelligenten Auslegung von zentralen Bauteilen. Im Vergleich zu herk\u00f6mmlichen Systemen sind interne Verkabelung und Kontakte auf ein absolutes Minimum reduziert (bis zu 70 Prozent). Ohne bewegliche Teile im Elektriksystem, und mit Bauteilen, die extremen Vibrationen, Staub und rauer Handhabung standhalten, ist das System f\u00fcr die Arbeitsbedingungen eines Abbruchroboters ausgelegt.<\/p>\n<p><img decoding=\"async\" src=\"https:\/\/www.brokk.com\/ch\/uploads\/sites\/12\/2018\/05\/smartpower_chart_thumb-720x480.jpg\" alt=\"\" \/><\/p>\n<h2>Brokk SmartDesign<\/h2>\n<p>Das neue Maschinendesign von Brokk zielt darauf ab, dem Bediener die t\u00e4gliche Handhabung der Maschine zu erleichtern. Um die Betriebszeit zu maximieren. Um das Nutzererlebnis einer fehlerfreien und produktiven Maschine \u00fcber die gesamte Lebensdauer zu gew\u00e4hrleisten. So k\u00f6nnen alle t\u00e4glichen und w\u00f6chentlichen Wartungsarbeiten ohne \u00d6ffnen einer Abdeckung durchgef\u00fchrt werden. Alle Schmierstellen, einschlie\u00dflich der Hammerfettnachf\u00fcllung, sind von au\u00dfen leicht zug\u00e4nglich. Auf das regelm\u00e4\u00dfige Anziehen von schwer zug\u00e4nglichen Wellen wurde verzichtet. Wir haben es so einfach wie m\u00f6glich gemacht, die Maschine vor Ort zu warten und Schl\u00e4uche an einer Brokk-Maschine schnell und effizient zu wechseln. Deshalb bestehen Auslegerschl\u00e4uche aus zwei Teilabschnitten, bei denen nur ein kurzer Abschnitt ersetzt werden muss, wenn er durch Bewehrungsst\u00e4be oder andere Fremdk\u00f6rper besch\u00e4digt wird. Die neue robuste Konstruktion sch\u00fctzt die Maschine und minimiert Sch\u00e4den bei Unf\u00e4llen, was die Reparaturkosten senkt und die Betriebszeit erh\u00f6ht. Mit gepressten Stahlabdeckungen, die vor Besch\u00e4digungen sch\u00fctzen. Mit vergossenen Drehtischecken und robustem LED-Beleuchtungs-schutz, und viele weitere Designmerkmale.<\/p>\n<p><img decoding=\"async\" src=\"https:\/\/www.brokk.com\/ch\/uploads\/sites\/12\/2018\/03\/brokk520d_reinforced_headlight_protection-720x479.jpg\" alt=\"\" \/><\/p>\n<h3>BROKK SMARTREMOTE<\/h3>\n<p>Die ergonomischste und effizienteste Art eine Abbruchmaschine zu bedienen ist zweifellos, eine Arbeitsposition fernab von Vibrationen, Hitze und Schmutz zu w\u00e4hlen und trotzdem eine perfekte Sicht auf die Situation zu haben. All dies ist mit der einzigartigen Brokk SmartRemote<sup>TM<\/sup> m\u00f6glich. Ja, es gibt andere L\u00f6sungen f\u00fcr die Fernsteuerung. Aber nicht alle Fernsteuerungen sind gleich. Die Fernsteuerung von Brokk ist branchenf\u00fchrend in ihrem ergonomischen Design und ihren Funktionen, die dem Bediener einen hohen Grad an Produktivit\u00e4t erm\u00f6glichen. Wir haben an jedes Detail gedacht: Die professionelle Funktechnologie sorgt f\u00fcr eine zuverl\u00e4ssige und schnelle Verbindung mit der Maschine. Ein patentierter H\u00fcftgurt verlagert das Gewicht dort-hin, wo es hingeh\u00f6rt und entlastet die Schultern. Kurze Joysticks erm\u00f6glichen es dem Bediener, seine Arme auf der Fernsteuerung abzust\u00fctzen und so die Belastung zu reduzieren. Intuitive Bedienelemente, die es dem Bediener erm\u00f6glichen, sich auf die Arbeit zu konzentrieren, ohne immer die Fernsteuerung im Blick zu haben. Bei Brokk wissen wir, dass die Maschine und der Bediener im Team arbeiten. Deshalb haben wir eine Fernsteuerung entwickelt, die dem Bediener hilft, auch nach einer langen Arbeitsschicht produktiv und langfristig gesund zu bleiben.<\/p>\n<p><img decoding=\"async\" src=\"https:\/\/www.brokk.com\/ch\/uploads\/sites\/12\/2018\/05\/smartremote_thumb-720x480.jpg\" alt=\"\" \/><\/p>\n","protected":false},"excerpt":{"rendered":"<p>Mit Brokk SmartPower\u2122 erhalten Sie das weltweit intelligenteste Antriebssystem, das speziell f\u00fcr den schweren Abbruch entwickelt wurde.<\/p>\n","protected":false},"author":8,"featured_media":0,"parent":0,"menu_order":117,"comment_status":"closed","ping_status":"closed","template":"page-templates\/common.php","meta":{"_acf_changed":false,"_relevanssi_hide_post":"","_relevanssi_hide_content":"","_relevanssi_pin_for_all":"","_relevanssi_pin_keywords":"","_relevanssi_unpin_keywords":"","_relevanssi_related_keywords":"","_relevanssi_related_include_ids":"","_relevanssi_related_exclude_ids":"","_relevanssi_related_no_append":"","_relevanssi_related_not_related":"","_relevanssi_related_posts":"","_relevanssi_noindex_reason":"","footnotes":""},"class_list":["post-5012","page","type-page","status-publish","hentry"],"acf":[],"yoast_head":"<!-- This site is optimized with the Yoast SEO plugin v27.0 - https:\/\/yoast.com\/product\/yoast-seo-wordpress\/ -->\n<title>Brokk SmartConcept - Brokk Schweiz<\/title>\n<meta name=\"robots\" content=\"index, follow, max-snippet:-1, max-image-preview:large, max-video-preview:-1\" \/>\n<link rel=\"canonical\" href=\"https:\/\/www.brokk.com\/ch\/brokk-smartconcept\/\" \/>\n<meta property=\"og:locale\" content=\"de_DE\" \/>\n<meta property=\"og:type\" content=\"article\" \/>\n<meta property=\"og:title\" content=\"Brokk SmartConcept - Brokk Schweiz\" \/>\n<meta property=\"og:description\" content=\"Mit Brokk SmartPower\u2122 erhalten Sie das weltweit intelligenteste Antriebssystem, das speziell f\u00fcr den schweren Abbruch entwickelt wurde.\" \/>\n<meta property=\"og:url\" content=\"https:\/\/www.brokk.com\/ch\/brokk-smartconcept\/\" \/>\n<meta property=\"og:site_name\" content=\"Brokk Schweiz\" \/>\n<meta property=\"article:modified_time\" content=\"2019-02-07T08:59:29+00:00\" \/>\n<meta property=\"og:image\" content=\"https:\/\/www.brokk.com\/ch\/uploads\/sites\/12\/2018\/05\/smartpower.jpg\" \/>\n\t<meta property=\"og:image:width\" content=\"2560\" \/>\n\t<meta property=\"og:image:height\" content=\"1096\" \/>\n\t<meta property=\"og:image:type\" content=\"image\/jpeg\" \/>\n<meta name=\"twitter:card\" content=\"summary_large_image\" \/>\n<meta name=\"twitter:label1\" content=\"Gesch\u00e4tzte Lesezeit\" \/>\n\t<meta name=\"twitter:data1\" content=\"3\u00a0Minuten\" \/>\n<script type=\"application\/ld+json\" class=\"yoast-schema-graph\">{\"@context\":\"https:\/\/schema.org\",\"@graph\":[{\"@type\":\"WebPage\",\"@id\":\"https:\/\/www.brokk.com\/ch\/brokk-smartconcept\/\",\"url\":\"https:\/\/www.brokk.com\/ch\/brokk-smartconcept\/\",\"name\":\"Brokk SmartConcept - Brokk Schweiz\",\"isPartOf\":{\"@id\":\"https:\/\/www.brokk.com\/ch\/#website\"},\"primaryImageOfPage\":{\"@id\":\"https:\/\/www.brokk.com\/ch\/brokk-smartconcept\/#primaryimage\"},\"image\":{\"@id\":\"https:\/\/www.brokk.com\/ch\/brokk-smartconcept\/#primaryimage\"},\"thumbnailUrl\":\"https:\/\/www.brokk.com\/ch\/uploads\/sites\/12\/2018\/05\/smartpower_chart_thumb-720x480.jpg\",\"datePublished\":\"2018-12-12T10:23:45+00:00\",\"dateModified\":\"2019-02-07T08:59:29+00:00\",\"breadcrumb\":{\"@id\":\"https:\/\/www.brokk.com\/ch\/brokk-smartconcept\/#breadcrumb\"},\"inLanguage\":\"de\",\"potentialAction\":[{\"@type\":\"ReadAction\",\"target\":[\"https:\/\/www.brokk.com\/ch\/brokk-smartconcept\/\"]}]},{\"@type\":\"ImageObject\",\"inLanguage\":\"de\",\"@id\":\"https:\/\/www.brokk.com\/ch\/brokk-smartconcept\/#primaryimage\",\"url\":\"https:\/\/www.brokk.com\/ch\/uploads\/sites\/12\/2018\/05\/smartpower_chart_thumb.jpg\",\"contentUrl\":\"https:\/\/www.brokk.com\/ch\/uploads\/sites\/12\/2018\/05\/smartpower_chart_thumb.jpg\",\"width\":1440,\"height\":960,\"caption\":\"Brokk SmartPower Chart\"},{\"@type\":\"BreadcrumbList\",\"@id\":\"https:\/\/www.brokk.com\/ch\/brokk-smartconcept\/#breadcrumb\",\"itemListElement\":[{\"@type\":\"ListItem\",\"position\":1,\"name\":\"Home\",\"item\":\"https:\/\/www.brokk.com\/ch\/\"},{\"@type\":\"ListItem\",\"position\":2,\"name\":\"Brokk SmartConcept\"}]},{\"@type\":\"WebSite\",\"@id\":\"https:\/\/www.brokk.com\/ch\/#website\",\"url\":\"https:\/\/www.brokk.com\/ch\/\",\"name\":\"Brokk Schweiz\",\"description\":\"\",\"potentialAction\":[{\"@type\":\"SearchAction\",\"target\":{\"@type\":\"EntryPoint\",\"urlTemplate\":\"https:\/\/www.brokk.com\/ch\/?s={search_term_string}\"},\"query-input\":{\"@type\":\"PropertyValueSpecification\",\"valueRequired\":true,\"valueName\":\"search_term_string\"}}],\"inLanguage\":\"de\"}]}<\/script>\n<!-- \/ Yoast SEO plugin. -->","yoast_head_json":{"title":"Brokk SmartConcept - Brokk Schweiz","robots":{"index":"index","follow":"follow","max-snippet":"max-snippet:-1","max-image-preview":"max-image-preview:large","max-video-preview":"max-video-preview:-1"},"canonical":"https:\/\/www.brokk.com\/ch\/brokk-smartconcept\/","og_locale":"de_DE","og_type":"article","og_title":"Brokk SmartConcept - Brokk Schweiz","og_description":"Mit Brokk SmartPower\u2122 erhalten Sie das weltweit intelligenteste Antriebssystem, das speziell f\u00fcr den schweren Abbruch entwickelt wurde.","og_url":"https:\/\/www.brokk.com\/ch\/brokk-smartconcept\/","og_site_name":"Brokk Schweiz","article_modified_time":"2019-02-07T08:59:29+00:00","og_image":[{"width":2560,"height":1096,"url":"https:\/\/www.brokk.com\/ch\/uploads\/sites\/12\/2018\/05\/smartpower.jpg","type":"image\/jpeg"}],"twitter_card":"summary_large_image","twitter_misc":{"Gesch\u00e4tzte Lesezeit":"3\u00a0Minuten"},"schema":{"@context":"https:\/\/schema.org","@graph":[{"@type":"WebPage","@id":"https:\/\/www.brokk.com\/ch\/brokk-smartconcept\/","url":"https:\/\/www.brokk.com\/ch\/brokk-smartconcept\/","name":"Brokk SmartConcept - Brokk Schweiz","isPartOf":{"@id":"https:\/\/www.brokk.com\/ch\/#website"},"primaryImageOfPage":{"@id":"https:\/\/www.brokk.com\/ch\/brokk-smartconcept\/#primaryimage"},"image":{"@id":"https:\/\/www.brokk.com\/ch\/brokk-smartconcept\/#primaryimage"},"thumbnailUrl":"https:\/\/www.brokk.com\/ch\/uploads\/sites\/12\/2018\/05\/smartpower_chart_thumb-720x480.jpg","datePublished":"2018-12-12T10:23:45+00:00","dateModified":"2019-02-07T08:59:29+00:00","breadcrumb":{"@id":"https:\/\/www.brokk.com\/ch\/brokk-smartconcept\/#breadcrumb"},"inLanguage":"de","potentialAction":[{"@type":"ReadAction","target":["https:\/\/www.brokk.com\/ch\/brokk-smartconcept\/"]}]},{"@type":"ImageObject","inLanguage":"de","@id":"https:\/\/www.brokk.com\/ch\/brokk-smartconcept\/#primaryimage","url":"https:\/\/www.brokk.com\/ch\/uploads\/sites\/12\/2018\/05\/smartpower_chart_thumb.jpg","contentUrl":"https:\/\/www.brokk.com\/ch\/uploads\/sites\/12\/2018\/05\/smartpower_chart_thumb.jpg","width":1440,"height":960,"caption":"Brokk SmartPower Chart"},{"@type":"BreadcrumbList","@id":"https:\/\/www.brokk.com\/ch\/brokk-smartconcept\/#breadcrumb","itemListElement":[{"@type":"ListItem","position":1,"name":"Home","item":"https:\/\/www.brokk.com\/ch\/"},{"@type":"ListItem","position":2,"name":"Brokk SmartConcept"}]},{"@type":"WebSite","@id":"https:\/\/www.brokk.com\/ch\/#website","url":"https:\/\/www.brokk.com\/ch\/","name":"Brokk Schweiz","description":"","potentialAction":[{"@type":"SearchAction","target":{"@type":"EntryPoint","urlTemplate":"https:\/\/www.brokk.com\/ch\/?s={search_term_string}"},"query-input":{"@type":"PropertyValueSpecification","valueRequired":true,"valueName":"search_term_string"}}],"inLanguage":"de"}]}},"_links":{"self":[{"href":"https:\/\/www.brokk.com\/ch\/wp-json\/wp\/v2\/pages\/5012","targetHints":{"allow":["GET"]}}],"collection":[{"href":"https:\/\/www.brokk.com\/ch\/wp-json\/wp\/v2\/pages"}],"about":[{"href":"https:\/\/www.brokk.com\/ch\/wp-json\/wp\/v2\/types\/page"}],"author":[{"embeddable":true,"href":"https:\/\/www.brokk.com\/ch\/wp-json\/wp\/v2\/users\/8"}],"replies":[{"embeddable":true,"href":"https:\/\/www.brokk.com\/ch\/wp-json\/wp\/v2\/comments?post=5012"}],"version-history":[{"count":10,"href":"https:\/\/www.brokk.com\/ch\/wp-json\/wp\/v2\/pages\/5012\/revisions"}],"predecessor-version":[{"id":5783,"href":"https:\/\/www.brokk.com\/ch\/wp-json\/wp\/v2\/pages\/5012\/revisions\/5783"}],"wp:attachment":[{"href":"https:\/\/www.brokk.com\/ch\/wp-json\/wp\/v2\/media?parent=5012"}],"curies":[{"name":"wp","href":"https:\/\/api.w.org\/{rel}","templated":true}]}}