{"id":5027,"date":"2018-12-12T11:27:15","date_gmt":"2018-12-12T10:27:15","guid":{"rendered":"https:\/\/www.brokk.com\/ch\/?page_id=5027"},"modified":"2019-02-07T07:39:23","modified_gmt":"2019-02-07T06:39:23","slug":"modellvergleich","status":"publish","type":"page","link":"https:\/\/www.brokk.com\/ch\/modellvergleich\/","title":{"rendered":"Modelle vergleichen"},"content":{"rendered":"<p>Welcher Brokk ist der beste f\u00fcr Ihre Arbeit? Hier k\u00f6nnen Sie verschiedene Modelle ausw\u00e4hlen und deren Spezifikationen und Eigenschaften vergleichen. Wenn Sie mehrere Modelle vergleichen, scrollen Sie seitw\u00e4rts, um sie alle zu sehen.<\/p>\n","protected":false},"excerpt":{"rendered":"<p>Welcher Brokk ist der beste f\u00fcr Ihre Arbeit? Hier k\u00f6nnen Sie verschiedene Modelle ausw\u00e4hlen und deren Spezifikationen und Eigenschaften vergleichen. Wenn Sie mehrere Modelle vergleichen, scrollen Sie seitw\u00e4rts, um sie alle zu sehen.<\/p>\n","protected":false},"author":2,"featured_media":6864,"parent":0,"menu_order":141,"comment_status":"closed","ping_status":"closed","template":"page-templates\/compare-products.php","meta":{"_acf_changed":false,"_relevanssi_hide_post":"","_relevanssi_hide_content":"","_relevanssi_pin_for_all":"","_relevanssi_pin_keywords":"","_relevanssi_unpin_keywords":"","_relevanssi_related_keywords":"","_relevanssi_related_include_ids":"","_relevanssi_related_exclude_ids":"","_relevanssi_related_no_append":"","_relevanssi_related_not_related":"","_relevanssi_related_posts":"","_relevanssi_noindex_reason":"","footnotes":""},"class_list":["post-5027","page","type-page","status-publish","has-post-thumbnail","hentry"],"acf":[],"yoast_head":"<!-- This site is optimized with the Yoast SEO plugin v27.0 - https:\/\/yoast.com\/product\/yoast-seo-wordpress\/ -->\n<title>Modelle vergleichen - Brokk Schweiz<\/title>\n<meta name=\"robots\" content=\"index, follow, max-snippet:-1, max-image-preview:large, max-video-preview:-1\" \/>\n<link rel=\"canonical\" href=\"https:\/\/www.brokk.com\/ch\/modellvergleich\/\" \/>\n<meta property=\"og:locale\" content=\"de_DE\" \/>\n<meta property=\"og:type\" content=\"article\" \/>\n<meta property=\"og:title\" content=\"Modelle vergleichen - Brokk Schweiz\" \/>\n<meta property=\"og:description\" content=\"Welcher Brokk ist der beste f\u00fcr Ihre Arbeit? Hier k\u00f6nnen Sie verschiedene Modelle ausw\u00e4hlen und deren Spezifikationen und Eigenschaften vergleichen. Wenn Sie mehrere Modelle vergleichen, scrollen Sie seitw\u00e4rts, um sie alle zu sehen.\" \/>\n<meta property=\"og:url\" content=\"https:\/\/www.brokk.com\/ch\/modellvergleich\/\" \/>\n<meta property=\"og:site_name\" content=\"Brokk Schweiz\" \/>\n<meta property=\"article:modified_time\" content=\"2019-02-07T06:39:23+00:00\" \/>\n<meta property=\"og:image\" content=\"https:\/\/www.brokk.com\/ch\/uploads\/sites\/12\/2020\/10\/pd_190220_18243ret.jpg\" \/>\n\t<meta property=\"og:image:width\" content=\"1920\" \/>\n\t<meta property=\"og:image:height\" content=\"1216\" \/>\n\t<meta property=\"og:image:type\" content=\"image\/jpeg\" \/>\n<meta name=\"twitter:card\" content=\"summary_large_image\" \/>\n<script type=\"application\/ld+json\" class=\"yoast-schema-graph\">{\"@context\":\"https:\/\/schema.org\",\"@graph\":[{\"@type\":\"WebPage\",\"@id\":\"https:\/\/www.brokk.com\/ch\/modellvergleich\/\",\"url\":\"https:\/\/www.brokk.com\/ch\/modellvergleich\/\",\"name\":\"Modelle vergleichen - Brokk Schweiz\",\"isPartOf\":{\"@id\":\"https:\/\/www.brokk.com\/ch\/#website\"},\"primaryImageOfPage\":{\"@id\":\"https:\/\/www.brokk.com\/ch\/modellvergleich\/#primaryimage\"},\"image\":{\"@id\":\"https:\/\/www.brokk.com\/ch\/modellvergleich\/#primaryimage\"},\"thumbnailUrl\":\"https:\/\/www.brokk.com\/ch\/uploads\/sites\/12\/2020\/10\/pd_190220_18243ret.jpg\",\"datePublished\":\"2018-12-12T10:27:15+00:00\",\"dateModified\":\"2019-02-07T06:39:23+00:00\",\"breadcrumb\":{\"@id\":\"https:\/\/www.brokk.com\/ch\/modellvergleich\/#breadcrumb\"},\"inLanguage\":\"de\",\"potentialAction\":[{\"@type\":\"ReadAction\",\"target\":[\"https:\/\/www.brokk.com\/ch\/modellvergleich\/\"]}]},{\"@type\":\"ImageObject\",\"inLanguage\":\"de\",\"@id\":\"https:\/\/www.brokk.com\/ch\/modellvergleich\/#primaryimage\",\"url\":\"https:\/\/www.brokk.com\/ch\/uploads\/sites\/12\/2020\/10\/pd_190220_18243ret.jpg\",\"contentUrl\":\"https:\/\/www.brokk.com\/ch\/uploads\/sites\/12\/2020\/10\/pd_190220_18243ret.jpg\",\"width\":1920,\"height\":1216},{\"@type\":\"BreadcrumbList\",\"@id\":\"https:\/\/www.brokk.com\/ch\/modellvergleich\/#breadcrumb\",\"itemListElement\":[{\"@type\":\"ListItem\",\"position\":1,\"name\":\"Home\",\"item\":\"https:\/\/www.brokk.com\/ch\/\"},{\"@type\":\"ListItem\",\"position\":2,\"name\":\"Modelle vergleichen\"}]},{\"@type\":\"WebSite\",\"@id\":\"https:\/\/www.brokk.com\/ch\/#website\",\"url\":\"https:\/\/www.brokk.com\/ch\/\",\"name\":\"Brokk Schweiz\",\"description\":\"\",\"potentialAction\":[{\"@type\":\"SearchAction\",\"target\":{\"@type\":\"EntryPoint\",\"urlTemplate\":\"https:\/\/www.brokk.com\/ch\/?s={search_term_string}\"},\"query-input\":{\"@type\":\"PropertyValueSpecification\",\"valueRequired\":true,\"valueName\":\"search_term_string\"}}],\"inLanguage\":\"de\"}]}<\/script>\n<!-- \/ Yoast SEO plugin. -->","yoast_head_json":{"title":"Modelle vergleichen - Brokk Schweiz","robots":{"index":"index","follow":"follow","max-snippet":"max-snippet:-1","max-image-preview":"max-image-preview:large","max-video-preview":"max-video-preview:-1"},"canonical":"https:\/\/www.brokk.com\/ch\/modellvergleich\/","og_locale":"de_DE","og_type":"article","og_title":"Modelle vergleichen - Brokk Schweiz","og_description":"Welcher Brokk ist der beste f\u00fcr Ihre Arbeit? Hier k\u00f6nnen Sie verschiedene Modelle ausw\u00e4hlen und deren Spezifikationen und Eigenschaften vergleichen. Wenn Sie mehrere Modelle vergleichen, scrollen Sie seitw\u00e4rts, um sie alle zu sehen.","og_url":"https:\/\/www.brokk.com\/ch\/modellvergleich\/","og_site_name":"Brokk Schweiz","article_modified_time":"2019-02-07T06:39:23+00:00","og_image":[{"width":1920,"height":1216,"url":"https:\/\/www.brokk.com\/ch\/uploads\/sites\/12\/2020\/10\/pd_190220_18243ret.jpg","type":"image\/jpeg"}],"twitter_card":"summary_large_image","schema":{"@context":"https:\/\/schema.org","@graph":[{"@type":"WebPage","@id":"https:\/\/www.brokk.com\/ch\/modellvergleich\/","url":"https:\/\/www.brokk.com\/ch\/modellvergleich\/","name":"Modelle vergleichen - Brokk Schweiz","isPartOf":{"@id":"https:\/\/www.brokk.com\/ch\/#website"},"primaryImageOfPage":{"@id":"https:\/\/www.brokk.com\/ch\/modellvergleich\/#primaryimage"},"image":{"@id":"https:\/\/www.brokk.com\/ch\/modellvergleich\/#primaryimage"},"thumbnailUrl":"https:\/\/www.brokk.com\/ch\/uploads\/sites\/12\/2020\/10\/pd_190220_18243ret.jpg","datePublished":"2018-12-12T10:27:15+00:00","dateModified":"2019-02-07T06:39:23+00:00","breadcrumb":{"@id":"https:\/\/www.brokk.com\/ch\/modellvergleich\/#breadcrumb"},"inLanguage":"de","potentialAction":[{"@type":"ReadAction","target":["https:\/\/www.brokk.com\/ch\/modellvergleich\/"]}]},{"@type":"ImageObject","inLanguage":"de","@id":"https:\/\/www.brokk.com\/ch\/modellvergleich\/#primaryimage","url":"https:\/\/www.brokk.com\/ch\/uploads\/sites\/12\/2020\/10\/pd_190220_18243ret.jpg","contentUrl":"https:\/\/www.brokk.com\/ch\/uploads\/sites\/12\/2020\/10\/pd_190220_18243ret.jpg","width":1920,"height":1216},{"@type":"BreadcrumbList","@id":"https:\/\/www.brokk.com\/ch\/modellvergleich\/#breadcrumb","itemListElement":[{"@type":"ListItem","position":1,"name":"Home","item":"https:\/\/www.brokk.com\/ch\/"},{"@type":"ListItem","position":2,"name":"Modelle vergleichen"}]},{"@type":"WebSite","@id":"https:\/\/www.brokk.com\/ch\/#website","url":"https:\/\/www.brokk.com\/ch\/","name":"Brokk Schweiz","description":"","potentialAction":[{"@type":"SearchAction","target":{"@type":"EntryPoint","urlTemplate":"https:\/\/www.brokk.com\/ch\/?s={search_term_string}"},"query-input":{"@type":"PropertyValueSpecification","valueRequired":true,"valueName":"search_term_string"}}],"inLanguage":"de"}]}},"_links":{"self":[{"href":"https:\/\/www.brokk.com\/ch\/wp-json\/wp\/v2\/pages\/5027","targetHints":{"allow":["GET"]}}],"collection":[{"href":"https:\/\/www.brokk.com\/ch\/wp-json\/wp\/v2\/pages"}],"about":[{"href":"https:\/\/www.brokk.com\/ch\/wp-json\/wp\/v2\/types\/page"}],"author":[{"embeddable":true,"href":"https:\/\/www.brokk.com\/ch\/wp-json\/wp\/v2\/users\/2"}],"replies":[{"embeddable":true,"href":"https:\/\/www.brokk.com\/ch\/wp-json\/wp\/v2\/comments?post=5027"}],"version-history":[{"count":2,"href":"https:\/\/www.brokk.com\/ch\/wp-json\/wp\/v2\/pages\/5027\/revisions"}],"predecessor-version":[{"id":5782,"href":"https:\/\/www.brokk.com\/ch\/wp-json\/wp\/v2\/pages\/5027\/revisions\/5782"}],"wp:featuredmedia":[{"embeddable":true,"href":"https:\/\/www.brokk.com\/ch\/wp-json\/wp\/v2\/media\/6864"}],"wp:attachment":[{"href":"https:\/\/www.brokk.com\/ch\/wp-json\/wp\/v2\/media?parent=5027"}],"curies":[{"name":"wp","href":"https:\/\/api.w.org\/{rel}","templated":true}]}}