{"id":5033,"date":"2018-12-12T11:36:55","date_gmt":"2018-12-12T10:36:55","guid":{"rendered":"https:\/\/www.brokk.com\/ch\/?page_id=5033"},"modified":"2019-01-28T10:01:41","modified_gmt":"2019-01-28T09:01:41","slug":"faq-kundendienst","status":"publish","type":"page","link":"https:\/\/www.brokk.com\/ch\/faq-kundendienst\/","title":{"rendered":"FAQ &#8211; Kundendienst"},"content":{"rendered":"<p>Wir sch\u00e4tzen Ihre Fragen und streben nach m\u00f6glichst schnellen und klaren Antworten. Hier ist eine Sammlung der h\u00e4ufigsten Fragen und Antworten. Nat\u00fcrlich k\u00f6nnen Sie Ihre eigenen stellen und wir werden so schnell wie m\u00f6glich eine Antwort geben.<\/p>\n","protected":false},"excerpt":{"rendered":"<p>Wir sch\u00e4tzen Ihre Fragen und streben nach m\u00f6glichst schnellen und klaren Antworten. Hier ist eine Sammlung der h\u00e4ufigsten Fragen und Antworten. Nat\u00fcrlich k\u00f6nnen Sie Ihre eigenen stellen und wir werden so schnell wie m\u00f6glich eine Antwort geben.<\/p>\n","protected":false},"author":36,"featured_media":0,"parent":0,"menu_order":189,"comment_status":"closed","ping_status":"closed","template":"page-templates\/faq.php","meta":{"_acf_changed":false,"_relevanssi_hide_post":"","_relevanssi_hide_content":"","_relevanssi_pin_for_all":"","_relevanssi_pin_keywords":"","_relevanssi_unpin_keywords":"","_relevanssi_related_keywords":"","_relevanssi_related_include_ids":"","_relevanssi_related_exclude_ids":"","_relevanssi_related_no_append":"","_relevanssi_related_not_related":"","_relevanssi_related_posts":"","_relevanssi_noindex_reason":"","footnotes":""},"class_list":["post-5033","page","type-page","status-publish","hentry"],"acf":[],"yoast_head":"<!-- This site is optimized with the Yoast SEO plugin v27.0 - https:\/\/yoast.com\/product\/yoast-seo-wordpress\/ -->\n<title>FAQ - Kundendienst - Brokk Schweiz<\/title>\n<meta name=\"robots\" content=\"index, follow, max-snippet:-1, max-image-preview:large, max-video-preview:-1\" \/>\n<link rel=\"canonical\" href=\"https:\/\/www.brokk.com\/ch\/faq-kundendienst\/\" \/>\n<meta property=\"og:locale\" content=\"de_DE\" \/>\n<meta property=\"og:type\" content=\"article\" \/>\n<meta property=\"og:title\" content=\"FAQ - Kundendienst - Brokk Schweiz\" \/>\n<meta property=\"og:description\" content=\"Wir sch\u00e4tzen Ihre Fragen und streben nach m\u00f6glichst schnellen und klaren Antworten. Hier ist eine Sammlung der h\u00e4ufigsten Fragen und Antworten. Nat\u00fcrlich k\u00f6nnen Sie Ihre eigenen stellen und wir werden so schnell wie m\u00f6glich eine Antwort geben.\" \/>\n<meta property=\"og:url\" content=\"https:\/\/www.brokk.com\/ch\/faq-kundendienst\/\" \/>\n<meta property=\"og:site_name\" content=\"Brokk Schweiz\" \/>\n<meta property=\"article:modified_time\" content=\"2019-01-28T09:01:41+00:00\" \/>\n<meta name=\"twitter:card\" content=\"summary_large_image\" \/>\n<script type=\"application\/ld+json\" class=\"yoast-schema-graph\">{\"@context\":\"https:\/\/schema.org\",\"@graph\":[{\"@type\":\"WebPage\",\"@id\":\"https:\/\/www.brokk.com\/ch\/faq-kundendienst\/\",\"url\":\"https:\/\/www.brokk.com\/ch\/faq-kundendienst\/\",\"name\":\"FAQ - Kundendienst - Brokk Schweiz\",\"isPartOf\":{\"@id\":\"https:\/\/www.brokk.com\/ch\/#website\"},\"datePublished\":\"2018-12-12T10:36:55+00:00\",\"dateModified\":\"2019-01-28T09:01:41+00:00\",\"breadcrumb\":{\"@id\":\"https:\/\/www.brokk.com\/ch\/faq-kundendienst\/#breadcrumb\"},\"inLanguage\":\"de\",\"potentialAction\":[{\"@type\":\"ReadAction\",\"target\":[\"https:\/\/www.brokk.com\/ch\/faq-kundendienst\/\"]}]},{\"@type\":\"BreadcrumbList\",\"@id\":\"https:\/\/www.brokk.com\/ch\/faq-kundendienst\/#breadcrumb\",\"itemListElement\":[{\"@type\":\"ListItem\",\"position\":1,\"name\":\"Home\",\"item\":\"https:\/\/www.brokk.com\/ch\/\"},{\"@type\":\"ListItem\",\"position\":2,\"name\":\"FAQ &#8211; Kundendienst\"}]},{\"@type\":\"WebSite\",\"@id\":\"https:\/\/www.brokk.com\/ch\/#website\",\"url\":\"https:\/\/www.brokk.com\/ch\/\",\"name\":\"Brokk Schweiz\",\"description\":\"\",\"potentialAction\":[{\"@type\":\"SearchAction\",\"target\":{\"@type\":\"EntryPoint\",\"urlTemplate\":\"https:\/\/www.brokk.com\/ch\/?s={search_term_string}\"},\"query-input\":{\"@type\":\"PropertyValueSpecification\",\"valueRequired\":true,\"valueName\":\"search_term_string\"}}],\"inLanguage\":\"de\"}]}<\/script>\n<!-- \/ Yoast SEO plugin. -->","yoast_head_json":{"title":"FAQ - Kundendienst - Brokk Schweiz","robots":{"index":"index","follow":"follow","max-snippet":"max-snippet:-1","max-image-preview":"max-image-preview:large","max-video-preview":"max-video-preview:-1"},"canonical":"https:\/\/www.brokk.com\/ch\/faq-kundendienst\/","og_locale":"de_DE","og_type":"article","og_title":"FAQ - Kundendienst - Brokk Schweiz","og_description":"Wir sch\u00e4tzen Ihre Fragen und streben nach m\u00f6glichst schnellen und klaren Antworten. Hier ist eine Sammlung der h\u00e4ufigsten Fragen und Antworten. Nat\u00fcrlich k\u00f6nnen Sie Ihre eigenen stellen und wir werden so schnell wie m\u00f6glich eine Antwort geben.","og_url":"https:\/\/www.brokk.com\/ch\/faq-kundendienst\/","og_site_name":"Brokk Schweiz","article_modified_time":"2019-01-28T09:01:41+00:00","twitter_card":"summary_large_image","schema":{"@context":"https:\/\/schema.org","@graph":[{"@type":"WebPage","@id":"https:\/\/www.brokk.com\/ch\/faq-kundendienst\/","url":"https:\/\/www.brokk.com\/ch\/faq-kundendienst\/","name":"FAQ - Kundendienst - Brokk Schweiz","isPartOf":{"@id":"https:\/\/www.brokk.com\/ch\/#website"},"datePublished":"2018-12-12T10:36:55+00:00","dateModified":"2019-01-28T09:01:41+00:00","breadcrumb":{"@id":"https:\/\/www.brokk.com\/ch\/faq-kundendienst\/#breadcrumb"},"inLanguage":"de","potentialAction":[{"@type":"ReadAction","target":["https:\/\/www.brokk.com\/ch\/faq-kundendienst\/"]}]},{"@type":"BreadcrumbList","@id":"https:\/\/www.brokk.com\/ch\/faq-kundendienst\/#breadcrumb","itemListElement":[{"@type":"ListItem","position":1,"name":"Home","item":"https:\/\/www.brokk.com\/ch\/"},{"@type":"ListItem","position":2,"name":"FAQ &#8211; Kundendienst"}]},{"@type":"WebSite","@id":"https:\/\/www.brokk.com\/ch\/#website","url":"https:\/\/www.brokk.com\/ch\/","name":"Brokk Schweiz","description":"","potentialAction":[{"@type":"SearchAction","target":{"@type":"EntryPoint","urlTemplate":"https:\/\/www.brokk.com\/ch\/?s={search_term_string}"},"query-input":{"@type":"PropertyValueSpecification","valueRequired":true,"valueName":"search_term_string"}}],"inLanguage":"de"}]}},"_links":{"self":[{"href":"https:\/\/www.brokk.com\/ch\/wp-json\/wp\/v2\/pages\/5033","targetHints":{"allow":["GET"]}}],"collection":[{"href":"https:\/\/www.brokk.com\/ch\/wp-json\/wp\/v2\/pages"}],"about":[{"href":"https:\/\/www.brokk.com\/ch\/wp-json\/wp\/v2\/types\/page"}],"author":[{"embeddable":true,"href":"https:\/\/www.brokk.com\/ch\/wp-json\/wp\/v2\/users\/36"}],"replies":[{"embeddable":true,"href":"https:\/\/www.brokk.com\/ch\/wp-json\/wp\/v2\/comments?post=5033"}],"version-history":[{"count":2,"href":"https:\/\/www.brokk.com\/ch\/wp-json\/wp\/v2\/pages\/5033\/revisions"}],"predecessor-version":[{"id":5704,"href":"https:\/\/www.brokk.com\/ch\/wp-json\/wp\/v2\/pages\/5033\/revisions\/5704"}],"wp:attachment":[{"href":"https:\/\/www.brokk.com\/ch\/wp-json\/wp\/v2\/media?parent=5033"}],"curies":[{"name":"wp","href":"https:\/\/api.w.org\/{rel}","templated":true}]}}