{"id":5039,"date":"2018-12-18T11:19:46","date_gmt":"2018-12-18T10:19:46","guid":{"rendered":"https:\/\/www.brokk.com\/ch\/?page_id=5039"},"modified":"2019-01-29T12:18:04","modified_gmt":"2019-01-29T11:18:04","slug":"sondermaschinen","status":"publish","type":"page","link":"https:\/\/www.brokk.com\/ch\/sondermaschinen\/","title":{"rendered":"Sondermaschinen"},"content":{"rendered":"<p>Das Brokk-Konzept ist auf Anpassungsf\u00e4higkeit ausgelegt. Mit \u00fcber 40 Jahren Produktentwicklung und Best Practice-L\u00f6sungen k\u00f6nnen wir Ihnen helfen, Ihren Abbruchroboter auf Ihre spezifischen Bed\u00fcrfnisse zuzuschneiden. Tats\u00e4chlich leben wir von diesen Herausforderungen. Obwohl wir \u00fcber eine breite Palette von Brokk-Standardmaschinen f\u00fcr verschiedene Branchen verf\u00fcgen, sind wir st\u00e4ndig bestrebt, die Produktpalette und ihre Eigenschaften zu erweitern, um noch mehr Anforderungen zu erf\u00fcllen und unseren Kunden zu effizienten L\u00f6sungen f\u00fcr sichere und profitable Projekte zu verhelfen. Der beste Weg, dies zu erreichen, ist die Zusammenarbeit mit den Kunden, um ihre ganz spezifischen Bed\u00fcrfnisse zu erf\u00fcllen. Um das Unl\u00f6sbare zu l\u00f6sen. Um die Grenzen des Abbruchroboters noch weiter zu verschieben. Gemeinsam bilden wir ein perfektes Team, Sie als Experte f\u00fcr Ihre Aufgabenstellung und Brokk als f\u00fchrender Entwickler von wegweisender Technologie f\u00fcr Abbruch- und Wartungsmaschinen. Kontaktieren Sie uns f\u00fcr ein unverbindliches Gespr\u00e4ch \u00fcber Ihre spezielle L\u00f6sung.<\/p>\n","protected":false},"excerpt":{"rendered":"<p>Das Brokk-Konzept ist auf Anpassungsf\u00e4higkeit ausgelegt. Mit \u00fcber 40 Jahren Produktentwicklung und Best Practice-L\u00f6sungen k\u00f6nnen wir Ihnen helfen, Ihren Abbruchroboter auf Ihre spezifischen Bed\u00fcrfnisse zuzuschneiden. Tats\u00e4chlich leben wir von diesen Herausforderungen. Obwohl wir \u00fcber eine breite Palette von Brokk-Standardmaschinen f\u00fcr\u2026<\/p>\n","protected":false},"author":36,"featured_media":0,"parent":0,"menu_order":124,"comment_status":"closed","ping_status":"closed","template":"page-templates\/common.php","meta":{"_acf_changed":false,"_relevanssi_hide_post":"","_relevanssi_hide_content":"","_relevanssi_pin_for_all":"","_relevanssi_pin_keywords":"","_relevanssi_unpin_keywords":"","_relevanssi_related_keywords":"","_relevanssi_related_include_ids":"","_relevanssi_related_exclude_ids":"","_relevanssi_related_no_append":"","_relevanssi_related_not_related":"","_relevanssi_related_posts":"","_relevanssi_noindex_reason":"","footnotes":""},"class_list":["post-5039","page","type-page","status-publish","hentry"],"acf":[],"yoast_head":"<!-- This site is optimized with the Yoast SEO plugin v27.3 - https:\/\/yoast.com\/product\/yoast-seo-wordpress\/ -->\n<title>Sondermaschinen - Brokk Schweiz<\/title>\n<meta name=\"robots\" content=\"index, follow, max-snippet:-1, max-image-preview:large, max-video-preview:-1\" \/>\n<link rel=\"canonical\" href=\"https:\/\/www.brokk.com\/ch\/sondermaschinen\/\" \/>\n<meta property=\"og:locale\" content=\"de_DE\" \/>\n<meta property=\"og:type\" content=\"article\" \/>\n<meta property=\"og:title\" content=\"Sondermaschinen - Brokk Schweiz\" \/>\n<meta property=\"og:description\" content=\"Das Brokk-Konzept ist auf Anpassungsf\u00e4higkeit ausgelegt. Mit \u00fcber 40 Jahren Produktentwicklung und Best Practice-L\u00f6sungen k\u00f6nnen wir Ihnen helfen, Ihren Abbruchroboter auf Ihre spezifischen Bed\u00fcrfnisse zuzuschneiden. Tats\u00e4chlich leben wir von diesen Herausforderungen. Obwohl wir \u00fcber eine breite Palette von Brokk-Standardmaschinen f\u00fcr\u2026\" \/>\n<meta property=\"og:url\" content=\"https:\/\/www.brokk.com\/ch\/sondermaschinen\/\" \/>\n<meta property=\"og:site_name\" content=\"Brokk Schweiz\" \/>\n<meta property=\"article:modified_time\" content=\"2019-01-29T11:18:04+00:00\" \/>\n<meta property=\"og:image\" content=\"https:\/\/www.brokk.com\/ch\/uploads\/sites\/12\/2018\/03\/custom-machines_hero.jpg\" \/>\n\t<meta property=\"og:image:width\" content=\"2560\" \/>\n\t<meta property=\"og:image:height\" content=\"1096\" \/>\n\t<meta property=\"og:image:type\" content=\"image\/jpeg\" \/>\n<meta name=\"twitter:card\" content=\"summary_large_image\" \/>\n<meta name=\"twitter:label1\" content=\"Gesch\u00e4tzte Lesezeit\" \/>\n\t<meta name=\"twitter:data1\" content=\"1\u00a0Minute\" \/>\n<script type=\"application\/ld+json\" class=\"yoast-schema-graph\">{\"@context\":\"https:\\\/\\\/schema.org\",\"@graph\":[{\"@type\":\"WebPage\",\"@id\":\"https:\\\/\\\/www.brokk.com\\\/ch\\\/sondermaschinen\\\/\",\"url\":\"https:\\\/\\\/www.brokk.com\\\/ch\\\/sondermaschinen\\\/\",\"name\":\"Sondermaschinen - Brokk Schweiz\",\"isPartOf\":{\"@id\":\"https:\\\/\\\/www.brokk.com\\\/ch\\\/#website\"},\"datePublished\":\"2018-12-18T10:19:46+00:00\",\"dateModified\":\"2019-01-29T11:18:04+00:00\",\"breadcrumb\":{\"@id\":\"https:\\\/\\\/www.brokk.com\\\/ch\\\/sondermaschinen\\\/#breadcrumb\"},\"inLanguage\":\"de\",\"potentialAction\":[{\"@type\":\"ReadAction\",\"target\":[\"https:\\\/\\\/www.brokk.com\\\/ch\\\/sondermaschinen\\\/\"]}]},{\"@type\":\"BreadcrumbList\",\"@id\":\"https:\\\/\\\/www.brokk.com\\\/ch\\\/sondermaschinen\\\/#breadcrumb\",\"itemListElement\":[{\"@type\":\"ListItem\",\"position\":1,\"name\":\"Home\",\"item\":\"https:\\\/\\\/www.brokk.com\\\/ch\\\/\"},{\"@type\":\"ListItem\",\"position\":2,\"name\":\"Sondermaschinen\"}]},{\"@type\":\"WebSite\",\"@id\":\"https:\\\/\\\/www.brokk.com\\\/ch\\\/#website\",\"url\":\"https:\\\/\\\/www.brokk.com\\\/ch\\\/\",\"name\":\"Brokk Schweiz\",\"description\":\"\",\"potentialAction\":[{\"@type\":\"SearchAction\",\"target\":{\"@type\":\"EntryPoint\",\"urlTemplate\":\"https:\\\/\\\/www.brokk.com\\\/ch\\\/?s={search_term_string}\"},\"query-input\":{\"@type\":\"PropertyValueSpecification\",\"valueRequired\":true,\"valueName\":\"search_term_string\"}}],\"inLanguage\":\"de\"}]}<\/script>\n<!-- \/ Yoast SEO plugin. -->","yoast_head_json":{"title":"Sondermaschinen - Brokk Schweiz","robots":{"index":"index","follow":"follow","max-snippet":"max-snippet:-1","max-image-preview":"max-image-preview:large","max-video-preview":"max-video-preview:-1"},"canonical":"https:\/\/www.brokk.com\/ch\/sondermaschinen\/","og_locale":"de_DE","og_type":"article","og_title":"Sondermaschinen - Brokk Schweiz","og_description":"Das Brokk-Konzept ist auf Anpassungsf\u00e4higkeit ausgelegt. Mit \u00fcber 40 Jahren Produktentwicklung und Best Practice-L\u00f6sungen k\u00f6nnen wir Ihnen helfen, Ihren Abbruchroboter auf Ihre spezifischen Bed\u00fcrfnisse zuzuschneiden. Tats\u00e4chlich leben wir von diesen Herausforderungen. Obwohl wir \u00fcber eine breite Palette von Brokk-Standardmaschinen f\u00fcr\u2026","og_url":"https:\/\/www.brokk.com\/ch\/sondermaschinen\/","og_site_name":"Brokk Schweiz","article_modified_time":"2019-01-29T11:18:04+00:00","og_image":[{"width":2560,"height":1096,"url":"https:\/\/www.brokk.com\/ch\/uploads\/sites\/12\/2018\/03\/custom-machines_hero.jpg","type":"image\/jpeg"}],"twitter_card":"summary_large_image","twitter_misc":{"Gesch\u00e4tzte Lesezeit":"1\u00a0Minute"},"schema":{"@context":"https:\/\/schema.org","@graph":[{"@type":"WebPage","@id":"https:\/\/www.brokk.com\/ch\/sondermaschinen\/","url":"https:\/\/www.brokk.com\/ch\/sondermaschinen\/","name":"Sondermaschinen - Brokk Schweiz","isPartOf":{"@id":"https:\/\/www.brokk.com\/ch\/#website"},"datePublished":"2018-12-18T10:19:46+00:00","dateModified":"2019-01-29T11:18:04+00:00","breadcrumb":{"@id":"https:\/\/www.brokk.com\/ch\/sondermaschinen\/#breadcrumb"},"inLanguage":"de","potentialAction":[{"@type":"ReadAction","target":["https:\/\/www.brokk.com\/ch\/sondermaschinen\/"]}]},{"@type":"BreadcrumbList","@id":"https:\/\/www.brokk.com\/ch\/sondermaschinen\/#breadcrumb","itemListElement":[{"@type":"ListItem","position":1,"name":"Home","item":"https:\/\/www.brokk.com\/ch\/"},{"@type":"ListItem","position":2,"name":"Sondermaschinen"}]},{"@type":"WebSite","@id":"https:\/\/www.brokk.com\/ch\/#website","url":"https:\/\/www.brokk.com\/ch\/","name":"Brokk Schweiz","description":"","potentialAction":[{"@type":"SearchAction","target":{"@type":"EntryPoint","urlTemplate":"https:\/\/www.brokk.com\/ch\/?s={search_term_string}"},"query-input":{"@type":"PropertyValueSpecification","valueRequired":true,"valueName":"search_term_string"}}],"inLanguage":"de"}]}},"_links":{"self":[{"href":"https:\/\/www.brokk.com\/ch\/wp-json\/wp\/v2\/pages\/5039","targetHints":{"allow":["GET"]}}],"collection":[{"href":"https:\/\/www.brokk.com\/ch\/wp-json\/wp\/v2\/pages"}],"about":[{"href":"https:\/\/www.brokk.com\/ch\/wp-json\/wp\/v2\/types\/page"}],"author":[{"embeddable":true,"href":"https:\/\/www.brokk.com\/ch\/wp-json\/wp\/v2\/users\/36"}],"replies":[{"embeddable":true,"href":"https:\/\/www.brokk.com\/ch\/wp-json\/wp\/v2\/comments?post=5039"}],"version-history":[{"count":4,"href":"https:\/\/www.brokk.com\/ch\/wp-json\/wp\/v2\/pages\/5039\/revisions"}],"predecessor-version":[{"id":5730,"href":"https:\/\/www.brokk.com\/ch\/wp-json\/wp\/v2\/pages\/5039\/revisions\/5730"}],"wp:attachment":[{"href":"https:\/\/www.brokk.com\/ch\/wp-json\/wp\/v2\/media?parent=5039"}],"curies":[{"name":"wp","href":"https:\/\/api.w.org\/{rel}","templated":true}]}}