{"id":5048,"date":"2018-12-13T09:44:17","date_gmt":"2018-12-13T08:44:17","guid":{"rendered":"https:\/\/www.brokk.com\/ch\/?page_id=5048"},"modified":"2019-02-17T09:47:48","modified_gmt":"2019-02-17T08:47:48","slug":"warum-brokk","status":"publish","type":"page","link":"https:\/\/www.brokk.com\/ch\/warum-brokk\/","title":{"rendered":"Warum Brokk"},"content":{"rendered":"<h2>unser Geheimnis ist unser Fokus<\/h2>\n<p>Seit mehr als 40 Jahren konzentrieren wir uns auf die Entwicklung ferngesteuerter Abbruchroboter f\u00fcr den sicheren, effizienten, leistungsstarken und wirtschaftlichen Abbruch. Das ist unser Programm. Unsere Leidenschaft. Unser Fachgebiet. W\u00e4hrend das urspr\u00fcngliche Konzept unver\u00e4ndert bleibt &#8211; sicherer, zeitsparender und kosteng\u00fcnstiger Qualit\u00e4tsabbruch &#8211; ist die st\u00e4ndige Innovation auch ein Markenzeichen von Brokk. Wir passen den Brokk an neue Marktanforderungen, neue Herausforderungen und neue Anwendungsbereiche an. Auf diese Weise gew\u00e4hrleisten wir maximale Langlebigkeit, verbessern Ergonomie und Sicherheit und erm\u00f6glichen effiziente und profitable Projekte.<\/p>\n<h4>Die Vorteile von Brokk auf einen Blick<\/h4>\n<ul>\n<li>Abbruchleistung: Trotz ihrer Kompaktbauweise k\u00f6nnen es Brokk-Maschinen mit f\u00fcnfmal gr\u00f6\u00dferen Baggern aufnehmen.<\/li>\n<li>Ferngesteuerter Betrieb: Maximiert die Leistungsf\u00e4higkeit w\u00e4hrend der\u00a0 Bediener sicher ist vor sch\u00e4dlichen Vibrationen und sich nicht in den Gefahrenbereich einer Baustelle begeben muss.<\/li>\n<li>Dreiteiliges Armsystem: eine starke und flexible L\u00f6sung f\u00fcr \u00fcberdurchschnittliche Reichweite und Reichweite und Krafteinsatz in allen Richtungen und bei maximaler Genauigkeit.<\/li>\n<li>Keine Abgase: niedrigere Ger\u00e4uschpegel, weniger Wartungsarbeiten.<\/li>\n<li>Kompakt und wendig: leicht zu man\u00f6vrieren und leicht zu transportieren. L\u00e4sst sich an Orten einsetzen, zu denen andere Maschinen keinen Zugang haben. Kann Treppen \u00fcberwinden und passt problemlos in einen Aufzug.<\/li>\n<li>St\u00fctzbeine f\u00fcr Stabilit\u00e4t: wenn es um die Arbeit mit schweren Werkzeugen geht.<\/li>\n<li>Hitzebest\u00e4ndig: s\u00e4mtliche Komponenten sind hitze- und schlaggesch\u00fctzt.<\/li>\n<li>Patentierte Schnellkupplung: macht den Roboter leichter und erlaubt einen schnellen und sicheren Werkzeugwechsel.<\/li>\n<li>Breite Palette an Werkzeugen: ein breites Werkzeugsortiment, von dem ein Gro\u00dfteil speziell f\u00fcr Brokk entwickelt wurde. Patentierte Schnellkupplung f\u00fcr schnellen und sicheren Werkzeugwechsel.<\/li>\n<\/ul>\n<h4>KOMPAkT uND Leistungsstark<\/h4>\n<p>Brokk-Maschinen bieten viel Kraft in einem kleinen Paket. Ob im Baugewerbe, in der Metall- und Prozess-industrie, im Nuklearbereich oder unter Tage, die au\u00dfergew\u00f6hnliche St\u00e4rke einer Brokk-Maschine macht sie zur idealen L\u00f6sung f\u00fcr effiziente, vielseitige und rentable Abbruch oder Wartungsarbeiten. Eine f\u00fcnf Tonnen schwere Brokk-Maschine hat die selbe Leistung wie ein 20 Tonnen schwerer Bagger und erledigt die Arbeit 500-600 (!) Prozent schneller als es Handwerkzeuge k\u00f6nnen. Diese Leistungsf\u00e4higkeit in einem unglaublich kompakten, leichten und einfach zu transportierenden Paket gilt f\u00fcr alle Brokk-Modelle.<\/p>\n<h4>sicher &amp; EFFIzient<\/h4>\n<p>Die Fernsteuerung erlaubt dem Brokk-Bediener ein effizientes Man\u00f6vrieren der Maschine mit bestm\u00f6glicher und sicherster Sicht auf die Arbeit. Ausreichend Sicherheitsabstand kann so eingehalten und gef\u00e4hrliche Vibrationen k\u00f6nnen vermieden werden. Das smarte und ergonomische Design der Fernbedienung h\u00e4lt den Bediener w\u00e4hrend langer Arbeitsschichten leistungsf\u00e4hig. Und die neuen Brokk SmartPower\u2122 Elektriksysteme geben den Brokk-Maschinen die Kraft, Zuverl\u00e4ssigkeit und Langlebigkeit, die Sie f\u00fcr Ihre anspruchsvollen Projekte brauchen.<\/p>\n<h4>FLEXIBel &amp; Vielseitig<\/h4>\n<p>Das Markenzeichen eines jeden Brokk-Roboters ist die Vielseitigkeit. Dank des einzigartigen 3-Arm-Systems und der Fernsteuerung bieten Brokk-Maschinen ihren Bedienern eine unvergleichliche Reichweite, Pr\u00e4zision und Best\u00e4ndigkeit. Das breite und st\u00e4ndig wachsende Angebot an Anbauger\u00e4ten macht ihn zum idealen Arbeitsger\u00e4t f\u00fcr die gro\u00dfe Anzahl an Anwendungen auf den heutigen Baustellen. Ganz gleich, welche Anforderungen Sie haben, es gibt eine Maschinengr\u00f6\u00dfe und ein Anbauger\u00e4t, die f\u00fcr das Projekt und die Situation geeignet sind. Und wenn Sie etwas au\u00dferhalb der Reihe brauchen, k\u00f6nnen wir mit unserer \u00fcber 40-j\u00e4hrigen Erfahrung und unseren Best Practices Ihren eigenen, einmaligen Brokk ma\u00dfschneidern.<\/p>\n<h4>erfahren &amp; zuverl\u00e4ssig<\/h4>\n<p>Mit \u00fcber vier Jahrzehnten Abbrucherfahrung ist Brokk lange genug auf Baustellen unterwegs, um bei der Suche nach der sichersten, produktivsten und profitabelsten L\u00f6sung f\u00fcr Ihre Anforderungen helfen zu k\u00f6nnen. Unsere Experten bieten Ihnen den Schl\u00fcssel zum Erfolg, nicht nur eine Maschine. Durch unser weltweites Service-und Supportnetzwerk und der Brokk Uptime\u2122 \u2013 Ersatzteilgarantie, liegen eine fachm\u00e4nnische Beratung und unvergleichliche Branchenkenntnisse nur einen Anruf entfernt.<\/p>\n<p>&nbsp;<\/p>\n<h3>Brokk TOP 5<\/h3>\n<ol>\n<li><b>Erfahrung.<\/b> Mit \u00fcber 40 Jahren Erfahrung in der Entwicklung, Herstellung und Anwendung von Abbruchrobotern wissen wir worauf es ankommt,<\/li>\n<li><b>Fokus.<\/b> Bei Brokk widmen wir 100 % wir unserer Zeit, Ressourcen und Leidenschaft der Perfektionierung von ferngesteuerten Abbruchmaschinen. Nichts anderes.<\/li>\n<li><strong>Produktpalette.<\/strong> Kein anderer Hersteller auf dem Markt bietet eine vergleichbare Reihe an<br \/>\nAbbruchrobotern und Sonderanbauger\u00e4ten. Mit Brokk machen Sie es richtig.<\/li>\n<li><b>L\u00f6sung.<\/b> Wir verkaufen keine Produkte, wir liefern L\u00f6sungen abgestimmt auf Ihre Auftr\u00e4ge, den wir verstehen die spezifischen Anforderungen jeder Branche.<\/li>\n<li><b>Service.<\/b> Mit Brokk Uptime\u2122 bieten wir ein globales Support-Netzwerk mit lokalem Service<br \/>\nund erfahrenen, kompetenten Mitarbeitern.<\/li>\n<\/ol>\n","protected":false},"excerpt":{"rendered":"<p>unser Geheimnis ist unser Fokus Seit mehr als 40 Jahren konzentrieren wir uns auf die Entwicklung ferngesteuerter Abbruchroboter f\u00fcr den sicheren, effizienten, leistungsstarken und wirtschaftlichen Abbruch. Das ist unser Programm. Unsere Leidenschaft. Unser Fachgebiet. W\u00e4hrend das urspr\u00fcngliche Konzept unver\u00e4ndert bleibt\u2026<\/p>\n","protected":false},"author":19,"featured_media":0,"parent":0,"menu_order":66,"comment_status":"closed","ping_status":"closed","template":"page-templates\/common.php","meta":{"_acf_changed":false,"_relevanssi_hide_post":"","_relevanssi_hide_content":"","_relevanssi_pin_for_all":"","_relevanssi_pin_keywords":"","_relevanssi_unpin_keywords":"","_relevanssi_related_keywords":"","_relevanssi_related_include_ids":"","_relevanssi_related_exclude_ids":"","_relevanssi_related_no_append":"","_relevanssi_related_not_related":"","_relevanssi_related_posts":"","_relevanssi_noindex_reason":"","footnotes":""},"class_list":["post-5048","page","type-page","status-publish","hentry"],"acf":[],"yoast_head":"<!-- This site is optimized with the Yoast SEO plugin v27.0 - https:\/\/yoast.com\/product\/yoast-seo-wordpress\/ -->\n<title>Warum Brokk - Brokk Schweiz<\/title>\n<meta name=\"robots\" content=\"index, follow, max-snippet:-1, max-image-preview:large, max-video-preview:-1\" \/>\n<link rel=\"canonical\" href=\"https:\/\/www.brokk.com\/ch\/warum-brokk\/\" \/>\n<meta property=\"og:locale\" content=\"de_DE\" \/>\n<meta property=\"og:type\" content=\"article\" \/>\n<meta property=\"og:title\" content=\"Warum Brokk - Brokk Schweiz\" \/>\n<meta property=\"og:description\" content=\"unser Geheimnis ist unser Fokus Seit mehr als 40 Jahren konzentrieren wir uns auf die Entwicklung ferngesteuerter Abbruchroboter f\u00fcr den sicheren, effizienten, leistungsstarken und wirtschaftlichen Abbruch. Das ist unser Programm. Unsere Leidenschaft. Unser Fachgebiet. W\u00e4hrend das urspr\u00fcngliche Konzept unver\u00e4ndert bleibt\u2026\" \/>\n<meta property=\"og:url\" content=\"https:\/\/www.brokk.com\/ch\/warum-brokk\/\" \/>\n<meta property=\"og:site_name\" content=\"Brokk Schweiz\" \/>\n<meta property=\"article:modified_time\" content=\"2019-02-17T08:47:48+00:00\" \/>\n<meta property=\"og:image\" content=\"https:\/\/www.brokk.com\/ch\/uploads\/sites\/12\/2018\/03\/why-brokk-brokk500_hero.jpg\" \/>\n\t<meta property=\"og:image:width\" content=\"2560\" \/>\n\t<meta property=\"og:image:height\" content=\"1096\" \/>\n\t<meta property=\"og:image:type\" content=\"image\/jpeg\" \/>\n<meta name=\"twitter:card\" content=\"summary_large_image\" \/>\n<meta name=\"twitter:label1\" content=\"Gesch\u00e4tzte Lesezeit\" \/>\n\t<meta name=\"twitter:data1\" content=\"4\u00a0Minuten\" \/>\n<script type=\"application\/ld+json\" class=\"yoast-schema-graph\">{\"@context\":\"https:\/\/schema.org\",\"@graph\":[{\"@type\":\"WebPage\",\"@id\":\"https:\/\/www.brokk.com\/ch\/warum-brokk\/\",\"url\":\"https:\/\/www.brokk.com\/ch\/warum-brokk\/\",\"name\":\"Warum Brokk - Brokk Schweiz\",\"isPartOf\":{\"@id\":\"https:\/\/www.brokk.com\/ch\/#website\"},\"datePublished\":\"2018-12-13T08:44:17+00:00\",\"dateModified\":\"2019-02-17T08:47:48+00:00\",\"breadcrumb\":{\"@id\":\"https:\/\/www.brokk.com\/ch\/warum-brokk\/#breadcrumb\"},\"inLanguage\":\"de\",\"potentialAction\":[{\"@type\":\"ReadAction\",\"target\":[\"https:\/\/www.brokk.com\/ch\/warum-brokk\/\"]}]},{\"@type\":\"BreadcrumbList\",\"@id\":\"https:\/\/www.brokk.com\/ch\/warum-brokk\/#breadcrumb\",\"itemListElement\":[{\"@type\":\"ListItem\",\"position\":1,\"name\":\"Home\",\"item\":\"https:\/\/www.brokk.com\/ch\/\"},{\"@type\":\"ListItem\",\"position\":2,\"name\":\"Warum Brokk\"}]},{\"@type\":\"WebSite\",\"@id\":\"https:\/\/www.brokk.com\/ch\/#website\",\"url\":\"https:\/\/www.brokk.com\/ch\/\",\"name\":\"Brokk Schweiz\",\"description\":\"\",\"potentialAction\":[{\"@type\":\"SearchAction\",\"target\":{\"@type\":\"EntryPoint\",\"urlTemplate\":\"https:\/\/www.brokk.com\/ch\/?s={search_term_string}\"},\"query-input\":{\"@type\":\"PropertyValueSpecification\",\"valueRequired\":true,\"valueName\":\"search_term_string\"}}],\"inLanguage\":\"de\"}]}<\/script>\n<!-- \/ Yoast SEO plugin. -->","yoast_head_json":{"title":"Warum Brokk - Brokk Schweiz","robots":{"index":"index","follow":"follow","max-snippet":"max-snippet:-1","max-image-preview":"max-image-preview:large","max-video-preview":"max-video-preview:-1"},"canonical":"https:\/\/www.brokk.com\/ch\/warum-brokk\/","og_locale":"de_DE","og_type":"article","og_title":"Warum Brokk - Brokk Schweiz","og_description":"unser Geheimnis ist unser Fokus Seit mehr als 40 Jahren konzentrieren wir uns auf die Entwicklung ferngesteuerter Abbruchroboter f\u00fcr den sicheren, effizienten, leistungsstarken und wirtschaftlichen Abbruch. Das ist unser Programm. Unsere Leidenschaft. Unser Fachgebiet. W\u00e4hrend das urspr\u00fcngliche Konzept unver\u00e4ndert bleibt\u2026","og_url":"https:\/\/www.brokk.com\/ch\/warum-brokk\/","og_site_name":"Brokk Schweiz","article_modified_time":"2019-02-17T08:47:48+00:00","og_image":[{"width":2560,"height":1096,"url":"https:\/\/www.brokk.com\/ch\/uploads\/sites\/12\/2018\/03\/why-brokk-brokk500_hero.jpg","type":"image\/jpeg"}],"twitter_card":"summary_large_image","twitter_misc":{"Gesch\u00e4tzte Lesezeit":"4\u00a0Minuten"},"schema":{"@context":"https:\/\/schema.org","@graph":[{"@type":"WebPage","@id":"https:\/\/www.brokk.com\/ch\/warum-brokk\/","url":"https:\/\/www.brokk.com\/ch\/warum-brokk\/","name":"Warum Brokk - Brokk Schweiz","isPartOf":{"@id":"https:\/\/www.brokk.com\/ch\/#website"},"datePublished":"2018-12-13T08:44:17+00:00","dateModified":"2019-02-17T08:47:48+00:00","breadcrumb":{"@id":"https:\/\/www.brokk.com\/ch\/warum-brokk\/#breadcrumb"},"inLanguage":"de","potentialAction":[{"@type":"ReadAction","target":["https:\/\/www.brokk.com\/ch\/warum-brokk\/"]}]},{"@type":"BreadcrumbList","@id":"https:\/\/www.brokk.com\/ch\/warum-brokk\/#breadcrumb","itemListElement":[{"@type":"ListItem","position":1,"name":"Home","item":"https:\/\/www.brokk.com\/ch\/"},{"@type":"ListItem","position":2,"name":"Warum Brokk"}]},{"@type":"WebSite","@id":"https:\/\/www.brokk.com\/ch\/#website","url":"https:\/\/www.brokk.com\/ch\/","name":"Brokk Schweiz","description":"","potentialAction":[{"@type":"SearchAction","target":{"@type":"EntryPoint","urlTemplate":"https:\/\/www.brokk.com\/ch\/?s={search_term_string}"},"query-input":{"@type":"PropertyValueSpecification","valueRequired":true,"valueName":"search_term_string"}}],"inLanguage":"de"}]}},"_links":{"self":[{"href":"https:\/\/www.brokk.com\/ch\/wp-json\/wp\/v2\/pages\/5048","targetHints":{"allow":["GET"]}}],"collection":[{"href":"https:\/\/www.brokk.com\/ch\/wp-json\/wp\/v2\/pages"}],"about":[{"href":"https:\/\/www.brokk.com\/ch\/wp-json\/wp\/v2\/types\/page"}],"author":[{"embeddable":true,"href":"https:\/\/www.brokk.com\/ch\/wp-json\/wp\/v2\/users\/19"}],"replies":[{"embeddable":true,"href":"https:\/\/www.brokk.com\/ch\/wp-json\/wp\/v2\/comments?post=5048"}],"version-history":[{"count":7,"href":"https:\/\/www.brokk.com\/ch\/wp-json\/wp\/v2\/pages\/5048\/revisions"}],"predecessor-version":[{"id":5804,"href":"https:\/\/www.brokk.com\/ch\/wp-json\/wp\/v2\/pages\/5048\/revisions\/5804"}],"wp:attachment":[{"href":"https:\/\/www.brokk.com\/ch\/wp-json\/wp\/v2\/media?parent=5048"}],"curies":[{"name":"wp","href":"https:\/\/api.w.org\/{rel}","templated":true}]}}