{"id":5070,"date":"2018-12-13T11:04:08","date_gmt":"2018-12-13T10:04:08","guid":{"rendered":"https:\/\/www.brokk.com\/ch\/?page_id=5070"},"modified":"2024-06-12T08:55:42","modified_gmt":"2024-06-12T07:55:42","slug":"geschichte","status":"publish","type":"page","link":"https:\/\/www.brokk.com\/ch\/about-brokk\/geschichte\/","title":{"rendered":"Geschichte"},"content":{"rendered":"<p>1976 war ein spannendes Jahr f\u00fcr technologische Durchbr\u00fcche. Im Januar f\u00fchrte das \u00dcberschall-Passagierflugzeug Concorde seinen ersten kommerziellen Flug durch. Im M\u00e4rz wurde Apple Computer gegr\u00fcndet. Im September landete die NASA-Raumsonde Viking 2 auf dem Mars. Und im Oktober desselben Jahres schlossen sich Vision\u00e4re und Unternehmer zweier Unternehmen, PE Holmgren und Rivteknik, zusammen und entwickelten einen ferngesteuerten Roboter mit Namen Brokk, der die Abbruchindustrie f\u00fcr immer ver\u00e4ndern w\u00fcrde. Seitdem geht es in der Geschichte von Brokk immer um die Zukunft: um \u00a0das Ersetzen von gef\u00e4hrlicher Handarbeit durch eine sichere und produktivere mechanisierte Alternative; um die \u00dcbertragung von Spitzentechnologie in die H\u00e4nde von Fachkr\u00e4ften auf den Baustellen weltweit; um die Entwick-lung der Brokk-Maschinen und das Hinzuf\u00fcgen von Anbauger\u00e4ten, um sie zum perfekten Werkzeug in mehr Branchen und mehr Anwendungen zu machen; um die st\u00e4ndige Entwicklung neuer Technologien und L\u00f6sungen, die unsere Kunden profitabler machen und ihre Heraus-forderungen besser l\u00f6sen.<\/p>\n<p>&nbsp;<\/p>\n<h2>DAS GEHEIMNIS DES ERFOLGES<\/h2>\n<p>Und das Geheimnis? Brokk hat immer auf seine Kunden geh\u00f6rt, aus ihrer Arbeit gelernt und die Maschinen seit mehr als 40 Jahren stetig verbessert. Was Brokk einzigartig macht, beginnt mit dem Kennenlernen unserer Kunden, der Umgebung, in der sie arbeiten, und den Herausforder-ungen, vor denen sie stehen. Es ist die Aufgabe unseres weltweiten Vertriebs- und Servicenetzes, zuzuh\u00f6ren und zu erfahren, was Unternehmen, Betreiber und Projekte f\u00fcr eine sicherere, leistungsf\u00e4higere und effektivere Abbruchl\u00f6sung ben\u00f6tigen. Unsere intelligenten Abbruch-maschinen haben die Arbeitsbedingungen f\u00fcr Tausende von Menschen auf der ganzen Welt drastisch verbessert, vor allem dort, wo sie am meisten gebraucht wurden. Brokk-Maschinen halfen, den Ground Zero nach dem 11. September zu r\u00e4umen. Sie halfen bei der Eind\u00e4mmung der Atomkatastrophe im Kernkraftwerk Fukushima nach dem verheerenden Tsunami. Und jeden Tag arbeiten sie auf tausenden von Baustellen, um die Sicherheit der Menschen zu gew\u00e4hrleisten und gleichzeitig die Rentabilit\u00e4t der Unternehmen zu erh\u00f6hen.<\/p>\n<p><img decoding=\"async\" src=\"https:\/\/www.brokk.com\/ch\/uploads\/sites\/12\/2018\/03\/1987_introduced-brokk-100-720x480.jpg\" alt=\"\" \/><\/p>\n<p><img decoding=\"async\" src=\"https:\/\/www.brokk.com\/ch\/uploads\/sites\/12\/2018\/03\/1981_first-serial-produced-brokk-250-720x480.jpg\" alt=\"\" \/><\/p>\n<h3><span lang=\"DE\" style=\"margin: 0px;color: #464646;line-height: 115%;font-family: 'Arial','sans-serif';font-size: 13.5pt\">EINIGE BROKK-MEILENSTEINE<\/span><\/h3>\n<ul>\n<li><strong>1976:<\/strong> Die Firmen PE Holmgren &amp; Rivteknik entwickeln den weltweit ersten Abbruchroboter in Skellefte\u00e5, Schweden.<\/li>\n<li><strong>1981:<\/strong> Die erste in Serie produzierte ferngesteuerte Abbruchmaschine, der Brokk 250, kommt auf den Markt.<\/li>\n<li><strong>1987:<\/strong> Eine weitere legend\u00e4re ferngesteuerte Maschine kommt auf den Markt, der erste Brokk 100.<\/li>\n<li><strong>1994:<\/strong> Die ersten Brokk 110 und Brokk 150 erscheinen. 1.000 Brokk-Maschinen ausgeliefert.<\/li>\n<li><strong>2000:<\/strong> Gr\u00fcndung der ersten internationalen Tochtergesellschaften in den USA und \u00a0 \u00a0 \u00a0 \u00a0 \u00a0 \u00a0 \u00a0 \u00a0 \u00a0 \u00a0 \u00a0 \u00a0 \u00a0\u00a0 Gro\u00dfbritannien.<\/li>\n<li><strong>2005:<\/strong> Brokk er\u00f6ffnet eine Vertretung in China.<\/li>\n<li><strong>2006:<\/strong> Brokk erwirbt Darda in Deutschland, den weltweit f\u00fchrenden Hersteller von kompakten Betonscheren, Spaltger\u00e4ten und anderen Abbruchwerkzeugen.<\/li>\n<li><strong>2007-2010:<\/strong> Intensive Produktentwicklung mit der Einf\u00fchrung von Brokk 50, Brokk 400, Brokk 260 und Brokk 160.<\/li>\n<li><strong>2011:<\/strong> Der gr\u00f6\u00dfte Brokk-Roboter aller Zeiten, der Brokk 800, erblickt das Licht der Welt.<\/li>\n<li><strong>2012:<\/strong> Brokk erwirbt Ahlberg Cameras, den weltweit f\u00fchrenden Anbieter von Kameraausr\u00fcstungen f\u00fcr die Nuklearindustrie.<\/li>\n<li><strong>2014:<\/strong> Brokks Eigent\u00fcmer, Lifco, wird an der Nasdaq OMX B\u00f6rse notiert.<\/li>\n<li><strong>2016:<\/strong> Brokk feiert 40 Jahre unerm\u00fcdliche Innovation.<\/li>\n<li><strong>2016:<\/strong> Brokk erwirbt Aquajet Systems, den weltweit f\u00fchrenden Hersteller von Hydroabbruchrobotern und -ger\u00e4ten.<\/li>\n<li><strong>2010-2017: <\/strong>Mit der Gr\u00fcndung von Brokk Australien, Brokk Frankreich, Brokk Italien, Brokk China, Brokk Norwegen, Brokk Schweiz, Brokk Benelux und Brokk Mittlerer Osten wird eine starke internationale Expansion erreicht.<\/li>\n<li><strong>2011-2017:<\/strong> Mit einer branchenf\u00fchrenden Geschwindigkeit bei der Produktentwicklung werden Brokk 100, Brokk 60, Brokk 120D, Brokk 110, Brokk 280 und Brokk 500 entwickelt.<\/li>\n<li><strong>2017:<\/strong> Brokk stellt SmartPower<sup>TM<\/sup> vor, das intelligenteste Elektriksytem der Welt, das speziell f\u00fcr schwere Abbruchroboter entwickelt wurde.<\/li>\n<li><strong>2018:<\/strong> Brokk stellt vier neue Maschinen vor &#8211; Brokk 170, Brokk 200, Brokk 300 und Brokk 520D.<\/li>\n<li><strong>2018:<\/strong> Brokk pr\u00e4sentiert Brokk SmartConcept<sup>TM<\/sup>, bestehend aus der n\u00e4chsten Generation von SmartPower, SmartDesign und SmartRemote.<\/li>\n<li><strong>2018:<\/strong> Ein neues Service- und Supportkonzept kommt auf den Markt: Brokk UpTime<sup>TM<\/sup><\/li>\n<li><strong> 2019:<\/strong> Brokk stellt den Brokk 70 vor, den kleinsten Abbruchroboter in der Produktpalette.<\/li>\n<li><strong>2021:<\/strong> Brokk bringt den Brokk 900 auf den Markt, den gr\u00f6\u00dften Abbruchroboter der Welt.<\/li>\n<li><strong>2021:<\/strong> Brokk Connect, eine speziell f\u00fcr vernetzte Brokk-Roboter entwickelte Online-Plattform, wird angek\u00fcndigt.<\/li>\n<li><strong>2022:<\/strong> Der Start der Online-Support-Plattform My Brokk markiert den n\u00e4chsten Schritt auf dem digitalen Weg von Brokk.<\/li>\n<\/ul>\n","protected":false},"excerpt":{"rendered":"<p>1976 war ein spannendes Jahr f\u00fcr technologische Durchbr\u00fcche. Im Januar f\u00fchrte das \u00dcberschall-Passagierflugzeug Concorde seinen ersten kommerziellen Flug durch. Im M\u00e4rz wurde Apple Computer gegr\u00fcndet. Im September landete die NASA-Raumsonde Viking 2 auf dem Mars. Und im Oktober desselben Jahres\u2026<\/p>\n","protected":false},"author":46,"featured_media":0,"parent":4859,"menu_order":68,"comment_status":"closed","ping_status":"closed","template":"page-templates\/common.php","meta":{"_acf_changed":false,"_relevanssi_hide_post":"","_relevanssi_hide_content":"","_relevanssi_pin_for_all":"","_relevanssi_pin_keywords":"","_relevanssi_unpin_keywords":"","_relevanssi_related_keywords":"","_relevanssi_related_include_ids":"","_relevanssi_related_exclude_ids":"","_relevanssi_related_no_append":"","_relevanssi_related_not_related":"","_relevanssi_related_posts":"","_relevanssi_noindex_reason":"","footnotes":""},"class_list":["post-5070","page","type-page","status-publish","hentry"],"acf":[],"yoast_head":"<!-- This site is optimized with the Yoast SEO plugin v27.0 - https:\/\/yoast.com\/product\/yoast-seo-wordpress\/ -->\n<title>Geschichte - Brokk Schweiz<\/title>\n<meta name=\"robots\" content=\"index, follow, max-snippet:-1, max-image-preview:large, max-video-preview:-1\" \/>\n<link rel=\"canonical\" href=\"https:\/\/www.brokk.com\/ch\/about-brokk\/geschichte\/\" \/>\n<meta property=\"og:locale\" content=\"de_DE\" \/>\n<meta property=\"og:type\" content=\"article\" \/>\n<meta property=\"og:title\" content=\"Geschichte - Brokk Schweiz\" \/>\n<meta property=\"og:description\" content=\"1976 war ein spannendes Jahr f\u00fcr technologische Durchbr\u00fcche. Im Januar f\u00fchrte das \u00dcberschall-Passagierflugzeug Concorde seinen ersten kommerziellen Flug durch. Im M\u00e4rz wurde Apple Computer gegr\u00fcndet. Im September landete die NASA-Raumsonde Viking 2 auf dem Mars. Und im Oktober desselben Jahres\u2026\" \/>\n<meta property=\"og:url\" content=\"https:\/\/www.brokk.com\/ch\/about-brokk\/geschichte\/\" \/>\n<meta property=\"og:site_name\" content=\"Brokk Schweiz\" \/>\n<meta property=\"article:modified_time\" content=\"2024-06-12T07:55:42+00:00\" \/>\n<meta property=\"og:image\" content=\"https:\/\/www.brokk.com\/ch\/uploads\/sites\/12\/2018\/03\/history-brokk250_hero.jpg\" \/>\n\t<meta property=\"og:image:width\" content=\"2560\" \/>\n\t<meta property=\"og:image:height\" content=\"1096\" \/>\n\t<meta property=\"og:image:type\" content=\"image\/jpeg\" \/>\n<meta name=\"twitter:card\" content=\"summary_large_image\" \/>\n<meta name=\"twitter:label1\" content=\"Gesch\u00e4tzte Lesezeit\" \/>\n\t<meta name=\"twitter:data1\" content=\"4\u00a0Minuten\" \/>\n<script type=\"application\/ld+json\" class=\"yoast-schema-graph\">{\"@context\":\"https:\/\/schema.org\",\"@graph\":[{\"@type\":\"WebPage\",\"@id\":\"https:\/\/www.brokk.com\/ch\/about-brokk\/geschichte\/\",\"url\":\"https:\/\/www.brokk.com\/ch\/about-brokk\/geschichte\/\",\"name\":\"Geschichte - Brokk Schweiz\",\"isPartOf\":{\"@id\":\"https:\/\/www.brokk.com\/ch\/#website\"},\"primaryImageOfPage\":{\"@id\":\"https:\/\/www.brokk.com\/ch\/about-brokk\/geschichte\/#primaryimage\"},\"image\":{\"@id\":\"https:\/\/www.brokk.com\/ch\/about-brokk\/geschichte\/#primaryimage\"},\"thumbnailUrl\":\"https:\/\/www.brokk.com\/ch\/uploads\/sites\/12\/2018\/03\/1987_introduced-brokk-100-720x480.jpg\",\"datePublished\":\"2018-12-13T10:04:08+00:00\",\"dateModified\":\"2024-06-12T07:55:42+00:00\",\"breadcrumb\":{\"@id\":\"https:\/\/www.brokk.com\/ch\/about-brokk\/geschichte\/#breadcrumb\"},\"inLanguage\":\"de\",\"potentialAction\":[{\"@type\":\"ReadAction\",\"target\":[\"https:\/\/www.brokk.com\/ch\/about-brokk\/geschichte\/\"]}]},{\"@type\":\"ImageObject\",\"inLanguage\":\"de\",\"@id\":\"https:\/\/www.brokk.com\/ch\/about-brokk\/geschichte\/#primaryimage\",\"url\":\"https:\/\/www.brokk.com\/ch\/uploads\/sites\/12\/2018\/03\/1987_introduced-brokk-100.jpg\",\"contentUrl\":\"https:\/\/www.brokk.com\/ch\/uploads\/sites\/12\/2018\/03\/1987_introduced-brokk-100.jpg\",\"width\":1440,\"height\":960,\"caption\":\"Brokk 100, 1987\"},{\"@type\":\"BreadcrumbList\",\"@id\":\"https:\/\/www.brokk.com\/ch\/about-brokk\/geschichte\/#breadcrumb\",\"itemListElement\":[{\"@type\":\"ListItem\",\"position\":1,\"name\":\"Home\",\"item\":\"https:\/\/www.brokk.com\/ch\/\"},{\"@type\":\"ListItem\",\"position\":2,\"name\":\"Unternehmen\",\"item\":\"https:\/\/www.brokk.com\/ch\/about-brokk\/\"},{\"@type\":\"ListItem\",\"position\":3,\"name\":\"Geschichte\"}]},{\"@type\":\"WebSite\",\"@id\":\"https:\/\/www.brokk.com\/ch\/#website\",\"url\":\"https:\/\/www.brokk.com\/ch\/\",\"name\":\"Brokk Schweiz\",\"description\":\"\",\"potentialAction\":[{\"@type\":\"SearchAction\",\"target\":{\"@type\":\"EntryPoint\",\"urlTemplate\":\"https:\/\/www.brokk.com\/ch\/?s={search_term_string}\"},\"query-input\":{\"@type\":\"PropertyValueSpecification\",\"valueRequired\":true,\"valueName\":\"search_term_string\"}}],\"inLanguage\":\"de\"}]}<\/script>\n<!-- \/ Yoast SEO plugin. -->","yoast_head_json":{"title":"Geschichte - Brokk Schweiz","robots":{"index":"index","follow":"follow","max-snippet":"max-snippet:-1","max-image-preview":"max-image-preview:large","max-video-preview":"max-video-preview:-1"},"canonical":"https:\/\/www.brokk.com\/ch\/about-brokk\/geschichte\/","og_locale":"de_DE","og_type":"article","og_title":"Geschichte - Brokk Schweiz","og_description":"1976 war ein spannendes Jahr f\u00fcr technologische Durchbr\u00fcche. Im Januar f\u00fchrte das \u00dcberschall-Passagierflugzeug Concorde seinen ersten kommerziellen Flug durch. Im M\u00e4rz wurde Apple Computer gegr\u00fcndet. Im September landete die NASA-Raumsonde Viking 2 auf dem Mars. Und im Oktober desselben Jahres\u2026","og_url":"https:\/\/www.brokk.com\/ch\/about-brokk\/geschichte\/","og_site_name":"Brokk Schweiz","article_modified_time":"2024-06-12T07:55:42+00:00","og_image":[{"width":2560,"height":1096,"url":"https:\/\/www.brokk.com\/ch\/uploads\/sites\/12\/2018\/03\/history-brokk250_hero.jpg","type":"image\/jpeg"}],"twitter_card":"summary_large_image","twitter_misc":{"Gesch\u00e4tzte Lesezeit":"4\u00a0Minuten"},"schema":{"@context":"https:\/\/schema.org","@graph":[{"@type":"WebPage","@id":"https:\/\/www.brokk.com\/ch\/about-brokk\/geschichte\/","url":"https:\/\/www.brokk.com\/ch\/about-brokk\/geschichte\/","name":"Geschichte - Brokk Schweiz","isPartOf":{"@id":"https:\/\/www.brokk.com\/ch\/#website"},"primaryImageOfPage":{"@id":"https:\/\/www.brokk.com\/ch\/about-brokk\/geschichte\/#primaryimage"},"image":{"@id":"https:\/\/www.brokk.com\/ch\/about-brokk\/geschichte\/#primaryimage"},"thumbnailUrl":"https:\/\/www.brokk.com\/ch\/uploads\/sites\/12\/2018\/03\/1987_introduced-brokk-100-720x480.jpg","datePublished":"2018-12-13T10:04:08+00:00","dateModified":"2024-06-12T07:55:42+00:00","breadcrumb":{"@id":"https:\/\/www.brokk.com\/ch\/about-brokk\/geschichte\/#breadcrumb"},"inLanguage":"de","potentialAction":[{"@type":"ReadAction","target":["https:\/\/www.brokk.com\/ch\/about-brokk\/geschichte\/"]}]},{"@type":"ImageObject","inLanguage":"de","@id":"https:\/\/www.brokk.com\/ch\/about-brokk\/geschichte\/#primaryimage","url":"https:\/\/www.brokk.com\/ch\/uploads\/sites\/12\/2018\/03\/1987_introduced-brokk-100.jpg","contentUrl":"https:\/\/www.brokk.com\/ch\/uploads\/sites\/12\/2018\/03\/1987_introduced-brokk-100.jpg","width":1440,"height":960,"caption":"Brokk 100, 1987"},{"@type":"BreadcrumbList","@id":"https:\/\/www.brokk.com\/ch\/about-brokk\/geschichte\/#breadcrumb","itemListElement":[{"@type":"ListItem","position":1,"name":"Home","item":"https:\/\/www.brokk.com\/ch\/"},{"@type":"ListItem","position":2,"name":"Unternehmen","item":"https:\/\/www.brokk.com\/ch\/about-brokk\/"},{"@type":"ListItem","position":3,"name":"Geschichte"}]},{"@type":"WebSite","@id":"https:\/\/www.brokk.com\/ch\/#website","url":"https:\/\/www.brokk.com\/ch\/","name":"Brokk Schweiz","description":"","potentialAction":[{"@type":"SearchAction","target":{"@type":"EntryPoint","urlTemplate":"https:\/\/www.brokk.com\/ch\/?s={search_term_string}"},"query-input":{"@type":"PropertyValueSpecification","valueRequired":true,"valueName":"search_term_string"}}],"inLanguage":"de"}]}},"_links":{"self":[{"href":"https:\/\/www.brokk.com\/ch\/wp-json\/wp\/v2\/pages\/5070","targetHints":{"allow":["GET"]}}],"collection":[{"href":"https:\/\/www.brokk.com\/ch\/wp-json\/wp\/v2\/pages"}],"about":[{"href":"https:\/\/www.brokk.com\/ch\/wp-json\/wp\/v2\/types\/page"}],"author":[{"embeddable":true,"href":"https:\/\/www.brokk.com\/ch\/wp-json\/wp\/v2\/users\/46"}],"replies":[{"embeddable":true,"href":"https:\/\/www.brokk.com\/ch\/wp-json\/wp\/v2\/comments?post=5070"}],"version-history":[{"count":12,"href":"https:\/\/www.brokk.com\/ch\/wp-json\/wp\/v2\/pages\/5070\/revisions"}],"predecessor-version":[{"id":8146,"href":"https:\/\/www.brokk.com\/ch\/wp-json\/wp\/v2\/pages\/5070\/revisions\/8146"}],"up":[{"embeddable":true,"href":"https:\/\/www.brokk.com\/ch\/wp-json\/wp\/v2\/pages\/4859"}],"wp:attachment":[{"href":"https:\/\/www.brokk.com\/ch\/wp-json\/wp\/v2\/media?parent=5070"}],"curies":[{"name":"wp","href":"https:\/\/api.w.org\/{rel}","templated":true}]}}