{"id":7182,"date":"2021-05-21T07:54:34","date_gmt":"2021-05-21T06:54:34","guid":{"rendered":"https:\/\/www.brokk.com\/ch\/?page_id=7182"},"modified":"2021-05-21T07:54:34","modified_gmt":"2021-05-21T06:54:34","slug":"darda-spezialabbruchgeraete","status":"publish","type":"page","link":"https:\/\/www.brokk.com\/ch\/darda-spezialabbruchgeraete\/","title":{"rendered":"DARDA Spezialabbruchger\u00e4te"},"content":{"rendered":"<p>DARDA bietet neben den handgehaltenen Abbruchwerkzeugen ein umfassendes Sortiment an qualitativ hochwertigen Anbauger\u00e4ten f\u00fcr unsere Brokk-Abbruchroboter sowie f\u00fcr Minibagger. Alle Komponenten sind unter Einbringung jahrzehntelanger Erfahrung besonders f\u00fcr den Einsatz unter extremen Arbeitsbedingungen konzipiert.<\/p>\n<p>&nbsp;<\/p>\n<h2><strong>Kontakt DARDA<br \/>\n<\/strong><strong>F\u00dcR <b><span lang=\"EN-US\">Switzerland<\/span><\/b><\/strong><\/h2>\n<p><strong>Brokk Switzerland GmbH<\/strong><br \/>\nVorderschlundstrasse 5<br \/>\n6010 Kriens<br \/>\nTel. +41 41 755 39 77<br \/>\nE-Mail: info@brokk.ch<\/p>\n<p>&nbsp;<\/p>\n<p>Direkt zu den DARDA Produkten \u00fcber <a href=\"https:\/\/www.darda.de\/home.html\" target=\"_blank\" rel=\"noopener\">www.DARDA.DE<\/a><\/p>\n","protected":false},"excerpt":{"rendered":"<p>DARDA bietet neben den handgehaltenen Abbruchwerkzeugen ein umfassendes Sortiment an qualitativ hochwertigen Anbauger\u00e4ten f\u00fcr unsere Brokk-Abbruchroboter sowie f\u00fcr Minibagger. Alle Komponenten sind unter Einbringung jahrzehntelanger Erfahrung besonders f\u00fcr den Einsatz unter extremen Arbeitsbedingungen konzipiert. &nbsp; Kontakt DARDA F\u00dcR Switzerland Brokk\u2026<\/p>\n","protected":false},"author":25,"featured_media":7171,"parent":0,"menu_order":48,"comment_status":"closed","ping_status":"closed","template":"","meta":{"_acf_changed":false,"_relevanssi_hide_post":"","_relevanssi_hide_content":"","_relevanssi_pin_for_all":"","_relevanssi_pin_keywords":"","_relevanssi_unpin_keywords":"","_relevanssi_related_keywords":"","_relevanssi_related_include_ids":"","_relevanssi_related_exclude_ids":"","_relevanssi_related_no_append":"","_relevanssi_related_not_related":"","_relevanssi_related_posts":"","_relevanssi_noindex_reason":"","footnotes":""},"class_list":["post-7182","page","type-page","status-publish","has-post-thumbnail","hentry"],"acf":[],"yoast_head":"<!-- This site is optimized with the Yoast SEO plugin v27.0 - https:\/\/yoast.com\/product\/yoast-seo-wordpress\/ -->\n<title>DARDA Spezialabbruchger\u00e4te - Brokk Schweiz<\/title>\n<meta name=\"robots\" content=\"index, follow, max-snippet:-1, max-image-preview:large, max-video-preview:-1\" \/>\n<link rel=\"canonical\" href=\"https:\/\/www.brokk.com\/ch\/darda-spezialabbruchgeraete\/\" \/>\n<meta property=\"og:locale\" content=\"de_DE\" \/>\n<meta property=\"og:type\" content=\"article\" \/>\n<meta property=\"og:title\" content=\"DARDA Spezialabbruchger\u00e4te - Brokk Schweiz\" \/>\n<meta property=\"og:description\" content=\"DARDA bietet neben den handgehaltenen Abbruchwerkzeugen ein umfassendes Sortiment an qualitativ hochwertigen Anbauger\u00e4ten f\u00fcr unsere Brokk-Abbruchroboter sowie f\u00fcr Minibagger. Alle Komponenten sind unter Einbringung jahrzehntelanger Erfahrung besonders f\u00fcr den Einsatz unter extremen Arbeitsbedingungen konzipiert. &nbsp; Kontakt DARDA F\u00dcR Switzerland Brokk\u2026\" \/>\n<meta property=\"og:url\" content=\"https:\/\/www.brokk.com\/ch\/darda-spezialabbruchgeraete\/\" \/>\n<meta property=\"og:site_name\" content=\"Brokk Schweiz\" \/>\n<meta property=\"og:image\" content=\"https:\/\/www.brokk.com\/ch\/uploads\/sites\/12\/2021\/05\/cc480_9m24472-2-scaled-e1621579712509.jpg\" \/>\n\t<meta property=\"og:image:width\" content=\"2560\" \/>\n\t<meta property=\"og:image:height\" content=\"1547\" \/>\n\t<meta property=\"og:image:type\" content=\"image\/jpeg\" \/>\n<meta name=\"twitter:card\" content=\"summary_large_image\" \/>\n<meta name=\"twitter:label1\" content=\"Gesch\u00e4tzte Lesezeit\" \/>\n\t<meta name=\"twitter:data1\" content=\"1\u00a0Minute\" \/>\n<script type=\"application\/ld+json\" class=\"yoast-schema-graph\">{\"@context\":\"https:\/\/schema.org\",\"@graph\":[{\"@type\":\"WebPage\",\"@id\":\"https:\/\/www.brokk.com\/ch\/darda-spezialabbruchgeraete\/\",\"url\":\"https:\/\/www.brokk.com\/ch\/darda-spezialabbruchgeraete\/\",\"name\":\"DARDA Spezialabbruchger\u00e4te - Brokk Schweiz\",\"isPartOf\":{\"@id\":\"https:\/\/www.brokk.com\/ch\/#website\"},\"primaryImageOfPage\":{\"@id\":\"https:\/\/www.brokk.com\/ch\/darda-spezialabbruchgeraete\/#primaryimage\"},\"image\":{\"@id\":\"https:\/\/www.brokk.com\/ch\/darda-spezialabbruchgeraete\/#primaryimage\"},\"thumbnailUrl\":\"https:\/\/www.brokk.com\/ch\/uploads\/sites\/12\/2021\/05\/cc480_9m24472-2-scaled-e1621579712509.jpg\",\"datePublished\":\"2021-05-21T06:54:34+00:00\",\"breadcrumb\":{\"@id\":\"https:\/\/www.brokk.com\/ch\/darda-spezialabbruchgeraete\/#breadcrumb\"},\"inLanguage\":\"de\",\"potentialAction\":[{\"@type\":\"ReadAction\",\"target\":[\"https:\/\/www.brokk.com\/ch\/darda-spezialabbruchgeraete\/\"]}]},{\"@type\":\"ImageObject\",\"inLanguage\":\"de\",\"@id\":\"https:\/\/www.brokk.com\/ch\/darda-spezialabbruchgeraete\/#primaryimage\",\"url\":\"https:\/\/www.brokk.com\/ch\/uploads\/sites\/12\/2021\/05\/cc480_9m24472-2-scaled-e1621579712509.jpg\",\"contentUrl\":\"https:\/\/www.brokk.com\/ch\/uploads\/sites\/12\/2021\/05\/cc480_9m24472-2-scaled-e1621579712509.jpg\",\"width\":2560,\"height\":1547},{\"@type\":\"BreadcrumbList\",\"@id\":\"https:\/\/www.brokk.com\/ch\/darda-spezialabbruchgeraete\/#breadcrumb\",\"itemListElement\":[{\"@type\":\"ListItem\",\"position\":1,\"name\":\"Home\",\"item\":\"https:\/\/www.brokk.com\/ch\/\"},{\"@type\":\"ListItem\",\"position\":2,\"name\":\"DARDA Spezialabbruchger\u00e4te\"}]},{\"@type\":\"WebSite\",\"@id\":\"https:\/\/www.brokk.com\/ch\/#website\",\"url\":\"https:\/\/www.brokk.com\/ch\/\",\"name\":\"Brokk Schweiz\",\"description\":\"\",\"potentialAction\":[{\"@type\":\"SearchAction\",\"target\":{\"@type\":\"EntryPoint\",\"urlTemplate\":\"https:\/\/www.brokk.com\/ch\/?s={search_term_string}\"},\"query-input\":{\"@type\":\"PropertyValueSpecification\",\"valueRequired\":true,\"valueName\":\"search_term_string\"}}],\"inLanguage\":\"de\"}]}<\/script>\n<!-- \/ Yoast SEO plugin. -->","yoast_head_json":{"title":"DARDA Spezialabbruchger\u00e4te - Brokk Schweiz","robots":{"index":"index","follow":"follow","max-snippet":"max-snippet:-1","max-image-preview":"max-image-preview:large","max-video-preview":"max-video-preview:-1"},"canonical":"https:\/\/www.brokk.com\/ch\/darda-spezialabbruchgeraete\/","og_locale":"de_DE","og_type":"article","og_title":"DARDA Spezialabbruchger\u00e4te - Brokk Schweiz","og_description":"DARDA bietet neben den handgehaltenen Abbruchwerkzeugen ein umfassendes Sortiment an qualitativ hochwertigen Anbauger\u00e4ten f\u00fcr unsere Brokk-Abbruchroboter sowie f\u00fcr Minibagger. Alle Komponenten sind unter Einbringung jahrzehntelanger Erfahrung besonders f\u00fcr den Einsatz unter extremen Arbeitsbedingungen konzipiert. &nbsp; Kontakt DARDA F\u00dcR Switzerland Brokk\u2026","og_url":"https:\/\/www.brokk.com\/ch\/darda-spezialabbruchgeraete\/","og_site_name":"Brokk Schweiz","og_image":[{"width":2560,"height":1547,"url":"https:\/\/www.brokk.com\/ch\/uploads\/sites\/12\/2021\/05\/cc480_9m24472-2-scaled-e1621579712509.jpg","type":"image\/jpeg"}],"twitter_card":"summary_large_image","twitter_misc":{"Gesch\u00e4tzte Lesezeit":"1\u00a0Minute"},"schema":{"@context":"https:\/\/schema.org","@graph":[{"@type":"WebPage","@id":"https:\/\/www.brokk.com\/ch\/darda-spezialabbruchgeraete\/","url":"https:\/\/www.brokk.com\/ch\/darda-spezialabbruchgeraete\/","name":"DARDA Spezialabbruchger\u00e4te - Brokk Schweiz","isPartOf":{"@id":"https:\/\/www.brokk.com\/ch\/#website"},"primaryImageOfPage":{"@id":"https:\/\/www.brokk.com\/ch\/darda-spezialabbruchgeraete\/#primaryimage"},"image":{"@id":"https:\/\/www.brokk.com\/ch\/darda-spezialabbruchgeraete\/#primaryimage"},"thumbnailUrl":"https:\/\/www.brokk.com\/ch\/uploads\/sites\/12\/2021\/05\/cc480_9m24472-2-scaled-e1621579712509.jpg","datePublished":"2021-05-21T06:54:34+00:00","breadcrumb":{"@id":"https:\/\/www.brokk.com\/ch\/darda-spezialabbruchgeraete\/#breadcrumb"},"inLanguage":"de","potentialAction":[{"@type":"ReadAction","target":["https:\/\/www.brokk.com\/ch\/darda-spezialabbruchgeraete\/"]}]},{"@type":"ImageObject","inLanguage":"de","@id":"https:\/\/www.brokk.com\/ch\/darda-spezialabbruchgeraete\/#primaryimage","url":"https:\/\/www.brokk.com\/ch\/uploads\/sites\/12\/2021\/05\/cc480_9m24472-2-scaled-e1621579712509.jpg","contentUrl":"https:\/\/www.brokk.com\/ch\/uploads\/sites\/12\/2021\/05\/cc480_9m24472-2-scaled-e1621579712509.jpg","width":2560,"height":1547},{"@type":"BreadcrumbList","@id":"https:\/\/www.brokk.com\/ch\/darda-spezialabbruchgeraete\/#breadcrumb","itemListElement":[{"@type":"ListItem","position":1,"name":"Home","item":"https:\/\/www.brokk.com\/ch\/"},{"@type":"ListItem","position":2,"name":"DARDA Spezialabbruchger\u00e4te"}]},{"@type":"WebSite","@id":"https:\/\/www.brokk.com\/ch\/#website","url":"https:\/\/www.brokk.com\/ch\/","name":"Brokk Schweiz","description":"","potentialAction":[{"@type":"SearchAction","target":{"@type":"EntryPoint","urlTemplate":"https:\/\/www.brokk.com\/ch\/?s={search_term_string}"},"query-input":{"@type":"PropertyValueSpecification","valueRequired":true,"valueName":"search_term_string"}}],"inLanguage":"de"}]}},"_links":{"self":[{"href":"https:\/\/www.brokk.com\/ch\/wp-json\/wp\/v2\/pages\/7182","targetHints":{"allow":["GET"]}}],"collection":[{"href":"https:\/\/www.brokk.com\/ch\/wp-json\/wp\/v2\/pages"}],"about":[{"href":"https:\/\/www.brokk.com\/ch\/wp-json\/wp\/v2\/types\/page"}],"author":[{"embeddable":true,"href":"https:\/\/www.brokk.com\/ch\/wp-json\/wp\/v2\/users\/25"}],"replies":[{"embeddable":true,"href":"https:\/\/www.brokk.com\/ch\/wp-json\/wp\/v2\/comments?post=7182"}],"version-history":[{"count":1,"href":"https:\/\/www.brokk.com\/ch\/wp-json\/wp\/v2\/pages\/7182\/revisions"}],"predecessor-version":[{"id":7183,"href":"https:\/\/www.brokk.com\/ch\/wp-json\/wp\/v2\/pages\/7182\/revisions\/7183"}],"wp:featuredmedia":[{"embeddable":true,"href":"https:\/\/www.brokk.com\/ch\/wp-json\/wp\/v2\/media\/7171"}],"wp:attachment":[{"href":"https:\/\/www.brokk.com\/ch\/wp-json\/wp\/v2\/media?parent=7182"}],"curies":[{"name":"wp","href":"https:\/\/api.w.org\/{rel}","templated":true}]}}