{"id":7734,"date":"2023-10-06T07:55:51","date_gmt":"2023-10-06T06:55:51","guid":{"rendered":"https:\/\/www.brokk.com\/ch\/?page_id=7734"},"modified":"2025-08-05T10:23:12","modified_gmt":"2025-08-05T09:23:12","slug":"schwamborn-geraetebau","status":"publish","type":"page","link":"https:\/\/www.brokk.com\/ch\/schwamborn-geraetebau\/","title":{"rendered":"Schwamborn Ger\u00e4tebau"},"content":{"rendered":"<h2 class=\"xxmsonormal\"><b><span style=\"font-size: 11.0pt\">90 Jahre Schwamborn \u2013 Komplettl\u00f6sungen \u201eMade in Germany\u201c f\u00fcr Boden, Wand und Decke<\/span><\/b><\/h2>\n<p class=\"xxmsonormal\"><span style=\"font-size: 11.0pt\">\u00a0<\/span><span style=\"font-size: 11.0pt\">\u00a0<\/span><\/p>\n<p class=\"xxmsonormal\"><span style=\"font-size: 11.0pt\">Seit 1935 steht der Name Schwamborn f\u00fcr technologische Innovationskraft, Qualit\u00e4t und Praxisn\u00e4he \u201eMade in Germany\u201c. Mit 90 Jahren Erfahrung entwickeln und produzieren wir am Standort Deutschland leistungsstarke Maschinen und Systeml\u00f6sungen f\u00fcr das professionelle Schleifen, Fr\u00e4sen, Stocken, Gl\u00e4tten, Reinigen und Saugen \u2013 sowohl von B\u00f6den als auch von Wand- und Deckenfl\u00e4chen.<\/span><\/p>\n<p class=\"xxmsonormal\"><span style=\"font-size: 11.0pt\">Ob Sanierung, Untergrundvorbereitung, R\u00fcckbau, Neubau oder Pflege: Unser Anspruch ist es, f\u00fcr jede Herausforderung die bestm\u00f6gliche L\u00f6sung bereitzustellen \u2013 durch die perfekte Kombination aus Maschine, Werkzeug, Staubabsaugung, Chemie und Anwendungskompetenz. Dabei denken wir konsequent aus der Sicht der Praxis und setzen auf wirtschaftliche, ergonomische und nachhaltige Technologien.<\/span><\/p>\n<p class=\"xxmsonormal\"><span style=\"font-size: 11.0pt\">Unsere Produkte sind weltweit im Einsatz und gesch\u00e4tzt bei professionellen Anwendern im Handwerk, Baugewerbe und in der Industrie. Sie profitieren von der engen Zusammenarbeit mit unseren erfahrenen Produkt- und Anwendungsspezialisten \u2013 regional wie international.<\/span><\/p>\n<p class=\"xxmsonormal\"><span style=\"font-size: 11.0pt\">Unser Leistungsspektrum wird durch praxisorientierte Schulungen sowie einen individuellen Projektservice abgerundet. So stellen wir sicher, dass unsere Kunden nicht nur hochwertige Technik, sondern auch fundiertes Know-how und umfassende Unterst\u00fctzung erhalten.<\/span><\/p>\n<p class=\"xxmsonormal\"><span style=\"font-size: 11.0pt\">\u00a0<\/span><\/p>\n<p class=\"xxmsonormal\"><b><span style=\"font-size: 11.0pt\">Schwamborn \u2013 Seit 90 Jahren Ihr Partner f\u00fcr perfekte Fl\u00e4chenbearbeitung.<\/span><\/b><\/p>\n<p class=\"xxmsonormal\"><b><span style=\"font-size: 11.0pt\">\u00a0<\/span><\/b><\/p>\n<p><a href=\"http:\/\/www.schwamborn.com\">www.schwamborn.com<\/a><\/p>\n","protected":false},"excerpt":{"rendered":"<p>Mit mehr als 85 Jahren Erfahrung entwickelt und produziert Schwamborn innovative Produkte und L\u00f6sungen am Standort Deutschland f\u00fcr das professionelle Schleifen, Stocken, Fr\u00e4sen, Reinigen, Gl\u00e4ten und Saugen von Fu\u00dfb\u00f6den \u2013 und jetzt auch f\u00fcr W\u00e4nde und Decken.<\/p>\n","protected":false},"author":36,"featured_media":8647,"parent":0,"menu_order":7,"comment_status":"closed","ping_status":"closed","template":"page-templates\/common.php","meta":{"_acf_changed":false,"_relevanssi_hide_post":"","_relevanssi_hide_content":"","_relevanssi_pin_for_all":"","_relevanssi_pin_keywords":"","_relevanssi_unpin_keywords":"","_relevanssi_related_keywords":"","_relevanssi_related_include_ids":"","_relevanssi_related_exclude_ids":"","_relevanssi_related_no_append":"","_relevanssi_related_not_related":"","_relevanssi_related_posts":"","_relevanssi_noindex_reason":"","footnotes":""},"class_list":["post-7734","page","type-page","status-publish","has-post-thumbnail","hentry"],"acf":[],"yoast_head":"<!-- This site is optimized with the Yoast SEO plugin v27.0 - https:\/\/yoast.com\/product\/yoast-seo-wordpress\/ -->\n<title>Schwamborn Ger\u00e4tebau - Brokk Schweiz<\/title>\n<meta name=\"robots\" content=\"index, follow, max-snippet:-1, max-image-preview:large, max-video-preview:-1\" \/>\n<link rel=\"canonical\" href=\"https:\/\/www.brokk.com\/ch\/schwamborn-geraetebau\/\" \/>\n<meta property=\"og:locale\" content=\"de_DE\" \/>\n<meta property=\"og:type\" content=\"article\" \/>\n<meta property=\"og:title\" content=\"Schwamborn Ger\u00e4tebau - Brokk Schweiz\" \/>\n<meta property=\"og:description\" content=\"Mit mehr als 85 Jahren Erfahrung entwickelt und produziert Schwamborn innovative Produkte und L\u00f6sungen am Standort Deutschland f\u00fcr das professionelle Schleifen, Stocken, Fr\u00e4sen, Reinigen, Gl\u00e4ten und Saugen von Fu\u00dfb\u00f6den \u2013 und jetzt auch f\u00fcr W\u00e4nde und Decken.\" \/>\n<meta property=\"og:url\" content=\"https:\/\/www.brokk.com\/ch\/schwamborn-geraetebau\/\" \/>\n<meta property=\"og:site_name\" content=\"Brokk Schweiz\" \/>\n<meta property=\"article:modified_time\" content=\"2025-08-05T09:23:12+00:00\" \/>\n<meta property=\"og:image\" content=\"https:\/\/www.brokk.com\/ch\/uploads\/sites\/12\/2025\/08\/headerbild_brokk_website_schwamborn-maschinen_helligkeit_kontrast.jpg\" \/>\n\t<meta property=\"og:image:width\" content=\"2494\" \/>\n\t<meta property=\"og:image:height\" content=\"1377\" \/>\n\t<meta property=\"og:image:type\" content=\"image\/jpeg\" \/>\n<meta name=\"twitter:card\" content=\"summary_large_image\" \/>\n<meta name=\"twitter:label1\" content=\"Gesch\u00e4tzte Lesezeit\" \/>\n\t<meta name=\"twitter:data1\" content=\"2\u00a0Minuten\" \/>\n<script type=\"application\/ld+json\" class=\"yoast-schema-graph\">{\"@context\":\"https:\/\/schema.org\",\"@graph\":[{\"@type\":\"WebPage\",\"@id\":\"https:\/\/www.brokk.com\/ch\/schwamborn-geraetebau\/\",\"url\":\"https:\/\/www.brokk.com\/ch\/schwamborn-geraetebau\/\",\"name\":\"Schwamborn Ger\u00e4tebau - Brokk Schweiz\",\"isPartOf\":{\"@id\":\"https:\/\/www.brokk.com\/ch\/#website\"},\"primaryImageOfPage\":{\"@id\":\"https:\/\/www.brokk.com\/ch\/schwamborn-geraetebau\/#primaryimage\"},\"image\":{\"@id\":\"https:\/\/www.brokk.com\/ch\/schwamborn-geraetebau\/#primaryimage\"},\"thumbnailUrl\":\"https:\/\/www.brokk.com\/ch\/uploads\/sites\/12\/2025\/08\/headerbild_brokk_website_schwamborn-maschinen_helligkeit_kontrast.jpg\",\"datePublished\":\"2023-10-06T06:55:51+00:00\",\"dateModified\":\"2025-08-05T09:23:12+00:00\",\"breadcrumb\":{\"@id\":\"https:\/\/www.brokk.com\/ch\/schwamborn-geraetebau\/#breadcrumb\"},\"inLanguage\":\"de\",\"potentialAction\":[{\"@type\":\"ReadAction\",\"target\":[\"https:\/\/www.brokk.com\/ch\/schwamborn-geraetebau\/\"]}]},{\"@type\":\"ImageObject\",\"inLanguage\":\"de\",\"@id\":\"https:\/\/www.brokk.com\/ch\/schwamborn-geraetebau\/#primaryimage\",\"url\":\"https:\/\/www.brokk.com\/ch\/uploads\/sites\/12\/2025\/08\/headerbild_brokk_website_schwamborn-maschinen_helligkeit_kontrast.jpg\",\"contentUrl\":\"https:\/\/www.brokk.com\/ch\/uploads\/sites\/12\/2025\/08\/headerbild_brokk_website_schwamborn-maschinen_helligkeit_kontrast.jpg\",\"width\":2494,\"height\":1377},{\"@type\":\"BreadcrumbList\",\"@id\":\"https:\/\/www.brokk.com\/ch\/schwamborn-geraetebau\/#breadcrumb\",\"itemListElement\":[{\"@type\":\"ListItem\",\"position\":1,\"name\":\"Home\",\"item\":\"https:\/\/www.brokk.com\/ch\/\"},{\"@type\":\"ListItem\",\"position\":2,\"name\":\"Schwamborn Ger\u00e4tebau\"}]},{\"@type\":\"WebSite\",\"@id\":\"https:\/\/www.brokk.com\/ch\/#website\",\"url\":\"https:\/\/www.brokk.com\/ch\/\",\"name\":\"Brokk Schweiz\",\"description\":\"\",\"potentialAction\":[{\"@type\":\"SearchAction\",\"target\":{\"@type\":\"EntryPoint\",\"urlTemplate\":\"https:\/\/www.brokk.com\/ch\/?s={search_term_string}\"},\"query-input\":{\"@type\":\"PropertyValueSpecification\",\"valueRequired\":true,\"valueName\":\"search_term_string\"}}],\"inLanguage\":\"de\"}]}<\/script>\n<!-- \/ Yoast SEO plugin. -->","yoast_head_json":{"title":"Schwamborn Ger\u00e4tebau - Brokk Schweiz","robots":{"index":"index","follow":"follow","max-snippet":"max-snippet:-1","max-image-preview":"max-image-preview:large","max-video-preview":"max-video-preview:-1"},"canonical":"https:\/\/www.brokk.com\/ch\/schwamborn-geraetebau\/","og_locale":"de_DE","og_type":"article","og_title":"Schwamborn Ger\u00e4tebau - Brokk Schweiz","og_description":"Mit mehr als 85 Jahren Erfahrung entwickelt und produziert Schwamborn innovative Produkte und L\u00f6sungen am Standort Deutschland f\u00fcr das professionelle Schleifen, Stocken, Fr\u00e4sen, Reinigen, Gl\u00e4ten und Saugen von Fu\u00dfb\u00f6den \u2013 und jetzt auch f\u00fcr W\u00e4nde und Decken.","og_url":"https:\/\/www.brokk.com\/ch\/schwamborn-geraetebau\/","og_site_name":"Brokk Schweiz","article_modified_time":"2025-08-05T09:23:12+00:00","og_image":[{"width":2494,"height":1377,"url":"https:\/\/www.brokk.com\/ch\/uploads\/sites\/12\/2025\/08\/headerbild_brokk_website_schwamborn-maschinen_helligkeit_kontrast.jpg","type":"image\/jpeg"}],"twitter_card":"summary_large_image","twitter_misc":{"Gesch\u00e4tzte Lesezeit":"2\u00a0Minuten"},"schema":{"@context":"https:\/\/schema.org","@graph":[{"@type":"WebPage","@id":"https:\/\/www.brokk.com\/ch\/schwamborn-geraetebau\/","url":"https:\/\/www.brokk.com\/ch\/schwamborn-geraetebau\/","name":"Schwamborn Ger\u00e4tebau - Brokk Schweiz","isPartOf":{"@id":"https:\/\/www.brokk.com\/ch\/#website"},"primaryImageOfPage":{"@id":"https:\/\/www.brokk.com\/ch\/schwamborn-geraetebau\/#primaryimage"},"image":{"@id":"https:\/\/www.brokk.com\/ch\/schwamborn-geraetebau\/#primaryimage"},"thumbnailUrl":"https:\/\/www.brokk.com\/ch\/uploads\/sites\/12\/2025\/08\/headerbild_brokk_website_schwamborn-maschinen_helligkeit_kontrast.jpg","datePublished":"2023-10-06T06:55:51+00:00","dateModified":"2025-08-05T09:23:12+00:00","breadcrumb":{"@id":"https:\/\/www.brokk.com\/ch\/schwamborn-geraetebau\/#breadcrumb"},"inLanguage":"de","potentialAction":[{"@type":"ReadAction","target":["https:\/\/www.brokk.com\/ch\/schwamborn-geraetebau\/"]}]},{"@type":"ImageObject","inLanguage":"de","@id":"https:\/\/www.brokk.com\/ch\/schwamborn-geraetebau\/#primaryimage","url":"https:\/\/www.brokk.com\/ch\/uploads\/sites\/12\/2025\/08\/headerbild_brokk_website_schwamborn-maschinen_helligkeit_kontrast.jpg","contentUrl":"https:\/\/www.brokk.com\/ch\/uploads\/sites\/12\/2025\/08\/headerbild_brokk_website_schwamborn-maschinen_helligkeit_kontrast.jpg","width":2494,"height":1377},{"@type":"BreadcrumbList","@id":"https:\/\/www.brokk.com\/ch\/schwamborn-geraetebau\/#breadcrumb","itemListElement":[{"@type":"ListItem","position":1,"name":"Home","item":"https:\/\/www.brokk.com\/ch\/"},{"@type":"ListItem","position":2,"name":"Schwamborn Ger\u00e4tebau"}]},{"@type":"WebSite","@id":"https:\/\/www.brokk.com\/ch\/#website","url":"https:\/\/www.brokk.com\/ch\/","name":"Brokk Schweiz","description":"","potentialAction":[{"@type":"SearchAction","target":{"@type":"EntryPoint","urlTemplate":"https:\/\/www.brokk.com\/ch\/?s={search_term_string}"},"query-input":{"@type":"PropertyValueSpecification","valueRequired":true,"valueName":"search_term_string"}}],"inLanguage":"de"}]}},"_links":{"self":[{"href":"https:\/\/www.brokk.com\/ch\/wp-json\/wp\/v2\/pages\/7734","targetHints":{"allow":["GET"]}}],"collection":[{"href":"https:\/\/www.brokk.com\/ch\/wp-json\/wp\/v2\/pages"}],"about":[{"href":"https:\/\/www.brokk.com\/ch\/wp-json\/wp\/v2\/types\/page"}],"author":[{"embeddable":true,"href":"https:\/\/www.brokk.com\/ch\/wp-json\/wp\/v2\/users\/36"}],"replies":[{"embeddable":true,"href":"https:\/\/www.brokk.com\/ch\/wp-json\/wp\/v2\/comments?post=7734"}],"version-history":[{"count":6,"href":"https:\/\/www.brokk.com\/ch\/wp-json\/wp\/v2\/pages\/7734\/revisions"}],"predecessor-version":[{"id":8651,"href":"https:\/\/www.brokk.com\/ch\/wp-json\/wp\/v2\/pages\/7734\/revisions\/8651"}],"wp:featuredmedia":[{"embeddable":true,"href":"https:\/\/www.brokk.com\/ch\/wp-json\/wp\/v2\/media\/8647"}],"wp:attachment":[{"href":"https:\/\/www.brokk.com\/ch\/wp-json\/wp\/v2\/media?parent=7734"}],"curies":[{"name":"wp","href":"https:\/\/api.w.org\/{rel}","templated":true}]}}