{"id":7987,"date":"2024-05-31T09:37:18","date_gmt":"2024-05-31T08:37:18","guid":{"rendered":"https:\/\/www.brokk.com\/ch\/brokk-smartconcept-copy\/"},"modified":"2025-05-06T12:28:07","modified_gmt":"2025-05-06T11:28:07","slug":"brokk-smartpowerplus","status":"publish","type":"page","link":"https:\/\/www.brokk.com\/ch\/brokk-smartpowerplus\/","title":{"rendered":"Brokk SmartPower+"},"content":{"rendered":"<div class=\"video-container\"><iframe loading=\"lazy\" title=\"Brokk SmartPower+:  Power and Brains - just unstoppable\" width=\"1024\" height=\"576\" src=\"https:\/\/www.youtube.com\/embed\/8sXoZ127qWc?start=2&#038;feature=oembed\" frameborder=\"0\" allow=\"accelerometer; autoplay; clipboard-write; encrypted-media; gyroscope; picture-in-picture; web-share\" referrerpolicy=\"strict-origin-when-cross-origin\" allowfullscreen><\/iframe><\/div>\n<p>&nbsp;<\/p>\n<h3>Kraft und K\u00f6pfchen- einfach nicht aufzuhalten!<\/h3>\n<p>Brokk bringt SmartPower+ auf den Markt, seine neueste branchenf\u00fchrende Robotergeneration. Entdecken Sie mit SmartPower+ eine bahnbrechende Weiterentwicklung von Abbruchrobotern, die zun\u00e4chst in f\u00fcnf Gr\u00f6\u00dfen erh\u00e4ltlich ist: dem Brokk 70+, 170+, 200+, 300+ und 500+. SmartPower+ ist mehr als nur ein Upgrade, es definiert Ausdauer, Bedienfreude und Intelligenz neu und sorgt f\u00fcr beispiellose Leistung auf Baustellen auf der ganzen Welt. Diese neueste Generation wurde unter fachkundiger Expertise entwickelt, und definiert die Industriestandards neu.<\/p>\n<p>&nbsp;<\/p>\n<h2>Ausdauer von un\u00fcbertroffener Kraft<\/h2>\n<p>SmartPower+-Roboter wurden von unseren Experten f\u00fcr un\u00fcbertroffene Leistung entwickelt und erm\u00f6glichen eine l\u00e4ngere Betriebszeit und eine konsistente Leistungsabgabe \u00fcber einen langen Zeitraum, was zu beispielloser Leistung und Zuverl\u00e4ssigkeit f\u00fchrt. Diese neueste Generation sorgt f\u00fcr unvergleichliche Leistung und setzt einen Branchenma\u00dfstab, der die Abbruchtechnik nachhaltig revolutioniert.<\/p>\n<p>SmartPower+-Roboter verf\u00fcgen \u00fcber robuste Komponenten, die den hohen Brokk-Standards entsprechen, sind sto\u00df-, temperatur- und vibrationsbest\u00e4ndig und eignen sich daher f\u00fcr eine Vielzahl von Anwendungskontexten und Arbeitsbedingungen. Neben dem IP65-\u00e4quivalenten Staub- und Wasserschutz bietet die SmartPower+-Generation von Brokk eine bemerkenswerte Reduzierung der Kabel und Konnektoren um 87 %. Dies bedeutet nicht nur einen Fortschritt bei der Wartung und Fehlerbehebung der Maschine, sondern reduziert auch Schwachstellen und bietet dem Bediener mehr Effizienz und Zuverl\u00e4ssigkeit.<\/p>\n<p>&nbsp;<\/p>\n<p><img loading=\"lazy\" decoding=\"async\" class=\"alignnone size-medium wp-image-7997\" src=\"https:\/\/www.brokk.com\/ch\/uploads\/sites\/12\/2024\/05\/sp_hoods-720x480.jpg\" alt=\"\" width=\"720\" height=\"480\" srcset=\"https:\/\/www.brokk.com\/ch\/uploads\/sites\/12\/2024\/05\/sp_hoods-720x480.jpg 720w, https:\/\/www.brokk.com\/ch\/uploads\/sites\/12\/2024\/05\/sp_hoods-1280x853.jpg 1280w, https:\/\/www.brokk.com\/ch\/uploads\/sites\/12\/2024\/05\/sp_hoods-420x280.jpg 420w, https:\/\/www.brokk.com\/ch\/uploads\/sites\/12\/2024\/05\/sp_hoods-768x512.jpg 768w, https:\/\/www.brokk.com\/ch\/uploads\/sites\/12\/2024\/05\/sp_hoods-480x320.jpg 480w, https:\/\/www.brokk.com\/ch\/uploads\/sites\/12\/2024\/05\/sp_hoods-48x32.jpg 48w, https:\/\/www.brokk.com\/ch\/uploads\/sites\/12\/2024\/05\/sp_hoods.jpg 1440w\" sizes=\"auto, (max-width: 720px) 100vw, 720px\" \/><\/p>\n<p>&nbsp;<\/p>\n<h3><span data-ccp-props=\"{&quot;134233117&quot;:false,&quot;134233118&quot;:false,&quot;201341983&quot;:0,&quot;335559738&quot;:0,&quot;335559739&quot;:0,&quot;335559740&quot;:240}\">Freude am Bedienen<\/span><\/h3>\n<p>Die SmartPower+-Generation von Brokk verf\u00fcgt \u00fcber eine neue, leichte Steuerbox mit einem Gewicht von weniger als 3 kg. Zus\u00e4tzlich zu seinem neuen ergonomischen Design verf\u00fcgt die SmartPower+-Steuerbox \u00fcber geneigte Joysticks, leicht erreichbare Funktionen und ein schnelleres duales Laden, was sowohl f\u00fcr erfahrene Profis als auch f\u00fcr neue Bediener zu weitaus komfortablerem und effizienterem Arbeiten f\u00fchrt. Pr\u00e4zision, bessere Reaktionszeiten und einfache Bedienung tragen dank Brokk SmartPower+ zu einem neuen Ma\u00dfstab in der Abbruchlandschaft bei.<\/p>\n<p>Die neueste Steuerbox von Brokk verf\u00fcgt \u00fcber eine Bedienerbeleuchtung f\u00fcr eine effizientere und sicherere Nutzung des Roboters. Duale Ladefunktionen sorgen f\u00fcr schnellere Ladezeiten, w\u00e4hrend das leichte Design und die gro\u00dfz\u00fcgige Handgelenkfreiheit es dem Bediener erm\u00f6glichen, m\u00fchelos zwischen den Einstellungen zu wechseln. Die SmartPower+-Steuerbox von Brokk bietet den innovativen Brokk QuickSwitch und intuitive Einstellungen f\u00fcr ein verbessertes Bedienerlebnis, wodurch die Bedienung eines Brokk-Roboters einfacher denn je wird. Ebenso erleichtert die einfache Bedienbarkeit auch das Auffinden und Trainieren neuer Bediener.<\/p>\n<p>Das Bedienerlebnis mit SmartPower+ Robotern zeichnet sich vor allem durch Pr\u00e4zision und verbesserte Reaktionszeiten aus. Dank der neuesten Generation von Brokk ist es f\u00fcr Bediener nicht mehr erforderlich, sich der Maschine zu n\u00e4hern, um Funkfrequenzeinstellungen vorzunehmen, sodass sie den Roboter bequem und sicher direkt vom Bedienerpult aus steuern k\u00f6nnen. Dies erh\u00f6ht nicht nur den Komfort, sondern tr\u00e4gt auch zu einem angenehmeren und effizienteren Bedienerlebnis bei.<\/p>\n<p><img loading=\"lazy\" decoding=\"async\" class=\"alignnone size-medium wp-image-8005\" src=\"https:\/\/www.brokk.com\/ch\/uploads\/sites\/12\/2024\/05\/sp_control_unit-720x480.jpg\" alt=\"\" width=\"720\" height=\"480\" srcset=\"https:\/\/www.brokk.com\/ch\/uploads\/sites\/12\/2024\/05\/sp_control_unit-720x480.jpg 720w, https:\/\/www.brokk.com\/ch\/uploads\/sites\/12\/2024\/05\/sp_control_unit-1280x853.jpg 1280w, https:\/\/www.brokk.com\/ch\/uploads\/sites\/12\/2024\/05\/sp_control_unit-420x280.jpg 420w, https:\/\/www.brokk.com\/ch\/uploads\/sites\/12\/2024\/05\/sp_control_unit-768x512.jpg 768w, https:\/\/www.brokk.com\/ch\/uploads\/sites\/12\/2024\/05\/sp_control_unit-480x320.jpg 480w, https:\/\/www.brokk.com\/ch\/uploads\/sites\/12\/2024\/05\/sp_control_unit-48x32.jpg 48w, https:\/\/www.brokk.com\/ch\/uploads\/sites\/12\/2024\/05\/sp_control_unit.jpg 1440w\" sizes=\"auto, (max-width: 720px) 100vw, 720px\" \/><\/p>\n<p>&nbsp;<\/p>\n<h3><span data-ccp-props=\"{&quot;134233117&quot;:false,&quot;134233118&quot;:false,&quot;201341983&quot;:0,&quot;335559738&quot;:0,&quot;335559739&quot;:0,&quot;335559740&quot;:240}\">INTelligenz im Herzen der Maschine<\/span><\/h3>\n<p>Die Intelligenz der SmartPower+-Generation von Brokk hebt die Interaktion zwischen Bediener und Maschine auf ein neues Niveau. Mehrere visuelle Statuskommunikationsfunktionen \u2013 insbesondere inkrementelle Lichtanzeigen \u2013 sorgen f\u00fcr eine nahtlose Kommunikation und erm\u00f6glichen es dem Bediener gleichzeitig, seine Aufmerksamkeit auf die Maschine zu richten, anstatt st\u00e4ndig das Bedienerpult \u00fcberwachen zu m\u00fcssen. Die Einf\u00fchrung eines hochentwickelten Zwei-Wege-Interaktionssystems erm\u00f6glicht es dem Brokk SmartPower+ Roboter, seinen Status in Echtzeit an den Bediener zu \u00fcbermitteln, was eine vorbeugende und vorausschauende Wartung und damit eine verbesserte Betriebspflege und Sicherheit erm\u00f6glicht.<\/p>\n<p>Benutzerdefinierte Funktionen und eine benutzerfreundliche Oberfl\u00e4che verbessern das Bedienererlebnis, mit Voreinstellungen f\u00fcr Anbauger\u00e4te f\u00fcr eine schnelle und nahtlose Auswahl. Die Konnektivit\u00e4t wird durch die Integration mit MyBrokk und die dreifache Anzahl von Sensoren weiter verbessert, wodurch Brokk\u2018s neueste Robotergeneration, die mit kompromissloser Qualit\u00e4t gebaut ist, weiter verbessert wird. Die SmartPower+-Generation von Brokk verf\u00fcgt \u00fcber Komponenten, die durch cloudbasierte Integration auch nahtlos f\u00fcr zuk\u00fcnftige Upgrades optimiert sind, um stets an der Spitze der Branche zu bleiben.<\/p>\n<p>SmartPower+ erweitert seine Intelligenz auf die Bedienerschnittstelle und bietet Anpassungsoptionen in f\u00fcnf verschiedenen Schritten. Diese benutzerfreundliche Oberfl\u00e4che erm\u00f6glicht es dem Bediener, die Einstellungen ganz einfach an seine Vorlieben anzupassen und so ein intuitiveres und effizienteres Bedienerlebnis zu erm\u00f6glichen. Die Einf\u00fchrung von Voreinstellungen f\u00fcr Anbauger\u00e4te optimiert den Betrieb weiter und bietet dem Bediener Kurzwahlfunktionen auf seinem Bedienerpult f\u00fcr schnelle und nahtlose Auswahlm\u00f6glichkeiten.<\/p>\n<p>&nbsp;<\/p>\n<h3><strong>ein bahnbrechender Wandel<\/strong><\/h3>\n<p>Brokk SmartPower+ ist mehr als nur ein Software-Upgrade; Es stellt einen bahnbrechenden Wandel in der Abbruchtechnologie dar. Von Ausdauer \u00fcber Intelligenz bis hin zur puren Freude am Bedienen sind SmartPower+-Roboter ein Beweis f\u00fcr Brokk\u2018s Mission, Grenzen zu \u00fcberschreiten und Bedienern ein Werkzeug zur Verf\u00fcgung zu stellen, das Ihre Erwartungen nicht nur erf\u00fcllt, sondern \u00fcbertrifft.<\/p>\n<p><strong>Willkommen in der Zukunft des ferngesteuerten Abbruchs!<\/strong><\/p>\n<p>&nbsp;<\/p>\n<p>&nbsp;<\/p>\n<h3><a href=\"https:\/\/www.brokk.com\/ch\/uploads\/sites\/12\/2024\/08\/brokksmartpower_de.pdf\">PDF SmartPower+<\/a><\/h3>\n<p><img loading=\"lazy\" decoding=\"async\" class=\"alignnone size-medium wp-image-8009\" src=\"https:\/\/www.brokk.com\/ch\/uploads\/sites\/12\/2024\/05\/sp_cablecarrier-720x481.jpg\" alt=\"\" width=\"720\" height=\"481\" srcset=\"https:\/\/www.brokk.com\/ch\/uploads\/sites\/12\/2024\/05\/sp_cablecarrier-720x481.jpg 720w, https:\/\/www.brokk.com\/ch\/uploads\/sites\/12\/2024\/05\/sp_cablecarrier-1280x856.jpg 1280w, https:\/\/www.brokk.com\/ch\/uploads\/sites\/12\/2024\/05\/sp_cablecarrier-420x280.jpg 420w, https:\/\/www.brokk.com\/ch\/uploads\/sites\/12\/2024\/05\/sp_cablecarrier-768x513.jpg 768w, https:\/\/www.brokk.com\/ch\/uploads\/sites\/12\/2024\/05\/sp_cablecarrier-480x321.jpg 480w, https:\/\/www.brokk.com\/ch\/uploads\/sites\/12\/2024\/05\/sp_cablecarrier-48x32.jpg 48w, https:\/\/www.brokk.com\/ch\/uploads\/sites\/12\/2024\/05\/sp_cablecarrier.jpg 1436w\" sizes=\"auto, (max-width: 720px) 100vw, 720px\" \/><\/p>\n","protected":false},"excerpt":{"rendered":"<p>Mit Brokk SmartPower\u2122 erhalten Sie das weltweit intelligenteste Antriebssystem, das speziell f\u00fcr den schweren Abbruch entwickelt wurde.<\/p>\n","protected":false},"author":48,"featured_media":7993,"parent":0,"menu_order":161,"comment_status":"closed","ping_status":"closed","template":"page-templates\/landing.php","meta":{"_acf_changed":false,"_relevanssi_hide_post":"","_relevanssi_hide_content":"","_relevanssi_pin_for_all":"","_relevanssi_pin_keywords":"","_relevanssi_unpin_keywords":"","_relevanssi_related_keywords":"","_relevanssi_related_include_ids":"","_relevanssi_related_exclude_ids":"","_relevanssi_related_no_append":"","_relevanssi_related_not_related":"","_relevanssi_related_posts":"","_relevanssi_noindex_reason":"","footnotes":""},"class_list":["post-7987","page","type-page","status-publish","has-post-thumbnail","hentry"],"acf":[],"yoast_head":"<!-- This site is optimized with the Yoast SEO plugin v27.0 - https:\/\/yoast.com\/product\/yoast-seo-wordpress\/ -->\n<title>Brokk SmartPower+ - Brokk Schweiz<\/title>\n<meta name=\"robots\" content=\"index, follow, max-snippet:-1, max-image-preview:large, max-video-preview:-1\" \/>\n<link rel=\"canonical\" href=\"https:\/\/www.brokk.com\/ch\/brokk-smartpowerplus\/\" \/>\n<meta property=\"og:locale\" content=\"de_DE\" \/>\n<meta property=\"og:type\" content=\"article\" \/>\n<meta property=\"og:title\" content=\"Brokk SmartPower+ - Brokk Schweiz\" \/>\n<meta property=\"og:description\" content=\"Mit Brokk SmartPower\u2122 erhalten Sie das weltweit intelligenteste Antriebssystem, das speziell f\u00fcr den schweren Abbruch entwickelt wurde.\" \/>\n<meta property=\"og:url\" content=\"https:\/\/www.brokk.com\/ch\/brokk-smartpowerplus\/\" \/>\n<meta property=\"og:site_name\" content=\"Brokk Schweiz\" \/>\n<meta property=\"article:modified_time\" content=\"2025-05-06T11:28:07+00:00\" \/>\n<meta property=\"og:image\" content=\"https:\/\/www.brokk.com\/ch\/uploads\/sites\/12\/2024\/05\/smartpowerplus.jpg\" \/>\n\t<meta property=\"og:image:width\" content=\"1440\" \/>\n\t<meta property=\"og:image:height\" content=\"960\" \/>\n\t<meta property=\"og:image:type\" content=\"image\/jpeg\" \/>\n<meta name=\"twitter:card\" content=\"summary_large_image\" \/>\n<meta name=\"twitter:label1\" content=\"Gesch\u00e4tzte Lesezeit\" \/>\n\t<meta name=\"twitter:data1\" content=\"6\u00a0Minuten\" \/>\n<script type=\"application\/ld+json\" class=\"yoast-schema-graph\">{\"@context\":\"https:\/\/schema.org\",\"@graph\":[{\"@type\":\"WebPage\",\"@id\":\"https:\/\/www.brokk.com\/ch\/brokk-smartpowerplus\/\",\"url\":\"https:\/\/www.brokk.com\/ch\/brokk-smartpowerplus\/\",\"name\":\"Brokk SmartPower+ - Brokk Schweiz\",\"isPartOf\":{\"@id\":\"https:\/\/www.brokk.com\/ch\/#website\"},\"primaryImageOfPage\":{\"@id\":\"https:\/\/www.brokk.com\/ch\/brokk-smartpowerplus\/#primaryimage\"},\"image\":{\"@id\":\"https:\/\/www.brokk.com\/ch\/brokk-smartpowerplus\/#primaryimage\"},\"thumbnailUrl\":\"https:\/\/www.brokk.com\/ch\/uploads\/sites\/12\/2024\/05\/smartpowerplus.jpg\",\"datePublished\":\"2024-05-31T08:37:18+00:00\",\"dateModified\":\"2025-05-06T11:28:07+00:00\",\"breadcrumb\":{\"@id\":\"https:\/\/www.brokk.com\/ch\/brokk-smartpowerplus\/#breadcrumb\"},\"inLanguage\":\"de\",\"potentialAction\":[{\"@type\":\"ReadAction\",\"target\":[\"https:\/\/www.brokk.com\/ch\/brokk-smartpowerplus\/\"]}]},{\"@type\":\"ImageObject\",\"inLanguage\":\"de\",\"@id\":\"https:\/\/www.brokk.com\/ch\/brokk-smartpowerplus\/#primaryimage\",\"url\":\"https:\/\/www.brokk.com\/ch\/uploads\/sites\/12\/2024\/05\/smartpowerplus.jpg\",\"contentUrl\":\"https:\/\/www.brokk.com\/ch\/uploads\/sites\/12\/2024\/05\/smartpowerplus.jpg\",\"width\":1440,\"height\":960},{\"@type\":\"BreadcrumbList\",\"@id\":\"https:\/\/www.brokk.com\/ch\/brokk-smartpowerplus\/#breadcrumb\",\"itemListElement\":[{\"@type\":\"ListItem\",\"position\":1,\"name\":\"Home\",\"item\":\"https:\/\/www.brokk.com\/ch\/\"},{\"@type\":\"ListItem\",\"position\":2,\"name\":\"Brokk SmartPower+\"}]},{\"@type\":\"WebSite\",\"@id\":\"https:\/\/www.brokk.com\/ch\/#website\",\"url\":\"https:\/\/www.brokk.com\/ch\/\",\"name\":\"Brokk Schweiz\",\"description\":\"\",\"potentialAction\":[{\"@type\":\"SearchAction\",\"target\":{\"@type\":\"EntryPoint\",\"urlTemplate\":\"https:\/\/www.brokk.com\/ch\/?s={search_term_string}\"},\"query-input\":{\"@type\":\"PropertyValueSpecification\",\"valueRequired\":true,\"valueName\":\"search_term_string\"}}],\"inLanguage\":\"de\"}]}<\/script>\n<!-- \/ Yoast SEO plugin. -->","yoast_head_json":{"title":"Brokk SmartPower+ - Brokk Schweiz","robots":{"index":"index","follow":"follow","max-snippet":"max-snippet:-1","max-image-preview":"max-image-preview:large","max-video-preview":"max-video-preview:-1"},"canonical":"https:\/\/www.brokk.com\/ch\/brokk-smartpowerplus\/","og_locale":"de_DE","og_type":"article","og_title":"Brokk SmartPower+ - Brokk Schweiz","og_description":"Mit Brokk SmartPower\u2122 erhalten Sie das weltweit intelligenteste Antriebssystem, das speziell f\u00fcr den schweren Abbruch entwickelt wurde.","og_url":"https:\/\/www.brokk.com\/ch\/brokk-smartpowerplus\/","og_site_name":"Brokk Schweiz","article_modified_time":"2025-05-06T11:28:07+00:00","og_image":[{"width":1440,"height":960,"url":"https:\/\/www.brokk.com\/ch\/uploads\/sites\/12\/2024\/05\/smartpowerplus.jpg","type":"image\/jpeg"}],"twitter_card":"summary_large_image","twitter_misc":{"Gesch\u00e4tzte Lesezeit":"6\u00a0Minuten"},"schema":{"@context":"https:\/\/schema.org","@graph":[{"@type":"WebPage","@id":"https:\/\/www.brokk.com\/ch\/brokk-smartpowerplus\/","url":"https:\/\/www.brokk.com\/ch\/brokk-smartpowerplus\/","name":"Brokk SmartPower+ - Brokk Schweiz","isPartOf":{"@id":"https:\/\/www.brokk.com\/ch\/#website"},"primaryImageOfPage":{"@id":"https:\/\/www.brokk.com\/ch\/brokk-smartpowerplus\/#primaryimage"},"image":{"@id":"https:\/\/www.brokk.com\/ch\/brokk-smartpowerplus\/#primaryimage"},"thumbnailUrl":"https:\/\/www.brokk.com\/ch\/uploads\/sites\/12\/2024\/05\/smartpowerplus.jpg","datePublished":"2024-05-31T08:37:18+00:00","dateModified":"2025-05-06T11:28:07+00:00","breadcrumb":{"@id":"https:\/\/www.brokk.com\/ch\/brokk-smartpowerplus\/#breadcrumb"},"inLanguage":"de","potentialAction":[{"@type":"ReadAction","target":["https:\/\/www.brokk.com\/ch\/brokk-smartpowerplus\/"]}]},{"@type":"ImageObject","inLanguage":"de","@id":"https:\/\/www.brokk.com\/ch\/brokk-smartpowerplus\/#primaryimage","url":"https:\/\/www.brokk.com\/ch\/uploads\/sites\/12\/2024\/05\/smartpowerplus.jpg","contentUrl":"https:\/\/www.brokk.com\/ch\/uploads\/sites\/12\/2024\/05\/smartpowerplus.jpg","width":1440,"height":960},{"@type":"BreadcrumbList","@id":"https:\/\/www.brokk.com\/ch\/brokk-smartpowerplus\/#breadcrumb","itemListElement":[{"@type":"ListItem","position":1,"name":"Home","item":"https:\/\/www.brokk.com\/ch\/"},{"@type":"ListItem","position":2,"name":"Brokk SmartPower+"}]},{"@type":"WebSite","@id":"https:\/\/www.brokk.com\/ch\/#website","url":"https:\/\/www.brokk.com\/ch\/","name":"Brokk Schweiz","description":"","potentialAction":[{"@type":"SearchAction","target":{"@type":"EntryPoint","urlTemplate":"https:\/\/www.brokk.com\/ch\/?s={search_term_string}"},"query-input":{"@type":"PropertyValueSpecification","valueRequired":true,"valueName":"search_term_string"}}],"inLanguage":"de"}]}},"_links":{"self":[{"href":"https:\/\/www.brokk.com\/ch\/wp-json\/wp\/v2\/pages\/7987","targetHints":{"allow":["GET"]}}],"collection":[{"href":"https:\/\/www.brokk.com\/ch\/wp-json\/wp\/v2\/pages"}],"about":[{"href":"https:\/\/www.brokk.com\/ch\/wp-json\/wp\/v2\/types\/page"}],"author":[{"embeddable":true,"href":"https:\/\/www.brokk.com\/ch\/wp-json\/wp\/v2\/users\/48"}],"replies":[{"embeddable":true,"href":"https:\/\/www.brokk.com\/ch\/wp-json\/wp\/v2\/comments?post=7987"}],"version-history":[{"count":5,"href":"https:\/\/www.brokk.com\/ch\/wp-json\/wp\/v2\/pages\/7987\/revisions"}],"predecessor-version":[{"id":8579,"href":"https:\/\/www.brokk.com\/ch\/wp-json\/wp\/v2\/pages\/7987\/revisions\/8579"}],"wp:featuredmedia":[{"embeddable":true,"href":"https:\/\/www.brokk.com\/ch\/wp-json\/wp\/v2\/media\/7993"}],"wp:attachment":[{"href":"https:\/\/www.brokk.com\/ch\/wp-json\/wp\/v2\/media?parent=7987"}],"curies":[{"name":"wp","href":"https:\/\/api.w.org\/{rel}","templated":true}]}}