{"id":8109,"date":"2024-05-31T10:31:31","date_gmt":"2024-05-31T09:31:31","guid":{"rendered":"https:\/\/www.brokk.com\/ch\/brokk-pedestal-boom-copy\/"},"modified":"2024-05-31T10:35:07","modified_gmt":"2024-05-31T09:35:07","slug":"vacuumexcavator","status":"publish","type":"page","link":"https:\/\/www.brokk.com\/ch\/vacuumexcavator\/","title":{"rendered":"BROKK VACUUM EXCAVATOR"},"content":{"rendered":"<p>&nbsp;<\/p>\n<h3>Erleben Sie die Zukunft der Aushubarbeiten<\/h3>\n<p>&nbsp;<\/p>\n<p>In der heutigen, sich st\u00e4ndig weiterentwickelnden Welt der<br \/>\nReinigung und Wartung ist Innovation der Schl\u00fcssel zum Erfolg.<br \/>\nHier kommt der Brokk Vacuum Excavator ins Spiel, eine revolution\u00e4re,<br \/>\nferngesteuerte, grabungsfreie Saugl\u00f6sung, die neue<br \/>\nMa\u00dfst\u00e4be f\u00fcr Effizienz und Sicherheit bei der Beseitigung von<br \/>\nSchutt setzt.<br \/>\nDas Herzst\u00fcck des Brokk Vacuum Excavator ist die Optimierung<br \/>\nvon Aushubprozessen mit unvergleichlicher Pr\u00e4zision bei<br \/>\ngleichzeitiger Reduzierung des Risikos, verborgene Leitungen zu<br \/>\nbesch\u00e4digen. Ob bei Autobahnprojekten, bei der Instandhaltung<br \/>\nvon Gleisanlagen oder bei der Katastrophenhilfe &#8211; der Brokk<br \/>\nVacuum Excavator ist Ihr vielseitiger Begleiter, der schnelle und<br \/>\npr\u00e4zise Aushubarbeiten in jeder Situation gew\u00e4hrleistet.<br \/>\nDer kompakte und bedienerfreundliche Brokk Vacuum Excavator<br \/>\nzeichnet sich durch eine geringe Aufstellfl\u00e4che aus. Er eignet sich<br \/>\nperfekt f\u00fcr Wohngebiete und andere Orte, an denen der Platz<br \/>\nbegrenzt ist. Sein ferngesteuerter Betrieb erh\u00f6ht nicht nur die<br \/>\nSicherheit, sondern sorgt auch f\u00fcr maximale Effizienz, so dass Sie<br \/>\nAushubarbeiten m\u00fchelos und mit bester Sicht in die Baugrube<br \/>\nausf\u00fchren k\u00f6nnen.<br \/>\nErleben Sie die Zukunft der Aushubarbeiten mit dem Brokk<br \/>\nVacuum Excavator. Entdecken Sie, wie unsere innovative<br \/>\nAushubl\u00f6sung Ihre Projekte mit der un\u00fcbertroffenen<br \/>\nLeistungsf\u00e4higkeit und Sicherheit ver\u00e4ndern kann.<\/p>\n<p><img loading=\"lazy\" decoding=\"async\" class=\"alignnone size-medium wp-image-8111\" src=\"https:\/\/www.brokk.com\/ch\/uploads\/sites\/12\/2024\/05\/brokk-120d-vac-ex-footpath-768x576-1-720x540.jpg\" alt=\"\" width=\"720\" height=\"540\" srcset=\"https:\/\/www.brokk.com\/ch\/uploads\/sites\/12\/2024\/05\/brokk-120d-vac-ex-footpath-768x576-1-720x540.jpg 720w, https:\/\/www.brokk.com\/ch\/uploads\/sites\/12\/2024\/05\/brokk-120d-vac-ex-footpath-768x576-1-480x360.jpg 480w, https:\/\/www.brokk.com\/ch\/uploads\/sites\/12\/2024\/05\/brokk-120d-vac-ex-footpath-768x576-1-48x36.jpg 48w, https:\/\/www.brokk.com\/ch\/uploads\/sites\/12\/2024\/05\/brokk-120d-vac-ex-footpath-768x576-1.jpg 768w\" sizes=\"auto, (max-width: 720px) 100vw, 720px\" \/><\/p>\n<p>&nbsp;<\/p>\n<h2>Der Brokk 120DII*<\/h2>\n<ul style=\"list-style-type: square\">\n<li>780 mm Breite<\/li>\n<li>1250 mm H\u00f6he<\/li>\n<li>1230 kg<\/li>\n<li>Schnellwechsler erm\u00f6glicht einen reibungslosen<br \/>\nWechsel der Anbauvorrichtung<\/li>\n<li>Kompakt, leistungsstark und ferngesteuert<\/li>\n<\/ul>\n<p>*In der Standardversion, ohne Optionen und Anbauger\u00e4te<\/p>\n<p>Jeder Brokk kann mit einer Brokk Vacuum Excavator<br \/>\nL\u00f6sung ausgestattet werden, Am h\u00e4ufigsten wird<br \/>\njedoch der Brokk 120DII verwendet.<\/p>\n<p>&nbsp;<\/p>\n<p>&nbsp;<\/p>\n<h3>BROKK VACUUM EXCAVATOR &#8211; 120DII<\/h3>\n<p>&nbsp;<\/p>\n<h4>TECHNISCHE DATEN<\/h4>\n<ul style=\"list-style-type: circle\">\n<li>Schwenkgeschwindigkeit 10 s\/360\u00b0<\/li>\n<li>Transportgeschwindigkeit, max. 3 km\/h; 0,8 m\/s<\/li>\n<li>Steigungswinkel, max. 30\u00b0<\/li>\n<li>Volumen Hydrauliksystem 45 l<\/li>\n<li>Systemdruck* 18 MPa<\/li>\n<li>Pumpenfluss 50 l\/min<\/li>\n<li>Dieselmotor, Typ Dreizylinder, wassergek\u00fchlt,<br \/>\n4-Taktmotor<\/li>\n<li>Motorleistung 18,5 kW; 24,8 PS Diesel EPA Tier 4<\/li>\n<li>Kraftstofftankvolumen 30 l<\/li>\n<li>Maschinen\u00f6lvolumen 5,1 l<\/li>\n<li>Gefrierpunkt -40\u00b0C<\/li>\n<li>Steuerung SmartRemote, Tragbare Steuereinheit<\/li>\n<li>Signal\u00fcbertragung Digital<\/li>\n<li>\u00dcbertragungsart Kabel\/Funk<\/li>\n<li>Reichweite, Funk Bis zu 300 m<\/li>\n<li>Gewicht, Maschine** 1230 kg<\/li>\n<li>Empfohlenes Gewicht Anbauger\u00e4t 160 kg<\/li>\n<li>Schallleistungspegel LWA*** 101<\/li>\n<\/ul>\n<p><img loading=\"lazy\" decoding=\"async\" class=\"alignnone size-medium wp-image-8119\" src=\"https:\/\/www.brokk.com\/ch\/uploads\/sites\/12\/2024\/05\/b120d-vac-ex-941x1536-1-441x720.jpg\" alt=\"\" width=\"441\" height=\"720\" srcset=\"https:\/\/www.brokk.com\/ch\/uploads\/sites\/12\/2024\/05\/b120d-vac-ex-941x1536-1-441x720.jpg 441w, https:\/\/www.brokk.com\/ch\/uploads\/sites\/12\/2024\/05\/b120d-vac-ex-941x1536-1-784x1280.jpg 784w, https:\/\/www.brokk.com\/ch\/uploads\/sites\/12\/2024\/05\/b120d-vac-ex-941x1536-1-768x1254.jpg 768w, https:\/\/www.brokk.com\/ch\/uploads\/sites\/12\/2024\/05\/b120d-vac-ex-941x1536-1-294x480.jpg 294w, https:\/\/www.brokk.com\/ch\/uploads\/sites\/12\/2024\/05\/b120d-vac-ex-941x1536-1-29x48.jpg 29w, https:\/\/www.brokk.com\/ch\/uploads\/sites\/12\/2024\/05\/b120d-vac-ex-941x1536-1.jpg 941w\" sizes=\"auto, (max-width: 441px) 100vw, 441px\" \/><\/p>\n","protected":false},"excerpt":{"rendered":"<p>&nbsp; Erleben Sie die Zukunft der Aushubarbeiten &nbsp; In der heutigen, sich st\u00e4ndig weiterentwickelnden Welt der Reinigung und Wartung ist Innovation der Schl\u00fcssel zum Erfolg. Hier kommt der Brokk Vacuum Excavator ins Spiel, eine revolution\u00e4re, ferngesteuerte, grabungsfreie Saugl\u00f6sung, die neue\u2026<\/p>\n","protected":false},"author":48,"featured_media":8123,"parent":0,"menu_order":45,"comment_status":"closed","ping_status":"closed","template":"page-templates\/campaign.php","meta":{"_acf_changed":false,"_relevanssi_hide_post":"","_relevanssi_hide_content":"","_relevanssi_pin_for_all":"","_relevanssi_pin_keywords":"","_relevanssi_unpin_keywords":"","_relevanssi_related_keywords":"","_relevanssi_related_include_ids":"","_relevanssi_related_exclude_ids":"","_relevanssi_related_no_append":"","_relevanssi_related_not_related":"","_relevanssi_related_posts":"","_relevanssi_noindex_reason":"","footnotes":""},"class_list":["post-8109","page","type-page","status-publish","has-post-thumbnail","hentry"],"acf":[],"yoast_head":"<!-- This site is optimized with the Yoast SEO plugin v27.3 - https:\/\/yoast.com\/product\/yoast-seo-wordpress\/ -->\n<title>BROKK VACUUM EXCAVATOR - Brokk Schweiz<\/title>\n<meta name=\"robots\" content=\"index, follow, max-snippet:-1, max-image-preview:large, max-video-preview:-1\" \/>\n<link rel=\"canonical\" href=\"https:\/\/www.brokk.com\/ch\/vacuumexcavator\/\" \/>\n<meta property=\"og:locale\" content=\"de_DE\" \/>\n<meta property=\"og:type\" content=\"article\" \/>\n<meta property=\"og:title\" content=\"BROKK VACUUM EXCAVATOR - Brokk Schweiz\" \/>\n<meta property=\"og:description\" content=\"&nbsp; Erleben Sie die Zukunft der Aushubarbeiten &nbsp; In der heutigen, sich st\u00e4ndig weiterentwickelnden Welt der Reinigung und Wartung ist Innovation der Schl\u00fcssel zum Erfolg. Hier kommt der Brokk Vacuum Excavator ins Spiel, eine revolution\u00e4re, ferngesteuerte, grabungsfreie Saugl\u00f6sung, die neue\u2026\" \/>\n<meta property=\"og:url\" content=\"https:\/\/www.brokk.com\/ch\/vacuumexcavator\/\" \/>\n<meta property=\"og:site_name\" content=\"Brokk Schweiz\" \/>\n<meta property=\"article:modified_time\" content=\"2024-05-31T09:35:07+00:00\" \/>\n<meta property=\"og:image\" content=\"https:\/\/www.brokk.com\/ch\/uploads\/sites\/12\/2024\/05\/brokk_vacuum_excavator_1440x960px-1280x853-1.jpg\" \/>\n\t<meta property=\"og:image:width\" content=\"1280\" \/>\n\t<meta property=\"og:image:height\" content=\"853\" \/>\n\t<meta property=\"og:image:type\" content=\"image\/jpeg\" \/>\n<meta name=\"twitter:card\" content=\"summary_large_image\" \/>\n<meta name=\"twitter:label1\" content=\"Gesch\u00e4tzte Lesezeit\" \/>\n\t<meta name=\"twitter:data1\" content=\"2\u00a0Minuten\" \/>\n<script type=\"application\/ld+json\" class=\"yoast-schema-graph\">{\"@context\":\"https:\\\/\\\/schema.org\",\"@graph\":[{\"@type\":\"WebPage\",\"@id\":\"https:\\\/\\\/www.brokk.com\\\/ch\\\/vacuumexcavator\\\/\",\"url\":\"https:\\\/\\\/www.brokk.com\\\/ch\\\/vacuumexcavator\\\/\",\"name\":\"BROKK VACUUM EXCAVATOR - Brokk Schweiz\",\"isPartOf\":{\"@id\":\"https:\\\/\\\/www.brokk.com\\\/ch\\\/#website\"},\"primaryImageOfPage\":{\"@id\":\"https:\\\/\\\/www.brokk.com\\\/ch\\\/vacuumexcavator\\\/#primaryimage\"},\"image\":{\"@id\":\"https:\\\/\\\/www.brokk.com\\\/ch\\\/vacuumexcavator\\\/#primaryimage\"},\"thumbnailUrl\":\"https:\\\/\\\/www.brokk.com\\\/ch\\\/uploads\\\/sites\\\/12\\\/2024\\\/05\\\/brokk_vacuum_excavator_1440x960px-1280x853-1.jpg\",\"datePublished\":\"2024-05-31T09:31:31+00:00\",\"dateModified\":\"2024-05-31T09:35:07+00:00\",\"breadcrumb\":{\"@id\":\"https:\\\/\\\/www.brokk.com\\\/ch\\\/vacuumexcavator\\\/#breadcrumb\"},\"inLanguage\":\"de\",\"potentialAction\":[{\"@type\":\"ReadAction\",\"target\":[\"https:\\\/\\\/www.brokk.com\\\/ch\\\/vacuumexcavator\\\/\"]}]},{\"@type\":\"ImageObject\",\"inLanguage\":\"de\",\"@id\":\"https:\\\/\\\/www.brokk.com\\\/ch\\\/vacuumexcavator\\\/#primaryimage\",\"url\":\"https:\\\/\\\/www.brokk.com\\\/ch\\\/uploads\\\/sites\\\/12\\\/2024\\\/05\\\/brokk_vacuum_excavator_1440x960px-1280x853-1.jpg\",\"contentUrl\":\"https:\\\/\\\/www.brokk.com\\\/ch\\\/uploads\\\/sites\\\/12\\\/2024\\\/05\\\/brokk_vacuum_excavator_1440x960px-1280x853-1.jpg\",\"width\":1280,\"height\":853},{\"@type\":\"BreadcrumbList\",\"@id\":\"https:\\\/\\\/www.brokk.com\\\/ch\\\/vacuumexcavator\\\/#breadcrumb\",\"itemListElement\":[{\"@type\":\"ListItem\",\"position\":1,\"name\":\"Home\",\"item\":\"https:\\\/\\\/www.brokk.com\\\/ch\\\/\"},{\"@type\":\"ListItem\",\"position\":2,\"name\":\"BROKK VACUUM EXCAVATOR\"}]},{\"@type\":\"WebSite\",\"@id\":\"https:\\\/\\\/www.brokk.com\\\/ch\\\/#website\",\"url\":\"https:\\\/\\\/www.brokk.com\\\/ch\\\/\",\"name\":\"Brokk Schweiz\",\"description\":\"\",\"potentialAction\":[{\"@type\":\"SearchAction\",\"target\":{\"@type\":\"EntryPoint\",\"urlTemplate\":\"https:\\\/\\\/www.brokk.com\\\/ch\\\/?s={search_term_string}\"},\"query-input\":{\"@type\":\"PropertyValueSpecification\",\"valueRequired\":true,\"valueName\":\"search_term_string\"}}],\"inLanguage\":\"de\"}]}<\/script>\n<!-- \/ Yoast SEO plugin. -->","yoast_head_json":{"title":"BROKK VACUUM EXCAVATOR - Brokk Schweiz","robots":{"index":"index","follow":"follow","max-snippet":"max-snippet:-1","max-image-preview":"max-image-preview:large","max-video-preview":"max-video-preview:-1"},"canonical":"https:\/\/www.brokk.com\/ch\/vacuumexcavator\/","og_locale":"de_DE","og_type":"article","og_title":"BROKK VACUUM EXCAVATOR - Brokk Schweiz","og_description":"&nbsp; Erleben Sie die Zukunft der Aushubarbeiten &nbsp; In der heutigen, sich st\u00e4ndig weiterentwickelnden Welt der Reinigung und Wartung ist Innovation der Schl\u00fcssel zum Erfolg. Hier kommt der Brokk Vacuum Excavator ins Spiel, eine revolution\u00e4re, ferngesteuerte, grabungsfreie Saugl\u00f6sung, die neue\u2026","og_url":"https:\/\/www.brokk.com\/ch\/vacuumexcavator\/","og_site_name":"Brokk Schweiz","article_modified_time":"2024-05-31T09:35:07+00:00","og_image":[{"width":1280,"height":853,"url":"https:\/\/www.brokk.com\/ch\/uploads\/sites\/12\/2024\/05\/brokk_vacuum_excavator_1440x960px-1280x853-1.jpg","type":"image\/jpeg"}],"twitter_card":"summary_large_image","twitter_misc":{"Gesch\u00e4tzte Lesezeit":"2\u00a0Minuten"},"schema":{"@context":"https:\/\/schema.org","@graph":[{"@type":"WebPage","@id":"https:\/\/www.brokk.com\/ch\/vacuumexcavator\/","url":"https:\/\/www.brokk.com\/ch\/vacuumexcavator\/","name":"BROKK VACUUM EXCAVATOR - Brokk Schweiz","isPartOf":{"@id":"https:\/\/www.brokk.com\/ch\/#website"},"primaryImageOfPage":{"@id":"https:\/\/www.brokk.com\/ch\/vacuumexcavator\/#primaryimage"},"image":{"@id":"https:\/\/www.brokk.com\/ch\/vacuumexcavator\/#primaryimage"},"thumbnailUrl":"https:\/\/www.brokk.com\/ch\/uploads\/sites\/12\/2024\/05\/brokk_vacuum_excavator_1440x960px-1280x853-1.jpg","datePublished":"2024-05-31T09:31:31+00:00","dateModified":"2024-05-31T09:35:07+00:00","breadcrumb":{"@id":"https:\/\/www.brokk.com\/ch\/vacuumexcavator\/#breadcrumb"},"inLanguage":"de","potentialAction":[{"@type":"ReadAction","target":["https:\/\/www.brokk.com\/ch\/vacuumexcavator\/"]}]},{"@type":"ImageObject","inLanguage":"de","@id":"https:\/\/www.brokk.com\/ch\/vacuumexcavator\/#primaryimage","url":"https:\/\/www.brokk.com\/ch\/uploads\/sites\/12\/2024\/05\/brokk_vacuum_excavator_1440x960px-1280x853-1.jpg","contentUrl":"https:\/\/www.brokk.com\/ch\/uploads\/sites\/12\/2024\/05\/brokk_vacuum_excavator_1440x960px-1280x853-1.jpg","width":1280,"height":853},{"@type":"BreadcrumbList","@id":"https:\/\/www.brokk.com\/ch\/vacuumexcavator\/#breadcrumb","itemListElement":[{"@type":"ListItem","position":1,"name":"Home","item":"https:\/\/www.brokk.com\/ch\/"},{"@type":"ListItem","position":2,"name":"BROKK VACUUM EXCAVATOR"}]},{"@type":"WebSite","@id":"https:\/\/www.brokk.com\/ch\/#website","url":"https:\/\/www.brokk.com\/ch\/","name":"Brokk Schweiz","description":"","potentialAction":[{"@type":"SearchAction","target":{"@type":"EntryPoint","urlTemplate":"https:\/\/www.brokk.com\/ch\/?s={search_term_string}"},"query-input":{"@type":"PropertyValueSpecification","valueRequired":true,"valueName":"search_term_string"}}],"inLanguage":"de"}]}},"_links":{"self":[{"href":"https:\/\/www.brokk.com\/ch\/wp-json\/wp\/v2\/pages\/8109","targetHints":{"allow":["GET"]}}],"collection":[{"href":"https:\/\/www.brokk.com\/ch\/wp-json\/wp\/v2\/pages"}],"about":[{"href":"https:\/\/www.brokk.com\/ch\/wp-json\/wp\/v2\/types\/page"}],"author":[{"embeddable":true,"href":"https:\/\/www.brokk.com\/ch\/wp-json\/wp\/v2\/users\/48"}],"replies":[{"embeddable":true,"href":"https:\/\/www.brokk.com\/ch\/wp-json\/wp\/v2\/comments?post=8109"}],"version-history":[{"count":2,"href":"https:\/\/www.brokk.com\/ch\/wp-json\/wp\/v2\/pages\/8109\/revisions"}],"predecessor-version":[{"id":8127,"href":"https:\/\/www.brokk.com\/ch\/wp-json\/wp\/v2\/pages\/8109\/revisions\/8127"}],"wp:featuredmedia":[{"embeddable":true,"href":"https:\/\/www.brokk.com\/ch\/wp-json\/wp\/v2\/media\/8123"}],"wp:attachment":[{"href":"https:\/\/www.brokk.com\/ch\/wp-json\/wp\/v2\/media?parent=8109"}],"curies":[{"name":"wp","href":"https:\/\/api.w.org\/{rel}","templated":true}]}}