{"id":7050,"date":"2018-03-09T09:03:29","date_gmt":"2018-03-09T08:03:29","guid":{"rendered":"https:\/\/www.brokk.com\/ch\/product\/brokk-110-2\/"},"modified":"2021-03-02T07:33:36","modified_gmt":"2021-03-02T06:33:36","slug":"brokk-110-2","status":"publish","type":"product","link":"https:\/\/www.brokk.com\/ch\/product\/brokk-110-2\/","title":{"rendered":"Brokk 110"},"excerpt":{"rendered":"<p>St\u00e4rker, intelligenter., robuster und vielseitiger. Der Abbruchroboter mit einer branchenf\u00fchrenden kompakten Gr\u00f6\u00dfe.<\/p>\n","protected":false},"parent":0,"menu_order":56,"template":"","class_list":["post-7050","product","type-product","status-publish","has-post-thumbnail","hentry","product_feature-smartpowertm-2","product_feature-unschlagbare-kuehlkapazitaet-2","product_feature-grosser-schmiermittelbehaelter-2","product_feature-brokks-einmaliges-steuersystem-2","product_feature-taegliche-wartung-ohne-abdeckungen-zu-entfernen-2"],"acf":[],"yoast_head":"<!-- This site is optimized with the Yoast SEO plugin v27.0 - https:\/\/yoast.com\/product\/yoast-seo-wordpress\/ -->\n<title>Brokk 110 - Brokk Schweiz<\/title>\n<meta name=\"robots\" content=\"index, follow, max-snippet:-1, max-image-preview:large, max-video-preview:-1\" \/>\n<link rel=\"canonical\" href=\"https:\/\/www.brokk.com\/ch\/product\/brokk-110-2\/\" \/>\n<meta property=\"og:locale\" content=\"de_DE\" \/>\n<meta property=\"og:type\" content=\"article\" \/>\n<meta property=\"og:title\" content=\"Brokk 110 - Brokk Schweiz\" \/>\n<meta property=\"og:description\" content=\"St\u00e4rker, intelligenter., robuster und vielseitiger. Der Abbruchroboter mit einer branchenf\u00fchrenden kompakten Gr\u00f6\u00dfe.\" \/>\n<meta property=\"og:url\" content=\"https:\/\/www.brokk.com\/ch\/product\/brokk-110-2\/\" \/>\n<meta property=\"og:site_name\" content=\"Brokk Schweiz\" \/>\n<meta property=\"article:modified_time\" content=\"2021-03-02T06:33:36+00:00\" \/>\n<meta property=\"og:image\" content=\"https:\/\/www.brokk.com\/ch\/uploads\/sites\/12\/2018\/03\/brokk110_product_hero.jpg\" \/>\n\t<meta property=\"og:image:width\" content=\"2560\" \/>\n\t<meta property=\"og:image:height\" content=\"1096\" \/>\n\t<meta property=\"og:image:type\" content=\"image\/jpeg\" \/>\n<meta name=\"twitter:card\" content=\"summary_large_image\" \/>\n<script type=\"application\/ld+json\" class=\"yoast-schema-graph\">{\"@context\":\"https:\/\/schema.org\",\"@graph\":[{\"@type\":\"WebPage\",\"@id\":\"https:\/\/www.brokk.com\/ch\/product\/brokk-110-2\/\",\"url\":\"https:\/\/www.brokk.com\/ch\/product\/brokk-110-2\/\",\"name\":\"Brokk 110 - Brokk Schweiz\",\"isPartOf\":{\"@id\":\"https:\/\/www.brokk.com\/ch\/#website\"},\"primaryImageOfPage\":{\"@id\":\"https:\/\/www.brokk.com\/ch\/product\/brokk-110-2\/#primaryimage\"},\"image\":{\"@id\":\"https:\/\/www.brokk.com\/ch\/product\/brokk-110-2\/#primaryimage\"},\"thumbnailUrl\":\"https:\/\/www.brokk.com\/ch\/uploads\/sites\/12\/2018\/03\/brokk110_product_hero.jpg\",\"datePublished\":\"2018-03-09T08:03:29+00:00\",\"dateModified\":\"2021-03-02T06:33:36+00:00\",\"breadcrumb\":{\"@id\":\"https:\/\/www.brokk.com\/ch\/product\/brokk-110-2\/#breadcrumb\"},\"inLanguage\":\"de\",\"potentialAction\":[{\"@type\":\"ReadAction\",\"target\":[\"https:\/\/www.brokk.com\/ch\/product\/brokk-110-2\/\"]}]},{\"@type\":\"ImageObject\",\"inLanguage\":\"de\",\"@id\":\"https:\/\/www.brokk.com\/ch\/product\/brokk-110-2\/#primaryimage\",\"url\":\"https:\/\/www.brokk.com\/ch\/uploads\/sites\/12\/2018\/03\/brokk110_product_hero.jpg\",\"contentUrl\":\"https:\/\/www.brokk.com\/ch\/uploads\/sites\/12\/2018\/03\/brokk110_product_hero.jpg\",\"width\":2560,\"height\":1096},{\"@type\":\"BreadcrumbList\",\"@id\":\"https:\/\/www.brokk.com\/ch\/product\/brokk-110-2\/#breadcrumb\",\"itemListElement\":[{\"@type\":\"ListItem\",\"position\":1,\"name\":\"Home\",\"item\":\"https:\/\/www.brokk.com\/ch\/\"},{\"@type\":\"ListItem\",\"position\":2,\"name\":\"PRODUKTE\",\"item\":\"https:\/\/www.brokk.com\/ch\/product\/\"},{\"@type\":\"ListItem\",\"position\":3,\"name\":\"Brokk 110\"}]},{\"@type\":\"WebSite\",\"@id\":\"https:\/\/www.brokk.com\/ch\/#website\",\"url\":\"https:\/\/www.brokk.com\/ch\/\",\"name\":\"Brokk Schweiz\",\"description\":\"\",\"potentialAction\":[{\"@type\":\"SearchAction\",\"target\":{\"@type\":\"EntryPoint\",\"urlTemplate\":\"https:\/\/www.brokk.com\/ch\/?s={search_term_string}\"},\"query-input\":{\"@type\":\"PropertyValueSpecification\",\"valueRequired\":true,\"valueName\":\"search_term_string\"}}],\"inLanguage\":\"de\"}]}<\/script>\n<!-- \/ Yoast SEO plugin. -->","yoast_head_json":{"title":"Brokk 110 - Brokk Schweiz","robots":{"index":"index","follow":"follow","max-snippet":"max-snippet:-1","max-image-preview":"max-image-preview:large","max-video-preview":"max-video-preview:-1"},"canonical":"https:\/\/www.brokk.com\/ch\/product\/brokk-110-2\/","og_locale":"de_DE","og_type":"article","og_title":"Brokk 110 - Brokk Schweiz","og_description":"St\u00e4rker, intelligenter., robuster und vielseitiger. Der Abbruchroboter mit einer branchenf\u00fchrenden kompakten Gr\u00f6\u00dfe.","og_url":"https:\/\/www.brokk.com\/ch\/product\/brokk-110-2\/","og_site_name":"Brokk Schweiz","article_modified_time":"2021-03-02T06:33:36+00:00","og_image":[{"width":2560,"height":1096,"url":"https:\/\/www.brokk.com\/ch\/uploads\/sites\/12\/2018\/03\/brokk110_product_hero.jpg","type":"image\/jpeg"}],"twitter_card":"summary_large_image","schema":{"@context":"https:\/\/schema.org","@graph":[{"@type":"WebPage","@id":"https:\/\/www.brokk.com\/ch\/product\/brokk-110-2\/","url":"https:\/\/www.brokk.com\/ch\/product\/brokk-110-2\/","name":"Brokk 110 - Brokk Schweiz","isPartOf":{"@id":"https:\/\/www.brokk.com\/ch\/#website"},"primaryImageOfPage":{"@id":"https:\/\/www.brokk.com\/ch\/product\/brokk-110-2\/#primaryimage"},"image":{"@id":"https:\/\/www.brokk.com\/ch\/product\/brokk-110-2\/#primaryimage"},"thumbnailUrl":"https:\/\/www.brokk.com\/ch\/uploads\/sites\/12\/2018\/03\/brokk110_product_hero.jpg","datePublished":"2018-03-09T08:03:29+00:00","dateModified":"2021-03-02T06:33:36+00:00","breadcrumb":{"@id":"https:\/\/www.brokk.com\/ch\/product\/brokk-110-2\/#breadcrumb"},"inLanguage":"de","potentialAction":[{"@type":"ReadAction","target":["https:\/\/www.brokk.com\/ch\/product\/brokk-110-2\/"]}]},{"@type":"ImageObject","inLanguage":"de","@id":"https:\/\/www.brokk.com\/ch\/product\/brokk-110-2\/#primaryimage","url":"https:\/\/www.brokk.com\/ch\/uploads\/sites\/12\/2018\/03\/brokk110_product_hero.jpg","contentUrl":"https:\/\/www.brokk.com\/ch\/uploads\/sites\/12\/2018\/03\/brokk110_product_hero.jpg","width":2560,"height":1096},{"@type":"BreadcrumbList","@id":"https:\/\/www.brokk.com\/ch\/product\/brokk-110-2\/#breadcrumb","itemListElement":[{"@type":"ListItem","position":1,"name":"Home","item":"https:\/\/www.brokk.com\/ch\/"},{"@type":"ListItem","position":2,"name":"PRODUKTE","item":"https:\/\/www.brokk.com\/ch\/product\/"},{"@type":"ListItem","position":3,"name":"Brokk 110"}]},{"@type":"WebSite","@id":"https:\/\/www.brokk.com\/ch\/#website","url":"https:\/\/www.brokk.com\/ch\/","name":"Brokk Schweiz","description":"","potentialAction":[{"@type":"SearchAction","target":{"@type":"EntryPoint","urlTemplate":"https:\/\/www.brokk.com\/ch\/?s={search_term_string}"},"query-input":{"@type":"PropertyValueSpecification","valueRequired":true,"valueName":"search_term_string"}}],"inLanguage":"de"}]}},"_links":{"self":[{"href":"https:\/\/www.brokk.com\/ch\/wp-json\/wp\/v2\/product\/7050","targetHints":{"allow":["GET"]}}],"collection":[{"href":"https:\/\/www.brokk.com\/ch\/wp-json\/wp\/v2\/product"}],"about":[{"href":"https:\/\/www.brokk.com\/ch\/wp-json\/wp\/v2\/types\/product"}],"version-history":[{"count":0,"href":"https:\/\/www.brokk.com\/ch\/wp-json\/wp\/v2\/product\/7050\/revisions"}],"wp:featuredmedia":[{"embeddable":true,"href":"https:\/\/www.brokk.com\/ch\/wp-json\/wp\/v2\/media\/4368"}],"wp:attachment":[{"href":"https:\/\/www.brokk.com\/ch\/wp-json\/wp\/v2\/media?parent=7050"}],"curies":[{"name":"wp","href":"https:\/\/api.w.org\/{rel}","templated":true}]}}