{"id":4477,"date":"2018-06-07T10:33:57","date_gmt":"2018-06-07T09:33:57","guid":{"rendered":"https:\/\/www.brokk.com\/de\/brokk-400d\/"},"modified":"2019-02-07T10:35:26","modified_gmt":"2019-02-07T09:35:26","slug":"brokk-400d","status":"publish","type":"page","link":"https:\/\/www.brokk.com\/de\/brokk-400d\/","title":{"rendered":"Brokk 400D"},"content":{"rendered":"<p>Bitte beachten Sie, dass die Brokk 400D Maschine nicht mehr zu unserem Lieferprogramm geh\u00f6rt. F\u00fcr dieses Modell bieten wir jedoch weiterhin Service und Support.<\/p>\n<p>Wenn Sie sich f\u00fcr ein \u00e4hnliches Modell interessieren, finden Sie das aktuelle Brokk-Maschinenprogramm\u00a0<a href=\"https:\/\/www.brokk.com\/product\/\"><strong>hier<\/strong><\/a>, oder wenden Sie sich an Ihren n\u00e4chsten<a href=\"https:\/\/www.brokk.com\/contact\/find-dealer\/\"><strong> H\u00e4ndler<\/strong><\/a><\/p>\n","protected":false},"excerpt":{"rendered":"<p>Bitte beachten Sie, dass die Brokk 400D Maschine nicht mehr zu unserem Lieferprogramm geh\u00f6rt. F\u00fcr dieses Modell bieten wir jedoch weiterhin Service und Support. Wenn Sie sich f\u00fcr ein \u00e4hnliches Modell interessieren, finden Sie das aktuelle Brokk-Maschinenprogramm\u00a0hier, oder wenden Sie\u2026<\/p>\n","protected":false},"author":36,"featured_media":0,"parent":0,"menu_order":43,"comment_status":"closed","ping_status":"closed","template":"","meta":{"_acf_changed":false,"_relevanssi_hide_post":"","_relevanssi_hide_content":"","_relevanssi_pin_for_all":"","_relevanssi_pin_keywords":"","_relevanssi_unpin_keywords":"","_relevanssi_related_keywords":"","_relevanssi_related_include_ids":"","_relevanssi_related_exclude_ids":"","_relevanssi_related_no_append":"","_relevanssi_related_not_related":"","_relevanssi_related_posts":"","_relevanssi_noindex_reason":"","footnotes":""},"class_list":["post-4477","page","type-page","status-publish","hentry"],"acf":[],"yoast_head":"<!-- This site is optimized with the Yoast SEO plugin v27.3 - https:\/\/yoast.com\/product\/yoast-seo-wordpress\/ -->\n<title>Brokk 400D - Brokk Deutschland<\/title>\n<meta name=\"robots\" content=\"index, follow, max-snippet:-1, max-image-preview:large, max-video-preview:-1\" \/>\n<link rel=\"canonical\" href=\"https:\/\/www.brokk.com\/de\/brokk-400d\/\" \/>\n<meta property=\"og:locale\" content=\"de_DE\" \/>\n<meta property=\"og:type\" content=\"article\" \/>\n<meta property=\"og:title\" content=\"Brokk 400D - Brokk Deutschland\" \/>\n<meta property=\"og:description\" content=\"Bitte beachten Sie, dass die Brokk 400D Maschine nicht mehr zu unserem Lieferprogramm geh\u00f6rt. F\u00fcr dieses Modell bieten wir jedoch weiterhin Service und Support. Wenn Sie sich f\u00fcr ein \u00e4hnliches Modell interessieren, finden Sie das aktuelle Brokk-Maschinenprogramm\u00a0hier, oder wenden Sie\u2026\" \/>\n<meta property=\"og:url\" content=\"https:\/\/www.brokk.com\/de\/brokk-400d\/\" \/>\n<meta property=\"og:site_name\" content=\"Brokk Deutschland\" \/>\n<meta property=\"article:modified_time\" content=\"2019-02-07T09:35:26+00:00\" \/>\n<meta name=\"twitter:card\" content=\"summary_large_image\" \/>\n<script type=\"application\/ld+json\" class=\"yoast-schema-graph\">{\"@context\":\"https:\\\/\\\/schema.org\",\"@graph\":[{\"@type\":\"WebPage\",\"@id\":\"https:\\\/\\\/www.brokk.com\\\/de\\\/brokk-400d\\\/\",\"url\":\"https:\\\/\\\/www.brokk.com\\\/de\\\/brokk-400d\\\/\",\"name\":\"Brokk 400D - Brokk Deutschland\",\"isPartOf\":{\"@id\":\"https:\\\/\\\/www.brokk.com\\\/de\\\/#website\"},\"datePublished\":\"2018-06-07T09:33:57+00:00\",\"dateModified\":\"2019-02-07T09:35:26+00:00\",\"breadcrumb\":{\"@id\":\"https:\\\/\\\/www.brokk.com\\\/de\\\/brokk-400d\\\/#breadcrumb\"},\"inLanguage\":\"de\",\"potentialAction\":[{\"@type\":\"ReadAction\",\"target\":[\"https:\\\/\\\/www.brokk.com\\\/de\\\/brokk-400d\\\/\"]}]},{\"@type\":\"BreadcrumbList\",\"@id\":\"https:\\\/\\\/www.brokk.com\\\/de\\\/brokk-400d\\\/#breadcrumb\",\"itemListElement\":[{\"@type\":\"ListItem\",\"position\":1,\"name\":\"Home\",\"item\":\"https:\\\/\\\/www.brokk.com\\\/de\\\/home\\\/\"},{\"@type\":\"ListItem\",\"position\":2,\"name\":\"Brokk 400D\"}]},{\"@type\":\"WebSite\",\"@id\":\"https:\\\/\\\/www.brokk.com\\\/de\\\/#website\",\"url\":\"https:\\\/\\\/www.brokk.com\\\/de\\\/\",\"name\":\"Brokk Deutschland\",\"description\":\"\",\"potentialAction\":[{\"@type\":\"SearchAction\",\"target\":{\"@type\":\"EntryPoint\",\"urlTemplate\":\"https:\\\/\\\/www.brokk.com\\\/de\\\/?s={search_term_string}\"},\"query-input\":{\"@type\":\"PropertyValueSpecification\",\"valueRequired\":true,\"valueName\":\"search_term_string\"}}],\"inLanguage\":\"de\"}]}<\/script>\n<!-- \/ Yoast SEO plugin. -->","yoast_head_json":{"title":"Brokk 400D - Brokk Deutschland","robots":{"index":"index","follow":"follow","max-snippet":"max-snippet:-1","max-image-preview":"max-image-preview:large","max-video-preview":"max-video-preview:-1"},"canonical":"https:\/\/www.brokk.com\/de\/brokk-400d\/","og_locale":"de_DE","og_type":"article","og_title":"Brokk 400D - Brokk Deutschland","og_description":"Bitte beachten Sie, dass die Brokk 400D Maschine nicht mehr zu unserem Lieferprogramm geh\u00f6rt. F\u00fcr dieses Modell bieten wir jedoch weiterhin Service und Support. Wenn Sie sich f\u00fcr ein \u00e4hnliches Modell interessieren, finden Sie das aktuelle Brokk-Maschinenprogramm\u00a0hier, oder wenden Sie\u2026","og_url":"https:\/\/www.brokk.com\/de\/brokk-400d\/","og_site_name":"Brokk Deutschland","article_modified_time":"2019-02-07T09:35:26+00:00","twitter_card":"summary_large_image","schema":{"@context":"https:\/\/schema.org","@graph":[{"@type":"WebPage","@id":"https:\/\/www.brokk.com\/de\/brokk-400d\/","url":"https:\/\/www.brokk.com\/de\/brokk-400d\/","name":"Brokk 400D - Brokk Deutschland","isPartOf":{"@id":"https:\/\/www.brokk.com\/de\/#website"},"datePublished":"2018-06-07T09:33:57+00:00","dateModified":"2019-02-07T09:35:26+00:00","breadcrumb":{"@id":"https:\/\/www.brokk.com\/de\/brokk-400d\/#breadcrumb"},"inLanguage":"de","potentialAction":[{"@type":"ReadAction","target":["https:\/\/www.brokk.com\/de\/brokk-400d\/"]}]},{"@type":"BreadcrumbList","@id":"https:\/\/www.brokk.com\/de\/brokk-400d\/#breadcrumb","itemListElement":[{"@type":"ListItem","position":1,"name":"Home","item":"https:\/\/www.brokk.com\/de\/home\/"},{"@type":"ListItem","position":2,"name":"Brokk 400D"}]},{"@type":"WebSite","@id":"https:\/\/www.brokk.com\/de\/#website","url":"https:\/\/www.brokk.com\/de\/","name":"Brokk Deutschland","description":"","potentialAction":[{"@type":"SearchAction","target":{"@type":"EntryPoint","urlTemplate":"https:\/\/www.brokk.com\/de\/?s={search_term_string}"},"query-input":{"@type":"PropertyValueSpecification","valueRequired":true,"valueName":"search_term_string"}}],"inLanguage":"de"}]}},"_links":{"self":[{"href":"https:\/\/www.brokk.com\/de\/wp-json\/wp\/v2\/pages\/4477","targetHints":{"allow":["GET"]}}],"collection":[{"href":"https:\/\/www.brokk.com\/de\/wp-json\/wp\/v2\/pages"}],"about":[{"href":"https:\/\/www.brokk.com\/de\/wp-json\/wp\/v2\/types\/page"}],"author":[{"embeddable":true,"href":"https:\/\/www.brokk.com\/de\/wp-json\/wp\/v2\/users\/36"}],"replies":[{"embeddable":true,"href":"https:\/\/www.brokk.com\/de\/wp-json\/wp\/v2\/comments?post=4477"}],"version-history":[{"count":3,"href":"https:\/\/www.brokk.com\/de\/wp-json\/wp\/v2\/pages\/4477\/revisions"}],"predecessor-version":[{"id":4825,"href":"https:\/\/www.brokk.com\/de\/wp-json\/wp\/v2\/pages\/4477\/revisions\/4825"}],"wp:attachment":[{"href":"https:\/\/www.brokk.com\/de\/wp-json\/wp\/v2\/media?parent=4477"}],"curies":[{"name":"wp","href":"https:\/\/api.w.org\/{rel}","templated":true}]}}