{"id":4569,"date":"2018-03-09T10:09:15","date_gmt":"2018-03-09T10:09:15","guid":{"rendered":"https:\/\/www.brokk.com\/de\/career\/"},"modified":"2026-04-01T14:53:24","modified_gmt":"2026-04-01T13:53:24","slug":"career","status":"publish","type":"page","link":"https:\/\/www.brokk.com\/de\/career\/","title":{"rendered":"Karriere"},"content":{"rendered":"<p>Wir sind immer auf der Suche nach qualifizierten Mitarbeitern und bieten ein gro\u00dfes pers\u00f6nliches Entwicklungspotenzial. Unterst\u00fctzen Sie unser Team und tragen Sie dazu bei, Verantwortliche aus den Bereichen Abbruch, R\u00fcckbau und Recycling mit intelligenten und produktiven Abbruch- und Instandhaltungsl\u00f6sungen gl\u00fccklich zu machen.<\/p>\n<p>&nbsp;<\/p>\n<p><a href=\"mailto:bewerbungen@brokk.de\">Wir Freuen uns auf Ihre bewerbung<\/a><\/p>\n","protected":false},"excerpt":{"rendered":"<p>Wir sind immer auf der Suche nach qualifizierten Mitarbeitern und bieten ein gro\u00dfes pers\u00f6nliches Entwicklungspotenzial. Unterst\u00fctzen Sie unser Team und tragen Sie dazu bei, Verantwortliche aus den Bereichen Abbruch, R\u00fcckbau und Recycling mit intelligenten und produktiven Abbruch- und Instandhaltungsl\u00f6sungen gl\u00fccklich\u2026<\/p>\n","protected":false},"author":24,"featured_media":8033,"parent":0,"menu_order":74,"comment_status":"closed","ping_status":"closed","template":"page-templates\/career.php","meta":{"_acf_changed":false,"_relevanssi_hide_post":"","_relevanssi_hide_content":"","_relevanssi_pin_for_all":"","_relevanssi_pin_keywords":"","_relevanssi_unpin_keywords":"","_relevanssi_related_keywords":"","_relevanssi_related_include_ids":"","_relevanssi_related_exclude_ids":"","_relevanssi_related_no_append":"","_relevanssi_related_not_related":"","_relevanssi_related_posts":"","_relevanssi_noindex_reason":"","footnotes":""},"class_list":["post-4569","page","type-page","status-publish","has-post-thumbnail","hentry"],"acf":[],"yoast_head":"<!-- This site is optimized with the Yoast SEO plugin v27.3 - https:\/\/yoast.com\/product\/yoast-seo-wordpress\/ -->\n<title>Karriere - Brokk Deutschland<\/title>\n<meta name=\"robots\" content=\"index, follow, max-snippet:-1, max-image-preview:large, max-video-preview:-1\" \/>\n<link rel=\"canonical\" href=\"https:\/\/www.brokk.com\/de\/career\/\" \/>\n<meta property=\"og:locale\" content=\"de_DE\" \/>\n<meta property=\"og:type\" content=\"article\" \/>\n<meta property=\"og:title\" content=\"Karriere - Brokk Deutschland\" \/>\n<meta property=\"og:description\" content=\"Wir sind immer auf der Suche nach qualifizierten Mitarbeitern und bieten ein gro\u00dfes pers\u00f6nliches Entwicklungspotenzial. Unterst\u00fctzen Sie unser Team und tragen Sie dazu bei, Verantwortliche aus den Bereichen Abbruch, R\u00fcckbau und Recycling mit intelligenten und produktiven Abbruch- und Instandhaltungsl\u00f6sungen gl\u00fccklich\u2026\" \/>\n<meta property=\"og:url\" content=\"https:\/\/www.brokk.com\/de\/career\/\" \/>\n<meta property=\"og:site_name\" content=\"Brokk Deutschland\" \/>\n<meta property=\"article:modified_time\" content=\"2026-04-01T13:53:24+00:00\" \/>\n<meta property=\"og:image\" content=\"https:\/\/www.brokk.com\/de\/uploads\/sites\/14\/2025\/08\/career_hero-1.jpg\" \/>\n\t<meta property=\"og:image:width\" content=\"2560\" \/>\n\t<meta property=\"og:image:height\" content=\"1096\" \/>\n\t<meta property=\"og:image:type\" content=\"image\/jpeg\" \/>\n<meta name=\"twitter:card\" content=\"summary_large_image\" \/>\n<meta name=\"twitter:label1\" content=\"Gesch\u00e4tzte Lesezeit\" \/>\n\t<meta name=\"twitter:data1\" content=\"1\u00a0Minute\" \/>\n<script type=\"application\/ld+json\" class=\"yoast-schema-graph\">{\"@context\":\"https:\\\/\\\/schema.org\",\"@graph\":[{\"@type\":\"WebPage\",\"@id\":\"https:\\\/\\\/www.brokk.com\\\/de\\\/career\\\/\",\"url\":\"https:\\\/\\\/www.brokk.com\\\/de\\\/career\\\/\",\"name\":\"Karriere - Brokk Deutschland\",\"isPartOf\":{\"@id\":\"https:\\\/\\\/www.brokk.com\\\/de\\\/#website\"},\"primaryImageOfPage\":{\"@id\":\"https:\\\/\\\/www.brokk.com\\\/de\\\/career\\\/#primaryimage\"},\"image\":{\"@id\":\"https:\\\/\\\/www.brokk.com\\\/de\\\/career\\\/#primaryimage\"},\"thumbnailUrl\":\"https:\\\/\\\/www.brokk.com\\\/de\\\/uploads\\\/sites\\\/14\\\/2025\\\/08\\\/career_hero-1.jpg\",\"datePublished\":\"2018-03-09T10:09:15+00:00\",\"dateModified\":\"2026-04-01T13:53:24+00:00\",\"breadcrumb\":{\"@id\":\"https:\\\/\\\/www.brokk.com\\\/de\\\/career\\\/#breadcrumb\"},\"inLanguage\":\"de\",\"potentialAction\":[{\"@type\":\"ReadAction\",\"target\":[\"https:\\\/\\\/www.brokk.com\\\/de\\\/career\\\/\"]}]},{\"@type\":\"ImageObject\",\"inLanguage\":\"de\",\"@id\":\"https:\\\/\\\/www.brokk.com\\\/de\\\/career\\\/#primaryimage\",\"url\":\"https:\\\/\\\/www.brokk.com\\\/de\\\/uploads\\\/sites\\\/14\\\/2025\\\/08\\\/career_hero-1.jpg\",\"contentUrl\":\"https:\\\/\\\/www.brokk.com\\\/de\\\/uploads\\\/sites\\\/14\\\/2025\\\/08\\\/career_hero-1.jpg\",\"width\":2560,\"height\":1096},{\"@type\":\"BreadcrumbList\",\"@id\":\"https:\\\/\\\/www.brokk.com\\\/de\\\/career\\\/#breadcrumb\",\"itemListElement\":[{\"@type\":\"ListItem\",\"position\":1,\"name\":\"Home\",\"item\":\"https:\\\/\\\/www.brokk.com\\\/de\\\/home\\\/\"},{\"@type\":\"ListItem\",\"position\":2,\"name\":\"Karriere\"}]},{\"@type\":\"WebSite\",\"@id\":\"https:\\\/\\\/www.brokk.com\\\/de\\\/#website\",\"url\":\"https:\\\/\\\/www.brokk.com\\\/de\\\/\",\"name\":\"Brokk Deutschland\",\"description\":\"\",\"potentialAction\":[{\"@type\":\"SearchAction\",\"target\":{\"@type\":\"EntryPoint\",\"urlTemplate\":\"https:\\\/\\\/www.brokk.com\\\/de\\\/?s={search_term_string}\"},\"query-input\":{\"@type\":\"PropertyValueSpecification\",\"valueRequired\":true,\"valueName\":\"search_term_string\"}}],\"inLanguage\":\"de\"}]}<\/script>\n<!-- \/ Yoast SEO plugin. -->","yoast_head_json":{"title":"Karriere - Brokk Deutschland","robots":{"index":"index","follow":"follow","max-snippet":"max-snippet:-1","max-image-preview":"max-image-preview:large","max-video-preview":"max-video-preview:-1"},"canonical":"https:\/\/www.brokk.com\/de\/career\/","og_locale":"de_DE","og_type":"article","og_title":"Karriere - Brokk Deutschland","og_description":"Wir sind immer auf der Suche nach qualifizierten Mitarbeitern und bieten ein gro\u00dfes pers\u00f6nliches Entwicklungspotenzial. Unterst\u00fctzen Sie unser Team und tragen Sie dazu bei, Verantwortliche aus den Bereichen Abbruch, R\u00fcckbau und Recycling mit intelligenten und produktiven Abbruch- und Instandhaltungsl\u00f6sungen gl\u00fccklich\u2026","og_url":"https:\/\/www.brokk.com\/de\/career\/","og_site_name":"Brokk Deutschland","article_modified_time":"2026-04-01T13:53:24+00:00","og_image":[{"width":2560,"height":1096,"url":"https:\/\/www.brokk.com\/de\/uploads\/sites\/14\/2025\/08\/career_hero-1.jpg","type":"image\/jpeg"}],"twitter_card":"summary_large_image","twitter_misc":{"Gesch\u00e4tzte Lesezeit":"1\u00a0Minute"},"schema":{"@context":"https:\/\/schema.org","@graph":[{"@type":"WebPage","@id":"https:\/\/www.brokk.com\/de\/career\/","url":"https:\/\/www.brokk.com\/de\/career\/","name":"Karriere - Brokk Deutschland","isPartOf":{"@id":"https:\/\/www.brokk.com\/de\/#website"},"primaryImageOfPage":{"@id":"https:\/\/www.brokk.com\/de\/career\/#primaryimage"},"image":{"@id":"https:\/\/www.brokk.com\/de\/career\/#primaryimage"},"thumbnailUrl":"https:\/\/www.brokk.com\/de\/uploads\/sites\/14\/2025\/08\/career_hero-1.jpg","datePublished":"2018-03-09T10:09:15+00:00","dateModified":"2026-04-01T13:53:24+00:00","breadcrumb":{"@id":"https:\/\/www.brokk.com\/de\/career\/#breadcrumb"},"inLanguage":"de","potentialAction":[{"@type":"ReadAction","target":["https:\/\/www.brokk.com\/de\/career\/"]}]},{"@type":"ImageObject","inLanguage":"de","@id":"https:\/\/www.brokk.com\/de\/career\/#primaryimage","url":"https:\/\/www.brokk.com\/de\/uploads\/sites\/14\/2025\/08\/career_hero-1.jpg","contentUrl":"https:\/\/www.brokk.com\/de\/uploads\/sites\/14\/2025\/08\/career_hero-1.jpg","width":2560,"height":1096},{"@type":"BreadcrumbList","@id":"https:\/\/www.brokk.com\/de\/career\/#breadcrumb","itemListElement":[{"@type":"ListItem","position":1,"name":"Home","item":"https:\/\/www.brokk.com\/de\/home\/"},{"@type":"ListItem","position":2,"name":"Karriere"}]},{"@type":"WebSite","@id":"https:\/\/www.brokk.com\/de\/#website","url":"https:\/\/www.brokk.com\/de\/","name":"Brokk Deutschland","description":"","potentialAction":[{"@type":"SearchAction","target":{"@type":"EntryPoint","urlTemplate":"https:\/\/www.brokk.com\/de\/?s={search_term_string}"},"query-input":{"@type":"PropertyValueSpecification","valueRequired":true,"valueName":"search_term_string"}}],"inLanguage":"de"}]}},"_links":{"self":[{"href":"https:\/\/www.brokk.com\/de\/wp-json\/wp\/v2\/pages\/4569","targetHints":{"allow":["GET"]}}],"collection":[{"href":"https:\/\/www.brokk.com\/de\/wp-json\/wp\/v2\/pages"}],"about":[{"href":"https:\/\/www.brokk.com\/de\/wp-json\/wp\/v2\/types\/page"}],"author":[{"embeddable":true,"href":"https:\/\/www.brokk.com\/de\/wp-json\/wp\/v2\/users\/24"}],"replies":[{"embeddable":true,"href":"https:\/\/www.brokk.com\/de\/wp-json\/wp\/v2\/comments?post=4569"}],"version-history":[{"count":18,"href":"https:\/\/www.brokk.com\/de\/wp-json\/wp\/v2\/pages\/4569\/revisions"}],"predecessor-version":[{"id":8267,"href":"https:\/\/www.brokk.com\/de\/wp-json\/wp\/v2\/pages\/4569\/revisions\/8267"}],"wp:featuredmedia":[{"embeddable":true,"href":"https:\/\/www.brokk.com\/de\/wp-json\/wp\/v2\/media\/8033"}],"wp:attachment":[{"href":"https:\/\/www.brokk.com\/de\/wp-json\/wp\/v2\/media?parent=4569"}],"curies":[{"name":"wp","href":"https:\/\/api.w.org\/{rel}","templated":true}]}}