{"id":4948,"date":"2018-04-06T08:34:15","date_gmt":"2018-04-06T07:34:15","guid":{"rendered":"https:\/\/www.brokk.com\/de\/after-sales\/"},"modified":"2025-01-23T14:49:09","modified_gmt":"2025-01-23T13:49:09","slug":"kundendienst","status":"publish","type":"page","link":"https:\/\/www.brokk.com\/de\/kundendienst\/","title":{"rendered":"Kundendienst"},"content":{"rendered":"<h3>IHRE BROKK-MASCHINE IN GUTEN H\u00c4NDEN<\/h3>\n<p>Das Brokk Uptime-Konzept hat drei entscheidende Elemente<\/p>\n<ul>\n<li>Erstklassiger Service und Support<\/li>\n<li>Original-Ersatzteile, die auf optimale Leistung ausgelegt sind und die Lebensdauer Ihrer Brokk-Produkte maximieren.<\/li>\n<li>Die branchenweit erste proaktive Servicevereinbarung. Proaktive Absicherung statt unwillkommener \u00dcberraschungen.<\/li>\n<\/ul>\n<p>Alles in allem sorgen diese Dienstleistungen daf\u00fcr, dass Ihr Brokk Jahr f\u00fcr Jahr produktiv und zuverl\u00e4ssig bleibt. Bitte beachten Sie, dass der proaktive Servicevertrag auch f\u00fcr Gebrauchtmaschinen gilt. Klicken Sie auf die untenstehenden Abschnitte, um weitere Informationen zu erhalten.<\/p>\n","protected":false},"excerpt":{"rendered":"<p>Brokk Uptime ist die n\u00e4chste Stufe in Service, Support und Training.<\/p>\n","protected":false},"author":36,"featured_media":4949,"parent":0,"menu_order":127,"comment_status":"closed","ping_status":"closed","template":"page-templates\/common.php","meta":{"_acf_changed":false,"_relevanssi_hide_post":"","_relevanssi_hide_content":"","_relevanssi_pin_for_all":"","_relevanssi_pin_keywords":"","_relevanssi_unpin_keywords":"","_relevanssi_related_keywords":"","_relevanssi_related_include_ids":"","_relevanssi_related_exclude_ids":"","_relevanssi_related_no_append":"","_relevanssi_related_not_related":"","_relevanssi_related_posts":"","_relevanssi_noindex_reason":"","footnotes":""},"class_list":["post-4948","page","type-page","status-publish","has-post-thumbnail","hentry"],"acf":[],"yoast_head":"<!-- This site is optimized with the Yoast SEO plugin v27.3 - https:\/\/yoast.com\/product\/yoast-seo-wordpress\/ -->\n<title>Kundendienst - Brokk Deutschland<\/title>\n<meta name=\"robots\" content=\"index, follow, max-snippet:-1, max-image-preview:large, max-video-preview:-1\" \/>\n<link rel=\"canonical\" href=\"https:\/\/www.brokk.com\/de\/kundendienst\/\" \/>\n<meta property=\"og:locale\" content=\"de_DE\" \/>\n<meta property=\"og:type\" content=\"article\" \/>\n<meta property=\"og:title\" content=\"Kundendienst - Brokk Deutschland\" \/>\n<meta property=\"og:description\" content=\"Brokk Uptime ist die n\u00e4chste Stufe in Service, Support und Training.\" \/>\n<meta property=\"og:url\" content=\"https:\/\/www.brokk.com\/de\/kundendienst\/\" \/>\n<meta property=\"og:site_name\" content=\"Brokk Deutschland\" \/>\n<meta property=\"article:modified_time\" content=\"2025-01-23T13:49:09+00:00\" \/>\n<meta property=\"og:image\" content=\"https:\/\/www.brokk.com\/de\/uploads\/sites\/14\/2018\/03\/after-sales_hero.jpg\" \/>\n\t<meta property=\"og:image:width\" content=\"2560\" \/>\n\t<meta property=\"og:image:height\" content=\"1096\" \/>\n\t<meta property=\"og:image:type\" content=\"image\/jpeg\" \/>\n<meta name=\"twitter:card\" content=\"summary_large_image\" \/>\n<meta name=\"twitter:label1\" content=\"Gesch\u00e4tzte Lesezeit\" \/>\n\t<meta name=\"twitter:data1\" content=\"3\u00a0Minute\" \/>\n<script type=\"application\/ld+json\" class=\"yoast-schema-graph\">{\"@context\":\"https:\\\/\\\/schema.org\",\"@graph\":[{\"@type\":\"WebPage\",\"@id\":\"https:\\\/\\\/www.brokk.com\\\/de\\\/kundendienst\\\/\",\"url\":\"https:\\\/\\\/www.brokk.com\\\/de\\\/kundendienst\\\/\",\"name\":\"Kundendienst - Brokk Deutschland\",\"isPartOf\":{\"@id\":\"https:\\\/\\\/www.brokk.com\\\/de\\\/#website\"},\"primaryImageOfPage\":{\"@id\":\"https:\\\/\\\/www.brokk.com\\\/de\\\/kundendienst\\\/#primaryimage\"},\"image\":{\"@id\":\"https:\\\/\\\/www.brokk.com\\\/de\\\/kundendienst\\\/#primaryimage\"},\"thumbnailUrl\":\"https:\\\/\\\/www.brokk.com\\\/de\\\/uploads\\\/sites\\\/14\\\/2018\\\/03\\\/after-sales_hero.jpg\",\"datePublished\":\"2018-04-06T07:34:15+00:00\",\"dateModified\":\"2025-01-23T13:49:09+00:00\",\"breadcrumb\":{\"@id\":\"https:\\\/\\\/www.brokk.com\\\/de\\\/kundendienst\\\/#breadcrumb\"},\"inLanguage\":\"de\",\"potentialAction\":[{\"@type\":\"ReadAction\",\"target\":[\"https:\\\/\\\/www.brokk.com\\\/de\\\/kundendienst\\\/\"]}]},{\"@type\":\"ImageObject\",\"inLanguage\":\"de\",\"@id\":\"https:\\\/\\\/www.brokk.com\\\/de\\\/kundendienst\\\/#primaryimage\",\"url\":\"https:\\\/\\\/www.brokk.com\\\/de\\\/uploads\\\/sites\\\/14\\\/2018\\\/03\\\/after-sales_hero.jpg\",\"contentUrl\":\"https:\\\/\\\/www.brokk.com\\\/de\\\/uploads\\\/sites\\\/14\\\/2018\\\/03\\\/after-sales_hero.jpg\",\"width\":2560,\"height\":1096},{\"@type\":\"BreadcrumbList\",\"@id\":\"https:\\\/\\\/www.brokk.com\\\/de\\\/kundendienst\\\/#breadcrumb\",\"itemListElement\":[{\"@type\":\"ListItem\",\"position\":1,\"name\":\"Home\",\"item\":\"https:\\\/\\\/www.brokk.com\\\/de\\\/home\\\/\"},{\"@type\":\"ListItem\",\"position\":2,\"name\":\"Kundendienst\"}]},{\"@type\":\"WebSite\",\"@id\":\"https:\\\/\\\/www.brokk.com\\\/de\\\/#website\",\"url\":\"https:\\\/\\\/www.brokk.com\\\/de\\\/\",\"name\":\"Brokk Deutschland\",\"description\":\"\",\"potentialAction\":[{\"@type\":\"SearchAction\",\"target\":{\"@type\":\"EntryPoint\",\"urlTemplate\":\"https:\\\/\\\/www.brokk.com\\\/de\\\/?s={search_term_string}\"},\"query-input\":{\"@type\":\"PropertyValueSpecification\",\"valueRequired\":true,\"valueName\":\"search_term_string\"}}],\"inLanguage\":\"de\"}]}<\/script>\n<!-- \/ Yoast SEO plugin. -->","yoast_head_json":{"title":"Kundendienst - Brokk Deutschland","robots":{"index":"index","follow":"follow","max-snippet":"max-snippet:-1","max-image-preview":"max-image-preview:large","max-video-preview":"max-video-preview:-1"},"canonical":"https:\/\/www.brokk.com\/de\/kundendienst\/","og_locale":"de_DE","og_type":"article","og_title":"Kundendienst - Brokk Deutschland","og_description":"Brokk Uptime ist die n\u00e4chste Stufe in Service, Support und Training.","og_url":"https:\/\/www.brokk.com\/de\/kundendienst\/","og_site_name":"Brokk Deutschland","article_modified_time":"2025-01-23T13:49:09+00:00","og_image":[{"width":2560,"height":1096,"url":"https:\/\/www.brokk.com\/de\/uploads\/sites\/14\/2018\/03\/after-sales_hero.jpg","type":"image\/jpeg"}],"twitter_card":"summary_large_image","twitter_misc":{"Gesch\u00e4tzte Lesezeit":"3\u00a0Minute"},"schema":{"@context":"https:\/\/schema.org","@graph":[{"@type":"WebPage","@id":"https:\/\/www.brokk.com\/de\/kundendienst\/","url":"https:\/\/www.brokk.com\/de\/kundendienst\/","name":"Kundendienst - Brokk Deutschland","isPartOf":{"@id":"https:\/\/www.brokk.com\/de\/#website"},"primaryImageOfPage":{"@id":"https:\/\/www.brokk.com\/de\/kundendienst\/#primaryimage"},"image":{"@id":"https:\/\/www.brokk.com\/de\/kundendienst\/#primaryimage"},"thumbnailUrl":"https:\/\/www.brokk.com\/de\/uploads\/sites\/14\/2018\/03\/after-sales_hero.jpg","datePublished":"2018-04-06T07:34:15+00:00","dateModified":"2025-01-23T13:49:09+00:00","breadcrumb":{"@id":"https:\/\/www.brokk.com\/de\/kundendienst\/#breadcrumb"},"inLanguage":"de","potentialAction":[{"@type":"ReadAction","target":["https:\/\/www.brokk.com\/de\/kundendienst\/"]}]},{"@type":"ImageObject","inLanguage":"de","@id":"https:\/\/www.brokk.com\/de\/kundendienst\/#primaryimage","url":"https:\/\/www.brokk.com\/de\/uploads\/sites\/14\/2018\/03\/after-sales_hero.jpg","contentUrl":"https:\/\/www.brokk.com\/de\/uploads\/sites\/14\/2018\/03\/after-sales_hero.jpg","width":2560,"height":1096},{"@type":"BreadcrumbList","@id":"https:\/\/www.brokk.com\/de\/kundendienst\/#breadcrumb","itemListElement":[{"@type":"ListItem","position":1,"name":"Home","item":"https:\/\/www.brokk.com\/de\/home\/"},{"@type":"ListItem","position":2,"name":"Kundendienst"}]},{"@type":"WebSite","@id":"https:\/\/www.brokk.com\/de\/#website","url":"https:\/\/www.brokk.com\/de\/","name":"Brokk Deutschland","description":"","potentialAction":[{"@type":"SearchAction","target":{"@type":"EntryPoint","urlTemplate":"https:\/\/www.brokk.com\/de\/?s={search_term_string}"},"query-input":{"@type":"PropertyValueSpecification","valueRequired":true,"valueName":"search_term_string"}}],"inLanguage":"de"}]}},"_links":{"self":[{"href":"https:\/\/www.brokk.com\/de\/wp-json\/wp\/v2\/pages\/4948","targetHints":{"allow":["GET"]}}],"collection":[{"href":"https:\/\/www.brokk.com\/de\/wp-json\/wp\/v2\/pages"}],"about":[{"href":"https:\/\/www.brokk.com\/de\/wp-json\/wp\/v2\/types\/page"}],"author":[{"embeddable":true,"href":"https:\/\/www.brokk.com\/de\/wp-json\/wp\/v2\/users\/36"}],"replies":[{"embeddable":true,"href":"https:\/\/www.brokk.com\/de\/wp-json\/wp\/v2\/comments?post=4948"}],"version-history":[{"count":6,"href":"https:\/\/www.brokk.com\/de\/wp-json\/wp\/v2\/pages\/4948\/revisions"}],"predecessor-version":[{"id":7703,"href":"https:\/\/www.brokk.com\/de\/wp-json\/wp\/v2\/pages\/4948\/revisions\/7703"}],"wp:featuredmedia":[{"embeddable":true,"href":"https:\/\/www.brokk.com\/de\/wp-json\/wp\/v2\/media\/4949"}],"wp:attachment":[{"href":"https:\/\/www.brokk.com\/de\/wp-json\/wp\/v2\/media?parent=4948"}],"curies":[{"name":"wp","href":"https:\/\/api.w.org\/{rel}","templated":true}]}}