{"id":4992,"date":"2018-12-12T09:50:00","date_gmt":"2018-12-12T08:50:00","guid":{"rendered":"https:\/\/www.brokk.com\/de\/?page_id=4992"},"modified":"2026-03-10T11:27:58","modified_gmt":"2026-03-10T10:27:58","slug":"brokk-academy","status":"publish","type":"page","link":"https:\/\/www.brokk.com\/de\/kundendienst\/brokk-academy\/","title":{"rendered":"Brokk Academy"},"content":{"rendered":"<p data-start=\"200\" data-end=\"252\"><strong data-start=\"200\" data-end=\"252\">Maximieren Sie die Leistung Ihres Brokk-Roboters und sichern Sie sich rechtlich ab!<\/strong><\/p>\n<p data-start=\"254\" data-end=\"401\">Damit Sie das volle Potenzial Ihrer Maschine aussch\u00f6pfen k\u00f6nnen, bieten wir praxisorientierte Schulungen f\u00fcr Brokk-Bediener und Servicepersonal an.<\/p>\n<p data-start=\"403\" data-end=\"720\">Eine sichere, effiziente und durchdachte Arbeitsweise macht jeden Einsatz wirtschaftlicher und steigert die Rentabilit\u00e4t Ihrer Investition. Mit unserem Trainingsprogramm <strong data-start=\"573\" data-end=\"590\">Brokk Academy<\/strong> -was wir gemeinsam mit dem VDBUM entwickelt haben- vermitteln wir das notwendige Fachwissen f\u00fcr den sicheren, effizienten und profitablen Einsatz Ihres Brokk-Abbruchroboters.<\/p>\n<p data-start=\"722\" data-end=\"1044\">Unsere Schulungen helfen Ihnen au\u00dferdem dabei, neue Einsatzm\u00f6glichkeiten f\u00fcr Ihren Brokk-Roboter zu entdecken. Zwar liegt der Schwerpunkt der Maschinen im Abbruch, doch durch das einfache Wechseln von Anbauger\u00e4ten und die entsprechende Ausbildung lassen sich Brokk-Roboter f\u00fcr eine Vielzahl weiterer Anwendungen einsetzen.<\/p>\n<p data-start=\"1046\" data-end=\"1078\">\n<p data-start=\"1046\" data-end=\"1078\"><strong data-start=\"1046\" data-end=\"1078\">Praxisnahes Intensivtraining<\/strong><\/p>\n<p data-start=\"1080\" data-end=\"1249\">In unserem einw\u00f6chigen Intensivtraining in der Brokk Academy vermitteln wir Ihnen alle wichtigen Grundlagen f\u00fcr den professionellen Einsatz Ihrer Maschine. Dazu geh\u00f6ren:<\/p>\n<ul data-start=\"1251\" data-end=\"1455\">\n<li data-start=\"1251\" data-end=\"1317\">\n<p data-start=\"1253\" data-end=\"1317\">allgemeine Vorschriften und sicherheitsrelevante Anforderungen<\/p>\n<\/li>\n<li data-start=\"1318\" data-end=\"1354\">\n<p data-start=\"1320\" data-end=\"1354\">arbeitsschutztechnische Vorgaben<\/p>\n<\/li>\n<li data-start=\"1355\" data-end=\"1413\">\n<p data-start=\"1357\" data-end=\"1413\">grundlegende Bedienprinzipien der Brokk-Abbruchroboter<\/p>\n<\/li>\n<li data-start=\"1414\" data-end=\"1455\">\n<p data-start=\"1416\" data-end=\"1455\">umfangreiche Fahr- und Anwendungspraxis<\/p>\n<\/li>\n<\/ul>\n<p data-start=\"1457\" data-end=\"1575\">So stellen wir sicher, dass Sie Ihre Maschine sicher, effizient und mit maximaler Leistungsf\u00e4higkeit einsetzen k\u00f6nnen.<\/p>\n<p data-start=\"1457\" data-end=\"1575\">\n<p data-start=\"1457\" data-end=\"1575\"><strong>Nach erfolgreich bestandener Pr\u00fcfung erhalten die Teilnehmer ein Abschlusszertifikat. Damit k\u00f6nnen Arbeitgeber nachweisen, dass ihre Mitarbeiter qualifiziert im Umgang mit ferngesteuerten Abbruchrobotern ausgebildet wurden!<\/strong><\/p>\n<p data-start=\"1457\" data-end=\"1575\">\n<p>Dieses Abschlusszertifikat<\/p>\n<p><strong>\u201eAusgebildete Fachkraft f\u00fcr ferngesteuerte Abbruchroboter\u201c<\/strong><\/p>\n<p data-start=\"1457\" data-end=\"1575\">gibt es exklusiv nur bei uns!<\/p>\n<p>&nbsp;<\/p>\n<p>Weitere Informationen gibt es <a href=\"https:\/\/www.brokk.com\/de\/uploads\/sites\/14\/2026\/03\/brokk-academy-basistraining-april-2026.pdf\">HIER\u00a0<\/a><\/p>\n<p>F\u00fcllen Sie direkt hier das <a href=\"https:\/\/www.brokk.com\/de\/uploads\/sites\/14\/2026\/03\/anmeldeformular-brokk-academy-basistraining_april-2026.pdf\">Anmeldeformular<\/a> aus oder senden Sie uns eine E-Mail an <a href=\"mailto:anmeldung@brokk-academy.de\"><strong>anmeldung@brokk-academy.de<\/strong><\/a><\/p>\n","protected":false},"excerpt":{"rendered":"<p>Maximieren Sie die Leistung Ihres Brokk-Roboters und sichern Sie sich rechtlich ab! Damit Sie das volle Potenzial Ihrer Maschine aussch\u00f6pfen k\u00f6nnen, bieten wir praxisorientierte Schulungen f\u00fcr Brokk-Bediener und Servicepersonal an. Eine sichere, effiziente und durchdachte Arbeitsweise macht jeden Einsatz wirtschaftlicher\u2026<\/p>\n","protected":false},"author":36,"featured_media":4951,"parent":4948,"menu_order":32,"comment_status":"closed","ping_status":"closed","template":"page-templates\/common.php","meta":{"_acf_changed":false,"_relevanssi_hide_post":"","_relevanssi_hide_content":"","_relevanssi_pin_for_all":"","_relevanssi_pin_keywords":"","_relevanssi_unpin_keywords":"","_relevanssi_related_keywords":"","_relevanssi_related_include_ids":"","_relevanssi_related_exclude_ids":"","_relevanssi_related_no_append":"","_relevanssi_related_not_related":"","_relevanssi_related_posts":"","_relevanssi_noindex_reason":"","footnotes":""},"class_list":["post-4992","page","type-page","status-publish","has-post-thumbnail","hentry"],"acf":[],"yoast_head":"<!-- This site is optimized with the Yoast SEO plugin v27.3 - https:\/\/yoast.com\/product\/yoast-seo-wordpress\/ -->\n<title>Brokk Academy - Brokk Deutschland<\/title>\n<meta name=\"robots\" content=\"index, follow, max-snippet:-1, max-image-preview:large, max-video-preview:-1\" \/>\n<link rel=\"canonical\" href=\"https:\/\/www.brokk.com\/de\/kundendienst\/brokk-academy\/\" \/>\n<meta property=\"og:locale\" content=\"de_DE\" \/>\n<meta property=\"og:type\" content=\"article\" \/>\n<meta property=\"og:title\" content=\"Brokk Academy - Brokk Deutschland\" \/>\n<meta property=\"og:description\" content=\"Maximieren Sie die Leistung Ihres Brokk-Roboters und sichern Sie sich rechtlich ab! Damit Sie das volle Potenzial Ihrer Maschine aussch\u00f6pfen k\u00f6nnen, bieten wir praxisorientierte Schulungen f\u00fcr Brokk-Bediener und Servicepersonal an. Eine sichere, effiziente und durchdachte Arbeitsweise macht jeden Einsatz wirtschaftlicher\u2026\" \/>\n<meta property=\"og:url\" content=\"https:\/\/www.brokk.com\/de\/kundendienst\/brokk-academy\/\" \/>\n<meta property=\"og:site_name\" content=\"Brokk Deutschland\" \/>\n<meta property=\"article:modified_time\" content=\"2026-03-10T10:27:58+00:00\" \/>\n<meta property=\"og:image\" content=\"https:\/\/www.brokk.com\/de\/uploads\/sites\/14\/2018\/03\/brokk-academy_hero.jpg\" \/>\n\t<meta property=\"og:image:width\" content=\"2560\" \/>\n\t<meta property=\"og:image:height\" content=\"1096\" \/>\n\t<meta property=\"og:image:type\" content=\"image\/jpeg\" \/>\n<meta name=\"twitter:card\" content=\"summary_large_image\" \/>\n<meta name=\"twitter:label1\" content=\"Gesch\u00e4tzte Lesezeit\" \/>\n\t<meta name=\"twitter:data1\" content=\"2\u00a0Minute\" \/>\n<script type=\"application\/ld+json\" class=\"yoast-schema-graph\">{\"@context\":\"https:\\\/\\\/schema.org\",\"@graph\":[{\"@type\":\"WebPage\",\"@id\":\"https:\\\/\\\/www.brokk.com\\\/de\\\/kundendienst\\\/brokk-academy\\\/\",\"url\":\"https:\\\/\\\/www.brokk.com\\\/de\\\/kundendienst\\\/brokk-academy\\\/\",\"name\":\"Brokk Academy - Brokk Deutschland\",\"isPartOf\":{\"@id\":\"https:\\\/\\\/www.brokk.com\\\/de\\\/#website\"},\"primaryImageOfPage\":{\"@id\":\"https:\\\/\\\/www.brokk.com\\\/de\\\/kundendienst\\\/brokk-academy\\\/#primaryimage\"},\"image\":{\"@id\":\"https:\\\/\\\/www.brokk.com\\\/de\\\/kundendienst\\\/brokk-academy\\\/#primaryimage\"},\"thumbnailUrl\":\"https:\\\/\\\/www.brokk.com\\\/de\\\/uploads\\\/sites\\\/14\\\/2018\\\/03\\\/brokk-academy_hero.jpg\",\"datePublished\":\"2018-12-12T08:50:00+00:00\",\"dateModified\":\"2026-03-10T10:27:58+00:00\",\"breadcrumb\":{\"@id\":\"https:\\\/\\\/www.brokk.com\\\/de\\\/kundendienst\\\/brokk-academy\\\/#breadcrumb\"},\"inLanguage\":\"de\",\"potentialAction\":[{\"@type\":\"ReadAction\",\"target\":[\"https:\\\/\\\/www.brokk.com\\\/de\\\/kundendienst\\\/brokk-academy\\\/\"]}]},{\"@type\":\"ImageObject\",\"inLanguage\":\"de\",\"@id\":\"https:\\\/\\\/www.brokk.com\\\/de\\\/kundendienst\\\/brokk-academy\\\/#primaryimage\",\"url\":\"https:\\\/\\\/www.brokk.com\\\/de\\\/uploads\\\/sites\\\/14\\\/2018\\\/03\\\/brokk-academy_hero.jpg\",\"contentUrl\":\"https:\\\/\\\/www.brokk.com\\\/de\\\/uploads\\\/sites\\\/14\\\/2018\\\/03\\\/brokk-academy_hero.jpg\",\"width\":2560,\"height\":1096},{\"@type\":\"BreadcrumbList\",\"@id\":\"https:\\\/\\\/www.brokk.com\\\/de\\\/kundendienst\\\/brokk-academy\\\/#breadcrumb\",\"itemListElement\":[{\"@type\":\"ListItem\",\"position\":1,\"name\":\"Home\",\"item\":\"https:\\\/\\\/www.brokk.com\\\/de\\\/home\\\/\"},{\"@type\":\"ListItem\",\"position\":2,\"name\":\"Kundendienst\",\"item\":\"https:\\\/\\\/www.brokk.com\\\/de\\\/kundendienst\\\/\"},{\"@type\":\"ListItem\",\"position\":3,\"name\":\"Brokk Academy\"}]},{\"@type\":\"WebSite\",\"@id\":\"https:\\\/\\\/www.brokk.com\\\/de\\\/#website\",\"url\":\"https:\\\/\\\/www.brokk.com\\\/de\\\/\",\"name\":\"Brokk Deutschland\",\"description\":\"\",\"potentialAction\":[{\"@type\":\"SearchAction\",\"target\":{\"@type\":\"EntryPoint\",\"urlTemplate\":\"https:\\\/\\\/www.brokk.com\\\/de\\\/?s={search_term_string}\"},\"query-input\":{\"@type\":\"PropertyValueSpecification\",\"valueRequired\":true,\"valueName\":\"search_term_string\"}}],\"inLanguage\":\"de\"}]}<\/script>\n<!-- \/ Yoast SEO plugin. -->","yoast_head_json":{"title":"Brokk Academy - Brokk Deutschland","robots":{"index":"index","follow":"follow","max-snippet":"max-snippet:-1","max-image-preview":"max-image-preview:large","max-video-preview":"max-video-preview:-1"},"canonical":"https:\/\/www.brokk.com\/de\/kundendienst\/brokk-academy\/","og_locale":"de_DE","og_type":"article","og_title":"Brokk Academy - Brokk Deutschland","og_description":"Maximieren Sie die Leistung Ihres Brokk-Roboters und sichern Sie sich rechtlich ab! Damit Sie das volle Potenzial Ihrer Maschine aussch\u00f6pfen k\u00f6nnen, bieten wir praxisorientierte Schulungen f\u00fcr Brokk-Bediener und Servicepersonal an. Eine sichere, effiziente und durchdachte Arbeitsweise macht jeden Einsatz wirtschaftlicher\u2026","og_url":"https:\/\/www.brokk.com\/de\/kundendienst\/brokk-academy\/","og_site_name":"Brokk Deutschland","article_modified_time":"2026-03-10T10:27:58+00:00","og_image":[{"width":2560,"height":1096,"url":"https:\/\/www.brokk.com\/de\/uploads\/sites\/14\/2018\/03\/brokk-academy_hero.jpg","type":"image\/jpeg"}],"twitter_card":"summary_large_image","twitter_misc":{"Gesch\u00e4tzte Lesezeit":"2\u00a0Minute"},"schema":{"@context":"https:\/\/schema.org","@graph":[{"@type":"WebPage","@id":"https:\/\/www.brokk.com\/de\/kundendienst\/brokk-academy\/","url":"https:\/\/www.brokk.com\/de\/kundendienst\/brokk-academy\/","name":"Brokk Academy - Brokk Deutschland","isPartOf":{"@id":"https:\/\/www.brokk.com\/de\/#website"},"primaryImageOfPage":{"@id":"https:\/\/www.brokk.com\/de\/kundendienst\/brokk-academy\/#primaryimage"},"image":{"@id":"https:\/\/www.brokk.com\/de\/kundendienst\/brokk-academy\/#primaryimage"},"thumbnailUrl":"https:\/\/www.brokk.com\/de\/uploads\/sites\/14\/2018\/03\/brokk-academy_hero.jpg","datePublished":"2018-12-12T08:50:00+00:00","dateModified":"2026-03-10T10:27:58+00:00","breadcrumb":{"@id":"https:\/\/www.brokk.com\/de\/kundendienst\/brokk-academy\/#breadcrumb"},"inLanguage":"de","potentialAction":[{"@type":"ReadAction","target":["https:\/\/www.brokk.com\/de\/kundendienst\/brokk-academy\/"]}]},{"@type":"ImageObject","inLanguage":"de","@id":"https:\/\/www.brokk.com\/de\/kundendienst\/brokk-academy\/#primaryimage","url":"https:\/\/www.brokk.com\/de\/uploads\/sites\/14\/2018\/03\/brokk-academy_hero.jpg","contentUrl":"https:\/\/www.brokk.com\/de\/uploads\/sites\/14\/2018\/03\/brokk-academy_hero.jpg","width":2560,"height":1096},{"@type":"BreadcrumbList","@id":"https:\/\/www.brokk.com\/de\/kundendienst\/brokk-academy\/#breadcrumb","itemListElement":[{"@type":"ListItem","position":1,"name":"Home","item":"https:\/\/www.brokk.com\/de\/home\/"},{"@type":"ListItem","position":2,"name":"Kundendienst","item":"https:\/\/www.brokk.com\/de\/kundendienst\/"},{"@type":"ListItem","position":3,"name":"Brokk Academy"}]},{"@type":"WebSite","@id":"https:\/\/www.brokk.com\/de\/#website","url":"https:\/\/www.brokk.com\/de\/","name":"Brokk Deutschland","description":"","potentialAction":[{"@type":"SearchAction","target":{"@type":"EntryPoint","urlTemplate":"https:\/\/www.brokk.com\/de\/?s={search_term_string}"},"query-input":{"@type":"PropertyValueSpecification","valueRequired":true,"valueName":"search_term_string"}}],"inLanguage":"de"}]}},"_links":{"self":[{"href":"https:\/\/www.brokk.com\/de\/wp-json\/wp\/v2\/pages\/4992","targetHints":{"allow":["GET"]}}],"collection":[{"href":"https:\/\/www.brokk.com\/de\/wp-json\/wp\/v2\/pages"}],"about":[{"href":"https:\/\/www.brokk.com\/de\/wp-json\/wp\/v2\/types\/page"}],"author":[{"embeddable":true,"href":"https:\/\/www.brokk.com\/de\/wp-json\/wp\/v2\/users\/36"}],"replies":[{"embeddable":true,"href":"https:\/\/www.brokk.com\/de\/wp-json\/wp\/v2\/comments?post=4992"}],"version-history":[{"count":28,"href":"https:\/\/www.brokk.com\/de\/wp-json\/wp\/v2\/pages\/4992\/revisions"}],"predecessor-version":[{"id":8227,"href":"https:\/\/www.brokk.com\/de\/wp-json\/wp\/v2\/pages\/4992\/revisions\/8227"}],"up":[{"embeddable":true,"href":"https:\/\/www.brokk.com\/de\/wp-json\/wp\/v2\/pages\/4948"}],"wp:featuredmedia":[{"embeddable":true,"href":"https:\/\/www.brokk.com\/de\/wp-json\/wp\/v2\/media\/4951"}],"wp:attachment":[{"href":"https:\/\/www.brokk.com\/de\/wp-json\/wp\/v2\/media?parent=4992"}],"curies":[{"name":"wp","href":"https:\/\/api.w.org\/{rel}","templated":true}]}}