{"id":5063,"date":"2018-12-13T10:05:24","date_gmt":"2018-12-13T09:05:24","guid":{"rendered":"https:\/\/www.brokk.com\/de\/?page_id=5063"},"modified":"2019-02-06T12:02:37","modified_gmt":"2019-02-06T11:02:37","slug":"haendler-werden","status":"publish","type":"page","link":"https:\/\/www.brokk.com\/de\/kontakt\/haendler-werden\/","title":{"rendered":"H\u00e4ndler werden"},"content":{"rendered":"<p>Brokk ist in vielen verschiedenen M\u00e4rkten und Segmenten vertreten und wir sind st\u00e4ndig auf der Suche nach neuen Gesch\u00e4ftsm\u00f6glichkeiten. F\u00fcr weitere Informationen dar\u00fcber, wie Sie einer wachsenden Zahl von Brokk-H\u00e4ndlern beitreten k\u00f6nnen,\u00a0<a href=\"mailto:info@brokk.com\">schicken<\/a> Sie uns bitte Ihre Kontaktdaten.<\/p>\n","protected":false},"excerpt":{"rendered":"<p>Brokk ist in vielen verschiedenen M\u00e4rkten und Segmenten vertreten und wir sind st\u00e4ndig auf der Suche nach neuen Gesch\u00e4ftsm\u00f6glichkeiten. F\u00fcr weitere Informationen dar\u00fcber, wie Sie einer wachsenden Zahl von Brokk-H\u00e4ndlern beitreten k\u00f6nnen,\u00a0schicken Sie uns bitte Ihre Kontaktdaten.<\/p>\n","protected":false},"author":2,"featured_media":0,"parent":5053,"menu_order":60,"comment_status":"closed","ping_status":"closed","template":"page-templates\/common.php","meta":{"_acf_changed":false,"_relevanssi_hide_post":"","_relevanssi_hide_content":"","_relevanssi_pin_for_all":"","_relevanssi_pin_keywords":"","_relevanssi_unpin_keywords":"","_relevanssi_related_keywords":"","_relevanssi_related_include_ids":"","_relevanssi_related_exclude_ids":"","_relevanssi_related_no_append":"","_relevanssi_related_not_related":"","_relevanssi_related_posts":"","_relevanssi_noindex_reason":"","footnotes":""},"class_list":["post-5063","page","type-page","status-publish","hentry"],"acf":[],"yoast_head":"<!-- This site is optimized with the Yoast SEO plugin v27.3 - https:\/\/yoast.com\/product\/yoast-seo-wordpress\/ -->\n<title>H\u00e4ndler werden - Brokk Deutschland<\/title>\n<meta name=\"robots\" content=\"index, follow, max-snippet:-1, max-image-preview:large, max-video-preview:-1\" \/>\n<link rel=\"canonical\" href=\"https:\/\/www.brokk.com\/de\/kontakt\/haendler-werden\/\" \/>\n<meta property=\"og:locale\" content=\"de_DE\" \/>\n<meta property=\"og:type\" content=\"article\" \/>\n<meta property=\"og:title\" content=\"H\u00e4ndler werden - Brokk Deutschland\" \/>\n<meta property=\"og:description\" content=\"Brokk ist in vielen verschiedenen M\u00e4rkten und Segmenten vertreten und wir sind st\u00e4ndig auf der Suche nach neuen Gesch\u00e4ftsm\u00f6glichkeiten. F\u00fcr weitere Informationen dar\u00fcber, wie Sie einer wachsenden Zahl von Brokk-H\u00e4ndlern beitreten k\u00f6nnen,\u00a0schicken Sie uns bitte Ihre Kontaktdaten.\" \/>\n<meta property=\"og:url\" content=\"https:\/\/www.brokk.com\/de\/kontakt\/haendler-werden\/\" \/>\n<meta property=\"og:site_name\" content=\"Brokk Deutschland\" \/>\n<meta property=\"article:modified_time\" content=\"2019-02-06T11:02:37+00:00\" \/>\n<meta property=\"og:image\" content=\"https:\/\/www.brokk.com\/de\/uploads\/sites\/14\/2018\/03\/become_a_dealer_hero.jpg\" \/>\n\t<meta property=\"og:image:width\" content=\"2560\" \/>\n\t<meta property=\"og:image:height\" content=\"1096\" \/>\n\t<meta property=\"og:image:type\" content=\"image\/jpeg\" \/>\n<meta name=\"twitter:card\" content=\"summary_large_image\" \/>\n<script type=\"application\/ld+json\" class=\"yoast-schema-graph\">{\"@context\":\"https:\\\/\\\/schema.org\",\"@graph\":[{\"@type\":\"WebPage\",\"@id\":\"https:\\\/\\\/www.brokk.com\\\/de\\\/kontakt\\\/haendler-werden\\\/\",\"url\":\"https:\\\/\\\/www.brokk.com\\\/de\\\/kontakt\\\/haendler-werden\\\/\",\"name\":\"H\u00e4ndler werden - Brokk Deutschland\",\"isPartOf\":{\"@id\":\"https:\\\/\\\/www.brokk.com\\\/de\\\/#website\"},\"datePublished\":\"2018-12-13T09:05:24+00:00\",\"dateModified\":\"2019-02-06T11:02:37+00:00\",\"breadcrumb\":{\"@id\":\"https:\\\/\\\/www.brokk.com\\\/de\\\/kontakt\\\/haendler-werden\\\/#breadcrumb\"},\"inLanguage\":\"de\",\"potentialAction\":[{\"@type\":\"ReadAction\",\"target\":[\"https:\\\/\\\/www.brokk.com\\\/de\\\/kontakt\\\/haendler-werden\\\/\"]}]},{\"@type\":\"BreadcrumbList\",\"@id\":\"https:\\\/\\\/www.brokk.com\\\/de\\\/kontakt\\\/haendler-werden\\\/#breadcrumb\",\"itemListElement\":[{\"@type\":\"ListItem\",\"position\":1,\"name\":\"Home\",\"item\":\"https:\\\/\\\/www.brokk.com\\\/de\\\/home\\\/\"},{\"@type\":\"ListItem\",\"position\":2,\"name\":\"Kontakt\",\"item\":\"https:\\\/\\\/www.brokk.com\\\/de\\\/kontakt\\\/\"},{\"@type\":\"ListItem\",\"position\":3,\"name\":\"H\u00e4ndler werden\"}]},{\"@type\":\"WebSite\",\"@id\":\"https:\\\/\\\/www.brokk.com\\\/de\\\/#website\",\"url\":\"https:\\\/\\\/www.brokk.com\\\/de\\\/\",\"name\":\"Brokk Deutschland\",\"description\":\"\",\"potentialAction\":[{\"@type\":\"SearchAction\",\"target\":{\"@type\":\"EntryPoint\",\"urlTemplate\":\"https:\\\/\\\/www.brokk.com\\\/de\\\/?s={search_term_string}\"},\"query-input\":{\"@type\":\"PropertyValueSpecification\",\"valueRequired\":true,\"valueName\":\"search_term_string\"}}],\"inLanguage\":\"de\"}]}<\/script>\n<!-- \/ Yoast SEO plugin. -->","yoast_head_json":{"title":"H\u00e4ndler werden - Brokk Deutschland","robots":{"index":"index","follow":"follow","max-snippet":"max-snippet:-1","max-image-preview":"max-image-preview:large","max-video-preview":"max-video-preview:-1"},"canonical":"https:\/\/www.brokk.com\/de\/kontakt\/haendler-werden\/","og_locale":"de_DE","og_type":"article","og_title":"H\u00e4ndler werden - Brokk Deutschland","og_description":"Brokk ist in vielen verschiedenen M\u00e4rkten und Segmenten vertreten und wir sind st\u00e4ndig auf der Suche nach neuen Gesch\u00e4ftsm\u00f6glichkeiten. F\u00fcr weitere Informationen dar\u00fcber, wie Sie einer wachsenden Zahl von Brokk-H\u00e4ndlern beitreten k\u00f6nnen,\u00a0schicken Sie uns bitte Ihre Kontaktdaten.","og_url":"https:\/\/www.brokk.com\/de\/kontakt\/haendler-werden\/","og_site_name":"Brokk Deutschland","article_modified_time":"2019-02-06T11:02:37+00:00","og_image":[{"width":2560,"height":1096,"url":"https:\/\/www.brokk.com\/de\/uploads\/sites\/14\/2018\/03\/become_a_dealer_hero.jpg","type":"image\/jpeg"}],"twitter_card":"summary_large_image","schema":{"@context":"https:\/\/schema.org","@graph":[{"@type":"WebPage","@id":"https:\/\/www.brokk.com\/de\/kontakt\/haendler-werden\/","url":"https:\/\/www.brokk.com\/de\/kontakt\/haendler-werden\/","name":"H\u00e4ndler werden - Brokk Deutschland","isPartOf":{"@id":"https:\/\/www.brokk.com\/de\/#website"},"datePublished":"2018-12-13T09:05:24+00:00","dateModified":"2019-02-06T11:02:37+00:00","breadcrumb":{"@id":"https:\/\/www.brokk.com\/de\/kontakt\/haendler-werden\/#breadcrumb"},"inLanguage":"de","potentialAction":[{"@type":"ReadAction","target":["https:\/\/www.brokk.com\/de\/kontakt\/haendler-werden\/"]}]},{"@type":"BreadcrumbList","@id":"https:\/\/www.brokk.com\/de\/kontakt\/haendler-werden\/#breadcrumb","itemListElement":[{"@type":"ListItem","position":1,"name":"Home","item":"https:\/\/www.brokk.com\/de\/home\/"},{"@type":"ListItem","position":2,"name":"Kontakt","item":"https:\/\/www.brokk.com\/de\/kontakt\/"},{"@type":"ListItem","position":3,"name":"H\u00e4ndler werden"}]},{"@type":"WebSite","@id":"https:\/\/www.brokk.com\/de\/#website","url":"https:\/\/www.brokk.com\/de\/","name":"Brokk Deutschland","description":"","potentialAction":[{"@type":"SearchAction","target":{"@type":"EntryPoint","urlTemplate":"https:\/\/www.brokk.com\/de\/?s={search_term_string}"},"query-input":{"@type":"PropertyValueSpecification","valueRequired":true,"valueName":"search_term_string"}}],"inLanguage":"de"}]}},"_links":{"self":[{"href":"https:\/\/www.brokk.com\/de\/wp-json\/wp\/v2\/pages\/5063","targetHints":{"allow":["GET"]}}],"collection":[{"href":"https:\/\/www.brokk.com\/de\/wp-json\/wp\/v2\/pages"}],"about":[{"href":"https:\/\/www.brokk.com\/de\/wp-json\/wp\/v2\/types\/page"}],"author":[{"embeddable":true,"href":"https:\/\/www.brokk.com\/de\/wp-json\/wp\/v2\/users\/2"}],"replies":[{"embeddable":true,"href":"https:\/\/www.brokk.com\/de\/wp-json\/wp\/v2\/comments?post=5063"}],"version-history":[{"count":3,"href":"https:\/\/www.brokk.com\/de\/wp-json\/wp\/v2\/pages\/5063\/revisions"}],"predecessor-version":[{"id":5066,"href":"https:\/\/www.brokk.com\/de\/wp-json\/wp\/v2\/pages\/5063\/revisions\/5066"}],"up":[{"embeddable":true,"href":"https:\/\/www.brokk.com\/de\/wp-json\/wp\/v2\/pages\/5053"}],"wp:attachment":[{"href":"https:\/\/www.brokk.com\/de\/wp-json\/wp\/v2\/media?parent=5063"}],"curies":[{"name":"wp","href":"https:\/\/api.w.org\/{rel}","templated":true}]}}