{"id":5309,"date":"2018-12-14T13:51:55","date_gmt":"2018-12-14T12:51:55","guid":{"rendered":"https:\/\/www.brokk.com\/de\/?page_id=5309"},"modified":"2019-02-05T16:29:24","modified_gmt":"2019-02-05T15:29:24","slug":"servicevertrag-2","status":"publish","type":"page","link":"https:\/\/www.brokk.com\/de\/kundendienst\/servicevertrag-2\/","title":{"rendered":"Servicevertrag"},"content":{"rendered":"<p>Der <span style=\"float: none;background-color: transparent;color: #1e1e1e;font-family: 'Open Sans',sans-serif;font-size: 16px;font-style: normal;font-variant: normal;font-weight: 400;letter-spacing: normal;line-height: 23px;text-align: left;text-decoration: none;text-indent: 0px\">Brokk Uptime\u2122<\/span> Servicevertrag gibt Ihnen die Sicherheit, dass Ihre Brokk-Maschine immer in guten H\u00e4nden ist.\u00a0Mit geplanten Serviceterminen sorgen wir daf\u00fcr, dass Service und Wartung dann stattfinden, wenn es f\u00fcr Sie und Ihre Arbeit passt. Jeder Service wird von erfahrenen und autorisierten Brokk-Experten durchgef\u00fchrt und nat\u00fcrlich k\u00f6nnen Sie sich auf die ausschlie\u00dfliche Verwendung von hochwertigem Brokk Original Spare Parts\u2122 verlassen.<\/p>\n<p><a href=\"https:\/\/www.brokk.com\/contact\/find-dealer\/\">KONTAKTIEREN <\/a>Sie Ihren Brokk-H\u00e4ndler vor Ort, um mehr \u00fcber die beste L\u00f6sung f\u00fcr Sie und Ihre Brokk-Maschine zu erfahren.<br \/>\n<img decoding=\"async\" src=\"https:\/\/www.brokk.com\/de\/uploads\/sites\/12\/2018\/03\/service-agreement-2_content-720x480.jpg\" alt=\"\" \/><\/p>\n<p>&nbsp;<\/p>\n","protected":false},"excerpt":{"rendered":"<p>Der Brokk Uptime\u2122 Servicevertrag gibt Ihnen die Sicherheit, dass Ihre Brokk-Maschine immer in guten H\u00e4nden ist.\u00a0Mit geplanten Serviceterminen sorgen wir daf\u00fcr, dass Service und Wartung dann stattfinden, wenn es f\u00fcr Sie und Ihre Arbeit passt. Jeder Service wird von erfahrenen\u2026<\/p>\n","protected":false},"author":2,"featured_media":4952,"parent":4948,"menu_order":147,"comment_status":"closed","ping_status":"closed","template":"page-templates\/common.php","meta":{"_acf_changed":false,"_relevanssi_hide_post":"","_relevanssi_hide_content":"","_relevanssi_pin_for_all":"","_relevanssi_pin_keywords":"","_relevanssi_unpin_keywords":"","_relevanssi_related_keywords":"","_relevanssi_related_include_ids":"","_relevanssi_related_exclude_ids":"","_relevanssi_related_no_append":"","_relevanssi_related_not_related":"","_relevanssi_related_posts":"","_relevanssi_noindex_reason":"","footnotes":""},"class_list":["post-5309","page","type-page","status-publish","has-post-thumbnail","hentry"],"acf":[],"yoast_head":"<!-- This site is optimized with the Yoast SEO plugin v27.3 - https:\/\/yoast.com\/product\/yoast-seo-wordpress\/ -->\n<title>Servicevertrag - Brokk Deutschland<\/title>\n<meta name=\"robots\" content=\"index, follow, max-snippet:-1, max-image-preview:large, max-video-preview:-1\" \/>\n<link rel=\"canonical\" href=\"https:\/\/www.brokk.com\/de\/kundendienst\/servicevertrag-2\/\" \/>\n<meta property=\"og:locale\" content=\"de_DE\" \/>\n<meta property=\"og:type\" content=\"article\" \/>\n<meta property=\"og:title\" content=\"Servicevertrag - Brokk Deutschland\" \/>\n<meta property=\"og:description\" content=\"Der Brokk Uptime\u2122 Servicevertrag gibt Ihnen die Sicherheit, dass Ihre Brokk-Maschine immer in guten H\u00e4nden ist.\u00a0Mit geplanten Serviceterminen sorgen wir daf\u00fcr, dass Service und Wartung dann stattfinden, wenn es f\u00fcr Sie und Ihre Arbeit passt. Jeder Service wird von erfahrenen\u2026\" \/>\n<meta property=\"og:url\" content=\"https:\/\/www.brokk.com\/de\/kundendienst\/servicevertrag-2\/\" \/>\n<meta property=\"og:site_name\" content=\"Brokk Deutschland\" \/>\n<meta property=\"article:modified_time\" content=\"2019-02-05T15:29:24+00:00\" \/>\n<meta property=\"og:image\" content=\"https:\/\/www.brokk.com\/de\/uploads\/sites\/14\/2018\/03\/service-agreement_hero.jpg\" \/>\n\t<meta property=\"og:image:width\" content=\"2560\" \/>\n\t<meta property=\"og:image:height\" content=\"1096\" \/>\n\t<meta property=\"og:image:type\" content=\"image\/jpeg\" \/>\n<meta name=\"twitter:card\" content=\"summary_large_image\" \/>\n<script type=\"application\/ld+json\" class=\"yoast-schema-graph\">{\"@context\":\"https:\\\/\\\/schema.org\",\"@graph\":[{\"@type\":\"WebPage\",\"@id\":\"https:\\\/\\\/www.brokk.com\\\/de\\\/kundendienst\\\/servicevertrag-2\\\/\",\"url\":\"https:\\\/\\\/www.brokk.com\\\/de\\\/kundendienst\\\/servicevertrag-2\\\/\",\"name\":\"Servicevertrag - Brokk Deutschland\",\"isPartOf\":{\"@id\":\"https:\\\/\\\/www.brokk.com\\\/de\\\/#website\"},\"primaryImageOfPage\":{\"@id\":\"https:\\\/\\\/www.brokk.com\\\/de\\\/kundendienst\\\/servicevertrag-2\\\/#primaryimage\"},\"image\":{\"@id\":\"https:\\\/\\\/www.brokk.com\\\/de\\\/kundendienst\\\/servicevertrag-2\\\/#primaryimage\"},\"thumbnailUrl\":\"https:\\\/\\\/www.brokk.com\\\/de\\\/uploads\\\/sites\\\/14\\\/2018\\\/03\\\/service-agreement_hero.jpg\",\"datePublished\":\"2018-12-14T12:51:55+00:00\",\"dateModified\":\"2019-02-05T15:29:24+00:00\",\"breadcrumb\":{\"@id\":\"https:\\\/\\\/www.brokk.com\\\/de\\\/kundendienst\\\/servicevertrag-2\\\/#breadcrumb\"},\"inLanguage\":\"de\",\"potentialAction\":[{\"@type\":\"ReadAction\",\"target\":[\"https:\\\/\\\/www.brokk.com\\\/de\\\/kundendienst\\\/servicevertrag-2\\\/\"]}]},{\"@type\":\"ImageObject\",\"inLanguage\":\"de\",\"@id\":\"https:\\\/\\\/www.brokk.com\\\/de\\\/kundendienst\\\/servicevertrag-2\\\/#primaryimage\",\"url\":\"https:\\\/\\\/www.brokk.com\\\/de\\\/uploads\\\/sites\\\/14\\\/2018\\\/03\\\/service-agreement_hero.jpg\",\"contentUrl\":\"https:\\\/\\\/www.brokk.com\\\/de\\\/uploads\\\/sites\\\/14\\\/2018\\\/03\\\/service-agreement_hero.jpg\",\"width\":2560,\"height\":1096},{\"@type\":\"BreadcrumbList\",\"@id\":\"https:\\\/\\\/www.brokk.com\\\/de\\\/kundendienst\\\/servicevertrag-2\\\/#breadcrumb\",\"itemListElement\":[{\"@type\":\"ListItem\",\"position\":1,\"name\":\"Home\",\"item\":\"https:\\\/\\\/www.brokk.com\\\/de\\\/home\\\/\"},{\"@type\":\"ListItem\",\"position\":2,\"name\":\"Kundendienst\",\"item\":\"https:\\\/\\\/www.brokk.com\\\/de\\\/kundendienst\\\/\"},{\"@type\":\"ListItem\",\"position\":3,\"name\":\"Servicevertrag\"}]},{\"@type\":\"WebSite\",\"@id\":\"https:\\\/\\\/www.brokk.com\\\/de\\\/#website\",\"url\":\"https:\\\/\\\/www.brokk.com\\\/de\\\/\",\"name\":\"Brokk Deutschland\",\"description\":\"\",\"potentialAction\":[{\"@type\":\"SearchAction\",\"target\":{\"@type\":\"EntryPoint\",\"urlTemplate\":\"https:\\\/\\\/www.brokk.com\\\/de\\\/?s={search_term_string}\"},\"query-input\":{\"@type\":\"PropertyValueSpecification\",\"valueRequired\":true,\"valueName\":\"search_term_string\"}}],\"inLanguage\":\"de\"}]}<\/script>\n<!-- \/ Yoast SEO plugin. -->","yoast_head_json":{"title":"Servicevertrag - Brokk Deutschland","robots":{"index":"index","follow":"follow","max-snippet":"max-snippet:-1","max-image-preview":"max-image-preview:large","max-video-preview":"max-video-preview:-1"},"canonical":"https:\/\/www.brokk.com\/de\/kundendienst\/servicevertrag-2\/","og_locale":"de_DE","og_type":"article","og_title":"Servicevertrag - Brokk Deutschland","og_description":"Der Brokk Uptime\u2122 Servicevertrag gibt Ihnen die Sicherheit, dass Ihre Brokk-Maschine immer in guten H\u00e4nden ist.\u00a0Mit geplanten Serviceterminen sorgen wir daf\u00fcr, dass Service und Wartung dann stattfinden, wenn es f\u00fcr Sie und Ihre Arbeit passt. Jeder Service wird von erfahrenen\u2026","og_url":"https:\/\/www.brokk.com\/de\/kundendienst\/servicevertrag-2\/","og_site_name":"Brokk Deutschland","article_modified_time":"2019-02-05T15:29:24+00:00","og_image":[{"width":2560,"height":1096,"url":"https:\/\/www.brokk.com\/de\/uploads\/sites\/14\/2018\/03\/service-agreement_hero.jpg","type":"image\/jpeg"}],"twitter_card":"summary_large_image","schema":{"@context":"https:\/\/schema.org","@graph":[{"@type":"WebPage","@id":"https:\/\/www.brokk.com\/de\/kundendienst\/servicevertrag-2\/","url":"https:\/\/www.brokk.com\/de\/kundendienst\/servicevertrag-2\/","name":"Servicevertrag - Brokk Deutschland","isPartOf":{"@id":"https:\/\/www.brokk.com\/de\/#website"},"primaryImageOfPage":{"@id":"https:\/\/www.brokk.com\/de\/kundendienst\/servicevertrag-2\/#primaryimage"},"image":{"@id":"https:\/\/www.brokk.com\/de\/kundendienst\/servicevertrag-2\/#primaryimage"},"thumbnailUrl":"https:\/\/www.brokk.com\/de\/uploads\/sites\/14\/2018\/03\/service-agreement_hero.jpg","datePublished":"2018-12-14T12:51:55+00:00","dateModified":"2019-02-05T15:29:24+00:00","breadcrumb":{"@id":"https:\/\/www.brokk.com\/de\/kundendienst\/servicevertrag-2\/#breadcrumb"},"inLanguage":"de","potentialAction":[{"@type":"ReadAction","target":["https:\/\/www.brokk.com\/de\/kundendienst\/servicevertrag-2\/"]}]},{"@type":"ImageObject","inLanguage":"de","@id":"https:\/\/www.brokk.com\/de\/kundendienst\/servicevertrag-2\/#primaryimage","url":"https:\/\/www.brokk.com\/de\/uploads\/sites\/14\/2018\/03\/service-agreement_hero.jpg","contentUrl":"https:\/\/www.brokk.com\/de\/uploads\/sites\/14\/2018\/03\/service-agreement_hero.jpg","width":2560,"height":1096},{"@type":"BreadcrumbList","@id":"https:\/\/www.brokk.com\/de\/kundendienst\/servicevertrag-2\/#breadcrumb","itemListElement":[{"@type":"ListItem","position":1,"name":"Home","item":"https:\/\/www.brokk.com\/de\/home\/"},{"@type":"ListItem","position":2,"name":"Kundendienst","item":"https:\/\/www.brokk.com\/de\/kundendienst\/"},{"@type":"ListItem","position":3,"name":"Servicevertrag"}]},{"@type":"WebSite","@id":"https:\/\/www.brokk.com\/de\/#website","url":"https:\/\/www.brokk.com\/de\/","name":"Brokk Deutschland","description":"","potentialAction":[{"@type":"SearchAction","target":{"@type":"EntryPoint","urlTemplate":"https:\/\/www.brokk.com\/de\/?s={search_term_string}"},"query-input":{"@type":"PropertyValueSpecification","valueRequired":true,"valueName":"search_term_string"}}],"inLanguage":"de"}]}},"_links":{"self":[{"href":"https:\/\/www.brokk.com\/de\/wp-json\/wp\/v2\/pages\/5309","targetHints":{"allow":["GET"]}}],"collection":[{"href":"https:\/\/www.brokk.com\/de\/wp-json\/wp\/v2\/pages"}],"about":[{"href":"https:\/\/www.brokk.com\/de\/wp-json\/wp\/v2\/types\/page"}],"author":[{"embeddable":true,"href":"https:\/\/www.brokk.com\/de\/wp-json\/wp\/v2\/users\/2"}],"replies":[{"embeddable":true,"href":"https:\/\/www.brokk.com\/de\/wp-json\/wp\/v2\/comments?post=5309"}],"version-history":[{"count":6,"href":"https:\/\/www.brokk.com\/de\/wp-json\/wp\/v2\/pages\/5309\/revisions"}],"predecessor-version":[{"id":5779,"href":"https:\/\/www.brokk.com\/de\/wp-json\/wp\/v2\/pages\/5309\/revisions\/5779"}],"up":[{"embeddable":true,"href":"https:\/\/www.brokk.com\/de\/wp-json\/wp\/v2\/pages\/4948"}],"wp:featuredmedia":[{"embeddable":true,"href":"https:\/\/www.brokk.com\/de\/wp-json\/wp\/v2\/media\/4952"}],"wp:attachment":[{"href":"https:\/\/www.brokk.com\/de\/wp-json\/wp\/v2\/media?parent=5309"}],"curies":[{"name":"wp","href":"https:\/\/api.w.org\/{rel}","templated":true}]}}