{"id":6046,"date":"2020-01-27T08:18:09","date_gmt":"2020-01-27T07:18:09","guid":{"rendered":"https:\/\/www.brokk.com\/de\/?page_id=6046"},"modified":"2026-03-30T17:17:13","modified_gmt":"2026-03-30T16:17:13","slug":"impressum","status":"publish","type":"page","link":"https:\/\/www.brokk.com\/de\/impressum\/","title":{"rendered":"IMPRESSUM"},"content":{"rendered":"<p><strong>BROKK DA GmbH<\/strong><\/p>\n<p>&nbsp;<\/p>\n<p><strong>Friedenweilerstr. 37 C<\/strong><\/p>\n<p><strong>D-79877 Friedenweiler<\/strong><\/p>\n<p><strong>Tel. +49 7654 21297-0<\/strong><\/p>\n<p><strong>Internet: https:\/\/www.brokk.com\/de<\/strong><\/p>\n<p><strong>E-Mail: info@brokk.de<\/strong><\/p>\n<p>&nbsp;<\/p>\n<p>Gesch\u00e4ftsf\u00fchrer: Andreas Ruf<\/p>\n<p>Sitz der Gesellschaft: 79877 Friedenweiler\/R\u00f6tenbach<\/p>\n<p>Registergericht: Freiburg<\/p>\n<p>Handelsregister-Nr.: HRB 720 979<\/p>\n<p>Steuernummer: <strong>07003\/75658 <\/strong><\/p>\n<p>Umsatzsteuer-Identifikationsnummer gem\u00e4\u00df \u00a727 a Umsatzsteuergesetz: DE326601677<\/p>\n<p>Inhaltlich Verantwortlicher gem\u00e4\u00df \u00a7 55 RStV: Andreas Ruf<\/p>\n<p>Allgemeine Gesch\u00e4ftsbedingungen: <a href=\"http:\/\/Brokk.com\/de\/uploads\/2020\/01\/brokk-da-gmbh_agb_2001docx.pdf\"><span style=\"font-family: 'Open Sans',sans-serif;font-size: medium\">brokk da gmbh_agb<\/span><\/a><\/p>\n<p>&nbsp;<\/p>\n<p>Haftungsausschluss:<\/p>\n<p>Auf dieser Website befinden sich Hyperlinks zu Websites anderer Anbieter. Die Brokk DA GmbH \u00fcbernimmt keine Gew\u00e4hr oder Haftung f\u00fcr eventuell rechtswidrige Inhalte oder sonstige Rechtsverletzungen auf Websites fremder Anbieter. Diese Erkl\u00e4rung gilt f\u00fcr alle in unserer Website enthaltenen Links.<\/p>\n<p>&nbsp;<\/p>\n<p>Die Informationen auf dieser Website wurden mit gr\u00f6\u00dfter Sorgfalt zusammengestellt und \u00fcberpr\u00fcft. Dennoch k\u00f6nnen wir f\u00fcr ihre Aktualit\u00e4t, Richtigkeit, Vollst\u00e4ndigkeit und\/oder Qualit\u00e4t keinerlei Verantwortung \u00fcbernehmen.<\/p>\n<p>&nbsp;<\/p>\n<p>Die Benutzung dieser Website und das Herunterladen von Daten erfolgt auf eigene Gefahr. Die BROKK DA GmbH \u00fcbernimmt keine Verantwortung f\u00fcr hieraus entstehende Sch\u00e4den, insbesondere an Datenbest\u00e4nden, Hard- und\/oder Software des Benutzers.<\/p>\n<p>&nbsp;<\/p>\n<p>Plattform der EU-Kommission zur Online-Streitbeilegung: <a href=\"http:\/\/www.ec.europa.eu\/consumers\/odr\">www.ec.europa.eu\/consumers\/odr<\/a><\/p>\n<p>Wir sind zur Teilnahme an einem Streitbeilegungsverfahren vor einer Verbraucherschlichtungsstelle weder verpflichtet noch bereit.<\/p>\n","protected":false},"excerpt":{"rendered":"<p>BROKK DA GmbH &nbsp; Friedenweilerstr. 37 C D-79877 Friedenweiler Tel. +49 7654 21297-0 Internet: https:\/\/www.brokk.com\/de E-Mail: info@brokk.de &nbsp; Gesch\u00e4ftsf\u00fchrer: Andreas Ruf Sitz der Gesellschaft: 79877 Friedenweiler\/R\u00f6tenbach Registergericht: Freiburg Handelsregister-Nr.: HRB 720 979 Steuernummer: 07003\/75658 Umsatzsteuer-Identifikationsnummer gem\u00e4\u00df \u00a727 a Umsatzsteuergesetz: DE326601677\u2026<\/p>\n","protected":false},"author":36,"featured_media":0,"parent":0,"menu_order":42,"comment_status":"closed","ping_status":"closed","template":"","meta":{"_acf_changed":false,"_relevanssi_hide_post":"","_relevanssi_hide_content":"","_relevanssi_pin_for_all":"","_relevanssi_pin_keywords":"","_relevanssi_unpin_keywords":"","_relevanssi_related_keywords":"","_relevanssi_related_include_ids":"","_relevanssi_related_exclude_ids":"","_relevanssi_related_no_append":"","_relevanssi_related_not_related":"","_relevanssi_related_posts":"","_relevanssi_noindex_reason":"","footnotes":""},"class_list":["post-6046","page","type-page","status-publish","hentry"],"acf":[],"yoast_head":"<!-- This site is optimized with the Yoast SEO plugin v27.3 - https:\/\/yoast.com\/product\/yoast-seo-wordpress\/ -->\n<title>IMPRESSUM - Brokk Deutschland<\/title>\n<meta name=\"robots\" content=\"index, follow, max-snippet:-1, max-image-preview:large, max-video-preview:-1\" \/>\n<link rel=\"canonical\" href=\"https:\/\/www.brokk.com\/de\/impressum\/\" \/>\n<meta property=\"og:locale\" content=\"de_DE\" \/>\n<meta property=\"og:type\" content=\"article\" \/>\n<meta property=\"og:title\" content=\"IMPRESSUM - Brokk Deutschland\" \/>\n<meta property=\"og:description\" content=\"BROKK DA GmbH &nbsp; Friedenweilerstr. 37 C D-79877 Friedenweiler Tel. +49 7654 21297-0 Internet: https:\/\/www.brokk.com\/de E-Mail: info@brokk.de &nbsp; Gesch\u00e4ftsf\u00fchrer: Andreas Ruf Sitz der Gesellschaft: 79877 Friedenweiler\/R\u00f6tenbach Registergericht: Freiburg Handelsregister-Nr.: HRB 720 979 Steuernummer: 07003\/75658 Umsatzsteuer-Identifikationsnummer gem\u00e4\u00df \u00a727 a Umsatzsteuergesetz: DE326601677\u2026\" \/>\n<meta property=\"og:url\" content=\"https:\/\/www.brokk.com\/de\/impressum\/\" \/>\n<meta property=\"og:site_name\" content=\"Brokk Deutschland\" \/>\n<meta property=\"article:modified_time\" content=\"2026-03-30T16:17:13+00:00\" \/>\n<meta name=\"twitter:card\" content=\"summary_large_image\" \/>\n<meta name=\"twitter:label1\" content=\"Gesch\u00e4tzte Lesezeit\" \/>\n\t<meta name=\"twitter:data1\" content=\"1\u00a0Minute\" \/>\n<script type=\"application\/ld+json\" class=\"yoast-schema-graph\">{\"@context\":\"https:\\\/\\\/schema.org\",\"@graph\":[{\"@type\":\"WebPage\",\"@id\":\"https:\\\/\\\/www.brokk.com\\\/de\\\/impressum\\\/\",\"url\":\"https:\\\/\\\/www.brokk.com\\\/de\\\/impressum\\\/\",\"name\":\"IMPRESSUM - Brokk Deutschland\",\"isPartOf\":{\"@id\":\"https:\\\/\\\/www.brokk.com\\\/de\\\/#website\"},\"datePublished\":\"2020-01-27T07:18:09+00:00\",\"dateModified\":\"2026-03-30T16:17:13+00:00\",\"breadcrumb\":{\"@id\":\"https:\\\/\\\/www.brokk.com\\\/de\\\/impressum\\\/#breadcrumb\"},\"inLanguage\":\"de\",\"potentialAction\":[{\"@type\":\"ReadAction\",\"target\":[\"https:\\\/\\\/www.brokk.com\\\/de\\\/impressum\\\/\"]}]},{\"@type\":\"BreadcrumbList\",\"@id\":\"https:\\\/\\\/www.brokk.com\\\/de\\\/impressum\\\/#breadcrumb\",\"itemListElement\":[{\"@type\":\"ListItem\",\"position\":1,\"name\":\"Home\",\"item\":\"https:\\\/\\\/www.brokk.com\\\/de\\\/home\\\/\"},{\"@type\":\"ListItem\",\"position\":2,\"name\":\"IMPRESSUM\"}]},{\"@type\":\"WebSite\",\"@id\":\"https:\\\/\\\/www.brokk.com\\\/de\\\/#website\",\"url\":\"https:\\\/\\\/www.brokk.com\\\/de\\\/\",\"name\":\"Brokk Deutschland\",\"description\":\"\",\"potentialAction\":[{\"@type\":\"SearchAction\",\"target\":{\"@type\":\"EntryPoint\",\"urlTemplate\":\"https:\\\/\\\/www.brokk.com\\\/de\\\/?s={search_term_string}\"},\"query-input\":{\"@type\":\"PropertyValueSpecification\",\"valueRequired\":true,\"valueName\":\"search_term_string\"}}],\"inLanguage\":\"de\"}]}<\/script>\n<!-- \/ Yoast SEO plugin. -->","yoast_head_json":{"title":"IMPRESSUM - Brokk Deutschland","robots":{"index":"index","follow":"follow","max-snippet":"max-snippet:-1","max-image-preview":"max-image-preview:large","max-video-preview":"max-video-preview:-1"},"canonical":"https:\/\/www.brokk.com\/de\/impressum\/","og_locale":"de_DE","og_type":"article","og_title":"IMPRESSUM - Brokk Deutschland","og_description":"BROKK DA GmbH &nbsp; Friedenweilerstr. 37 C D-79877 Friedenweiler Tel. +49 7654 21297-0 Internet: https:\/\/www.brokk.com\/de E-Mail: info@brokk.de &nbsp; Gesch\u00e4ftsf\u00fchrer: Andreas Ruf Sitz der Gesellschaft: 79877 Friedenweiler\/R\u00f6tenbach Registergericht: Freiburg Handelsregister-Nr.: HRB 720 979 Steuernummer: 07003\/75658 Umsatzsteuer-Identifikationsnummer gem\u00e4\u00df \u00a727 a Umsatzsteuergesetz: DE326601677\u2026","og_url":"https:\/\/www.brokk.com\/de\/impressum\/","og_site_name":"Brokk Deutschland","article_modified_time":"2026-03-30T16:17:13+00:00","twitter_card":"summary_large_image","twitter_misc":{"Gesch\u00e4tzte Lesezeit":"1\u00a0Minute"},"schema":{"@context":"https:\/\/schema.org","@graph":[{"@type":"WebPage","@id":"https:\/\/www.brokk.com\/de\/impressum\/","url":"https:\/\/www.brokk.com\/de\/impressum\/","name":"IMPRESSUM - Brokk Deutschland","isPartOf":{"@id":"https:\/\/www.brokk.com\/de\/#website"},"datePublished":"2020-01-27T07:18:09+00:00","dateModified":"2026-03-30T16:17:13+00:00","breadcrumb":{"@id":"https:\/\/www.brokk.com\/de\/impressum\/#breadcrumb"},"inLanguage":"de","potentialAction":[{"@type":"ReadAction","target":["https:\/\/www.brokk.com\/de\/impressum\/"]}]},{"@type":"BreadcrumbList","@id":"https:\/\/www.brokk.com\/de\/impressum\/#breadcrumb","itemListElement":[{"@type":"ListItem","position":1,"name":"Home","item":"https:\/\/www.brokk.com\/de\/home\/"},{"@type":"ListItem","position":2,"name":"IMPRESSUM"}]},{"@type":"WebSite","@id":"https:\/\/www.brokk.com\/de\/#website","url":"https:\/\/www.brokk.com\/de\/","name":"Brokk Deutschland","description":"","potentialAction":[{"@type":"SearchAction","target":{"@type":"EntryPoint","urlTemplate":"https:\/\/www.brokk.com\/de\/?s={search_term_string}"},"query-input":{"@type":"PropertyValueSpecification","valueRequired":true,"valueName":"search_term_string"}}],"inLanguage":"de"}]}},"_links":{"self":[{"href":"https:\/\/www.brokk.com\/de\/wp-json\/wp\/v2\/pages\/6046","targetHints":{"allow":["GET"]}}],"collection":[{"href":"https:\/\/www.brokk.com\/de\/wp-json\/wp\/v2\/pages"}],"about":[{"href":"https:\/\/www.brokk.com\/de\/wp-json\/wp\/v2\/types\/page"}],"author":[{"embeddable":true,"href":"https:\/\/www.brokk.com\/de\/wp-json\/wp\/v2\/users\/36"}],"replies":[{"embeddable":true,"href":"https:\/\/www.brokk.com\/de\/wp-json\/wp\/v2\/comments?post=6046"}],"version-history":[{"count":9,"href":"https:\/\/www.brokk.com\/de\/wp-json\/wp\/v2\/pages\/6046\/revisions"}],"predecessor-version":[{"id":8254,"href":"https:\/\/www.brokk.com\/de\/wp-json\/wp\/v2\/pages\/6046\/revisions\/8254"}],"wp:attachment":[{"href":"https:\/\/www.brokk.com\/de\/wp-json\/wp\/v2\/media?parent=6046"}],"curies":[{"name":"wp","href":"https:\/\/api.w.org\/{rel}","templated":true}]}}