{"id":6289,"date":"2021-01-21T13:42:55","date_gmt":"2021-01-21T12:42:55","guid":{"rendered":"https:\/\/www.brokk.com\/de\/?page_id=6289"},"modified":"2022-01-28T12:49:45","modified_gmt":"2022-01-28T11:49:45","slug":"brokk-connect","status":"publish","type":"page","link":"https:\/\/www.brokk.com\/de\/brokk-connect\/","title":{"rendered":"Brokk Connect"},"content":{"rendered":"<p><strong>Die Online Plattform wurde entwickelt, um alle verbundenen Brokk Abbruch-Roboter abzubilden und so <\/strong><strong>eine bessere Kontrolle \u00fcber die Maschinen zu bekommen. Die Software macht es m\u00f6glich, die gesamte Maschinenflotte zu lokalisieren und sie hinsichtlich Nutzungsgrad, anstehenden Wartungsarbeiten etc. optimal zu managen \u2013 und das rund um die Uhr. Ganz egal, ob Ihr Ziel darin besteht, Ihr Gesch\u00e4ft auszubauen oder Ihre Flotte zu optimieren \u2013 Brokk Connect ist die Basis daf\u00fcr, Kontrolle zu \u00fcbernehmen.<\/strong><\/p>\n<p><strong><img loading=\"lazy\" decoding=\"async\" class=\"alignright wp-image-6639 size-large\" src=\"https:\/\/www.brokk.com\/de\/uploads\/sites\/14\/2021\/11\/brokk_connect_units.jpg\" alt=\"\" width=\"1024\" height=\"682\" srcset=\"https:\/\/www.brokk.com\/de\/uploads\/sites\/14\/2021\/11\/brokk_connect_units.jpg 1440w, https:\/\/www.brokk.com\/de\/uploads\/sites\/14\/2021\/11\/brokk_connect_units-720x480.jpg 720w, https:\/\/www.brokk.com\/de\/uploads\/sites\/14\/2021\/11\/brokk_connect_units-1280x853.jpg 1280w, https:\/\/www.brokk.com\/de\/uploads\/sites\/14\/2021\/11\/brokk_connect_units-420x280.jpg 420w, https:\/\/www.brokk.com\/de\/uploads\/sites\/14\/2021\/11\/brokk_connect_units-768x512.jpg 768w, https:\/\/www.brokk.com\/de\/uploads\/sites\/14\/2021\/11\/brokk_connect_units-480x320.jpg 480w, https:\/\/www.brokk.com\/de\/uploads\/sites\/14\/2021\/11\/brokk_connect_units-48x32.jpg 48w\" sizes=\"auto, (max-width: 1024px) 100vw, 1024px\" \/><\/strong><\/p>\n<p><strong>Zugriffsinformationen<\/strong><\/p>\n<p>Mehr Informationen rund um Ihre Maschine in Echtzeit! Auf unserer Plattform k\u00f6nnen Sie eine Vielzahl von Informationen abrufen, die Ihnen bei Ihren Entscheidungen helfen k\u00f6nnen. Daten wie Werkzeug- und Betriebszeiten, Standort, aktuelle Statusmeldungen oder Servicehinweise k\u00f6nnen jederzeit abgerufen werden und so die Produktivit\u00e4t Ihrer Maschine erh\u00f6hen.<\/p>\n<p>&nbsp;<\/p>\n<p><strong>Auswerten &amp; Verwalten<\/strong><\/p>\n<p>Die richtige Information zur rechten Zeit erm\u00f6glicht rechtzeitig einzugreifen. Durch die Datenanalyse k\u00f6nnen Sie Ihre Abl\u00e4ufe optimieren, was eine maximierte Nutzung und erh\u00f6hte Produktivit\u00e4t mit sich bringt \u2013 basiert auf Echtzeiten! Brokk Connect liefert die Basis die Maschinenflotte optimal verwalten und einsetzen zu k\u00f6nnen.<\/p>\n<p>&nbsp;<\/p>\n<p><strong>Einfach &amp; bequem<\/strong><\/p>\n<p>\u00dcberlassen Sie Brokk den Service Ihrer Maschinen und gewinnen Sie so Zeit f\u00fcr Ihre eigentliche Arbeit. Treffen Sie eine Servicevereinbarung mit Ihrem Brokk Partner \u2013 so sind die Maschinen immer f\u00fcr den n\u00e4chsten Einsatz ger\u00fcstet. Wir gew\u00e4hrleisten einen fachm\u00e4nnischen Service und verl\u00e4ngern so die Nutzungsdauer Ihrer Maschinen. Dies sichert Ihre Investition langfristig ab.<\/p>\n<p>&nbsp;<\/p>\n<h3><strong>Funktionen<\/strong><\/h3>\n<p>Brokk Connect bietet eine Reihe an Funktionen und Nutzungsm\u00f6glichkeiten. Finden Sie heraus, von welchen Sie am meisten profitieren k\u00f6nnen.<\/p>\n<h4><strong>Aktivit\u00e4t<\/strong><\/h4>\n<p>Ermitteln Sie den aktuellen Status Ihrer Roboter und rufen Sie Daten wie Arbeits- und Standzeiten oder Fahrwege ab.<\/p>\n<h4><strong>Messwerte<\/strong><\/h4>\n<p>Finden Sie alle notwendigen Daten \u00fcber den Zustand Ihrer Maschinen heraus, so z. B. \u00d6ldruck und Temperaturen. Ermitteln Sie die Gesamtbetriebsstunden der Roboter oder filtern Sie nach Woche, Tag oder Stunde.<\/p>\n<h4><strong>Instandhaltung<\/strong><\/h4>\n<p>Planen Sie Ihre Servicezeiten und erhalten Sie einen kompletten \u00dcberblick \u00fcber die Service-Historie und maximieren Sie so Ihre Produktivit\u00e4t. Stellen Sie sicher, dass Sie keine Wartung verpassen, indem Sie individuelle Benachrichtigungen festlegen. Oder aber, Sie \u00fcbertragen uns die Instandhaltung \u00fcber einen Wartungsvertrag.<\/p>\n<h4><strong>Alarmsystem<\/strong><\/h4>\n<p>Sie k\u00f6nnen direkt vor Ort auf Alarmmeldungen reagieren oder durch Unterst\u00fctzung eines Servicepartners auch \u00fcber Fernwartung. Die Benachrichtigungen stellen sicher, dass Sie bei Bedarf rechtzeitig handeln und geben Ihnen die M\u00f6glichkeit, proaktiv zu arbeiten.<\/p>\n<h4><strong>Ortung<\/strong><\/h4>\n<p>Verfolgen und \u00fcberwachen Sie den Standort Ihrer Roboter in Echtzeit sowie den Standortverlauf und auch vergangene Aktivit\u00e4ten. Wenn Sie die Option \u201eGeofencing\u201c w\u00e4hlen, werden Sie informiert, wenn die Maschine eine definierte Arbeitsregion verl\u00e4sst. Im Falle eines Diebstahls oder einer unerlaubten Nutzung kann der Roboter aus der Ferne abgeschaltet werden.<\/p>\n<ul>\n<li>Flotten\u00fcbersicht<\/li>\n<li>Wochenberichte<\/li>\n<li>Modell und Seriennummer<\/li>\n<li>Metrische oder imperische Messgr\u00f6ssen ( z.B. \u00b0C oder \u00b0 F)<\/li>\n<li>Massgeschneiderte Anzeigen\u00fcbersicht<\/li>\n<\/ul>\n<p>u. v. m.<\/p>\n<p><strong> <img loading=\"lazy\" decoding=\"async\" class=\"alignnone wp-image-6642 size-full\" src=\"https:\/\/www.brokk.com\/de\/uploads\/sites\/14\/2021\/11\/brokk_connect_geofencing.gif\" alt=\"\" width=\"2102\" height=\"1603\" \/><\/strong><\/p>\n<h4><strong>Entwickelt f\u00fcr Sie<\/strong><\/h4>\n<p>F\u00fcr uns ist dies die n\u00e4chste Stufe im Service. Ein Schritt in Richtung einer noch besseren Arbeitsweise. Wir sind stolz, Ihnen eine komplett ma\u00dfgeschneiderte Plattform anbieten zu k\u00f6nnen \u2013 von uns, f\u00fcr Sie! \u00a0Es stehen unbegrenzte Expansionsperspektiven offen und wir wissen, dass dies erst der Anfang weiterer Entwicklungen in die richtige Richtung ist.<\/p>\n<p>Wir bieten Brokk Connect in fast allen L\u00e4ndern an. Fragen Sie Ihren lokalen Brokk Partner nach der Verf\u00fcgbarkeit.<\/p>\n<p>&nbsp;<\/p>\n<p>Laden Sie die Brosch\u00fcre Brokk Connect\u00a0<a href=\"https:\/\/www.brokk.com\/de\/uploads\/sites\/14\/2022\/01\/brokk_connect_de_revb.pdf\">HIER<\/a>\u00a0herunter.<\/p>\n<p>Lesen Sie hier die <a href=\"https:\/\/www.brokk.com\/de\/press-release\/brokk-announces-brokk-connect\/\">Pressemitteilung<\/a>.<\/p>\n<p>&nbsp;<\/p>\n<p>&nbsp;<\/p>\n","protected":false},"excerpt":{"rendered":"<p>Brokk Connect is your entryway to more profitable business and increased Uptime!<\/p>\n","protected":false},"author":36,"featured_media":6637,"parent":0,"menu_order":41,"comment_status":"closed","ping_status":"closed","template":"page-templates\/landing.php","meta":{"_acf_changed":false,"_relevanssi_hide_post":"","_relevanssi_hide_content":"","_relevanssi_pin_for_all":"","_relevanssi_pin_keywords":"","_relevanssi_unpin_keywords":"","_relevanssi_related_keywords":"","_relevanssi_related_include_ids":"","_relevanssi_related_exclude_ids":"","_relevanssi_related_no_append":"","_relevanssi_related_not_related":"","_relevanssi_related_posts":"","_relevanssi_noindex_reason":"","footnotes":""},"class_list":["post-6289","page","type-page","status-publish","has-post-thumbnail","hentry"],"acf":[],"yoast_head":"<!-- This site is optimized with the Yoast SEO plugin v27.3 - https:\/\/yoast.com\/product\/yoast-seo-wordpress\/ -->\n<title>Brokk Connect - Brokk Deutschland<\/title>\n<meta name=\"robots\" content=\"index, follow, max-snippet:-1, max-image-preview:large, max-video-preview:-1\" \/>\n<link rel=\"canonical\" href=\"https:\/\/www.brokk.com\/de\/brokk-connect\/\" \/>\n<meta property=\"og:locale\" content=\"de_DE\" \/>\n<meta property=\"og:type\" content=\"article\" \/>\n<meta property=\"og:title\" content=\"Brokk Connect - Brokk Deutschland\" \/>\n<meta property=\"og:description\" content=\"Brokk Connect is your entryway to more profitable business and increased Uptime!\" \/>\n<meta property=\"og:url\" content=\"https:\/\/www.brokk.com\/de\/brokk-connect\/\" \/>\n<meta property=\"og:site_name\" content=\"Brokk Deutschland\" \/>\n<meta property=\"article:modified_time\" content=\"2022-01-28T11:49:45+00:00\" \/>\n<meta property=\"og:image\" content=\"https:\/\/www.brokk.com\/de\/uploads\/sites\/14\/2021\/11\/brokk_connect_v2.jpg\" \/>\n\t<meta property=\"og:image:width\" content=\"2560\" \/>\n\t<meta property=\"og:image:height\" content=\"1096\" \/>\n\t<meta property=\"og:image:type\" content=\"image\/jpeg\" \/>\n<meta name=\"twitter:card\" content=\"summary_large_image\" \/>\n<meta name=\"twitter:label1\" content=\"Gesch\u00e4tzte Lesezeit\" \/>\n\t<meta name=\"twitter:data1\" content=\"3\u00a0Minute\" \/>\n<script type=\"application\/ld+json\" class=\"yoast-schema-graph\">{\"@context\":\"https:\\\/\\\/schema.org\",\"@graph\":[{\"@type\":\"WebPage\",\"@id\":\"https:\\\/\\\/www.brokk.com\\\/de\\\/brokk-connect\\\/\",\"url\":\"https:\\\/\\\/www.brokk.com\\\/de\\\/brokk-connect\\\/\",\"name\":\"Brokk Connect - Brokk Deutschland\",\"isPartOf\":{\"@id\":\"https:\\\/\\\/www.brokk.com\\\/de\\\/#website\"},\"primaryImageOfPage\":{\"@id\":\"https:\\\/\\\/www.brokk.com\\\/de\\\/brokk-connect\\\/#primaryimage\"},\"image\":{\"@id\":\"https:\\\/\\\/www.brokk.com\\\/de\\\/brokk-connect\\\/#primaryimage\"},\"thumbnailUrl\":\"https:\\\/\\\/www.brokk.com\\\/de\\\/uploads\\\/sites\\\/14\\\/2021\\\/11\\\/brokk_connect_v2.jpg\",\"datePublished\":\"2021-01-21T12:42:55+00:00\",\"dateModified\":\"2022-01-28T11:49:45+00:00\",\"breadcrumb\":{\"@id\":\"https:\\\/\\\/www.brokk.com\\\/de\\\/brokk-connect\\\/#breadcrumb\"},\"inLanguage\":\"de\",\"potentialAction\":[{\"@type\":\"ReadAction\",\"target\":[\"https:\\\/\\\/www.brokk.com\\\/de\\\/brokk-connect\\\/\"]}]},{\"@type\":\"ImageObject\",\"inLanguage\":\"de\",\"@id\":\"https:\\\/\\\/www.brokk.com\\\/de\\\/brokk-connect\\\/#primaryimage\",\"url\":\"https:\\\/\\\/www.brokk.com\\\/de\\\/uploads\\\/sites\\\/14\\\/2021\\\/11\\\/brokk_connect_v2.jpg\",\"contentUrl\":\"https:\\\/\\\/www.brokk.com\\\/de\\\/uploads\\\/sites\\\/14\\\/2021\\\/11\\\/brokk_connect_v2.jpg\",\"width\":2560,\"height\":1096},{\"@type\":\"BreadcrumbList\",\"@id\":\"https:\\\/\\\/www.brokk.com\\\/de\\\/brokk-connect\\\/#breadcrumb\",\"itemListElement\":[{\"@type\":\"ListItem\",\"position\":1,\"name\":\"Home\",\"item\":\"https:\\\/\\\/www.brokk.com\\\/de\\\/home\\\/\"},{\"@type\":\"ListItem\",\"position\":2,\"name\":\"Brokk Connect\"}]},{\"@type\":\"WebSite\",\"@id\":\"https:\\\/\\\/www.brokk.com\\\/de\\\/#website\",\"url\":\"https:\\\/\\\/www.brokk.com\\\/de\\\/\",\"name\":\"Brokk Deutschland\",\"description\":\"\",\"potentialAction\":[{\"@type\":\"SearchAction\",\"target\":{\"@type\":\"EntryPoint\",\"urlTemplate\":\"https:\\\/\\\/www.brokk.com\\\/de\\\/?s={search_term_string}\"},\"query-input\":{\"@type\":\"PropertyValueSpecification\",\"valueRequired\":true,\"valueName\":\"search_term_string\"}}],\"inLanguage\":\"de\"}]}<\/script>\n<!-- \/ Yoast SEO plugin. -->","yoast_head_json":{"title":"Brokk Connect - Brokk Deutschland","robots":{"index":"index","follow":"follow","max-snippet":"max-snippet:-1","max-image-preview":"max-image-preview:large","max-video-preview":"max-video-preview:-1"},"canonical":"https:\/\/www.brokk.com\/de\/brokk-connect\/","og_locale":"de_DE","og_type":"article","og_title":"Brokk Connect - Brokk Deutschland","og_description":"Brokk Connect is your entryway to more profitable business and increased Uptime!","og_url":"https:\/\/www.brokk.com\/de\/brokk-connect\/","og_site_name":"Brokk Deutschland","article_modified_time":"2022-01-28T11:49:45+00:00","og_image":[{"width":2560,"height":1096,"url":"https:\/\/www.brokk.com\/de\/uploads\/sites\/14\/2021\/11\/brokk_connect_v2.jpg","type":"image\/jpeg"}],"twitter_card":"summary_large_image","twitter_misc":{"Gesch\u00e4tzte Lesezeit":"3\u00a0Minute"},"schema":{"@context":"https:\/\/schema.org","@graph":[{"@type":"WebPage","@id":"https:\/\/www.brokk.com\/de\/brokk-connect\/","url":"https:\/\/www.brokk.com\/de\/brokk-connect\/","name":"Brokk Connect - Brokk Deutschland","isPartOf":{"@id":"https:\/\/www.brokk.com\/de\/#website"},"primaryImageOfPage":{"@id":"https:\/\/www.brokk.com\/de\/brokk-connect\/#primaryimage"},"image":{"@id":"https:\/\/www.brokk.com\/de\/brokk-connect\/#primaryimage"},"thumbnailUrl":"https:\/\/www.brokk.com\/de\/uploads\/sites\/14\/2021\/11\/brokk_connect_v2.jpg","datePublished":"2021-01-21T12:42:55+00:00","dateModified":"2022-01-28T11:49:45+00:00","breadcrumb":{"@id":"https:\/\/www.brokk.com\/de\/brokk-connect\/#breadcrumb"},"inLanguage":"de","potentialAction":[{"@type":"ReadAction","target":["https:\/\/www.brokk.com\/de\/brokk-connect\/"]}]},{"@type":"ImageObject","inLanguage":"de","@id":"https:\/\/www.brokk.com\/de\/brokk-connect\/#primaryimage","url":"https:\/\/www.brokk.com\/de\/uploads\/sites\/14\/2021\/11\/brokk_connect_v2.jpg","contentUrl":"https:\/\/www.brokk.com\/de\/uploads\/sites\/14\/2021\/11\/brokk_connect_v2.jpg","width":2560,"height":1096},{"@type":"BreadcrumbList","@id":"https:\/\/www.brokk.com\/de\/brokk-connect\/#breadcrumb","itemListElement":[{"@type":"ListItem","position":1,"name":"Home","item":"https:\/\/www.brokk.com\/de\/home\/"},{"@type":"ListItem","position":2,"name":"Brokk Connect"}]},{"@type":"WebSite","@id":"https:\/\/www.brokk.com\/de\/#website","url":"https:\/\/www.brokk.com\/de\/","name":"Brokk Deutschland","description":"","potentialAction":[{"@type":"SearchAction","target":{"@type":"EntryPoint","urlTemplate":"https:\/\/www.brokk.com\/de\/?s={search_term_string}"},"query-input":{"@type":"PropertyValueSpecification","valueRequired":true,"valueName":"search_term_string"}}],"inLanguage":"de"}]}},"_links":{"self":[{"href":"https:\/\/www.brokk.com\/de\/wp-json\/wp\/v2\/pages\/6289","targetHints":{"allow":["GET"]}}],"collection":[{"href":"https:\/\/www.brokk.com\/de\/wp-json\/wp\/v2\/pages"}],"about":[{"href":"https:\/\/www.brokk.com\/de\/wp-json\/wp\/v2\/types\/page"}],"author":[{"embeddable":true,"href":"https:\/\/www.brokk.com\/de\/wp-json\/wp\/v2\/users\/36"}],"replies":[{"embeddable":true,"href":"https:\/\/www.brokk.com\/de\/wp-json\/wp\/v2\/comments?post=6289"}],"version-history":[{"count":16,"href":"https:\/\/www.brokk.com\/de\/wp-json\/wp\/v2\/pages\/6289\/revisions"}],"predecessor-version":[{"id":6663,"href":"https:\/\/www.brokk.com\/de\/wp-json\/wp\/v2\/pages\/6289\/revisions\/6663"}],"wp:featuredmedia":[{"embeddable":true,"href":"https:\/\/www.brokk.com\/de\/wp-json\/wp\/v2\/media\/6637"}],"wp:attachment":[{"href":"https:\/\/www.brokk.com\/de\/wp-json\/wp\/v2\/media?parent=6289"}],"curies":[{"name":"wp","href":"https:\/\/api.w.org\/{rel}","templated":true}]}}