{"id":6853,"date":"2022-10-18T09:00:29","date_gmt":"2022-10-18T08:00:29","guid":{"rendered":"https:\/\/www.brokk.com\/de\/my-brokk\/"},"modified":"2024-03-22T09:52:55","modified_gmt":"2024-03-22T08:52:55","slug":"my-brokk","status":"publish","type":"page","link":"https:\/\/www.brokk.com\/de\/my-brokk\/","title":{"rendered":"My Brokk"},"content":{"rendered":"<h2 style=\"text-align: left\"><strong>SCHNELL STARTEN UND UMFASSEND PROFITIEREN.<\/strong><\/h2>\n<p style=\"text-align: left\">\u201eMy Brokk\u201c ist das innovative Online-Portal, das Ihnen eine optimale Betreuung Ihrer Brokk-Maschinen erm\u00f6glicht. Die Plattform vereint mehrere Anwendungen wie \u2013 Brokk Connect, eine Bibliothek technischer Dokumentationen und einen Webshop \u2013 alles in einer Anwendung. Damit haben Sie die M\u00f6glichkeit, Informationen \u00fcber Ihren Roboter oder Ihre komplette Flotte einzusehen, wo und wann auch immer .<\/p>\n<p style=\"text-align: left\">\u00dcber \u201eMy Brokk\u201c k\u00f6nnen Sie auf Brokk Connect zugreifen, die Online-Plattform, die entwickelt wurde, um die Kontrolle und die Betreuung Ihrer Brokk-Roboter zu vereinfachen. Die Software erm\u00f6glicht Ihnen, Ihre gesamte Flotte zu \u00fcberwachen und zu verwalten. Sie liefert exakte Informationen \u00fcber jede Aktivit\u00e4t und jeden Servicebedarf. Die aktualisierte Version von Brokk Connect ist durch Neuerungen wie die WiFi Verbindung und einem Offline-Modus jetzt noch besser geworden. Die praktische Dokumentationsfunktion erm\u00f6glicht Ihnen einen einfachen Zugriff auf Handb\u00fccher, technische Daten und andere n\u00fctzliche Informationen.<\/p>\n<p style=\"text-align: left\">Unser neuer Webshop basiert auf unseren einzigartigen Produkten und ist speziell auf die Bed\u00fcrfnisse unserer Kunden zugeschnitten. Er erm\u00f6glicht es, Original-Ersatzteile schnell und effizient direkt beim lokalen Brokk-H\u00e4ndler zu bestellen. Alles mit dem Ziel, ein Maximum an Betriebszeit zu gew\u00e4hrleisten.<\/p>\n<p>&nbsp;<\/p>\n<h3>BROKK CONNECT<\/h3>\n<ul>\n<li>Roboterwissen. Werten Sie die Daten aus und verfolgen Sie die Aktivit\u00e4ten Ihrer Roboter in Echtzeit, um bessere und bewusstere Entscheidungen treffen zu k\u00f6nnen.<\/li>\n<li>Zug\u00e4ngliche Informationen. Arbeiten Sie effizienter, indem Sie Informationen \u00fcber Werkzeugzeiten,<br \/>\nBetriebsstunden, Standorte und den aktuellen Status Ihrer Roboter auswerten.<\/li>\n<li>Analysieren und optimieren. Durch die Analyse verf\u00fcgbarer Daten k\u00f6nnen Sie die Produktivit\u00e4t, die<br \/>\nEinsatzplanung, den Betrieb und die Angebotsstellungen optimieren.<\/li>\n<li>Servicebenachrichtigungen. Brokk Connect informiert Sie, wenn es Zeit f\u00fcr den n\u00e4chsten Service ist. Dadurch k\u00f6nnen Sie proaktiv sicherstellen, dass Ihr Roboter immer bereit f\u00fcr seinen n\u00e4chsten Einsatz ist.<\/li>\n<li>Mit WLAN verbinden. Die neue und aktualisierte Version von Brokk Connect bietet Ihnen die M\u00f6glichkeit, Ihre Roboter mit WLAN zu verbinden.<\/li>\n<li>Offline-Modus. Brokk Connect speichert Daten in einem Gateway, wenn der Roboter vor\u00fcbergehend ohne Datenverbindung oder WLAN ist und l\u00e4dt die Daten hoch, wenn er wieder online ist.<\/li>\n<\/ul>\n<p><img loading=\"lazy\" decoding=\"async\" class=\"alignnone size-medium wp-image-6834\" src=\"https:\/\/www.brokk.com\/de\/uploads\/sites\/14\/2022\/10\/mybrokk-connect-720x480.jpg\" alt=\"\" width=\"720\" height=\"480\" srcset=\"https:\/\/www.brokk.com\/de\/uploads\/sites\/14\/2022\/10\/mybrokk-connect-720x480.jpg 720w, https:\/\/www.brokk.com\/de\/uploads\/sites\/14\/2022\/10\/mybrokk-connect-1280x853.jpg 1280w, https:\/\/www.brokk.com\/de\/uploads\/sites\/14\/2022\/10\/mybrokk-connect-420x280.jpg 420w, https:\/\/www.brokk.com\/de\/uploads\/sites\/14\/2022\/10\/mybrokk-connect-768x512.jpg 768w, https:\/\/www.brokk.com\/de\/uploads\/sites\/14\/2022\/10\/mybrokk-connect-480x320.jpg 480w, https:\/\/www.brokk.com\/de\/uploads\/sites\/14\/2022\/10\/mybrokk-connect-48x32.jpg 48w, https:\/\/www.brokk.com\/de\/uploads\/sites\/14\/2022\/10\/mybrokk-connect.jpg 1440w\" sizes=\"auto, (max-width: 720px) 100vw, 720px\" \/><\/p>\n<h3>Neu: DOkUMENTe<\/h3>\n<ul>\n<li>Technische Dokumentation. Die Dokumentenbibliothek enth\u00e4lt eine Vielzahl von Informationsmaterialien; von Handb\u00fcchern bis hin zu Technischen Daten und Diagrammen.<\/li>\n<li>Sofortiger Zugriff. Alle technischen Dokumente zu Ihrem Roboter sind an einem Ort f\u00fcr Sie zusammengestellt, wodurch Sie immer alle wichtigen Informationen auf einen Klick verf\u00fcgbar haben.<\/li>\n<li>Registrieren Sie alle Ihre Roboter. Um die Dokumentenbibliothek optimal zu nutzen, k\u00f6nnen Sie alle Ihre Roboter in \u201eMy Brokk\u201c registrieren.<\/li>\n<\/ul>\n<p><img loading=\"lazy\" decoding=\"async\" class=\"alignnone size-medium wp-image-6833\" src=\"https:\/\/www.brokk.com\/de\/uploads\/sites\/14\/2022\/10\/mybrokk-documents-720x480.jpg\" alt=\"\" width=\"720\" height=\"480\" srcset=\"https:\/\/www.brokk.com\/de\/uploads\/sites\/14\/2022\/10\/mybrokk-documents-720x480.jpg 720w, https:\/\/www.brokk.com\/de\/uploads\/sites\/14\/2022\/10\/mybrokk-documents-1280x853.jpg 1280w, https:\/\/www.brokk.com\/de\/uploads\/sites\/14\/2022\/10\/mybrokk-documents-420x280.jpg 420w, https:\/\/www.brokk.com\/de\/uploads\/sites\/14\/2022\/10\/mybrokk-documents-768x512.jpg 768w, https:\/\/www.brokk.com\/de\/uploads\/sites\/14\/2022\/10\/mybrokk-documents-480x320.jpg 480w, https:\/\/www.brokk.com\/de\/uploads\/sites\/14\/2022\/10\/mybrokk-documents-48x32.jpg 48w, https:\/\/www.brokk.com\/de\/uploads\/sites\/14\/2022\/10\/mybrokk-documents.jpg 1440w\" sizes=\"auto, (max-width: 720px) 100vw, 720px\" \/><\/p>\n<h3>NEu: WEBSHOP<\/h3>\n<ul>\n<li>Komplettes Sortiment. \u00dcber den Webshop in \u201eMy Brokk\u201c k\u00f6nnen Sie die vollst\u00e4ndige Palette von Brokk-Original Ersatzteilen und Zubeh\u00f6rartikeln online einsehen und bestellen.<\/li>\n<li>Einfache Bestellung. Unser neuer Webshop macht es Ihnen einfach, die richtigen Teile f\u00fcr Ihre Roboter und die entsprechenden Preise in Ihrer lokalen W\u00e4hrung zu finden.<\/li>\n<li>Original-Ersatzteile. Alle im Webshop verf\u00fcgbaren Produkte sind hochwertige Original-Ersatzteile von Brokk, was eine Bedingung f\u00fcr die Gew\u00e4hrleistung ist.<\/li>\n<li>Zuverl\u00e4ssige Lieferung. Durch die Nutzung des Webshops verk\u00fcrzt sich der Bestellprozess und damit auch die Lieferzeit.<\/li>\n<\/ul>\n<p><img loading=\"lazy\" decoding=\"async\" class=\"alignnone size-medium wp-image-6832\" src=\"https:\/\/www.brokk.com\/de\/uploads\/sites\/14\/2022\/10\/mybrokk-webshop-720x480.jpg\" alt=\"\" width=\"720\" height=\"480\" srcset=\"https:\/\/www.brokk.com\/de\/uploads\/sites\/14\/2022\/10\/mybrokk-webshop-720x480.jpg 720w, https:\/\/www.brokk.com\/de\/uploads\/sites\/14\/2022\/10\/mybrokk-webshop-1280x853.jpg 1280w, https:\/\/www.brokk.com\/de\/uploads\/sites\/14\/2022\/10\/mybrokk-webshop-420x280.jpg 420w, https:\/\/www.brokk.com\/de\/uploads\/sites\/14\/2022\/10\/mybrokk-webshop-768x512.jpg 768w, https:\/\/www.brokk.com\/de\/uploads\/sites\/14\/2022\/10\/mybrokk-webshop-480x320.jpg 480w, https:\/\/www.brokk.com\/de\/uploads\/sites\/14\/2022\/10\/mybrokk-webshop-48x32.jpg 48w, https:\/\/www.brokk.com\/de\/uploads\/sites\/14\/2022\/10\/mybrokk-webshop.jpg 1440w\" sizes=\"auto, (max-width: 720px) 100vw, 720px\" \/><\/p>\n<h3>SIND SIE BEREIT? DANN LASSEN SIE UNS LOSLEGEN!<\/h3>\n<p>\u201eMy Brokk\u201c steht jedem zur Verf\u00fcgung, der einen Brokk-Roboter besitzt \u2013 entdecken Sie die Vorteile des Portals f\u00fcr Ihr Unternehmen. Es sind nur ein paar einfache Schritte, damit es losgehen kann. Kontaktieren Sie uns, um sich noch heute zu registrieren.<\/p>\n","protected":false},"excerpt":{"rendered":"<p>SCHNELL STARTEN UND UMFASSEND PROFITIEREN. \u201eMy Brokk\u201c ist das innovative Online-Portal, das Ihnen eine optimale Betreuung Ihrer Brokk-Maschinen erm\u00f6glicht. Die Plattform vereint mehrere Anwendungen wie \u2013 Brokk Connect, eine Bibliothek technischer Dokumentationen und einen Webshop \u2013 alles in einer Anwendung.\u2026<\/p>\n","protected":false},"author":1,"featured_media":0,"parent":0,"menu_order":10,"comment_status":"closed","ping_status":"closed","template":"page-templates\/landing.php","meta":{"_acf_changed":false,"_relevanssi_hide_post":"","_relevanssi_hide_content":"","_relevanssi_pin_for_all":"","_relevanssi_pin_keywords":"","_relevanssi_unpin_keywords":"","_relevanssi_related_keywords":"","_relevanssi_related_include_ids":"","_relevanssi_related_exclude_ids":"","_relevanssi_related_no_append":"","_relevanssi_related_not_related":"","_relevanssi_related_posts":"","_relevanssi_noindex_reason":"Relevanssi image attachment filter Relevanssi index exclude","footnotes":""},"class_list":["post-6853","page","type-page","status-publish","hentry"],"acf":[],"yoast_head":"<!-- This site is optimized with the Yoast SEO plugin v27.3 - https:\/\/yoast.com\/product\/yoast-seo-wordpress\/ -->\n<title>My Brokk - Brokk Deutschland<\/title>\n<meta name=\"robots\" content=\"index, follow, max-snippet:-1, max-image-preview:large, max-video-preview:-1\" \/>\n<link rel=\"canonical\" href=\"https:\/\/www.brokk.com\/de\/my-brokk\/\" \/>\n<meta property=\"og:locale\" content=\"de_DE\" \/>\n<meta property=\"og:type\" content=\"article\" \/>\n<meta property=\"og:title\" content=\"My Brokk - Brokk Deutschland\" \/>\n<meta property=\"og:description\" content=\"SCHNELL STARTEN UND UMFASSEND PROFITIEREN. \u201eMy Brokk\u201c ist das innovative Online-Portal, das Ihnen eine optimale Betreuung Ihrer Brokk-Maschinen erm\u00f6glicht. Die Plattform vereint mehrere Anwendungen wie \u2013 Brokk Connect, eine Bibliothek technischer Dokumentationen und einen Webshop \u2013 alles in einer Anwendung.\u2026\" \/>\n<meta property=\"og:url\" content=\"https:\/\/www.brokk.com\/de\/my-brokk\/\" \/>\n<meta property=\"og:site_name\" content=\"Brokk Deutschland\" \/>\n<meta property=\"article:modified_time\" content=\"2024-03-22T08:52:55+00:00\" \/>\n<meta property=\"og:image\" content=\"https:\/\/www.brokk.com\/de\/uploads\/sites\/14\/2022\/10\/my_brokk.jpg\" \/>\n\t<meta property=\"og:image:width\" content=\"1440\" \/>\n\t<meta property=\"og:image:height\" content=\"960\" \/>\n\t<meta property=\"og:image:type\" content=\"image\/jpeg\" \/>\n<meta name=\"twitter:card\" content=\"summary_large_image\" \/>\n<meta name=\"twitter:label1\" content=\"Gesch\u00e4tzte Lesezeit\" \/>\n\t<meta name=\"twitter:data1\" content=\"4\u00a0Minute\" \/>\n<script type=\"application\/ld+json\" class=\"yoast-schema-graph\">{\"@context\":\"https:\\\/\\\/schema.org\",\"@graph\":[{\"@type\":\"WebPage\",\"@id\":\"https:\\\/\\\/www.brokk.com\\\/de\\\/my-brokk\\\/\",\"url\":\"https:\\\/\\\/www.brokk.com\\\/de\\\/my-brokk\\\/\",\"name\":\"My Brokk - Brokk Deutschland\",\"isPartOf\":{\"@id\":\"https:\\\/\\\/www.brokk.com\\\/de\\\/#website\"},\"primaryImageOfPage\":{\"@id\":\"https:\\\/\\\/www.brokk.com\\\/de\\\/my-brokk\\\/#primaryimage\"},\"image\":{\"@id\":\"https:\\\/\\\/www.brokk.com\\\/de\\\/my-brokk\\\/#primaryimage\"},\"thumbnailUrl\":\"https:\\\/\\\/www.brokk.com\\\/de\\\/uploads\\\/sites\\\/14\\\/2022\\\/10\\\/mybrokk-connect-720x480.jpg\",\"datePublished\":\"2022-10-18T08:00:29+00:00\",\"dateModified\":\"2024-03-22T08:52:55+00:00\",\"breadcrumb\":{\"@id\":\"https:\\\/\\\/www.brokk.com\\\/de\\\/my-brokk\\\/#breadcrumb\"},\"inLanguage\":\"de\",\"potentialAction\":[{\"@type\":\"ReadAction\",\"target\":[\"https:\\\/\\\/www.brokk.com\\\/de\\\/my-brokk\\\/\"]}]},{\"@type\":\"ImageObject\",\"inLanguage\":\"de\",\"@id\":\"https:\\\/\\\/www.brokk.com\\\/de\\\/my-brokk\\\/#primaryimage\",\"url\":\"https:\\\/\\\/www.brokk.com\\\/de\\\/uploads\\\/sites\\\/14\\\/2022\\\/10\\\/mybrokk-connect.jpg\",\"contentUrl\":\"https:\\\/\\\/www.brokk.com\\\/de\\\/uploads\\\/sites\\\/14\\\/2022\\\/10\\\/mybrokk-connect.jpg\",\"width\":1440,\"height\":960},{\"@type\":\"BreadcrumbList\",\"@id\":\"https:\\\/\\\/www.brokk.com\\\/de\\\/my-brokk\\\/#breadcrumb\",\"itemListElement\":[{\"@type\":\"ListItem\",\"position\":1,\"name\":\"Home\",\"item\":\"https:\\\/\\\/www.brokk.com\\\/de\\\/home\\\/\"},{\"@type\":\"ListItem\",\"position\":2,\"name\":\"My Brokk\"}]},{\"@type\":\"WebSite\",\"@id\":\"https:\\\/\\\/www.brokk.com\\\/de\\\/#website\",\"url\":\"https:\\\/\\\/www.brokk.com\\\/de\\\/\",\"name\":\"Brokk Deutschland\",\"description\":\"\",\"potentialAction\":[{\"@type\":\"SearchAction\",\"target\":{\"@type\":\"EntryPoint\",\"urlTemplate\":\"https:\\\/\\\/www.brokk.com\\\/de\\\/?s={search_term_string}\"},\"query-input\":{\"@type\":\"PropertyValueSpecification\",\"valueRequired\":true,\"valueName\":\"search_term_string\"}}],\"inLanguage\":\"de\"}]}<\/script>\n<!-- \/ Yoast SEO plugin. -->","yoast_head_json":{"title":"My Brokk - Brokk Deutschland","robots":{"index":"index","follow":"follow","max-snippet":"max-snippet:-1","max-image-preview":"max-image-preview:large","max-video-preview":"max-video-preview:-1"},"canonical":"https:\/\/www.brokk.com\/de\/my-brokk\/","og_locale":"de_DE","og_type":"article","og_title":"My Brokk - Brokk Deutschland","og_description":"SCHNELL STARTEN UND UMFASSEND PROFITIEREN. \u201eMy Brokk\u201c ist das innovative Online-Portal, das Ihnen eine optimale Betreuung Ihrer Brokk-Maschinen erm\u00f6glicht. Die Plattform vereint mehrere Anwendungen wie \u2013 Brokk Connect, eine Bibliothek technischer Dokumentationen und einen Webshop \u2013 alles in einer Anwendung.\u2026","og_url":"https:\/\/www.brokk.com\/de\/my-brokk\/","og_site_name":"Brokk Deutschland","article_modified_time":"2024-03-22T08:52:55+00:00","og_image":[{"width":1440,"height":960,"url":"https:\/\/www.brokk.com\/de\/uploads\/sites\/14\/2022\/10\/my_brokk.jpg","type":"image\/jpeg"}],"twitter_card":"summary_large_image","twitter_misc":{"Gesch\u00e4tzte Lesezeit":"4\u00a0Minute"},"schema":{"@context":"https:\/\/schema.org","@graph":[{"@type":"WebPage","@id":"https:\/\/www.brokk.com\/de\/my-brokk\/","url":"https:\/\/www.brokk.com\/de\/my-brokk\/","name":"My Brokk - Brokk Deutschland","isPartOf":{"@id":"https:\/\/www.brokk.com\/de\/#website"},"primaryImageOfPage":{"@id":"https:\/\/www.brokk.com\/de\/my-brokk\/#primaryimage"},"image":{"@id":"https:\/\/www.brokk.com\/de\/my-brokk\/#primaryimage"},"thumbnailUrl":"https:\/\/www.brokk.com\/de\/uploads\/sites\/14\/2022\/10\/mybrokk-connect-720x480.jpg","datePublished":"2022-10-18T08:00:29+00:00","dateModified":"2024-03-22T08:52:55+00:00","breadcrumb":{"@id":"https:\/\/www.brokk.com\/de\/my-brokk\/#breadcrumb"},"inLanguage":"de","potentialAction":[{"@type":"ReadAction","target":["https:\/\/www.brokk.com\/de\/my-brokk\/"]}]},{"@type":"ImageObject","inLanguage":"de","@id":"https:\/\/www.brokk.com\/de\/my-brokk\/#primaryimage","url":"https:\/\/www.brokk.com\/de\/uploads\/sites\/14\/2022\/10\/mybrokk-connect.jpg","contentUrl":"https:\/\/www.brokk.com\/de\/uploads\/sites\/14\/2022\/10\/mybrokk-connect.jpg","width":1440,"height":960},{"@type":"BreadcrumbList","@id":"https:\/\/www.brokk.com\/de\/my-brokk\/#breadcrumb","itemListElement":[{"@type":"ListItem","position":1,"name":"Home","item":"https:\/\/www.brokk.com\/de\/home\/"},{"@type":"ListItem","position":2,"name":"My Brokk"}]},{"@type":"WebSite","@id":"https:\/\/www.brokk.com\/de\/#website","url":"https:\/\/www.brokk.com\/de\/","name":"Brokk Deutschland","description":"","potentialAction":[{"@type":"SearchAction","target":{"@type":"EntryPoint","urlTemplate":"https:\/\/www.brokk.com\/de\/?s={search_term_string}"},"query-input":{"@type":"PropertyValueSpecification","valueRequired":true,"valueName":"search_term_string"}}],"inLanguage":"de"}]}},"_links":{"self":[{"href":"https:\/\/www.brokk.com\/de\/wp-json\/wp\/v2\/pages\/6853","targetHints":{"allow":["GET"]}}],"collection":[{"href":"https:\/\/www.brokk.com\/de\/wp-json\/wp\/v2\/pages"}],"about":[{"href":"https:\/\/www.brokk.com\/de\/wp-json\/wp\/v2\/types\/page"}],"author":[{"embeddable":true,"href":"https:\/\/www.brokk.com\/de\/wp-json\/wp\/v2\/users\/1"}],"replies":[{"embeddable":true,"href":"https:\/\/www.brokk.com\/de\/wp-json\/wp\/v2\/comments?post=6853"}],"version-history":[{"count":9,"href":"https:\/\/www.brokk.com\/de\/wp-json\/wp\/v2\/pages\/6853\/revisions"}],"predecessor-version":[{"id":7219,"href":"https:\/\/www.brokk.com\/de\/wp-json\/wp\/v2\/pages\/6853\/revisions\/7219"}],"wp:attachment":[{"href":"https:\/\/www.brokk.com\/de\/wp-json\/wp\/v2\/media?parent=6853"}],"curies":[{"name":"wp","href":"https:\/\/api.w.org\/{rel}","templated":true}]}}