{"id":7404,"date":"2024-05-13T14:11:42","date_gmt":"2024-05-13T13:11:42","guid":{"rendered":"https:\/\/www.brokk.com\/de\/standort-rheinberg-copy\/"},"modified":"2025-11-21T10:50:22","modified_gmt":"2025-11-21T09:50:22","slug":"standort-austria","status":"publish","type":"page","link":"https:\/\/www.brokk.com\/de\/standort-austria\/","title":{"rendered":"Standort Arzl im Pitztal \/ \u00d6sterreich"},"content":{"rendered":"<p>Alle Brokk Roboter werden per Funkfernsteuerung bedient und verf\u00fcgen \u00fcber eine sehr kompakte Bauform.<br \/>\nVerf\u00fcgbar mit Elektro- oder Dieselantrieb. Also ideal f\u00fcr abgelegene Baustellen und Bereiche, in denen Abgase verboten sind. Bei Brokk steht die Sicherheit des Maschinenbedieners an erster Stelle!<\/p>\n<p>&nbsp;<\/p>\n<p><b><span lang=\"EN-US\">Brokk DA GmbH &#8211; STANDORT \u00d6STERREICH<\/span><\/b><\/p>\n<p>Gewerbepark 15<\/p>\n<p>6471 Arzl im Pitztal<\/p>\n<p>Phone: <a href=\"tel:436764847077\">+43 676 484 70 77<\/a><\/p>\n<p>Email:<a class=\"email-link \" title=\"info@brokk.ch\" href=\"mailto:office@brokk.at\"> office@brokk.at<\/a><\/p>\n<p>&nbsp;<\/p>\n<p>&nbsp;<\/p>\n<p>&nbsp;<\/p>\n<h3>Vertrieb<\/h3>\n<p><strong>STEFAN NEUBURG<\/strong><\/p>\n<p>Fon: <a href=\"tel:436764847077\">+43 676 484 70 77<\/a><\/p>\n<p>E-Mail: <a href=\"mailto:markus.schwarz@brokk.de\">STEFAN.NEUBURG@BROKK.AT<\/a><\/p>\n<p>&nbsp;<\/p>\n<p>&nbsp;<\/p>\n","protected":false},"excerpt":{"rendered":"<p>Die Brokk DA GmbH ist eine Tochtergesellschaft der Brokk AB in Skelleftea \/ Schweden &#8211; BROKK der Weltf\u00fchrende Hersteller von Abbruchrobotern<\/p>\n","protected":false},"author":48,"featured_media":7406,"parent":0,"menu_order":46,"comment_status":"closed","ping_status":"closed","template":"page-templates\/contacts-subsidiary.php","meta":{"_acf_changed":false,"_relevanssi_hide_post":"","_relevanssi_hide_content":"","_relevanssi_pin_for_all":"","_relevanssi_pin_keywords":"","_relevanssi_unpin_keywords":"","_relevanssi_related_keywords":"","_relevanssi_related_include_ids":"","_relevanssi_related_exclude_ids":"","_relevanssi_related_no_append":"","_relevanssi_related_not_related":"","_relevanssi_related_posts":"","_relevanssi_noindex_reason":"","footnotes":""},"class_list":["post-7404","page","type-page","status-publish","has-post-thumbnail","hentry"],"acf":[],"yoast_head":"<!-- This site is optimized with the Yoast SEO plugin v27.3 - https:\/\/yoast.com\/product\/yoast-seo-wordpress\/ -->\n<title>Standort Arzl im Pitztal \/ \u00d6sterreich - Brokk Deutschland<\/title>\n<meta name=\"robots\" content=\"index, follow, max-snippet:-1, max-image-preview:large, max-video-preview:-1\" \/>\n<link rel=\"canonical\" href=\"https:\/\/www.brokk.com\/de\/standort-austria\/\" \/>\n<meta property=\"og:locale\" content=\"de_DE\" \/>\n<meta property=\"og:type\" content=\"article\" \/>\n<meta property=\"og:title\" content=\"Standort Arzl im Pitztal \/ \u00d6sterreich - Brokk Deutschland\" \/>\n<meta property=\"og:description\" content=\"Die Brokk DA GmbH ist eine Tochtergesellschaft der Brokk AB in Skelleftea \/ Schweden - BROKK der Weltf\u00fchrende Hersteller von Abbruchrobotern\" \/>\n<meta property=\"og:url\" content=\"https:\/\/www.brokk.com\/de\/standort-austria\/\" \/>\n<meta property=\"og:site_name\" content=\"Brokk Deutschland\" \/>\n<meta property=\"article:modified_time\" content=\"2025-11-21T09:50:22+00:00\" \/>\n<meta property=\"og:image\" content=\"https:\/\/www.brokk.com\/de\/uploads\/sites\/14\/2024\/05\/img_6383-scaled.jpg\" \/>\n\t<meta property=\"og:image:width\" content=\"2560\" \/>\n\t<meta property=\"og:image:height\" content=\"1920\" \/>\n\t<meta property=\"og:image:type\" content=\"image\/jpeg\" \/>\n<meta name=\"twitter:card\" content=\"summary_large_image\" \/>\n<meta name=\"twitter:label1\" content=\"Gesch\u00e4tzte Lesezeit\" \/>\n\t<meta name=\"twitter:data1\" content=\"1\u00a0Minute\" \/>\n<script type=\"application\/ld+json\" class=\"yoast-schema-graph\">{\"@context\":\"https:\\\/\\\/schema.org\",\"@graph\":[{\"@type\":\"WebPage\",\"@id\":\"https:\\\/\\\/www.brokk.com\\\/de\\\/standort-austria\\\/\",\"url\":\"https:\\\/\\\/www.brokk.com\\\/de\\\/standort-austria\\\/\",\"name\":\"Standort Arzl im Pitztal \\\/ \u00d6sterreich - Brokk Deutschland\",\"isPartOf\":{\"@id\":\"https:\\\/\\\/www.brokk.com\\\/de\\\/#website\"},\"primaryImageOfPage\":{\"@id\":\"https:\\\/\\\/www.brokk.com\\\/de\\\/standort-austria\\\/#primaryimage\"},\"image\":{\"@id\":\"https:\\\/\\\/www.brokk.com\\\/de\\\/standort-austria\\\/#primaryimage\"},\"thumbnailUrl\":\"https:\\\/\\\/www.brokk.com\\\/de\\\/uploads\\\/sites\\\/14\\\/2024\\\/05\\\/img_6383-scaled.jpg\",\"datePublished\":\"2024-05-13T13:11:42+00:00\",\"dateModified\":\"2025-11-21T09:50:22+00:00\",\"breadcrumb\":{\"@id\":\"https:\\\/\\\/www.brokk.com\\\/de\\\/standort-austria\\\/#breadcrumb\"},\"inLanguage\":\"de\",\"potentialAction\":[{\"@type\":\"ReadAction\",\"target\":[\"https:\\\/\\\/www.brokk.com\\\/de\\\/standort-austria\\\/\"]}]},{\"@type\":\"ImageObject\",\"inLanguage\":\"de\",\"@id\":\"https:\\\/\\\/www.brokk.com\\\/de\\\/standort-austria\\\/#primaryimage\",\"url\":\"https:\\\/\\\/www.brokk.com\\\/de\\\/uploads\\\/sites\\\/14\\\/2024\\\/05\\\/img_6383-scaled.jpg\",\"contentUrl\":\"https:\\\/\\\/www.brokk.com\\\/de\\\/uploads\\\/sites\\\/14\\\/2024\\\/05\\\/img_6383-scaled.jpg\",\"width\":2560,\"height\":1920},{\"@type\":\"BreadcrumbList\",\"@id\":\"https:\\\/\\\/www.brokk.com\\\/de\\\/standort-austria\\\/#breadcrumb\",\"itemListElement\":[{\"@type\":\"ListItem\",\"position\":1,\"name\":\"Home\",\"item\":\"https:\\\/\\\/www.brokk.com\\\/de\\\/home\\\/\"},{\"@type\":\"ListItem\",\"position\":2,\"name\":\"Standort Arzl im Pitztal \\\/ \u00d6sterreich\"}]},{\"@type\":\"WebSite\",\"@id\":\"https:\\\/\\\/www.brokk.com\\\/de\\\/#website\",\"url\":\"https:\\\/\\\/www.brokk.com\\\/de\\\/\",\"name\":\"Brokk Deutschland\",\"description\":\"\",\"potentialAction\":[{\"@type\":\"SearchAction\",\"target\":{\"@type\":\"EntryPoint\",\"urlTemplate\":\"https:\\\/\\\/www.brokk.com\\\/de\\\/?s={search_term_string}\"},\"query-input\":{\"@type\":\"PropertyValueSpecification\",\"valueRequired\":true,\"valueName\":\"search_term_string\"}}],\"inLanguage\":\"de\"}]}<\/script>\n<!-- \/ Yoast SEO plugin. -->","yoast_head_json":{"title":"Standort Arzl im Pitztal \/ \u00d6sterreich - Brokk Deutschland","robots":{"index":"index","follow":"follow","max-snippet":"max-snippet:-1","max-image-preview":"max-image-preview:large","max-video-preview":"max-video-preview:-1"},"canonical":"https:\/\/www.brokk.com\/de\/standort-austria\/","og_locale":"de_DE","og_type":"article","og_title":"Standort Arzl im Pitztal \/ \u00d6sterreich - Brokk Deutschland","og_description":"Die Brokk DA GmbH ist eine Tochtergesellschaft der Brokk AB in Skelleftea \/ Schweden - BROKK der Weltf\u00fchrende Hersteller von Abbruchrobotern","og_url":"https:\/\/www.brokk.com\/de\/standort-austria\/","og_site_name":"Brokk Deutschland","article_modified_time":"2025-11-21T09:50:22+00:00","og_image":[{"width":2560,"height":1920,"url":"https:\/\/www.brokk.com\/de\/uploads\/sites\/14\/2024\/05\/img_6383-scaled.jpg","type":"image\/jpeg"}],"twitter_card":"summary_large_image","twitter_misc":{"Gesch\u00e4tzte Lesezeit":"1\u00a0Minute"},"schema":{"@context":"https:\/\/schema.org","@graph":[{"@type":"WebPage","@id":"https:\/\/www.brokk.com\/de\/standort-austria\/","url":"https:\/\/www.brokk.com\/de\/standort-austria\/","name":"Standort Arzl im Pitztal \/ \u00d6sterreich - Brokk Deutschland","isPartOf":{"@id":"https:\/\/www.brokk.com\/de\/#website"},"primaryImageOfPage":{"@id":"https:\/\/www.brokk.com\/de\/standort-austria\/#primaryimage"},"image":{"@id":"https:\/\/www.brokk.com\/de\/standort-austria\/#primaryimage"},"thumbnailUrl":"https:\/\/www.brokk.com\/de\/uploads\/sites\/14\/2024\/05\/img_6383-scaled.jpg","datePublished":"2024-05-13T13:11:42+00:00","dateModified":"2025-11-21T09:50:22+00:00","breadcrumb":{"@id":"https:\/\/www.brokk.com\/de\/standort-austria\/#breadcrumb"},"inLanguage":"de","potentialAction":[{"@type":"ReadAction","target":["https:\/\/www.brokk.com\/de\/standort-austria\/"]}]},{"@type":"ImageObject","inLanguage":"de","@id":"https:\/\/www.brokk.com\/de\/standort-austria\/#primaryimage","url":"https:\/\/www.brokk.com\/de\/uploads\/sites\/14\/2024\/05\/img_6383-scaled.jpg","contentUrl":"https:\/\/www.brokk.com\/de\/uploads\/sites\/14\/2024\/05\/img_6383-scaled.jpg","width":2560,"height":1920},{"@type":"BreadcrumbList","@id":"https:\/\/www.brokk.com\/de\/standort-austria\/#breadcrumb","itemListElement":[{"@type":"ListItem","position":1,"name":"Home","item":"https:\/\/www.brokk.com\/de\/home\/"},{"@type":"ListItem","position":2,"name":"Standort Arzl im Pitztal \/ \u00d6sterreich"}]},{"@type":"WebSite","@id":"https:\/\/www.brokk.com\/de\/#website","url":"https:\/\/www.brokk.com\/de\/","name":"Brokk Deutschland","description":"","potentialAction":[{"@type":"SearchAction","target":{"@type":"EntryPoint","urlTemplate":"https:\/\/www.brokk.com\/de\/?s={search_term_string}"},"query-input":{"@type":"PropertyValueSpecification","valueRequired":true,"valueName":"search_term_string"}}],"inLanguage":"de"}]}},"_links":{"self":[{"href":"https:\/\/www.brokk.com\/de\/wp-json\/wp\/v2\/pages\/7404","targetHints":{"allow":["GET"]}}],"collection":[{"href":"https:\/\/www.brokk.com\/de\/wp-json\/wp\/v2\/pages"}],"about":[{"href":"https:\/\/www.brokk.com\/de\/wp-json\/wp\/v2\/types\/page"}],"author":[{"embeddable":true,"href":"https:\/\/www.brokk.com\/de\/wp-json\/wp\/v2\/users\/48"}],"replies":[{"embeddable":true,"href":"https:\/\/www.brokk.com\/de\/wp-json\/wp\/v2\/comments?post=7404"}],"version-history":[{"count":9,"href":"https:\/\/www.brokk.com\/de\/wp-json\/wp\/v2\/pages\/7404\/revisions"}],"predecessor-version":[{"id":8106,"href":"https:\/\/www.brokk.com\/de\/wp-json\/wp\/v2\/pages\/7404\/revisions\/8106"}],"wp:featuredmedia":[{"embeddable":true,"href":"https:\/\/www.brokk.com\/de\/wp-json\/wp\/v2\/media\/7406"}],"wp:attachment":[{"href":"https:\/\/www.brokk.com\/de\/wp-json\/wp\/v2\/media?parent=7404"}],"curies":[{"name":"wp","href":"https:\/\/api.w.org\/{rel}","templated":true}]}}