{"id":7674,"date":"2025-01-23T11:17:29","date_gmt":"2025-01-23T10:17:29","guid":{"rendered":"https:\/\/www.brokk.com\/de\/warum-brokk-copy\/"},"modified":"2026-04-09T12:38:31","modified_gmt":"2026-04-09T11:38:31","slug":"mietpark","status":"publish","type":"page","link":"https:\/\/www.brokk.com\/de\/mietpark\/","title":{"rendered":"BROKK-RENTAL"},"content":{"rendered":"<div class=\"elementor-element elementor-element-61b21298 e-flex e-con-boxed e-con e-parent e-lazyloaded\" data-id=\"61b21298\" data-element_type=\"container\">\n<div class=\"e-con-inner\">\n<div class=\"elementor-element elementor-element-28f5c810 elementor-widget elementor-widget-heading\" data-id=\"28f5c810\" data-element_type=\"widget\" data-widget_type=\"heading.default\">\n<div class=\"elementor-widget-container\">\n<h2 class=\"elementor-heading-title elementor-size-default\">BROKK-RENTAL &#8211; Volle Flexibilit\u00e4t<\/h2>\n<\/div>\n<\/div>\n<div class=\"elementor-element elementor-element-3bce9ea6 elementor-widget elementor-widget-text-editor\" data-id=\"3bce9ea6\" data-element_type=\"widget\" data-widget_type=\"text-editor.default\">\n<div class=\"elementor-widget-container\">\n<h4><\/h4>\n<h4 class=\"pageHeader-content-headline\"><span class=\"\">mieten statt kaufen<\/span><\/h4>\n<\/div>\n<\/div>\n<\/div>\n<\/div>\n<p data-start=\"212\" data-end=\"427\">Nicht jedes Projekt erfordert eine eigene Maschine. Mit unserem Mietangebot bleiben Sie flexibel, schonen Ihr Budget und k\u00f6nnen jederzeit auf modernste Technik zugreifen.<\/p>\n<p data-start=\"212\" data-end=\"427\">Ob kurzfristiger Einsatz oder projektbezogene Unterst\u00fctzung: <strong>\u00dcber <\/strong><strong data-start=\"277\" data-end=\"293\">Brokk-Rental<\/strong> erhalten Sie leistungsstarke Maschinen und Ger\u00e4te genau dann, wenn Sie sie brauchen \u2013 schnell, zuverl\u00e4ssig und ohne langfristige Investition.<\/p>\n<ul data-start=\"689\" data-end=\"1043\">\n<li data-section-id=\"toyzb8\" data-start=\"689\" data-end=\"766\"><strong data-start=\"691\" data-end=\"711\">Sofort verf\u00fcgbar<\/strong> \u2013 schnelle Bereitstellung f\u00fcr zeitkritische Eins\u00e4tze<\/li>\n<li data-section-id=\"1l8m953\" data-start=\"767\" data-end=\"827\"><strong data-start=\"769\" data-end=\"794\">Maximale Flexibilit\u00e4t<\/strong> \u2013 von Tages- bis Langzeitmiete<\/li>\n<li data-section-id=\"s713oq\" data-start=\"828\" data-end=\"891\"><strong data-start=\"830\" data-end=\"857\">Top gewartete Maschinen<\/strong> \u2013 einsatzbereit und zuverl\u00e4ssig<\/li>\n<li data-section-id=\"5yqtbg\" data-start=\"892\" data-end=\"968\"><strong data-start=\"894\" data-end=\"916\">Beratung inklusive<\/strong> \u2013 wir finden die passende L\u00f6sung f\u00fcr Ihr Projekt<\/li>\n<li data-section-id=\"2o6bhf\" data-start=\"969\" data-end=\"1043\"><strong data-start=\"971\" data-end=\"990\">Planbare Kosten<\/strong> \u2013 volle Transparenz ohne versteckte \u00dcberraschungen<\/li>\n<\/ul>\n<p data-start=\"1322\" data-end=\"1486\">Sagen Sie uns, was Sie vorhaben \u2013 wir k\u00fcmmern uns um den Rest. Von der Auswahl des passenden Ger\u00e4tes bis zur Organisation der Lieferung stehen wir als Partner zur Seite.<\/p>\n<h5>Jetzt unverbindlich anfragen und projekt starten!<\/h5>\n<p>Mailto: info@brokk-rental.de<\/p>\n<p>&nbsp;<\/p>\n","protected":false},"excerpt":{"rendered":"<p>BROKK-RENTAL &#8211; Volle Flexibilit\u00e4t mieten statt kaufen Nicht jedes Projekt erfordert eine eigene Maschine. Mit unserem Mietangebot bleiben Sie flexibel, schonen Ihr Budget und k\u00f6nnen jederzeit auf modernste Technik zugreifen. Ob kurzfristiger Einsatz oder projektbezogene Unterst\u00fctzung: \u00dcber Brokk-Rental erhalten Sie\u2026<\/p>\n","protected":false},"author":48,"featured_media":7701,"parent":0,"menu_order":190,"comment_status":"closed","ping_status":"closed","template":"page-templates\/common.php","meta":{"_acf_changed":false,"_relevanssi_hide_post":"","_relevanssi_hide_content":"","_relevanssi_pin_for_all":"","_relevanssi_pin_keywords":"","_relevanssi_unpin_keywords":"","_relevanssi_related_keywords":"","_relevanssi_related_include_ids":"","_relevanssi_related_exclude_ids":"","_relevanssi_related_no_append":"","_relevanssi_related_not_related":"","_relevanssi_related_posts":"","_relevanssi_noindex_reason":"","footnotes":""},"class_list":["post-7674","page","type-page","status-publish","has-post-thumbnail","hentry"],"acf":[],"yoast_head":"<!-- This site is optimized with the Yoast SEO plugin v27.3 - https:\/\/yoast.com\/product\/yoast-seo-wordpress\/ -->\n<title>BROKK-RENTAL - Brokk Deutschland<\/title>\n<meta name=\"robots\" content=\"index, follow, max-snippet:-1, max-image-preview:large, max-video-preview:-1\" \/>\n<link rel=\"canonical\" href=\"https:\/\/www.brokk.com\/de\/mietpark\/\" \/>\n<meta property=\"og:locale\" content=\"de_DE\" \/>\n<meta property=\"og:type\" content=\"article\" \/>\n<meta property=\"og:title\" content=\"BROKK-RENTAL - Brokk Deutschland\" \/>\n<meta property=\"og:description\" content=\"BROKK-RENTAL &#8211; Volle Flexibilit\u00e4t mieten statt kaufen Nicht jedes Projekt erfordert eine eigene Maschine. Mit unserem Mietangebot bleiben Sie flexibel, schonen Ihr Budget und k\u00f6nnen jederzeit auf modernste Technik zugreifen. Ob kurzfristiger Einsatz oder projektbezogene Unterst\u00fctzung: \u00dcber Brokk-Rental erhalten Sie\u2026\" \/>\n<meta property=\"og:url\" content=\"https:\/\/www.brokk.com\/de\/mietpark\/\" \/>\n<meta property=\"og:site_name\" content=\"Brokk Deutschland\" \/>\n<meta property=\"article:modified_time\" content=\"2026-04-09T11:38:31+00:00\" \/>\n<meta property=\"og:image\" content=\"https:\/\/www.brokk.com\/de\/uploads\/sites\/14\/2025\/01\/kein-titel-150-x-90-mm-100-x-40-mm-100-x-40-mm-1080-x-300-px-5.png\" \/>\n\t<meta property=\"og:image:width\" content=\"1080\" \/>\n\t<meta property=\"og:image:height\" content=\"1080\" \/>\n\t<meta property=\"og:image:type\" content=\"image\/png\" \/>\n<meta name=\"twitter:card\" content=\"summary_large_image\" \/>\n<meta name=\"twitter:label1\" content=\"Gesch\u00e4tzte Lesezeit\" \/>\n\t<meta name=\"twitter:data1\" content=\"2\u00a0Minute\" \/>\n<script type=\"application\/ld+json\" class=\"yoast-schema-graph\">{\"@context\":\"https:\\\/\\\/schema.org\",\"@graph\":[{\"@type\":\"WebPage\",\"@id\":\"https:\\\/\\\/www.brokk.com\\\/de\\\/mietpark\\\/\",\"url\":\"https:\\\/\\\/www.brokk.com\\\/de\\\/mietpark\\\/\",\"name\":\"BROKK-RENTAL - Brokk Deutschland\",\"isPartOf\":{\"@id\":\"https:\\\/\\\/www.brokk.com\\\/de\\\/#website\"},\"primaryImageOfPage\":{\"@id\":\"https:\\\/\\\/www.brokk.com\\\/de\\\/mietpark\\\/#primaryimage\"},\"image\":{\"@id\":\"https:\\\/\\\/www.brokk.com\\\/de\\\/mietpark\\\/#primaryimage\"},\"thumbnailUrl\":\"https:\\\/\\\/www.brokk.com\\\/de\\\/uploads\\\/sites\\\/14\\\/2025\\\/01\\\/kein-titel-150-x-90-mm-100-x-40-mm-100-x-40-mm-1080-x-300-px-5.png\",\"datePublished\":\"2025-01-23T10:17:29+00:00\",\"dateModified\":\"2026-04-09T11:38:31+00:00\",\"breadcrumb\":{\"@id\":\"https:\\\/\\\/www.brokk.com\\\/de\\\/mietpark\\\/#breadcrumb\"},\"inLanguage\":\"de\",\"potentialAction\":[{\"@type\":\"ReadAction\",\"target\":[\"https:\\\/\\\/www.brokk.com\\\/de\\\/mietpark\\\/\"]}]},{\"@type\":\"ImageObject\",\"inLanguage\":\"de\",\"@id\":\"https:\\\/\\\/www.brokk.com\\\/de\\\/mietpark\\\/#primaryimage\",\"url\":\"https:\\\/\\\/www.brokk.com\\\/de\\\/uploads\\\/sites\\\/14\\\/2025\\\/01\\\/kein-titel-150-x-90-mm-100-x-40-mm-100-x-40-mm-1080-x-300-px-5.png\",\"contentUrl\":\"https:\\\/\\\/www.brokk.com\\\/de\\\/uploads\\\/sites\\\/14\\\/2025\\\/01\\\/kein-titel-150-x-90-mm-100-x-40-mm-100-x-40-mm-1080-x-300-px-5.png\",\"width\":1080,\"height\":1080},{\"@type\":\"BreadcrumbList\",\"@id\":\"https:\\\/\\\/www.brokk.com\\\/de\\\/mietpark\\\/#breadcrumb\",\"itemListElement\":[{\"@type\":\"ListItem\",\"position\":1,\"name\":\"Home\",\"item\":\"https:\\\/\\\/www.brokk.com\\\/de\\\/home\\\/\"},{\"@type\":\"ListItem\",\"position\":2,\"name\":\"BROKK-RENTAL\"}]},{\"@type\":\"WebSite\",\"@id\":\"https:\\\/\\\/www.brokk.com\\\/de\\\/#website\",\"url\":\"https:\\\/\\\/www.brokk.com\\\/de\\\/\",\"name\":\"Brokk Deutschland\",\"description\":\"\",\"potentialAction\":[{\"@type\":\"SearchAction\",\"target\":{\"@type\":\"EntryPoint\",\"urlTemplate\":\"https:\\\/\\\/www.brokk.com\\\/de\\\/?s={search_term_string}\"},\"query-input\":{\"@type\":\"PropertyValueSpecification\",\"valueRequired\":true,\"valueName\":\"search_term_string\"}}],\"inLanguage\":\"de\"}]}<\/script>\n<!-- \/ Yoast SEO plugin. -->","yoast_head_json":{"title":"BROKK-RENTAL - Brokk Deutschland","robots":{"index":"index","follow":"follow","max-snippet":"max-snippet:-1","max-image-preview":"max-image-preview:large","max-video-preview":"max-video-preview:-1"},"canonical":"https:\/\/www.brokk.com\/de\/mietpark\/","og_locale":"de_DE","og_type":"article","og_title":"BROKK-RENTAL - Brokk Deutschland","og_description":"BROKK-RENTAL &#8211; Volle Flexibilit\u00e4t mieten statt kaufen Nicht jedes Projekt erfordert eine eigene Maschine. Mit unserem Mietangebot bleiben Sie flexibel, schonen Ihr Budget und k\u00f6nnen jederzeit auf modernste Technik zugreifen. Ob kurzfristiger Einsatz oder projektbezogene Unterst\u00fctzung: \u00dcber Brokk-Rental erhalten Sie\u2026","og_url":"https:\/\/www.brokk.com\/de\/mietpark\/","og_site_name":"Brokk Deutschland","article_modified_time":"2026-04-09T11:38:31+00:00","og_image":[{"width":1080,"height":1080,"url":"https:\/\/www.brokk.com\/de\/uploads\/sites\/14\/2025\/01\/kein-titel-150-x-90-mm-100-x-40-mm-100-x-40-mm-1080-x-300-px-5.png","type":"image\/png"}],"twitter_card":"summary_large_image","twitter_misc":{"Gesch\u00e4tzte Lesezeit":"2\u00a0Minute"},"schema":{"@context":"https:\/\/schema.org","@graph":[{"@type":"WebPage","@id":"https:\/\/www.brokk.com\/de\/mietpark\/","url":"https:\/\/www.brokk.com\/de\/mietpark\/","name":"BROKK-RENTAL - Brokk Deutschland","isPartOf":{"@id":"https:\/\/www.brokk.com\/de\/#website"},"primaryImageOfPage":{"@id":"https:\/\/www.brokk.com\/de\/mietpark\/#primaryimage"},"image":{"@id":"https:\/\/www.brokk.com\/de\/mietpark\/#primaryimage"},"thumbnailUrl":"https:\/\/www.brokk.com\/de\/uploads\/sites\/14\/2025\/01\/kein-titel-150-x-90-mm-100-x-40-mm-100-x-40-mm-1080-x-300-px-5.png","datePublished":"2025-01-23T10:17:29+00:00","dateModified":"2026-04-09T11:38:31+00:00","breadcrumb":{"@id":"https:\/\/www.brokk.com\/de\/mietpark\/#breadcrumb"},"inLanguage":"de","potentialAction":[{"@type":"ReadAction","target":["https:\/\/www.brokk.com\/de\/mietpark\/"]}]},{"@type":"ImageObject","inLanguage":"de","@id":"https:\/\/www.brokk.com\/de\/mietpark\/#primaryimage","url":"https:\/\/www.brokk.com\/de\/uploads\/sites\/14\/2025\/01\/kein-titel-150-x-90-mm-100-x-40-mm-100-x-40-mm-1080-x-300-px-5.png","contentUrl":"https:\/\/www.brokk.com\/de\/uploads\/sites\/14\/2025\/01\/kein-titel-150-x-90-mm-100-x-40-mm-100-x-40-mm-1080-x-300-px-5.png","width":1080,"height":1080},{"@type":"BreadcrumbList","@id":"https:\/\/www.brokk.com\/de\/mietpark\/#breadcrumb","itemListElement":[{"@type":"ListItem","position":1,"name":"Home","item":"https:\/\/www.brokk.com\/de\/home\/"},{"@type":"ListItem","position":2,"name":"BROKK-RENTAL"}]},{"@type":"WebSite","@id":"https:\/\/www.brokk.com\/de\/#website","url":"https:\/\/www.brokk.com\/de\/","name":"Brokk Deutschland","description":"","potentialAction":[{"@type":"SearchAction","target":{"@type":"EntryPoint","urlTemplate":"https:\/\/www.brokk.com\/de\/?s={search_term_string}"},"query-input":{"@type":"PropertyValueSpecification","valueRequired":true,"valueName":"search_term_string"}}],"inLanguage":"de"}]}},"_links":{"self":[{"href":"https:\/\/www.brokk.com\/de\/wp-json\/wp\/v2\/pages\/7674","targetHints":{"allow":["GET"]}}],"collection":[{"href":"https:\/\/www.brokk.com\/de\/wp-json\/wp\/v2\/pages"}],"about":[{"href":"https:\/\/www.brokk.com\/de\/wp-json\/wp\/v2\/types\/page"}],"author":[{"embeddable":true,"href":"https:\/\/www.brokk.com\/de\/wp-json\/wp\/v2\/users\/48"}],"replies":[{"embeddable":true,"href":"https:\/\/www.brokk.com\/de\/wp-json\/wp\/v2\/comments?post=7674"}],"version-history":[{"count":21,"href":"https:\/\/www.brokk.com\/de\/wp-json\/wp\/v2\/pages\/7674\/revisions"}],"predecessor-version":[{"id":8285,"href":"https:\/\/www.brokk.com\/de\/wp-json\/wp\/v2\/pages\/7674\/revisions\/8285"}],"wp:featuredmedia":[{"embeddable":true,"href":"https:\/\/www.brokk.com\/de\/wp-json\/wp\/v2\/media\/7701"}],"wp:attachment":[{"href":"https:\/\/www.brokk.com\/de\/wp-json\/wp\/v2\/media?parent=7674"}],"curies":[{"name":"wp","href":"https:\/\/api.w.org\/{rel}","templated":true}]}}