{"id":7888,"date":"2025-04-11T15:59:53","date_gmt":"2025-04-11T14:59:53","guid":{"rendered":"https:\/\/www.brokk.com\/de\/?page_id=7888"},"modified":"2025-04-11T16:05:19","modified_gmt":"2025-04-11T15:05:19","slug":"brokk-130","status":"publish","type":"page","link":"https:\/\/www.brokk.com\/de\/brokk-130\/","title":{"rendered":"Brokk 130+"},"content":{"rendered":"<h2>Brokk 130+ &#8211; Mehr Leistung. Mehr Pr\u00e4zision. Mehr M\u00f6glichkeiten.<\/h2>\n<p>Ein ganz neuer Roboter, der einen ganz neuen Standard setzt. Der <a href=\"https:\/\/www.brokk.com\/de\/product\/brokk-130plus\/\">Brokk 130+<\/a> (Link zur Produktseite) wurde von Grund auf neu entwickelt, um mehr Leistung, verbesserte Haltbarkeit und unerreichte Pr\u00e4zision zu bieten. Mit einem optimierten hydraulischen Antriebsstrang, einer verst\u00e4rkten Struktur und der Intelligenz von Brokk SmartPower+ hebt er den kompakten Abbruch auf die n\u00e4chste Stufe.<\/p>\n<p>&nbsp;<\/p>\n<div class=\"video-container\"><iframe loading=\"lazy\" title=\"Brokk 130\u207a \u2013 More Power. More Precision. More Possibilities.\" width=\"1024\" height=\"576\" src=\"https:\/\/www.youtube.com\/embed\/cipWgYj07Ic?feature=oembed\" frameborder=\"0\" allow=\"accelerometer; autoplay; clipboard-write; encrypted-media; gyroscope; picture-in-picture; web-share\" referrerpolicy=\"strict-origin-when-cross-origin\" allowfullscreen><\/iframe><\/div>\n<p>&nbsp;<\/p>\n<h2>Unleashing More Power<\/h2>\n<p>Der Brokk 130\u207a ist auf maximale Effizienz und Kraft ausgelegt. Dank eines optimierten Hydraulikantriebsstrangs liefert er bei gleichem Energieeinsatz eine h\u00f6here Bruchleistung und setzt damit neue Ma\u00dfst\u00e4be im Abbruch. Jede Bewegung ist kontrollierter, jede Aktion kraftvoller und jede Aufgabe produktiver. Das bedeutet weniger Energieverschwendung, h\u00f6here Leistung und un\u00fcbertroffene Abbruchleistung &#8211; alles in einem kompakten Kraftpaket.<\/p>\n<ul>\n<li><strong>40-60 % Produktionssteigerung<\/strong> &#8211; H\u00f6here Effizienz mit verbesserter Hydraulikleistung, die mehr Kraft ohne erh\u00f6hten Energieverbrauch liefert.<\/li>\n<li><strong>Optimierte Energieumwandlung<\/strong> &#8211; weniger Energieverschwendung, mehr Produktivit\u00e4t.<\/li>\n<li><strong>Neuer Motor, neue Pumpe und neue Hydraulikventile<\/strong> &#8211; Entwickelt f\u00fcr Spitzenleistung.<\/li>\n<\/ul>\n<p><img loading=\"lazy\" decoding=\"async\" class=\"alignnone size-medium wp-image-7843\" src=\"https:\/\/www.brokk.com\/de\/uploads\/sites\/14\/2025\/04\/r6__9970-green-lights-720x480.jpg\" alt=\"\" width=\"720\" height=\"480\" srcset=\"https:\/\/www.brokk.com\/de\/uploads\/sites\/14\/2025\/04\/r6__9970-green-lights-720x480.jpg 720w, https:\/\/www.brokk.com\/de\/uploads\/sites\/14\/2025\/04\/r6__9970-green-lights-1280x853.jpg 1280w, https:\/\/www.brokk.com\/de\/uploads\/sites\/14\/2025\/04\/r6__9970-green-lights-420x280.jpg 420w, https:\/\/www.brokk.com\/de\/uploads\/sites\/14\/2025\/04\/r6__9970-green-lights-768x512.jpg 768w, https:\/\/www.brokk.com\/de\/uploads\/sites\/14\/2025\/04\/r6__9970-green-lights-480x320.jpg 480w, https:\/\/www.brokk.com\/de\/uploads\/sites\/14\/2025\/04\/r6__9970-green-lights-48x32.jpg 48w, https:\/\/www.brokk.com\/de\/uploads\/sites\/14\/2025\/04\/r6__9970-green-lights.jpg 1440w\" sizes=\"auto, (max-width: 720px) 100vw, 720px\" \/><\/p>\n<h2>Ein HAMMER der f\u00fcr Aufsehen sorgt<\/h2>\n<p>Kraft braucht Pr\u00e4zision, und der <a href=\"https:\/\/www.brokk.com\/de\/product-attachment\/breakers\/\">BHB 175<\/a> Aufbrechhammer ist perfekt auf den Brokk 130\u207a abgestimmt. Mit 20% mehr Schlagkraft und 40% h\u00f6herer Schlagfrequenz maximiert er die Brucheffizienz und Produktivit\u00e4t. Speziell f\u00fcr den Brokk 130\u207a entwickelt, sorgt der BHB 175 f\u00fcr eine nahtlose Integration und liefert bei jedem Schlag gleichbleibende, leistungsstarke Ergebnisse.<\/p>\n<ul>\n<li><strong>20% mehr Schlagkraft<\/strong> &#8211; Erh\u00f6hte Abbruchleistung.<\/li>\n<li><strong>40% h\u00f6here Schlagfrequenz<\/strong> &#8211; Schnelleres, effektiveres Brechen.<\/li>\n<li><strong>Optimierte hydraulische Wirkung<\/strong> &#8211; Entwickelt f\u00fcr maximale Leistung mit dem Brokk 130\u207a.<\/li>\n<\/ul>\n<p><a href=\"https:\/\/www.brokk.com\/de\/uploads\/sites\/14\/2025\/04\/r6__1172-1-scaled.jpg\"><img loading=\"lazy\" decoding=\"async\" class=\"alignnone size-medium wp-image-7895\" src=\"https:\/\/www.brokk.com\/de\/uploads\/sites\/14\/2025\/04\/r6__1172-1-720x480.jpg\" alt=\"\" width=\"720\" height=\"480\" srcset=\"https:\/\/www.brokk.com\/de\/uploads\/sites\/14\/2025\/04\/r6__1172-1-720x480.jpg 720w, https:\/\/www.brokk.com\/de\/uploads\/sites\/14\/2025\/04\/r6__1172-1-1280x853.jpg 1280w, https:\/\/www.brokk.com\/de\/uploads\/sites\/14\/2025\/04\/r6__1172-1-420x280.jpg 420w, https:\/\/www.brokk.com\/de\/uploads\/sites\/14\/2025\/04\/r6__1172-1-768x512.jpg 768w, https:\/\/www.brokk.com\/de\/uploads\/sites\/14\/2025\/04\/r6__1172-1-1536x1024.jpg 1536w, https:\/\/www.brokk.com\/de\/uploads\/sites\/14\/2025\/04\/r6__1172-1-2048x1365.jpg 2048w, https:\/\/www.brokk.com\/de\/uploads\/sites\/14\/2025\/04\/r6__1172-1-1920x1280.jpg 1920w, https:\/\/www.brokk.com\/de\/uploads\/sites\/14\/2025\/04\/r6__1172-1-480x320.jpg 480w, https:\/\/www.brokk.com\/de\/uploads\/sites\/14\/2025\/04\/r6__1172-1-48x32.jpg 48w\" sizes=\"auto, (max-width: 720px) 100vw, 720px\" \/><\/a><\/p>\n<p>&nbsp;<\/p>\n<h2>Brokk SmartPower+ &#8211; Intelligenz trifft Leistung<\/h2>\n<p>&nbsp;<\/p>\n<p>Mit <a href=\"https:\/\/www.brokk.com\/de\/brokk-smartpowerplus\/\">BROKK SMARTPOWER+<\/a> optimiert der Brokk 130\u207a die Leistungsverteilung, um Spitzenleistung und Effizienz zu gew\u00e4hrleisten. Jede Funktion, von der Hydrauliksteuerung bis zum Energiefluss, wird intelligent gesteuert, um die Leistung zu maximieren und gleichzeitig wichtige Komponenten zu sch\u00fctzen. Das System passt sich in Echtzeit an, verhindert \u00dcberlastungen, reduziert unn\u00f6tigen Verschlei\u00df und erh\u00f6ht die Betriebszeit. Mehr Pr\u00e4zision, mehr Reaktionsf\u00e4higkeit und mehr Kontrolle &#8211; damit k\u00f6nnen die Bediener intelligenter, schneller und mit gr\u00f6\u00dferer Sicherheit arbeiten.<\/p>\n<ul>\n<li><strong>Leistungsoptimierung in Echtzeit<\/strong> &#8211; Sorgt f\u00fcr Effizienz und verhindert \u00dcberlastungen.<\/li>\n<li><strong>Verbesserte Energieeffizienz<\/strong> &#8211; Mehr Arbeit, weniger W\u00e4rmeverlust.<\/li>\n<li><strong>L\u00e4ngere Betriebszeit<\/strong> &#8211; Intelligenteres Energiemanagement verl\u00e4ngert die Lebensdauer der Maschine.<\/li>\n<\/ul>\n<p><a href=\"https:\/\/www.brokk.com\/de\/uploads\/sites\/14\/2025\/04\/r6__9964-1-scaled.jpg\"><img loading=\"lazy\" decoding=\"async\" class=\"alignnone size-medium wp-image-7893\" src=\"https:\/\/www.brokk.com\/de\/uploads\/sites\/14\/2025\/04\/r6__9964-1-720x480.jpg\" alt=\"\" width=\"720\" height=\"480\" srcset=\"https:\/\/www.brokk.com\/de\/uploads\/sites\/14\/2025\/04\/r6__9964-1-720x480.jpg 720w, https:\/\/www.brokk.com\/de\/uploads\/sites\/14\/2025\/04\/r6__9964-1-1280x853.jpg 1280w, https:\/\/www.brokk.com\/de\/uploads\/sites\/14\/2025\/04\/r6__9964-1-420x280.jpg 420w, https:\/\/www.brokk.com\/de\/uploads\/sites\/14\/2025\/04\/r6__9964-1-768x512.jpg 768w, https:\/\/www.brokk.com\/de\/uploads\/sites\/14\/2025\/04\/r6__9964-1-1536x1024.jpg 1536w, https:\/\/www.brokk.com\/de\/uploads\/sites\/14\/2025\/04\/r6__9964-1-2048x1365.jpg 2048w, https:\/\/www.brokk.com\/de\/uploads\/sites\/14\/2025\/04\/r6__9964-1-1920x1280.jpg 1920w, https:\/\/www.brokk.com\/de\/uploads\/sites\/14\/2025\/04\/r6__9964-1-480x320.jpg 480w, https:\/\/www.brokk.com\/de\/uploads\/sites\/14\/2025\/04\/r6__9964-1-48x32.jpg 48w\" sizes=\"auto, (max-width: 720px) 100vw, 720px\" \/><\/a><\/p>\n<p>&nbsp;<\/p>\n","protected":false},"excerpt":{"rendered":"<p>Brokk 130+ &#8211; Mehr Leistung. Mehr Pr\u00e4zision. Mehr M\u00f6glichkeiten. Ein ganz neuer Roboter, der einen ganz neuen Standard setzt. Der Brokk 130+ (Link zur Produktseite) wurde von Grund auf neu entwickelt, um mehr Leistung, verbesserte Haltbarkeit und unerreichte Pr\u00e4zision zu\u2026<\/p>\n","protected":false},"author":48,"featured_media":7818,"parent":0,"menu_order":4,"comment_status":"closed","ping_status":"closed","template":"page-templates\/campaign.php","meta":{"_acf_changed":false,"_relevanssi_hide_post":"","_relevanssi_hide_content":"","_relevanssi_pin_for_all":"","_relevanssi_pin_keywords":"","_relevanssi_unpin_keywords":"","_relevanssi_related_keywords":"","_relevanssi_related_include_ids":"","_relevanssi_related_exclude_ids":"","_relevanssi_related_no_append":"","_relevanssi_related_not_related":"","_relevanssi_related_posts":"","_relevanssi_noindex_reason":"","footnotes":""},"class_list":["post-7888","page","type-page","status-publish","has-post-thumbnail","hentry"],"acf":[],"yoast_head":"<!-- This site is optimized with the Yoast SEO plugin v27.3 - https:\/\/yoast.com\/product\/yoast-seo-wordpress\/ -->\n<title>Brokk 130+ - Brokk Deutschland<\/title>\n<meta name=\"robots\" content=\"index, follow, max-snippet:-1, max-image-preview:large, max-video-preview:-1\" \/>\n<link rel=\"canonical\" href=\"https:\/\/www.brokk.com\/de\/brokk-130\/\" \/>\n<meta property=\"og:locale\" content=\"de_DE\" \/>\n<meta property=\"og:type\" content=\"article\" \/>\n<meta property=\"og:title\" content=\"Brokk 130+ - Brokk Deutschland\" \/>\n<meta property=\"og:description\" content=\"Brokk 130+ &#8211; Mehr Leistung. Mehr Pr\u00e4zision. Mehr M\u00f6glichkeiten. Ein ganz neuer Roboter, der einen ganz neuen Standard setzt. Der Brokk 130+ (Link zur Produktseite) wurde von Grund auf neu entwickelt, um mehr Leistung, verbesserte Haltbarkeit und unerreichte Pr\u00e4zision zu\u2026\" \/>\n<meta property=\"og:url\" content=\"https:\/\/www.brokk.com\/de\/brokk-130\/\" \/>\n<meta property=\"og:site_name\" content=\"Brokk Deutschland\" \/>\n<meta property=\"article:modified_time\" content=\"2025-04-11T15:05:19+00:00\" \/>\n<meta property=\"og:image\" content=\"https:\/\/www.brokk.com\/de\/uploads\/sites\/14\/2025\/04\/brokk130-_construction_operator_text.jpg\" \/>\n\t<meta property=\"og:image:width\" content=\"1280\" \/>\n\t<meta property=\"og:image:height\" content=\"800\" \/>\n\t<meta property=\"og:image:type\" content=\"image\/jpeg\" \/>\n<meta name=\"twitter:card\" content=\"summary_large_image\" \/>\n<meta name=\"twitter:label1\" content=\"Gesch\u00e4tzte Lesezeit\" \/>\n\t<meta name=\"twitter:data1\" content=\"3\u00a0Minute\" \/>\n<script type=\"application\/ld+json\" class=\"yoast-schema-graph\">{\"@context\":\"https:\\\/\\\/schema.org\",\"@graph\":[{\"@type\":\"WebPage\",\"@id\":\"https:\\\/\\\/www.brokk.com\\\/de\\\/brokk-130\\\/\",\"url\":\"https:\\\/\\\/www.brokk.com\\\/de\\\/brokk-130\\\/\",\"name\":\"Brokk 130+ - Brokk Deutschland\",\"isPartOf\":{\"@id\":\"https:\\\/\\\/www.brokk.com\\\/de\\\/#website\"},\"primaryImageOfPage\":{\"@id\":\"https:\\\/\\\/www.brokk.com\\\/de\\\/brokk-130\\\/#primaryimage\"},\"image\":{\"@id\":\"https:\\\/\\\/www.brokk.com\\\/de\\\/brokk-130\\\/#primaryimage\"},\"thumbnailUrl\":\"https:\\\/\\\/www.brokk.com\\\/de\\\/uploads\\\/sites\\\/14\\\/2025\\\/04\\\/brokk130-_construction_operator_text.jpg\",\"datePublished\":\"2025-04-11T14:59:53+00:00\",\"dateModified\":\"2025-04-11T15:05:19+00:00\",\"breadcrumb\":{\"@id\":\"https:\\\/\\\/www.brokk.com\\\/de\\\/brokk-130\\\/#breadcrumb\"},\"inLanguage\":\"de\",\"potentialAction\":[{\"@type\":\"ReadAction\",\"target\":[\"https:\\\/\\\/www.brokk.com\\\/de\\\/brokk-130\\\/\"]}]},{\"@type\":\"ImageObject\",\"inLanguage\":\"de\",\"@id\":\"https:\\\/\\\/www.brokk.com\\\/de\\\/brokk-130\\\/#primaryimage\",\"url\":\"https:\\\/\\\/www.brokk.com\\\/de\\\/uploads\\\/sites\\\/14\\\/2025\\\/04\\\/brokk130-_construction_operator_text.jpg\",\"contentUrl\":\"https:\\\/\\\/www.brokk.com\\\/de\\\/uploads\\\/sites\\\/14\\\/2025\\\/04\\\/brokk130-_construction_operator_text.jpg\",\"width\":1280,\"height\":800},{\"@type\":\"BreadcrumbList\",\"@id\":\"https:\\\/\\\/www.brokk.com\\\/de\\\/brokk-130\\\/#breadcrumb\",\"itemListElement\":[{\"@type\":\"ListItem\",\"position\":1,\"name\":\"Home\",\"item\":\"https:\\\/\\\/www.brokk.com\\\/de\\\/home\\\/\"},{\"@type\":\"ListItem\",\"position\":2,\"name\":\"Brokk 130+\"}]},{\"@type\":\"WebSite\",\"@id\":\"https:\\\/\\\/www.brokk.com\\\/de\\\/#website\",\"url\":\"https:\\\/\\\/www.brokk.com\\\/de\\\/\",\"name\":\"Brokk Deutschland\",\"description\":\"\",\"potentialAction\":[{\"@type\":\"SearchAction\",\"target\":{\"@type\":\"EntryPoint\",\"urlTemplate\":\"https:\\\/\\\/www.brokk.com\\\/de\\\/?s={search_term_string}\"},\"query-input\":{\"@type\":\"PropertyValueSpecification\",\"valueRequired\":true,\"valueName\":\"search_term_string\"}}],\"inLanguage\":\"de\"}]}<\/script>\n<!-- \/ Yoast SEO plugin. -->","yoast_head_json":{"title":"Brokk 130+ - Brokk Deutschland","robots":{"index":"index","follow":"follow","max-snippet":"max-snippet:-1","max-image-preview":"max-image-preview:large","max-video-preview":"max-video-preview:-1"},"canonical":"https:\/\/www.brokk.com\/de\/brokk-130\/","og_locale":"de_DE","og_type":"article","og_title":"Brokk 130+ - Brokk Deutschland","og_description":"Brokk 130+ &#8211; Mehr Leistung. Mehr Pr\u00e4zision. Mehr M\u00f6glichkeiten. Ein ganz neuer Roboter, der einen ganz neuen Standard setzt. Der Brokk 130+ (Link zur Produktseite) wurde von Grund auf neu entwickelt, um mehr Leistung, verbesserte Haltbarkeit und unerreichte Pr\u00e4zision zu\u2026","og_url":"https:\/\/www.brokk.com\/de\/brokk-130\/","og_site_name":"Brokk Deutschland","article_modified_time":"2025-04-11T15:05:19+00:00","og_image":[{"width":1280,"height":800,"url":"https:\/\/www.brokk.com\/de\/uploads\/sites\/14\/2025\/04\/brokk130-_construction_operator_text.jpg","type":"image\/jpeg"}],"twitter_card":"summary_large_image","twitter_misc":{"Gesch\u00e4tzte Lesezeit":"3\u00a0Minute"},"schema":{"@context":"https:\/\/schema.org","@graph":[{"@type":"WebPage","@id":"https:\/\/www.brokk.com\/de\/brokk-130\/","url":"https:\/\/www.brokk.com\/de\/brokk-130\/","name":"Brokk 130+ - Brokk Deutschland","isPartOf":{"@id":"https:\/\/www.brokk.com\/de\/#website"},"primaryImageOfPage":{"@id":"https:\/\/www.brokk.com\/de\/brokk-130\/#primaryimage"},"image":{"@id":"https:\/\/www.brokk.com\/de\/brokk-130\/#primaryimage"},"thumbnailUrl":"https:\/\/www.brokk.com\/de\/uploads\/sites\/14\/2025\/04\/brokk130-_construction_operator_text.jpg","datePublished":"2025-04-11T14:59:53+00:00","dateModified":"2025-04-11T15:05:19+00:00","breadcrumb":{"@id":"https:\/\/www.brokk.com\/de\/brokk-130\/#breadcrumb"},"inLanguage":"de","potentialAction":[{"@type":"ReadAction","target":["https:\/\/www.brokk.com\/de\/brokk-130\/"]}]},{"@type":"ImageObject","inLanguage":"de","@id":"https:\/\/www.brokk.com\/de\/brokk-130\/#primaryimage","url":"https:\/\/www.brokk.com\/de\/uploads\/sites\/14\/2025\/04\/brokk130-_construction_operator_text.jpg","contentUrl":"https:\/\/www.brokk.com\/de\/uploads\/sites\/14\/2025\/04\/brokk130-_construction_operator_text.jpg","width":1280,"height":800},{"@type":"BreadcrumbList","@id":"https:\/\/www.brokk.com\/de\/brokk-130\/#breadcrumb","itemListElement":[{"@type":"ListItem","position":1,"name":"Home","item":"https:\/\/www.brokk.com\/de\/home\/"},{"@type":"ListItem","position":2,"name":"Brokk 130+"}]},{"@type":"WebSite","@id":"https:\/\/www.brokk.com\/de\/#website","url":"https:\/\/www.brokk.com\/de\/","name":"Brokk Deutschland","description":"","potentialAction":[{"@type":"SearchAction","target":{"@type":"EntryPoint","urlTemplate":"https:\/\/www.brokk.com\/de\/?s={search_term_string}"},"query-input":{"@type":"PropertyValueSpecification","valueRequired":true,"valueName":"search_term_string"}}],"inLanguage":"de"}]}},"_links":{"self":[{"href":"https:\/\/www.brokk.com\/de\/wp-json\/wp\/v2\/pages\/7888","targetHints":{"allow":["GET"]}}],"collection":[{"href":"https:\/\/www.brokk.com\/de\/wp-json\/wp\/v2\/pages"}],"about":[{"href":"https:\/\/www.brokk.com\/de\/wp-json\/wp\/v2\/types\/page"}],"author":[{"embeddable":true,"href":"https:\/\/www.brokk.com\/de\/wp-json\/wp\/v2\/users\/48"}],"replies":[{"embeddable":true,"href":"https:\/\/www.brokk.com\/de\/wp-json\/wp\/v2\/comments?post=7888"}],"version-history":[{"count":5,"href":"https:\/\/www.brokk.com\/de\/wp-json\/wp\/v2\/pages\/7888\/revisions"}],"predecessor-version":[{"id":7899,"href":"https:\/\/www.brokk.com\/de\/wp-json\/wp\/v2\/pages\/7888\/revisions\/7899"}],"wp:featuredmedia":[{"embeddable":true,"href":"https:\/\/www.brokk.com\/de\/wp-json\/wp\/v2\/media\/7818"}],"wp:attachment":[{"href":"https:\/\/www.brokk.com\/de\/wp-json\/wp\/v2\/media?parent=7888"}],"curies":[{"name":"wp","href":"https:\/\/api.w.org\/{rel}","templated":true}]}}