{"id":6778,"date":"2022-01-24T15:14:08","date_gmt":"2022-01-24T14:14:08","guid":{"rendered":"https:\/\/www.brokk.com\/de\/product\/brokk-500-pedestal-boom\/"},"modified":"2022-04-12T21:17:44","modified_gmt":"2022-04-12T20:17:44","slug":"brokk-500-pedestal-boom","status":"publish","type":"product","link":"https:\/\/www.brokk.com\/de\/product\/brokk-500-pedestal-boom\/","title":{"rendered":"Brokk 500 Pedestal Boom"},"excerpt":{"rendered":"<p>Der Brokk 500 Pedestal Boom ist f\u00fcr das Vorbrechen an Backenbrechern sowie an F\u00f6rder- und Sortierb\u00e4ndern (Grizzlies) bestimmt.<\/p>\n","protected":false},"parent":0,"menu_order":32,"template":"","class_list":["post-6778","product","type-product","status-publish","hentry"],"acf":[],"yoast_head":"<!-- This site is optimized with the Yoast SEO plugin v27.3 - https:\/\/yoast.com\/product\/yoast-seo-wordpress\/ -->\n<title>Brokk 500 Pedestal Boom - Brokk Deutschland<\/title>\n<meta name=\"robots\" content=\"index, follow, max-snippet:-1, max-image-preview:large, max-video-preview:-1\" \/>\n<link rel=\"canonical\" href=\"https:\/\/www.brokk.com\/de\/product\/brokk-500-pedestal-boom\/\" \/>\n<meta property=\"og:locale\" content=\"de_DE\" \/>\n<meta property=\"og:type\" content=\"article\" \/>\n<meta property=\"og:title\" content=\"Brokk 500 Pedestal Boom - Brokk Deutschland\" \/>\n<meta property=\"og:description\" content=\"Der Brokk 500 Pedestal Boom ist f\u00fcr das Vorbrechen an Backenbrechern sowie an F\u00f6rder- und Sortierb\u00e4ndern (Grizzlies) bestimmt.\" \/>\n<meta property=\"og:url\" content=\"https:\/\/www.brokk.com\/de\/product\/brokk-500-pedestal-boom\/\" \/>\n<meta property=\"og:site_name\" content=\"Brokk Deutschland\" \/>\n<meta property=\"article:modified_time\" content=\"2022-04-12T20:17:44+00:00\" \/>\n<meta name=\"twitter:card\" content=\"summary_large_image\" \/>\n<script type=\"application\/ld+json\" class=\"yoast-schema-graph\">{\"@context\":\"https:\\\/\\\/schema.org\",\"@graph\":[{\"@type\":\"WebPage\",\"@id\":\"https:\\\/\\\/www.brokk.com\\\/de\\\/product\\\/brokk-500-pedestal-boom\\\/\",\"url\":\"https:\\\/\\\/www.brokk.com\\\/de\\\/product\\\/brokk-500-pedestal-boom\\\/\",\"name\":\"Brokk 500 Pedestal Boom - Brokk Deutschland\",\"isPartOf\":{\"@id\":\"https:\\\/\\\/www.brokk.com\\\/de\\\/#website\"},\"datePublished\":\"2022-01-24T14:14:08+00:00\",\"dateModified\":\"2022-04-12T20:17:44+00:00\",\"breadcrumb\":{\"@id\":\"https:\\\/\\\/www.brokk.com\\\/de\\\/product\\\/brokk-500-pedestal-boom\\\/#breadcrumb\"},\"inLanguage\":\"de\",\"potentialAction\":[{\"@type\":\"ReadAction\",\"target\":[\"https:\\\/\\\/www.brokk.com\\\/de\\\/product\\\/brokk-500-pedestal-boom\\\/\"]}]},{\"@type\":\"BreadcrumbList\",\"@id\":\"https:\\\/\\\/www.brokk.com\\\/de\\\/product\\\/brokk-500-pedestal-boom\\\/#breadcrumb\",\"itemListElement\":[{\"@type\":\"ListItem\",\"position\":1,\"name\":\"Home\",\"item\":\"https:\\\/\\\/www.brokk.com\\\/de\\\/home\\\/\"},{\"@type\":\"ListItem\",\"position\":2,\"name\":\"PRODUKTE\",\"item\":\"https:\\\/\\\/www.brokk.com\\\/de\\\/product\\\/\"},{\"@type\":\"ListItem\",\"position\":3,\"name\":\"Brokk 500 Pedestal Boom\"}]},{\"@type\":\"WebSite\",\"@id\":\"https:\\\/\\\/www.brokk.com\\\/de\\\/#website\",\"url\":\"https:\\\/\\\/www.brokk.com\\\/de\\\/\",\"name\":\"Brokk Deutschland\",\"description\":\"\",\"potentialAction\":[{\"@type\":\"SearchAction\",\"target\":{\"@type\":\"EntryPoint\",\"urlTemplate\":\"https:\\\/\\\/www.brokk.com\\\/de\\\/?s={search_term_string}\"},\"query-input\":{\"@type\":\"PropertyValueSpecification\",\"valueRequired\":true,\"valueName\":\"search_term_string\"}}],\"inLanguage\":\"de\"}]}<\/script>\n<!-- \/ Yoast SEO plugin. -->","yoast_head_json":{"title":"Brokk 500 Pedestal Boom - Brokk Deutschland","robots":{"index":"index","follow":"follow","max-snippet":"max-snippet:-1","max-image-preview":"max-image-preview:large","max-video-preview":"max-video-preview:-1"},"canonical":"https:\/\/www.brokk.com\/de\/product\/brokk-500-pedestal-boom\/","og_locale":"de_DE","og_type":"article","og_title":"Brokk 500 Pedestal Boom - Brokk Deutschland","og_description":"Der Brokk 500 Pedestal Boom ist f\u00fcr das Vorbrechen an Backenbrechern sowie an F\u00f6rder- und Sortierb\u00e4ndern (Grizzlies) bestimmt.","og_url":"https:\/\/www.brokk.com\/de\/product\/brokk-500-pedestal-boom\/","og_site_name":"Brokk Deutschland","article_modified_time":"2022-04-12T20:17:44+00:00","twitter_card":"summary_large_image","schema":{"@context":"https:\/\/schema.org","@graph":[{"@type":"WebPage","@id":"https:\/\/www.brokk.com\/de\/product\/brokk-500-pedestal-boom\/","url":"https:\/\/www.brokk.com\/de\/product\/brokk-500-pedestal-boom\/","name":"Brokk 500 Pedestal Boom - Brokk Deutschland","isPartOf":{"@id":"https:\/\/www.brokk.com\/de\/#website"},"datePublished":"2022-01-24T14:14:08+00:00","dateModified":"2022-04-12T20:17:44+00:00","breadcrumb":{"@id":"https:\/\/www.brokk.com\/de\/product\/brokk-500-pedestal-boom\/#breadcrumb"},"inLanguage":"de","potentialAction":[{"@type":"ReadAction","target":["https:\/\/www.brokk.com\/de\/product\/brokk-500-pedestal-boom\/"]}]},{"@type":"BreadcrumbList","@id":"https:\/\/www.brokk.com\/de\/product\/brokk-500-pedestal-boom\/#breadcrumb","itemListElement":[{"@type":"ListItem","position":1,"name":"Home","item":"https:\/\/www.brokk.com\/de\/home\/"},{"@type":"ListItem","position":2,"name":"PRODUKTE","item":"https:\/\/www.brokk.com\/de\/product\/"},{"@type":"ListItem","position":3,"name":"Brokk 500 Pedestal Boom"}]},{"@type":"WebSite","@id":"https:\/\/www.brokk.com\/de\/#website","url":"https:\/\/www.brokk.com\/de\/","name":"Brokk Deutschland","description":"","potentialAction":[{"@type":"SearchAction","target":{"@type":"EntryPoint","urlTemplate":"https:\/\/www.brokk.com\/de\/?s={search_term_string}"},"query-input":{"@type":"PropertyValueSpecification","valueRequired":true,"valueName":"search_term_string"}}],"inLanguage":"de"}]}},"_links":{"self":[{"href":"https:\/\/www.brokk.com\/de\/wp-json\/wp\/v2\/product\/6778","targetHints":{"allow":["GET"]}}],"collection":[{"href":"https:\/\/www.brokk.com\/de\/wp-json\/wp\/v2\/product"}],"about":[{"href":"https:\/\/www.brokk.com\/de\/wp-json\/wp\/v2\/types\/product"}],"version-history":[{"count":6,"href":"https:\/\/www.brokk.com\/de\/wp-json\/wp\/v2\/product\/6778\/revisions"}],"predecessor-version":[{"id":6808,"href":"https:\/\/www.brokk.com\/de\/wp-json\/wp\/v2\/product\/6778\/revisions\/6808"}],"wp:attachment":[{"href":"https:\/\/www.brokk.com\/de\/wp-json\/wp\/v2\/media?parent=6778"}],"curies":[{"name":"wp","href":"https:\/\/api.w.org\/{rel}","templated":true}]}}