{"id":3720,"date":"2018-05-18T09:46:41","date_gmt":"2018-05-18T08:46:41","guid":{"rendered":"https:\/\/www.brokk.com\/switzerland\/our-concept\/"},"modified":"2018-10-30T18:11:57","modified_gmt":"2018-10-30T17:11:57","slug":"our-concept","status":"publish","type":"page","link":"https:\/\/www.brokk.com\/it\/our-concept\/","title":{"rendered":"Il nostro concept"},"content":{"rendered":"<h3>Ridefiniamo il rapporto tra potenza e dimensione<\/h3>\n<p>I progetti di demolizione di successo in tutto il mondo portano tutti alla stessa conclusione: quando i metodi tradizionali non bastano \u2013 attrezzi manuali troppo lenti e pericolosi o che non possono eseguire un lavoro per carenza di spazio o di efficienza \u2013 la risposta \u00e8 Brokk.<br \/>\nI nostri robot per demolizione compatti determinano la redditivit\u00e0 della demolizione ridefinendo il rapporto peso-potenza.<\/p>\n<h4>POTENza compatta<\/h4>\n<p>Le macchine Brokk offrono potenza elevata e formato compatto. In qualsiasi settore &#8211; costruzioni, metallurgia, nucleare o sotterraneo &#8211; la forza straordinaria della macchina Brokk la rende la soluzione ideale per una demolizione efficiente, versatile e redditizia nonch\u00e9 per i lavori di manutenzione. Una macchina Brokk offre la stessa potenza di demolizione di uno scavatore quattro o cinque volte pi\u00f9 grande. Di conseguenza, una macchina Brokk da 5 t offre prestazioni superiori a uno scavatore da 20 t, mentre anche il robot Brokk pi\u00f9 piccolo da 500 kg completa spesso il lavoro 5-10 volte pi\u00f9 velocemente degli attrezzi manuali. E in tutti i modelli Brokk, questa capacit\u00e0 eccellente \u00e8 racchiusa in un formato incredibilmente compatto, leggero e facile da trasportare.<\/p>\n<h4>SICURa ED EFFICIENTe<\/h4>\n<p>Il radiocomando consente a un operatore Brokk di manovrare la macchina in modo efficiente, con una visibilit\u00e0 migliore e pi\u00f9 sicura. Il radiocomando permette all\u2019operatore di mantenersi lontano dalle aree esposte ed elimina i rischi associati alle vibrazioni pericolose, mentre il suo design intelligente ed ergonomico consente all\u2019operatore di rimanere produttivo anche per lunghi turni di lavoro. Inoltre, i nuovi impianti Brokk SmartPower\u2122 offrono alle macchine Brokk tutta la potenza, l\u2019affidabilit\u00e0 e la durata necessarie per i progetti pi\u00f9 impegnativi.<\/p>\n<h4>FLESSIBILe E VERSATILe<\/h4>\n<p>Il tratto distintivo di tutti i robot Brokk \u00e8 la versatilit\u00e0. Grazie all\u2019esclusivo sistema a tre bracci e al radiocomando, le macchine Brokk offrono agli operatori una imbattibile portata, precisione e stablit\u00e0. L&#8217;ampia gamma di utensili in continuo sviluppo sono perfetti per un\u2019infinita variet\u00e0 di applicazioni nei cantieri di oggi. A prescindere dalle vostre esigenze, troverete sempre la dimensione e l\u2019accessorio giusti per ogni progetto e situazione. E se cercate qualcosa di straordinario, potete personalizzare la vostra Brokk incorporando oltre 40 anni di esperienza e best practice.<\/p>\n<h4>ESPERIENZA E AFFIDABILITA&#8217;<\/h4>\n<p>Con oltre quattro decenni di esperienza nella demolizione, Brokk \u00e8 rimasta in cantiere quanto basta per aiutarvi a trovare la soluzione pi\u00f9 sicura, produttiva e redditizia in base alle vostre esigenze. I nostri esperti offrono una soluzione, non semplicemente una macchina. Grazie alla nostra rete di assistenza, supporto globale e Brokk UptimeTM \u2013 basta una telefonata per avere accesso ai ricambi, ai consigli dell\u2019esperto e alla nostra straordinaria conoscenza del settore.<\/p>\n<p>&nbsp;<\/p>\n<h3>BROKK OFFRE<\/h3>\n<h4>sistema di braccio in tre parti<\/h4>\n<p id=\"tw-target-text\" class=\"tw-data-text tw-ta tw-text-small\" dir=\"ltr\"><span lang=\"it\">Una soluzione forte e flessibile che garantisce una portata e una potenza straordinaria in tutte le direzioni, fornendo la massima precisione e accuratezza.<\/span><\/p>\n<h4>OPERAZIONI RADIO COMANDATE<\/h4>\n<p id=\"tw-target-text\" class=\"tw-data-text tw-ta tw-text-small\" dir=\"ltr\"><span lang=\"it\">Massima efficienza mantenendo l&#8217;operatore al sicuro da vibrazioni dannose e aree pericolose.<\/span><\/p>\n<h4>POTERE DI DEMOLIZIONE<\/h4>\n<p id=\"tw-target-text\" class=\"tw-data-text tw-ta tw-text-small\" dir=\"ltr\"><span lang=\"it\">Nonostante le dimensioni compatte, le macchine Brokk possono superare gli scavatori con dimensioni cinque volte superiori.\u00a0<\/span><\/p>\n<h4>NON EMETTE GAS DI SCARICO<\/h4>\n<p>Richiedono meno manutenzione e producono meno rumore.<\/p>\n<h4>COMPATTE E MANOVRABILI<\/h4>\n<p id=\"tw-target-text\" class=\"tw-data-text tw-ta tw-text-small\" dir=\"ltr\"><span lang=\"it\">Facile da manovrare e da trasportare. Pu\u00f2 accedere al sito attraverso spazi stretti e salendo le scale.<\/span><\/p>\n<h4>GLI STABILIZZATORI ASSICURANO STABILITA&#8217;<\/h4>\n<p id=\"tw-target-text\" class=\"tw-data-text tw-ta tw-text-medium\" dir=\"ltr\"><span lang=\"it\">\u00c8 possibile trasportare strumenti molto pesanti.<\/span><\/p>\n<h4>RESISTENTI AL CALORE<\/h4>\n<p><span lang=\"it\">Tutto \u00e8 protetto dal calore e dall&#8217;impatto: cofani, cilindri e parti componenti.<\/span><span lang=\"it\">\u00a0<\/span><\/p>\n<h4>vasta gamma di accessori<\/h4>\n<p id=\"tw-target-text\" class=\"tw-data-text tw-ta tw-text-small\" dir=\"ltr\"><span lang=\"it\">Un ampio assortimento di strumenti, molti specificamente progettati per le macchine Brokk. Attacchi rapidi brevettati per cambiare utensile in modo rapido e semplice.<\/span><\/p>\n<h4>ATTACCHI RAPIDI BREVETTATI<\/h4>\n<p id=\"tw-target-text\" class=\"tw-data-text tw-ta tw-text-small\" dir=\"ltr\"><span lang=\"it\">Consentono un risparmio in termini di peso e rende rapidi e sicuri i cambi di utensili.\u00a0<\/span><\/p>\n","protected":false},"excerpt":{"rendered":"<p>Ridefiniamo il rapporto tra potenza e dimensione I progetti di demolizione di successo in tutto il mondo portano tutti alla stessa conclusione: quando i metodi tradizionali non bastano \u2013 attrezzi manuali troppo lenti e pericolosi o che non possono eseguire\u2026<\/p>\n","protected":false},"author":36,"featured_media":0,"parent":0,"menu_order":82,"comment_status":"closed","ping_status":"closed","template":"page-templates\/common.php","meta":{"_acf_changed":false,"_relevanssi_hide_post":"","_relevanssi_hide_content":"","_relevanssi_pin_for_all":"","_relevanssi_pin_keywords":"","_relevanssi_unpin_keywords":"","_relevanssi_related_keywords":"","_relevanssi_related_include_ids":"","_relevanssi_related_exclude_ids":"","_relevanssi_related_no_append":"","_relevanssi_related_not_related":"","_relevanssi_related_posts":"","_relevanssi_noindex_reason":"","footnotes":""},"class_list":["post-3720","page","type-page","status-publish","hentry"],"acf":[],"yoast_head":"<!-- This site is optimized with the Yoast SEO plugin v27.3 - https:\/\/yoast.com\/product\/yoast-seo-wordpress\/ -->\n<title>Il nostro concept - Brokk Italy<\/title>\n<meta name=\"robots\" content=\"index, follow, max-snippet:-1, max-image-preview:large, max-video-preview:-1\" \/>\n<link rel=\"canonical\" href=\"https:\/\/www.brokk.com\/it\/our-concept\/\" \/>\n<meta property=\"og:locale\" content=\"it_IT\" \/>\n<meta property=\"og:type\" content=\"article\" \/>\n<meta property=\"og:title\" content=\"Il nostro concept - Brokk Italy\" \/>\n<meta property=\"og:description\" content=\"Ridefiniamo il rapporto tra potenza e dimensione I progetti di demolizione di successo in tutto il mondo portano tutti alla stessa conclusione: quando i metodi tradizionali non bastano \u2013 attrezzi manuali troppo lenti e pericolosi o che non possono eseguire\u2026\" \/>\n<meta property=\"og:url\" content=\"https:\/\/www.brokk.com\/it\/our-concept\/\" \/>\n<meta property=\"og:site_name\" content=\"Brokk Italy\" \/>\n<meta property=\"article:modified_time\" content=\"2018-10-30T17:11:57+00:00\" \/>\n<meta property=\"og:image\" content=\"https:\/\/www.brokk.com\/it\/uploads\/sites\/13\/2018\/03\/our-concept_hero.jpg\" \/>\n\t<meta property=\"og:image:width\" content=\"2560\" \/>\n\t<meta property=\"og:image:height\" content=\"1096\" \/>\n\t<meta property=\"og:image:type\" content=\"image\/jpeg\" \/>\n<meta name=\"twitter:card\" content=\"summary_large_image\" \/>\n<meta name=\"twitter:label1\" content=\"Tempo di lettura stimato\" \/>\n\t<meta name=\"twitter:data1\" content=\"3 minuti\" \/>\n<script type=\"application\/ld+json\" class=\"yoast-schema-graph\">{\"@context\":\"https:\\\/\\\/schema.org\",\"@graph\":[{\"@type\":\"WebPage\",\"@id\":\"https:\\\/\\\/www.brokk.com\\\/it\\\/our-concept\\\/\",\"url\":\"https:\\\/\\\/www.brokk.com\\\/it\\\/our-concept\\\/\",\"name\":\"Il nostro concept - Brokk Italy\",\"isPartOf\":{\"@id\":\"https:\\\/\\\/www.brokk.com\\\/it\\\/#website\"},\"datePublished\":\"2018-05-18T08:46:41+00:00\",\"dateModified\":\"2018-10-30T17:11:57+00:00\",\"breadcrumb\":{\"@id\":\"https:\\\/\\\/www.brokk.com\\\/it\\\/our-concept\\\/#breadcrumb\"},\"inLanguage\":\"it-IT\",\"potentialAction\":[{\"@type\":\"ReadAction\",\"target\":[\"https:\\\/\\\/www.brokk.com\\\/it\\\/our-concept\\\/\"]}]},{\"@type\":\"BreadcrumbList\",\"@id\":\"https:\\\/\\\/www.brokk.com\\\/it\\\/our-concept\\\/#breadcrumb\",\"itemListElement\":[{\"@type\":\"ListItem\",\"position\":1,\"name\":\"Home\",\"item\":\"https:\\\/\\\/www.brokk.com\\\/it\\\/home\\\/\"},{\"@type\":\"ListItem\",\"position\":2,\"name\":\"Il nostro concept\"}]},{\"@type\":\"WebSite\",\"@id\":\"https:\\\/\\\/www.brokk.com\\\/it\\\/#website\",\"url\":\"https:\\\/\\\/www.brokk.com\\\/it\\\/\",\"name\":\"Brokk Italy\",\"description\":\"\",\"potentialAction\":[{\"@type\":\"SearchAction\",\"target\":{\"@type\":\"EntryPoint\",\"urlTemplate\":\"https:\\\/\\\/www.brokk.com\\\/it\\\/?s={search_term_string}\"},\"query-input\":{\"@type\":\"PropertyValueSpecification\",\"valueRequired\":true,\"valueName\":\"search_term_string\"}}],\"inLanguage\":\"it-IT\"}]}<\/script>\n<!-- \/ Yoast SEO plugin. -->","yoast_head_json":{"title":"Il nostro concept - Brokk Italy","robots":{"index":"index","follow":"follow","max-snippet":"max-snippet:-1","max-image-preview":"max-image-preview:large","max-video-preview":"max-video-preview:-1"},"canonical":"https:\/\/www.brokk.com\/it\/our-concept\/","og_locale":"it_IT","og_type":"article","og_title":"Il nostro concept - Brokk Italy","og_description":"Ridefiniamo il rapporto tra potenza e dimensione I progetti di demolizione di successo in tutto il mondo portano tutti alla stessa conclusione: quando i metodi tradizionali non bastano \u2013 attrezzi manuali troppo lenti e pericolosi o che non possono eseguire\u2026","og_url":"https:\/\/www.brokk.com\/it\/our-concept\/","og_site_name":"Brokk Italy","article_modified_time":"2018-10-30T17:11:57+00:00","og_image":[{"width":2560,"height":1096,"url":"https:\/\/www.brokk.com\/it\/uploads\/sites\/13\/2018\/03\/our-concept_hero.jpg","type":"image\/jpeg"}],"twitter_card":"summary_large_image","twitter_misc":{"Tempo di lettura stimato":"3 minuti"},"schema":{"@context":"https:\/\/schema.org","@graph":[{"@type":"WebPage","@id":"https:\/\/www.brokk.com\/it\/our-concept\/","url":"https:\/\/www.brokk.com\/it\/our-concept\/","name":"Il nostro concept - Brokk Italy","isPartOf":{"@id":"https:\/\/www.brokk.com\/it\/#website"},"datePublished":"2018-05-18T08:46:41+00:00","dateModified":"2018-10-30T17:11:57+00:00","breadcrumb":{"@id":"https:\/\/www.brokk.com\/it\/our-concept\/#breadcrumb"},"inLanguage":"it-IT","potentialAction":[{"@type":"ReadAction","target":["https:\/\/www.brokk.com\/it\/our-concept\/"]}]},{"@type":"BreadcrumbList","@id":"https:\/\/www.brokk.com\/it\/our-concept\/#breadcrumb","itemListElement":[{"@type":"ListItem","position":1,"name":"Home","item":"https:\/\/www.brokk.com\/it\/home\/"},{"@type":"ListItem","position":2,"name":"Il nostro concept"}]},{"@type":"WebSite","@id":"https:\/\/www.brokk.com\/it\/#website","url":"https:\/\/www.brokk.com\/it\/","name":"Brokk Italy","description":"","potentialAction":[{"@type":"SearchAction","target":{"@type":"EntryPoint","urlTemplate":"https:\/\/www.brokk.com\/it\/?s={search_term_string}"},"query-input":{"@type":"PropertyValueSpecification","valueRequired":true,"valueName":"search_term_string"}}],"inLanguage":"it-IT"}]}},"_links":{"self":[{"href":"https:\/\/www.brokk.com\/it\/wp-json\/wp\/v2\/pages\/3720","targetHints":{"allow":["GET"]}}],"collection":[{"href":"https:\/\/www.brokk.com\/it\/wp-json\/wp\/v2\/pages"}],"about":[{"href":"https:\/\/www.brokk.com\/it\/wp-json\/wp\/v2\/types\/page"}],"author":[{"embeddable":true,"href":"https:\/\/www.brokk.com\/it\/wp-json\/wp\/v2\/users\/36"}],"replies":[{"embeddable":true,"href":"https:\/\/www.brokk.com\/it\/wp-json\/wp\/v2\/comments?post=3720"}],"version-history":[{"count":2,"href":"https:\/\/www.brokk.com\/it\/wp-json\/wp\/v2\/pages\/3720\/revisions"}],"predecessor-version":[{"id":4523,"href":"https:\/\/www.brokk.com\/it\/wp-json\/wp\/v2\/pages\/3720\/revisions\/4523"}],"wp:attachment":[{"href":"https:\/\/www.brokk.com\/it\/wp-json\/wp\/v2\/media?parent=3720"}],"curies":[{"name":"wp","href":"https:\/\/api.w.org\/{rel}","templated":true}]}}