{"id":3812,"date":"2018-04-06T09:19:37","date_gmt":"2018-04-06T08:19:37","guid":{"rendered":"https:\/\/www.brokk.com\/switzerland\/after-sales\/brokk-academy\/"},"modified":"2019-04-01T15:52:20","modified_gmt":"2019-04-01T14:52:20","slug":"brokk-academy","status":"publish","type":"page","link":"https:\/\/www.brokk.com\/it\/after-sales\/brokk-academy\/","title":{"rendered":"Brokk Academy"},"content":{"rendered":"<p>Per massimizzare la tua produttivit\u00e0 forniamo corsi di formazione specializzati sia per gli operatori di robot Brokk che per il personale di servizio. Imparare come\u00a0lavorare con la tua macchina in modo sicuro e intelligente render\u00e0 ogni lavoro pi\u00f9 redditizio e massimizzer\u00e0 il ritorno sul tuo investimento Brokk.<\/p>\n<p>Il nostro programma di formazione Brokk Academy ti fornisce tutte le conoscenze necessarie per operare in sicurezza e padroneggiare la tua macchina Brokk. Brokk Academy \u00e8 anche una guida efficace per ampliare la variet\u00e0 di lavori che attualmente sei in grado di fare. Sebbene la demolizione sia il compito principale di ogni Brokk, i nostri robot possono essere utilizzati per svolgere una vasta gamma di operazioni semplicemente equipaggiandoli con nuovi strumenti e attraverso una formazione adeguata.<\/p>\n<p>Scopri come ottenere il meglio dalla tua macchina Brokk, come portare a termine il lavoro pi\u00f9 velocemente possibile e come gestire e mantenere il tuo investimento! Contatta il rivenditore Brokk pi\u00f9 vicino, o noi direttamente, per maggiori informazioni contattaci a\u00a0<a href=\"mailto:info@brokk.it\">info@brokk.it<\/a>.<\/p>\n<p><img loading=\"lazy\" decoding=\"async\" class=\"alignnone size-medium wp-image-526\" src=\"https:\/\/www.brokk.com\/uploads\/2018\/03\/brokk-academy-1_content-720x480.jpg\" alt=\"Brokk academy\" width=\"720\" height=\"480\" srcset=\"https:\/\/www.brokk.com\/it\/uploads\/2018\/03\/brokk-academy-1_content-720x480.jpg 720w, https:\/\/www.brokk.com\/it\/uploads\/2018\/03\/brokk-academy-1_content-420x280.jpg 420w, https:\/\/www.brokk.com\/it\/uploads\/2018\/03\/brokk-academy-1_content-768x512.jpg 768w, https:\/\/www.brokk.com\/it\/uploads\/2018\/03\/brokk-academy-1_content-1280x853.jpg 1280w, https:\/\/www.brokk.com\/it\/uploads\/2018\/03\/brokk-academy-1_content-480x320.jpg 480w, https:\/\/www.brokk.com\/it\/uploads\/2018\/03\/brokk-academy-1_content-48x32.jpg 48w, https:\/\/www.brokk.com\/it\/uploads\/2018\/03\/brokk-academy-1_content.jpg 1440w\" sizes=\"auto, (max-width: 720px) 100vw, 720px\" \/><\/p>\n","protected":false},"excerpt":{"rendered":"<p>Per massimizzare la tua produttivit\u00e0 forniamo corsi di formazione specializzati sia per gli operatori di robot Brokk che per il personale di servizio. Imparare come\u00a0lavorare con la tua macchina in modo sicuro e intelligente render\u00e0 ogni lavoro pi\u00f9 redditizio e\u2026<\/p>\n","protected":false},"author":36,"featured_media":0,"parent":3791,"menu_order":35,"comment_status":"closed","ping_status":"closed","template":"page-templates\/common.php","meta":{"_acf_changed":false,"_relevanssi_hide_post":"","_relevanssi_hide_content":"","_relevanssi_pin_for_all":"","_relevanssi_pin_keywords":"","_relevanssi_unpin_keywords":"","_relevanssi_related_keywords":"","_relevanssi_related_include_ids":"","_relevanssi_related_exclude_ids":"","_relevanssi_related_no_append":"","_relevanssi_related_not_related":"","_relevanssi_related_posts":"","_relevanssi_noindex_reason":"","footnotes":""},"class_list":["post-3812","page","type-page","status-publish","hentry"],"acf":[],"yoast_head":"<!-- This site is optimized with the Yoast SEO plugin v27.3 - https:\/\/yoast.com\/product\/yoast-seo-wordpress\/ -->\n<title>Brokk Academy - Brokk Italy<\/title>\n<meta name=\"robots\" content=\"index, follow, max-snippet:-1, max-image-preview:large, max-video-preview:-1\" \/>\n<link rel=\"canonical\" href=\"https:\/\/www.brokk.com\/it\/after-sales\/brokk-academy\/\" \/>\n<meta property=\"og:locale\" content=\"it_IT\" \/>\n<meta property=\"og:type\" content=\"article\" \/>\n<meta property=\"og:title\" content=\"Brokk Academy - Brokk Italy\" \/>\n<meta property=\"og:description\" content=\"Per massimizzare la tua produttivit\u00e0 forniamo corsi di formazione specializzati sia per gli operatori di robot Brokk che per il personale di servizio. Imparare come\u00a0lavorare con la tua macchina in modo sicuro e intelligente render\u00e0 ogni lavoro pi\u00f9 redditizio e\u2026\" \/>\n<meta property=\"og:url\" content=\"https:\/\/www.brokk.com\/it\/after-sales\/brokk-academy\/\" \/>\n<meta property=\"og:site_name\" content=\"Brokk Italy\" \/>\n<meta property=\"article:modified_time\" content=\"2019-04-01T14:52:20+00:00\" \/>\n<meta property=\"og:image\" content=\"https:\/\/www.brokk.com\/it\/uploads\/sites\/13\/2018\/03\/brokk-academy_hero.jpg\" \/>\n\t<meta property=\"og:image:width\" content=\"2560\" \/>\n\t<meta property=\"og:image:height\" content=\"1096\" \/>\n\t<meta property=\"og:image:type\" content=\"image\/jpeg\" \/>\n<meta name=\"twitter:card\" content=\"summary_large_image\" \/>\n<meta name=\"twitter:label1\" content=\"Tempo di lettura stimato\" \/>\n\t<meta name=\"twitter:data1\" content=\"1 minuto\" \/>\n<script type=\"application\/ld+json\" class=\"yoast-schema-graph\">{\"@context\":\"https:\\\/\\\/schema.org\",\"@graph\":[{\"@type\":\"WebPage\",\"@id\":\"https:\\\/\\\/www.brokk.com\\\/it\\\/after-sales\\\/brokk-academy\\\/\",\"url\":\"https:\\\/\\\/www.brokk.com\\\/it\\\/after-sales\\\/brokk-academy\\\/\",\"name\":\"Brokk Academy - Brokk Italy\",\"isPartOf\":{\"@id\":\"https:\\\/\\\/www.brokk.com\\\/it\\\/#website\"},\"primaryImageOfPage\":{\"@id\":\"https:\\\/\\\/www.brokk.com\\\/it\\\/after-sales\\\/brokk-academy\\\/#primaryimage\"},\"image\":{\"@id\":\"https:\\\/\\\/www.brokk.com\\\/it\\\/after-sales\\\/brokk-academy\\\/#primaryimage\"},\"thumbnailUrl\":\"https:\\\/\\\/www.brokk.com\\\/uploads\\\/2018\\\/03\\\/brokk-academy-1_content-720x480.jpg\",\"datePublished\":\"2018-04-06T08:19:37+00:00\",\"dateModified\":\"2019-04-01T14:52:20+00:00\",\"breadcrumb\":{\"@id\":\"https:\\\/\\\/www.brokk.com\\\/it\\\/after-sales\\\/brokk-academy\\\/#breadcrumb\"},\"inLanguage\":\"it-IT\",\"potentialAction\":[{\"@type\":\"ReadAction\",\"target\":[\"https:\\\/\\\/www.brokk.com\\\/it\\\/after-sales\\\/brokk-academy\\\/\"]}]},{\"@type\":\"ImageObject\",\"inLanguage\":\"it-IT\",\"@id\":\"https:\\\/\\\/www.brokk.com\\\/it\\\/after-sales\\\/brokk-academy\\\/#primaryimage\",\"url\":\"https:\\\/\\\/www.brokk.com\\\/uploads\\\/2018\\\/03\\\/brokk-academy-1_content-720x480.jpg\",\"contentUrl\":\"https:\\\/\\\/www.brokk.com\\\/uploads\\\/2018\\\/03\\\/brokk-academy-1_content-720x480.jpg\"},{\"@type\":\"BreadcrumbList\",\"@id\":\"https:\\\/\\\/www.brokk.com\\\/it\\\/after-sales\\\/brokk-academy\\\/#breadcrumb\",\"itemListElement\":[{\"@type\":\"ListItem\",\"position\":1,\"name\":\"Home\",\"item\":\"https:\\\/\\\/www.brokk.com\\\/it\\\/home\\\/\"},{\"@type\":\"ListItem\",\"position\":2,\"name\":\"Servizio di assistenza post vendita\",\"item\":\"https:\\\/\\\/www.brokk.com\\\/it\\\/after-sales\\\/\"},{\"@type\":\"ListItem\",\"position\":3,\"name\":\"Brokk Academy\"}]},{\"@type\":\"WebSite\",\"@id\":\"https:\\\/\\\/www.brokk.com\\\/it\\\/#website\",\"url\":\"https:\\\/\\\/www.brokk.com\\\/it\\\/\",\"name\":\"Brokk Italy\",\"description\":\"\",\"potentialAction\":[{\"@type\":\"SearchAction\",\"target\":{\"@type\":\"EntryPoint\",\"urlTemplate\":\"https:\\\/\\\/www.brokk.com\\\/it\\\/?s={search_term_string}\"},\"query-input\":{\"@type\":\"PropertyValueSpecification\",\"valueRequired\":true,\"valueName\":\"search_term_string\"}}],\"inLanguage\":\"it-IT\"}]}<\/script>\n<!-- \/ Yoast SEO plugin. -->","yoast_head_json":{"title":"Brokk Academy - Brokk Italy","robots":{"index":"index","follow":"follow","max-snippet":"max-snippet:-1","max-image-preview":"max-image-preview:large","max-video-preview":"max-video-preview:-1"},"canonical":"https:\/\/www.brokk.com\/it\/after-sales\/brokk-academy\/","og_locale":"it_IT","og_type":"article","og_title":"Brokk Academy - Brokk Italy","og_description":"Per massimizzare la tua produttivit\u00e0 forniamo corsi di formazione specializzati sia per gli operatori di robot Brokk che per il personale di servizio. Imparare come\u00a0lavorare con la tua macchina in modo sicuro e intelligente render\u00e0 ogni lavoro pi\u00f9 redditizio e\u2026","og_url":"https:\/\/www.brokk.com\/it\/after-sales\/brokk-academy\/","og_site_name":"Brokk Italy","article_modified_time":"2019-04-01T14:52:20+00:00","og_image":[{"width":2560,"height":1096,"url":"https:\/\/www.brokk.com\/it\/uploads\/sites\/13\/2018\/03\/brokk-academy_hero.jpg","type":"image\/jpeg"}],"twitter_card":"summary_large_image","twitter_misc":{"Tempo di lettura stimato":"1 minuto"},"schema":{"@context":"https:\/\/schema.org","@graph":[{"@type":"WebPage","@id":"https:\/\/www.brokk.com\/it\/after-sales\/brokk-academy\/","url":"https:\/\/www.brokk.com\/it\/after-sales\/brokk-academy\/","name":"Brokk Academy - Brokk Italy","isPartOf":{"@id":"https:\/\/www.brokk.com\/it\/#website"},"primaryImageOfPage":{"@id":"https:\/\/www.brokk.com\/it\/after-sales\/brokk-academy\/#primaryimage"},"image":{"@id":"https:\/\/www.brokk.com\/it\/after-sales\/brokk-academy\/#primaryimage"},"thumbnailUrl":"https:\/\/www.brokk.com\/uploads\/2018\/03\/brokk-academy-1_content-720x480.jpg","datePublished":"2018-04-06T08:19:37+00:00","dateModified":"2019-04-01T14:52:20+00:00","breadcrumb":{"@id":"https:\/\/www.brokk.com\/it\/after-sales\/brokk-academy\/#breadcrumb"},"inLanguage":"it-IT","potentialAction":[{"@type":"ReadAction","target":["https:\/\/www.brokk.com\/it\/after-sales\/brokk-academy\/"]}]},{"@type":"ImageObject","inLanguage":"it-IT","@id":"https:\/\/www.brokk.com\/it\/after-sales\/brokk-academy\/#primaryimage","url":"https:\/\/www.brokk.com\/uploads\/2018\/03\/brokk-academy-1_content-720x480.jpg","contentUrl":"https:\/\/www.brokk.com\/uploads\/2018\/03\/brokk-academy-1_content-720x480.jpg"},{"@type":"BreadcrumbList","@id":"https:\/\/www.brokk.com\/it\/after-sales\/brokk-academy\/#breadcrumb","itemListElement":[{"@type":"ListItem","position":1,"name":"Home","item":"https:\/\/www.brokk.com\/it\/home\/"},{"@type":"ListItem","position":2,"name":"Servizio di assistenza post vendita","item":"https:\/\/www.brokk.com\/it\/after-sales\/"},{"@type":"ListItem","position":3,"name":"Brokk Academy"}]},{"@type":"WebSite","@id":"https:\/\/www.brokk.com\/it\/#website","url":"https:\/\/www.brokk.com\/it\/","name":"Brokk Italy","description":"","potentialAction":[{"@type":"SearchAction","target":{"@type":"EntryPoint","urlTemplate":"https:\/\/www.brokk.com\/it\/?s={search_term_string}"},"query-input":{"@type":"PropertyValueSpecification","valueRequired":true,"valueName":"search_term_string"}}],"inLanguage":"it-IT"}]}},"_links":{"self":[{"href":"https:\/\/www.brokk.com\/it\/wp-json\/wp\/v2\/pages\/3812","targetHints":{"allow":["GET"]}}],"collection":[{"href":"https:\/\/www.brokk.com\/it\/wp-json\/wp\/v2\/pages"}],"about":[{"href":"https:\/\/www.brokk.com\/it\/wp-json\/wp\/v2\/types\/page"}],"author":[{"embeddable":true,"href":"https:\/\/www.brokk.com\/it\/wp-json\/wp\/v2\/users\/36"}],"replies":[{"embeddable":true,"href":"https:\/\/www.brokk.com\/it\/wp-json\/wp\/v2\/comments?post=3812"}],"version-history":[{"count":3,"href":"https:\/\/www.brokk.com\/it\/wp-json\/wp\/v2\/pages\/3812\/revisions"}],"predecessor-version":[{"id":5666,"href":"https:\/\/www.brokk.com\/it\/wp-json\/wp\/v2\/pages\/3812\/revisions\/5666"}],"up":[{"embeddable":true,"href":"https:\/\/www.brokk.com\/it\/wp-json\/wp\/v2\/pages\/3791"}],"wp:attachment":[{"href":"https:\/\/www.brokk.com\/it\/wp-json\/wp\/v2\/media?parent=3812"}],"curies":[{"name":"wp","href":"https:\/\/api.w.org\/{rel}","templated":true}]}}