{"id":3821,"date":"2018-06-26T13:19:48","date_gmt":"2018-06-26T12:19:48","guid":{"rendered":"https:\/\/www.brokk.com\/switzerland\/after-sales\/service-agreement-copy\/"},"modified":"2018-12-18T12:09:45","modified_gmt":"2018-12-18T11:09:45","slug":"service-agreement-copy","status":"publish","type":"page","link":"https:\/\/www.brokk.com\/it\/after-sales\/service-agreement-copy\/","title":{"rendered":"Contratto di assistenza post vendita"},"content":{"rendered":"<p>I nostri contratti di servizio e assistenza post vendita sono resi possibili da una combinazione unica di diagnostica remota sicura, manutenzione preventiva e riscontro continuo. Grazie al tempo di fermo pianificato, garantiamo che l&#8217;assistenza e la manutenzione avvengano quando \u00e8 adatto a te, tenendo conto delle tue necessit\u00e0 di lavoro. Ogni servizio \u00e8 svolto da esperti Brokk autorizzati. Dopo aver firmato il contratto proattivo di assistenza puoi essere certo che la tua macchina Brokk \u00e8 sempre in buone mani ovunque operi, senza sorprese sgradite.<\/p>\n<p>&nbsp;<\/p>\n<h3>il nostro contratto di servizio post vendita include<\/h3>\n<h4>DIAGNOSTICA E MONITORAGGIO REMOTo SICURI<\/h4>\n<p>Una piccola &#8220;scatola nera&#8221; \u00e8 collegata alla tua macchina, consentendo la lettura a distanza dei tempi di funzionamento, codici di errore, temperatura e stato operativo. Questi dati sono protetti da crittografia e da password per garantire un trasferimento di dati pi\u00f9 sicuro possibile. Solo tu e il personale di servizio Brokk avrete accesso a queste informazioni. Tutte le attrezzature e gli utilizzi dei dati GSM e GPS (sistemi che consentono di avere accesso alla localizzazione della tua macchina) sono inclusi nell&#8217;accordo.<\/p>\n<h4>MANUTENZIONE PREVENTIVA<\/h4>\n<p>Attraverso la manutenzione programmata (durante i tempi di fermo stabiliti) e la manutenzione preventiva, ci assicureremo che la vostra macchina sia sempre nelle condizioni migliori. Nel vostro accordo di servizio personalizzato concorderemo quando e con che cadenza \u00e8 necessario svolgere la manutenzione preventiva in base alle vostre attivit\u00e0 e al numero di ore di funzionamento. Tutti i pezzi di ricambio e i materiali di consumo per la manutenzione concordata sono inclusi nel contratto.<\/p>\n<h4>condizioni generali della macchina<\/h4>\n<p>Ogni volta che esaminiamo la vostra macchina, viene effettuata un&#8217;ispezione completa del robot e degli strumenti correlati. Analizziamo i dati operativi e l&#8217;usura dei componenti meccanici, idraulici ed elettrici. Viene quindi implementato un piano d&#8217;azione in base al quale esaminiamo insieme le condizioni generali della macchina e diamo dei consigli relativamente a quali parti necessitano di essere modificate per garantire le prestazioni della macchina e ridurre al minimo i tempi di fermo.<\/p>\n<h4>feedback chiaro all&#8217;operatore<\/h4>\n<p>In qualit\u00e0 di condizione rilevante per il funzionamento continuo della macchina, informiamo l&#8217;operatore delle eventuali regolazioni necessarie per la manutenzione giornaliera, oppure dei comportamenti necessari per ridurre al minimo l&#8217;usura e quindi aumentare la longevit\u00e0 della macchina.<\/p>\n<h4>novita&#8217;: applicabile anche a macchine usate!<\/h4>\n<p>Per ulteriori informazioni sul contratto di assistenza Brokk e su quali macchine usate possono essere prese in considerazione ed essere oggetti di questo contratto di servizio, contatta il servizio di assistenza e supporto Brokk. Contattaci per sapere a chi rivolgerti nel mercato dove operi!<\/p>\n<p><img loading=\"lazy\" decoding=\"async\" class=\"alignnone size-medium wp-image-529\" src=\"https:\/\/www.brokk.com\/uploads\/2018\/03\/service-agreement-2_content-720x480.jpg\" alt=\"Brokk service\" width=\"720\" height=\"480\" srcset=\"https:\/\/www.brokk.com\/it\/uploads\/2018\/03\/service-agreement-2_content-720x480.jpg 720w, https:\/\/www.brokk.com\/it\/uploads\/2018\/03\/service-agreement-2_content-420x280.jpg 420w, https:\/\/www.brokk.com\/it\/uploads\/2018\/03\/service-agreement-2_content-768x512.jpg 768w, https:\/\/www.brokk.com\/it\/uploads\/2018\/03\/service-agreement-2_content-1280x853.jpg 1280w, https:\/\/www.brokk.com\/it\/uploads\/2018\/03\/service-agreement-2_content-480x320.jpg 480w, https:\/\/www.brokk.com\/it\/uploads\/2018\/03\/service-agreement-2_content-48x32.jpg 48w, https:\/\/www.brokk.com\/it\/uploads\/2018\/03\/service-agreement-2_content.jpg 1440w\" sizes=\"auto, (max-width: 720px) 100vw, 720px\" \/><\/p>\n","protected":false},"excerpt":{"rendered":"<p>I nostri contratti di servizio e assistenza post vendita sono resi possibili da una combinazione unica di diagnostica remota sicura, manutenzione preventiva e riscontro continuo. Grazie al tempo di fermo pianificato, garantiamo che l&#8217;assistenza e la manutenzione avvengano quando \u00e8\u2026<\/p>\n","protected":false},"author":22,"featured_media":3796,"parent":3791,"menu_order":129,"comment_status":"closed","ping_status":"closed","template":"page-templates\/common.php","meta":{"_acf_changed":false,"_relevanssi_hide_post":"","_relevanssi_hide_content":"","_relevanssi_pin_for_all":"","_relevanssi_pin_keywords":"","_relevanssi_unpin_keywords":"","_relevanssi_related_keywords":"","_relevanssi_related_include_ids":"","_relevanssi_related_exclude_ids":"","_relevanssi_related_no_append":"","_relevanssi_related_not_related":"","_relevanssi_related_posts":"","_relevanssi_noindex_reason":"","footnotes":""},"class_list":["post-3821","page","type-page","status-publish","has-post-thumbnail","hentry"],"acf":[],"yoast_head":"<!-- This site is optimized with the Yoast SEO plugin v27.3 - https:\/\/yoast.com\/product\/yoast-seo-wordpress\/ -->\n<title>Contratto di assistenza post vendita - Brokk Italy<\/title>\n<meta name=\"robots\" content=\"index, follow, max-snippet:-1, max-image-preview:large, max-video-preview:-1\" \/>\n<link rel=\"canonical\" href=\"https:\/\/www.brokk.com\/it\/after-sales\/service-agreement-copy\/\" \/>\n<meta property=\"og:locale\" content=\"it_IT\" \/>\n<meta property=\"og:type\" content=\"article\" \/>\n<meta property=\"og:title\" content=\"Contratto di assistenza post vendita - Brokk Italy\" \/>\n<meta property=\"og:description\" content=\"I nostri contratti di servizio e assistenza post vendita sono resi possibili da una combinazione unica di diagnostica remota sicura, manutenzione preventiva e riscontro continuo. Grazie al tempo di fermo pianificato, garantiamo che l&#8217;assistenza e la manutenzione avvengano quando \u00e8\u2026\" \/>\n<meta property=\"og:url\" content=\"https:\/\/www.brokk.com\/it\/after-sales\/service-agreement-copy\/\" \/>\n<meta property=\"og:site_name\" content=\"Brokk Italy\" \/>\n<meta property=\"article:modified_time\" content=\"2018-12-18T11:09:45+00:00\" \/>\n<meta property=\"og:image\" content=\"https:\/\/www.brokk.com\/it\/uploads\/sites\/13\/2018\/03\/service-agreement_hero.jpg\" \/>\n\t<meta property=\"og:image:width\" content=\"2560\" \/>\n\t<meta property=\"og:image:height\" content=\"1096\" \/>\n\t<meta property=\"og:image:type\" content=\"image\/jpeg\" \/>\n<meta name=\"twitter:card\" content=\"summary_large_image\" \/>\n<meta name=\"twitter:label1\" content=\"Tempo di lettura stimato\" \/>\n\t<meta name=\"twitter:data1\" content=\"2 minuti\" \/>\n<script type=\"application\/ld+json\" class=\"yoast-schema-graph\">{\"@context\":\"https:\\\/\\\/schema.org\",\"@graph\":[{\"@type\":\"WebPage\",\"@id\":\"https:\\\/\\\/www.brokk.com\\\/it\\\/after-sales\\\/service-agreement-copy\\\/\",\"url\":\"https:\\\/\\\/www.brokk.com\\\/it\\\/after-sales\\\/service-agreement-copy\\\/\",\"name\":\"Contratto di assistenza post vendita - Brokk Italy\",\"isPartOf\":{\"@id\":\"https:\\\/\\\/www.brokk.com\\\/it\\\/#website\"},\"primaryImageOfPage\":{\"@id\":\"https:\\\/\\\/www.brokk.com\\\/it\\\/after-sales\\\/service-agreement-copy\\\/#primaryimage\"},\"image\":{\"@id\":\"https:\\\/\\\/www.brokk.com\\\/it\\\/after-sales\\\/service-agreement-copy\\\/#primaryimage\"},\"thumbnailUrl\":\"https:\\\/\\\/www.brokk.com\\\/it\\\/uploads\\\/sites\\\/13\\\/2018\\\/03\\\/service-agreement_hero.jpg\",\"datePublished\":\"2018-06-26T12:19:48+00:00\",\"dateModified\":\"2018-12-18T11:09:45+00:00\",\"breadcrumb\":{\"@id\":\"https:\\\/\\\/www.brokk.com\\\/it\\\/after-sales\\\/service-agreement-copy\\\/#breadcrumb\"},\"inLanguage\":\"it-IT\",\"potentialAction\":[{\"@type\":\"ReadAction\",\"target\":[\"https:\\\/\\\/www.brokk.com\\\/it\\\/after-sales\\\/service-agreement-copy\\\/\"]}]},{\"@type\":\"ImageObject\",\"inLanguage\":\"it-IT\",\"@id\":\"https:\\\/\\\/www.brokk.com\\\/it\\\/after-sales\\\/service-agreement-copy\\\/#primaryimage\",\"url\":\"https:\\\/\\\/www.brokk.com\\\/it\\\/uploads\\\/sites\\\/13\\\/2018\\\/03\\\/service-agreement_hero.jpg\",\"contentUrl\":\"https:\\\/\\\/www.brokk.com\\\/it\\\/uploads\\\/sites\\\/13\\\/2018\\\/03\\\/service-agreement_hero.jpg\",\"width\":2560,\"height\":1096},{\"@type\":\"BreadcrumbList\",\"@id\":\"https:\\\/\\\/www.brokk.com\\\/it\\\/after-sales\\\/service-agreement-copy\\\/#breadcrumb\",\"itemListElement\":[{\"@type\":\"ListItem\",\"position\":1,\"name\":\"Home\",\"item\":\"https:\\\/\\\/www.brokk.com\\\/it\\\/home\\\/\"},{\"@type\":\"ListItem\",\"position\":2,\"name\":\"Servizio di assistenza post vendita\",\"item\":\"https:\\\/\\\/www.brokk.com\\\/it\\\/after-sales\\\/\"},{\"@type\":\"ListItem\",\"position\":3,\"name\":\"Contratto di assistenza post vendita\"}]},{\"@type\":\"WebSite\",\"@id\":\"https:\\\/\\\/www.brokk.com\\\/it\\\/#website\",\"url\":\"https:\\\/\\\/www.brokk.com\\\/it\\\/\",\"name\":\"Brokk Italy\",\"description\":\"\",\"potentialAction\":[{\"@type\":\"SearchAction\",\"target\":{\"@type\":\"EntryPoint\",\"urlTemplate\":\"https:\\\/\\\/www.brokk.com\\\/it\\\/?s={search_term_string}\"},\"query-input\":{\"@type\":\"PropertyValueSpecification\",\"valueRequired\":true,\"valueName\":\"search_term_string\"}}],\"inLanguage\":\"it-IT\"}]}<\/script>\n<!-- \/ Yoast SEO plugin. -->","yoast_head_json":{"title":"Contratto di assistenza post vendita - Brokk Italy","robots":{"index":"index","follow":"follow","max-snippet":"max-snippet:-1","max-image-preview":"max-image-preview:large","max-video-preview":"max-video-preview:-1"},"canonical":"https:\/\/www.brokk.com\/it\/after-sales\/service-agreement-copy\/","og_locale":"it_IT","og_type":"article","og_title":"Contratto di assistenza post vendita - Brokk Italy","og_description":"I nostri contratti di servizio e assistenza post vendita sono resi possibili da una combinazione unica di diagnostica remota sicura, manutenzione preventiva e riscontro continuo. Grazie al tempo di fermo pianificato, garantiamo che l&#8217;assistenza e la manutenzione avvengano quando \u00e8\u2026","og_url":"https:\/\/www.brokk.com\/it\/after-sales\/service-agreement-copy\/","og_site_name":"Brokk Italy","article_modified_time":"2018-12-18T11:09:45+00:00","og_image":[{"width":2560,"height":1096,"url":"https:\/\/www.brokk.com\/it\/uploads\/sites\/13\/2018\/03\/service-agreement_hero.jpg","type":"image\/jpeg"}],"twitter_card":"summary_large_image","twitter_misc":{"Tempo di lettura stimato":"2 minuti"},"schema":{"@context":"https:\/\/schema.org","@graph":[{"@type":"WebPage","@id":"https:\/\/www.brokk.com\/it\/after-sales\/service-agreement-copy\/","url":"https:\/\/www.brokk.com\/it\/after-sales\/service-agreement-copy\/","name":"Contratto di assistenza post vendita - Brokk Italy","isPartOf":{"@id":"https:\/\/www.brokk.com\/it\/#website"},"primaryImageOfPage":{"@id":"https:\/\/www.brokk.com\/it\/after-sales\/service-agreement-copy\/#primaryimage"},"image":{"@id":"https:\/\/www.brokk.com\/it\/after-sales\/service-agreement-copy\/#primaryimage"},"thumbnailUrl":"https:\/\/www.brokk.com\/it\/uploads\/sites\/13\/2018\/03\/service-agreement_hero.jpg","datePublished":"2018-06-26T12:19:48+00:00","dateModified":"2018-12-18T11:09:45+00:00","breadcrumb":{"@id":"https:\/\/www.brokk.com\/it\/after-sales\/service-agreement-copy\/#breadcrumb"},"inLanguage":"it-IT","potentialAction":[{"@type":"ReadAction","target":["https:\/\/www.brokk.com\/it\/after-sales\/service-agreement-copy\/"]}]},{"@type":"ImageObject","inLanguage":"it-IT","@id":"https:\/\/www.brokk.com\/it\/after-sales\/service-agreement-copy\/#primaryimage","url":"https:\/\/www.brokk.com\/it\/uploads\/sites\/13\/2018\/03\/service-agreement_hero.jpg","contentUrl":"https:\/\/www.brokk.com\/it\/uploads\/sites\/13\/2018\/03\/service-agreement_hero.jpg","width":2560,"height":1096},{"@type":"BreadcrumbList","@id":"https:\/\/www.brokk.com\/it\/after-sales\/service-agreement-copy\/#breadcrumb","itemListElement":[{"@type":"ListItem","position":1,"name":"Home","item":"https:\/\/www.brokk.com\/it\/home\/"},{"@type":"ListItem","position":2,"name":"Servizio di assistenza post vendita","item":"https:\/\/www.brokk.com\/it\/after-sales\/"},{"@type":"ListItem","position":3,"name":"Contratto di assistenza post vendita"}]},{"@type":"WebSite","@id":"https:\/\/www.brokk.com\/it\/#website","url":"https:\/\/www.brokk.com\/it\/","name":"Brokk Italy","description":"","potentialAction":[{"@type":"SearchAction","target":{"@type":"EntryPoint","urlTemplate":"https:\/\/www.brokk.com\/it\/?s={search_term_string}"},"query-input":{"@type":"PropertyValueSpecification","valueRequired":true,"valueName":"search_term_string"}}],"inLanguage":"it-IT"}]}},"_links":{"self":[{"href":"https:\/\/www.brokk.com\/it\/wp-json\/wp\/v2\/pages\/3821","targetHints":{"allow":["GET"]}}],"collection":[{"href":"https:\/\/www.brokk.com\/it\/wp-json\/wp\/v2\/pages"}],"about":[{"href":"https:\/\/www.brokk.com\/it\/wp-json\/wp\/v2\/types\/page"}],"author":[{"embeddable":true,"href":"https:\/\/www.brokk.com\/it\/wp-json\/wp\/v2\/users\/22"}],"replies":[{"embeddable":true,"href":"https:\/\/www.brokk.com\/it\/wp-json\/wp\/v2\/comments?post=3821"}],"version-history":[{"count":6,"href":"https:\/\/www.brokk.com\/it\/wp-json\/wp\/v2\/pages\/3821\/revisions"}],"predecessor-version":[{"id":5438,"href":"https:\/\/www.brokk.com\/it\/wp-json\/wp\/v2\/pages\/3821\/revisions\/5438"}],"up":[{"embeddable":true,"href":"https:\/\/www.brokk.com\/it\/wp-json\/wp\/v2\/pages\/3791"}],"wp:featuredmedia":[{"embeddable":true,"href":"https:\/\/www.brokk.com\/it\/wp-json\/wp\/v2\/media\/3796"}],"wp:attachment":[{"href":"https:\/\/www.brokk.com\/it\/wp-json\/wp\/v2\/media?parent=3821"}],"curies":[{"name":"wp","href":"https:\/\/api.w.org\/{rel}","templated":true}]}}