{"id":3919,"date":"2018-03-07T14:59:25","date_gmt":"2018-03-07T14:59:25","guid":{"rendered":"https:\/\/www.brokk.com\/switzerland\/why-brokk\/"},"modified":"2019-04-04T07:45:31","modified_gmt":"2019-04-04T06:45:31","slug":"why-brokk","status":"publish","type":"page","link":"https:\/\/www.brokk.com\/it\/why-brokk\/","title":{"rendered":"Perch\u00e9 Brokk"},"content":{"rendered":"<h2>il nostro segreto e&#8217; focalizzarci<\/h2>\n<p>Per oltre 40 anni ci siamo concentrati sullo sviluppo di robot da demolizione radio comandati per una demolizione sicura, efficiente, potente e redditizia. Questo \u00e8 il nostro campo di azione, la nostra passione e la nostra area di competenza. Mentre il concetto originale \u00e8 rimasto invariato \u2013 demolizione di qualit\u00e0, sicura, rapida ed economicamente vantaggiosa \u2013 l&#8217;innovazione costante \u00e8 anch&#8217;essa un segno distintivo di Brokk. Adattiamo i robot Brokk alle nuove richieste del mercato, alle nuove sfide e alle nuove aree di applicazione. In questo modo garantiamo una massima durata, miglioriamo l&#8217;ergonomia e la sicurezza rendendo possibile la realizzazione di progetti efficienti e redditizi.<\/p>\n<p>I progetti di demolizione di successo in tutto il mondo portano tutti alla stessa conclusione: quando i metodi tradizionali non bastano \u2013 attrezzi manuali troppo lenti e pericolosi o che non possono eseguire un lavoro per carenza di spazio o di efficienza \u2013 la risposta \u00e8 Brokk. I nostri robot per demolizione compatti determinano la redditivit\u00e0 della demolizione ridefinendo il rapporto peso-potenza.<\/p>\n<h4>i vantaggi di Brokk in breve<\/h4>\n<ul>\n<li>Potere di demolizione: nonostante le loro dimensioni compatte, le macchine Brokk possono superare le performance degli scavatori cinque volte pi\u00f9 grandi.<\/li>\n<li>Funzionamento a distanza: i robot radio comandati massimizzano l&#8217;efficienza mantenendo l&#8217;operatore al sicuro da vibrazioni dannose e aree pericolose.<\/li>\n<li>Sistema di braccio in tre parti: una soluzione forte e flessibile che consente di raggiungere una portata e potenza straordinarie in tutte le direzioni, garantendo la massima precisione e accuratezza.<\/li>\n<li>Assenza di gas di scarico: riduzione del rumore, minore manutenzione necessaria.<\/li>\n<li>Compatto e maneggevole: facile da manovrare e trasportare. Pu\u00f2 accedere al sito di lavoro attraverso spazi stretti e salendo le scale.<\/li>\n<li>Stabilizzatori che garantiscono stabilit\u00e0: soprattutto quando si utilizzano utensili pesanti.<\/li>\n<li>Resistenti al calore: cofani, cilindri e tutti gli altri componenti sono protetti dal calore e dagli urti.<\/li>\n<li>Attacchi rapidi brevettati: consentono un risparmio di peso e rendono possibili cambi utensile rapidi, semplici e sicuri.<\/li>\n<li>Vasta gamma di strumenti e utensili: molti sono appositamente progettati per i robot Brokk.<\/li>\n<\/ul>\n<h4>POTENZA COMPATTA<\/h4>\n<p>Le macchine Brokk offrono potenza elevata e formato compatto. In qualsiasi settore &#8211; costruzioni, metallurgia, nucleare o sotterraneo &#8211; la forza straordinaria della macchina Brokk la rende la soluzione ideale per una demolizione efficiente, versatile e redditizia nonch\u00e9 per i lavori di manutenzione. Una macchina Brokk offre la stessa potenza di demolizione di uno scavatore quattro o cinque volte pi\u00f9 grande. Di conseguenza, una macchina Brokk da 5 t offre prestazioni superiori a uno scavatore da 20 t, mentre anche il robot Brokk pi\u00f9 piccolo da 500 kg completa spesso il lavoro 5-10 volte pi\u00f9 velocemente degli attrezzi manuali. E in tutti i modelli Brokk, questa capacit\u00e0 eccellente \u00e8 racchiusa in un formato incredibilmente compatto, leggero e facile da trasportare.<\/p>\n<h4>SICURA ED EFFICIENTE<\/h4>\n<p>Il radiocomando consente a un operatore Brokk di manovrare la macchina in modo efficiente, con una visibilit\u00e0 migliore e pi\u00f9 sicura. Il radiocomando permette all\u2019operatore di mantenersi lontano dalle aree esposte ed elimina i rischi associati alle vibrazioni pericolose, mentre il suo design intelligente ed ergonomico consente all\u2019operatore di rimanere produttivo anche per lunghi turni di lavoro. Inoltre, i nuovi impianti Brokk SmartPower\u2122 offrono alle macchine Brokk tutta la potenza, l\u2019affidabilit\u00e0 e la durata necessarie per i progetti pi\u00f9 impegnativi.<\/p>\n<h4>FLESSIBILE E VERSATILE<\/h4>\n<p>Il tratto distintivo di tutti i robot Brokk \u00e8 la versatilit\u00e0. Grazie all\u2019esclusivo sistema a tre bracci e al radiocomando, le macchine Brokk offrono agli operatori una imbattibile portata, precisione e stablit\u00e0. L&#8217;ampia gamma di utensili in continuo sviluppo sono perfetti per un\u2019infinita variet\u00e0 di applicazioni nei cantieri di oggi. A prescindere dalle vostre esigenze, troverete sempre la dimensione e l\u2019accessorio giusti per ogni progetto e situazione. E se cercate qualcosa di straordinario, potete personalizzare la vostra Brokk incorporando oltre 40 anni di esperienza e best practice.<\/p>\n<h4>ESPERIENZA E AFFIDABILIT\u00c0<\/h4>\n<p>Con oltre quattro decenni di esperienza nella demolizione, Brokk \u00e8 rimasta in cantiere quanto basta per aiutarvi a trovare la soluzione pi\u00f9 sicura, produttiva e redditizia in base alle vostre esigenze. I nostri esperti offrono una soluzione, non semplicemente una macchina. Grazie alla nostra rete di assistenza, supporto globale e Brokk Uptime\u2122 \u2013 basta una telefonata per avere accesso ai ricambi, ai consigli dell\u2019esperto e alla nostra straordinaria conoscenza del settore.<\/p>\n<p>&nbsp;<\/p>\n<h3>le 5 principali ragioni per scegliere brokk<\/h3>\n<ol>\n<li><strong>Esperienza.<\/strong> Con oltre 40 anni di leadership in progettazione, produzione e utilizzo di robot per demolizione, sappiamo che cosa serve per eseguire un lavoro in modo sicuro, efficiente e redditizio.<\/li>\n<li><strong>Dedicati.<\/strong> Alla Brokk produciamo esclusivamente robot per demolizione. Dedichiamo il 100% del nostro tempo, risorse e passione a perfezionare le macchine per demolizione radiocomandate. Non facciamo nient\u2019altro.<\/li>\n<li><strong>Gamma.<\/strong> Nessun altro produttore sul mercato offre una gamma simile di robot per demolizione e accessori personalizzati. Scegliendo Brokk, avrete esattamente quello che desiderate.<\/li>\n<li><strong>Soluzioni.<\/strong> Non vendiamo prodotti, forniamo soluzioni in base alle vostre esigenze. Conosciamo i requisiti specifici di ogni settore e sappiamo in quali applicazioni una macchina Brokk pu\u00f2 fare la differenza.<\/li>\n<li><strong>Assistenza.<\/strong> Brokk Uptime\u2122 offre una rete di supporto globale con assistenza locale e personale esperto e competente.<\/li>\n<\/ol>\n","protected":false},"excerpt":{"rendered":"<p>il nostro segreto e&#8217; focalizzarci Per oltre 40 anni ci siamo concentrati sullo sviluppo di robot da demolizione radio comandati per una demolizione sicura, efficiente, potente e redditizia. Questo \u00e8 il nostro campo di azione, la nostra passione e la\u2026<\/p>\n","protected":false},"author":22,"featured_media":0,"parent":0,"menu_order":65,"comment_status":"closed","ping_status":"closed","template":"page-templates\/common.php","meta":{"_acf_changed":false,"_relevanssi_hide_post":"","_relevanssi_hide_content":"","_relevanssi_pin_for_all":"","_relevanssi_pin_keywords":"","_relevanssi_unpin_keywords":"","_relevanssi_related_keywords":"","_relevanssi_related_include_ids":"","_relevanssi_related_exclude_ids":"","_relevanssi_related_no_append":"","_relevanssi_related_not_related":"","_relevanssi_related_posts":"","_relevanssi_noindex_reason":"","footnotes":""},"class_list":["post-3919","page","type-page","status-publish","hentry"],"acf":[],"yoast_head":"<!-- This site is optimized with the Yoast SEO plugin v27.3 - https:\/\/yoast.com\/product\/yoast-seo-wordpress\/ -->\n<title>Perch\u00e9 Brokk - Brokk Italy<\/title>\n<meta name=\"robots\" content=\"index, follow, max-snippet:-1, max-image-preview:large, max-video-preview:-1\" \/>\n<link rel=\"canonical\" href=\"https:\/\/www.brokk.com\/it\/why-brokk\/\" \/>\n<meta property=\"og:locale\" content=\"it_IT\" \/>\n<meta property=\"og:type\" content=\"article\" \/>\n<meta property=\"og:title\" content=\"Perch\u00e9 Brokk - Brokk Italy\" \/>\n<meta property=\"og:description\" content=\"il nostro segreto e&#8217; focalizzarci Per oltre 40 anni ci siamo concentrati sullo sviluppo di robot da demolizione radio comandati per una demolizione sicura, efficiente, potente e redditizia. Questo \u00e8 il nostro campo di azione, la nostra passione e la\u2026\" \/>\n<meta property=\"og:url\" content=\"https:\/\/www.brokk.com\/it\/why-brokk\/\" \/>\n<meta property=\"og:site_name\" content=\"Brokk Italy\" \/>\n<meta property=\"article:modified_time\" content=\"2019-04-04T06:45:31+00:00\" \/>\n<meta property=\"og:image\" content=\"https:\/\/www.brokk.com\/it\/uploads\/sites\/13\/2018\/03\/why-brokk-brokk500_hero.jpg\" \/>\n\t<meta property=\"og:image:width\" content=\"2560\" \/>\n\t<meta property=\"og:image:height\" content=\"1096\" \/>\n\t<meta property=\"og:image:type\" content=\"image\/jpeg\" \/>\n<meta name=\"twitter:card\" content=\"summary_large_image\" \/>\n<meta name=\"twitter:label1\" content=\"Tempo di lettura stimato\" \/>\n\t<meta name=\"twitter:data1\" content=\"4 minuti\" \/>\n<script type=\"application\/ld+json\" class=\"yoast-schema-graph\">{\"@context\":\"https:\\\/\\\/schema.org\",\"@graph\":[{\"@type\":\"WebPage\",\"@id\":\"https:\\\/\\\/www.brokk.com\\\/it\\\/why-brokk\\\/\",\"url\":\"https:\\\/\\\/www.brokk.com\\\/it\\\/why-brokk\\\/\",\"name\":\"Perch\u00e9 Brokk - Brokk Italy\",\"isPartOf\":{\"@id\":\"https:\\\/\\\/www.brokk.com\\\/it\\\/#website\"},\"datePublished\":\"2018-03-07T14:59:25+00:00\",\"dateModified\":\"2019-04-04T06:45:31+00:00\",\"breadcrumb\":{\"@id\":\"https:\\\/\\\/www.brokk.com\\\/it\\\/why-brokk\\\/#breadcrumb\"},\"inLanguage\":\"it-IT\",\"potentialAction\":[{\"@type\":\"ReadAction\",\"target\":[\"https:\\\/\\\/www.brokk.com\\\/it\\\/why-brokk\\\/\"]}]},{\"@type\":\"BreadcrumbList\",\"@id\":\"https:\\\/\\\/www.brokk.com\\\/it\\\/why-brokk\\\/#breadcrumb\",\"itemListElement\":[{\"@type\":\"ListItem\",\"position\":1,\"name\":\"Home\",\"item\":\"https:\\\/\\\/www.brokk.com\\\/it\\\/\"},{\"@type\":\"ListItem\",\"position\":2,\"name\":\"Perch\u00e9 Brokk\"}]},{\"@type\":\"WebSite\",\"@id\":\"https:\\\/\\\/www.brokk.com\\\/it\\\/#website\",\"url\":\"https:\\\/\\\/www.brokk.com\\\/it\\\/\",\"name\":\"Brokk Italy\",\"description\":\"\",\"potentialAction\":[{\"@type\":\"SearchAction\",\"target\":{\"@type\":\"EntryPoint\",\"urlTemplate\":\"https:\\\/\\\/www.brokk.com\\\/it\\\/?s={search_term_string}\"},\"query-input\":{\"@type\":\"PropertyValueSpecification\",\"valueRequired\":true,\"valueName\":\"search_term_string\"}}],\"inLanguage\":\"it-IT\"}]}<\/script>\n<!-- \/ Yoast SEO plugin. -->","yoast_head_json":{"title":"Perch\u00e9 Brokk - Brokk Italy","robots":{"index":"index","follow":"follow","max-snippet":"max-snippet:-1","max-image-preview":"max-image-preview:large","max-video-preview":"max-video-preview:-1"},"canonical":"https:\/\/www.brokk.com\/it\/why-brokk\/","og_locale":"it_IT","og_type":"article","og_title":"Perch\u00e9 Brokk - Brokk Italy","og_description":"il nostro segreto e&#8217; focalizzarci Per oltre 40 anni ci siamo concentrati sullo sviluppo di robot da demolizione radio comandati per una demolizione sicura, efficiente, potente e redditizia. Questo \u00e8 il nostro campo di azione, la nostra passione e la\u2026","og_url":"https:\/\/www.brokk.com\/it\/why-brokk\/","og_site_name":"Brokk Italy","article_modified_time":"2019-04-04T06:45:31+00:00","og_image":[{"width":2560,"height":1096,"url":"https:\/\/www.brokk.com\/it\/uploads\/sites\/13\/2018\/03\/why-brokk-brokk500_hero.jpg","type":"image\/jpeg"}],"twitter_card":"summary_large_image","twitter_misc":{"Tempo di lettura stimato":"4 minuti"},"schema":{"@context":"https:\/\/schema.org","@graph":[{"@type":"WebPage","@id":"https:\/\/www.brokk.com\/it\/why-brokk\/","url":"https:\/\/www.brokk.com\/it\/why-brokk\/","name":"Perch\u00e9 Brokk - Brokk Italy","isPartOf":{"@id":"https:\/\/www.brokk.com\/it\/#website"},"datePublished":"2018-03-07T14:59:25+00:00","dateModified":"2019-04-04T06:45:31+00:00","breadcrumb":{"@id":"https:\/\/www.brokk.com\/it\/why-brokk\/#breadcrumb"},"inLanguage":"it-IT","potentialAction":[{"@type":"ReadAction","target":["https:\/\/www.brokk.com\/it\/why-brokk\/"]}]},{"@type":"BreadcrumbList","@id":"https:\/\/www.brokk.com\/it\/why-brokk\/#breadcrumb","itemListElement":[{"@type":"ListItem","position":1,"name":"Home","item":"https:\/\/www.brokk.com\/it\/"},{"@type":"ListItem","position":2,"name":"Perch\u00e9 Brokk"}]},{"@type":"WebSite","@id":"https:\/\/www.brokk.com\/it\/#website","url":"https:\/\/www.brokk.com\/it\/","name":"Brokk Italy","description":"","potentialAction":[{"@type":"SearchAction","target":{"@type":"EntryPoint","urlTemplate":"https:\/\/www.brokk.com\/it\/?s={search_term_string}"},"query-input":{"@type":"PropertyValueSpecification","valueRequired":true,"valueName":"search_term_string"}}],"inLanguage":"it-IT"}]}},"_links":{"self":[{"href":"https:\/\/www.brokk.com\/it\/wp-json\/wp\/v2\/pages\/3919","targetHints":{"allow":["GET"]}}],"collection":[{"href":"https:\/\/www.brokk.com\/it\/wp-json\/wp\/v2\/pages"}],"about":[{"href":"https:\/\/www.brokk.com\/it\/wp-json\/wp\/v2\/types\/page"}],"author":[{"embeddable":true,"href":"https:\/\/www.brokk.com\/it\/wp-json\/wp\/v2\/users\/22"}],"replies":[{"embeddable":true,"href":"https:\/\/www.brokk.com\/it\/wp-json\/wp\/v2\/comments?post=3919"}],"version-history":[{"count":3,"href":"https:\/\/www.brokk.com\/it\/wp-json\/wp\/v2\/pages\/3919\/revisions"}],"predecessor-version":[{"id":5684,"href":"https:\/\/www.brokk.com\/it\/wp-json\/wp\/v2\/pages\/3919\/revisions\/5684"}],"wp:attachment":[{"href":"https:\/\/www.brokk.com\/it\/wp-json\/wp\/v2\/media?parent=3919"}],"curies":[{"name":"wp","href":"https:\/\/api.w.org\/{rel}","templated":true}]}}