{"id":3965,"date":"2018-04-06T09:34:24","date_gmt":"2018-04-06T08:34:24","guid":{"rendered":"https:\/\/www.brokk.com\/switzerland\/about-brokk\/the-brokk-group\/"},"modified":"2018-10-30T16:07:36","modified_gmt":"2018-10-30T15:07:36","slug":"the-brokk-group","status":"publish","type":"page","link":"https:\/\/www.brokk.com\/it\/about-brokk\/the-brokk-group\/","title":{"rendered":"Il gruppo Brokk"},"content":{"rendered":"<p>Il Gruppo Brokk \u00e8 leader mondiale in attrezzature per demolizioni specializzate e tecnicamente avanzate, apparecchiature elettriche a prova di radiazioni e attrezzature per la manutenzione dei forni. Il gruppo \u00e8 composto da societ\u00e0 di produzione e di vendita leader di mercato in tutto il mondo.<\/p>\n<p>Le aziende di produzione sono:<\/p>\n<ul>\n<li>Brokk \u2013\u00a0 Il produttore leader mondiale di macchine da demolizione radio comandate avanzate, chiamate &#8220;robot da demolizione&#8221;.<\/li>\n<li>Brokk Bricking Solutions \u2013 Produttore principale di attrezzature specializzate per la manutenzione dei forni.<\/li>\n<li>Darda \u2013 Il principale produttore mondiale di pinze compatte per la demolizione di cemento, attrezzatura per il taglio del metallo, nonch\u00e9 di spacca rocce idraulici.<\/li>\n<li>Ahlberg Camera Systems \u2013 Un produttore leader a livello mondiale di sistemi di telecamere e sistemi di illuminazione specializzati a prova di radiazioni.<\/li>\n<li>Aquajet Systems \u2013 Il principale produttore mondiale di robot e attrezzature per l&#8217;idro-demolizione.<\/li>\n<\/ul>\n<p>Inoltre, il gruppo Brokk comprende 12 societ\u00e0 di vendita e assistenza in tutto il mondo. Nel 2017 il Gruppo Brokk contava oltre 300 dipendenti in tutto il mondo e un fatturato netto di circa 1 miliardo di corone svedesi.<img loading=\"lazy\" decoding=\"async\" class=\"alignnone size-medium wp-image-2032\" src=\"https:\/\/www.brokk.com\/uploads\/2018\/05\/brokk_world_map-720x480.jpg\" alt=\"Brokk sales and service companies across the world\" width=\"720\" height=\"480\" srcset=\"https:\/\/www.brokk.com\/it\/uploads\/2018\/05\/brokk_world_map-720x480.jpg 720w, https:\/\/www.brokk.com\/it\/uploads\/2018\/05\/brokk_world_map-420x280.jpg 420w, https:\/\/www.brokk.com\/it\/uploads\/2018\/05\/brokk_world_map-768x512.jpg 768w, https:\/\/www.brokk.com\/it\/uploads\/2018\/05\/brokk_world_map-1280x853.jpg 1280w, https:\/\/www.brokk.com\/it\/uploads\/2018\/05\/brokk_world_map-480x320.jpg 480w, https:\/\/www.brokk.com\/it\/uploads\/2018\/05\/brokk_world_map-48x32.jpg 48w, https:\/\/www.brokk.com\/it\/uploads\/2018\/05\/brokk_world_map.jpg 1440w\" sizes=\"auto, (max-width: 720px) 100vw, 720px\" \/><\/p>\n<p>Il gruppo Brokk fa parte della societ\u00e0 di investimento Lifco. Il concetto di business di Lifco \u00e8 acquisire e sviluppare attivit\u00e0 di nicchia e leader di mercato con del potenziale allo scopo di offrire una crescita sostenibile degli utili e robusti flussi di cassa nel tempo. Alla fine del 2017, Lifco comprendeva 138 societ\u00e0 operanti in 29 paesi, con circa 4.800 dipendenti. Nel 2017 Lifco ha realizzato un fatturato netto di 10 miliardi di corone svedesi e un Margine Operativo Lordo (EBITDA) pari a 1,7 miliardi di corone svedesi.<\/p>\n","protected":false},"excerpt":{"rendered":"<p>Il Gruppo Brokk \u00e8 leader mondiale in attrezzature per demolizioni specializzate e tecnicamente avanzate, apparecchiature elettriche a prova di radiazioni e attrezzature per la manutenzione dei forni. Il gruppo \u00e8 composto da societ\u00e0 di produzione e di vendita leader di\u2026<\/p>\n","protected":false},"author":36,"featured_media":3955,"parent":5322,"menu_order":157,"comment_status":"closed","ping_status":"closed","template":"page-templates\/common.php","meta":{"_acf_changed":false,"_relevanssi_hide_post":"","_relevanssi_hide_content":"","_relevanssi_pin_for_all":"","_relevanssi_pin_keywords":"","_relevanssi_unpin_keywords":"","_relevanssi_related_keywords":"","_relevanssi_related_include_ids":"","_relevanssi_related_exclude_ids":"","_relevanssi_related_no_append":"","_relevanssi_related_not_related":"","_relevanssi_related_posts":"","_relevanssi_noindex_reason":"","footnotes":""},"class_list":["post-3965","page","type-page","status-publish","has-post-thumbnail","hentry"],"acf":[],"yoast_head":"<!-- This site is optimized with the Yoast SEO plugin v27.3 - https:\/\/yoast.com\/product\/yoast-seo-wordpress\/ -->\n<title>Il gruppo Brokk - Brokk Italy<\/title>\n<meta name=\"robots\" content=\"index, follow, max-snippet:-1, max-image-preview:large, max-video-preview:-1\" \/>\n<link rel=\"canonical\" href=\"https:\/\/www.brokk.com\/it\/about-brokk\/the-brokk-group\/\" \/>\n<meta property=\"og:locale\" content=\"it_IT\" \/>\n<meta property=\"og:type\" content=\"article\" \/>\n<meta property=\"og:title\" content=\"Il gruppo Brokk - Brokk Italy\" \/>\n<meta property=\"og:description\" content=\"Il Gruppo Brokk \u00e8 leader mondiale in attrezzature per demolizioni specializzate e tecnicamente avanzate, apparecchiature elettriche a prova di radiazioni e attrezzature per la manutenzione dei forni. Il gruppo \u00e8 composto da societ\u00e0 di produzione e di vendita leader di\u2026\" \/>\n<meta property=\"og:url\" content=\"https:\/\/www.brokk.com\/it\/about-brokk\/the-brokk-group\/\" \/>\n<meta property=\"og:site_name\" content=\"Brokk Italy\" \/>\n<meta property=\"article:modified_time\" content=\"2018-10-30T15:07:36+00:00\" \/>\n<meta property=\"og:image\" content=\"https:\/\/www.brokk.com\/it\/uploads\/sites\/13\/2018\/03\/brokk_group_hero.jpg\" \/>\n\t<meta property=\"og:image:width\" content=\"2560\" \/>\n\t<meta property=\"og:image:height\" content=\"1096\" \/>\n\t<meta property=\"og:image:type\" content=\"image\/jpeg\" \/>\n<meta name=\"twitter:card\" content=\"summary_large_image\" \/>\n<meta name=\"twitter:label1\" content=\"Tempo di lettura stimato\" \/>\n\t<meta name=\"twitter:data1\" content=\"1 minuto\" \/>\n<script type=\"application\/ld+json\" class=\"yoast-schema-graph\">{\"@context\":\"https:\\\/\\\/schema.org\",\"@graph\":[{\"@type\":\"WebPage\",\"@id\":\"https:\\\/\\\/www.brokk.com\\\/it\\\/about-brokk\\\/the-brokk-group\\\/\",\"url\":\"https:\\\/\\\/www.brokk.com\\\/it\\\/about-brokk\\\/the-brokk-group\\\/\",\"name\":\"Il gruppo Brokk - Brokk Italy\",\"isPartOf\":{\"@id\":\"https:\\\/\\\/www.brokk.com\\\/it\\\/#website\"},\"primaryImageOfPage\":{\"@id\":\"https:\\\/\\\/www.brokk.com\\\/it\\\/about-brokk\\\/the-brokk-group\\\/#primaryimage\"},\"image\":{\"@id\":\"https:\\\/\\\/www.brokk.com\\\/it\\\/about-brokk\\\/the-brokk-group\\\/#primaryimage\"},\"thumbnailUrl\":\"https:\\\/\\\/www.brokk.com\\\/it\\\/uploads\\\/sites\\\/13\\\/2018\\\/03\\\/brokk_group_hero.jpg\",\"datePublished\":\"2018-04-06T08:34:24+00:00\",\"dateModified\":\"2018-10-30T15:07:36+00:00\",\"breadcrumb\":{\"@id\":\"https:\\\/\\\/www.brokk.com\\\/it\\\/about-brokk\\\/the-brokk-group\\\/#breadcrumb\"},\"inLanguage\":\"it-IT\",\"potentialAction\":[{\"@type\":\"ReadAction\",\"target\":[\"https:\\\/\\\/www.brokk.com\\\/it\\\/about-brokk\\\/the-brokk-group\\\/\"]}]},{\"@type\":\"ImageObject\",\"inLanguage\":\"it-IT\",\"@id\":\"https:\\\/\\\/www.brokk.com\\\/it\\\/about-brokk\\\/the-brokk-group\\\/#primaryimage\",\"url\":\"https:\\\/\\\/www.brokk.com\\\/it\\\/uploads\\\/sites\\\/13\\\/2018\\\/03\\\/brokk_group_hero.jpg\",\"contentUrl\":\"https:\\\/\\\/www.brokk.com\\\/it\\\/uploads\\\/sites\\\/13\\\/2018\\\/03\\\/brokk_group_hero.jpg\",\"width\":2560,\"height\":1096},{\"@type\":\"BreadcrumbList\",\"@id\":\"https:\\\/\\\/www.brokk.com\\\/it\\\/about-brokk\\\/the-brokk-group\\\/#breadcrumb\",\"itemListElement\":[{\"@type\":\"ListItem\",\"position\":1,\"name\":\"Home\",\"item\":\"https:\\\/\\\/www.brokk.com\\\/it\\\/home\\\/\"},{\"@type\":\"ListItem\",\"position\":2,\"name\":\"A proposito di Brokk\",\"item\":\"https:\\\/\\\/www.brokk.com\\\/it\\\/about-brokk\\\/\"},{\"@type\":\"ListItem\",\"position\":3,\"name\":\"Il gruppo Brokk\"}]},{\"@type\":\"WebSite\",\"@id\":\"https:\\\/\\\/www.brokk.com\\\/it\\\/#website\",\"url\":\"https:\\\/\\\/www.brokk.com\\\/it\\\/\",\"name\":\"Brokk Italy\",\"description\":\"\",\"potentialAction\":[{\"@type\":\"SearchAction\",\"target\":{\"@type\":\"EntryPoint\",\"urlTemplate\":\"https:\\\/\\\/www.brokk.com\\\/it\\\/?s={search_term_string}\"},\"query-input\":{\"@type\":\"PropertyValueSpecification\",\"valueRequired\":true,\"valueName\":\"search_term_string\"}}],\"inLanguage\":\"it-IT\"}]}<\/script>\n<!-- \/ Yoast SEO plugin. -->","yoast_head_json":{"title":"Il gruppo Brokk - Brokk Italy","robots":{"index":"index","follow":"follow","max-snippet":"max-snippet:-1","max-image-preview":"max-image-preview:large","max-video-preview":"max-video-preview:-1"},"canonical":"https:\/\/www.brokk.com\/it\/about-brokk\/the-brokk-group\/","og_locale":"it_IT","og_type":"article","og_title":"Il gruppo Brokk - Brokk Italy","og_description":"Il Gruppo Brokk \u00e8 leader mondiale in attrezzature per demolizioni specializzate e tecnicamente avanzate, apparecchiature elettriche a prova di radiazioni e attrezzature per la manutenzione dei forni. Il gruppo \u00e8 composto da societ\u00e0 di produzione e di vendita leader di\u2026","og_url":"https:\/\/www.brokk.com\/it\/about-brokk\/the-brokk-group\/","og_site_name":"Brokk Italy","article_modified_time":"2018-10-30T15:07:36+00:00","og_image":[{"width":2560,"height":1096,"url":"https:\/\/www.brokk.com\/it\/uploads\/sites\/13\/2018\/03\/brokk_group_hero.jpg","type":"image\/jpeg"}],"twitter_card":"summary_large_image","twitter_misc":{"Tempo di lettura stimato":"1 minuto"},"schema":{"@context":"https:\/\/schema.org","@graph":[{"@type":"WebPage","@id":"https:\/\/www.brokk.com\/it\/about-brokk\/the-brokk-group\/","url":"https:\/\/www.brokk.com\/it\/about-brokk\/the-brokk-group\/","name":"Il gruppo Brokk - Brokk Italy","isPartOf":{"@id":"https:\/\/www.brokk.com\/it\/#website"},"primaryImageOfPage":{"@id":"https:\/\/www.brokk.com\/it\/about-brokk\/the-brokk-group\/#primaryimage"},"image":{"@id":"https:\/\/www.brokk.com\/it\/about-brokk\/the-brokk-group\/#primaryimage"},"thumbnailUrl":"https:\/\/www.brokk.com\/it\/uploads\/sites\/13\/2018\/03\/brokk_group_hero.jpg","datePublished":"2018-04-06T08:34:24+00:00","dateModified":"2018-10-30T15:07:36+00:00","breadcrumb":{"@id":"https:\/\/www.brokk.com\/it\/about-brokk\/the-brokk-group\/#breadcrumb"},"inLanguage":"it-IT","potentialAction":[{"@type":"ReadAction","target":["https:\/\/www.brokk.com\/it\/about-brokk\/the-brokk-group\/"]}]},{"@type":"ImageObject","inLanguage":"it-IT","@id":"https:\/\/www.brokk.com\/it\/about-brokk\/the-brokk-group\/#primaryimage","url":"https:\/\/www.brokk.com\/it\/uploads\/sites\/13\/2018\/03\/brokk_group_hero.jpg","contentUrl":"https:\/\/www.brokk.com\/it\/uploads\/sites\/13\/2018\/03\/brokk_group_hero.jpg","width":2560,"height":1096},{"@type":"BreadcrumbList","@id":"https:\/\/www.brokk.com\/it\/about-brokk\/the-brokk-group\/#breadcrumb","itemListElement":[{"@type":"ListItem","position":1,"name":"Home","item":"https:\/\/www.brokk.com\/it\/home\/"},{"@type":"ListItem","position":2,"name":"A proposito di Brokk","item":"https:\/\/www.brokk.com\/it\/about-brokk\/"},{"@type":"ListItem","position":3,"name":"Il gruppo Brokk"}]},{"@type":"WebSite","@id":"https:\/\/www.brokk.com\/it\/#website","url":"https:\/\/www.brokk.com\/it\/","name":"Brokk Italy","description":"","potentialAction":[{"@type":"SearchAction","target":{"@type":"EntryPoint","urlTemplate":"https:\/\/www.brokk.com\/it\/?s={search_term_string}"},"query-input":{"@type":"PropertyValueSpecification","valueRequired":true,"valueName":"search_term_string"}}],"inLanguage":"it-IT"}]}},"_links":{"self":[{"href":"https:\/\/www.brokk.com\/it\/wp-json\/wp\/v2\/pages\/3965","targetHints":{"allow":["GET"]}}],"collection":[{"href":"https:\/\/www.brokk.com\/it\/wp-json\/wp\/v2\/pages"}],"about":[{"href":"https:\/\/www.brokk.com\/it\/wp-json\/wp\/v2\/types\/page"}],"author":[{"embeddable":true,"href":"https:\/\/www.brokk.com\/it\/wp-json\/wp\/v2\/users\/36"}],"replies":[{"embeddable":true,"href":"https:\/\/www.brokk.com\/it\/wp-json\/wp\/v2\/comments?post=3965"}],"version-history":[{"count":3,"href":"https:\/\/www.brokk.com\/it\/wp-json\/wp\/v2\/pages\/3965\/revisions"}],"predecessor-version":[{"id":4516,"href":"https:\/\/www.brokk.com\/it\/wp-json\/wp\/v2\/pages\/3965\/revisions\/4516"}],"up":[{"embeddable":true,"href":"https:\/\/www.brokk.com\/it\/wp-json\/wp\/v2\/pages\/5322"}],"wp:featuredmedia":[{"embeddable":true,"href":"https:\/\/www.brokk.com\/it\/wp-json\/wp\/v2\/media\/3955"}],"wp:attachment":[{"href":"https:\/\/www.brokk.com\/it\/wp-json\/wp\/v2\/media?parent=3965"}],"curies":[{"name":"wp","href":"https:\/\/api.w.org\/{rel}","templated":true}]}}