{"id":3970,"date":"2018-04-06T09:28:56","date_gmt":"2018-04-06T08:28:56","guid":{"rendered":"https:\/\/www.brokk.com\/switzerland\/about-brokk\/r-and-d\/"},"modified":"2018-10-30T18:20:39","modified_gmt":"2018-10-30T17:20:39","slug":"r-and-d","status":"publish","type":"page","link":"https:\/\/www.brokk.com\/it\/about-brokk\/r-and-d\/","title":{"rendered":"Ricerca e Sviluppo"},"content":{"rendered":"<p>Per oltre 40 anni Brokk ha guidato l&#8217;innovazione per i robot da demolizione, e continua a farlo anche oggi. L&#8217;origine di Brokk e il concetto di macchine da demolizione radio comandate provengono entrambi da due imprenditori che cercavano di risolvere le sfide della vita reale affrontate sul cantiere. Questa mentalit\u00e0 \u00e8 ancora al centro di tutta l&#8217;ingegneria, la ricerca e sviluppo condotte oggi da Brokk.<\/p>\n<p>Nuovi concetti, funzioni, scelte di progettazione o miglioramenti dovrebbero sempre derivare dalla possibilit\u00e0 di ottimizzare il lavoro svolto dalle macchine impiegate sui siti di lavoro nella vita reale. Sempre pi\u00f9 spesso queste sono condizioni molto dure e difficili per una macchina da demolizione. Pertanto esaminiamo tutte le nuove funzioni e modifiche che apportiamo alle nostre apparecchiature basandoci su dei criteri. Le macchine Brokk devono apportare miglioramenti reali nella produttivit\u00e0, sicurezza, ergonomia, affidabilit\u00e0, tempo di fermo e di configurazione ecc. In breve, alla Brokk progettiamo e costruiamo macchine adatte alla &#8220;vita reale&#8221;.<\/p>\n<h4>tecnologie all&#8217;avanguardia<\/h4>\n<p>Il nostro approccio alla vita reale non ci impedisce di sviluppare e implementare tecnologie all&#8217;avanguardia sulle nostre macchine. Oltre 40 anni di esperienza ci forniscono gli strumenti per ottimizzare e adattare i robot da demolizione. Un esempio sono i nostri strumenti avanzati di analisi, simulazione e gestione dei dati basati sull&#8217;esperienza, unici per i robot da demolizione. Inoltre, il nostro impegno nella ricerca e sviluppo ci ha consentito di realizzare una vasta gamma di brevetti per le nostre innovazioni uniche, riferite all&#8217;ergonomia, all&#8217;efficienza idraulica, all&#8217;elettronica o altro.<\/p>\n<p>Alcuni degli sviluppi tecnologici all&#8217;avanguardia di Brokk hanno inserito nel settore il concetto di Brokk SmartPower<sup>TM<\/sup>, un sistema elettrico unico che ha praticamente raddoppiato la potenza di demolizione delle macchine Brokk negli ultimi 10 anni. L&#8217;impostazione &#8220;low fuse&#8221; presente su alcune macchine consente un funzionamento con potenza elettrica inferiore nei siti di lavoro in cui questa \u00e8 limitata. Questo \u00e8 ci\u00f2 che chiamiamo ingegneria &#8220;per la vita reale&#8221;.<\/p>\n","protected":false},"excerpt":{"rendered":"<p>Per oltre 40 anni Brokk ha guidato l&#8217;innovazione per i robot da demolizione, e continua a farlo anche oggi. L&#8217;origine di Brokk e il concetto di macchine da demolizione radio comandate provengono entrambi da due imprenditori che cercavano di risolvere\u2026<\/p>\n","protected":false},"author":36,"featured_media":3963,"parent":5322,"menu_order":135,"comment_status":"closed","ping_status":"closed","template":"page-templates\/common.php","meta":{"_acf_changed":false,"_relevanssi_hide_post":"","_relevanssi_hide_content":"","_relevanssi_pin_for_all":"","_relevanssi_pin_keywords":"","_relevanssi_unpin_keywords":"","_relevanssi_related_keywords":"","_relevanssi_related_include_ids":"","_relevanssi_related_exclude_ids":"","_relevanssi_related_no_append":"","_relevanssi_related_not_related":"","_relevanssi_related_posts":"","_relevanssi_noindex_reason":"","footnotes":""},"class_list":["post-3970","page","type-page","status-publish","has-post-thumbnail","hentry"],"acf":[],"yoast_head":"<!-- This site is optimized with the Yoast SEO plugin v27.3 - https:\/\/yoast.com\/product\/yoast-seo-wordpress\/ -->\n<title>Ricerca e Sviluppo - Brokk Italy<\/title>\n<meta name=\"robots\" content=\"index, follow, max-snippet:-1, max-image-preview:large, max-video-preview:-1\" \/>\n<link rel=\"canonical\" href=\"https:\/\/www.brokk.com\/it\/about-brokk\/r-and-d\/\" \/>\n<meta property=\"og:locale\" content=\"it_IT\" \/>\n<meta property=\"og:type\" content=\"article\" \/>\n<meta property=\"og:title\" content=\"Ricerca e Sviluppo - Brokk Italy\" \/>\n<meta property=\"og:description\" content=\"Per oltre 40 anni Brokk ha guidato l&#8217;innovazione per i robot da demolizione, e continua a farlo anche oggi. L&#8217;origine di Brokk e il concetto di macchine da demolizione radio comandate provengono entrambi da due imprenditori che cercavano di risolvere\u2026\" \/>\n<meta property=\"og:url\" content=\"https:\/\/www.brokk.com\/it\/about-brokk\/r-and-d\/\" \/>\n<meta property=\"og:site_name\" content=\"Brokk Italy\" \/>\n<meta property=\"article:modified_time\" content=\"2018-10-30T17:20:39+00:00\" \/>\n<meta property=\"og:image\" content=\"https:\/\/www.brokk.com\/it\/uploads\/sites\/13\/2018\/03\/r-and-d_hero.jpg\" \/>\n\t<meta property=\"og:image:width\" content=\"2560\" \/>\n\t<meta property=\"og:image:height\" content=\"1096\" \/>\n\t<meta property=\"og:image:type\" content=\"image\/jpeg\" \/>\n<meta name=\"twitter:card\" content=\"summary_large_image\" \/>\n<meta name=\"twitter:label1\" content=\"Tempo di lettura stimato\" \/>\n\t<meta name=\"twitter:data1\" content=\"2 minuti\" \/>\n<script type=\"application\/ld+json\" class=\"yoast-schema-graph\">{\"@context\":\"https:\\\/\\\/schema.org\",\"@graph\":[{\"@type\":\"WebPage\",\"@id\":\"https:\\\/\\\/www.brokk.com\\\/it\\\/about-brokk\\\/r-and-d\\\/\",\"url\":\"https:\\\/\\\/www.brokk.com\\\/it\\\/about-brokk\\\/r-and-d\\\/\",\"name\":\"Ricerca e Sviluppo - Brokk Italy\",\"isPartOf\":{\"@id\":\"https:\\\/\\\/www.brokk.com\\\/it\\\/#website\"},\"primaryImageOfPage\":{\"@id\":\"https:\\\/\\\/www.brokk.com\\\/it\\\/about-brokk\\\/r-and-d\\\/#primaryimage\"},\"image\":{\"@id\":\"https:\\\/\\\/www.brokk.com\\\/it\\\/about-brokk\\\/r-and-d\\\/#primaryimage\"},\"thumbnailUrl\":\"https:\\\/\\\/www.brokk.com\\\/it\\\/uploads\\\/sites\\\/13\\\/2018\\\/03\\\/r-and-d_hero.jpg\",\"datePublished\":\"2018-04-06T08:28:56+00:00\",\"dateModified\":\"2018-10-30T17:20:39+00:00\",\"breadcrumb\":{\"@id\":\"https:\\\/\\\/www.brokk.com\\\/it\\\/about-brokk\\\/r-and-d\\\/#breadcrumb\"},\"inLanguage\":\"it-IT\",\"potentialAction\":[{\"@type\":\"ReadAction\",\"target\":[\"https:\\\/\\\/www.brokk.com\\\/it\\\/about-brokk\\\/r-and-d\\\/\"]}]},{\"@type\":\"ImageObject\",\"inLanguage\":\"it-IT\",\"@id\":\"https:\\\/\\\/www.brokk.com\\\/it\\\/about-brokk\\\/r-and-d\\\/#primaryimage\",\"url\":\"https:\\\/\\\/www.brokk.com\\\/it\\\/uploads\\\/sites\\\/13\\\/2018\\\/03\\\/r-and-d_hero.jpg\",\"contentUrl\":\"https:\\\/\\\/www.brokk.com\\\/it\\\/uploads\\\/sites\\\/13\\\/2018\\\/03\\\/r-and-d_hero.jpg\",\"width\":2560,\"height\":1096},{\"@type\":\"BreadcrumbList\",\"@id\":\"https:\\\/\\\/www.brokk.com\\\/it\\\/about-brokk\\\/r-and-d\\\/#breadcrumb\",\"itemListElement\":[{\"@type\":\"ListItem\",\"position\":1,\"name\":\"Home\",\"item\":\"https:\\\/\\\/www.brokk.com\\\/it\\\/home\\\/\"},{\"@type\":\"ListItem\",\"position\":2,\"name\":\"A proposito di Brokk\",\"item\":\"https:\\\/\\\/www.brokk.com\\\/it\\\/about-brokk\\\/\"},{\"@type\":\"ListItem\",\"position\":3,\"name\":\"Ricerca e Sviluppo\"}]},{\"@type\":\"WebSite\",\"@id\":\"https:\\\/\\\/www.brokk.com\\\/it\\\/#website\",\"url\":\"https:\\\/\\\/www.brokk.com\\\/it\\\/\",\"name\":\"Brokk Italy\",\"description\":\"\",\"potentialAction\":[{\"@type\":\"SearchAction\",\"target\":{\"@type\":\"EntryPoint\",\"urlTemplate\":\"https:\\\/\\\/www.brokk.com\\\/it\\\/?s={search_term_string}\"},\"query-input\":{\"@type\":\"PropertyValueSpecification\",\"valueRequired\":true,\"valueName\":\"search_term_string\"}}],\"inLanguage\":\"it-IT\"}]}<\/script>\n<!-- \/ Yoast SEO plugin. -->","yoast_head_json":{"title":"Ricerca e Sviluppo - Brokk Italy","robots":{"index":"index","follow":"follow","max-snippet":"max-snippet:-1","max-image-preview":"max-image-preview:large","max-video-preview":"max-video-preview:-1"},"canonical":"https:\/\/www.brokk.com\/it\/about-brokk\/r-and-d\/","og_locale":"it_IT","og_type":"article","og_title":"Ricerca e Sviluppo - Brokk Italy","og_description":"Per oltre 40 anni Brokk ha guidato l&#8217;innovazione per i robot da demolizione, e continua a farlo anche oggi. L&#8217;origine di Brokk e il concetto di macchine da demolizione radio comandate provengono entrambi da due imprenditori che cercavano di risolvere\u2026","og_url":"https:\/\/www.brokk.com\/it\/about-brokk\/r-and-d\/","og_site_name":"Brokk Italy","article_modified_time":"2018-10-30T17:20:39+00:00","og_image":[{"width":2560,"height":1096,"url":"https:\/\/www.brokk.com\/it\/uploads\/sites\/13\/2018\/03\/r-and-d_hero.jpg","type":"image\/jpeg"}],"twitter_card":"summary_large_image","twitter_misc":{"Tempo di lettura stimato":"2 minuti"},"schema":{"@context":"https:\/\/schema.org","@graph":[{"@type":"WebPage","@id":"https:\/\/www.brokk.com\/it\/about-brokk\/r-and-d\/","url":"https:\/\/www.brokk.com\/it\/about-brokk\/r-and-d\/","name":"Ricerca e Sviluppo - Brokk Italy","isPartOf":{"@id":"https:\/\/www.brokk.com\/it\/#website"},"primaryImageOfPage":{"@id":"https:\/\/www.brokk.com\/it\/about-brokk\/r-and-d\/#primaryimage"},"image":{"@id":"https:\/\/www.brokk.com\/it\/about-brokk\/r-and-d\/#primaryimage"},"thumbnailUrl":"https:\/\/www.brokk.com\/it\/uploads\/sites\/13\/2018\/03\/r-and-d_hero.jpg","datePublished":"2018-04-06T08:28:56+00:00","dateModified":"2018-10-30T17:20:39+00:00","breadcrumb":{"@id":"https:\/\/www.brokk.com\/it\/about-brokk\/r-and-d\/#breadcrumb"},"inLanguage":"it-IT","potentialAction":[{"@type":"ReadAction","target":["https:\/\/www.brokk.com\/it\/about-brokk\/r-and-d\/"]}]},{"@type":"ImageObject","inLanguage":"it-IT","@id":"https:\/\/www.brokk.com\/it\/about-brokk\/r-and-d\/#primaryimage","url":"https:\/\/www.brokk.com\/it\/uploads\/sites\/13\/2018\/03\/r-and-d_hero.jpg","contentUrl":"https:\/\/www.brokk.com\/it\/uploads\/sites\/13\/2018\/03\/r-and-d_hero.jpg","width":2560,"height":1096},{"@type":"BreadcrumbList","@id":"https:\/\/www.brokk.com\/it\/about-brokk\/r-and-d\/#breadcrumb","itemListElement":[{"@type":"ListItem","position":1,"name":"Home","item":"https:\/\/www.brokk.com\/it\/home\/"},{"@type":"ListItem","position":2,"name":"A proposito di Brokk","item":"https:\/\/www.brokk.com\/it\/about-brokk\/"},{"@type":"ListItem","position":3,"name":"Ricerca e Sviluppo"}]},{"@type":"WebSite","@id":"https:\/\/www.brokk.com\/it\/#website","url":"https:\/\/www.brokk.com\/it\/","name":"Brokk Italy","description":"","potentialAction":[{"@type":"SearchAction","target":{"@type":"EntryPoint","urlTemplate":"https:\/\/www.brokk.com\/it\/?s={search_term_string}"},"query-input":{"@type":"PropertyValueSpecification","valueRequired":true,"valueName":"search_term_string"}}],"inLanguage":"it-IT"}]}},"_links":{"self":[{"href":"https:\/\/www.brokk.com\/it\/wp-json\/wp\/v2\/pages\/3970","targetHints":{"allow":["GET"]}}],"collection":[{"href":"https:\/\/www.brokk.com\/it\/wp-json\/wp\/v2\/pages"}],"about":[{"href":"https:\/\/www.brokk.com\/it\/wp-json\/wp\/v2\/types\/page"}],"author":[{"embeddable":true,"href":"https:\/\/www.brokk.com\/it\/wp-json\/wp\/v2\/users\/36"}],"replies":[{"embeddable":true,"href":"https:\/\/www.brokk.com\/it\/wp-json\/wp\/v2\/comments?post=3970"}],"version-history":[{"count":2,"href":"https:\/\/www.brokk.com\/it\/wp-json\/wp\/v2\/pages\/3970\/revisions"}],"predecessor-version":[{"id":4524,"href":"https:\/\/www.brokk.com\/it\/wp-json\/wp\/v2\/pages\/3970\/revisions\/4524"}],"up":[{"embeddable":true,"href":"https:\/\/www.brokk.com\/it\/wp-json\/wp\/v2\/pages\/5322"}],"wp:featuredmedia":[{"embeddable":true,"href":"https:\/\/www.brokk.com\/it\/wp-json\/wp\/v2\/media\/3963"}],"wp:attachment":[{"href":"https:\/\/www.brokk.com\/it\/wp-json\/wp\/v2\/media?parent=3970"}],"curies":[{"name":"wp","href":"https:\/\/api.w.org\/{rel}","templated":true}]}}