{"id":3974,"date":"2018-04-06T09:28:40","date_gmt":"2018-04-06T08:28:40","guid":{"rendered":"https:\/\/www.brokk.com\/switzerland\/about-brokk\/history\/"},"modified":"2018-10-22T15:36:56","modified_gmt":"2018-10-22T14:36:56","slug":"history","status":"publish","type":"page","link":"https:\/\/www.brokk.com\/it\/about-brokk\/history\/","title":{"rendered":"La storia di Brokk"},"content":{"rendered":"<p>Il 1976 \u00e8 stato un anno entusiasmante perch\u00e9 sono avvenute numerose innovazioni tecnologiche. A gennaio l&#8217;aereo di linea supersonico Concorde ha effettuato il suo primo volo commerciale. A marzo \u00e8 stata fondata la societ\u00e0 Apple Computer. A settembre la nave spaziale Viking 2 della NASA \u00e8 atterrata su Marte. Nell&#8217;ottobre dello stesso anno i visionari e gli imprenditori di due imprese, PE Holmgren e Rivteknik, hanno unito le forze e sviluppato un robot radio comandato &#8211; Brokk &#8211; che cambier\u00e0 per sempre il settore della demolizione.<\/p>\n<p>Da allora Brokk si \u00e8 sempre concentrata sul futuro. In particolare, ha sostituito i lavori manuali pericolosi con un&#8217;alternativa meccanizzata sicura e pi\u00f9 produttiva. Lo scopo perseguito dalla Brokk \u00e8 quello di rendere disponibili macchine tecnologiche all&#8217;avanguardia agli operatori qualificati nei cantieri di tutto il mondo. Da allora le macchine Brokk si sono evolute e, grazie all&#8217;aggiunta di vari strumenti, si adattano perfettamente ad un uso in pi\u00f9 settori e per pi\u00f9 applicazioni. Noi di Brokk siamo attivi nello sviluppo continuo di nuove tecnologie e soluzioni utili per garantire una maggiore redditivit\u00e0 ai nostri clienti, consentendovi di fronteggiare le vostre sfide in modo vincente.<\/p>\n<p>&nbsp;<\/p>\n<h2>il segreto dietro al successo di brokk<\/h2>\n<p>Qual&#8217;\u00e8 il segreto? Brokk ha sempre ascoltato i suoi clienti, imparato dal loro lavoro e migliorato le sue macchine per oltre 40 anni. La differenza per Brokk inizia con la conoscenza dei clienti, degli ambienti in cui operano e delle sfide che devono affrontare. \u00c8 compito della nostra rete di vendita e di assistenza in tutto il mondo ascoltare e venire a conoscenza delle aziende, operatori e progetti che richiedono una soluzione per effettuare una demolizione pi\u00f9 sicura, pi\u00f9 potente e pi\u00f9 efficace.<\/p>\n<p>Le nostre macchine da demolizione intelligenti hanno notevolmente migliorato le condizioni di lavoro di migliaia di persone in tutto il mondo e fornito un supporto fondamentale quando era pi\u00f9 necessario. Le macchine Brokk hanno contribuito a sgomberare Ground Zero dopo l&#8217;11 settembre, hanno aiutato a contenere il disastro nucleare della centrale nucleare di Fukushima dopo il devastante tsunami e ogni giorno lavorano in migliaia di cantieri, mantenendo le persone al sicuro e rendendo le attivit\u00e0 di demolizione pi\u00f9 redditizie.<\/p>\n<p><img loading=\"lazy\" decoding=\"async\" class=\"alignnone size-medium wp-image-533\" src=\"https:\/\/www.brokk.com\/uploads\/2018\/03\/1987_introduced-brokk-100-720x480.jpg\" alt=\"Brokk 100, 1987\" width=\"720\" height=\"480\" srcset=\"https:\/\/www.brokk.com\/it\/uploads\/2018\/03\/1987_introduced-brokk-100-720x480.jpg 720w, https:\/\/www.brokk.com\/it\/uploads\/2018\/03\/1987_introduced-brokk-100-420x280.jpg 420w, https:\/\/www.brokk.com\/it\/uploads\/2018\/03\/1987_introduced-brokk-100-768x512.jpg 768w, https:\/\/www.brokk.com\/it\/uploads\/2018\/03\/1987_introduced-brokk-100-1280x853.jpg 1280w, https:\/\/www.brokk.com\/it\/uploads\/2018\/03\/1987_introduced-brokk-100-480x320.jpg 480w, https:\/\/www.brokk.com\/it\/uploads\/2018\/03\/1987_introduced-brokk-100-48x32.jpg 48w, https:\/\/www.brokk.com\/it\/uploads\/2018\/03\/1987_introduced-brokk-100.jpg 1440w\" sizes=\"auto, (max-width: 720px) 100vw, 720px\" \/><\/p>\n<p><img loading=\"lazy\" decoding=\"async\" class=\"alignnone size-medium wp-image-532\" src=\"https:\/\/www.brokk.com\/uploads\/2018\/03\/1981_first-serial-produced-brokk-250-720x480.jpg\" alt=\"Brokk 250, 1981\" width=\"720\" height=\"480\" srcset=\"https:\/\/www.brokk.com\/it\/uploads\/2018\/03\/1981_first-serial-produced-brokk-250-720x480.jpg 720w, https:\/\/www.brokk.com\/it\/uploads\/2018\/03\/1981_first-serial-produced-brokk-250-420x280.jpg 420w, https:\/\/www.brokk.com\/it\/uploads\/2018\/03\/1981_first-serial-produced-brokk-250-768x512.jpg 768w, https:\/\/www.brokk.com\/it\/uploads\/2018\/03\/1981_first-serial-produced-brokk-250-1280x853.jpg 1280w, https:\/\/www.brokk.com\/it\/uploads\/2018\/03\/1981_first-serial-produced-brokk-250-480x320.jpg 480w, https:\/\/www.brokk.com\/it\/uploads\/2018\/03\/1981_first-serial-produced-brokk-250-48x32.jpg 48w, https:\/\/www.brokk.com\/it\/uploads\/2018\/03\/1981_first-serial-produced-brokk-250.jpg 1440w\" sizes=\"auto, (max-width: 720px) 100vw, 720px\" \/><\/p>\n<h3>brokk: le date da ricordare<\/h3>\n<ul>\n<li><strong>1976:<\/strong>\u00a0Le aziende PE Holmgren &amp; Rivteknik\u00a0sviluppano il primo robot da demolizione al mondo a Skellefte\u00e5, in Svezia.<\/li>\n<li><strong>1981:\u00a0<\/strong>La prima macchina da demolizione radio comandata prodotta in serie, la Brokk 250, viene introdotta sul mercato.<\/li>\n<li><strong>1987:<\/strong>\u00a0Viene lanciata sul mercato un&#8217;altra leggendaria macchina radio comandata, la prima versione della Brokk 100.<\/li>\n<li><strong>1994:<\/strong>\u00a0Vengono introdotti sul mercato 1.000 esemplari della prima versione della Brokk 110 e della Brokk 150.<\/li>\n<li><strong>2000:<\/strong>\u00a0Vengono aperte le prime filiali internazionali negli Stati Uniti e nel Regno Unito.<\/li>\n<li><strong>2005:<\/strong> Brokk apre un ufficio in Cina.<\/li>\n<li><strong>2006:<\/strong>\u00a0Brokk acquisisce Darda in Germania, il principale produttore mondiale di accessori come pinze demolitrici compatte, frantumatori e altri utensili.<\/li>\n<li><strong>2007-2010:<\/strong>\u00a0Intenso sviluppo del prodotto e conseguente introduzione del Brokk 50, Brokk 400, Brokk 260 e Brokk 160.<\/li>\n<li><strong>2011:<\/strong>\u00a0Nasce il pi\u00f9 grande robot Brokk di sempre, il Brokk 800.<\/li>\n<li><strong>2012:<\/strong>\u00a0Brokk acquisisce Ahlberg Cameras, il principale fornitore mondiale di attrezzature video per l&#8217;industria nucleare.<\/li>\n<li><strong>2014:<\/strong> Il proprietario di Brokk, Lifco, viene quotato in borsa sotto Nasdaq OMX.<\/li>\n<li><strong>2016:<\/strong>\u00a0Brokk festeggia 40 anni di innovazione inarrestabile.<\/li>\n<li><strong>2016:<\/strong>\u00a0Brokk acquisisce Aquajet Systems, il principale produttore mondiale di robot e attrezzature per l&#8217;idrodemolizione.<\/li>\n<li><strong>2010-2017: <\/strong>L&#8217;espansione internazionale ad alto ritmo si traduce nella nascita di Brokk Australia, Brokk Francia, Brokk Italia, Brokk Cina, Brokk Norvegia, Brokk Svizzera, Brokk Benelux e Brokk Middle East.<\/li>\n<li><strong>2011-2017:<\/strong>\u00a0Il ritmo di sviluppo del prodotto, divenuto leader indiscusso del settore, aumenta. Vengono immesse sul mercato Brokk 100, Brokk 60, Brokk 120D, Brokk 110, Brokk 280 e Brokk 500.<\/li>\n<li><strong>2017:<\/strong> Brokk introduce SmartPower<sup>TM<\/sup>, il sistema di alimentazione pi\u00f9 intelligente al mondo, appositamente progettato per robot da demolizione utilizzati per impegni gravosi.<\/li>\n<li><strong>2018:<\/strong>\u00a0Brokk presenta quattro nuove macchine: Brokk 170, Brokk 200, Brokk 300 e Brokk 520D.<\/li>\n<li><strong>2018:<\/strong> Brokk introduce Brokk SmartConcept<sup>TM<\/sup>,\u00a0formato dalla prossima generazione di SmartPower, SmartDesign e SmartRemote.<\/li>\n<li><strong>2018:<\/strong> Un nuovo concetto di assistenza e supporto,\u00a0Brokk UpTime<sup>TM<\/sup>, approda sul mercato.<\/li>\n<\/ul>\n","protected":false},"excerpt":{"rendered":"<p>Il 1976 \u00e8 stato un anno entusiasmante perch\u00e9 sono avvenute numerose innovazioni tecnologiche. A gennaio l&#8217;aereo di linea supersonico Concorde ha effettuato il suo primo volo commerciale. A marzo \u00e8 stata fondata la societ\u00e0 Apple Computer. A settembre la nave\u2026<\/p>\n","protected":false},"author":36,"featured_media":3960,"parent":5322,"menu_order":148,"comment_status":"closed","ping_status":"closed","template":"page-templates\/common.php","meta":{"_acf_changed":false,"_relevanssi_hide_post":"","_relevanssi_hide_content":"","_relevanssi_pin_for_all":"","_relevanssi_pin_keywords":"","_relevanssi_unpin_keywords":"","_relevanssi_related_keywords":"","_relevanssi_related_include_ids":"","_relevanssi_related_exclude_ids":"","_relevanssi_related_no_append":"","_relevanssi_related_not_related":"","_relevanssi_related_posts":"","_relevanssi_noindex_reason":"","footnotes":""},"class_list":["post-3974","page","type-page","status-publish","has-post-thumbnail","hentry"],"acf":[],"yoast_head":"<!-- This site is optimized with the Yoast SEO plugin v27.3 - https:\/\/yoast.com\/product\/yoast-seo-wordpress\/ -->\n<title>La storia di Brokk - Brokk Italy<\/title>\n<meta name=\"robots\" content=\"index, follow, max-snippet:-1, max-image-preview:large, max-video-preview:-1\" \/>\n<link rel=\"canonical\" href=\"https:\/\/www.brokk.com\/it\/about-brokk\/history\/\" \/>\n<meta property=\"og:locale\" content=\"it_IT\" \/>\n<meta property=\"og:type\" content=\"article\" \/>\n<meta property=\"og:title\" content=\"La storia di Brokk - Brokk Italy\" \/>\n<meta property=\"og:description\" content=\"Il 1976 \u00e8 stato un anno entusiasmante perch\u00e9 sono avvenute numerose innovazioni tecnologiche. A gennaio l&#8217;aereo di linea supersonico Concorde ha effettuato il suo primo volo commerciale. A marzo \u00e8 stata fondata la societ\u00e0 Apple Computer. A settembre la nave\u2026\" \/>\n<meta property=\"og:url\" content=\"https:\/\/www.brokk.com\/it\/about-brokk\/history\/\" \/>\n<meta property=\"og:site_name\" content=\"Brokk Italy\" \/>\n<meta property=\"article:modified_time\" content=\"2018-10-22T14:36:56+00:00\" \/>\n<meta property=\"og:image\" content=\"https:\/\/www.brokk.com\/it\/uploads\/sites\/13\/2018\/03\/history-brokk250_hero.jpg\" \/>\n\t<meta property=\"og:image:width\" content=\"2560\" \/>\n\t<meta property=\"og:image:height\" content=\"1096\" \/>\n\t<meta property=\"og:image:type\" content=\"image\/jpeg\" \/>\n<meta name=\"twitter:card\" content=\"summary_large_image\" \/>\n<meta name=\"twitter:label1\" content=\"Tempo di lettura stimato\" \/>\n\t<meta name=\"twitter:data1\" content=\"3 minuti\" \/>\n<script type=\"application\/ld+json\" class=\"yoast-schema-graph\">{\"@context\":\"https:\\\/\\\/schema.org\",\"@graph\":[{\"@type\":\"WebPage\",\"@id\":\"https:\\\/\\\/www.brokk.com\\\/it\\\/about-brokk\\\/history\\\/\",\"url\":\"https:\\\/\\\/www.brokk.com\\\/it\\\/about-brokk\\\/history\\\/\",\"name\":\"La storia di Brokk - Brokk Italy\",\"isPartOf\":{\"@id\":\"https:\\\/\\\/www.brokk.com\\\/it\\\/#website\"},\"primaryImageOfPage\":{\"@id\":\"https:\\\/\\\/www.brokk.com\\\/it\\\/about-brokk\\\/history\\\/#primaryimage\"},\"image\":{\"@id\":\"https:\\\/\\\/www.brokk.com\\\/it\\\/about-brokk\\\/history\\\/#primaryimage\"},\"thumbnailUrl\":\"https:\\\/\\\/www.brokk.com\\\/it\\\/uploads\\\/sites\\\/13\\\/2018\\\/03\\\/history-brokk250_hero.jpg\",\"datePublished\":\"2018-04-06T08:28:40+00:00\",\"dateModified\":\"2018-10-22T14:36:56+00:00\",\"breadcrumb\":{\"@id\":\"https:\\\/\\\/www.brokk.com\\\/it\\\/about-brokk\\\/history\\\/#breadcrumb\"},\"inLanguage\":\"it-IT\",\"potentialAction\":[{\"@type\":\"ReadAction\",\"target\":[\"https:\\\/\\\/www.brokk.com\\\/it\\\/about-brokk\\\/history\\\/\"]}]},{\"@type\":\"ImageObject\",\"inLanguage\":\"it-IT\",\"@id\":\"https:\\\/\\\/www.brokk.com\\\/it\\\/about-brokk\\\/history\\\/#primaryimage\",\"url\":\"https:\\\/\\\/www.brokk.com\\\/it\\\/uploads\\\/sites\\\/13\\\/2018\\\/03\\\/history-brokk250_hero.jpg\",\"contentUrl\":\"https:\\\/\\\/www.brokk.com\\\/it\\\/uploads\\\/sites\\\/13\\\/2018\\\/03\\\/history-brokk250_hero.jpg\",\"width\":2560,\"height\":1096},{\"@type\":\"BreadcrumbList\",\"@id\":\"https:\\\/\\\/www.brokk.com\\\/it\\\/about-brokk\\\/history\\\/#breadcrumb\",\"itemListElement\":[{\"@type\":\"ListItem\",\"position\":1,\"name\":\"Home\",\"item\":\"https:\\\/\\\/www.brokk.com\\\/it\\\/home\\\/\"},{\"@type\":\"ListItem\",\"position\":2,\"name\":\"A proposito di Brokk\",\"item\":\"https:\\\/\\\/www.brokk.com\\\/it\\\/about-brokk\\\/\"},{\"@type\":\"ListItem\",\"position\":3,\"name\":\"La storia di Brokk\"}]},{\"@type\":\"WebSite\",\"@id\":\"https:\\\/\\\/www.brokk.com\\\/it\\\/#website\",\"url\":\"https:\\\/\\\/www.brokk.com\\\/it\\\/\",\"name\":\"Brokk Italy\",\"description\":\"\",\"potentialAction\":[{\"@type\":\"SearchAction\",\"target\":{\"@type\":\"EntryPoint\",\"urlTemplate\":\"https:\\\/\\\/www.brokk.com\\\/it\\\/?s={search_term_string}\"},\"query-input\":{\"@type\":\"PropertyValueSpecification\",\"valueRequired\":true,\"valueName\":\"search_term_string\"}}],\"inLanguage\":\"it-IT\"}]}<\/script>\n<!-- \/ Yoast SEO plugin. -->","yoast_head_json":{"title":"La storia di Brokk - Brokk Italy","robots":{"index":"index","follow":"follow","max-snippet":"max-snippet:-1","max-image-preview":"max-image-preview:large","max-video-preview":"max-video-preview:-1"},"canonical":"https:\/\/www.brokk.com\/it\/about-brokk\/history\/","og_locale":"it_IT","og_type":"article","og_title":"La storia di Brokk - Brokk Italy","og_description":"Il 1976 \u00e8 stato un anno entusiasmante perch\u00e9 sono avvenute numerose innovazioni tecnologiche. A gennaio l&#8217;aereo di linea supersonico Concorde ha effettuato il suo primo volo commerciale. A marzo \u00e8 stata fondata la societ\u00e0 Apple Computer. A settembre la nave\u2026","og_url":"https:\/\/www.brokk.com\/it\/about-brokk\/history\/","og_site_name":"Brokk Italy","article_modified_time":"2018-10-22T14:36:56+00:00","og_image":[{"width":2560,"height":1096,"url":"https:\/\/www.brokk.com\/it\/uploads\/sites\/13\/2018\/03\/history-brokk250_hero.jpg","type":"image\/jpeg"}],"twitter_card":"summary_large_image","twitter_misc":{"Tempo di lettura stimato":"3 minuti"},"schema":{"@context":"https:\/\/schema.org","@graph":[{"@type":"WebPage","@id":"https:\/\/www.brokk.com\/it\/about-brokk\/history\/","url":"https:\/\/www.brokk.com\/it\/about-brokk\/history\/","name":"La storia di Brokk - Brokk Italy","isPartOf":{"@id":"https:\/\/www.brokk.com\/it\/#website"},"primaryImageOfPage":{"@id":"https:\/\/www.brokk.com\/it\/about-brokk\/history\/#primaryimage"},"image":{"@id":"https:\/\/www.brokk.com\/it\/about-brokk\/history\/#primaryimage"},"thumbnailUrl":"https:\/\/www.brokk.com\/it\/uploads\/sites\/13\/2018\/03\/history-brokk250_hero.jpg","datePublished":"2018-04-06T08:28:40+00:00","dateModified":"2018-10-22T14:36:56+00:00","breadcrumb":{"@id":"https:\/\/www.brokk.com\/it\/about-brokk\/history\/#breadcrumb"},"inLanguage":"it-IT","potentialAction":[{"@type":"ReadAction","target":["https:\/\/www.brokk.com\/it\/about-brokk\/history\/"]}]},{"@type":"ImageObject","inLanguage":"it-IT","@id":"https:\/\/www.brokk.com\/it\/about-brokk\/history\/#primaryimage","url":"https:\/\/www.brokk.com\/it\/uploads\/sites\/13\/2018\/03\/history-brokk250_hero.jpg","contentUrl":"https:\/\/www.brokk.com\/it\/uploads\/sites\/13\/2018\/03\/history-brokk250_hero.jpg","width":2560,"height":1096},{"@type":"BreadcrumbList","@id":"https:\/\/www.brokk.com\/it\/about-brokk\/history\/#breadcrumb","itemListElement":[{"@type":"ListItem","position":1,"name":"Home","item":"https:\/\/www.brokk.com\/it\/home\/"},{"@type":"ListItem","position":2,"name":"A proposito di Brokk","item":"https:\/\/www.brokk.com\/it\/about-brokk\/"},{"@type":"ListItem","position":3,"name":"La storia di Brokk"}]},{"@type":"WebSite","@id":"https:\/\/www.brokk.com\/it\/#website","url":"https:\/\/www.brokk.com\/it\/","name":"Brokk Italy","description":"","potentialAction":[{"@type":"SearchAction","target":{"@type":"EntryPoint","urlTemplate":"https:\/\/www.brokk.com\/it\/?s={search_term_string}"},"query-input":{"@type":"PropertyValueSpecification","valueRequired":true,"valueName":"search_term_string"}}],"inLanguage":"it-IT"}]}},"_links":{"self":[{"href":"https:\/\/www.brokk.com\/it\/wp-json\/wp\/v2\/pages\/3974","targetHints":{"allow":["GET"]}}],"collection":[{"href":"https:\/\/www.brokk.com\/it\/wp-json\/wp\/v2\/pages"}],"about":[{"href":"https:\/\/www.brokk.com\/it\/wp-json\/wp\/v2\/types\/page"}],"author":[{"embeddable":true,"href":"https:\/\/www.brokk.com\/it\/wp-json\/wp\/v2\/users\/36"}],"replies":[{"embeddable":true,"href":"https:\/\/www.brokk.com\/it\/wp-json\/wp\/v2\/comments?post=3974"}],"version-history":[{"count":2,"href":"https:\/\/www.brokk.com\/it\/wp-json\/wp\/v2\/pages\/3974\/revisions"}],"predecessor-version":[{"id":3983,"href":"https:\/\/www.brokk.com\/it\/wp-json\/wp\/v2\/pages\/3974\/revisions\/3983"}],"up":[{"embeddable":true,"href":"https:\/\/www.brokk.com\/it\/wp-json\/wp\/v2\/pages\/5322"}],"wp:featuredmedia":[{"embeddable":true,"href":"https:\/\/www.brokk.com\/it\/wp-json\/wp\/v2\/media\/3960"}],"wp:attachment":[{"href":"https:\/\/www.brokk.com\/it\/wp-json\/wp\/v2\/media?parent=3974"}],"curies":[{"name":"wp","href":"https:\/\/api.w.org\/{rel}","templated":true}]}}