{"id":3978,"date":"2018-03-09T15:32:23","date_gmt":"2018-03-09T15:32:23","guid":{"rendered":"https:\/\/www.brokk.com\/switzerland\/the-definitive-demolition-solution\/"},"modified":"2018-10-22T13:56:42","modified_gmt":"2018-10-22T12:56:42","slug":"the-definitive-demolition-solution","status":"publish","type":"page","link":"https:\/\/www.brokk.com\/it\/the-definitive-demolition-solution\/","title":{"rendered":"La soluzione migliore per la demolizione"},"content":{"rendered":"<h3>LA SOLUZIONE MIGLIORE PER LA DEMOLIZIONE<\/h3>\n<p><strong>Brokk avanza e spicca nella demolizione intelligente. Quattro meraviglie che completano la gamma offerta da Brokk con tecnologia e caratteristiche all&#8217;avanguardia del settore: SmartPower offre resistenza e affidabilit\u00e0 record, SmartRemote offre nuovi livelli di ergonomia e produttivit\u00e0 e SmartDesign combina robustezza e facilit\u00e0 di manutenzione.<\/strong><\/p>\n<h4>BROKK 170: CUORE E TESTA<\/h4>\n<p>Se hai apprezzato il Brokk 160, adorerai questa macchina. Il Brokk 170 aggiunge pi\u00f9 potenza e intelligenza rispetto al precedente robot radio comandato.<\/p>\n<h4>BROKK 200: forza, portata e dimensioni<\/h4>\n<p>E&#8217; arrivata una nuova classe di peso tra i modelli Brokk. Il Brokk 200 \u00e8 un capolavoro di muscoli in una macchina compatta da 2,1 tonnellate con ingombro eccezionalmente ridotto.<\/p>\n<h4>BROKK 520D: inesorabile, eco-sostenibile<\/h4>\n<p>Il robot da demolizione diesel pi\u00f9 ecologico del pianeta. Ha il 40% in pi\u00f9 di potenza d&#8217;impatto e una compatibilit\u00e0 con vari strumenti, tra cui quelli del Brokk 400 e 500.<\/p>\n<h4>BROKK 300: una nuova leggenda<\/h4>\n<p>Non \u00e8 pi\u00f9 una macchina di medie dimensioni. Con il Brokk 300 ottieni dei colpi pi\u00f9 potenti del 40% e puoi trasportare strumenti pi\u00f9 pesanti e potenti.<\/p>\n<h4>L&#8217;anteprima esclusiva<\/h4>\n<p>In occasione del lancio ufficiale delle nuove macchine, abbiamo organizzato un&#8217;anteprima esclusiva per i nostri partner presso la sede di Brokk a Skellefte\u00e5. Ecco alcuni scorci di questo evento molto apprezzato.<\/p>\n<p>&nbsp;<\/p>\n<div class=\"video-container\"><iframe loading=\"lazy\" width=\"1024\" height=\"576\" src=\"https:\/\/www.youtube.com\/embed\/ZFgugHyQaBk?feature=oembed\" frameborder=\"0\" allow=\"autoplay; encrypted-media\" allowfullscreen><\/iframe><\/div>\n<p>&nbsp;<\/p>\n","protected":false},"excerpt":{"rendered":"<p>LA SOLUZIONE MIGLIORE PER LA DEMOLIZIONE Brokk avanza e spicca nella demolizione intelligente. Quattro meraviglie che completano la gamma offerta da Brokk con tecnologia e caratteristiche all&#8217;avanguardia del settore: SmartPower offre resistenza e affidabilit\u00e0 record, SmartRemote offre nuovi livelli di\u2026<\/p>\n","protected":false},"author":22,"featured_media":3980,"parent":0,"menu_order":168,"comment_status":"closed","ping_status":"closed","template":"page-templates\/campaign.php","meta":{"_acf_changed":false,"_relevanssi_hide_post":"","_relevanssi_hide_content":"","_relevanssi_pin_for_all":"","_relevanssi_pin_keywords":"","_relevanssi_unpin_keywords":"","_relevanssi_related_keywords":"","_relevanssi_related_include_ids":"","_relevanssi_related_exclude_ids":"","_relevanssi_related_no_append":"","_relevanssi_related_not_related":"","_relevanssi_related_posts":"","_relevanssi_noindex_reason":"","footnotes":""},"class_list":["post-3978","page","type-page","status-publish","has-post-thumbnail","hentry"],"acf":[],"yoast_head":"<!-- This site is optimized with the Yoast SEO plugin v27.3 - https:\/\/yoast.com\/product\/yoast-seo-wordpress\/ -->\n<title>La soluzione migliore per la demolizione - Brokk Italy<\/title>\n<meta name=\"robots\" content=\"index, follow, max-snippet:-1, max-image-preview:large, max-video-preview:-1\" \/>\n<link rel=\"canonical\" href=\"https:\/\/www.brokk.com\/it\/the-definitive-demolition-solution\/\" \/>\n<meta property=\"og:locale\" content=\"it_IT\" \/>\n<meta property=\"og:type\" content=\"article\" \/>\n<meta property=\"og:title\" content=\"La soluzione migliore per la demolizione - Brokk Italy\" \/>\n<meta property=\"og:description\" content=\"LA SOLUZIONE MIGLIORE PER LA DEMOLIZIONE Brokk avanza e spicca nella demolizione intelligente. Quattro meraviglie che completano la gamma offerta da Brokk con tecnologia e caratteristiche all&#8217;avanguardia del settore: SmartPower offre resistenza e affidabilit\u00e0 record, SmartRemote offre nuovi livelli di\u2026\" \/>\n<meta property=\"og:url\" content=\"https:\/\/www.brokk.com\/it\/the-definitive-demolition-solution\/\" \/>\n<meta property=\"og:site_name\" content=\"Brokk Italy\" \/>\n<meta property=\"article:modified_time\" content=\"2018-10-22T12:56:42+00:00\" \/>\n<meta property=\"og:image\" content=\"https:\/\/www.brokk.com\/it\/uploads\/sites\/13\/2018\/05\/4_new_machines-1.jpg\" \/>\n\t<meta property=\"og:image:width\" content=\"1280\" \/>\n\t<meta property=\"og:image:height\" content=\"800\" \/>\n\t<meta property=\"og:image:type\" content=\"image\/jpeg\" \/>\n<meta name=\"twitter:card\" content=\"summary_large_image\" \/>\n<meta name=\"twitter:label1\" content=\"Tempo di lettura stimato\" \/>\n\t<meta name=\"twitter:data1\" content=\"1 minuto\" \/>\n<script type=\"application\/ld+json\" class=\"yoast-schema-graph\">{\"@context\":\"https:\\\/\\\/schema.org\",\"@graph\":[{\"@type\":\"WebPage\",\"@id\":\"https:\\\/\\\/www.brokk.com\\\/it\\\/the-definitive-demolition-solution\\\/\",\"url\":\"https:\\\/\\\/www.brokk.com\\\/it\\\/the-definitive-demolition-solution\\\/\",\"name\":\"La soluzione migliore per la demolizione - Brokk Italy\",\"isPartOf\":{\"@id\":\"https:\\\/\\\/www.brokk.com\\\/it\\\/#website\"},\"primaryImageOfPage\":{\"@id\":\"https:\\\/\\\/www.brokk.com\\\/it\\\/the-definitive-demolition-solution\\\/#primaryimage\"},\"image\":{\"@id\":\"https:\\\/\\\/www.brokk.com\\\/it\\\/the-definitive-demolition-solution\\\/#primaryimage\"},\"thumbnailUrl\":\"https:\\\/\\\/www.brokk.com\\\/it\\\/uploads\\\/sites\\\/13\\\/2018\\\/05\\\/4_new_machines-1.jpg\",\"datePublished\":\"2018-03-09T15:32:23+00:00\",\"dateModified\":\"2018-10-22T12:56:42+00:00\",\"breadcrumb\":{\"@id\":\"https:\\\/\\\/www.brokk.com\\\/it\\\/the-definitive-demolition-solution\\\/#breadcrumb\"},\"inLanguage\":\"it-IT\",\"potentialAction\":[{\"@type\":\"ReadAction\",\"target\":[\"https:\\\/\\\/www.brokk.com\\\/it\\\/the-definitive-demolition-solution\\\/\"]}]},{\"@type\":\"ImageObject\",\"inLanguage\":\"it-IT\",\"@id\":\"https:\\\/\\\/www.brokk.com\\\/it\\\/the-definitive-demolition-solution\\\/#primaryimage\",\"url\":\"https:\\\/\\\/www.brokk.com\\\/it\\\/uploads\\\/sites\\\/13\\\/2018\\\/05\\\/4_new_machines-1.jpg\",\"contentUrl\":\"https:\\\/\\\/www.brokk.com\\\/it\\\/uploads\\\/sites\\\/13\\\/2018\\\/05\\\/4_new_machines-1.jpg\",\"width\":1280,\"height\":800},{\"@type\":\"BreadcrumbList\",\"@id\":\"https:\\\/\\\/www.brokk.com\\\/it\\\/the-definitive-demolition-solution\\\/#breadcrumb\",\"itemListElement\":[{\"@type\":\"ListItem\",\"position\":1,\"name\":\"Home\",\"item\":\"https:\\\/\\\/www.brokk.com\\\/it\\\/\"},{\"@type\":\"ListItem\",\"position\":2,\"name\":\"La soluzione migliore per la demolizione\"}]},{\"@type\":\"WebSite\",\"@id\":\"https:\\\/\\\/www.brokk.com\\\/it\\\/#website\",\"url\":\"https:\\\/\\\/www.brokk.com\\\/it\\\/\",\"name\":\"Brokk Italy\",\"description\":\"\",\"potentialAction\":[{\"@type\":\"SearchAction\",\"target\":{\"@type\":\"EntryPoint\",\"urlTemplate\":\"https:\\\/\\\/www.brokk.com\\\/it\\\/?s={search_term_string}\"},\"query-input\":{\"@type\":\"PropertyValueSpecification\",\"valueRequired\":true,\"valueName\":\"search_term_string\"}}],\"inLanguage\":\"it-IT\"}]}<\/script>\n<!-- \/ Yoast SEO plugin. -->","yoast_head_json":{"title":"La soluzione migliore per la demolizione - Brokk Italy","robots":{"index":"index","follow":"follow","max-snippet":"max-snippet:-1","max-image-preview":"max-image-preview:large","max-video-preview":"max-video-preview:-1"},"canonical":"https:\/\/www.brokk.com\/it\/the-definitive-demolition-solution\/","og_locale":"it_IT","og_type":"article","og_title":"La soluzione migliore per la demolizione - Brokk Italy","og_description":"LA SOLUZIONE MIGLIORE PER LA DEMOLIZIONE Brokk avanza e spicca nella demolizione intelligente. Quattro meraviglie che completano la gamma offerta da Brokk con tecnologia e caratteristiche all&#8217;avanguardia del settore: SmartPower offre resistenza e affidabilit\u00e0 record, SmartRemote offre nuovi livelli di\u2026","og_url":"https:\/\/www.brokk.com\/it\/the-definitive-demolition-solution\/","og_site_name":"Brokk Italy","article_modified_time":"2018-10-22T12:56:42+00:00","og_image":[{"width":1280,"height":800,"url":"https:\/\/www.brokk.com\/it\/uploads\/sites\/13\/2018\/05\/4_new_machines-1.jpg","type":"image\/jpeg"}],"twitter_card":"summary_large_image","twitter_misc":{"Tempo di lettura stimato":"1 minuto"},"schema":{"@context":"https:\/\/schema.org","@graph":[{"@type":"WebPage","@id":"https:\/\/www.brokk.com\/it\/the-definitive-demolition-solution\/","url":"https:\/\/www.brokk.com\/it\/the-definitive-demolition-solution\/","name":"La soluzione migliore per la demolizione - Brokk Italy","isPartOf":{"@id":"https:\/\/www.brokk.com\/it\/#website"},"primaryImageOfPage":{"@id":"https:\/\/www.brokk.com\/it\/the-definitive-demolition-solution\/#primaryimage"},"image":{"@id":"https:\/\/www.brokk.com\/it\/the-definitive-demolition-solution\/#primaryimage"},"thumbnailUrl":"https:\/\/www.brokk.com\/it\/uploads\/sites\/13\/2018\/05\/4_new_machines-1.jpg","datePublished":"2018-03-09T15:32:23+00:00","dateModified":"2018-10-22T12:56:42+00:00","breadcrumb":{"@id":"https:\/\/www.brokk.com\/it\/the-definitive-demolition-solution\/#breadcrumb"},"inLanguage":"it-IT","potentialAction":[{"@type":"ReadAction","target":["https:\/\/www.brokk.com\/it\/the-definitive-demolition-solution\/"]}]},{"@type":"ImageObject","inLanguage":"it-IT","@id":"https:\/\/www.brokk.com\/it\/the-definitive-demolition-solution\/#primaryimage","url":"https:\/\/www.brokk.com\/it\/uploads\/sites\/13\/2018\/05\/4_new_machines-1.jpg","contentUrl":"https:\/\/www.brokk.com\/it\/uploads\/sites\/13\/2018\/05\/4_new_machines-1.jpg","width":1280,"height":800},{"@type":"BreadcrumbList","@id":"https:\/\/www.brokk.com\/it\/the-definitive-demolition-solution\/#breadcrumb","itemListElement":[{"@type":"ListItem","position":1,"name":"Home","item":"https:\/\/www.brokk.com\/it\/"},{"@type":"ListItem","position":2,"name":"La soluzione migliore per la demolizione"}]},{"@type":"WebSite","@id":"https:\/\/www.brokk.com\/it\/#website","url":"https:\/\/www.brokk.com\/it\/","name":"Brokk Italy","description":"","potentialAction":[{"@type":"SearchAction","target":{"@type":"EntryPoint","urlTemplate":"https:\/\/www.brokk.com\/it\/?s={search_term_string}"},"query-input":{"@type":"PropertyValueSpecification","valueRequired":true,"valueName":"search_term_string"}}],"inLanguage":"it-IT"}]}},"_links":{"self":[{"href":"https:\/\/www.brokk.com\/it\/wp-json\/wp\/v2\/pages\/3978","targetHints":{"allow":["GET"]}}],"collection":[{"href":"https:\/\/www.brokk.com\/it\/wp-json\/wp\/v2\/pages"}],"about":[{"href":"https:\/\/www.brokk.com\/it\/wp-json\/wp\/v2\/types\/page"}],"author":[{"embeddable":true,"href":"https:\/\/www.brokk.com\/it\/wp-json\/wp\/v2\/users\/22"}],"replies":[{"embeddable":true,"href":"https:\/\/www.brokk.com\/it\/wp-json\/wp\/v2\/comments?post=3978"}],"version-history":[{"count":1,"href":"https:\/\/www.brokk.com\/it\/wp-json\/wp\/v2\/pages\/3978\/revisions"}],"predecessor-version":[{"id":3982,"href":"https:\/\/www.brokk.com\/it\/wp-json\/wp\/v2\/pages\/3978\/revisions\/3982"}],"wp:featuredmedia":[{"embeddable":true,"href":"https:\/\/www.brokk.com\/it\/wp-json\/wp\/v2\/media\/3980"}],"wp:attachment":[{"href":"https:\/\/www.brokk.com\/it\/wp-json\/wp\/v2\/media?parent=3978"}],"curies":[{"name":"wp","href":"https:\/\/api.w.org\/{rel}","templated":true}]}}