{"id":5951,"date":"2021-02-15T09:00:41","date_gmt":"2021-02-15T08:00:41","guid":{"rendered":"https:\/\/www.brokk.com\/it\/?page_id=5951"},"modified":"2021-11-02T10:45:02","modified_gmt":"2021-11-02T09:45:02","slug":"brokk-connect","status":"publish","type":"page","link":"https:\/\/www.brokk.com\/it\/brokk-connect\/","title":{"rendered":"Brokk Connect"},"content":{"rendered":"<p><strong>La piattaforma online \u00e8 sviluppata per connettere i robot di demolizione Brokk in remoto ed \u00e8 progettata per semplificare il controllo delle funzionalit\u00e0 e gestione. Il software consente di localizzare e gestire l\u2019intera flotta di robot, con informazioni precise su ogni attivit\u00e0 e richiesta di manutenzione, in tempo reale. Che il tuo obiettivo sia far crescere la tua attivit\u00e0 o ottimizzare la tua flotta, Brokk Connect ti permette di assumere il controllo totale del tuo investimento.<\/strong><\/p>\n<p>&nbsp;<\/p>\n<p><img loading=\"lazy\" decoding=\"async\" class=\"alignnone size-medium wp-image-6167\" src=\"https:\/\/www.brokk.com\/it\/uploads\/sites\/13\/2021\/11\/brokk_connect_units.jpg\" alt=\"\" width=\"720\" height=\"480\" srcset=\"https:\/\/www.brokk.com\/it\/uploads\/sites\/13\/2021\/11\/brokk_connect_units.jpg 1440w, https:\/\/www.brokk.com\/it\/uploads\/sites\/13\/2021\/11\/brokk_connect_units-720x480.jpg 720w, https:\/\/www.brokk.com\/it\/uploads\/sites\/13\/2021\/11\/brokk_connect_units-1280x853.jpg 1280w, https:\/\/www.brokk.com\/it\/uploads\/sites\/13\/2021\/11\/brokk_connect_units-420x280.jpg 420w, https:\/\/www.brokk.com\/it\/uploads\/sites\/13\/2021\/11\/brokk_connect_units-768x512.jpg 768w, https:\/\/www.brokk.com\/it\/uploads\/sites\/13\/2021\/11\/brokk_connect_units-480x320.jpg 480w, https:\/\/www.brokk.com\/it\/uploads\/sites\/13\/2021\/11\/brokk_connect_units-48x32.jpg 48w\" sizes=\"auto, (max-width: 720px) 100vw, 720px\" \/><\/p>\n<p><strong>Informazioni di accesso<\/strong><\/p>\n<p>Conosci le tue macchine interpretando i dati e segui le attivit\u00e0 in tempo reale. C&#8217;\u00e8 una grande quantit\u00e0 di informazioni da recuperare dalla nostra piattaforma che possono aiutarti nelle tue decisioni. Accedi a informazioni come tempo di funzionamento utensile e macchina, posizioni, stato corrente e notifiche di servizio, il tutto per garantire la produttivit\u00e0 dei tuoi robot.<\/p>\n<p>&nbsp;<\/p>\n<p><strong>Analizza e gestisci<\/strong><\/p>\n<p>Le informazioni giuste al momento giusto ti danno l&#8217;opportunit\u00e0 di agire quando necessario. Analizzando i dati, \u00e8 possibile migliorare le offerte in \u200b\u200bbase al tempo effettivo anzich\u00e9 stimato, il che consente una maggiore produttivit\u00e0, una pianificazione ed utilizzo ottimizzato. Con Brokk Connect, hai l&#8217;opportunit\u00e0 di gestire completamente la tua flotta!<\/p>\n<p>&nbsp;<\/p>\n<p><strong>Con tranquillit\u00e0<\/strong><\/p>\n<p>Lascia che Brokk si prenda cura della tua flotta in modo che tu possa occuparti della tua attivit\u00e0. Firma un contratto di manutenzione \u201cBrokk Uptime\u201d e faremo in modo che sii sempre pronto per il prossimo lavoro. Ci assicureremo inoltre che la manutenzione da un centro autorizzato, venga eseguito in tempo per prolungare la durata del tuo robot. Garantisci il tuo investimento a lungo termine, con un contratto di servizio \u201cBrokk Uptime\u201d!<\/p>\n<p>&nbsp;<\/p>\n<p><strong><img loading=\"lazy\" decoding=\"async\" class=\"alignnone size-medium wp-image-6170\" src=\"https:\/\/www.brokk.com\/it\/uploads\/sites\/13\/2021\/11\/brokk_connect_geofencing.gif\" alt=\"\" width=\"720\" height=\"549\" \/><\/strong><\/p>\n<p><strong>Questo \u00e8 solo l\u2019inizio<\/strong><\/p>\n<p>Per noi questo \u00e8 il servizio ad un livello superiore, un passo avanti per lavorare meglio. Siamo orgogliosi di offrirti una piattaforma completamente personalizzata e sviluppata per te. Questo ci permette un\u2019opportunit\u00e0 di espansione illimitata e sappiamo che questo \u00e8 solo il primo passo di tanti nel suo sviluppo.<\/p>\n<p>&nbsp;<\/p>\n<p>Sei curioso di sapere come Brokk Connect pu\u00f2 aiutare la tua azienda?<br \/>\nContatta il rivenditore pi\u00f9 vicino per avere maggiori informazioni ed entra nel mondo digitale.<\/p>\n<p>Scarica il depliant Brokk Connect <a href=\"https:\/\/www.brokk.com\/it\/uploads\/sites\/13\/2021\/11\/brokk_connect_en_revb.pdf\">QUI.<\/a><\/p>\n<p>&nbsp;<\/p>\n<p>Comunicate stampa <a href=\"https:\/\/www.brokk.com\/it\/press-release\/brokk-announces-brokk-connect\/\">QUI<\/a><\/p>\n","protected":false},"excerpt":{"rendered":"<p>Brokk Connect \u00e8 certificata Industria 4.0 per ottenere il credito d\u2019imposta (legge di bilancio 2021) ed \u00e8 il sistema per migliorare la produttivit\u00e0 e ridurre i fermi macchina.<\/p>\n","protected":false},"author":36,"featured_media":6165,"parent":0,"menu_order":17,"comment_status":"closed","ping_status":"closed","template":"page-templates\/landing.php","meta":{"_acf_changed":false,"_relevanssi_hide_post":"","_relevanssi_hide_content":"","_relevanssi_pin_for_all":"","_relevanssi_pin_keywords":"","_relevanssi_unpin_keywords":"","_relevanssi_related_keywords":"","_relevanssi_related_include_ids":"","_relevanssi_related_exclude_ids":"","_relevanssi_related_no_append":"","_relevanssi_related_not_related":"","_relevanssi_related_posts":"","_relevanssi_noindex_reason":"","footnotes":""},"class_list":["post-5951","page","type-page","status-publish","has-post-thumbnail","hentry"],"acf":[],"yoast_head":"<!-- This site is optimized with the Yoast SEO plugin v27.3 - https:\/\/yoast.com\/product\/yoast-seo-wordpress\/ -->\n<title>Brokk Connect - Brokk Italy<\/title>\n<meta name=\"robots\" content=\"index, follow, max-snippet:-1, max-image-preview:large, max-video-preview:-1\" \/>\n<link rel=\"canonical\" href=\"https:\/\/www.brokk.com\/it\/brokk-connect\/\" \/>\n<meta property=\"og:locale\" content=\"it_IT\" \/>\n<meta property=\"og:type\" content=\"article\" \/>\n<meta property=\"og:title\" content=\"Brokk Connect - Brokk Italy\" \/>\n<meta property=\"og:description\" content=\"Brokk Connect \u00e8 certificata Industria 4.0 per ottenere il credito d\u2019imposta (legge di bilancio 2021) ed \u00e8 il sistema per migliorare la produttivit\u00e0 e ridurre i fermi macchina.\" \/>\n<meta property=\"og:url\" content=\"https:\/\/www.brokk.com\/it\/brokk-connect\/\" \/>\n<meta property=\"og:site_name\" content=\"Brokk Italy\" \/>\n<meta property=\"article:modified_time\" content=\"2021-11-02T09:45:02+00:00\" \/>\n<meta property=\"og:image\" content=\"https:\/\/www.brokk.com\/it\/uploads\/sites\/13\/2021\/11\/brokk_connect_v2.jpg\" \/>\n\t<meta property=\"og:image:width\" content=\"2560\" \/>\n\t<meta property=\"og:image:height\" content=\"1096\" \/>\n\t<meta property=\"og:image:type\" content=\"image\/jpeg\" \/>\n<meta name=\"twitter:card\" content=\"summary_large_image\" \/>\n<meta name=\"twitter:label1\" content=\"Tempo di lettura stimato\" \/>\n\t<meta name=\"twitter:data1\" content=\"2 minuti\" \/>\n<script type=\"application\/ld+json\" class=\"yoast-schema-graph\">{\"@context\":\"https:\\\/\\\/schema.org\",\"@graph\":[{\"@type\":\"WebPage\",\"@id\":\"https:\\\/\\\/www.brokk.com\\\/it\\\/brokk-connect\\\/\",\"url\":\"https:\\\/\\\/www.brokk.com\\\/it\\\/brokk-connect\\\/\",\"name\":\"Brokk Connect - Brokk Italy\",\"isPartOf\":{\"@id\":\"https:\\\/\\\/www.brokk.com\\\/it\\\/#website\"},\"primaryImageOfPage\":{\"@id\":\"https:\\\/\\\/www.brokk.com\\\/it\\\/brokk-connect\\\/#primaryimage\"},\"image\":{\"@id\":\"https:\\\/\\\/www.brokk.com\\\/it\\\/brokk-connect\\\/#primaryimage\"},\"thumbnailUrl\":\"https:\\\/\\\/www.brokk.com\\\/it\\\/uploads\\\/sites\\\/13\\\/2021\\\/11\\\/brokk_connect_v2.jpg\",\"datePublished\":\"2021-02-15T08:00:41+00:00\",\"dateModified\":\"2021-11-02T09:45:02+00:00\",\"breadcrumb\":{\"@id\":\"https:\\\/\\\/www.brokk.com\\\/it\\\/brokk-connect\\\/#breadcrumb\"},\"inLanguage\":\"it-IT\",\"potentialAction\":[{\"@type\":\"ReadAction\",\"target\":[\"https:\\\/\\\/www.brokk.com\\\/it\\\/brokk-connect\\\/\"]}]},{\"@type\":\"ImageObject\",\"inLanguage\":\"it-IT\",\"@id\":\"https:\\\/\\\/www.brokk.com\\\/it\\\/brokk-connect\\\/#primaryimage\",\"url\":\"https:\\\/\\\/www.brokk.com\\\/it\\\/uploads\\\/sites\\\/13\\\/2021\\\/11\\\/brokk_connect_v2.jpg\",\"contentUrl\":\"https:\\\/\\\/www.brokk.com\\\/it\\\/uploads\\\/sites\\\/13\\\/2021\\\/11\\\/brokk_connect_v2.jpg\",\"width\":2560,\"height\":1096},{\"@type\":\"BreadcrumbList\",\"@id\":\"https:\\\/\\\/www.brokk.com\\\/it\\\/brokk-connect\\\/#breadcrumb\",\"itemListElement\":[{\"@type\":\"ListItem\",\"position\":1,\"name\":\"Home\",\"item\":\"https:\\\/\\\/www.brokk.com\\\/it\\\/home\\\/\"},{\"@type\":\"ListItem\",\"position\":2,\"name\":\"Brokk Connect\"}]},{\"@type\":\"WebSite\",\"@id\":\"https:\\\/\\\/www.brokk.com\\\/it\\\/#website\",\"url\":\"https:\\\/\\\/www.brokk.com\\\/it\\\/\",\"name\":\"Brokk Italy\",\"description\":\"\",\"potentialAction\":[{\"@type\":\"SearchAction\",\"target\":{\"@type\":\"EntryPoint\",\"urlTemplate\":\"https:\\\/\\\/www.brokk.com\\\/it\\\/?s={search_term_string}\"},\"query-input\":{\"@type\":\"PropertyValueSpecification\",\"valueRequired\":true,\"valueName\":\"search_term_string\"}}],\"inLanguage\":\"it-IT\"}]}<\/script>\n<!-- \/ Yoast SEO plugin. -->","yoast_head_json":{"title":"Brokk Connect - Brokk Italy","robots":{"index":"index","follow":"follow","max-snippet":"max-snippet:-1","max-image-preview":"max-image-preview:large","max-video-preview":"max-video-preview:-1"},"canonical":"https:\/\/www.brokk.com\/it\/brokk-connect\/","og_locale":"it_IT","og_type":"article","og_title":"Brokk Connect - Brokk Italy","og_description":"Brokk Connect \u00e8 certificata Industria 4.0 per ottenere il credito d\u2019imposta (legge di bilancio 2021) ed \u00e8 il sistema per migliorare la produttivit\u00e0 e ridurre i fermi macchina.","og_url":"https:\/\/www.brokk.com\/it\/brokk-connect\/","og_site_name":"Brokk Italy","article_modified_time":"2021-11-02T09:45:02+00:00","og_image":[{"width":2560,"height":1096,"url":"https:\/\/www.brokk.com\/it\/uploads\/sites\/13\/2021\/11\/brokk_connect_v2.jpg","type":"image\/jpeg"}],"twitter_card":"summary_large_image","twitter_misc":{"Tempo di lettura stimato":"2 minuti"},"schema":{"@context":"https:\/\/schema.org","@graph":[{"@type":"WebPage","@id":"https:\/\/www.brokk.com\/it\/brokk-connect\/","url":"https:\/\/www.brokk.com\/it\/brokk-connect\/","name":"Brokk Connect - Brokk Italy","isPartOf":{"@id":"https:\/\/www.brokk.com\/it\/#website"},"primaryImageOfPage":{"@id":"https:\/\/www.brokk.com\/it\/brokk-connect\/#primaryimage"},"image":{"@id":"https:\/\/www.brokk.com\/it\/brokk-connect\/#primaryimage"},"thumbnailUrl":"https:\/\/www.brokk.com\/it\/uploads\/sites\/13\/2021\/11\/brokk_connect_v2.jpg","datePublished":"2021-02-15T08:00:41+00:00","dateModified":"2021-11-02T09:45:02+00:00","breadcrumb":{"@id":"https:\/\/www.brokk.com\/it\/brokk-connect\/#breadcrumb"},"inLanguage":"it-IT","potentialAction":[{"@type":"ReadAction","target":["https:\/\/www.brokk.com\/it\/brokk-connect\/"]}]},{"@type":"ImageObject","inLanguage":"it-IT","@id":"https:\/\/www.brokk.com\/it\/brokk-connect\/#primaryimage","url":"https:\/\/www.brokk.com\/it\/uploads\/sites\/13\/2021\/11\/brokk_connect_v2.jpg","contentUrl":"https:\/\/www.brokk.com\/it\/uploads\/sites\/13\/2021\/11\/brokk_connect_v2.jpg","width":2560,"height":1096},{"@type":"BreadcrumbList","@id":"https:\/\/www.brokk.com\/it\/brokk-connect\/#breadcrumb","itemListElement":[{"@type":"ListItem","position":1,"name":"Home","item":"https:\/\/www.brokk.com\/it\/home\/"},{"@type":"ListItem","position":2,"name":"Brokk Connect"}]},{"@type":"WebSite","@id":"https:\/\/www.brokk.com\/it\/#website","url":"https:\/\/www.brokk.com\/it\/","name":"Brokk Italy","description":"","potentialAction":[{"@type":"SearchAction","target":{"@type":"EntryPoint","urlTemplate":"https:\/\/www.brokk.com\/it\/?s={search_term_string}"},"query-input":{"@type":"PropertyValueSpecification","valueRequired":true,"valueName":"search_term_string"}}],"inLanguage":"it-IT"}]}},"_links":{"self":[{"href":"https:\/\/www.brokk.com\/it\/wp-json\/wp\/v2\/pages\/5951","targetHints":{"allow":["GET"]}}],"collection":[{"href":"https:\/\/www.brokk.com\/it\/wp-json\/wp\/v2\/pages"}],"about":[{"href":"https:\/\/www.brokk.com\/it\/wp-json\/wp\/v2\/types\/page"}],"author":[{"embeddable":true,"href":"https:\/\/www.brokk.com\/it\/wp-json\/wp\/v2\/users\/36"}],"replies":[{"embeddable":true,"href":"https:\/\/www.brokk.com\/it\/wp-json\/wp\/v2\/comments?post=5951"}],"version-history":[{"count":12,"href":"https:\/\/www.brokk.com\/it\/wp-json\/wp\/v2\/pages\/5951\/revisions"}],"predecessor-version":[{"id":6174,"href":"https:\/\/www.brokk.com\/it\/wp-json\/wp\/v2\/pages\/5951\/revisions\/6174"}],"wp:featuredmedia":[{"embeddable":true,"href":"https:\/\/www.brokk.com\/it\/wp-json\/wp\/v2\/media\/6165"}],"wp:attachment":[{"href":"https:\/\/www.brokk.com\/it\/wp-json\/wp\/v2\/media?parent=5951"}],"curies":[{"name":"wp","href":"https:\/\/api.w.org\/{rel}","templated":true}]}}