{"id":6340,"date":"2022-10-18T09:02:34","date_gmt":"2022-10-18T08:02:34","guid":{"rendered":"https:\/\/www.brokk.com\/it\/my-brokk\/"},"modified":"2026-04-23T12:46:08","modified_gmt":"2026-04-23T11:46:08","slug":"my-brokk","status":"publish","type":"page","link":"https:\/\/www.brokk.com\/it\/my-brokk\/","title":{"rendered":"My Brokk"},"content":{"rendered":"<p>My Brokk \u00e8 il rivoluzionario portale online che ti offre il pieno controllo del tuo robot Brokk. Il nuovo portale integra molteplici servizi in un&#8217;unica risorsa, tra cui Brokk Connect, una libreria di documentazione tecnica e un negozio online. Questo ti d\u00e0 la libert\u00e0 di ottenere informazioni sul tuo robot o sull&#8217;intera flotta, ovunque ti trovi e in qualsiasi momento tu ne abbia bisogno.<\/p>\n<p>Tramite My Brokk, puoi accedere a Brokk Connect, la piattaforma online progettata per semplificare il controllo e la manutenzione dei tuoi robot Brokk. Il software ti consente di monitorare e gestire l&#8217;intera flotta di robot, con informazioni precise su ogni attivit\u00e0 e intervento di manutenzione, ora per ora. La versione aggiornata di Brokk Connect \u00e8 stata ulteriormente migliorata con novit\u00e0 come la connessione Wi-Fi e la modalit\u00e0 offline.<\/p>\n<p>La pratica funzione di documentazione ti offre un facile accesso a manuali, dati tecnici e altre informazioni utili. Il nostro nuovo negozio online si basa sui nostri prodotti esclusivi ed \u00e8 specificamente pensato per le esigenze dei nostri clienti. Ti permette di ordinare ricambi originali in modo rapido ed efficiente direttamente dal tuo rivenditore Brokk di zona. Tutto questo per garantire la massima operativit\u00e0.<\/p>\n<p>Questa \u00e8 una panoramica dei servizi e dei principali vantaggi offerti da My Brokk.<\/p>\n<h3>BROKK CONNECT<\/h3>\n<ul>\n<li style=\"list-style-type: none\"><\/li>\n<li>Conosci il tuo robot. Interpreta i dati e monitora le attivit\u00e0 dei tuoi robot in tempo reale per prendere decisioni migliori e pi\u00f9 consapevoli.<\/li>\n<li>Accedi alle informazioni. Rendi il lavoro pi\u00f9 efficiente utilizzando le informazioni relative al tempo di utilizzo degli utensili, alle ore di funzionamento, alla posizione dei robot e al loro stato attuale.<\/li>\n<li>Analizza e ottimizza. Analizzando i dati disponibili, puoi aumentare la produttivit\u00e0, ottimizzare la pianificazione, l&#8217;utilizzo e i preventivi.<\/li>\n<li>Notifiche di manutenzione. Brokk Connect ti avvisa quando \u00e8 il momento della manutenzione, consentendoti di lavorare in modo proattivo e assicurarti che il tuo robot sia sempre pronto per il prossimo lavoro.<\/li>\n<li>Novit\u00e0! Connessione Wi-Fi. La nuova versione aggiornata di Brokk Connect ti offre la possibilit\u00e0 di connettere il robot al Wi-Fi.<\/li>\n<li>Novit\u00e0! Modalit\u00e0 offline. Brokk Connect salva i dati in un gateway se il robot \u00e8 temporaneamente senza connessione mobile o Wi-Fi e li carica quando torna online.<\/li>\n<\/ul>\n<p><img loading=\"lazy\" decoding=\"async\" class=\"alignnone size-medium wp-image-6321\" src=\"https:\/\/www.brokk.com\/it\/uploads\/sites\/13\/2022\/10\/mybrokk-connect-720x480.jpg\" alt=\"\" width=\"720\" height=\"480\" srcset=\"https:\/\/www.brokk.com\/it\/uploads\/sites\/13\/2022\/10\/mybrokk-connect-720x480.jpg 720w, https:\/\/www.brokk.com\/it\/uploads\/sites\/13\/2022\/10\/mybrokk-connect-1280x853.jpg 1280w, https:\/\/www.brokk.com\/it\/uploads\/sites\/13\/2022\/10\/mybrokk-connect-420x280.jpg 420w, https:\/\/www.brokk.com\/it\/uploads\/sites\/13\/2022\/10\/mybrokk-connect-768x512.jpg 768w, https:\/\/www.brokk.com\/it\/uploads\/sites\/13\/2022\/10\/mybrokk-connect-480x320.jpg 480w, https:\/\/www.brokk.com\/it\/uploads\/sites\/13\/2022\/10\/mybrokk-connect-48x32.jpg 48w, https:\/\/www.brokk.com\/it\/uploads\/sites\/13\/2022\/10\/mybrokk-connect.jpg 1440w\" sizes=\"auto, (max-width: 720px) 100vw, 720px\" \/><\/p>\n<h3>NOVIT\u00c0: DOCUMENTAZIONE<\/h3>\n<ul>\n<li>Documentazione tecnica. La libreria di documenti contiene una variet\u00e0 di documenti, dai manuali ai dati tecnici e agli schemi.<\/li>\n<li>Accesso immediato. Tutti i documenti tecnici relativi ai tuoi robot sono raccolti in un unico luogo, rendendo le informazioni importanti disponibili a portata di mano.<\/li>\n<li>Registra tutti i tuoi robot. Per ottimizzare l&#8217;utilizzo della libreria di documenti, puoi registrare i tuoi robot in My Brokk.<\/li>\n<\/ul>\n<p><img loading=\"lazy\" decoding=\"async\" class=\"alignnone size-medium wp-image-6320\" src=\"https:\/\/www.brokk.com\/it\/uploads\/sites\/13\/2022\/10\/mybrokk-documents-720x480.jpg\" alt=\"\" width=\"720\" height=\"480\" srcset=\"https:\/\/www.brokk.com\/it\/uploads\/sites\/13\/2022\/10\/mybrokk-documents-720x480.jpg 720w, https:\/\/www.brokk.com\/it\/uploads\/sites\/13\/2022\/10\/mybrokk-documents-1280x853.jpg 1280w, https:\/\/www.brokk.com\/it\/uploads\/sites\/13\/2022\/10\/mybrokk-documents-420x280.jpg 420w, https:\/\/www.brokk.com\/it\/uploads\/sites\/13\/2022\/10\/mybrokk-documents-768x512.jpg 768w, https:\/\/www.brokk.com\/it\/uploads\/sites\/13\/2022\/10\/mybrokk-documents-480x320.jpg 480w, https:\/\/www.brokk.com\/it\/uploads\/sites\/13\/2022\/10\/mybrokk-documents-48x32.jpg 48w, https:\/\/www.brokk.com\/it\/uploads\/sites\/13\/2022\/10\/mybrokk-documents.jpg 1440w\" sizes=\"auto, (max-width: 720px) 100vw, 720px\" \/><\/p>\n<h3>NOVIT\u00c0: NEGOZIO ONLINE<\/h3>\n<ul>\n<li>Assortimento completo. Il negozio online in My Brokk ti permette di visualizzare e ordinare online una gamma completa di ricambi e accessori originali Brokk.<\/li>\n<li>Ordinare \u00e8 facile. Il nostro nuovo negozio online semplifica la ricerca dei ricambi giusti per i tuoi robot e i prezzi sono in valuta locale.<\/li>\n<li>Ricambi originali. Tutti i prodotti disponibili nel negozio online sono ricambi originali Brokk di alta qualit\u00e0, condizione necessaria per la validit\u00e0 della garanzia del robot.<\/li>\n<li>Consegna affidabile. Utilizzando il negozio online, il processo di acquisto \u00e8 pi\u00f9 rapido e i tempi di consegna sono ridotti.<\/li>\n<\/ul>\n<p><img loading=\"lazy\" decoding=\"async\" class=\"alignnone size-medium wp-image-6319\" src=\"https:\/\/www.brokk.com\/it\/uploads\/sites\/13\/2022\/10\/mybrokk-webshop-720x480.jpg\" alt=\"\" width=\"720\" height=\"480\" srcset=\"https:\/\/www.brokk.com\/it\/uploads\/sites\/13\/2022\/10\/mybrokk-webshop-720x480.jpg 720w, https:\/\/www.brokk.com\/it\/uploads\/sites\/13\/2022\/10\/mybrokk-webshop-1280x853.jpg 1280w, https:\/\/www.brokk.com\/it\/uploads\/sites\/13\/2022\/10\/mybrokk-webshop-420x280.jpg 420w, https:\/\/www.brokk.com\/it\/uploads\/sites\/13\/2022\/10\/mybrokk-webshop-768x512.jpg 768w, https:\/\/www.brokk.com\/it\/uploads\/sites\/13\/2022\/10\/mybrokk-webshop-480x320.jpg 480w, https:\/\/www.brokk.com\/it\/uploads\/sites\/13\/2022\/10\/mybrokk-webshop-48x32.jpg 48w, https:\/\/www.brokk.com\/it\/uploads\/sites\/13\/2022\/10\/mybrokk-webshop.jpg 1440w\" sizes=\"auto, (max-width: 720px) 100vw, 720px\" \/><\/p>\n<h3>SEI PRONTO? INIZIAMO!<\/h3>\n<p>My Brokk \u00e8 disponibile per chiunque possieda un robot Brokk: scopri i vantaggi del portale per la tua attivit\u00e0. Bastano pochi semplici passaggi per iniziare! <a href=\"https:\/\/www.brokk.com\/it\/brokk-italia\/\">CONTATTA IL TUO RIVENDITORE BROKK DI ZONA<\/a> per registrarti oggi stesso.<\/p>\n","protected":false},"excerpt":{"rendered":"<p>My Brokk \u00e8 il rivoluzionario portale online che ti offre il pieno controllo del tuo robot Brokk. Il nuovo portale integra molteplici servizi in un&#8217;unica risorsa, tra cui Brokk Connect, una libreria di documentazione tecnica e un negozio online. Questo\u2026<\/p>\n","protected":false},"author":1,"featured_media":6378,"parent":0,"menu_order":9,"comment_status":"closed","ping_status":"closed","template":"page-templates\/landing.php","meta":{"_acf_changed":false,"_relevanssi_hide_post":"","_relevanssi_hide_content":"","_relevanssi_pin_for_all":"","_relevanssi_pin_keywords":"","_relevanssi_unpin_keywords":"","_relevanssi_related_keywords":"","_relevanssi_related_include_ids":"","_relevanssi_related_exclude_ids":"","_relevanssi_related_no_append":"","_relevanssi_related_not_related":"","_relevanssi_related_posts":"","_relevanssi_noindex_reason":"","footnotes":""},"class_list":["post-6340","page","type-page","status-publish","has-post-thumbnail","hentry"],"acf":[],"yoast_head":"<!-- This site is optimized with the Yoast SEO plugin v27.5 - https:\/\/yoast.com\/product\/yoast-seo-wordpress\/ -->\n<title>My Brokk - Brokk Italy<\/title>\n<meta name=\"robots\" content=\"index, follow, max-snippet:-1, max-image-preview:large, max-video-preview:-1\" \/>\n<link rel=\"canonical\" href=\"https:\/\/www.brokk.com\/it\/my-brokk\/\" \/>\n<meta property=\"og:locale\" content=\"it_IT\" \/>\n<meta property=\"og:type\" content=\"article\" \/>\n<meta property=\"og:title\" content=\"My Brokk - Brokk Italy\" \/>\n<meta property=\"og:description\" content=\"My Brokk \u00e8 il rivoluzionario portale online che ti offre il pieno controllo del tuo robot Brokk. Il nuovo portale integra molteplici servizi in un&#8217;unica risorsa, tra cui Brokk Connect, una libreria di documentazione tecnica e un negozio online. Questo\u2026\" \/>\n<meta property=\"og:url\" content=\"https:\/\/www.brokk.com\/it\/my-brokk\/\" \/>\n<meta property=\"og:site_name\" content=\"Brokk Italy\" \/>\n<meta property=\"article:modified_time\" content=\"2026-04-23T11:46:08+00:00\" \/>\n<meta property=\"og:image\" content=\"https:\/\/www.brokk.com\/it\/uploads\/sites\/13\/2022\/10\/my_brokk.jpg\" \/>\n\t<meta property=\"og:image:width\" content=\"1440\" \/>\n\t<meta property=\"og:image:height\" content=\"960\" \/>\n\t<meta property=\"og:image:type\" content=\"image\/jpeg\" \/>\n<meta name=\"twitter:card\" content=\"summary_large_image\" \/>\n<meta name=\"twitter:label1\" content=\"Tempo di lettura stimato\" \/>\n\t<meta name=\"twitter:data1\" content=\"4 minuti\" \/>\n<script type=\"application\/ld+json\" class=\"yoast-schema-graph\">{\"@context\":\"https:\\\/\\\/schema.org\",\"@graph\":[{\"@type\":\"WebPage\",\"@id\":\"https:\\\/\\\/www.brokk.com\\\/it\\\/my-brokk\\\/\",\"url\":\"https:\\\/\\\/www.brokk.com\\\/it\\\/my-brokk\\\/\",\"name\":\"My Brokk - Brokk Italy\",\"isPartOf\":{\"@id\":\"https:\\\/\\\/www.brokk.com\\\/it\\\/#website\"},\"primaryImageOfPage\":{\"@id\":\"https:\\\/\\\/www.brokk.com\\\/it\\\/my-brokk\\\/#primaryimage\"},\"image\":{\"@id\":\"https:\\\/\\\/www.brokk.com\\\/it\\\/my-brokk\\\/#primaryimage\"},\"thumbnailUrl\":\"https:\\\/\\\/www.brokk.com\\\/it\\\/uploads\\\/sites\\\/13\\\/2022\\\/10\\\/my_brokk.jpg\",\"datePublished\":\"2022-10-18T08:02:34+00:00\",\"dateModified\":\"2026-04-23T11:46:08+00:00\",\"breadcrumb\":{\"@id\":\"https:\\\/\\\/www.brokk.com\\\/it\\\/my-brokk\\\/#breadcrumb\"},\"inLanguage\":\"it-IT\",\"potentialAction\":[{\"@type\":\"ReadAction\",\"target\":[\"https:\\\/\\\/www.brokk.com\\\/it\\\/my-brokk\\\/\"]}]},{\"@type\":\"ImageObject\",\"inLanguage\":\"it-IT\",\"@id\":\"https:\\\/\\\/www.brokk.com\\\/it\\\/my-brokk\\\/#primaryimage\",\"url\":\"https:\\\/\\\/www.brokk.com\\\/it\\\/uploads\\\/sites\\\/13\\\/2022\\\/10\\\/my_brokk.jpg\",\"contentUrl\":\"https:\\\/\\\/www.brokk.com\\\/it\\\/uploads\\\/sites\\\/13\\\/2022\\\/10\\\/my_brokk.jpg\",\"width\":1440,\"height\":960},{\"@type\":\"BreadcrumbList\",\"@id\":\"https:\\\/\\\/www.brokk.com\\\/it\\\/my-brokk\\\/#breadcrumb\",\"itemListElement\":[{\"@type\":\"ListItem\",\"position\":1,\"name\":\"Home\",\"item\":\"https:\\\/\\\/www.brokk.com\\\/it\\\/home\\\/\"},{\"@type\":\"ListItem\",\"position\":2,\"name\":\"My Brokk\"}]},{\"@type\":\"WebSite\",\"@id\":\"https:\\\/\\\/www.brokk.com\\\/it\\\/#website\",\"url\":\"https:\\\/\\\/www.brokk.com\\\/it\\\/\",\"name\":\"Brokk Italy\",\"description\":\"\",\"potentialAction\":[{\"@type\":\"SearchAction\",\"target\":{\"@type\":\"EntryPoint\",\"urlTemplate\":\"https:\\\/\\\/www.brokk.com\\\/it\\\/?s={search_term_string}\"},\"query-input\":{\"@type\":\"PropertyValueSpecification\",\"valueRequired\":true,\"valueName\":\"search_term_string\"}}],\"inLanguage\":\"it-IT\"}]}<\/script>\n<!-- \/ Yoast SEO plugin. -->","yoast_head_json":{"title":"My Brokk - Brokk Italy","robots":{"index":"index","follow":"follow","max-snippet":"max-snippet:-1","max-image-preview":"max-image-preview:large","max-video-preview":"max-video-preview:-1"},"canonical":"https:\/\/www.brokk.com\/it\/my-brokk\/","og_locale":"it_IT","og_type":"article","og_title":"My Brokk - Brokk Italy","og_description":"My Brokk \u00e8 il rivoluzionario portale online che ti offre il pieno controllo del tuo robot Brokk. Il nuovo portale integra molteplici servizi in un&#8217;unica risorsa, tra cui Brokk Connect, una libreria di documentazione tecnica e un negozio online. Questo\u2026","og_url":"https:\/\/www.brokk.com\/it\/my-brokk\/","og_site_name":"Brokk Italy","article_modified_time":"2026-04-23T11:46:08+00:00","og_image":[{"width":1440,"height":960,"url":"https:\/\/www.brokk.com\/it\/uploads\/sites\/13\/2022\/10\/my_brokk.jpg","type":"image\/jpeg"}],"twitter_card":"summary_large_image","twitter_misc":{"Tempo di lettura stimato":"4 minuti"},"schema":{"@context":"https:\/\/schema.org","@graph":[{"@type":"WebPage","@id":"https:\/\/www.brokk.com\/it\/my-brokk\/","url":"https:\/\/www.brokk.com\/it\/my-brokk\/","name":"My Brokk - Brokk Italy","isPartOf":{"@id":"https:\/\/www.brokk.com\/it\/#website"},"primaryImageOfPage":{"@id":"https:\/\/www.brokk.com\/it\/my-brokk\/#primaryimage"},"image":{"@id":"https:\/\/www.brokk.com\/it\/my-brokk\/#primaryimage"},"thumbnailUrl":"https:\/\/www.brokk.com\/it\/uploads\/sites\/13\/2022\/10\/my_brokk.jpg","datePublished":"2022-10-18T08:02:34+00:00","dateModified":"2026-04-23T11:46:08+00:00","breadcrumb":{"@id":"https:\/\/www.brokk.com\/it\/my-brokk\/#breadcrumb"},"inLanguage":"it-IT","potentialAction":[{"@type":"ReadAction","target":["https:\/\/www.brokk.com\/it\/my-brokk\/"]}]},{"@type":"ImageObject","inLanguage":"it-IT","@id":"https:\/\/www.brokk.com\/it\/my-brokk\/#primaryimage","url":"https:\/\/www.brokk.com\/it\/uploads\/sites\/13\/2022\/10\/my_brokk.jpg","contentUrl":"https:\/\/www.brokk.com\/it\/uploads\/sites\/13\/2022\/10\/my_brokk.jpg","width":1440,"height":960},{"@type":"BreadcrumbList","@id":"https:\/\/www.brokk.com\/it\/my-brokk\/#breadcrumb","itemListElement":[{"@type":"ListItem","position":1,"name":"Home","item":"https:\/\/www.brokk.com\/it\/home\/"},{"@type":"ListItem","position":2,"name":"My Brokk"}]},{"@type":"WebSite","@id":"https:\/\/www.brokk.com\/it\/#website","url":"https:\/\/www.brokk.com\/it\/","name":"Brokk Italy","description":"","potentialAction":[{"@type":"SearchAction","target":{"@type":"EntryPoint","urlTemplate":"https:\/\/www.brokk.com\/it\/?s={search_term_string}"},"query-input":{"@type":"PropertyValueSpecification","valueRequired":true,"valueName":"search_term_string"}}],"inLanguage":"it-IT"}]}},"_links":{"self":[{"href":"https:\/\/www.brokk.com\/it\/wp-json\/wp\/v2\/pages\/6340","targetHints":{"allow":["GET"]}}],"collection":[{"href":"https:\/\/www.brokk.com\/it\/wp-json\/wp\/v2\/pages"}],"about":[{"href":"https:\/\/www.brokk.com\/it\/wp-json\/wp\/v2\/types\/page"}],"author":[{"embeddable":true,"href":"https:\/\/www.brokk.com\/it\/wp-json\/wp\/v2\/users\/1"}],"replies":[{"embeddable":true,"href":"https:\/\/www.brokk.com\/it\/wp-json\/wp\/v2\/comments?post=6340"}],"version-history":[{"count":6,"href":"https:\/\/www.brokk.com\/it\/wp-json\/wp\/v2\/pages\/6340\/revisions"}],"predecessor-version":[{"id":7064,"href":"https:\/\/www.brokk.com\/it\/wp-json\/wp\/v2\/pages\/6340\/revisions\/7064"}],"wp:featuredmedia":[{"embeddable":true,"href":"https:\/\/www.brokk.com\/it\/wp-json\/wp\/v2\/media\/6378"}],"wp:attachment":[{"href":"https:\/\/www.brokk.com\/it\/wp-json\/wp\/v2\/media?parent=6340"}],"curies":[{"name":"wp","href":"https:\/\/api.w.org\/{rel}","templated":true}]}}