{"id":2992,"date":"2018-03-09T15:32:23","date_gmt":"2018-03-09T15:32:23","guid":{"rendered":"https:\/\/www.brokk.com\/norway\/the-definitive-demolition-solution\/"},"modified":"2018-10-31T13:30:09","modified_gmt":"2018-10-31T12:30:09","slug":"the-definitive-demolition-solution","status":"publish","type":"page","link":"https:\/\/www.brokk.com\/no\/the-definitive-demolition-solution\/","title":{"rendered":"Den endelige rivningsl\u00f8sningen"},"content":{"rendered":"<h3><strong>Den endelige rivningsl\u00f8sningen<\/strong><\/h3>\n<p><strong>N\u00e5 tar Brokk det neste skrittet innen intelligent rivning. Fire nye maskiner med innovativ teknologi og funksjoner: SmartPower muliggj\u00f8r rekordkrefter og p\u00e5litelighet, SmartRemote tar maskinene til nye h\u00f8yder b\u00e5d innen ergonomi og produktivitet, og SmartDesign kombinerer robusthet og brukervennlighet.<\/strong><\/p>\n<p>&nbsp;<\/p>\n<h4>BROKK 170: Hjerte og hode<\/h4>\n<p>Hvis du likte Brokk 160, vil du elske denne maskinen. Brokk 170 legger til mer kraft og intelligens i samme fjernstyrte pakke.<\/p>\n<h4>BROKK 200: MUSKLER, REKKEVIDDE OG VEKT<\/h4>\n<p>Det er en ny vektklasse i ringen. Brokk 200 er din kraftpakke fra oss. Med 2,1 tonn muskler kompakt i et smart og kompakt design.<\/p>\n<h4>BROKK 520D: STOR OG GR\u00d8NN<\/h4>\n<p>Planetens gr\u00f8nneste demoleringsmaskin. Et dieselbeist med 40% st\u00f8rre slagkraft og med krefter til de virkelig store verkt\u00f8yene v\u00e5re.<\/p>\n<h4>BROKK 300: EN NY LEGENDE<\/h4>\n<p>Vi tok det beste fra v\u00e5r mellomste Brokk. Med Brokk 300 f\u00e5r du 40% st\u00f8rre slagkraft og redskapsvekten er \u00f8ket slik at du kan benytte enda kraftigere og forbedret redskap.<\/p>\n<h4>Se hele samlingen<\/h4>\n<p>I forbindelse med den offisielle lanseringen av de nye maskinene organiserte vi en eksklusiv forh\u00e5ndsvisning for v\u00e5re partnere p\u00e5 Brokk hovedkontor i Skellefte\u00e5. Her kan du se noen glimt fra denne mye verdsatt hendelsen.<\/p>\n<p>&nbsp;<\/p>\n<div class=\"video-container\"><iframe loading=\"lazy\" width=\"1024\" height=\"576\" src=\"https:\/\/www.youtube.com\/embed\/ZFgugHyQaBk?feature=oembed\" frameborder=\"0\" allow=\"accelerometer; autoplay; encrypted-media; gyroscope; picture-in-picture\" allowfullscreen><\/iframe><\/div>\n<p>&nbsp;<\/p>\n","protected":false},"excerpt":{"rendered":"<p>Den endelige rivningsl\u00f8sningen N\u00e5 tar Brokk det neste skrittet innen intelligent rivning. Fire nye maskiner med innovativ teknologi og funksjoner: SmartPower muliggj\u00f8r rekordkrefter og p\u00e5litelighet, SmartRemote tar maskinene til nye h\u00f8yder b\u00e5d innen ergonomi og produktivitet, og SmartDesign kombinerer robusthet\u2026<\/p>\n","protected":false},"author":2,"featured_media":2994,"parent":0,"menu_order":103,"comment_status":"closed","ping_status":"closed","template":"page-templates\/campaign.php","meta":{"_acf_changed":false,"_relevanssi_hide_post":"","_relevanssi_hide_content":"","_relevanssi_pin_for_all":"","_relevanssi_pin_keywords":"","_relevanssi_unpin_keywords":"","_relevanssi_related_keywords":"","_relevanssi_related_include_ids":"","_relevanssi_related_exclude_ids":"","_relevanssi_related_no_append":"","_relevanssi_related_not_related":"","_relevanssi_related_posts":"","_relevanssi_noindex_reason":"","footnotes":""},"class_list":["post-2992","page","type-page","status-publish","has-post-thumbnail","hentry"],"acf":[],"yoast_head":"<!-- This site is optimized with the Yoast SEO plugin v27.5 - https:\/\/yoast.com\/product\/yoast-seo-wordpress\/ -->\n<title>Den endelige rivningsl\u00f8sningen - Brokk Norge<\/title>\n<meta name=\"robots\" content=\"index, follow, max-snippet:-1, max-image-preview:large, max-video-preview:-1\" \/>\n<link rel=\"canonical\" href=\"https:\/\/www.brokk.com\/no\/the-definitive-demolition-solution\/\" \/>\n<meta property=\"og:locale\" content=\"nb_NO\" \/>\n<meta property=\"og:type\" content=\"article\" \/>\n<meta property=\"og:title\" content=\"Den endelige rivningsl\u00f8sningen - Brokk Norge\" \/>\n<meta property=\"og:description\" content=\"Den endelige rivningsl\u00f8sningen N\u00e5 tar Brokk det neste skrittet innen intelligent rivning. Fire nye maskiner med innovativ teknologi og funksjoner: SmartPower muliggj\u00f8r rekordkrefter og p\u00e5litelighet, SmartRemote tar maskinene til nye h\u00f8yder b\u00e5d innen ergonomi og produktivitet, og SmartDesign kombinerer robusthet\u2026\" \/>\n<meta property=\"og:url\" content=\"https:\/\/www.brokk.com\/no\/the-definitive-demolition-solution\/\" \/>\n<meta property=\"og:site_name\" content=\"Brokk Norge\" \/>\n<meta property=\"article:modified_time\" content=\"2018-10-31T12:30:09+00:00\" \/>\n<meta property=\"og:image\" content=\"https:\/\/www.brokk.com\/no\/uploads\/sites\/3\/2018\/05\/4_new_machines-1.jpg\" \/>\n\t<meta property=\"og:image:width\" content=\"1280\" \/>\n\t<meta property=\"og:image:height\" content=\"800\" \/>\n\t<meta property=\"og:image:type\" content=\"image\/jpeg\" \/>\n<meta name=\"twitter:card\" content=\"summary_large_image\" \/>\n<meta name=\"twitter:label1\" content=\"Ansl. lesetid\" \/>\n\t<meta name=\"twitter:data1\" content=\"1 minutt\" \/>\n<script type=\"application\/ld+json\" class=\"yoast-schema-graph\">{\"@context\":\"https:\\\/\\\/schema.org\",\"@graph\":[{\"@type\":\"WebPage\",\"@id\":\"https:\\\/\\\/www.brokk.com\\\/no\\\/the-definitive-demolition-solution\\\/\",\"url\":\"https:\\\/\\\/www.brokk.com\\\/no\\\/the-definitive-demolition-solution\\\/\",\"name\":\"Den endelige rivningsl\u00f8sningen - Brokk Norge\",\"isPartOf\":{\"@id\":\"https:\\\/\\\/www.brokk.com\\\/no\\\/#website\"},\"primaryImageOfPage\":{\"@id\":\"https:\\\/\\\/www.brokk.com\\\/no\\\/the-definitive-demolition-solution\\\/#primaryimage\"},\"image\":{\"@id\":\"https:\\\/\\\/www.brokk.com\\\/no\\\/the-definitive-demolition-solution\\\/#primaryimage\"},\"thumbnailUrl\":\"https:\\\/\\\/www.brokk.com\\\/no\\\/uploads\\\/sites\\\/3\\\/2018\\\/05\\\/4_new_machines-1.jpg\",\"datePublished\":\"2018-03-09T15:32:23+00:00\",\"dateModified\":\"2018-10-31T12:30:09+00:00\",\"breadcrumb\":{\"@id\":\"https:\\\/\\\/www.brokk.com\\\/no\\\/the-definitive-demolition-solution\\\/#breadcrumb\"},\"inLanguage\":\"nb-NO\",\"potentialAction\":[{\"@type\":\"ReadAction\",\"target\":[\"https:\\\/\\\/www.brokk.com\\\/no\\\/the-definitive-demolition-solution\\\/\"]}]},{\"@type\":\"ImageObject\",\"inLanguage\":\"nb-NO\",\"@id\":\"https:\\\/\\\/www.brokk.com\\\/no\\\/the-definitive-demolition-solution\\\/#primaryimage\",\"url\":\"https:\\\/\\\/www.brokk.com\\\/no\\\/uploads\\\/sites\\\/3\\\/2018\\\/05\\\/4_new_machines-1.jpg\",\"contentUrl\":\"https:\\\/\\\/www.brokk.com\\\/no\\\/uploads\\\/sites\\\/3\\\/2018\\\/05\\\/4_new_machines-1.jpg\",\"width\":1280,\"height\":800},{\"@type\":\"BreadcrumbList\",\"@id\":\"https:\\\/\\\/www.brokk.com\\\/no\\\/the-definitive-demolition-solution\\\/#breadcrumb\",\"itemListElement\":[{\"@type\":\"ListItem\",\"position\":1,\"name\":\"Home\",\"item\":\"https:\\\/\\\/www.brokk.com\\\/no\\\/home\\\/\"},{\"@type\":\"ListItem\",\"position\":2,\"name\":\"Den endelige rivningsl\u00f8sningen\"}]},{\"@type\":\"WebSite\",\"@id\":\"https:\\\/\\\/www.brokk.com\\\/no\\\/#website\",\"url\":\"https:\\\/\\\/www.brokk.com\\\/no\\\/\",\"name\":\"Brokk Norge\",\"description\":\"\",\"potentialAction\":[{\"@type\":\"SearchAction\",\"target\":{\"@type\":\"EntryPoint\",\"urlTemplate\":\"https:\\\/\\\/www.brokk.com\\\/no\\\/?s={search_term_string}\"},\"query-input\":{\"@type\":\"PropertyValueSpecification\",\"valueRequired\":true,\"valueName\":\"search_term_string\"}}],\"inLanguage\":\"nb-NO\"}]}<\/script>\n<!-- \/ Yoast SEO plugin. -->","yoast_head_json":{"title":"Den endelige rivningsl\u00f8sningen - Brokk Norge","robots":{"index":"index","follow":"follow","max-snippet":"max-snippet:-1","max-image-preview":"max-image-preview:large","max-video-preview":"max-video-preview:-1"},"canonical":"https:\/\/www.brokk.com\/no\/the-definitive-demolition-solution\/","og_locale":"nb_NO","og_type":"article","og_title":"Den endelige rivningsl\u00f8sningen - Brokk Norge","og_description":"Den endelige rivningsl\u00f8sningen N\u00e5 tar Brokk det neste skrittet innen intelligent rivning. Fire nye maskiner med innovativ teknologi og funksjoner: SmartPower muliggj\u00f8r rekordkrefter og p\u00e5litelighet, SmartRemote tar maskinene til nye h\u00f8yder b\u00e5d innen ergonomi og produktivitet, og SmartDesign kombinerer robusthet\u2026","og_url":"https:\/\/www.brokk.com\/no\/the-definitive-demolition-solution\/","og_site_name":"Brokk Norge","article_modified_time":"2018-10-31T12:30:09+00:00","og_image":[{"width":1280,"height":800,"url":"https:\/\/www.brokk.com\/no\/uploads\/sites\/3\/2018\/05\/4_new_machines-1.jpg","type":"image\/jpeg"}],"twitter_card":"summary_large_image","twitter_misc":{"Ansl. lesetid":"1 minutt"},"schema":{"@context":"https:\/\/schema.org","@graph":[{"@type":"WebPage","@id":"https:\/\/www.brokk.com\/no\/the-definitive-demolition-solution\/","url":"https:\/\/www.brokk.com\/no\/the-definitive-demolition-solution\/","name":"Den endelige rivningsl\u00f8sningen - Brokk Norge","isPartOf":{"@id":"https:\/\/www.brokk.com\/no\/#website"},"primaryImageOfPage":{"@id":"https:\/\/www.brokk.com\/no\/the-definitive-demolition-solution\/#primaryimage"},"image":{"@id":"https:\/\/www.brokk.com\/no\/the-definitive-demolition-solution\/#primaryimage"},"thumbnailUrl":"https:\/\/www.brokk.com\/no\/uploads\/sites\/3\/2018\/05\/4_new_machines-1.jpg","datePublished":"2018-03-09T15:32:23+00:00","dateModified":"2018-10-31T12:30:09+00:00","breadcrumb":{"@id":"https:\/\/www.brokk.com\/no\/the-definitive-demolition-solution\/#breadcrumb"},"inLanguage":"nb-NO","potentialAction":[{"@type":"ReadAction","target":["https:\/\/www.brokk.com\/no\/the-definitive-demolition-solution\/"]}]},{"@type":"ImageObject","inLanguage":"nb-NO","@id":"https:\/\/www.brokk.com\/no\/the-definitive-demolition-solution\/#primaryimage","url":"https:\/\/www.brokk.com\/no\/uploads\/sites\/3\/2018\/05\/4_new_machines-1.jpg","contentUrl":"https:\/\/www.brokk.com\/no\/uploads\/sites\/3\/2018\/05\/4_new_machines-1.jpg","width":1280,"height":800},{"@type":"BreadcrumbList","@id":"https:\/\/www.brokk.com\/no\/the-definitive-demolition-solution\/#breadcrumb","itemListElement":[{"@type":"ListItem","position":1,"name":"Home","item":"https:\/\/www.brokk.com\/no\/home\/"},{"@type":"ListItem","position":2,"name":"Den endelige rivningsl\u00f8sningen"}]},{"@type":"WebSite","@id":"https:\/\/www.brokk.com\/no\/#website","url":"https:\/\/www.brokk.com\/no\/","name":"Brokk Norge","description":"","potentialAction":[{"@type":"SearchAction","target":{"@type":"EntryPoint","urlTemplate":"https:\/\/www.brokk.com\/no\/?s={search_term_string}"},"query-input":{"@type":"PropertyValueSpecification","valueRequired":true,"valueName":"search_term_string"}}],"inLanguage":"nb-NO"}]}},"_links":{"self":[{"href":"https:\/\/www.brokk.com\/no\/wp-json\/wp\/v2\/pages\/2992","targetHints":{"allow":["GET"]}}],"collection":[{"href":"https:\/\/www.brokk.com\/no\/wp-json\/wp\/v2\/pages"}],"about":[{"href":"https:\/\/www.brokk.com\/no\/wp-json\/wp\/v2\/types\/page"}],"author":[{"embeddable":true,"href":"https:\/\/www.brokk.com\/no\/wp-json\/wp\/v2\/users\/2"}],"replies":[{"embeddable":true,"href":"https:\/\/www.brokk.com\/no\/wp-json\/wp\/v2\/comments?post=2992"}],"version-history":[{"count":4,"href":"https:\/\/www.brokk.com\/no\/wp-json\/wp\/v2\/pages\/2992\/revisions"}],"predecessor-version":[{"id":3367,"href":"https:\/\/www.brokk.com\/no\/wp-json\/wp\/v2\/pages\/2992\/revisions\/3367"}],"wp:featuredmedia":[{"embeddable":true,"href":"https:\/\/www.brokk.com\/no\/wp-json\/wp\/v2\/media\/2994"}],"wp:attachment":[{"href":"https:\/\/www.brokk.com\/no\/wp-json\/wp\/v2\/media?parent=2992"}],"curies":[{"name":"wp","href":"https:\/\/api.w.org\/{rel}","templated":true}]}}