{"id":2997,"date":"2018-03-07T14:59:25","date_gmt":"2018-03-07T14:59:25","guid":{"rendered":"https:\/\/www.brokk.com\/norway\/why-brokk\/"},"modified":"2018-10-30T18:49:09","modified_gmt":"2018-10-30T17:49:09","slug":"hvorfor-brokk","status":"publish","type":"page","link":"https:\/\/www.brokk.com\/no\/hvorfor-brokk\/","title":{"rendered":"Hvorfor Brokk"},"content":{"rendered":"<h2>V\u00e5r hemmelighet er fokus<\/h2>\n<p>I mer enn 40 \u00e5r har vi fokusert p\u00e5 \u00e5 utvikle fjernstyrte rivningsroboter for sikker, effektiv, kraftig og l\u00f8nnsom rivning. Dette er v\u00e5r lekeplass. V\u00e5r lidenskap. V\u00e5rt kompetanseomr\u00e5de. Mens det opprinnelige konseptet holdes uendret &#8211; trygt, tidsbesparende og kostnadseffektiv kvalitetsnedrivning &#8211; konstant innovasjon er ogs\u00e5 et kjennemerke for Brokk. Vi tilpasser Brokk til nye markedskrav, nye utfordringer og nye applikasjonsomr\u00e5der. P\u00e5 denne m\u00e5ten sikrer vi maksimal holdbarhet, forbedrer ergonomi og sikkerhet og muliggj\u00f8r effektive og l\u00f8nnsomme prosjekter.<\/p>\n<h4>Brokk fordeler i korthet<\/h4>\n<ul>\n<li>Rivningskraft: Til tross for den kompakte st\u00f8rrelsen, kan Brokk-maskiner utvide gravemaskiner fem ganger s\u00e5 stor.<\/li>\n<li>Fjernstyrt drift: maksimerer effektiviteten samtidig som brukeren er trygg mot skadelige vibrasjoner og farlige omr\u00e5der.<\/li>\n<li>Trearmsystem: En sterk og fleksibel l\u00f8sning som gir ekstraordin\u00e6r rekkevidde og kraft i alle retninger, og gir maksimal presisjon og n\u00f8yaktighet.<\/li>\n<li>Ingen eksos: mindre st\u00f8y og mindre vedlikehold.<\/li>\n<li>Kompakt og man\u00f8vrerbar: Lett \u00e5 man\u00f8vrere og lett \u00e5 transportere. Kan f\u00e5 tilgang gjennom smale mellomrom og klatrer trapper.<\/li>\n<li>St\u00f8tteben for stabilitet: Ved arbeid med tunge verkt\u00f8y.<\/li>\n<li>Varmebestandig: fra deksler til sylindere og komponenter, alt kan varme og st\u00f8tbeskyttes.<\/li>\n<li>Patentert hurtigkobling: sparer vekt og muliggj\u00f8r hurtige og sikre verkt\u00f8yendringer.<\/li>\n<li>Bredt utvalg av verkt\u00f8y: et stort utvalg av verkt\u00f8y, mange spesielt designet for Brokk. Patentert hurtigfeste for rask og enkel bytte av verkt\u00f8y.<\/li>\n<\/ul>\n<h4>Kompakt og kraftig<\/h4>\n<p>Brokk gir deg mer kraft i en mindre pakke. Om arbeidsmilj\u00f8et er konstruksjon, metallbearbeiding, atomkraft eller underjordisk, gj\u00f8r den nesten skremmende sterke Brokk den ideelle l\u00f8sningen for effektivt, allsidig og l\u00f8nnsomt rivning og vedlikeholdsarbeid. En fem tonn Brokk er like kraftig som en 25 tonn gravemaskin, og det blir jobben gjort 500-600 (!) Prosent raskere enn med h\u00e5ndholdte verkt\u00f8y. Likevel er det overraskende kompakt og lett, og derfor lett \u00e5 transportere.<\/p>\n<h4>SIKKER OG EFFEKTIV<\/h4>\n<p>Fjernstyring av Brokk gj\u00f8r det mulig for operat\u00f8ren \u00e5 man\u00f8vrere maskinen mer effektivt med en bedre oversikt over arbeidet. Den ergonomiske fjernkontrollen fjerner ogs\u00e5 operat\u00f8ren fra utsatte omr\u00e5der og eliminerer skadelige vibrasjoner og r\u00f8yk.<\/p>\n<p>Elektriske motorer med Brokk SmartPower\u2122 er skreddersydd for tunge rivningsprosjekter og gir deg all kraft, p\u00e5litelighet og holdbarhet du trenger.<\/p>\n<h4>FLEKSIBEL OG ANVENDELIG<\/h4>\n<p>Selve kjennetegnet p\u00e5 Brokk-maskinen er dens allsidighet. Takket v\u00e6re signatur 3-arm-systemet, gir Brokk operat\u00f8ren imponerende rekkevidde og stabilitet. Det brede og stadig voksende spekteret av originale vedlegg gj\u00f8r det til det perfekte verkt\u00f8yet for et bredt spekter av applikasjoner. Uansett hva dine behov er, er det en stor st\u00f8rrelse Brokk og riktig vedlegg for jobben. Og hvis du trenger det er uvanlige, kan du til og med bygge din egen Brokk og fortsatt f\u00e5 40 \u00e5rs erfaring og all erfaring bygget inn.<\/p>\n<h4>ERFARING OG TRYGGHET<\/h4>\n<p>Med over 40 \u00e5rs erfaring i rivningsindustrien, hjelper Brokk deg med \u00e5 finne den rette l\u00f8sningen for dine behov. Sikkert, mer effektivt og mer l\u00f8nnsomt. V\u00e5re bransjeeksperter gir deg en l\u00f8sning, ikke bare en maskin. V\u00e5rt globale nettverk og fornyet fokus p\u00e5 service og support \u00abBrokk Uptime\u00bb gir deg direkte kontakt med akkumulert kunnskap, og l\u00f8sningen eller reservedel er bare en telefonsamtale unna.<\/p>\n<p>&nbsp;<\/p>\n<h3>Topp 5 grunner til \u00e5 velge BROKK<\/h3>\n<ol>\n<li><strong>Opplevelsen.<\/strong> Med fire ti\u00e5r med \u00e5 lede veien i robotenhetsteknologi, design og produksjon, vet vi hva som gjelder.<\/li>\n<li><strong>Fokus:<\/strong>Brokk er rivningsroboter, vi er benchmark, intet mindre. All v\u00e5r tid, ressurser og lidenskap g\u00e5r i \u00e5 perfeksjonere fjernstyrt rivning. Ingenting annet.<\/li>\n<li><strong>Spekteret.<\/strong> Ingen annen produsent p\u00e5 markedet tilbyr det samme spekteret av rivingsroboter og skreddersydde verkt\u00f8y. N\u00e5r du g\u00e5r Brokk, f\u00e5r du det riktig.<\/li>\n<li><strong>L\u00f8sningene.<\/strong> Vi selger ikke et produkt, vi leverer en l\u00f8sning for dine behov. Vi kjenner og dekker brukernes behov og \u00f8nsker og forst\u00e5r de spesifikke l\u00f8sningene bransjen s\u00f8ker.<\/li>\n<li><strong>Tjenesten.<\/strong> Gjennom Brokk Uptime tilbyr vi et globalt servicenettverk med lokal tilstedev\u00e6relse og erfarne og kunnskapsrike medarbeidere.<\/li>\n<\/ol>\n","protected":false},"excerpt":{"rendered":"<p>V\u00e5r hemmelighet er fokus I mer enn 40 \u00e5r har vi fokusert p\u00e5 \u00e5 utvikle fjernstyrte rivningsroboter for sikker, effektiv, kraftig og l\u00f8nnsom rivning. Dette er v\u00e5r lekeplass. V\u00e5r lidenskap. V\u00e5rt kompetanseomr\u00e5de. Mens det opprinnelige konseptet holdes uendret &#8211; trygt,\u2026<\/p>\n","protected":false},"author":2,"featured_media":0,"parent":0,"menu_order":64,"comment_status":"closed","ping_status":"closed","template":"page-templates\/common.php","meta":{"_acf_changed":false,"_relevanssi_hide_post":"","_relevanssi_hide_content":"","_relevanssi_pin_for_all":"","_relevanssi_pin_keywords":"","_relevanssi_unpin_keywords":"","_relevanssi_related_keywords":"","_relevanssi_related_include_ids":"","_relevanssi_related_exclude_ids":"","_relevanssi_related_no_append":"","_relevanssi_related_not_related":"","_relevanssi_related_posts":"","_relevanssi_noindex_reason":"","footnotes":""},"class_list":["post-2997","page","type-page","status-publish","hentry"],"acf":[],"yoast_head":"<!-- This site is optimized with the Yoast SEO plugin v27.5 - https:\/\/yoast.com\/product\/yoast-seo-wordpress\/ -->\n<title>Hvorfor Brokk - Brokk Norge<\/title>\n<meta name=\"robots\" content=\"index, follow, max-snippet:-1, max-image-preview:large, max-video-preview:-1\" \/>\n<link rel=\"canonical\" href=\"https:\/\/www.brokk.com\/no\/hvorfor-brokk\/\" \/>\n<meta property=\"og:locale\" content=\"nb_NO\" \/>\n<meta property=\"og:type\" content=\"article\" \/>\n<meta property=\"og:title\" content=\"Hvorfor Brokk - Brokk Norge\" \/>\n<meta property=\"og:description\" content=\"V\u00e5r hemmelighet er fokus I mer enn 40 \u00e5r har vi fokusert p\u00e5 \u00e5 utvikle fjernstyrte rivningsroboter for sikker, effektiv, kraftig og l\u00f8nnsom rivning. Dette er v\u00e5r lekeplass. V\u00e5r lidenskap. V\u00e5rt kompetanseomr\u00e5de. Mens det opprinnelige konseptet holdes uendret &#8211; trygt,\u2026\" \/>\n<meta property=\"og:url\" content=\"https:\/\/www.brokk.com\/no\/hvorfor-brokk\/\" \/>\n<meta property=\"og:site_name\" content=\"Brokk Norge\" \/>\n<meta property=\"article:modified_time\" content=\"2018-10-30T17:49:09+00:00\" \/>\n<meta property=\"og:image\" content=\"https:\/\/www.brokk.com\/no\/uploads\/sites\/3\/2018\/03\/why-brokk-brokk500_hero.jpg\" \/>\n\t<meta property=\"og:image:width\" content=\"2560\" \/>\n\t<meta property=\"og:image:height\" content=\"1096\" \/>\n\t<meta property=\"og:image:type\" content=\"image\/jpeg\" \/>\n<meta name=\"twitter:card\" content=\"summary_large_image\" \/>\n<meta name=\"twitter:label1\" content=\"Ansl. lesetid\" \/>\n\t<meta name=\"twitter:data1\" content=\"3 minutter\" \/>\n<script type=\"application\/ld+json\" class=\"yoast-schema-graph\">{\"@context\":\"https:\\\/\\\/schema.org\",\"@graph\":[{\"@type\":\"WebPage\",\"@id\":\"https:\\\/\\\/www.brokk.com\\\/no\\\/hvorfor-brokk\\\/\",\"url\":\"https:\\\/\\\/www.brokk.com\\\/no\\\/hvorfor-brokk\\\/\",\"name\":\"Hvorfor Brokk - Brokk Norge\",\"isPartOf\":{\"@id\":\"https:\\\/\\\/www.brokk.com\\\/no\\\/#website\"},\"datePublished\":\"2018-03-07T14:59:25+00:00\",\"dateModified\":\"2018-10-30T17:49:09+00:00\",\"breadcrumb\":{\"@id\":\"https:\\\/\\\/www.brokk.com\\\/no\\\/hvorfor-brokk\\\/#breadcrumb\"},\"inLanguage\":\"nb-NO\",\"potentialAction\":[{\"@type\":\"ReadAction\",\"target\":[\"https:\\\/\\\/www.brokk.com\\\/no\\\/hvorfor-brokk\\\/\"]}]},{\"@type\":\"BreadcrumbList\",\"@id\":\"https:\\\/\\\/www.brokk.com\\\/no\\\/hvorfor-brokk\\\/#breadcrumb\",\"itemListElement\":[{\"@type\":\"ListItem\",\"position\":1,\"name\":\"Home\",\"item\":\"https:\\\/\\\/www.brokk.com\\\/no\\\/home\\\/\"},{\"@type\":\"ListItem\",\"position\":2,\"name\":\"Hvorfor Brokk\"}]},{\"@type\":\"WebSite\",\"@id\":\"https:\\\/\\\/www.brokk.com\\\/no\\\/#website\",\"url\":\"https:\\\/\\\/www.brokk.com\\\/no\\\/\",\"name\":\"Brokk Norge\",\"description\":\"\",\"potentialAction\":[{\"@type\":\"SearchAction\",\"target\":{\"@type\":\"EntryPoint\",\"urlTemplate\":\"https:\\\/\\\/www.brokk.com\\\/no\\\/?s={search_term_string}\"},\"query-input\":{\"@type\":\"PropertyValueSpecification\",\"valueRequired\":true,\"valueName\":\"search_term_string\"}}],\"inLanguage\":\"nb-NO\"}]}<\/script>\n<!-- \/ Yoast SEO plugin. -->","yoast_head_json":{"title":"Hvorfor Brokk - Brokk Norge","robots":{"index":"index","follow":"follow","max-snippet":"max-snippet:-1","max-image-preview":"max-image-preview:large","max-video-preview":"max-video-preview:-1"},"canonical":"https:\/\/www.brokk.com\/no\/hvorfor-brokk\/","og_locale":"nb_NO","og_type":"article","og_title":"Hvorfor Brokk - Brokk Norge","og_description":"V\u00e5r hemmelighet er fokus I mer enn 40 \u00e5r har vi fokusert p\u00e5 \u00e5 utvikle fjernstyrte rivningsroboter for sikker, effektiv, kraftig og l\u00f8nnsom rivning. Dette er v\u00e5r lekeplass. V\u00e5r lidenskap. V\u00e5rt kompetanseomr\u00e5de. Mens det opprinnelige konseptet holdes uendret &#8211; trygt,\u2026","og_url":"https:\/\/www.brokk.com\/no\/hvorfor-brokk\/","og_site_name":"Brokk Norge","article_modified_time":"2018-10-30T17:49:09+00:00","og_image":[{"width":2560,"height":1096,"url":"https:\/\/www.brokk.com\/no\/uploads\/sites\/3\/2018\/03\/why-brokk-brokk500_hero.jpg","type":"image\/jpeg"}],"twitter_card":"summary_large_image","twitter_misc":{"Ansl. lesetid":"3 minutter"},"schema":{"@context":"https:\/\/schema.org","@graph":[{"@type":"WebPage","@id":"https:\/\/www.brokk.com\/no\/hvorfor-brokk\/","url":"https:\/\/www.brokk.com\/no\/hvorfor-brokk\/","name":"Hvorfor Brokk - Brokk Norge","isPartOf":{"@id":"https:\/\/www.brokk.com\/no\/#website"},"datePublished":"2018-03-07T14:59:25+00:00","dateModified":"2018-10-30T17:49:09+00:00","breadcrumb":{"@id":"https:\/\/www.brokk.com\/no\/hvorfor-brokk\/#breadcrumb"},"inLanguage":"nb-NO","potentialAction":[{"@type":"ReadAction","target":["https:\/\/www.brokk.com\/no\/hvorfor-brokk\/"]}]},{"@type":"BreadcrumbList","@id":"https:\/\/www.brokk.com\/no\/hvorfor-brokk\/#breadcrumb","itemListElement":[{"@type":"ListItem","position":1,"name":"Home","item":"https:\/\/www.brokk.com\/no\/home\/"},{"@type":"ListItem","position":2,"name":"Hvorfor Brokk"}]},{"@type":"WebSite","@id":"https:\/\/www.brokk.com\/no\/#website","url":"https:\/\/www.brokk.com\/no\/","name":"Brokk Norge","description":"","potentialAction":[{"@type":"SearchAction","target":{"@type":"EntryPoint","urlTemplate":"https:\/\/www.brokk.com\/no\/?s={search_term_string}"},"query-input":{"@type":"PropertyValueSpecification","valueRequired":true,"valueName":"search_term_string"}}],"inLanguage":"nb-NO"}]}},"_links":{"self":[{"href":"https:\/\/www.brokk.com\/no\/wp-json\/wp\/v2\/pages\/2997","targetHints":{"allow":["GET"]}}],"collection":[{"href":"https:\/\/www.brokk.com\/no\/wp-json\/wp\/v2\/pages"}],"about":[{"href":"https:\/\/www.brokk.com\/no\/wp-json\/wp\/v2\/types\/page"}],"author":[{"embeddable":true,"href":"https:\/\/www.brokk.com\/no\/wp-json\/wp\/v2\/users\/2"}],"replies":[{"embeddable":true,"href":"https:\/\/www.brokk.com\/no\/wp-json\/wp\/v2\/comments?post=2997"}],"version-history":[{"count":6,"href":"https:\/\/www.brokk.com\/no\/wp-json\/wp\/v2\/pages\/2997\/revisions"}],"predecessor-version":[{"id":3341,"href":"https:\/\/www.brokk.com\/no\/wp-json\/wp\/v2\/pages\/2997\/revisions\/3341"}],"wp:attachment":[{"href":"https:\/\/www.brokk.com\/no\/wp-json\/wp\/v2\/media?parent=2997"}],"curies":[{"name":"wp","href":"https:\/\/api.w.org\/{rel}","templated":true}]}}