{"id":3001,"date":"2018-03-07T14:59:11","date_gmt":"2018-03-07T14:59:11","guid":{"rendered":"https:\/\/www.brokk.com\/norway\/about-brokk\/"},"modified":"2018-10-31T10:24:11","modified_gmt":"2018-10-31T09:24:11","slug":"om-brokk","status":"publish","type":"page","link":"https:\/\/www.brokk.com\/no\/om-brokk\/","title":{"rendered":"Om Brokk"},"content":{"rendered":"<p>I dag brukes tusenvis av fjernstyrte Brokk rivningsroboter i vellykkede prosjekter i mer enn 100 land over hele verden. Og vi stopper ikke der. Vi jobber kontinuerlig med \u00e5 forbedre v\u00e5re maskiner for \u00e5 sikre at Brokk fortsetter \u00e5 v\u00e6re nummer \u00e9n. Brokk-konseptet vokser kontinuerlig, med nye maskiner, ny teknologi og nye tjenester. Likevel er den grunnleggende ideen fortsatt den samme. \u00c5 utvikle utstyr og tjenester som er bygget for sitt form\u00e5l: sikker, effektiv, kraftig og l\u00f8nnsom rivning.<\/p>\n","protected":false},"excerpt":{"rendered":"<p>I dag brukes tusenvis av fjernstyrte Brokk rivningsroboter i vellykkede prosjekter i mer enn 100 land over hele verden. Og vi stopper ikke der. Vi jobber kontinuerlig med \u00e5 forbedre v\u00e5re maskiner for \u00e5 sikre at Brokk fortsetter \u00e5 v\u00e6re\u2026<\/p>\n","protected":false},"author":2,"featured_media":0,"parent":0,"menu_order":100,"comment_status":"closed","ping_status":"closed","template":"page-templates\/common.php","meta":{"_acf_changed":false,"_relevanssi_hide_post":"","_relevanssi_hide_content":"","_relevanssi_pin_for_all":"","_relevanssi_pin_keywords":"","_relevanssi_unpin_keywords":"","_relevanssi_related_keywords":"","_relevanssi_related_include_ids":"","_relevanssi_related_exclude_ids":"","_relevanssi_related_no_append":"","_relevanssi_related_not_related":"","_relevanssi_related_posts":"","_relevanssi_noindex_reason":"","footnotes":""},"class_list":["post-3001","page","type-page","status-publish","hentry"],"acf":[],"yoast_head":"<!-- This site is optimized with the Yoast SEO plugin v27.3 - https:\/\/yoast.com\/product\/yoast-seo-wordpress\/ -->\n<title>Om Brokk - Brokk Norge<\/title>\n<meta name=\"robots\" content=\"index, follow, max-snippet:-1, max-image-preview:large, max-video-preview:-1\" \/>\n<link rel=\"canonical\" href=\"https:\/\/www.brokk.com\/no\/om-brokk\/\" \/>\n<meta property=\"og:locale\" content=\"nb_NO\" \/>\n<meta property=\"og:type\" content=\"article\" \/>\n<meta property=\"og:title\" content=\"Om Brokk - Brokk Norge\" \/>\n<meta property=\"og:description\" content=\"I dag brukes tusenvis av fjernstyrte Brokk rivningsroboter i vellykkede prosjekter i mer enn 100 land over hele verden. Og vi stopper ikke der. Vi jobber kontinuerlig med \u00e5 forbedre v\u00e5re maskiner for \u00e5 sikre at Brokk fortsetter \u00e5 v\u00e6re\u2026\" \/>\n<meta property=\"og:url\" content=\"https:\/\/www.brokk.com\/no\/om-brokk\/\" \/>\n<meta property=\"og:site_name\" content=\"Brokk Norge\" \/>\n<meta property=\"article:modified_time\" content=\"2018-10-31T09:24:11+00:00\" \/>\n<meta name=\"twitter:card\" content=\"summary_large_image\" \/>\n<script type=\"application\/ld+json\" class=\"yoast-schema-graph\">{\"@context\":\"https:\\\/\\\/schema.org\",\"@graph\":[{\"@type\":\"WebPage\",\"@id\":\"https:\\\/\\\/www.brokk.com\\\/no\\\/om-brokk\\\/\",\"url\":\"https:\\\/\\\/www.brokk.com\\\/no\\\/om-brokk\\\/\",\"name\":\"Om Brokk - Brokk Norge\",\"isPartOf\":{\"@id\":\"https:\\\/\\\/www.brokk.com\\\/no\\\/#website\"},\"datePublished\":\"2018-03-07T14:59:11+00:00\",\"dateModified\":\"2018-10-31T09:24:11+00:00\",\"breadcrumb\":{\"@id\":\"https:\\\/\\\/www.brokk.com\\\/no\\\/om-brokk\\\/#breadcrumb\"},\"inLanguage\":\"nb-NO\",\"potentialAction\":[{\"@type\":\"ReadAction\",\"target\":[\"https:\\\/\\\/www.brokk.com\\\/no\\\/om-brokk\\\/\"]}]},{\"@type\":\"BreadcrumbList\",\"@id\":\"https:\\\/\\\/www.brokk.com\\\/no\\\/om-brokk\\\/#breadcrumb\",\"itemListElement\":[{\"@type\":\"ListItem\",\"position\":1,\"name\":\"Home\",\"item\":\"https:\\\/\\\/www.brokk.com\\\/no\\\/home\\\/\"},{\"@type\":\"ListItem\",\"position\":2,\"name\":\"Om Brokk\"}]},{\"@type\":\"WebSite\",\"@id\":\"https:\\\/\\\/www.brokk.com\\\/no\\\/#website\",\"url\":\"https:\\\/\\\/www.brokk.com\\\/no\\\/\",\"name\":\"Brokk Norge\",\"description\":\"\",\"potentialAction\":[{\"@type\":\"SearchAction\",\"target\":{\"@type\":\"EntryPoint\",\"urlTemplate\":\"https:\\\/\\\/www.brokk.com\\\/no\\\/?s={search_term_string}\"},\"query-input\":{\"@type\":\"PropertyValueSpecification\",\"valueRequired\":true,\"valueName\":\"search_term_string\"}}],\"inLanguage\":\"nb-NO\"}]}<\/script>\n<!-- \/ Yoast SEO plugin. -->","yoast_head_json":{"title":"Om Brokk - Brokk Norge","robots":{"index":"index","follow":"follow","max-snippet":"max-snippet:-1","max-image-preview":"max-image-preview:large","max-video-preview":"max-video-preview:-1"},"canonical":"https:\/\/www.brokk.com\/no\/om-brokk\/","og_locale":"nb_NO","og_type":"article","og_title":"Om Brokk - Brokk Norge","og_description":"I dag brukes tusenvis av fjernstyrte Brokk rivningsroboter i vellykkede prosjekter i mer enn 100 land over hele verden. Og vi stopper ikke der. Vi jobber kontinuerlig med \u00e5 forbedre v\u00e5re maskiner for \u00e5 sikre at Brokk fortsetter \u00e5 v\u00e6re\u2026","og_url":"https:\/\/www.brokk.com\/no\/om-brokk\/","og_site_name":"Brokk Norge","article_modified_time":"2018-10-31T09:24:11+00:00","twitter_card":"summary_large_image","schema":{"@context":"https:\/\/schema.org","@graph":[{"@type":"WebPage","@id":"https:\/\/www.brokk.com\/no\/om-brokk\/","url":"https:\/\/www.brokk.com\/no\/om-brokk\/","name":"Om Brokk - Brokk Norge","isPartOf":{"@id":"https:\/\/www.brokk.com\/no\/#website"},"datePublished":"2018-03-07T14:59:11+00:00","dateModified":"2018-10-31T09:24:11+00:00","breadcrumb":{"@id":"https:\/\/www.brokk.com\/no\/om-brokk\/#breadcrumb"},"inLanguage":"nb-NO","potentialAction":[{"@type":"ReadAction","target":["https:\/\/www.brokk.com\/no\/om-brokk\/"]}]},{"@type":"BreadcrumbList","@id":"https:\/\/www.brokk.com\/no\/om-brokk\/#breadcrumb","itemListElement":[{"@type":"ListItem","position":1,"name":"Home","item":"https:\/\/www.brokk.com\/no\/home\/"},{"@type":"ListItem","position":2,"name":"Om Brokk"}]},{"@type":"WebSite","@id":"https:\/\/www.brokk.com\/no\/#website","url":"https:\/\/www.brokk.com\/no\/","name":"Brokk Norge","description":"","potentialAction":[{"@type":"SearchAction","target":{"@type":"EntryPoint","urlTemplate":"https:\/\/www.brokk.com\/no\/?s={search_term_string}"},"query-input":{"@type":"PropertyValueSpecification","valueRequired":true,"valueName":"search_term_string"}}],"inLanguage":"nb-NO"}]}},"_links":{"self":[{"href":"https:\/\/www.brokk.com\/no\/wp-json\/wp\/v2\/pages\/3001","targetHints":{"allow":["GET"]}}],"collection":[{"href":"https:\/\/www.brokk.com\/no\/wp-json\/wp\/v2\/pages"}],"about":[{"href":"https:\/\/www.brokk.com\/no\/wp-json\/wp\/v2\/types\/page"}],"author":[{"embeddable":true,"href":"https:\/\/www.brokk.com\/no\/wp-json\/wp\/v2\/users\/2"}],"replies":[{"embeddable":true,"href":"https:\/\/www.brokk.com\/no\/wp-json\/wp\/v2\/comments?post=3001"}],"version-history":[{"count":4,"href":"https:\/\/www.brokk.com\/no\/wp-json\/wp\/v2\/pages\/3001\/revisions"}],"predecessor-version":[{"id":3349,"href":"https:\/\/www.brokk.com\/no\/wp-json\/wp\/v2\/pages\/3001\/revisions\/3349"}],"wp:attachment":[{"href":"https:\/\/www.brokk.com\/no\/wp-json\/wp\/v2\/media?parent=3001"}],"curies":[{"name":"wp","href":"https:\/\/api.w.org\/{rel}","templated":true}]}}