{"id":3007,"date":"2018-04-06T09:28:40","date_gmt":"2018-04-06T08:28:40","guid":{"rendered":"https:\/\/www.brokk.com\/norway\/about-brokk\/history\/"},"modified":"2018-11-02T07:45:39","modified_gmt":"2018-11-02T06:45:39","slug":"historie","status":"publish","type":"page","link":"https:\/\/www.brokk.com\/no\/om-brokk\/historie\/","title":{"rendered":"Historie"},"content":{"rendered":"<p>1976 var et spennende \u00e5r for teknologiske gjennombrudd. I januar utf\u00f8rte den supersoniske passasjerfly Concorde sin f\u00f8rste kommersielle flytur. I mars ble Apple Computer grunnlagt. I september landet NASAs Viking 2 romfart\u00f8y p\u00e5 Mars. Og i oktober samme \u00e5r kom visjon\u00e6rer og gr\u00fcndere fra to selskaper, PE Holmgren og Rivteknik, sammen og utviklet en fjernstyrt robot &#8211; Brokk &#8211; som for alltid ville forandre rivningsindustrien.<\/p>\n<p>Siden den gang har Brokk historie alltid handlet om fremtiden. Om \u00e5 erstatte farlig manuelt arbeid med et sikkert og mer produktivt mekanisert alternativ. Om \u00e5 legge ledende teknologi i hendene p\u00e5 dyktige operat\u00f8rer p\u00e5 arbeidsplasser over hele verden. Om \u00e5 utvikle Brokk-maskiner og \u00e5 lage nye redskaper for \u00e5 gj\u00f8re dem til det perfekte verkt\u00f8yet i flere bransjer. Om alltid \u00e5 utvikle ny teknologi og nye l\u00f8sninger som gj\u00f8r kundene v\u00e5re mer l\u00f8nnsomme og l\u00f8ser flere av deres utfordringer.<\/p>\n<p>&nbsp;<\/p>\n<p>&nbsp;<\/p>\n<h2>Hemmeligheten bak suksessen<\/h2>\n<p>Og hemmeligheten? Brokk har alltid lyttet til kunder, l\u00e6rt av sitt arbeid og forbedret maskinene i mer enn 40 \u00e5r. Brokk-forskjellen begynner med \u00e5 bli kjent hos v\u00e5re kunder, milj\u00f8ene de driver i og de utfordringene de st\u00e5r overfor. Det er oppgaven med v\u00e5rt verdensomspennende salgs- og servicenettverk for \u00e5 h\u00f8re og l\u00e6re hvilke bedrifter, operat\u00f8rer og prosjekter som kreves for en sikrere, kraftigere og mer effektiv nedrivningsl\u00f8sning.<\/p>\n<p>V\u00e5re intelligente rivningsmaskiner har dramatisk forbedret arbeidsforholdene for tusenvis av mennesker over hele verden og gitt kritisk st\u00f8tte n\u00e5r det var mest n\u00f8dvendig. Brokk-maskiner bidro til \u00e5 fjerne Ground Zero etter 9\/11. De bidro til \u00e5 begrense atomkatastrofen ved Fukushima atomkraftverk etter den \u00f8deleggende tsunamien. Og hver dag jobber de p\u00e5 tusenvis av arbeidsplasser, og holder folk trygge mens de gj\u00f8r bedrifter mer l\u00f8nnsomme.<\/p>\n<p><img loading=\"lazy\" decoding=\"async\" class=\"alignnone size-medium wp-image-533\" src=\"https:\/\/www.brokk.com\/uploads\/2018\/03\/1987_introduced-brokk-100-720x480.jpg\" alt=\"Brokk 100, 1987\" width=\"720\" height=\"480\" srcset=\"https:\/\/www.brokk.com\/no\/uploads\/2018\/03\/1987_introduced-brokk-100-720x480.jpg 720w, https:\/\/www.brokk.com\/no\/uploads\/2018\/03\/1987_introduced-brokk-100-420x280.jpg 420w, https:\/\/www.brokk.com\/no\/uploads\/2018\/03\/1987_introduced-brokk-100-768x512.jpg 768w, https:\/\/www.brokk.com\/no\/uploads\/2018\/03\/1987_introduced-brokk-100-1280x853.jpg 1280w, https:\/\/www.brokk.com\/no\/uploads\/2018\/03\/1987_introduced-brokk-100-480x320.jpg 480w, https:\/\/www.brokk.com\/no\/uploads\/2018\/03\/1987_introduced-brokk-100-48x32.jpg 48w, https:\/\/www.brokk.com\/no\/uploads\/2018\/03\/1987_introduced-brokk-100.jpg 1440w\" sizes=\"auto, (max-width: 720px) 100vw, 720px\" \/><\/p>\n<p><img loading=\"lazy\" decoding=\"async\" class=\"alignnone size-medium wp-image-532\" src=\"https:\/\/www.brokk.com\/uploads\/2018\/03\/1981_first-serial-produced-brokk-250-720x480.jpg\" alt=\"Brokk 250, 1981\" width=\"720\" height=\"480\" srcset=\"https:\/\/www.brokk.com\/no\/uploads\/2018\/03\/1981_first-serial-produced-brokk-250-720x480.jpg 720w, https:\/\/www.brokk.com\/no\/uploads\/2018\/03\/1981_first-serial-produced-brokk-250-420x280.jpg 420w, https:\/\/www.brokk.com\/no\/uploads\/2018\/03\/1981_first-serial-produced-brokk-250-768x512.jpg 768w, https:\/\/www.brokk.com\/no\/uploads\/2018\/03\/1981_first-serial-produced-brokk-250-1280x853.jpg 1280w, https:\/\/www.brokk.com\/no\/uploads\/2018\/03\/1981_first-serial-produced-brokk-250-480x320.jpg 480w, https:\/\/www.brokk.com\/no\/uploads\/2018\/03\/1981_first-serial-produced-brokk-250-48x32.jpg 48w, https:\/\/www.brokk.com\/no\/uploads\/2018\/03\/1981_first-serial-produced-brokk-250.jpg 1440w\" sizes=\"auto, (max-width: 720px) 100vw, 720px\" \/><\/p>\n<h3>Noen Brokk milep\u00e6ler<\/h3>\n<ul>\n<li><strong>1976:<\/strong> Selskapene, PE Holmgren &amp; Rivteknik, utvikler verdens f\u00f8rste rivningsrobot i Skellefte\u00e5, Sverige.<\/li>\n<li><strong>1981:<\/strong> Den f\u00f8rste masseproduserte fjernstyrte rivningsmaskinen, Brokk 250, lanseres.<\/li>\n<li><strong>1987:<\/strong> En annen legendarisk fjernstyrt maskin er utgitt, den f\u00f8rste Brokk 100.<\/li>\n<li><strong>1994:<\/strong> Den f\u00f8rste Brokk 110 og Brokk 150 er lansert. 1 000 Brokk-maskiner levert.<\/li>\n<li><strong>2000:<\/strong> De f\u00f8rste internasjonale datterselskapene etablert i USA og Storbritannia.<\/li>\n<li><strong>2005:<\/strong> Brokk \u00e5pner kontor i Kina.<\/li>\n<li><strong>2006:<\/strong> Brokk kj\u00f8per Darda i Tyskland, verdens ledende produsent av kompakte knusere, splittere og andre verkt\u00f8y.<\/li>\n<li><strong>2007-2010:<\/strong> Intens produktutvikling, med innf\u00f8ring av Brokk 50, Brokk 400, Brokk 260 og Brokk 160.<\/li>\n<li><strong>2011:<\/strong> Den st\u00f8rste Brokk-roboten noensinne, Brokk 800, ser dagens lys.<\/li>\n<li><strong>2012:<\/strong> Brokk kj\u00f8per Ahlberg Cameras, verdens ledende leverand\u00f8r av kamerautstyr til atomindustrien.<\/li>\n<li><strong>2014:<\/strong> Brokk eier, Lifco, er notert p\u00e5 Nasdaq OMX b\u00f8rs.<\/li>\n<li><strong>2016:<\/strong> Brokk feirer 40 \u00e5rs ubarmhjertig innovasjon.<\/li>\n<li><strong>2016:<\/strong> Brokk kj\u00f8per Aquajet Systems, verdens ledende produsent av hydrodemisjon roboter og utstyr.<\/li>\n<li><strong>2010-2017: <\/strong>Internasjonal ekspressekspansjon med etableringen av Brokk Australia, Brokk France, Brokk Italia, Brokk Kina, Brokk Norge, Brokk Sveits, Brokk Benelux og Brokk Midt\u00f8sten.<\/li>\n<li><strong>2011-2017:<\/strong> Bransjeledende produktutviklingstakt genererer Brokk 100, Brokk 60, Brokk 120D, Brokk 110, Brokk 280 og Brokk 500.<\/li>\n<li><strong>2017:<\/strong> Brokk introduserer SmartPower<sup>TM<\/sup>, verdens mest intelligente kraftsystem, spesialbygget for robuste roboter.<\/li>\n<li><strong>2018:<\/strong> Brokk presenterer fire nye maskiner &#8211; Brokk 170, Brokk 200, Brokk 300 og Brokk 520D.<\/li>\n<li><strong>2018:<\/strong> Brokk introduserer Brokk SmartConcept<sup>TM<\/sup>, som best\u00e5r av neste generasjon SmartPower, SmartDesign og SmartRemote.<\/li>\n<li><strong>2018:<\/strong> Et nytt service- og st\u00f8ttekonsept n\u00e5r markedet, kalt Brokk UpTime<sup>TM<\/sup><\/li>\n<\/ul>\n","protected":false},"excerpt":{"rendered":"<p>1976 var et spennende \u00e5r for teknologiske gjennombrudd. I januar utf\u00f8rte den supersoniske passasjerfly Concorde sin f\u00f8rste kommersielle flytur. I mars ble Apple Computer grunnlagt. I september landet NASAs Viking 2 romfart\u00f8y p\u00e5 Mars. Og i oktober samme \u00e5r kom\u2026<\/p>\n","protected":false},"author":8,"featured_media":0,"parent":3001,"menu_order":69,"comment_status":"closed","ping_status":"closed","template":"page-templates\/common.php","meta":{"_acf_changed":false,"_relevanssi_hide_post":"","_relevanssi_hide_content":"","_relevanssi_pin_for_all":"","_relevanssi_pin_keywords":"","_relevanssi_unpin_keywords":"","_relevanssi_related_keywords":"","_relevanssi_related_include_ids":"","_relevanssi_related_exclude_ids":"","_relevanssi_related_no_append":"","_relevanssi_related_not_related":"","_relevanssi_related_posts":"","_relevanssi_noindex_reason":"","footnotes":""},"class_list":["post-3007","page","type-page","status-publish","hentry"],"acf":[],"yoast_head":"<!-- This site is optimized with the Yoast SEO plugin v27.3 - https:\/\/yoast.com\/product\/yoast-seo-wordpress\/ -->\n<title>Historie - Brokk Norge<\/title>\n<meta name=\"robots\" content=\"index, follow, max-snippet:-1, max-image-preview:large, max-video-preview:-1\" \/>\n<link rel=\"canonical\" href=\"https:\/\/www.brokk.com\/no\/om-brokk\/historie\/\" \/>\n<meta property=\"og:locale\" content=\"nb_NO\" \/>\n<meta property=\"og:type\" content=\"article\" \/>\n<meta property=\"og:title\" content=\"Historie - Brokk Norge\" \/>\n<meta property=\"og:description\" content=\"1976 var et spennende \u00e5r for teknologiske gjennombrudd. I januar utf\u00f8rte den supersoniske passasjerfly Concorde sin f\u00f8rste kommersielle flytur. I mars ble Apple Computer grunnlagt. I september landet NASAs Viking 2 romfart\u00f8y p\u00e5 Mars. Og i oktober samme \u00e5r kom\u2026\" \/>\n<meta property=\"og:url\" content=\"https:\/\/www.brokk.com\/no\/om-brokk\/historie\/\" \/>\n<meta property=\"og:site_name\" content=\"Brokk Norge\" \/>\n<meta property=\"article:modified_time\" content=\"2018-11-02T06:45:39+00:00\" \/>\n<meta property=\"og:image\" content=\"https:\/\/www.brokk.com\/no\/uploads\/sites\/3\/2018\/03\/history-brokk250_hero.jpg\" \/>\n\t<meta property=\"og:image:width\" content=\"2560\" \/>\n\t<meta property=\"og:image:height\" content=\"1096\" \/>\n\t<meta property=\"og:image:type\" content=\"image\/jpeg\" \/>\n<meta name=\"twitter:card\" content=\"summary_large_image\" \/>\n<meta name=\"twitter:label1\" content=\"Ansl. lesetid\" \/>\n\t<meta name=\"twitter:data1\" content=\"3 minutter\" \/>\n<script type=\"application\/ld+json\" class=\"yoast-schema-graph\">{\"@context\":\"https:\\\/\\\/schema.org\",\"@graph\":[{\"@type\":\"WebPage\",\"@id\":\"https:\\\/\\\/www.brokk.com\\\/no\\\/om-brokk\\\/historie\\\/\",\"url\":\"https:\\\/\\\/www.brokk.com\\\/no\\\/om-brokk\\\/historie\\\/\",\"name\":\"Historie - Brokk Norge\",\"isPartOf\":{\"@id\":\"https:\\\/\\\/www.brokk.com\\\/no\\\/#website\"},\"primaryImageOfPage\":{\"@id\":\"https:\\\/\\\/www.brokk.com\\\/no\\\/om-brokk\\\/historie\\\/#primaryimage\"},\"image\":{\"@id\":\"https:\\\/\\\/www.brokk.com\\\/no\\\/om-brokk\\\/historie\\\/#primaryimage\"},\"thumbnailUrl\":\"https:\\\/\\\/www.brokk.com\\\/uploads\\\/2018\\\/03\\\/1987_introduced-brokk-100-720x480.jpg\",\"datePublished\":\"2018-04-06T08:28:40+00:00\",\"dateModified\":\"2018-11-02T06:45:39+00:00\",\"breadcrumb\":{\"@id\":\"https:\\\/\\\/www.brokk.com\\\/no\\\/om-brokk\\\/historie\\\/#breadcrumb\"},\"inLanguage\":\"nb-NO\",\"potentialAction\":[{\"@type\":\"ReadAction\",\"target\":[\"https:\\\/\\\/www.brokk.com\\\/no\\\/om-brokk\\\/historie\\\/\"]}]},{\"@type\":\"ImageObject\",\"inLanguage\":\"nb-NO\",\"@id\":\"https:\\\/\\\/www.brokk.com\\\/no\\\/om-brokk\\\/historie\\\/#primaryimage\",\"url\":\"https:\\\/\\\/www.brokk.com\\\/uploads\\\/2018\\\/03\\\/1987_introduced-brokk-100-720x480.jpg\",\"contentUrl\":\"https:\\\/\\\/www.brokk.com\\\/uploads\\\/2018\\\/03\\\/1987_introduced-brokk-100-720x480.jpg\"},{\"@type\":\"BreadcrumbList\",\"@id\":\"https:\\\/\\\/www.brokk.com\\\/no\\\/om-brokk\\\/historie\\\/#breadcrumb\",\"itemListElement\":[{\"@type\":\"ListItem\",\"position\":1,\"name\":\"Home\",\"item\":\"https:\\\/\\\/www.brokk.com\\\/no\\\/home\\\/\"},{\"@type\":\"ListItem\",\"position\":2,\"name\":\"Om Brokk\",\"item\":\"https:\\\/\\\/www.brokk.com\\\/no\\\/om-brokk\\\/\"},{\"@type\":\"ListItem\",\"position\":3,\"name\":\"Historie\"}]},{\"@type\":\"WebSite\",\"@id\":\"https:\\\/\\\/www.brokk.com\\\/no\\\/#website\",\"url\":\"https:\\\/\\\/www.brokk.com\\\/no\\\/\",\"name\":\"Brokk Norge\",\"description\":\"\",\"potentialAction\":[{\"@type\":\"SearchAction\",\"target\":{\"@type\":\"EntryPoint\",\"urlTemplate\":\"https:\\\/\\\/www.brokk.com\\\/no\\\/?s={search_term_string}\"},\"query-input\":{\"@type\":\"PropertyValueSpecification\",\"valueRequired\":true,\"valueName\":\"search_term_string\"}}],\"inLanguage\":\"nb-NO\"}]}<\/script>\n<!-- \/ Yoast SEO plugin. -->","yoast_head_json":{"title":"Historie - Brokk Norge","robots":{"index":"index","follow":"follow","max-snippet":"max-snippet:-1","max-image-preview":"max-image-preview:large","max-video-preview":"max-video-preview:-1"},"canonical":"https:\/\/www.brokk.com\/no\/om-brokk\/historie\/","og_locale":"nb_NO","og_type":"article","og_title":"Historie - Brokk Norge","og_description":"1976 var et spennende \u00e5r for teknologiske gjennombrudd. I januar utf\u00f8rte den supersoniske passasjerfly Concorde sin f\u00f8rste kommersielle flytur. I mars ble Apple Computer grunnlagt. I september landet NASAs Viking 2 romfart\u00f8y p\u00e5 Mars. Og i oktober samme \u00e5r kom\u2026","og_url":"https:\/\/www.brokk.com\/no\/om-brokk\/historie\/","og_site_name":"Brokk Norge","article_modified_time":"2018-11-02T06:45:39+00:00","og_image":[{"width":2560,"height":1096,"url":"https:\/\/www.brokk.com\/no\/uploads\/sites\/3\/2018\/03\/history-brokk250_hero.jpg","type":"image\/jpeg"}],"twitter_card":"summary_large_image","twitter_misc":{"Ansl. lesetid":"3 minutter"},"schema":{"@context":"https:\/\/schema.org","@graph":[{"@type":"WebPage","@id":"https:\/\/www.brokk.com\/no\/om-brokk\/historie\/","url":"https:\/\/www.brokk.com\/no\/om-brokk\/historie\/","name":"Historie - Brokk Norge","isPartOf":{"@id":"https:\/\/www.brokk.com\/no\/#website"},"primaryImageOfPage":{"@id":"https:\/\/www.brokk.com\/no\/om-brokk\/historie\/#primaryimage"},"image":{"@id":"https:\/\/www.brokk.com\/no\/om-brokk\/historie\/#primaryimage"},"thumbnailUrl":"https:\/\/www.brokk.com\/uploads\/2018\/03\/1987_introduced-brokk-100-720x480.jpg","datePublished":"2018-04-06T08:28:40+00:00","dateModified":"2018-11-02T06:45:39+00:00","breadcrumb":{"@id":"https:\/\/www.brokk.com\/no\/om-brokk\/historie\/#breadcrumb"},"inLanguage":"nb-NO","potentialAction":[{"@type":"ReadAction","target":["https:\/\/www.brokk.com\/no\/om-brokk\/historie\/"]}]},{"@type":"ImageObject","inLanguage":"nb-NO","@id":"https:\/\/www.brokk.com\/no\/om-brokk\/historie\/#primaryimage","url":"https:\/\/www.brokk.com\/uploads\/2018\/03\/1987_introduced-brokk-100-720x480.jpg","contentUrl":"https:\/\/www.brokk.com\/uploads\/2018\/03\/1987_introduced-brokk-100-720x480.jpg"},{"@type":"BreadcrumbList","@id":"https:\/\/www.brokk.com\/no\/om-brokk\/historie\/#breadcrumb","itemListElement":[{"@type":"ListItem","position":1,"name":"Home","item":"https:\/\/www.brokk.com\/no\/home\/"},{"@type":"ListItem","position":2,"name":"Om Brokk","item":"https:\/\/www.brokk.com\/no\/om-brokk\/"},{"@type":"ListItem","position":3,"name":"Historie"}]},{"@type":"WebSite","@id":"https:\/\/www.brokk.com\/no\/#website","url":"https:\/\/www.brokk.com\/no\/","name":"Brokk Norge","description":"","potentialAction":[{"@type":"SearchAction","target":{"@type":"EntryPoint","urlTemplate":"https:\/\/www.brokk.com\/no\/?s={search_term_string}"},"query-input":{"@type":"PropertyValueSpecification","valueRequired":true,"valueName":"search_term_string"}}],"inLanguage":"nb-NO"}]}},"_links":{"self":[{"href":"https:\/\/www.brokk.com\/no\/wp-json\/wp\/v2\/pages\/3007","targetHints":{"allow":["GET"]}}],"collection":[{"href":"https:\/\/www.brokk.com\/no\/wp-json\/wp\/v2\/pages"}],"about":[{"href":"https:\/\/www.brokk.com\/no\/wp-json\/wp\/v2\/types\/page"}],"author":[{"embeddable":true,"href":"https:\/\/www.brokk.com\/no\/wp-json\/wp\/v2\/users\/8"}],"replies":[{"embeddable":true,"href":"https:\/\/www.brokk.com\/no\/wp-json\/wp\/v2\/comments?post=3007"}],"version-history":[{"count":4,"href":"https:\/\/www.brokk.com\/no\/wp-json\/wp\/v2\/pages\/3007\/revisions"}],"predecessor-version":[{"id":3390,"href":"https:\/\/www.brokk.com\/no\/wp-json\/wp\/v2\/pages\/3007\/revisions\/3390"}],"up":[{"embeddable":true,"href":"https:\/\/www.brokk.com\/no\/wp-json\/wp\/v2\/pages\/3001"}],"wp:attachment":[{"href":"https:\/\/www.brokk.com\/no\/wp-json\/wp\/v2\/media?parent=3007"}],"curies":[{"name":"wp","href":"https:\/\/api.w.org\/{rel}","templated":true}]}}