{"id":3014,"date":"2018-04-06T09:28:56","date_gmt":"2018-04-06T08:28:56","guid":{"rendered":"https:\/\/www.brokk.com\/norway\/about-brokk\/r-and-d\/"},"modified":"2018-11-02T07:48:22","modified_gmt":"2018-11-02T06:48:22","slug":"r-og-d","status":"publish","type":"page","link":"https:\/\/www.brokk.com\/no\/om-brokk\/r-og-d\/","title":{"rendered":"Forskning og utvikling"},"content":{"rendered":"<p>I over 40 \u00e5r har Brokk ledet innovasjonen for rivningsroboter, og fortsetter \u00e5 gj\u00f8re det i dag. Opprinnelsen til Brokk og begrepet fjernstyrte rivningsmaskiner\/rivningsroboter kommer fra to gr\u00fcndere som \u00f8nsker \u00e5 l\u00f8se virkelige utfordringer de m\u00f8tte p\u00e5 sine arbeidsplasser. Denne tankegangen er fortsatt i hjertet av all FoU og ingeni\u00f8rarbeid utf\u00f8rt p\u00e5 Brokk i dag.<\/p>\n<p>Nye konsepter, funksjoner, designvalg eller forbedringer p\u00e5 maskiner skal alltid stamme fra \u00e5 forbedre arbeidet med maskinene p\u00e5 faktiske arbeidsplasser i virkeligheten. Og dette er oftest veldig harde og t\u00f8ffe forhold for en rivemaskin. Derfor vurderer vi alle nye funksjoner og modifikasjoner vi gj\u00f8r for utstyret v\u00e5rt, basert p\u00e5 kriteriene at det skal bringe virkelige forbedringer i produktivitet, sikkerhet, ergonomi etc. Samtidig skal det ogs\u00e5 bli bedre p\u00e5 maskinen p\u00e5litelighet og oppetid i felt. Kort sagt, p\u00e5 Brokk designer og bygger vi maskiner for &laquo;virkeligheten&raquo;.<\/p>\n<p>&nbsp;<\/p>\n<h4>LEDENDE TEKNOLOGIER<\/h4>\n<p>V\u00e5r virkelighetsn\u00e6re tiln\u00e6rming hindrer oss ikke i \u00e5 utvikle og implementere ledende teknologier p\u00e5 v\u00e5re maskiner. Og v\u00e5re 40+ \u00e5rs erfaring gir oss verkt\u00f8y for \u00e5 optimalisere og tilpasse seg rivningsroboter, for eksempel v\u00e5re erfaringsbaserte avanserte datamodelleringsverkt\u00f8y som er unike for rivningsroboter. V\u00e5r FoU-innsats har ogs\u00e5 gitt oss en omfattende patentserie for v\u00e5re unike innovasjoner, enten de gjelder ergonomi, hydraulisk effektivitet, elektronikk eller annet.<\/p>\n<p>En del av den fremste teknologiske utviklingen p\u00e5 Brokk har gitt industrien Brokk SmartPower<sup>TM<\/sup>-konseptet, et unikt elektrisk drivaggregat som nesten har doblet rivningsstyrken til Brokk-maskiner de siste 10 \u00e5rene, og den &laquo;lave sikringen&raquo; vi har p\u00e5 noen maskiner slik at de kan kj\u00f8re p\u00e5 mindre str\u00f8m p\u00e5 arbeidsplasser n\u00e5r dette er begrenset. Dette er det vi kaller ingeni\u00f8rarbeid for &laquo;real life&raquo;.<\/p>\n","protected":false},"excerpt":{"rendered":"<p>I over 40 \u00e5r har Brokk ledet innovasjonen for rivningsroboter, og fortsetter \u00e5 gj\u00f8re det i dag. Opprinnelsen til Brokk og begrepet fjernstyrte rivningsmaskiner\/rivningsroboter kommer fra to gr\u00fcndere som \u00f8nsker \u00e5 l\u00f8se virkelige utfordringer de m\u00f8tte p\u00e5 sine arbeidsplasser. Denne\u2026<\/p>\n","protected":false},"author":8,"featured_media":0,"parent":3001,"menu_order":89,"comment_status":"closed","ping_status":"closed","template":"page-templates\/common.php","meta":{"_acf_changed":false,"_relevanssi_hide_post":"","_relevanssi_hide_content":"","_relevanssi_pin_for_all":"","_relevanssi_pin_keywords":"","_relevanssi_unpin_keywords":"","_relevanssi_related_keywords":"","_relevanssi_related_include_ids":"","_relevanssi_related_exclude_ids":"","_relevanssi_related_no_append":"","_relevanssi_related_not_related":"","_relevanssi_related_posts":"","_relevanssi_noindex_reason":"","footnotes":""},"class_list":["post-3014","page","type-page","status-publish","hentry"],"acf":[],"yoast_head":"<!-- This site is optimized with the Yoast SEO plugin v27.3 - https:\/\/yoast.com\/product\/yoast-seo-wordpress\/ -->\n<title>Forskning og utvikling - Brokk Norge<\/title>\n<meta name=\"robots\" content=\"index, follow, max-snippet:-1, max-image-preview:large, max-video-preview:-1\" \/>\n<link rel=\"canonical\" href=\"https:\/\/www.brokk.com\/no\/om-brokk\/r-og-d\/\" \/>\n<meta property=\"og:locale\" content=\"nb_NO\" \/>\n<meta property=\"og:type\" content=\"article\" \/>\n<meta property=\"og:title\" content=\"Forskning og utvikling - Brokk Norge\" \/>\n<meta property=\"og:description\" content=\"I over 40 \u00e5r har Brokk ledet innovasjonen for rivningsroboter, og fortsetter \u00e5 gj\u00f8re det i dag. Opprinnelsen til Brokk og begrepet fjernstyrte rivningsmaskiner\/rivningsroboter kommer fra to gr\u00fcndere som \u00f8nsker \u00e5 l\u00f8se virkelige utfordringer de m\u00f8tte p\u00e5 sine arbeidsplasser. Denne\u2026\" \/>\n<meta property=\"og:url\" content=\"https:\/\/www.brokk.com\/no\/om-brokk\/r-og-d\/\" \/>\n<meta property=\"og:site_name\" content=\"Brokk Norge\" \/>\n<meta property=\"article:modified_time\" content=\"2018-11-02T06:48:22+00:00\" \/>\n<meta property=\"og:image\" content=\"https:\/\/www.brokk.com\/no\/uploads\/sites\/3\/2018\/03\/r-and-d_hero.jpg\" \/>\n\t<meta property=\"og:image:width\" content=\"2560\" \/>\n\t<meta property=\"og:image:height\" content=\"1096\" \/>\n\t<meta property=\"og:image:type\" content=\"image\/jpeg\" \/>\n<meta name=\"twitter:card\" content=\"summary_large_image\" \/>\n<meta name=\"twitter:label1\" content=\"Ansl. lesetid\" \/>\n\t<meta name=\"twitter:data1\" content=\"1 minutt\" \/>\n<script type=\"application\/ld+json\" class=\"yoast-schema-graph\">{\"@context\":\"https:\\\/\\\/schema.org\",\"@graph\":[{\"@type\":\"WebPage\",\"@id\":\"https:\\\/\\\/www.brokk.com\\\/no\\\/om-brokk\\\/r-og-d\\\/\",\"url\":\"https:\\\/\\\/www.brokk.com\\\/no\\\/om-brokk\\\/r-og-d\\\/\",\"name\":\"Forskning og utvikling - Brokk Norge\",\"isPartOf\":{\"@id\":\"https:\\\/\\\/www.brokk.com\\\/no\\\/#website\"},\"datePublished\":\"2018-04-06T08:28:56+00:00\",\"dateModified\":\"2018-11-02T06:48:22+00:00\",\"breadcrumb\":{\"@id\":\"https:\\\/\\\/www.brokk.com\\\/no\\\/om-brokk\\\/r-og-d\\\/#breadcrumb\"},\"inLanguage\":\"nb-NO\",\"potentialAction\":[{\"@type\":\"ReadAction\",\"target\":[\"https:\\\/\\\/www.brokk.com\\\/no\\\/om-brokk\\\/r-og-d\\\/\"]}]},{\"@type\":\"BreadcrumbList\",\"@id\":\"https:\\\/\\\/www.brokk.com\\\/no\\\/om-brokk\\\/r-og-d\\\/#breadcrumb\",\"itemListElement\":[{\"@type\":\"ListItem\",\"position\":1,\"name\":\"Home\",\"item\":\"https:\\\/\\\/www.brokk.com\\\/no\\\/home\\\/\"},{\"@type\":\"ListItem\",\"position\":2,\"name\":\"Om Brokk\",\"item\":\"https:\\\/\\\/www.brokk.com\\\/no\\\/om-brokk\\\/\"},{\"@type\":\"ListItem\",\"position\":3,\"name\":\"Forskning og utvikling\"}]},{\"@type\":\"WebSite\",\"@id\":\"https:\\\/\\\/www.brokk.com\\\/no\\\/#website\",\"url\":\"https:\\\/\\\/www.brokk.com\\\/no\\\/\",\"name\":\"Brokk Norge\",\"description\":\"\",\"potentialAction\":[{\"@type\":\"SearchAction\",\"target\":{\"@type\":\"EntryPoint\",\"urlTemplate\":\"https:\\\/\\\/www.brokk.com\\\/no\\\/?s={search_term_string}\"},\"query-input\":{\"@type\":\"PropertyValueSpecification\",\"valueRequired\":true,\"valueName\":\"search_term_string\"}}],\"inLanguage\":\"nb-NO\"}]}<\/script>\n<!-- \/ Yoast SEO plugin. -->","yoast_head_json":{"title":"Forskning og utvikling - Brokk Norge","robots":{"index":"index","follow":"follow","max-snippet":"max-snippet:-1","max-image-preview":"max-image-preview:large","max-video-preview":"max-video-preview:-1"},"canonical":"https:\/\/www.brokk.com\/no\/om-brokk\/r-og-d\/","og_locale":"nb_NO","og_type":"article","og_title":"Forskning og utvikling - Brokk Norge","og_description":"I over 40 \u00e5r har Brokk ledet innovasjonen for rivningsroboter, og fortsetter \u00e5 gj\u00f8re det i dag. Opprinnelsen til Brokk og begrepet fjernstyrte rivningsmaskiner\/rivningsroboter kommer fra to gr\u00fcndere som \u00f8nsker \u00e5 l\u00f8se virkelige utfordringer de m\u00f8tte p\u00e5 sine arbeidsplasser. Denne\u2026","og_url":"https:\/\/www.brokk.com\/no\/om-brokk\/r-og-d\/","og_site_name":"Brokk Norge","article_modified_time":"2018-11-02T06:48:22+00:00","og_image":[{"width":2560,"height":1096,"url":"https:\/\/www.brokk.com\/no\/uploads\/sites\/3\/2018\/03\/r-and-d_hero.jpg","type":"image\/jpeg"}],"twitter_card":"summary_large_image","twitter_misc":{"Ansl. lesetid":"1 minutt"},"schema":{"@context":"https:\/\/schema.org","@graph":[{"@type":"WebPage","@id":"https:\/\/www.brokk.com\/no\/om-brokk\/r-og-d\/","url":"https:\/\/www.brokk.com\/no\/om-brokk\/r-og-d\/","name":"Forskning og utvikling - Brokk Norge","isPartOf":{"@id":"https:\/\/www.brokk.com\/no\/#website"},"datePublished":"2018-04-06T08:28:56+00:00","dateModified":"2018-11-02T06:48:22+00:00","breadcrumb":{"@id":"https:\/\/www.brokk.com\/no\/om-brokk\/r-og-d\/#breadcrumb"},"inLanguage":"nb-NO","potentialAction":[{"@type":"ReadAction","target":["https:\/\/www.brokk.com\/no\/om-brokk\/r-og-d\/"]}]},{"@type":"BreadcrumbList","@id":"https:\/\/www.brokk.com\/no\/om-brokk\/r-og-d\/#breadcrumb","itemListElement":[{"@type":"ListItem","position":1,"name":"Home","item":"https:\/\/www.brokk.com\/no\/home\/"},{"@type":"ListItem","position":2,"name":"Om Brokk","item":"https:\/\/www.brokk.com\/no\/om-brokk\/"},{"@type":"ListItem","position":3,"name":"Forskning og utvikling"}]},{"@type":"WebSite","@id":"https:\/\/www.brokk.com\/no\/#website","url":"https:\/\/www.brokk.com\/no\/","name":"Brokk Norge","description":"","potentialAction":[{"@type":"SearchAction","target":{"@type":"EntryPoint","urlTemplate":"https:\/\/www.brokk.com\/no\/?s={search_term_string}"},"query-input":{"@type":"PropertyValueSpecification","valueRequired":true,"valueName":"search_term_string"}}],"inLanguage":"nb-NO"}]}},"_links":{"self":[{"href":"https:\/\/www.brokk.com\/no\/wp-json\/wp\/v2\/pages\/3014","targetHints":{"allow":["GET"]}}],"collection":[{"href":"https:\/\/www.brokk.com\/no\/wp-json\/wp\/v2\/pages"}],"about":[{"href":"https:\/\/www.brokk.com\/no\/wp-json\/wp\/v2\/types\/page"}],"author":[{"embeddable":true,"href":"https:\/\/www.brokk.com\/no\/wp-json\/wp\/v2\/users\/8"}],"replies":[{"embeddable":true,"href":"https:\/\/www.brokk.com\/no\/wp-json\/wp\/v2\/comments?post=3014"}],"version-history":[{"count":3,"href":"https:\/\/www.brokk.com\/no\/wp-json\/wp\/v2\/pages\/3014\/revisions"}],"predecessor-version":[{"id":3391,"href":"https:\/\/www.brokk.com\/no\/wp-json\/wp\/v2\/pages\/3014\/revisions\/3391"}],"up":[{"embeddable":true,"href":"https:\/\/www.brokk.com\/no\/wp-json\/wp\/v2\/pages\/3001"}],"wp:attachment":[{"href":"https:\/\/www.brokk.com\/no\/wp-json\/wp\/v2\/media?parent=3014"}],"curies":[{"name":"wp","href":"https:\/\/api.w.org\/{rel}","templated":true}]}}